{"id":14069,"date":"2023-11-08T15:54:18","date_gmt":"2023-11-08T15:54:18","guid":{"rendered":"https:\/\/moverdb.com\/freight-forwarder\/freight-forwarding-uk\/berkshire-freight-forwarder\/"},"modified":"2026-01-08T14:55:54","modified_gmt":"2026-01-08T14:55:54","slug":"berkshire-freight-forwarder","status":"publish","type":"page","link":"https:\/\/moverdb.com\/fi\/freight-forwarder\/freight-forwarding-uk\/berkshire-freight-forwarder\/","title":{"rendered":"2 Parhaat Berkshiren huolintaliikkeet (2024)"},"content":{"rendered":"<p>Seuraavassa tarkastellaan 2 <em>\"paras\"<\/em> Rahti huolinta yritykset Berkshire ulos 4.<\/p>\n<p>Jos haluat lis\u00e4tietoja siit\u00e4, miten valitsimme parhaat, tutustu lopussa olevaan FAQ-osioon.<\/p>\n<p><em>Huomaa, ett\u00e4 seuraavat luettelot eiv\u00e4t ole tietyss\u00e4 j\u00e4rjestyksess\u00e4, emmek\u00e4 suosittele mit\u00e4\u00e4n tietty\u00e4 yrityst\u00e4.<\/em><\/p>\n<h2>GOT FREIGHT LTD<\/h2>\n<p><img decoding=\"async\" src=\"https:\/\/moverdb.com\/wp-content\/uploads\/AF1QipNVv3kZtfouhvgMSdKY38N824IaTSbCgXeuEdePw408-h271-k-no.jpg\" alt='GOT FREIGHT LTD' class=\"aligncenter\"><\/p>\n<p><strong>Kuvaus yrityksest\u00e4: <\/strong>GOT Freight perustettiin kysytty\u00e4mme, miten voisimme tehd\u00e4 sen paremmin.<\/p>\n<p> T\u00e4m\u00e4 on siit\u00e4 l\u00e4htien pysynyt GOT Freightin keskeisen\u00e4 eettisen\u00e4 periaatteena, jonka mukaan GOT Freight investoi asiakkaiden ja kumppaneiden tarpeisiin r\u00e4\u00e4t\u00e4l\u00f6id\u00e4kseen jokaisen asiakkaan omat liiketoimintavaatimukset.<\/p>\n<p> Investoimme jatkuvasti uudelleen ty\u00f6ntekij\u00f6ihimme, omaisuuteemme ja palveluihimme, jotta voimme parantaa asiakastukea ja tarjota parhaan mahdollisen ratkaisun yksil\u00f6llisten tarpeiden mukaan, ja pyrimme ylitt\u00e4m\u00e4\u00e4n logistiset odotukset.<\/p>\n<p>Tulliratkaisuista ja -tarpeista on tullut entist\u00e4 t\u00e4rke\u00e4mpi\u00e4, jotta voidaan tukea asiakkaiden tarpeita pysy\u00e4 kilpailukykyisin\u00e4 uudessa maailmassa. <a href=\"https:\/\/moverdb.com\/fi\/moving-to-the-uk\/\" data-internallinksmanager029f6b8e52c=\"93\" title=\"Muutatko Yhdistyneeseen kuningaskuntaan? 2022 Elinkustannukset ja muuttovinkit\">UK<\/a>, eurooppalainen suhde.<\/p>\n<p> GOT Freightin oikeilla ratkaisuilla ja tuella voit todella pysy\u00e4 kilpailukykyisen\u00e4 ja hallinnassa.<\/p>\n<p><strong>Lis\u00e4palvelut:<\/strong><\/p>\n<p>Ei ole lueteltu<\/p>\n<p><strong>Osoite:<\/strong> 18, Britannia Industrial Estate, Colnbrook, Berkshire SL3 0BH<\/p>\n<p><a href=\"http:\/\/gotfreight.co.uk\/\" target=\"_new\" rel=\"noopener\">GOT FREIGHT LTD:n verkkosivusto<\/a><\/p>\n<p><strong>Arvostelupisteet: <\/strong>5<br \/> <strong>Arvostelujen m\u00e4\u00e4r\u00e4:<\/strong> 1<br \/><a href=\"https:\/\/www.google.co.uk\/maps?cid=15877510126018041475&#038;hl=en&#038;gl=GB\" target=\"_new\" rel=\"noopener\">Lue arvosteluja<\/a><\/p>\n<h2>Chiltern Air Freight Ltd<\/h2>\n<p><img decoding=\"async\" src=\"https:\/\/moverdb.com\/wp-content\/uploads\/AF1QipMl_zWDRCmgX7U6emt_NoSD7Uy5HYhlOQDn7Hdpw408-h306-k-no.jpg\" alt='Chiltern Air Freight Ltd' class=\"aligncenter\"><\/p>\n<p><strong>Kuvaus yrityksest\u00e4: <\/strong>Ei toimitettu<\/p>\n<p><strong>Lis\u00e4palvelut:<\/strong><\/p>\n<p>Ei ole lueteltu<\/p>\n<p><strong>Osoite:<\/strong> Wraysbury House, Poyle Road Slough, Colnbrook, Berkshire SL3 0AY.<\/p>\n<p><a href=\"http:\/\/www.chilternairfreight.co.uk\/\" target=\"_new\" rel=\"noopener\">Chiltern Air Freight Ltd:n verkkosivusto<\/a><\/p>\n<p><strong>Arvostelupisteet: <\/strong>5<br \/> <strong>Arvostelujen m\u00e4\u00e4r\u00e4:<\/strong> 4<br \/><a href=\"https:\/\/www.google.co.uk\/maps?cid=3996653946372571696&#038;hl=en&#038;gl=GB\" target=\"_new\" rel=\"noopener\">Lue arvosteluja<\/a><\/p>\n<h2>Miten valitsimme parhaat Berkshiren huolintayritykset?<\/h2>\n<p>Aloitimme Google Mapsin kautta l\u00f6yt\u00e4m\u00e4mme 4 Berkshiren rahdinkuljetusyhti\u00f6n tietokannasta ja rajasimme ne kahteen parhaaseen.<\/p>\n<p>T\u00e4t\u00e4 varten poistimme kaikki yritykset, jotka:<\/p>\n<ul>\n<li> Ei ollut verkkosivustoa<\/li>\n<li> Ei ollut arvosteluja<\/li>\n<li> Arvostelujen keskiarvo oli alle 2,0<\/li>\n<\/ul>\n<p>T\u00e4ss\u00e4 vaiheessa, jos meill\u00e4 oli 17 tai v\u00e4hemm\u00e4n huolitsijoita, luetteloimme ne kaikki.<\/p>\n<p>Niihin kaupunkeihin, joissa oli yli 17 huolitsijaa, tehtiin lis\u00e4tarkistuksia joko nostamalla vaadittua arvostelupistem\u00e4\u00e4r\u00e4\u00e4 (esim. nostamalla arvostelujen v\u00e4himm\u00e4ism\u00e4\u00e4r\u00e4 2,0:sta 4,0:aan) ja\/tai nostamalla vaadittujen arvostelujen v\u00e4himm\u00e4ism\u00e4\u00e4r\u00e4\u00e4 (esim. nostamalla arvostelujen v\u00e4himm\u00e4ism\u00e4\u00e4r\u00e4 yhdest\u00e4 arvostelusta v\u00e4hint\u00e4\u00e4n kymmeneen).<\/p>\n<p>Huomaa, ett\u00e4 k\u00e4ytimme vain Google Mapsin tarkistustietoja, emme mink\u00e4\u00e4n muun kolmannen osapuolen verkkosivustoja.<\/p>\n<p>Lis\u00e4\u00e4 kaupunkeja:<\/p>\n<p><a href=\"https:\/\/moverdb.com\/fi\/huolitsija\/freight-forwarding-uk\/uxbridge-freight-forwarder\/\">Uxbridge huolitsija<\/a><br \/><a href=\"https:\/\/moverdb.com\/fi\/huolitsija\/freight-forwarding-uk\/leyland-freight-forwarder\/\">Leylandin huolitsija<\/a><br \/><a href=\"https:\/\/moverdb.com\/fi\/huolitsija\/freight-forwarding-uk\/cheadle-freight-forwarder\/\">Cheadle huolitsija<\/a><br \/><a href=\"https:\/\/moverdb.com\/fi\/huolitsija\/freight-forwarding-uk\/oldbury-freight-forwarder\/\">Oldbury huolitsija<\/a><br \/><a href=\"https:\/\/moverdb.com\/fi\/huolitsija\/freight-forwarding-uk\/chertsey-freight-forwarder\/\">Chertseyn huolitsija<\/a><\/p>","protected":false},"excerpt":{"rendered":"<p>Below we look at the 2 &#8220;best&#8221; Freight Forwarding companies in Berkshire out of 4. To learn more about how we chose the best please consult our FAQ section at the end. Please not the following listings are in no particular order and we are not making any recommendations for any particular company. GOT FREIGHT [&hellip;]<\/p>\n","protected":false},"author":1,"featured_media":0,"parent":13427,"menu_order":0,"comment_status":"open","ping_status":"open","template":"","meta":{"_genesis_hide_title":false,"_genesis_hide_breadcrumbs":false,"_genesis_hide_singular_image":false,"_genesis_hide_footer_widgets":false,"_genesis_custom_body_class":"","_genesis_custom_post_class":"","_genesis_layout":"","footnotes":""},"class_list":{"0":"post-14069","1":"page","2":"type-page","3":"status-publish","5":"entry"},"_links":{"self":[{"href":"https:\/\/moverdb.com\/fi\/wp-json\/wp\/v2\/pages\/14069","targetHints":{"allow":["GET"]}}],"collection":[{"href":"https:\/\/moverdb.com\/fi\/wp-json\/wp\/v2\/pages"}],"about":[{"href":"https:\/\/moverdb.com\/fi\/wp-json\/wp\/v2\/types\/page"}],"author":[{"embeddable":true,"href":"https:\/\/moverdb.com\/fi\/wp-json\/wp\/v2\/users\/1"}],"replies":[{"embeddable":true,"href":"https:\/\/moverdb.com\/fi\/wp-json\/wp\/v2\/comments?post=14069"}],"version-history":[{"count":1,"href":"https:\/\/moverdb.com\/fi\/wp-json\/wp\/v2\/pages\/14069\/revisions"}],"predecessor-version":[{"id":15704,"href":"https:\/\/moverdb.com\/fi\/wp-json\/wp\/v2\/pages\/14069\/revisions\/15704"}],"up":[{"embeddable":true,"href":"https:\/\/moverdb.com\/fi\/wp-json\/wp\/v2\/pages\/13427"}],"wp:attachment":[{"href":"https:\/\/moverdb.com\/fi\/wp-json\/wp\/v2\/media?parent=14069"}],"curies":[{"name":"wp","href":"https:\/\/api.w.org\/{rel}","templated":true}]}}