{"id":14043,"date":"2023-11-08T15:54:18","date_gmt":"2023-11-08T15:54:18","guid":{"rendered":"https:\/\/moverdb.com\/freight-forwarder\/freight-forwarding-uk\/wembley-freight-forwarder\/"},"modified":"2026-01-08T14:58:43","modified_gmt":"2026-01-08T14:58:43","slug":"wembley-freight-forwarder","status":"publish","type":"page","link":"https:\/\/moverdb.com\/fi\/freight-forwarder\/freight-forwarding-uk\/wembley-freight-forwarder\/","title":{"rendered":"2 parasta Wembleyn huolintayhti\u00f6t\u00e4 (2024)"},"content":{"rendered":"<p>Seuraavassa tarkastellaan 2 <em>\"paras\"<\/em> Rahti huolinta yritykset Wembley ulos 8.<\/p>\n<p>Jos haluat lis\u00e4tietoja siit\u00e4, miten valitsimme parhaat, tutustu lopussa olevaan FAQ-osioon.<\/p>\n<p><em>Huomaa, ett\u00e4 seuraavat luettelot eiv\u00e4t ole tietyss\u00e4 j\u00e4rjestyksess\u00e4, emmek\u00e4 suosittele mit\u00e4\u00e4n tietty\u00e4 yrityst\u00e4.<\/em><\/p>\n<h2>Air Cargo Global Kenya (www.Kenya-AirCargo.com)<\/h2>\n<p><img decoding=\"async\" src=\"https:\/\/moverdb.com\/wp-content\/uploads\/AF1QipOJY_kDodVzmgJtYC-sWixwmPVY3CyvwDW6i-MZw426-h240-k-no.jpg\" alt='Air Cargo Global Kenya (www.Kenya-AirCargo.com)' class=\"aligncenter\"><\/p>\n<p><strong>Kuvaus yrityksest\u00e4: <\/strong>Air Cargo Globalissa <a href=\"https:\/\/moverdb.com\/fi\/moving-companies\/moving-companies-kenya\/\" data-internallinksmanager029f6b8e52c=\"305\" title=\"4 parasta kansainv\u00e4list\u00e4 muuttoliikett\u00e4 Keniassa\">Kenia<\/a> tarjoamme johtavaa rahtiliikennett\u00e4 Keniaan, joka on kustannustehokasta ja turvallista.<\/p>\n<p> Olemme ylpeit\u00e4 siit\u00e4, ett\u00e4 voimme tarjota ovelta ovelle kuljetuksen Keniaan, tarvitsetpa sitten lentorahtia tai merirahtia henkil\u00f6kunnan tavaroille, verkkokaupoille, ylim\u00e4\u00e4r\u00e4isille matkatavaroille tai kaupalliselle rahdille.<\/p>\n<p>Tarjoamme:<\/p>\n<p>Rahti Keniaan<br \/>\nRahti Zimbabween<br \/>\nRahti Ugandaan<br \/>\nRahti Somaliaan<br \/>\nRahti Afrikkaan<br \/>\nRahti Ruandaan<br \/>\nLentorahtia Angolaan<br \/>\nLentorahtia kohteeseen <a href=\"https:\/\/moverdb.com\/fi\/moving-companies\/burkina-faso-moving-companies\/\" data-internallinksmanager029f6b8e52c=\"221\" title=\"Parhaat kansainv\u00e4liset muuttofirmat Burkina Fasossa\">Burkina Faso<\/a><br \/>\nLentorahtia Beniniin<br \/>\nLentorahtia kohteeseen <a href=\"https:\/\/moverdb.com\/fi\/moving-companies\/botswana-moving-companies\/\" data-internallinksmanager029f6b8e52c=\"167\" title=\"Parhaat kansainv\u00e4liset muuttofirmat Botswanassa\">Botswana<\/a><br \/>\nLentorahtia Keski-Afrikan tasavaltaan<br \/>\nLentorahtia Norsunluurannikolle<br \/>\nLentorahtia kohteeseen <a href=\"https:\/\/moverdb.com\/fi\/moving-companies\/cameroon-moving-companies\/\" data-internallinksmanager029f6b8e52c=\"222\" title=\"Parhaat kansainv\u00e4liset muuttoliikkeet Kamerunissa\">Kamerun<\/a><br \/>\nLentorahtia kohteeseen <a href=\"https:\/\/moverdb.com\/fi\/moving-companies\/algeria\/\" data-internallinksmanager029f6b8e52c=\"166\" title=\"3 parasta kansainv\u00e4list\u00e4 muuttofirmaa Algeriassa\">Algeria<\/a><br \/>\nLentorahtia kohteeseen <a href=\"https:\/\/moverdb.com\/fi\/moving-companies\/egypt-moving-companies\/\" data-internallinksmanager029f6b8e52c=\"200\" title=\"11 parasta kansainv\u00e4list\u00e4 muuttoa harjoittavaa yrityst\u00e4 Egyptiss\u00e4\">Egypti<\/a><br \/>\nLentorahtia L\u00e4nsi-Saharaan<br \/>\nLentorahtia kohteeseen <a href=\"https:\/\/moverdb.com\/fi\/moving-companies\/moving-companies-ethiopia\/\" data-internallinksmanager029f6b8e52c=\"214\" title=\"5 parasta kansainv\u00e4list\u00e4 muuttoliikett\u00e4 Etiopiassa toimivaa yrityst\u00e4\">Etiopia<\/a><br \/>\nLentorahtia Gaboniin<br \/>\nLentorahtia kohteeseen <a href=\"https:\/\/moverdb.com\/fi\/moving-companies\/moving-companies-ghana\/\" data-internallinksmanager029f6b8e52c=\"228\" title=\"2 parasta kansainv\u00e4list\u00e4 muuttoa Ghanassa\">Ghana<\/a><br \/>\nLentorahtia Gambiaan<\/p>\n<p><strong>Lis\u00e4palvelut:<\/strong><\/p>\n<p>Kuriiripalvelu<\/p>\n<p><strong>Osoite:<\/strong> Wembley Park Business Centre, Access, First Way, Wembley HA9 0JD<\/p>\n<p><a href=\"http:\/\/www.kenya-aircargo.com\/\" target=\"_new\" rel=\"noopener\">Air Cargo Global Kenya (www.Kenya-AirCargo.com) verkkosivusto<\/a><\/p>\n<p><strong>Arvostelupisteet: <\/strong>4.3<br \/> <strong>Arvostelujen m\u00e4\u00e4r\u00e4:<\/strong> 11<br \/><a href=\"https:\/\/www.google.co.uk\/maps?cid=18136524815790858633&#038;hl=en&#038;gl=GB\" target=\"_new\" rel=\"noopener\">Lue arvosteluja<\/a><\/p>\n<h2>Arab Africa Cargo Ltd (DHL Express, Rahti L\u00e4hi-it\u00e4\u00e4n, Afrikkaan )<\/h2>\n<p><img decoding=\"async\" src=\"https:\/\/moverdb.com\/wp-content\/uploads\/AF1QipMecEC7NKx9s8WtQBwD4kH-jRmke_zzboxdmd5-w648-h240-k-no.jpg\" alt='Arab Africa Cargo Ltd (DHL Express, Rahti L\u00e4hi-it\u00e4\u00e4n, Afrikkaan )' class=\"aligncenter\"><\/p>\n<p><strong>Kuvaus yrityksest\u00e4: <\/strong>Arab Africa Cargo tarjoaa nopeaa ja turvallista lentorahtia ja DHL Express -palveluita. <a href=\"https:\/\/moverdb.com\/fi\/moving-to-the-uk\/\" data-internallinksmanager029f6b8e52c=\"93\" title=\"Muutatko Yhdistyneeseen kuningaskuntaan? 2022 Elinkustannukset ja muuttovinkit\">UK<\/a> ja Euroopasta L\u00e4hi-it\u00e4\u00e4n, Afrikkaan, Aasiaan ja muualle maailmaan.<\/p>\n<p> Tarjoamme t\u00e4ysin kattavan palveluvalikoiman kaikilla reiteill\u00e4, mukaan lukien pikakuljetukset ja suorat kuljetukset.<\/p>\n<p> Jos aika ei kuitenkaan salli, voimme tarjota my\u00f6s vaihtoehtoisia ratkaisuja, kuten lyk\u00e4ttyj\u00e4 ja konsolidoituja palveluja, jotta kustannukset ja m\u00e4\u00e4r\u00e4ajat voidaan sovittaa yhteen.<\/p>\n<p>Olemme auttaneet asiakkaitamme siirt\u00e4m\u00e4\u00e4n henkil\u00f6kohtaista ja kaupallista rahtia, olipa kyse sitten ylim\u00e4\u00e4r\u00e4isist\u00e4 matkatavaroista tai kuormalavoista lentorahtina muualle maailmaan.<\/p>\n<p>+442030027757<\/p>\n<p><strong>Lis\u00e4palvelut:<\/strong><\/p>\n<p>Kuriiripalvelu<\/p>\n<p><strong>Osoite:<\/strong> Access Business Centre, First Way, Wembley HA9 0JD<\/p>\n<p><a href=\"http:\/\/arabafricacargo.com\/\" target=\"_new\" rel=\"noopener\">Arab Africa Cargo Ltd (DHL Express, Rahti L\u00e4hi-it\u00e4\u00e4n, Afrikkaan ) verkkosivusto<\/a><\/p>\n<p><strong>Arvostelupisteet: <\/strong>4.5<br \/> <strong>Arvostelujen m\u00e4\u00e4r\u00e4:<\/strong> 8<br \/><a href=\"https:\/\/www.google.co.uk\/maps?cid=2013360732440905948&#038;hl=en&#038;gl=GB\" target=\"_new\" rel=\"noopener\">Lue arvosteluja<\/a><\/p>\n<h2>Miten valitsimme parhaat Wembleyn huolintayritykset?<\/h2>\n<p>Aloitimme Google Mapsin kautta l\u00f6yt\u00e4m\u00e4mme 8 Wembleyn rahdinkuljetusyrityksen aineistosta ja rajasimme ne kahteen parhaaseen.<\/p>\n<p>T\u00e4t\u00e4 varten poistimme kaikki yritykset, jotka:<\/p>\n<ul>\n<li> Ei ollut verkkosivustoa<\/li>\n<li> Ei ollut arvosteluja<\/li>\n<li> Arvostelujen keskiarvo oli alle 2,0<\/li>\n<\/ul>\n<p>T\u00e4ss\u00e4 vaiheessa, jos meill\u00e4 oli 17 tai v\u00e4hemm\u00e4n huolitsijoita, luetteloimme ne kaikki.<\/p>\n<p>Niihin kaupunkeihin, joissa oli yli 17 huolitsijaa, tehtiin lis\u00e4tarkistuksia joko nostamalla vaadittua arvostelupistem\u00e4\u00e4r\u00e4\u00e4 (esim. nostamalla arvostelujen v\u00e4himm\u00e4ism\u00e4\u00e4r\u00e4 2,0:sta 4,0:aan) ja\/tai nostamalla vaadittujen arvostelujen v\u00e4himm\u00e4ism\u00e4\u00e4r\u00e4\u00e4 (esim. nostamalla arvostelujen v\u00e4himm\u00e4ism\u00e4\u00e4r\u00e4 yhdest\u00e4 arvostelusta v\u00e4hint\u00e4\u00e4n kymmeneen).<\/p>\n<p>Huomaa, ett\u00e4 k\u00e4ytimme vain Google Mapsin tarkistustietoja, emme mink\u00e4\u00e4n muun kolmannen osapuolen verkkosivustoja.<\/p>\n<p>Lis\u00e4\u00e4 kaupunkeja:<\/p>\n<p><a href=\"https:\/\/moverdb.com\/fi\/huolitsija\/freight-forwarding-uk\/hockley-freight-forwarder\/\">Hockley huolitsija<\/a><br \/><a href=\"https:\/\/moverdb.com\/fi\/huolitsija\/freight-forwarding-uk\/fareham-freight-forwarder\/\">Farehamin huolitsija<\/a><br \/><a href=\"https:\/\/moverdb.com\/fi\/huolitsija\/freight-forwarding-uk\/normanton-freight-forwarder\/\">Normantonin huolitsija<\/a><br \/><a href=\"https:\/\/moverdb.com\/fi\/huolitsija\/freight-forwarding-uk\/solihull-freight-forwarder\/\">Solihullin huolitsija<\/a><br \/><a href=\"https:\/\/moverdb.com\/fi\/huolitsija\/freight-forwarding-uk\/cleckheaton-freight-forwarder\/\">Cleckheaton huolitsija<\/a><\/p>","protected":false},"excerpt":{"rendered":"<p>Below we look at the 2 &#8220;best&#8221; Freight Forwarding companies in Wembley out of 8. To learn more about how we chose the best please consult our FAQ section at the end. Please not the following listings are in no particular order and we are not making any recommendations for any particular company. Air Cargo [&hellip;]<\/p>\n","protected":false},"author":1,"featured_media":0,"parent":13427,"menu_order":0,"comment_status":"open","ping_status":"open","template":"","meta":{"_genesis_hide_title":false,"_genesis_hide_breadcrumbs":false,"_genesis_hide_singular_image":false,"_genesis_hide_footer_widgets":false,"_genesis_custom_body_class":"","_genesis_custom_post_class":"","_genesis_layout":"","footnotes":""},"class_list":{"0":"post-14043","1":"page","2":"type-page","3":"status-publish","5":"entry"},"_links":{"self":[{"href":"https:\/\/moverdb.com\/fi\/wp-json\/wp\/v2\/pages\/14043","targetHints":{"allow":["GET"]}}],"collection":[{"href":"https:\/\/moverdb.com\/fi\/wp-json\/wp\/v2\/pages"}],"about":[{"href":"https:\/\/moverdb.com\/fi\/wp-json\/wp\/v2\/types\/page"}],"author":[{"embeddable":true,"href":"https:\/\/moverdb.com\/fi\/wp-json\/wp\/v2\/users\/1"}],"replies":[{"embeddable":true,"href":"https:\/\/moverdb.com\/fi\/wp-json\/wp\/v2\/comments?post=14043"}],"version-history":[{"count":1,"href":"https:\/\/moverdb.com\/fi\/wp-json\/wp\/v2\/pages\/14043\/revisions"}],"predecessor-version":[{"id":15756,"href":"https:\/\/moverdb.com\/fi\/wp-json\/wp\/v2\/pages\/14043\/revisions\/15756"}],"up":[{"embeddable":true,"href":"https:\/\/moverdb.com\/fi\/wp-json\/wp\/v2\/pages\/13427"}],"wp:attachment":[{"href":"https:\/\/moverdb.com\/fi\/wp-json\/wp\/v2\/media?parent=14043"}],"curies":[{"name":"wp","href":"https:\/\/api.w.org\/{rel}","templated":true}]}}