{"id":14040,"date":"2023-11-08T15:54:18","date_gmt":"2023-11-08T15:54:18","guid":{"rendered":"https:\/\/moverdb.com\/freight-forwarder\/freight-forwarding-uk\/newport-freight-forwarder\/"},"modified":"2026-01-08T14:58:12","modified_gmt":"2026-01-08T14:58:12","slug":"newport-freight-forwarder","status":"publish","type":"page","link":"https:\/\/moverdb.com\/fi\/freight-forwarder\/freight-forwarding-uk\/newport-freight-forwarder\/","title":{"rendered":"2 Parhaat Newportin huolintaliikkeet (2024)"},"content":{"rendered":"<p>Seuraavassa tarkastellaan 2 <em>\"paras\"<\/em> Rahtihuolto yritykset Newportissa pois 7.<\/p>\n<p>Jos haluat lis\u00e4tietoja siit\u00e4, miten valitsimme parhaat, tutustu lopussa olevaan FAQ-osioon.<\/p>\n<p><em>Huomaa, ett\u00e4 seuraavat luettelot eiv\u00e4t ole tietyss\u00e4 j\u00e4rjestyksess\u00e4, emmek\u00e4 suosittele mit\u00e4\u00e4n tietty\u00e4 yrityst\u00e4.<\/em><\/p>\n<h2>GP Logistics Ltd Newport<\/h2>\n<p><img decoding=\"async\" src=\"https:\/\/moverdb.com\/wp-content\/uploads\/thumbnailpanoidseKIloYPo-hY9hlq5dRCjAcb_clientsearch.gws-prod.gpsw408h240yaw47.jpg\" alt='GP Logistics Ltd Newport' class=\"aligncenter\"><\/p>\n<p><strong>Kuvaus yrityksest\u00e4: <\/strong>Riippumattomat huolinta- ja projektikuljetusratkaisut<\/p>\n<p>Huomaa, ett\u00e4 emme tarjoa toimituspalveluja v\u00e4hitt\u00e4iskauppiaille tai verkkosivuille.<\/p>\n<p> On olemassa yritys, jolla on samanniminen nimi (GP Logistic Services) kuin meill\u00e4, mutta meill\u00e4 ei ole mit\u00e4\u00e4n yhteytt\u00e4 siihen.<\/p>\n<p><strong>Lis\u00e4palvelut:<\/strong><\/p>\n<p>Ei ole lueteltu<\/p>\n<p><strong>Osoite:<\/strong> IMPERIAL PARK, GCELL Building, S Lake Dr, Newport NP10 8AS<\/p>\n<p><a href=\"http:\/\/www.gp-logistics.co.uk\/\" target=\"_new\" rel=\"noopener\">GP Logistics Ltd Newportin verkkosivusto<\/a><\/p>\n<p><strong>Arvostelupisteet: <\/strong>2.1<br \/> <strong>Arvostelujen m\u00e4\u00e4r\u00e4:<\/strong> 11<br \/><a href=\"https:\/\/www.google.co.uk\/maps?cid=2722381763954114553&#038;hl=en&#038;gl=GB\" target=\"_new\" rel=\"noopener\">Lue arvosteluja<\/a><\/p>\n<h2>JP Logistics Solutions<\/h2>\n<p><img decoding=\"async\" src=\"https:\/\/moverdb.com\/wp-content\/uploads\/AF1QipM7e4r0SFYerNAzLb-NTiaFmEo3aS1l25DhFGTw477-h240-k-no.png\" alt='JP Logistics Solutions' class=\"aligncenter\"><\/p>\n<p><strong>Kuvaus yrityksest\u00e4: <\/strong>JP Shipping Services Limited on <a href=\"https:\/\/moverdb.com\/fi\/moving-to-the-uk\/\" data-internallinksmanager029f6b8e52c=\"93\" title=\"Muutatko Yhdistyneeseen kuningaskuntaan? 2022 Elinkustannukset ja muuttovinkit\">UK<\/a> rekister\u00f6ity yritys ja logistiikkaosasto pitk\u00e4\u00e4n toimineen ja vakiintuneen <a href=\"https:\/\/moverdb.com\/fi\/moving-companies\/moving-companies-jamaica\/\" data-internallinksmanager029f6b8e52c=\"310\" title=\"2 parasta kansainv\u00e4list\u00e4 muuttoliikett\u00e4 Jamaikalla\">Jamaika<\/a> Producers Group, jonka historia ulottuu vuoteen 1929.<\/p>\n<p> Alun perin se perustettiin palvelemaan Jamaikan banaaniteollisuuden tarpeita kuljetuksen ja logistisen tuen osalta Yhdistyneess\u00e4 kuningaskunnassa, ja vuosien mittaan se on k\u00e4ytt\u00e4nyt t\u00e4t\u00e4 kokemusta toimintansa kehitt\u00e4miseen ja laajentamiseen.<\/p>\n<p>JP Shipping Services on ylpe\u00e4 Karibian perinn\u00f6st\u00e4mme, joka alkoi jo 1930-luvulla.<\/p>\n<p> Vaikka toimipaikkamme on nyt suurelta osin Yhdistyneess\u00e4 kuningaskunnassa, olemme edelleen Karibian omistuksessa ja osa JP Group LTD:t\u00e4, joka sijaitsee Kingstonissa, Jamaikalla.<\/p>\n<p><strong>Lis\u00e4palvelut:<\/strong><\/p>\n<p>Kuriiripalvelu<\/p>\n<p>Tulliv\u00e4litt\u00e4j\u00e4<\/p>\n<p>Jakelupalvelu<\/p>\n<p>Logistiikkapalvelu<\/p>\n<p>Toimituspalvelu<\/p>\n<p>Varasto<\/p>\n<p><strong>Osoite:<\/strong> ABP:n p\u00e4\u00e4rakennus, (etel\u00e4inen sis\u00e4\u00e4nk\u00e4ynti), Alexandra Dock, Newport NP20 2NP.<\/p>\n<p><a href=\"http:\/\/www.jpshipping.co.uk\/\" target=\"_new\" rel=\"noopener\">JP Logistics Solutionsin verkkosivusto<\/a><\/p>\n<p><strong>Arvostelupisteet: <\/strong>5<br \/> <strong>Arvostelujen m\u00e4\u00e4r\u00e4:<\/strong> 1<br \/><a href=\"https:\/\/www.google.co.uk\/maps?cid=2500320586524155374&#038;hl=en&#038;gl=GB\" target=\"_new\" rel=\"noopener\">Lue arvosteluja<\/a><\/p>\n<h2>Miten valitsimme parhaat Newportin huolintayritykset?<\/h2>\n<p>Aloitimme Google Mapsin kautta l\u00f6yt\u00e4m\u00e4mme 7 Newportin huolintaliikkeen aineiston perusteella ja rajasimme niist\u00e4 kaksi parasta.<\/p>\n<p>T\u00e4t\u00e4 varten poistimme kaikki yritykset, jotka:<\/p>\n<ul>\n<li> Ei ollut verkkosivustoa<\/li>\n<li> Ei ollut arvosteluja<\/li>\n<li> Arvostelujen keskiarvo oli alle 2,0<\/li>\n<\/ul>\n<p>T\u00e4ss\u00e4 vaiheessa, jos meill\u00e4 oli 17 tai v\u00e4hemm\u00e4n huolitsijoita, luetteloimme ne kaikki.<\/p>\n<p>Niihin kaupunkeihin, joissa oli yli 17 huolitsijaa, tehtiin lis\u00e4tarkistuksia joko nostamalla vaadittua arvostelupistem\u00e4\u00e4r\u00e4\u00e4 (esim. nostamalla arvostelujen v\u00e4himm\u00e4ism\u00e4\u00e4r\u00e4 2,0:sta 4,0:aan) ja\/tai nostamalla vaadittujen arvostelujen v\u00e4himm\u00e4ism\u00e4\u00e4r\u00e4\u00e4 (esim. nostamalla arvostelujen v\u00e4himm\u00e4ism\u00e4\u00e4r\u00e4 yhdest\u00e4 arvostelusta v\u00e4hint\u00e4\u00e4n kymmeneen).<\/p>\n<p>Huomaa, ett\u00e4 k\u00e4ytimme vain Google Mapsin tarkistustietoja, emme mink\u00e4\u00e4n muun kolmannen osapuolen verkkosivustoja.<\/p>\n<p>Lis\u00e4\u00e4 kaupunkeja:<\/p>\n<p><a href=\"https:\/\/moverdb.com\/fi\/huolitsija\/freight-forwarding-uk\/wembley-freight-forwarder\/\">Wembleyn huolitsija<\/a><br \/><a href=\"https:\/\/moverdb.com\/fi\/huolitsija\/freight-forwarding-uk\/hockley-freight-forwarder\/\">Hockley huolitsija<\/a><br \/><a href=\"https:\/\/moverdb.com\/fi\/huolitsija\/freight-forwarding-uk\/fareham-freight-forwarder\/\">Farehamin huolitsija<\/a><br \/><a href=\"https:\/\/moverdb.com\/fi\/huolitsija\/freight-forwarding-uk\/normanton-freight-forwarder\/\">Normantonin huolitsija<\/a><br \/><a href=\"https:\/\/moverdb.com\/fi\/huolitsija\/freight-forwarding-uk\/solihull-freight-forwarder\/\">Solihullin huolitsija<\/a><\/p>","protected":false},"excerpt":{"rendered":"<p>Below we look at the 2 &#8220;best&#8221; Freight Forwarding companies in Newport out of 7. To learn more about how we chose the best please consult our FAQ section at the end. Please not the following listings are in no particular order and we are not making any recommendations for any particular company. GP Logistics [&hellip;]<\/p>\n","protected":false},"author":1,"featured_media":0,"parent":13427,"menu_order":0,"comment_status":"open","ping_status":"open","template":"","meta":{"_genesis_hide_title":false,"_genesis_hide_breadcrumbs":false,"_genesis_hide_singular_image":false,"_genesis_hide_footer_widgets":false,"_genesis_custom_body_class":"","_genesis_custom_post_class":"","_genesis_layout":"","footnotes":""},"class_list":{"0":"post-14040","1":"page","2":"type-page","3":"status-publish","5":"entry"},"_links":{"self":[{"href":"https:\/\/moverdb.com\/fi\/wp-json\/wp\/v2\/pages\/14040","targetHints":{"allow":["GET"]}}],"collection":[{"href":"https:\/\/moverdb.com\/fi\/wp-json\/wp\/v2\/pages"}],"about":[{"href":"https:\/\/moverdb.com\/fi\/wp-json\/wp\/v2\/types\/page"}],"author":[{"embeddable":true,"href":"https:\/\/moverdb.com\/fi\/wp-json\/wp\/v2\/users\/1"}],"replies":[{"embeddable":true,"href":"https:\/\/moverdb.com\/fi\/wp-json\/wp\/v2\/comments?post=14040"}],"version-history":[{"count":1,"href":"https:\/\/moverdb.com\/fi\/wp-json\/wp\/v2\/pages\/14040\/revisions"}],"predecessor-version":[{"id":15730,"href":"https:\/\/moverdb.com\/fi\/wp-json\/wp\/v2\/pages\/14040\/revisions\/15730"}],"up":[{"embeddable":true,"href":"https:\/\/moverdb.com\/fi\/wp-json\/wp\/v2\/pages\/13427"}],"wp:attachment":[{"href":"https:\/\/moverdb.com\/fi\/wp-json\/wp\/v2\/media?parent=14040"}],"curies":[{"name":"wp","href":"https:\/\/api.w.org\/{rel}","templated":true}]}}