{"id":14023,"date":"2023-11-08T15:53:54","date_gmt":"2023-11-08T15:53:54","guid":{"rendered":"https:\/\/moverdb.com\/freight-forwarder\/freight-forwarding-uk\/middlesex-freight-forwarder\/"},"modified":"2026-01-08T14:58:10","modified_gmt":"2026-01-08T14:58:10","slug":"middlesex-freight-forwarder","status":"publish","type":"page","link":"https:\/\/moverdb.com\/fi\/freight-forwarder\/freight-forwarding-uk\/middlesex-freight-forwarder\/","title":{"rendered":"2 parasta Middlesexin rahdinkuljetusyrityst\u00e4 (2024)"},"content":{"rendered":"<p>Seuraavassa tarkastellaan 2 <em>\"paras\"<\/em> Rahti huolintayritykset Middlesexiss\u00e4 ulos 5.<\/p>\n<p>Jos haluat lis\u00e4tietoja siit\u00e4, miten valitsimme parhaat, tutustu lopussa olevaan FAQ-osioon.<\/p>\n<p><em>Huomaa, ett\u00e4 seuraavat luettelot eiv\u00e4t ole tietyss\u00e4 j\u00e4rjestyksess\u00e4, emmek\u00e4 suosittele mit\u00e4\u00e4n tietty\u00e4 yrityst\u00e4.<\/em><\/p>\n<h2>J J Freight Solutions Ltd<\/h2>\n<p><img decoding=\"async\" src=\"https:\/\/moverdb.com\/wp-content\/uploads\/AF1QipPvOqLphcc66DJrQp8oQRalNsN9f2KZCrDFOcWew494-h240-k-no.jpg\" alt='J J Freight Solutions Ltd' class=\"aligncenter\"><\/p>\n<p><strong>Kuvaus yrityksest\u00e4: <\/strong>JJ Freight on yritys, joka on vakiinnuttanut asemansa yhten\u00e4 johtavista kilpailijoista ylij\u00e4\u00e4m\u00e4matkatavaroiden ja kansainv\u00e4listen muuttojen alalla.<\/p>\n<p> Yrityksemme voi j\u00e4rjest\u00e4\u00e4 omistajan pakattujen tavaroiden kuljetuksen ovelta ovelle meri-, lento- tai maantiekuljetuksina maailmanlaajuisesti, ja se on edelleen asiantuntija n\u00e4ill\u00e4 markkinoilla.<\/p>\n<p>Olemme erikoistuneet l\u00e4hett\u00e4m\u00e4\u00e4n mit\u00e4 tahansa henkil\u00f6kohtaisista tavaroista ja kotiel\u00e4imist\u00e4 autoihin, moottoripy\u00f6riin jne. varmistaen, ett\u00e4 kaikki tavarat on pakattu turvallisesti ja ett\u00e4 ne saapuvat perille ajoissa.<\/p>\n<p><strong>Lis\u00e4palvelut:<\/strong><\/p>\n<p>Kuriiripalvelu<\/p>\n<p>Tuonti-vientiyhti\u00f6<\/p>\n<p>Pakkaustarvikekauppa<\/p>\n<p>Toimitusyhti\u00f6<\/p>\n<p>Toimituspalvelu<\/p>\n<p>Kuljetuspalvelu<\/p>\n<p>Ajoneuvojen viej\u00e4<\/p>\n<p><strong>Osoite:<\/strong> Yksikk\u00f6 60, <a href=\"https:\/\/moverdb.com\/fi\/moving-to-phoenix\/\" data-internallinksmanager029f6b8e52c=\"62\" title=\"Muutatko Phoenixiin? 2022 Elinkustannukset ja muuttovinkit\">Phoenix<\/a> Distribution Park, Phoenix Way, Heston, Middlesex TW5 9NB.<\/p>\n<p><a href=\"http:\/\/www.jjfreight.co.uk\/\" target=\"_new\" rel=\"noopener\">J J Freight Solutions Ltd:n verkkosivusto<\/a><\/p>\n<p><strong>Arvostelupisteet: <\/strong>4.8<br \/> <strong>Arvostelujen m\u00e4\u00e4r\u00e4:<\/strong> 4<br \/><a href=\"https:\/\/www.google.co.uk\/maps?cid=17068642107029710430&#038;hl=en&#038;gl=GB\" target=\"_new\" rel=\"noopener\">Lue arvosteluja<\/a><\/p>\n<h2>Ilmatukipalvelut<\/h2>\n<p><img decoding=\"async\" src=\"\" alt=\"Ilmatukipalvelut\" class=\"aligncenter\"><\/p>\n<p><strong>Kuvaus yrityksest\u00e4: <\/strong>Ei toimitettu<\/p>\n<p><strong>Lis\u00e4palvelut:<\/strong><\/p>\n<p>Rekrytoija<\/p>\n<p><strong>Osoite:<\/strong> Northumberland Close, 1. kerros Westpoint, Stanwell, Middlesex TW19 7LN<\/p>\n<p><a href=\"http:\/\/airuk.net\/\" target=\"_new\" rel=\"noopener\">Air Support Services -sivusto<\/a><\/p>\n<p><strong>Arvostelupisteet: <\/strong>4.5<br \/> <strong>Arvostelujen m\u00e4\u00e4r\u00e4:<\/strong> 8<br \/><a href=\"https:\/\/www.google.co.uk\/maps?cid=501882555168221795&#038;hl=en&#038;gl=GB\" target=\"_new\" rel=\"noopener\">Lue arvosteluja<\/a><\/p>\n<h2>Miten valitsimme parhaat Middlesexin huolintayritykset?<\/h2>\n<p>L\u00e4hdimme liikkeelle 5 Middlesexin rahdinkuljetusyrityksen aineistosta, jotka l\u00f6ysimme Google Mapsin kautta, ja rajasimme ne kahteen parhaaseen.<\/p>\n<p>T\u00e4t\u00e4 varten poistimme kaikki yritykset, jotka:<\/p>\n<ul>\n<li> Ei ollut verkkosivustoa<\/li>\n<li> Ei ollut arvosteluja<\/li>\n<li> Arvostelujen keskiarvo oli alle 2,0<\/li>\n<\/ul>\n<p>T\u00e4ss\u00e4 vaiheessa, jos meill\u00e4 oli 17 tai v\u00e4hemm\u00e4n huolitsijoita, luetteloimme ne kaikki.<\/p>\n<p>Niihin kaupunkeihin, joissa oli yli 17 huolitsijaa, tehtiin lis\u00e4tarkistuksia joko nostamalla vaadittua arvostelupistem\u00e4\u00e4r\u00e4\u00e4 (esim. nostamalla arvostelujen v\u00e4himm\u00e4ism\u00e4\u00e4r\u00e4 2,0:sta 4,0:aan) ja\/tai nostamalla vaadittujen arvostelujen v\u00e4himm\u00e4ism\u00e4\u00e4r\u00e4\u00e4 (esim. nostamalla arvostelujen v\u00e4himm\u00e4ism\u00e4\u00e4r\u00e4 yhdest\u00e4 arvostelusta v\u00e4hint\u00e4\u00e4n kymmeneen).<\/p>\n<p>Huomaa, ett\u00e4 k\u00e4ytimme vain Google Mapsin tarkistustietoja, emme mink\u00e4\u00e4n muun kolmannen osapuolen verkkosivustoja.<\/p>\n<p>Lis\u00e4\u00e4 kaupunkeja:<\/p>\n<p><a href=\"https:\/\/moverdb.com\/fi\/huolitsija\/freight-forwarding-uk\/wisbech-freight-forwarder\/\">Wisbechin huolitsija<\/a><br \/><a href=\"https:\/\/moverdb.com\/fi\/huolitsija\/freight-forwarding-uk\/east-cowes-freight-forwarder\/\">East Cowesin huolitsija<\/a><br \/><a href=\"https:\/\/moverdb.com\/fi\/huolitsija\/freight-forwarding-uk\/bury-freight-forwarder\/\">Bury huolitsija<\/a><br \/><a href=\"https:\/\/moverdb.com\/fi\/huolitsija\/freight-forwarding-uk\/newcastle-upon-tyne-freight-forwarder\/\">Newcastle upon Tyne huolitsija<\/a><br \/><a href=\"https:\/\/moverdb.com\/fi\/huolitsija\/freight-forwarding-uk\/great-yarmouth-freight-forwarder\/\">Great Yarmouthin huolitsija<\/a><\/p>","protected":false},"excerpt":{"rendered":"<p>Below we look at the 2 &#8220;best&#8221; Freight Forwarding companies in Middlesex out of 5. To learn more about how we chose the best please consult our FAQ section at the end. Please not the following listings are in no particular order and we are not making any recommendations for any particular company. J J [&hellip;]<\/p>\n","protected":false},"author":1,"featured_media":0,"parent":13427,"menu_order":0,"comment_status":"open","ping_status":"open","template":"","meta":{"_genesis_hide_title":false,"_genesis_hide_breadcrumbs":false,"_genesis_hide_singular_image":false,"_genesis_hide_footer_widgets":false,"_genesis_custom_body_class":"","_genesis_custom_post_class":"","_genesis_layout":"","footnotes":""},"class_list":{"0":"post-14023","1":"page","2":"type-page","3":"status-publish","5":"entry"},"_links":{"self":[{"href":"https:\/\/moverdb.com\/fi\/wp-json\/wp\/v2\/pages\/14023","targetHints":{"allow":["GET"]}}],"collection":[{"href":"https:\/\/moverdb.com\/fi\/wp-json\/wp\/v2\/pages"}],"about":[{"href":"https:\/\/moverdb.com\/fi\/wp-json\/wp\/v2\/types\/page"}],"author":[{"embeddable":true,"href":"https:\/\/moverdb.com\/fi\/wp-json\/wp\/v2\/users\/1"}],"replies":[{"embeddable":true,"href":"https:\/\/moverdb.com\/fi\/wp-json\/wp\/v2\/comments?post=14023"}],"version-history":[{"count":1,"href":"https:\/\/moverdb.com\/fi\/wp-json\/wp\/v2\/pages\/14023\/revisions"}],"predecessor-version":[{"id":15728,"href":"https:\/\/moverdb.com\/fi\/wp-json\/wp\/v2\/pages\/14023\/revisions\/15728"}],"up":[{"embeddable":true,"href":"https:\/\/moverdb.com\/fi\/wp-json\/wp\/v2\/pages\/13427"}],"wp:attachment":[{"href":"https:\/\/moverdb.com\/fi\/wp-json\/wp\/v2\/media?parent=14023"}],"curies":[{"name":"wp","href":"https:\/\/api.w.org\/{rel}","templated":true}]}}