{"id":13981,"date":"2023-11-08T15:53:54","date_gmt":"2023-11-08T15:53:54","guid":{"rendered":"https:\/\/moverdb.com\/freight-forwarder\/freight-forwarding-uk\/portsmouth-freight-forwarder\/"},"modified":"2026-01-08T13:17:42","modified_gmt":"2026-01-08T13:17:42","slug":"portsmouth-freight-forwarder","status":"publish","type":"page","link":"https:\/\/moverdb.com\/fi\/freight-forwarder\/freight-forwarding-uk\/portsmouth-freight-forwarder\/","title":{"rendered":"3 parasta Portsmouthin huolintayhti\u00f6t\u00e4 (2024)"},"content":{"rendered":"<p>Seuraavassa tarkastellaan 3 <em>\"paras\"<\/em> Rahti huolinta yritykset Portsmouthissa ulos 5.<\/p>\n<p>Jos haluat lis\u00e4tietoja siit\u00e4, miten valitsimme parhaat, tutustu lopussa olevaan FAQ-osioon.<\/p>\n<p><em>Huomaa, ett\u00e4 seuraavat luettelot eiv\u00e4t ole tietyss\u00e4 j\u00e4rjestyksess\u00e4, emmek\u00e4 suosittele mit\u00e4\u00e4n tietty\u00e4 yrityst\u00e4.<\/em><\/p>\n<div id=\"ez-toc-container\" class=\"ez-toc-v2_0_82_2 ez-toc-wrap-left counter-hierarchy ez-toc-counter ez-toc-transparent ez-toc-container-direction\">\n<div class=\"ez-toc-title-container\">\n<p class=\"ez-toc-title\" style=\"cursor:inherit\">Jaksot<\/p>\n<span class=\"ez-toc-title-toggle\"><a href=\"#\" class=\"ez-toc-pull-right ez-toc-btn ez-toc-btn-xs ez-toc-btn-default ez-toc-toggle\" aria-label=\"Sis\u00e4llysluettelon vaihtaminen\"><span class=\"ez-toc-js-icon-con\"><span class=\"\"><span class=\"eztoc-hide\" style=\"display:none;\">Toggle<\/span><span class=\"ez-toc-icon-toggle-span\"><svg style=\"fill: #999;color:#999\" xmlns=\"http:\/\/www.w3.org\/2000\/svg\" class=\"list-377408\" width=\"20px\" height=\"20px\" viewbox=\"0 0 24 24\" fill=\"none\"><path d=\"M6 6H4v2h2V6zm14 0H8v2h12V6zM4 11h2v2H4v-2zm16 0H8v2h12v-2zM4 16h2v2H4v-2zm16 0H8v2h12v-2z\" fill=\"currentColor\"><\/path><\/svg><svg style=\"fill: #999;color:#999\" class=\"arrow-unsorted-368013\" xmlns=\"http:\/\/www.w3.org\/2000\/svg\" width=\"10px\" height=\"10px\" viewbox=\"0 0 24 24\" version=\"1.2\" baseprofile=\"tiny\"><path d=\"M18.2 9.3l-6.2-6.3-6.2 6.3c-.2.2-.3.4-.3.7s.1.5.3.7c.2.2.4.3.7.3h11c.3 0 .5-.1.7-.3.2-.2.3-.5.3-.7s-.1-.5-.3-.7zM5.8 14.7l6.2 6.3 6.2-6.3c.2-.2.3-.5.3-.7s-.1-.5-.3-.7c-.2-.2-.4-.3-.7-.3h-11c-.3 0-.5.1-.7.3-.2.2-.3.5-.3.7s.1.5.3.7z\"\/><\/svg><\/span><\/span><\/span><\/a><\/span><\/div>\n<nav><ul class='ez-toc-list ez-toc-list-level-1 eztoc-toggle-hide-by-default' ><li class='ez-toc-page-1 ez-toc-heading-level-2'><a class=\"ez-toc-link ez-toc-heading-1\" href=\"https:\/\/moverdb.com\/fi\/freight-forwarder\/freight-forwarding-uk\/portsmouth-freight-forwarder\/#Jaytal_Logistics\" >Jaytal Logistics<\/a><\/li><li class='ez-toc-page-1 ez-toc-heading-level-2'><a class=\"ez-toc-link ez-toc-heading-2\" href=\"https:\/\/moverdb.com\/fi\/freight-forwarder\/freight-forwarding-uk\/portsmouth-freight-forwarder\/#Mercator_Cargo_Systems_Ltd\" >Mercator Cargo Systems Ltd<\/a><\/li><li class='ez-toc-page-1 ez-toc-heading-level-2'><a class=\"ez-toc-link ez-toc-heading-3\" href=\"https:\/\/moverdb.com\/fi\/freight-forwarder\/freight-forwarding-uk\/portsmouth-freight-forwarder\/#2mv_Logistics_Ltd\" >2mv Logistics Ltd<\/a><\/li><li class='ez-toc-page-1 ez-toc-heading-level-2'><a class=\"ez-toc-link ez-toc-heading-4\" href=\"https:\/\/moverdb.com\/fi\/freight-forwarder\/freight-forwarding-uk\/portsmouth-freight-forwarder\/#How_we_picked_the_best_Portsmouth_Freight_Forwarding_Companies\" >Miten valitsimme parhaat Portsmouthin huolintaliikkeet?<\/a><\/li><\/ul><\/nav><\/div>\n<h2><span class=\"ez-toc-section\" id=\"Jaytal_Logistics\"><\/span>Jaytal Logistics<span class=\"ez-toc-section-end\"><\/span><\/h2>\n<p><img decoding=\"async\" src=\"https:\/\/moverdb.com\/wp-content\/uploads\/AF1QipPWsGwtHhQWJjY2i3cg39apVwwalFzhEbJytG-4w408-h725-k-no.jpg\" alt='Jaytal Logistics' class=\"aligncenter\"><\/p>\n<p><strong>Kuvaus yrityksest\u00e4: <\/strong><a href=\"https:\/\/moverdb.com\/fi\/container-shipping\/\" data-internallinksmanager029f6b8e52c=\"3\" title=\"Kansainv\u00e4lisen konttikuljetuksen hinnat: huhtikuu 2026\">Kansainv\u00e4linen merenkulku<\/a> Tuontiin ja vientiin erikoistunut yritys.<\/p>\n<p><strong>Lis\u00e4palvelut:<\/strong><\/p>\n<p>Tulliv\u00e4litt\u00e4j\u00e4<\/p>\n<p><strong>Osoite:<\/strong> Hollands Cl, Portsmouth PO6 4FE<\/p>\n<p><a href=\"https:\/\/www.jaytallogistics.com\/\" target=\"_new\" rel=\"noopener\">Jaytal Logisticsin verkkosivusto<\/a><\/p>\n<p><strong>Arvostelupisteet: <\/strong>4.8<br \/> <strong>Arvostelujen m\u00e4\u00e4r\u00e4:<\/strong> 5<br \/><a href=\"https:\/\/www.google.co.uk\/maps?cid=16551908689466639339&#038;hl=en&#038;gl=GB\" target=\"_new\" rel=\"noopener\">Lue arvosteluja<\/a><\/p>\n<h2><span class=\"ez-toc-section\" id=\"Mercator_Cargo_Systems_Ltd\"><\/span>Mercator Cargo Systems Ltd<span class=\"ez-toc-section-end\"><\/span><\/h2>\n<p><img decoding=\"async\" src=\"https:\/\/moverdb.com\/wp-content\/uploads\/AF1QipP_oBkGP6fTYoxX9dTiqOBFfpX484iMdvPWHtmpw408-h271-k-no.jpg\" alt='Mercator Cargo Systems Ltd' class=\"aligncenter\"><\/p>\n<p><strong>Kuvaus yrityksest\u00e4: <\/strong>Mercator tarjoaa meri-, maantie- ja lentorahtipalveluja maailmanlaajuisesti.<\/p>\n<p> Olemme perheyritys, <a href=\"https:\/\/moverdb.com\/fi\/moving-to-the-uk\/\" data-internallinksmanager029f6b8e52c=\"93\" title=\"Muutatko Yhdistyneeseen kuningaskuntaan? 2022 Elinkustannukset ja muuttovinkit\">UK<\/a>-pohjainen tiimi, joka on j\u00e4rjest\u00e4nyt tuontia ja vienti\u00e4 vuodesta 1991.<\/p>\n<p><strong>Lis\u00e4palvelut:<\/strong><\/p>\n<p>Toimituspalvelu<\/p>\n<p><strong>Osoite:<\/strong> 10, St George's Business Centre, St Georges Square, Portsmouth PO1 3EZ.<\/p>\n<p><a href=\"http:\/\/www.mercatorcargo.co.uk\/\" target=\"_new\" rel=\"noopener\">Mercator Cargo Systems Ltd:n verkkosivusto<\/a><\/p>\n<p><strong>Arvostelupisteet: <\/strong>4.3<br \/> <strong>Arvostelujen m\u00e4\u00e4r\u00e4:<\/strong> 8<br \/><a href=\"https:\/\/www.google.co.uk\/maps?cid=18303529812344606092&#038;hl=en&#038;gl=GB\" target=\"_new\" rel=\"noopener\">Lue arvosteluja<\/a><\/p>\n<h2><span class=\"ez-toc-section\" id=\"2mv_Logistics_Ltd\"><\/span>2mv Logistics Ltd<span class=\"ez-toc-section-end\"><\/span><\/h2>\n<p><img decoding=\"async\" src=\"https:\/\/moverdb.com\/wp-content\/uploads\/AF1QipO5NygxGOWLni6hOU_0Bx10Js5tbP0Ll5mBPSpSw426-h240-k-no.jpg\" alt='2mv Logistics Ltd' class=\"aligncenter\"><\/p>\n<p><strong>Kuvaus yrityksest\u00e4: <\/strong>Perheyritys, joka tarjoaa asiantuntijaratkaisuja paikalliseen ja maailmanlaajuiseen rahdinjakeluun.<\/p>\n<p> Yli 20 ajoneuvon vaikuttavan kaluston ansiosta et voi olla huomaamatta oranssia ja violettia kuorma-autoamme.<\/p>\n<p><strong>Lis\u00e4palvelut:<\/strong><\/p>\n<p>Kuljetuspalvelu<\/p>\n<p><strong>Osoite:<\/strong> Yksikk\u00f6 4, Solent, 27 Walton Rd, Drayton, Portsmouth PO6 1SX.<\/p>\n<p><a href=\"http:\/\/www.2mvlogistics.co.uk\/\" target=\"_new\" rel=\"noopener\">2mv Logistics Ltd:n verkkosivusto<\/a><\/p>\n<p><strong>Arvostelupisteet: <\/strong>4.3<br \/> <strong>Arvostelujen m\u00e4\u00e4r\u00e4:<\/strong> 40<br \/><a href=\"https:\/\/www.google.co.uk\/maps?cid=6675888639360229405&#038;hl=en&#038;gl=GB\" target=\"_new\" rel=\"noopener\">Lue arvosteluja<\/a><\/p>\n<h2><span class=\"ez-toc-section\" id=\"How_we_picked_the_best_Portsmouth_Freight_Forwarding_Companies\"><\/span>Miten valitsimme parhaat Portsmouthin huolintaliikkeet?<span class=\"ez-toc-section-end\"><\/span><\/h2>\n<p>Aloitimme Google Mapsin kautta l\u00f6yt\u00e4m\u00e4mme 5 Portsmouthin huolintayrityksen tietokannasta ja rajasimme sen 3 parhaaseen.<\/p>\n<p>T\u00e4t\u00e4 varten poistimme kaikki yritykset, jotka:<\/p>\n<ul>\n<li> Ei ollut verkkosivustoa<\/li>\n<li> Ei ollut arvosteluja<\/li>\n<li> Arvostelujen keskiarvo oli alle 2,0<\/li>\n<\/ul>\n<p>T\u00e4ss\u00e4 vaiheessa, jos meill\u00e4 oli 17 tai v\u00e4hemm\u00e4n huolitsijoita, luetteloimme ne kaikki.<\/p>\n<p>Niihin kaupunkeihin, joissa oli yli 17 huolitsijaa, tehtiin lis\u00e4tarkistuksia joko nostamalla vaadittua arvostelupistem\u00e4\u00e4r\u00e4\u00e4 (esim. nostamalla arvostelujen v\u00e4himm\u00e4ism\u00e4\u00e4r\u00e4 2,0:sta 4,0:aan) ja\/tai nostamalla vaadittujen arvostelujen v\u00e4himm\u00e4ism\u00e4\u00e4r\u00e4\u00e4 (esim. nostamalla arvostelujen v\u00e4himm\u00e4ism\u00e4\u00e4r\u00e4 yhdest\u00e4 arvostelusta v\u00e4hint\u00e4\u00e4n kymmeneen).<\/p>\n<p>Huomaa, ett\u00e4 k\u00e4ytimme vain Google Mapsin tarkistustietoja, emme mink\u00e4\u00e4n muun kolmannen osapuolen verkkosivustoja.<\/p>\n<p>Lis\u00e4\u00e4 kaupunkeja:<\/p>\n<p><a href=\"https:\/\/moverdb.com\/fi\/huolitsija\/freight-forwarding-uk\/dagenham-freight-forwarder\/\">Dagenham huolitsija<\/a><br \/><a href=\"https:\/\/moverdb.com\/fi\/huolitsija\/freight-forwarding-uk\/renfrew-freight-forwarder\/\">Renfrew huolitsija<\/a><br \/><a href=\"https:\/\/moverdb.com\/fi\/huolitsija\/freight-forwarding-uk\/maldon-freight-forwarder\/\">Maldonin huolitsija<\/a><br \/><a href=\"https:\/\/moverdb.com\/fi\/huolitsija\/freight-forwarding-uk\/bellshill-freight-forwarder\/\">Bellshillin huolitsija<\/a><br \/><a href=\"https:\/\/moverdb.com\/fi\/huolitsija\/freight-forwarding-uk\/middlesbrough-freight-forwarder\/\">Middlesbroughin huolitsija<\/a><\/p>","protected":false},"excerpt":{"rendered":"<p>Below we look at the 3 &#8220;best&#8221; Freight Forwarding companies in Portsmouth out of 5. To learn more about how we chose the best please consult our FAQ section at the end. Please not the following listings are in no particular order and we are not making any recommendations for any particular company. Jaytal Logistics [&hellip;]<\/p>\n","protected":false},"author":1,"featured_media":0,"parent":13427,"menu_order":0,"comment_status":"open","ping_status":"open","template":"","meta":{"_genesis_hide_title":false,"_genesis_hide_breadcrumbs":false,"_genesis_hide_singular_image":false,"_genesis_hide_footer_widgets":false,"_genesis_custom_body_class":"","_genesis_custom_post_class":"","_genesis_layout":"","footnotes":""},"class_list":{"0":"post-13981","1":"page","2":"type-page","3":"status-publish","5":"entry"},"_links":{"self":[{"href":"https:\/\/moverdb.com\/fi\/wp-json\/wp\/v2\/pages\/13981","targetHints":{"allow":["GET"]}}],"collection":[{"href":"https:\/\/moverdb.com\/fi\/wp-json\/wp\/v2\/pages"}],"about":[{"href":"https:\/\/moverdb.com\/fi\/wp-json\/wp\/v2\/types\/page"}],"author":[{"embeddable":true,"href":"https:\/\/moverdb.com\/fi\/wp-json\/wp\/v2\/users\/1"}],"replies":[{"embeddable":true,"href":"https:\/\/moverdb.com\/fi\/wp-json\/wp\/v2\/comments?post=13981"}],"version-history":[{"count":1,"href":"https:\/\/moverdb.com\/fi\/wp-json\/wp\/v2\/pages\/13981\/revisions"}],"predecessor-version":[{"id":15775,"href":"https:\/\/moverdb.com\/fi\/wp-json\/wp\/v2\/pages\/13981\/revisions\/15775"}],"up":[{"embeddable":true,"href":"https:\/\/moverdb.com\/fi\/wp-json\/wp\/v2\/pages\/13427"}],"wp:attachment":[{"href":"https:\/\/moverdb.com\/fi\/wp-json\/wp\/v2\/media?parent=13981"}],"curies":[{"name":"wp","href":"https:\/\/api.w.org\/{rel}","templated":true}]}}