{"id":13973,"date":"2023-11-08T15:53:54","date_gmt":"2023-11-08T15:53:54","guid":{"rendered":"https:\/\/moverdb.com\/freight-forwarder\/freight-forwarding-uk\/nuneaton-freight-forwarder\/"},"modified":"2026-01-08T13:17:41","modified_gmt":"2026-01-08T13:17:41","slug":"nuneaton-freight-forwarder","status":"publish","type":"page","link":"https:\/\/moverdb.com\/fi\/freight-forwarder\/freight-forwarding-uk\/nuneaton-freight-forwarder\/","title":{"rendered":"3 parasta Nuneatonin rahdinkuljetusyrityst\u00e4 (2024)"},"content":{"rendered":"<p>Seuraavassa tarkastellaan 3 <em>\"paras\"<\/em> Rahtihuolitsijat Nuneatonissa 4:st\u00e4.<\/p>\n<p>Jos haluat lis\u00e4tietoja siit\u00e4, miten valitsimme parhaat, tutustu lopussa olevaan FAQ-osioon.<\/p>\n<p><em>Huomaa, ett\u00e4 seuraavat luettelot eiv\u00e4t ole tietyss\u00e4 j\u00e4rjestyksess\u00e4, emmek\u00e4 suosittele mit\u00e4\u00e4n tietty\u00e4 yrityst\u00e4.<\/em><\/p>\n<div id=\"ez-toc-container\" class=\"ez-toc-v2_0_82_2 ez-toc-wrap-left counter-hierarchy ez-toc-counter ez-toc-transparent ez-toc-container-direction\">\n<div class=\"ez-toc-title-container\">\n<p class=\"ez-toc-title\" style=\"cursor:inherit\">Jaksot<\/p>\n<span class=\"ez-toc-title-toggle\"><a href=\"#\" class=\"ez-toc-pull-right ez-toc-btn ez-toc-btn-xs ez-toc-btn-default ez-toc-toggle\" aria-label=\"Sis\u00e4llysluettelon vaihtaminen\"><span class=\"ez-toc-js-icon-con\"><span class=\"\"><span class=\"eztoc-hide\" style=\"display:none;\">Toggle<\/span><span class=\"ez-toc-icon-toggle-span\"><svg style=\"fill: #999;color:#999\" xmlns=\"http:\/\/www.w3.org\/2000\/svg\" class=\"list-377408\" width=\"20px\" height=\"20px\" viewbox=\"0 0 24 24\" fill=\"none\"><path d=\"M6 6H4v2h2V6zm14 0H8v2h12V6zM4 11h2v2H4v-2zm16 0H8v2h12v-2zM4 16h2v2H4v-2zm16 0H8v2h12v-2z\" fill=\"currentColor\"><\/path><\/svg><svg style=\"fill: #999;color:#999\" class=\"arrow-unsorted-368013\" xmlns=\"http:\/\/www.w3.org\/2000\/svg\" width=\"10px\" height=\"10px\" viewbox=\"0 0 24 24\" version=\"1.2\" baseprofile=\"tiny\"><path d=\"M18.2 9.3l-6.2-6.3-6.2 6.3c-.2.2-.3.4-.3.7s.1.5.3.7c.2.2.4.3.7.3h11c.3 0 .5-.1.7-.3.2-.2.3-.5.3-.7s-.1-.5-.3-.7zM5.8 14.7l6.2 6.3 6.2-6.3c.2-.2.3-.5.3-.7s-.1-.5-.3-.7c-.2-.2-.4-.3-.7-.3h-11c-.3 0-.5.1-.7.3-.2.2-.3.5-.3.7s.1.5.3.7z\"\/><\/svg><\/span><\/span><\/span><\/a><\/span><\/div>\n<nav><ul class='ez-toc-list ez-toc-list-level-1 eztoc-toggle-hide-by-default' ><li class='ez-toc-page-1 ez-toc-heading-level-2'><a class=\"ez-toc-link ez-toc-heading-1\" href=\"https:\/\/moverdb.com\/fi\/freight-forwarder\/freight-forwarding-uk\/nuneaton-freight-forwarder\/#DB_Schenker_Ltd\" >DB Schenker Ltd<\/a><\/li><li class='ez-toc-page-1 ez-toc-heading-level-2'><a class=\"ez-toc-link ez-toc-heading-2\" href=\"https:\/\/moverdb.com\/fi\/freight-forwarder\/freight-forwarding-uk\/nuneaton-freight-forwarder\/#Independent_Freight\" >Riippumaton rahti<\/a><\/li><li class='ez-toc-page-1 ez-toc-heading-level-2'><a class=\"ez-toc-link ez-toc-heading-3\" href=\"https:\/\/moverdb.com\/fi\/freight-forwarder\/freight-forwarding-uk\/nuneaton-freight-forwarder\/#DB_Schenker\" >DB Schenker<\/a><\/li><li class='ez-toc-page-1 ez-toc-heading-level-2'><a class=\"ez-toc-link ez-toc-heading-4\" href=\"https:\/\/moverdb.com\/fi\/freight-forwarder\/freight-forwarding-uk\/nuneaton-freight-forwarder\/#How_we_picked_the_best_Nuneaton_Freight_Forwarding_Companies\" >Miten valitsimme parhaat Nuneaton Rahtihuoltoyhti\u00f6t<\/a><\/li><\/ul><\/nav><\/div>\n<h2><span class=\"ez-toc-section\" id=\"DB_Schenker_Ltd\"><\/span>DB Schenker Ltd<span class=\"ez-toc-section-end\"><\/span><\/h2>\n<p><img decoding=\"async\" src=\"https:\/\/moverdb.com\/wp-content\/uploads\/AF1QipNIqwxI0DjqO1A71FKu0afmGM-j_kuvclQ0wSkWw408-h544-k-no.jpg\" alt='DB Schenker Ltd' class=\"aligncenter\"><\/p>\n<p><strong>Kuvaus yrityksest\u00e4: <\/strong>Ei toimitettu<\/p>\n<p><strong>Lis\u00e4palvelut:<\/strong><\/p>\n<p>Ei ole lueteltu<\/p>\n<p><strong>Osoite:<\/strong> Kelsey Cl, Nuneaton CV11 6XN<\/p>\n<p><a href=\"https:\/\/www.dbschenker.com\/global\" target=\"_new\" rel=\"noopener\">DB Schenker Ltd:n verkkosivusto<\/a><\/p>\n<p><strong>Arvostelupisteet: <\/strong>4<br \/> <strong>Arvostelujen m\u00e4\u00e4r\u00e4:<\/strong> 20<br \/><a href=\"https:\/\/www.google.co.uk\/maps?cid=1896760158951115487&#038;hl=en&#038;gl=GB\" target=\"_new\" rel=\"noopener\">Lue arvosteluja<\/a><\/p>\n<h2><span class=\"ez-toc-section\" id=\"Independent_Freight\"><\/span>Riippumaton rahti<span class=\"ez-toc-section-end\"><\/span><\/h2>\n<p><img decoding=\"async\" src=\"https:\/\/moverdb.com\/wp-content\/uploads\/AF1QipPWmv3E8RJE8Ze1pohjiN8_YI9tjeZKeMgLH9ilw432-h240-k-no.png\" alt='Riippumaton rahti' class=\"aligncenter\"><\/p>\n<p><strong>Kuvaus yrityksest\u00e4: <\/strong>Henkil\u00f6kohtainen panostus rahtimatkaasi.<\/p>\n<p> Huolintayrityksen\u00e4 tarjoamme erilaisia rahti- ja tullipalveluja, jotka kaikki tekev\u00e4t logistiikan hallinnastasi kustannustehokkaampaa ja vaivattomampaa.<\/p>\n<p>Rahti, lento-, meri- tai maantiekuljetukset.<br \/>\n\u00e2\u20ac \u00a2 Tulli Broker<br \/>\n\u00e2 \u00a2 Tuonti Vienti Paperity\u00f6<br \/>\n\u00e2 \u00a2 Kuriiripalvelu<br \/>\n\u00e2 \u00a2 Vientipakkaus<br \/>\nVakuutus<\/p>\n<p><strong>Lis\u00e4palvelut:<\/strong><\/p>\n<p>Kuriiripalvelu<\/p>\n<p>Tulliv\u00e4litt\u00e4j\u00e4<\/p>\n<p>Tullikonsultti<\/p>\n<p>Toimitusyhti\u00f6<\/p>\n<p>Toimituspalvelu<\/p>\n<p><strong>Osoite:<\/strong> 5-6 Alliance Cl, Attleborough Fields Industrial Estate, Nuneaton CV11 6SD.<\/p>\n<p><a href=\"https:\/\/independent-freight.com\/\" target=\"_new\" rel=\"noopener\">Independent Freight -verkkosivusto<\/a><\/p>\n<p><strong>Arvostelupisteet: <\/strong>5<br \/> <strong>Arvostelujen m\u00e4\u00e4r\u00e4:<\/strong> 2<br \/><a href=\"https:\/\/www.google.co.uk\/maps?cid=354453516850828276&#038;hl=en&#038;gl=GB\" target=\"_new\" rel=\"noopener\">Lue arvosteluja<\/a><\/p>\n<h2><span class=\"ez-toc-section\" id=\"DB_Schenker\"><\/span>DB Schenker<span class=\"ez-toc-section-end\"><\/span><\/h2>\n<p><img decoding=\"async\" src=\"https:\/\/moverdb.com\/wp-content\/uploads\/AF1QipPTT4KsiEfA8QnNWwfRYLwJ93JX7yU8KN01ArgNw408-h306-k-no.jpg\" alt='DB Schenker' class=\"aligncenter\"><\/p>\n<p><strong>Kuvaus yrityksest\u00e4: <\/strong>Ei toimitettu<\/p>\n<p><strong>Lis\u00e4palvelut:<\/strong><\/p>\n<p>Toimitusyhti\u00f6<\/p>\n<p><strong>Osoite:<\/strong> Kelsey Close Attleborough Fields Ind Estate, Nuneaton CV11 6XN<\/p>\n<p><a href=\"http:\/\/www.dbschenker.com\/uk\" target=\"_new\" rel=\"noopener\">DB Schenkerin verkkosivusto<\/a><\/p>\n<p><strong>Arvostelupisteet: <\/strong>3.6<br \/> <strong>Arvostelujen m\u00e4\u00e4r\u00e4:<\/strong> 107<br \/><a href=\"https:\/\/www.google.co.uk\/maps?cid=1896760158951115487&#038;hl=en&#038;gl=GB\" target=\"_new\" rel=\"noopener\">Lue arvosteluja<\/a><\/p>\n<h2><span class=\"ez-toc-section\" id=\"How_we_picked_the_best_Nuneaton_Freight_Forwarding_Companies\"><\/span>Miten valitsimme parhaat Nuneaton Rahtihuoltoyhti\u00f6t<span class=\"ez-toc-section-end\"><\/span><\/h2>\n<p>Aloitimme Google Mapsin kautta l\u00f6yt\u00e4miemme 4 Nuneatonin huolintayrityksen aineistosta ja rajasimme sen 3 parhaaseen.<\/p>\n<p>T\u00e4t\u00e4 varten poistimme kaikki yritykset, jotka:<\/p>\n<ul>\n<li> Ei ollut verkkosivustoa<\/li>\n<li> Ei ollut arvosteluja<\/li>\n<li> Arvostelujen keskiarvo oli alle 2,0<\/li>\n<\/ul>\n<p>T\u00e4ss\u00e4 vaiheessa, jos meill\u00e4 oli 17 tai v\u00e4hemm\u00e4n huolitsijoita, luetteloimme ne kaikki.<\/p>\n<p>Niihin kaupunkeihin, joissa oli yli 17 huolitsijaa, tehtiin lis\u00e4tarkistuksia joko nostamalla vaadittua arvostelupistem\u00e4\u00e4r\u00e4\u00e4 (esim. nostamalla arvostelujen v\u00e4himm\u00e4ism\u00e4\u00e4r\u00e4 2,0:sta 4,0:aan) ja\/tai nostamalla vaadittujen arvostelujen v\u00e4himm\u00e4ism\u00e4\u00e4r\u00e4\u00e4 (esim. nostamalla arvostelujen v\u00e4himm\u00e4ism\u00e4\u00e4r\u00e4 yhdest\u00e4 arvostelusta v\u00e4hint\u00e4\u00e4n kymmeneen).<\/p>\n<p>Huomaa, ett\u00e4 k\u00e4ytimme vain Google Mapsin tarkistustietoja, emme mink\u00e4\u00e4n muun kolmannen osapuolen verkkosivustoja.<\/p>\n<p>Lis\u00e4\u00e4 kaupunkeja:<\/p>\n<p><a href=\"https:\/\/moverdb.com\/fi\/huolitsija\/freight-forwarding-uk\/belvedere-freight-forwarder\/\">Belvedere huolitsija<\/a><br \/><a href=\"https:\/\/moverdb.com\/fi\/huolitsija\/freight-forwarding-uk\/portsmouth-freight-forwarder\/\">Portsmouthin huolitsija<\/a><br \/><a href=\"https:\/\/moverdb.com\/fi\/huolitsija\/freight-forwarding-uk\/dagenham-freight-forwarder\/\">Dagenham huolitsija<\/a><br \/><a href=\"https:\/\/moverdb.com\/fi\/huolitsija\/freight-forwarding-uk\/renfrew-freight-forwarder\/\">Renfrew huolitsija<\/a><br \/><a href=\"https:\/\/moverdb.com\/fi\/huolitsija\/freight-forwarding-uk\/maldon-freight-forwarder\/\">Maldonin huolitsija<\/a><\/p>","protected":false},"excerpt":{"rendered":"<p>Below we look at the 3 &#8220;best&#8221; Freight Forwarding companies in Nuneaton out of 4. To learn more about how we chose the best please consult our FAQ section at the end. Please not the following listings are in no particular order and we are not making any recommendations for any particular company. DB Schenker [&hellip;]<\/p>\n","protected":false},"author":1,"featured_media":0,"parent":13427,"menu_order":0,"comment_status":"open","ping_status":"open","template":"","meta":{"_genesis_hide_title":false,"_genesis_hide_breadcrumbs":false,"_genesis_hide_singular_image":false,"_genesis_hide_footer_widgets":false,"_genesis_custom_body_class":"","_genesis_custom_post_class":"","_genesis_layout":"","footnotes":""},"class_list":{"0":"post-13973","1":"page","2":"type-page","3":"status-publish","5":"entry"},"_links":{"self":[{"href":"https:\/\/moverdb.com\/fi\/wp-json\/wp\/v2\/pages\/13973","targetHints":{"allow":["GET"]}}],"collection":[{"href":"https:\/\/moverdb.com\/fi\/wp-json\/wp\/v2\/pages"}],"about":[{"href":"https:\/\/moverdb.com\/fi\/wp-json\/wp\/v2\/types\/page"}],"author":[{"embeddable":true,"href":"https:\/\/moverdb.com\/fi\/wp-json\/wp\/v2\/users\/1"}],"replies":[{"embeddable":true,"href":"https:\/\/moverdb.com\/fi\/wp-json\/wp\/v2\/comments?post=13973"}],"version-history":[{"count":1,"href":"https:\/\/moverdb.com\/fi\/wp-json\/wp\/v2\/pages\/13973\/revisions"}],"predecessor-version":[{"id":15774,"href":"https:\/\/moverdb.com\/fi\/wp-json\/wp\/v2\/pages\/13973\/revisions\/15774"}],"up":[{"embeddable":true,"href":"https:\/\/moverdb.com\/fi\/wp-json\/wp\/v2\/pages\/13427"}],"wp:attachment":[{"href":"https:\/\/moverdb.com\/fi\/wp-json\/wp\/v2\/media?parent=13973"}],"curies":[{"name":"wp","href":"https:\/\/api.w.org\/{rel}","templated":true}]}}