{"id":13969,"date":"2023-11-08T15:53:54","date_gmt":"2023-11-08T15:53:54","guid":{"rendered":"https:\/\/moverdb.com\/freight-forwarder\/freight-forwarding-uk\/iver-freight-forwarder\/"},"modified":"2026-01-08T13:17:35","modified_gmt":"2026-01-08T13:17:35","slug":"iver-freight-forwarder","status":"publish","type":"page","link":"https:\/\/moverdb.com\/fi\/freight-forwarder\/freight-forwarding-uk\/iver-freight-forwarder\/","title":{"rendered":"3 parasta Iverin huolintayhti\u00f6t\u00e4 (2024)"},"content":{"rendered":"<p>Seuraavassa tarkastellaan 3 <em>\"paras\"<\/em> Rahtihuolitsijat Iveriss\u00e4 7:st\u00e4.<\/p>\n<p>Jos haluat lis\u00e4tietoja siit\u00e4, miten valitsimme parhaat, tutustu lopussa olevaan FAQ-osioon.<\/p>\n<p><em>Huomaa, ett\u00e4 seuraavat luettelot eiv\u00e4t ole tietyss\u00e4 j\u00e4rjestyksess\u00e4, emmek\u00e4 suosittele mit\u00e4\u00e4n tietty\u00e4 yrityst\u00e4.<\/em><\/p>\n<div id=\"ez-toc-container\" class=\"ez-toc-v2_0_82_2 ez-toc-wrap-left counter-hierarchy ez-toc-counter ez-toc-transparent ez-toc-container-direction\">\n<div class=\"ez-toc-title-container\">\n<p class=\"ez-toc-title\" style=\"cursor:inherit\">Jaksot<\/p>\n<span class=\"ez-toc-title-toggle\"><a href=\"#\" class=\"ez-toc-pull-right ez-toc-btn ez-toc-btn-xs ez-toc-btn-default ez-toc-toggle\" aria-label=\"Sis\u00e4llysluettelon vaihtaminen\"><span class=\"ez-toc-js-icon-con\"><span class=\"\"><span class=\"eztoc-hide\" style=\"display:none;\">Toggle<\/span><span class=\"ez-toc-icon-toggle-span\"><svg style=\"fill: #999;color:#999\" xmlns=\"http:\/\/www.w3.org\/2000\/svg\" class=\"list-377408\" width=\"20px\" height=\"20px\" viewbox=\"0 0 24 24\" fill=\"none\"><path d=\"M6 6H4v2h2V6zm14 0H8v2h12V6zM4 11h2v2H4v-2zm16 0H8v2h12v-2zM4 16h2v2H4v-2zm16 0H8v2h12v-2z\" fill=\"currentColor\"><\/path><\/svg><svg style=\"fill: #999;color:#999\" class=\"arrow-unsorted-368013\" xmlns=\"http:\/\/www.w3.org\/2000\/svg\" width=\"10px\" height=\"10px\" viewbox=\"0 0 24 24\" version=\"1.2\" baseprofile=\"tiny\"><path d=\"M18.2 9.3l-6.2-6.3-6.2 6.3c-.2.2-.3.4-.3.7s.1.5.3.7c.2.2.4.3.7.3h11c.3 0 .5-.1.7-.3.2-.2.3-.5.3-.7s-.1-.5-.3-.7zM5.8 14.7l6.2 6.3 6.2-6.3c.2-.2.3-.5.3-.7s-.1-.5-.3-.7c-.2-.2-.4-.3-.7-.3h-11c-.3 0-.5.1-.7.3-.2.2-.3.5-.3.7s.1.5.3.7z\"\/><\/svg><\/span><\/span><\/span><\/a><\/span><\/div>\n<nav><ul class='ez-toc-list ez-toc-list-level-1 eztoc-toggle-hide-by-default' ><li class='ez-toc-page-1 ez-toc-heading-level-2'><a class=\"ez-toc-link ez-toc-heading-1\" href=\"https:\/\/moverdb.com\/fi\/freight-forwarder\/freight-forwarding-uk\/iver-freight-forwarder\/#Clarity_Cargo_Limited\" >Clarity Cargo Limited<\/a><\/li><li class='ez-toc-page-1 ez-toc-heading-level-2'><a class=\"ez-toc-link ez-toc-heading-2\" href=\"https:\/\/moverdb.com\/fi\/freight-forwarder\/freight-forwarding-uk\/iver-freight-forwarder\/#Telenet_Global_Logistics\" >Telenet Global Logistics<\/a><\/li><li class='ez-toc-page-1 ez-toc-heading-level-2'><a class=\"ez-toc-link ez-toc-heading-3\" href=\"https:\/\/moverdb.com\/fi\/freight-forwarder\/freight-forwarding-uk\/iver-freight-forwarder\/#Rhodes_Freight_Services_Ltd\" >Rhodes Freight Services Ltd<\/a><\/li><li class='ez-toc-page-1 ez-toc-heading-level-2'><a class=\"ez-toc-link ez-toc-heading-4\" href=\"https:\/\/moverdb.com\/fi\/freight-forwarder\/freight-forwarding-uk\/iver-freight-forwarder\/#How_we_picked_the_best_Iver_Freight_Forwarding_Companies\" >Miten valitsimme parhaat Iverin huolintaliikkeet?<\/a><\/li><\/ul><\/nav><\/div>\n<h2><span class=\"ez-toc-section\" id=\"Clarity_Cargo_Limited\"><\/span>Clarity Cargo Limited<span class=\"ez-toc-section-end\"><\/span><\/h2>\n<p><img decoding=\"async\" src=\"https:\/\/moverdb.com\/wp-content\/uploads\/AF1QipP0oec1jy_H0NUSuZWNhSBk7JlRXh_oWLGNdgDew408-h290-k-no.jpg\" alt='Clarity Cargo Limited' class=\"aligncenter\"><\/p>\n<p><strong>Kuvaus yrityksest\u00e4: <\/strong>Clarity Cargo Limited on p\u00e4ivitt\u00e4inen <a href=\"https:\/\/moverdb.com\/fi\/moving-to-ireland\/\" data-internallinksmanager029f6b8e52c=\"320\" title=\"Muutatko Irlantiin? 2023 Elinkustannukset ja muuttovinkit\">Irlanti<\/a> ja European Express Pallet Transport Service Lontoossa.<\/p>\n<p> Logistiikkapalvelumme tarjoaa 24 tunnin toimitukset Irlantiin.<\/p>\n<p> Ajoneuvojemme \u00e4lykk\u00e4\u00e4n seurantaj\u00e4rjestelm\u00e4n ja huipputeknisten laitteiden avulla tarjoamme turvallisia ja aikataulutettuja pikatoimituksia monissa Euroopan maissa.<\/p>\n<p> Clarity Cargo tarjoaa sinulle parhaan vaihtoehdon, jolla varmistat optimaalisen palvelun asiakaskunnallesi.<\/p>\n<p> Hy\u00f6dy t\u00e4ydellisist\u00e4 sis\u00e4isist\u00e4 tulliselvityspalveluistamme ja kuormalavojen pikatoimituksista Etel\u00e4-Irlantiin ja Eurooppaan.<\/p>\n<p> Kasvata myynti\u00e4si Irlannin laajoilla markkinoilla nopealla, k\u00e4tev\u00e4ll\u00e4 ja edullisella kuormalavojen pikajakelulla.<\/p>\n<p> Jokainen siirretty l\u00e4hetys kuuluu Clarity-seurantaj\u00e4rjestelm\u00e4\u00e4n, joka takaa dynaamisen liikkumisen puolestasi.<\/p>\n<p><strong>Lis\u00e4palvelut:<\/strong><\/p>\n<p>Toimitusyhti\u00f6<\/p>\n<p>Kuljetuspalvelu<\/p>\n<p><strong>Osoite:<\/strong> Yksikk\u00f6 2a, 2b The Ridgeway, Iver SL0 9JQ<\/p>\n<p><a href=\"https:\/\/www.claritycargo.com\/\" target=\"_new\" rel=\"noopener\">Clarity Cargo Limitedin verkkosivusto<\/a><\/p>\n<p><strong>Arvostelupisteet: <\/strong>5<br \/> <strong>Arvostelujen m\u00e4\u00e4r\u00e4:<\/strong> 38<br \/><a href=\"https:\/\/www.google.co.uk\/maps?cid=10874642115702949340&#038;hl=en&#038;gl=GB\" target=\"_new\" rel=\"noopener\">Lue arvosteluja<\/a><\/p>\n<h2><span class=\"ez-toc-section\" id=\"Telenet_Global_Logistics\"><\/span>Telenet Global Logistics<span class=\"ez-toc-section-end\"><\/span><\/h2>\n<p><img decoding=\"async\" src=\"https:\/\/moverdb.com\/wp-content\/uploads\/AF1QipP01RnwujXm0lb4sGEMlj-Z0U8VyKPrXUu2x8Yw408-h306-k-no.jpg\" alt='Telenet Global Logistics' class=\"aligncenter\"><\/p>\n<p><strong>Kuvaus yrityksest\u00e4: <\/strong>Ei toimitettu<\/p>\n<p><strong>Lis\u00e4palvelut:<\/strong><\/p>\n<p>Logistiikkapalvelu<\/p>\n<p><strong>Osoite:<\/strong> 3B Ridgeway, Iver SL0 9JQ<\/p>\n<p><a href=\"https:\/\/www.telenetlogistics.com\/\" target=\"_new\" rel=\"noopener\">Telenet Global Logisticsin verkkosivusto<\/a><\/p>\n<p><strong>Arvostelupisteet: <\/strong>4.6<br \/> <strong>Arvostelujen m\u00e4\u00e4r\u00e4:<\/strong> 11<br \/><a href=\"https:\/\/www.google.co.uk\/maps?cid=11765667240663478835&#038;hl=en&#038;gl=GB\" target=\"_new\" rel=\"noopener\">Lue arvosteluja<\/a><\/p>\n<h2><span class=\"ez-toc-section\" id=\"Rhodes_Freight_Services_Ltd\"><\/span>Rhodes Freight Services Ltd<span class=\"ez-toc-section-end\"><\/span><\/h2>\n<p><img decoding=\"async\" src=\"https:\/\/moverdb.com\/wp-content\/uploads\/AF1QipMm9i5CRGZADeaNZzwze_5aBudBPSQnsvLjIlzYw408-h272-k-no.jpg\" alt='Rhodes Freight Services Ltd' class=\"aligncenter\"><\/p>\n<p><strong>Kuvaus yrityksest\u00e4: <\/strong>Rhodes Freight Services LTD on tarjonnut l\u00e4mp\u00f6tilavalvottuja kuljetuksia vuonna <a href=\"https:\/\/moverdb.com\/fi\/moving-to-the-uk\/\" data-internallinksmanager029f6b8e52c=\"93\" title=\"Muutatko Yhdistyneeseen kuningaskuntaan? 2022 Elinkustannukset ja muuttovinkit\">UK<\/a> &amp; Euroopassa vuodesta 1992.<\/p>\n<p>Olemme perheyritys, jolla on suuret perusarvot ja -standardit.<\/p>\n<p>Rakennettu vaatimattomista l\u00e4ht\u00f6kohdista kovalla ty\u00f6ll\u00e4 ja rehellisyydell\u00e4.<\/p>\n<p> Kyse on aina ollut asiakkaistamme ja siit\u00e4, miten voimme helpottaa heid\u00e4n ja heid\u00e4n asiakkaidensa taakkaa tarjoamalla parhaan mahdollisen l\u00e4mp\u00f6tilavalvotun rahtikuljetuspalvelun Yhdistyneess\u00e4 kuningaskunnassa.<\/p>\n<p>Toimimme 24 tuntia vuorokaudessa, 7 p\u00e4iv\u00e4\u00e4 viikossa.<\/p>\n<p> Suosituimmat palvelumme ovat:<\/p>\n<p>Erityinen kuljetus<br \/>\nHelposti pilaantuvat lentorahdit Yhdistynyt kuningaskunta ja Eurooppa<br \/>\nVarastointi ja varastointi<br \/>\nL\u00e4mp\u00f6tilavalvottu jakelu UK<br \/>\nEuroopan lentokentt\u00e4kuljetukset<br \/>\nLentorahti Euroopassa ja Yhdistyneess\u00e4 kuningaskunnassa<br \/>\nL\u00e4mp\u00f6tilavalvottu varastointi<br \/>\nKaaviot, lainaukset Raportit<\/p>\n<p><strong>Lis\u00e4palvelut:<\/strong><\/p>\n<p>Ei ole lueteltu<\/p>\n<p><strong>Osoite:<\/strong> 3c, Ridgewayn jakelukeskus, Ridgeway, Iver SL0 9JQ.<\/p>\n<p><a href=\"http:\/\/www.rhodesfreightservices.co.uk\/\" target=\"_new\" rel=\"noopener\">Rhodes Freight Services Ltd:n verkkosivusto<\/a><\/p>\n<p><strong>Arvostelupisteet: <\/strong>4.5<br \/> <strong>Arvostelujen m\u00e4\u00e4r\u00e4:<\/strong> 21<br \/><a href=\"https:\/\/www.google.co.uk\/maps?cid=13537297874661650619&#038;hl=en&#038;gl=GB\" target=\"_new\" rel=\"noopener\">Lue arvosteluja<\/a><\/p>\n<h2><span class=\"ez-toc-section\" id=\"How_we_picked_the_best_Iver_Freight_Forwarding_Companies\"><\/span>Miten valitsimme parhaat Iverin huolintaliikkeet?<span class=\"ez-toc-section-end\"><\/span><\/h2>\n<p>Aloitimme Google Mapsin kautta l\u00f6yt\u00e4miemme 7 Iverin huolintayrityksen aineistosta ja rajasimme ne kolmeen parhaaseen.<\/p>\n<p>T\u00e4t\u00e4 varten poistimme kaikki yritykset, jotka:<\/p>\n<ul>\n<li> Ei ollut verkkosivustoa<\/li>\n<li> Ei ollut arvosteluja<\/li>\n<li> Arvostelujen keskiarvo oli alle 2,0<\/li>\n<\/ul>\n<p>T\u00e4ss\u00e4 vaiheessa, jos meill\u00e4 oli 17 tai v\u00e4hemm\u00e4n huolitsijoita, luetteloimme ne kaikki.<\/p>\n<p>Niihin kaupunkeihin, joissa oli yli 17 huolitsijaa, tehtiin lis\u00e4tarkistuksia joko nostamalla vaadittua arvostelupistem\u00e4\u00e4r\u00e4\u00e4 (esim. nostamalla arvostelujen v\u00e4himm\u00e4ism\u00e4\u00e4r\u00e4 2,0:sta 4,0:aan) ja\/tai nostamalla vaadittujen arvostelujen v\u00e4himm\u00e4ism\u00e4\u00e4r\u00e4\u00e4 (esim. nostamalla arvostelujen v\u00e4himm\u00e4ism\u00e4\u00e4r\u00e4 yhdest\u00e4 arvostelusta v\u00e4hint\u00e4\u00e4n kymmeneen).<\/p>\n<p>Huomaa, ett\u00e4 k\u00e4ytimme vain Google Mapsin tarkistustietoja, emme mink\u00e4\u00e4n muun kolmannen osapuolen verkkosivustoja.<\/p>\n<p>Lis\u00e4\u00e4 kaupunkeja:<\/p>\n<p><a href=\"https:\/\/moverdb.com\/fi\/huolitsija\/freight-forwarding-uk\/nuneaton-freight-forwarder\/\">Nuneaton huolitsija<\/a><br \/><a href=\"https:\/\/moverdb.com\/fi\/huolitsija\/freight-forwarding-uk\/belvedere-freight-forwarder\/\">Belvedere huolitsija<\/a><br \/><a href=\"https:\/\/moverdb.com\/fi\/huolitsija\/freight-forwarding-uk\/portsmouth-freight-forwarder\/\">Portsmouthin huolitsija<\/a><br \/><a href=\"https:\/\/moverdb.com\/fi\/huolitsija\/freight-forwarding-uk\/dagenham-freight-forwarder\/\">Dagenham huolitsija<\/a><br \/><a href=\"https:\/\/moverdb.com\/fi\/huolitsija\/freight-forwarding-uk\/renfrew-freight-forwarder\/\">Renfrew huolitsija<\/a><\/p>","protected":false},"excerpt":{"rendered":"<p>Below we look at the 3 &#8220;best&#8221; Freight Forwarding companies in Iver out of 7. To learn more about how we chose the best please consult our FAQ section at the end. Please not the following listings are in no particular order and we are not making any recommendations for any particular company. Clarity Cargo [&hellip;]<\/p>\n","protected":false},"author":1,"featured_media":0,"parent":13427,"menu_order":0,"comment_status":"open","ping_status":"open","template":"","meta":{"_genesis_hide_title":false,"_genesis_hide_breadcrumbs":false,"_genesis_hide_singular_image":false,"_genesis_hide_footer_widgets":false,"_genesis_custom_body_class":"","_genesis_custom_post_class":"","_genesis_layout":"","footnotes":""},"class_list":{"0":"post-13969","1":"page","2":"type-page","3":"status-publish","5":"entry"},"_links":{"self":[{"href":"https:\/\/moverdb.com\/fi\/wp-json\/wp\/v2\/pages\/13969","targetHints":{"allow":["GET"]}}],"collection":[{"href":"https:\/\/moverdb.com\/fi\/wp-json\/wp\/v2\/pages"}],"about":[{"href":"https:\/\/moverdb.com\/fi\/wp-json\/wp\/v2\/types\/page"}],"author":[{"embeddable":true,"href":"https:\/\/moverdb.com\/fi\/wp-json\/wp\/v2\/users\/1"}],"replies":[{"embeddable":true,"href":"https:\/\/moverdb.com\/fi\/wp-json\/wp\/v2\/comments?post=13969"}],"version-history":[{"count":1,"href":"https:\/\/moverdb.com\/fi\/wp-json\/wp\/v2\/pages\/13969\/revisions"}],"predecessor-version":[{"id":15769,"href":"https:\/\/moverdb.com\/fi\/wp-json\/wp\/v2\/pages\/13969\/revisions\/15769"}],"up":[{"embeddable":true,"href":"https:\/\/moverdb.com\/fi\/wp-json\/wp\/v2\/pages\/13427"}],"wp:attachment":[{"href":"https:\/\/moverdb.com\/fi\/wp-json\/wp\/v2\/media?parent=13969"}],"curies":[{"name":"wp","href":"https:\/\/api.w.org\/{rel}","templated":true}]}}