{"id":13957,"date":"2023-11-08T15:53:26","date_gmt":"2023-11-08T15:53:26","guid":{"rendered":"https:\/\/moverdb.com\/freight-forwarder\/freight-forwarding-uk\/stockport-freight-forwarder\/"},"modified":"2026-01-08T13:17:45","modified_gmt":"2026-01-08T13:17:45","slug":"stockport-freight-forwarder","status":"publish","type":"page","link":"https:\/\/moverdb.com\/fi\/freight-forwarder\/freight-forwarding-uk\/stockport-freight-forwarder\/","title":{"rendered":"3 parasta Stockportin rahdinkuljetusyrityst\u00e4 (2024)"},"content":{"rendered":"<p>Seuraavassa tarkastellaan 3 <em>\"paras\"<\/em> Rahtikuljetus yritykset Stockportissa ulos 5.<\/p>\n<p>Jos haluat lis\u00e4tietoja siit\u00e4, miten valitsimme parhaat, tutustu lopussa olevaan FAQ-osioon.<\/p>\n<p><em>Huomaa, ett\u00e4 seuraavat luettelot eiv\u00e4t ole tietyss\u00e4 j\u00e4rjestyksess\u00e4, emmek\u00e4 suosittele mit\u00e4\u00e4n tietty\u00e4 yrityst\u00e4.<\/em><\/p>\n<div id=\"ez-toc-container\" class=\"ez-toc-v2_0_82_2 ez-toc-wrap-left counter-hierarchy ez-toc-counter ez-toc-transparent ez-toc-container-direction\">\n<div class=\"ez-toc-title-container\">\n<p class=\"ez-toc-title\" style=\"cursor:inherit\">Jaksot<\/p>\n<span class=\"ez-toc-title-toggle\"><a href=\"#\" class=\"ez-toc-pull-right ez-toc-btn ez-toc-btn-xs ez-toc-btn-default ez-toc-toggle\" aria-label=\"Sis\u00e4llysluettelon vaihtaminen\"><span class=\"ez-toc-js-icon-con\"><span class=\"\"><span class=\"eztoc-hide\" style=\"display:none;\">Toggle<\/span><span class=\"ez-toc-icon-toggle-span\"><svg style=\"fill: #999;color:#999\" xmlns=\"http:\/\/www.w3.org\/2000\/svg\" class=\"list-377408\" width=\"20px\" height=\"20px\" viewbox=\"0 0 24 24\" fill=\"none\"><path d=\"M6 6H4v2h2V6zm14 0H8v2h12V6zM4 11h2v2H4v-2zm16 0H8v2h12v-2zM4 16h2v2H4v-2zm16 0H8v2h12v-2z\" fill=\"currentColor\"><\/path><\/svg><svg style=\"fill: #999;color:#999\" class=\"arrow-unsorted-368013\" xmlns=\"http:\/\/www.w3.org\/2000\/svg\" width=\"10px\" height=\"10px\" viewbox=\"0 0 24 24\" version=\"1.2\" baseprofile=\"tiny\"><path d=\"M18.2 9.3l-6.2-6.3-6.2 6.3c-.2.2-.3.4-.3.7s.1.5.3.7c.2.2.4.3.7.3h11c.3 0 .5-.1.7-.3.2-.2.3-.5.3-.7s-.1-.5-.3-.7zM5.8 14.7l6.2 6.3 6.2-6.3c.2-.2.3-.5.3-.7s-.1-.5-.3-.7c-.2-.2-.4-.3-.7-.3h-11c-.3 0-.5.1-.7.3-.2.2-.3.5-.3.7s.1.5.3.7z\"\/><\/svg><\/span><\/span><\/span><\/a><\/span><\/div>\n<nav><ul class='ez-toc-list ez-toc-list-level-1 eztoc-toggle-hide-by-default' ><li class='ez-toc-page-1 ez-toc-heading-level-2'><a class=\"ez-toc-link ez-toc-heading-1\" href=\"https:\/\/moverdb.com\/fi\/freight-forwarder\/freight-forwarding-uk\/stockport-freight-forwarder\/#Progressive_3pl_Ltd\" >Progressive 3pl Ltd<\/a><\/li><li class='ez-toc-page-1 ez-toc-heading-level-2'><a class=\"ez-toc-link ez-toc-heading-2\" href=\"https:\/\/moverdb.com\/fi\/freight-forwarder\/freight-forwarding-uk\/stockport-freight-forwarder\/#FREEDOM_LOGISTICS_UK_LTD\" >FREEDOM LOGISTICS UK LTD<\/a><\/li><li class='ez-toc-page-1 ez-toc-heading-level-2'><a class=\"ez-toc-link ez-toc-heading-3\" href=\"https:\/\/moverdb.com\/fi\/freight-forwarder\/freight-forwarding-uk\/stockport-freight-forwarder\/#C_R_Global_Logistics_Ltd\" >C &amp; R Global Logistics Ltd<\/a><\/li><li class='ez-toc-page-1 ez-toc-heading-level-2'><a class=\"ez-toc-link ez-toc-heading-4\" href=\"https:\/\/moverdb.com\/fi\/freight-forwarder\/freight-forwarding-uk\/stockport-freight-forwarder\/#How_we_picked_the_best_Stockport_Freight_Forwarding_Companies\" >Miten valitsimme parhaat Stockportin huolintayritykset?<\/a><\/li><\/ul><\/nav><\/div>\n<h2><span class=\"ez-toc-section\" id=\"Progressive_3pl_Ltd\"><\/span>Progressive 3pl Ltd<span class=\"ez-toc-section-end\"><\/span><\/h2>\n<p><img decoding=\"async\" src=\"https:\/\/moverdb.com\/wp-content\/uploads\/thumbnailpanoid8mjyWxwXBHFcdU-nZfP6lQcb_clientsearch.gws-prod.gpsw408h240yaw262.jpg\" alt='Progressive 3pl Ltd' class=\"aligncenter\"><\/p>\n<p><strong>Kuvaus yrityksest\u00e4: <\/strong>Ei toimitettu<\/p>\n<p><strong>Lis\u00e4palvelut:<\/strong><\/p>\n<p>Ei ole lueteltu<\/p>\n<p><strong>Osoite:<\/strong> 2 Horsfield Way, Bredbury, Stockport SK6 2SU<\/p>\n<p><a href=\"http:\/\/www.pro3pl.co.uk\/contact-us\/\" target=\"_new\" rel=\"noopener\">Progressive 3pl Ltd:n verkkosivusto<\/a><\/p>\n<p><strong>Arvostelupisteet: <\/strong>4<br \/> <strong>Arvostelujen m\u00e4\u00e4r\u00e4:<\/strong> 7<br \/><a href=\"https:\/\/www.google.co.uk\/maps?cid=851158904572935589&#038;hl=en&#038;gl=GB\" target=\"_new\" rel=\"noopener\">Lue arvosteluja<\/a><\/p>\n<h2><span class=\"ez-toc-section\" id=\"FREEDOM_LOGISTICS_UK_LTD\"><\/span>FREEDOM LOGISTICS UK LTD<span class=\"ez-toc-section-end\"><\/span><\/h2>\n<p><img decoding=\"async\" src=\"https:\/\/moverdb.com\/wp-content\/uploads\/thumbnailpanoidR9QTqp9qiUsn_k0GGQMATwcb_clientsearch.gws-prod.gpsw408h240yaw341.jpg\" alt='FREEDOM LOGISTICS UK LTD' class=\"aligncenter\"><\/p>\n<p><strong>Kuvaus yrityksest\u00e4: <\/strong>Ei toimitettu<\/p>\n<p><strong>Lis\u00e4palvelut:<\/strong><\/p>\n<p>Ei ole lueteltu<\/p>\n<p><strong>Osoite:<\/strong> SBIC, Broadstone Mill, Broadstone Road, Stockport SK5 7DL.<\/p>\n<p><a href=\"http:\/\/www.freedomlogisticsuk.co.uk\/\" target=\"_new\" rel=\"noopener\">FREEDOM LOGISTICS UK LTD -verkkosivusto<\/a><\/p>\n<p><strong>Arvostelupisteet: <\/strong>4<br \/> <strong>Arvostelujen m\u00e4\u00e4r\u00e4:<\/strong> 1<br \/><a href=\"https:\/\/www.google.co.uk\/maps?cid=75955242568249984&#038;hl=en&#038;gl=GB\" target=\"_new\" rel=\"noopener\">Lue arvosteluja<\/a><\/p>\n<h2><span class=\"ez-toc-section\" id=\"C_R_Global_Logistics_Ltd\"><\/span>C &amp; R Global Logistics Ltd<span class=\"ez-toc-section-end\"><\/span><\/h2>\n<p><img decoding=\"async\" src=\"https:\/\/moverdb.com\/wp-content\/uploads\/AF1QipNgA_rfTAe4Or-AeNkc-6fKMO1yDWfFGFMck30uw550-h240-k-no.jpg\" alt='C &amp; R Global Logistics Ltd' class=\"aligncenter\"><\/p>\n<p><strong>Kuvaus yrityksest\u00e4: <\/strong>Huolitsijaliikenne , Logistiikka , Tulliselvitys, Lentorahtiliikenne, Merikuljetus, Maantieliikenne, Varastointi, <a href=\"https:\/\/moverdb.com\/fi\/container-shipping\/\" data-internallinksmanager029f6b8e52c=\"3\" title=\"Kansainv\u00e4lisen konttikuljetuksen hinnat: huhtikuu 2026\">Konttikuljetukset<\/a> ,Amazon Fullfilment , Toimitus , Euroopan<br \/>\nKuorma-autoliikennepalvelu, toimitus, henkil\u00f6kohtaiset tavarat, tulliv\u00e4litt\u00e4j\u00e4, Hmrc ,<\/p>\n<p><strong>Lis\u00e4palvelut:<\/strong><\/p>\n<p>Konttipalvelu<\/p>\n<p>Tulliv\u00e4litt\u00e4j\u00e4<\/p>\n<p>Logistiikkapalvelu<\/p>\n<p>Kuljetuspalvelu<\/p>\n<p><strong>Osoite:<\/strong> Regent House, Heaton Ln, Stockport SK4 1BS<\/p>\n<p><a href=\"http:\/\/crgloballogistics.com\/\" target=\"_new\" rel=\"noopener\">C &amp; R Global Logistics Ltd:n verkkosivusto<\/a><\/p>\n<p><strong>Arvostelupisteet: <\/strong>5<br \/> <strong>Arvostelujen m\u00e4\u00e4r\u00e4:<\/strong> 1<br \/><a href=\"https:\/\/www.google.co.uk\/maps?cid=448966597327564101&#038;hl=en&#038;gl=GB\" target=\"_new\" rel=\"noopener\">Lue arvosteluja<\/a><\/p>\n<h2><span class=\"ez-toc-section\" id=\"How_we_picked_the_best_Stockport_Freight_Forwarding_Companies\"><\/span>Miten valitsimme parhaat Stockportin huolintayritykset?<span class=\"ez-toc-section-end\"><\/span><\/h2>\n<p>Aloitimme Google Mapsin kautta l\u00f6yt\u00e4m\u00e4mme 5 Stockportin rahdinkuljetusyrityksen aineistosta ja rajasimme ne kolmeen parhaaseen.<\/p>\n<p>T\u00e4t\u00e4 varten poistimme kaikki yritykset, jotka:<\/p>\n<ul>\n<li> Ei ollut verkkosivustoa<\/li>\n<li> Ei ollut arvosteluja<\/li>\n<li> Arvostelujen keskiarvo oli alle 2,0<\/li>\n<\/ul>\n<p>T\u00e4ss\u00e4 vaiheessa, jos meill\u00e4 oli 17 tai v\u00e4hemm\u00e4n huolitsijoita, luetteloimme ne kaikki.<\/p>\n<p>Niihin kaupunkeihin, joissa oli yli 17 huolitsijaa, tehtiin lis\u00e4tarkistuksia joko nostamalla vaadittua arvostelupistem\u00e4\u00e4r\u00e4\u00e4 (esim. nostamalla arvostelujen v\u00e4himm\u00e4ism\u00e4\u00e4r\u00e4 2,0:sta 4,0:aan) ja\/tai nostamalla vaadittujen arvostelujen v\u00e4himm\u00e4ism\u00e4\u00e4r\u00e4\u00e4 (esim. nostamalla arvostelujen v\u00e4himm\u00e4ism\u00e4\u00e4r\u00e4 yhdest\u00e4 arvostelusta v\u00e4hint\u00e4\u00e4n kymmeneen).<\/p>\n<p>Huomaa, ett\u00e4 k\u00e4ytimme vain Google Mapsin tarkistustietoja, emme mink\u00e4\u00e4n muun kolmannen osapuolen verkkosivustoja.<\/p>\n<p>Lis\u00e4\u00e4 kaupunkeja:<\/p>\n<p><a href=\"https:\/\/moverdb.com\/fi\/huolitsija\/freight-forwarding-uk\/colchester-freight-forwarder\/\">Colchesterin huolitsija<\/a><br \/><a href=\"https:\/\/moverdb.com\/fi\/huolitsija\/freight-forwarding-uk\/northampton-freight-forwarder\/\">Northamptonin huolitsija<\/a><br \/><a href=\"https:\/\/moverdb.com\/fi\/huolitsija\/freight-forwarding-uk\/iver-freight-forwarder\/\">Iverin huolitsija<\/a><br \/><a href=\"https:\/\/moverdb.com\/fi\/huolitsija\/freight-forwarding-uk\/nuneaton-freight-forwarder\/\">Nuneaton huolitsija<\/a><br \/><a href=\"https:\/\/moverdb.com\/fi\/huolitsija\/freight-forwarding-uk\/belvedere-freight-forwarder\/\">Belvedere huolitsija<\/a><\/p>","protected":false},"excerpt":{"rendered":"<p>Below we look at the 3 &#8220;best&#8221; Freight Forwarding companies in Stockport out of 5. To learn more about how we chose the best please consult our FAQ section at the end. Please not the following listings are in no particular order and we are not making any recommendations for any particular company. Progressive 3pl [&hellip;]<\/p>\n","protected":false},"author":1,"featured_media":0,"parent":13427,"menu_order":0,"comment_status":"open","ping_status":"open","template":"","meta":{"_genesis_hide_title":false,"_genesis_hide_breadcrumbs":false,"_genesis_hide_singular_image":false,"_genesis_hide_footer_widgets":false,"_genesis_custom_body_class":"","_genesis_custom_post_class":"","_genesis_layout":"","footnotes":""},"class_list":{"0":"post-13957","1":"page","2":"type-page","3":"status-publish","5":"entry"},"_links":{"self":[{"href":"https:\/\/moverdb.com\/fi\/wp-json\/wp\/v2\/pages\/13957","targetHints":{"allow":["GET"]}}],"collection":[{"href":"https:\/\/moverdb.com\/fi\/wp-json\/wp\/v2\/pages"}],"about":[{"href":"https:\/\/moverdb.com\/fi\/wp-json\/wp\/v2\/types\/page"}],"author":[{"embeddable":true,"href":"https:\/\/moverdb.com\/fi\/wp-json\/wp\/v2\/users\/1"}],"replies":[{"embeddable":true,"href":"https:\/\/moverdb.com\/fi\/wp-json\/wp\/v2\/comments?post=13957"}],"version-history":[{"count":1,"href":"https:\/\/moverdb.com\/fi\/wp-json\/wp\/v2\/pages\/13957\/revisions"}],"predecessor-version":[{"id":15778,"href":"https:\/\/moverdb.com\/fi\/wp-json\/wp\/v2\/pages\/13957\/revisions\/15778"}],"up":[{"embeddable":true,"href":"https:\/\/moverdb.com\/fi\/wp-json\/wp\/v2\/pages\/13427"}],"wp:attachment":[{"href":"https:\/\/moverdb.com\/fi\/wp-json\/wp\/v2\/media?parent=13957"}],"curies":[{"name":"wp","href":"https:\/\/api.w.org\/{rel}","templated":true}]}}