{"id":13938,"date":"2023-11-08T15:53:26","date_gmt":"2023-11-08T15:53:26","guid":{"rendered":"https:\/\/moverdb.com\/freight-forwarder\/freight-forwarding-uk\/edinburgh-freight-forwarder\/"},"modified":"2026-01-08T13:17:29","modified_gmt":"2026-01-08T13:17:29","slug":"edinburgh-freight-forwarder","status":"publish","type":"page","link":"https:\/\/moverdb.com\/fi\/freight-forwarder\/freight-forwarding-uk\/edinburgh-freight-forwarder\/","title":{"rendered":"3 parasta Edinburghin rahdinkuljetusyrityst\u00e4 (2024)"},"content":{"rendered":"<p>Seuraavassa tarkastellaan 3 <em>\"paras\"<\/em> Kuljetusyritykset <a href=\"\" data-internallinksmanager029f6b8e52c=\"44\" title=\"Edinburgh\">Edinburgh<\/a> 4:st\u00e4.<\/p>\n<p>Jos haluat lis\u00e4tietoja siit\u00e4, miten valitsimme parhaat, tutustu lopussa olevaan FAQ-osioon.<\/p>\n<p><em>Huomaa, ett\u00e4 seuraavat luettelot eiv\u00e4t ole tietyss\u00e4 j\u00e4rjestyksess\u00e4, emmek\u00e4 suosittele mit\u00e4\u00e4n tietty\u00e4 yrityst\u00e4.<\/em><\/p>\n<div id=\"ez-toc-container\" class=\"ez-toc-v2_0_82_2 ez-toc-wrap-left counter-hierarchy ez-toc-counter ez-toc-transparent ez-toc-container-direction\">\n<div class=\"ez-toc-title-container\">\n<p class=\"ez-toc-title\" style=\"cursor:inherit\">Jaksot<\/p>\n<span class=\"ez-toc-title-toggle\"><a href=\"#\" class=\"ez-toc-pull-right ez-toc-btn ez-toc-btn-xs ez-toc-btn-default ez-toc-toggle\" aria-label=\"Sis\u00e4llysluettelon vaihtaminen\"><span class=\"ez-toc-js-icon-con\"><span class=\"\"><span class=\"eztoc-hide\" style=\"display:none;\">Toggle<\/span><span class=\"ez-toc-icon-toggle-span\"><svg style=\"fill: #999;color:#999\" xmlns=\"http:\/\/www.w3.org\/2000\/svg\" class=\"list-377408\" width=\"20px\" height=\"20px\" viewbox=\"0 0 24 24\" fill=\"none\"><path d=\"M6 6H4v2h2V6zm14 0H8v2h12V6zM4 11h2v2H4v-2zm16 0H8v2h12v-2zM4 16h2v2H4v-2zm16 0H8v2h12v-2z\" fill=\"currentColor\"><\/path><\/svg><svg style=\"fill: #999;color:#999\" class=\"arrow-unsorted-368013\" xmlns=\"http:\/\/www.w3.org\/2000\/svg\" width=\"10px\" height=\"10px\" viewbox=\"0 0 24 24\" version=\"1.2\" baseprofile=\"tiny\"><path d=\"M18.2 9.3l-6.2-6.3-6.2 6.3c-.2.2-.3.4-.3.7s.1.5.3.7c.2.2.4.3.7.3h11c.3 0 .5-.1.7-.3.2-.2.3-.5.3-.7s-.1-.5-.3-.7zM5.8 14.7l6.2 6.3 6.2-6.3c.2-.2.3-.5.3-.7s-.1-.5-.3-.7c-.2-.2-.4-.3-.7-.3h-11c-.3 0-.5.1-.7.3-.2.2-.3.5-.3.7s.1.5.3.7z\"\/><\/svg><\/span><\/span><\/span><\/a><\/span><\/div>\n<nav><ul class='ez-toc-list ez-toc-list-level-1 eztoc-toggle-hide-by-default' ><li class='ez-toc-page-1 ez-toc-heading-level-2'><a class=\"ez-toc-link ez-toc-heading-1\" href=\"https:\/\/moverdb.com\/fi\/freight-forwarder\/freight-forwarding-uk\/edinburgh-freight-forwarder\/#SM_Globally_Sorted_Ltd\" >SM Globally Sorted Ltd<\/a><\/li><li class='ez-toc-page-1 ez-toc-heading-level-2'><a class=\"ez-toc-link ez-toc-heading-2\" href=\"https:\/\/moverdb.com\/fi\/freight-forwarder\/freight-forwarding-uk\/edinburgh-freight-forwarder\/#W_F_S_Worldwide_Flight_Services\" >W F S Maailmanlaajuiset lentopalvelut<\/a><\/li><li class='ez-toc-page-1 ez-toc-heading-level-2'><a class=\"ez-toc-link ez-toc-heading-3\" href=\"https:\/\/moverdb.com\/fi\/freight-forwarder\/freight-forwarding-uk\/edinburgh-freight-forwarder\/#SeaRatescom\" >SeaRates.com<\/a><\/li><li class='ez-toc-page-1 ez-toc-heading-level-2'><a class=\"ez-toc-link ez-toc-heading-4\" href=\"https:\/\/moverdb.com\/fi\/freight-forwarder\/freight-forwarding-uk\/edinburgh-freight-forwarder\/#How_we_picked_the_best_Edinburgh_Freight_Forwarding_Companies\" >Miten valitsimme parhaat Edinburghin huolintayritykset?<\/a><\/li><\/ul><\/nav><\/div>\n<h2><span class=\"ez-toc-section\" id=\"SM_Globally_Sorted_Ltd\"><\/span>SM Globally Sorted Ltd<span class=\"ez-toc-section-end\"><\/span><\/h2>\n<p><img decoding=\"async\" src=\"https:\/\/moverdb.com\/wp-content\/uploads\/AF1QipOorZq_NRmHUfR9a8a0Zo8rZlJrHoPOt5J04PX9w408-h306-k-no.jpg\" alt='SM Globally Sorted Ltd' class=\"aligncenter\"><\/p>\n<p><strong>Kuvaus yrityksest\u00e4: <\/strong>Ty\u00f6skentelemme ymp\u00e4ri vuorokauden varmistaaksemme, ett\u00e4 toimitamme tuotteet ajallaan, joka kerta.<\/p>\n<p>Ota ensimm\u00e4iset askeleet, niin n\u00e4yt\u00e4mme sinulle, mit\u00e4 voimme tehd\u00e4.<\/p>\n<p>.<\/p>\n<p>.<\/p>\n<p>.<\/p>\n<p>* Rahapalvelut<br \/>\n* Tapahtumien tuotanto<br \/>\n* Kontti-\/laivausvaraukset<br \/>\n* Rahdin huolinta<br \/>\n* pakettien j\u00e4tt\u00f6-\/noutopiste<\/p>\n<p><strong>Lis\u00e4palvelut:<\/strong><\/p>\n<p>Konttien toimittaja<\/p>\n<p>Musiikin hallinnointi ja myynninedist\u00e4minen<\/p>\n<p><strong>Osoite:<\/strong> 36 Great Jct St, Leith, Edinburgh EH6 5LA<\/p>\n<p><a href=\"http:\/\/www.smgloballysorted.com\/\" target=\"_new\" rel=\"noopener\">SM Globally Sorted Ltd:n verkkosivusto<\/a><\/p>\n<p><strong>Arvostelupisteet: <\/strong>4.9<br \/> <strong>Arvostelujen m\u00e4\u00e4r\u00e4:<\/strong> 15<br \/><a href=\"https:\/\/www.google.co.uk\/maps?cid=16894534534254457382&#038;hl=en&#038;gl=GB\" target=\"_new\" rel=\"noopener\">Lue arvosteluja<\/a><\/p>\n<h2><span class=\"ez-toc-section\" id=\"W_F_S_Worldwide_Flight_Services\"><\/span>W F S Maailmanlaajuiset lentopalvelut<span class=\"ez-toc-section-end\"><\/span><\/h2>\n<p><img decoding=\"async\" src=\"https:\/\/moverdb.com\/wp-content\/uploads\/thumbnailpanoid2OkUi80ZislwqT5KAKk3HAcb_clientsearch.gws-prod.gpsw408h240yaw239.jpg\" alt='W F S Maailmanlaajuiset lentopalvelut' class=\"aligncenter\"><\/p>\n<p><strong>Kuvaus yrityksest\u00e4: <\/strong>Rahdin k\u00e4sittelypalvelut<\/p>\n<p><strong>Lis\u00e4palvelut:<\/strong><\/p>\n<p>Ei ole lueteltu<\/p>\n<p><strong>Osoite:<\/strong> Cargo Terminal, Turnhouse Rd, Edinburgh EH12 0AL<\/p>\n<p><a href=\"http:\/\/www.wfs.aero\/\" target=\"_new\" rel=\"noopener\">W F S Worldwide Flight Services -verkkosivusto<\/a><\/p>\n<p><strong>Arvostelupisteet: <\/strong>4.4<br \/> <strong>Arvostelujen m\u00e4\u00e4r\u00e4:<\/strong> 31<br \/><a href=\"https:\/\/www.google.co.uk\/maps?cid=9592439010681384546&#038;hl=en&#038;gl=GB\" target=\"_new\" rel=\"noopener\">Lue arvosteluja<\/a><\/p>\n<h2><span class=\"ez-toc-section\" id=\"SeaRatescom\"><\/span>SeaRates.com<span class=\"ez-toc-section-end\"><\/span><\/h2>\n<p><img decoding=\"async\" src=\"https:\/\/moverdb.com\/wp-content\/uploads\/thumbnailpanoidUuONa3h8VoqRKpoir87Ikgcb_clientsearch.gws-prod.gpsw408h240yaw332.jpg\" alt='SeaRates.com' class=\"aligncenter\"><\/p>\n<p><strong>Kuvaus yrityksest\u00e4: <\/strong>Ei toimitettu<\/p>\n<p><strong>Lis\u00e4palvelut:<\/strong><\/p>\n<p>Toimitusyhti\u00f6<\/p>\n<p><strong>Osoite:<\/strong> 101 Rose St S Ln, Edinburgh EH4 4UQ<\/p>\n<p><a href=\"https:\/\/www.searates.com\/\" target=\"_new\" rel=\"noopener\">SeaRates.com-sivusto<\/a><\/p>\n<p><strong>Arvostelupisteet: <\/strong>4.4<br \/> <strong>Arvostelujen m\u00e4\u00e4r\u00e4:<\/strong> 16<br \/><a href=\"https:\/\/www.google.co.uk\/maps?cid=1187702434461284683&#038;hl=en&#038;gl=GB\" target=\"_new\" rel=\"noopener\">Lue arvosteluja<\/a><\/p>\n<h2><span class=\"ez-toc-section\" id=\"How_we_picked_the_best_Edinburgh_Freight_Forwarding_Companies\"><\/span>Miten valitsimme parhaat Edinburghin huolintayritykset?<span class=\"ez-toc-section-end\"><\/span><\/h2>\n<p>Aloitimme Google Mapsin kautta l\u00f6yt\u00e4m\u00e4mme 4 Edinburghin huolintayrityksen aineistosta ja rajasimme ne kolmeen parhaaseen.<\/p>\n<p>T\u00e4t\u00e4 varten poistimme kaikki yritykset, jotka:<\/p>\n<ul>\n<li> Ei ollut verkkosivustoa<\/li>\n<li> Ei ollut arvosteluja<\/li>\n<li> Arvostelujen keskiarvo oli alle 2,0<\/li>\n<\/ul>\n<p>T\u00e4ss\u00e4 vaiheessa, jos meill\u00e4 oli 17 tai v\u00e4hemm\u00e4n huolitsijoita, luetteloimme ne kaikki.<\/p>\n<p>Niihin kaupunkeihin, joissa oli yli 17 huolitsijaa, tehtiin lis\u00e4tarkistuksia joko nostamalla vaadittua arvostelupistem\u00e4\u00e4r\u00e4\u00e4 (esim. nostamalla arvostelujen v\u00e4himm\u00e4ism\u00e4\u00e4r\u00e4 2,0:sta 4,0:aan) ja\/tai nostamalla vaadittujen arvostelujen v\u00e4himm\u00e4ism\u00e4\u00e4r\u00e4\u00e4 (esim. nostamalla arvostelujen v\u00e4himm\u00e4ism\u00e4\u00e4r\u00e4 yhdest\u00e4 arvostelusta v\u00e4hint\u00e4\u00e4n kymmeneen).<\/p>\n<p>Huomaa, ett\u00e4 k\u00e4ytimme vain Google Mapsin tarkistustietoja, emme mink\u00e4\u00e4n muun kolmannen osapuolen verkkosivustoja.<\/p>\n<p>Lis\u00e4\u00e4 kaupunkeja:<\/p>\n<p><a href=\"https:\/\/moverdb.com\/fi\/huolitsija\/freight-forwarding-uk\/wakefield-freight-forwarder\/\">Wakefieldin huolitsija<\/a><br \/><a href=\"https:\/\/moverdb.com\/fi\/huolitsija\/freight-forwarding-uk\/christchurch-freight-forwarder\/\">Christchurchin huolitsija<\/a><br \/><a href=\"https:\/\/moverdb.com\/fi\/huolitsija\/freight-forwarding-uk\/braintree-freight-forwarder\/\">Braintree Rahtihuolitsija<\/a><br \/><a href=\"https:\/\/moverdb.com\/fi\/huolitsija\/freight-forwarding-uk\/ilford-freight-forwarder\/\">Ilfordin huolitsija<\/a><br \/><a href=\"https:\/\/moverdb.com\/fi\/huolitsija\/freight-forwarding-uk\/stockport-freight-forwarder\/\">Stockportin huolitsija<\/a><\/p>","protected":false},"excerpt":{"rendered":"<p>Below we look at the 3 &#8220;best&#8221; Freight Forwarding companies in Edinburgh out of 4. To learn more about how we chose the best please consult our FAQ section at the end. Please not the following listings are in no particular order and we are not making any recommendations for any particular company. SM Globally [&hellip;]<\/p>\n","protected":false},"author":1,"featured_media":0,"parent":13427,"menu_order":0,"comment_status":"open","ping_status":"open","template":"","meta":{"_genesis_hide_title":false,"_genesis_hide_breadcrumbs":false,"_genesis_hide_singular_image":false,"_genesis_hide_footer_widgets":false,"_genesis_custom_body_class":"","_genesis_custom_post_class":"","_genesis_layout":"","footnotes":""},"class_list":{"0":"post-13938","1":"page","2":"type-page","3":"status-publish","5":"entry"},"_links":{"self":[{"href":"https:\/\/moverdb.com\/fi\/wp-json\/wp\/v2\/pages\/13938","targetHints":{"allow":["GET"]}}],"collection":[{"href":"https:\/\/moverdb.com\/fi\/wp-json\/wp\/v2\/pages"}],"about":[{"href":"https:\/\/moverdb.com\/fi\/wp-json\/wp\/v2\/types\/page"}],"author":[{"embeddable":true,"href":"https:\/\/moverdb.com\/fi\/wp-json\/wp\/v2\/users\/1"}],"replies":[{"embeddable":true,"href":"https:\/\/moverdb.com\/fi\/wp-json\/wp\/v2\/comments?post=13938"}],"version-history":[{"count":1,"href":"https:\/\/moverdb.com\/fi\/wp-json\/wp\/v2\/pages\/13938\/revisions"}],"predecessor-version":[{"id":15765,"href":"https:\/\/moverdb.com\/fi\/wp-json\/wp\/v2\/pages\/13938\/revisions\/15765"}],"up":[{"embeddable":true,"href":"https:\/\/moverdb.com\/fi\/wp-json\/wp\/v2\/pages\/13427"}],"wp:attachment":[{"href":"https:\/\/moverdb.com\/fi\/wp-json\/wp\/v2\/media?parent=13938"}],"curies":[{"name":"wp","href":"https:\/\/api.w.org\/{rel}","templated":true}]}}