{"id":13916,"date":"2023-11-08T15:53:26","date_gmt":"2023-11-08T15:53:26","guid":{"rendered":"https:\/\/moverdb.com\/freight-forwarder\/freight-forwarding-uk\/cardiff-freight-forwarder\/"},"modified":"2026-01-08T13:17:48","modified_gmt":"2026-01-08T13:17:48","slug":"cardiff-freight-forwarder","status":"publish","type":"page","link":"https:\/\/moverdb.com\/fi\/freight-forwarder\/freight-forwarding-uk\/cardiff-freight-forwarder\/","title":{"rendered":"4 parasta Cardiffin huolintayhti\u00f6t\u00e4 (2024)"},"content":{"rendered":"<p>Seuraavassa tarkastelemme 4 <em>\"paras\"<\/em> Kuljetusyritykset <a href=\"\" data-internallinksmanager029f6b8e52c=\"38\" title=\"Cardiff\">Cardiff<\/a> 8:sta.<\/p>\n<p>Jos haluat lis\u00e4tietoja siit\u00e4, miten valitsimme parhaat, tutustu lopussa olevaan FAQ-osioon.<\/p>\n<p><em>Huomaa, ett\u00e4 seuraavat luettelot eiv\u00e4t ole tietyss\u00e4 j\u00e4rjestyksess\u00e4, emmek\u00e4 suosittele mit\u00e4\u00e4n tietty\u00e4 yrityst\u00e4.<\/em><\/p>\n<div id=\"ez-toc-container\" class=\"ez-toc-v2_0_82_2 ez-toc-wrap-left counter-hierarchy ez-toc-counter ez-toc-transparent ez-toc-container-direction\">\n<div class=\"ez-toc-title-container\">\n<p class=\"ez-toc-title\" style=\"cursor:inherit\">Jaksot<\/p>\n<span class=\"ez-toc-title-toggle\"><a href=\"#\" class=\"ez-toc-pull-right ez-toc-btn ez-toc-btn-xs ez-toc-btn-default ez-toc-toggle\" aria-label=\"Sis\u00e4llysluettelon vaihtaminen\"><span class=\"ez-toc-js-icon-con\"><span class=\"\"><span class=\"eztoc-hide\" style=\"display:none;\">Toggle<\/span><span class=\"ez-toc-icon-toggle-span\"><svg style=\"fill: #999;color:#999\" xmlns=\"http:\/\/www.w3.org\/2000\/svg\" class=\"list-377408\" width=\"20px\" height=\"20px\" viewbox=\"0 0 24 24\" fill=\"none\"><path d=\"M6 6H4v2h2V6zm14 0H8v2h12V6zM4 11h2v2H4v-2zm16 0H8v2h12v-2zM4 16h2v2H4v-2zm16 0H8v2h12v-2z\" fill=\"currentColor\"><\/path><\/svg><svg style=\"fill: #999;color:#999\" class=\"arrow-unsorted-368013\" xmlns=\"http:\/\/www.w3.org\/2000\/svg\" width=\"10px\" height=\"10px\" viewbox=\"0 0 24 24\" version=\"1.2\" baseprofile=\"tiny\"><path d=\"M18.2 9.3l-6.2-6.3-6.2 6.3c-.2.2-.3.4-.3.7s.1.5.3.7c.2.2.4.3.7.3h11c.3 0 .5-.1.7-.3.2-.2.3-.5.3-.7s-.1-.5-.3-.7zM5.8 14.7l6.2 6.3 6.2-6.3c.2-.2.3-.5.3-.7s-.1-.5-.3-.7c-.2-.2-.4-.3-.7-.3h-11c-.3 0-.5.1-.7.3-.2.2-.3.5-.3.7s.1.5.3.7z\"\/><\/svg><\/span><\/span><\/span><\/a><\/span><\/div>\n<nav><ul class='ez-toc-list ez-toc-list-level-1 eztoc-toggle-hide-by-default' ><li class='ez-toc-page-1 ez-toc-heading-level-2'><a class=\"ez-toc-link ez-toc-heading-1\" href=\"https:\/\/moverdb.com\/fi\/freight-forwarder\/freight-forwarding-uk\/cardiff-freight-forwarder\/#Kintetsu_World_Express\" >Kintetsu World Express<\/a><\/li><li class='ez-toc-page-1 ez-toc-heading-level-2'><a class=\"ez-toc-link ez-toc-heading-2\" href=\"https:\/\/moverdb.com\/fi\/freight-forwarder\/freight-forwarding-uk\/cardiff-freight-forwarder\/#FSEW_International_freight_Forwarders\" >FSEW. Kansainv\u00e4liset huolitsijat.<\/a><\/li><li class='ez-toc-page-1 ez-toc-heading-level-2'><a class=\"ez-toc-link ez-toc-heading-3\" href=\"https:\/\/moverdb.com\/fi\/freight-forwarder\/freight-forwarding-uk\/cardiff-freight-forwarder\/#Freightliner\" >Freightliner<\/a><\/li><li class='ez-toc-page-1 ez-toc-heading-level-2'><a class=\"ez-toc-link ez-toc-heading-4\" href=\"https:\/\/moverdb.com\/fi\/freight-forwarder\/freight-forwarding-uk\/cardiff-freight-forwarder\/#Jas\" >Jas<\/a><\/li><li class='ez-toc-page-1 ez-toc-heading-level-2'><a class=\"ez-toc-link ez-toc-heading-5\" href=\"https:\/\/moverdb.com\/fi\/freight-forwarder\/freight-forwarding-uk\/cardiff-freight-forwarder\/#How_we_picked_the_best_Cardiff_Freight_Forwarding_Companies\" >Miten valitsimme parhaat Cardiffin huolintayritykset?<\/a><\/li><\/ul><\/nav><\/div>\n<h2><span class=\"ez-toc-section\" id=\"Kintetsu_World_Express\"><\/span>Kintetsu World Express<span class=\"ez-toc-section-end\"><\/span><\/h2>\n<p><img decoding=\"async\" src=\"https:\/\/moverdb.com\/wp-content\/uploads\/thumbnailpanoidTZlTopB7YFgI2hqkz0aK0Acb_clientsearch.gws-prod.gpsw408h240yaw359.jpg\" alt='Kintetsu World Express' class=\"aligncenter\"><\/p>\n<p><strong>Kuvaus yrityksest\u00e4: <\/strong>P\u00e4\u00e4konttori Tokiossa , <a href=\"https:\/\/moverdb.com\/fi\/moving-to-japan\/\" data-internallinksmanager029f6b8e52c=\"342\" title=\"Muutatko Japaniin? 2023 Elinkustannukset ja muuttovinkit\">Japani<\/a>, KWE, Kintetsu World Express sai alkunsa vuonna 1948, ja siit\u00e4 on tullut logistiikka-alan 15 parhaan maailmanlaajuisen toimijan joukossa.<\/p>\n<p>Integroitu maailmanlaajuinen logistiikkakumppani, joka tarjoaa palkittuja toimitusketjun hallintapalveluja, hankintoja, toimittajahallintaa, meri- ja lentorahtikuljetuksia, 3pl-varastointia, kuljetuksia ja tullausta.<\/p>\n<p>KWE:ll\u00e4 on yli 18.<\/p>\n<p>000 ty\u00f6ntekij\u00e4\u00e4, ja se toimii 46 maassa yli 850 toimipaikalla.<\/p>\n<p>KWE on erikoistunut autoteollisuuden, l\u00e4\u00e4ke- ja terveydenhuollon, ilmailu- ja avaruusalan, elektroniikan ja v\u00e4hitt\u00e4iskaupan logistiikkaan.<\/p>\n<p>Toukokuussa 2015 KWE osti APL Logisticsin, mik\u00e4 vahvisti entisest\u00e4\u00e4n logistiikkapalvelujen valikoimaa.<\/p>\n<p><strong>Lis\u00e4palvelut:<\/strong><\/p>\n<p>Logistiikkapalvelu<\/p>\n<p>Toimitusyhti\u00f6<\/p>\n<p><strong>Osoite:<\/strong> capital business park Unit N1, The levels CF3 2PU<\/p>\n<p><a href=\"http:\/\/www.kwe.com\/\" target=\"_new\" rel=\"noopener\">Kintetsu World Expressin verkkosivusto<\/a><\/p>\n<p><strong>Arvostelupisteet: <\/strong>5<br \/> <strong>Arvostelujen m\u00e4\u00e4r\u00e4:<\/strong> 1<br \/><a href=\"https:\/\/www.google.co.uk\/maps?cid=1801613980239022071&#038;hl=en&#038;gl=GB\" target=\"_new\" rel=\"noopener\">Lue arvosteluja<\/a><\/p>\n<h2><span class=\"ez-toc-section\" id=\"FSEW_International_freight_Forwarders\"><\/span>FSEW. Kansainv\u00e4liset huolitsijat.<span class=\"ez-toc-section-end\"><\/span><\/h2>\n<p><img decoding=\"async\" src=\"https:\/\/moverdb.com\/wp-content\/uploads\/AF1QipPYwbUTiZXXTyC37y1_tcJ_W0m2ZaTbjiiq9Y8Sw408-h251-k-no.jpg\" alt='FSEW. Kansainv\u00e4liset huolitsijat.' class=\"aligncenter\"><\/p>\n<p><strong>Kuvaus yrityksest\u00e4: <\/strong>Ei toimitettu<\/p>\n<p><strong>Lis\u00e4palvelut:<\/strong><\/p>\n<p>Ei ole lueteltu<\/p>\n<p><strong>Osoite:<\/strong> Newlands Rd, St. Mellons, Cardiff CF3 2EU<\/p>\n<p><a href=\"http:\/\/www.fsew.com\/\" target=\"_new\" rel=\"noopener\">FSEW. Kansainv\u00e4liset huolitsijat. verkkosivusto<\/a><\/p>\n<p><strong>Arvostelupisteet: <\/strong>4.4<br \/> <strong>Arvostelujen m\u00e4\u00e4r\u00e4:<\/strong> 5<br \/><a href=\"https:\/\/www.google.co.uk\/maps?cid=9450346076741679460&#038;hl=en&#038;gl=GB\" target=\"_new\" rel=\"noopener\">Lue arvosteluja<\/a><\/p>\n<h2><span class=\"ez-toc-section\" id=\"Freightliner\"><\/span>Freightliner<span class=\"ez-toc-section-end\"><\/span><\/h2>\n<p><img decoding=\"async\" src=\"https:\/\/moverdb.com\/wp-content\/uploads\/AF1QipMqBVABEE6Gi8RF_wGfFZAgUyr9FPHe9YHmyZHtw408-h306-k-no.jpg\" alt='Freightliner' class=\"aligncenter\"><\/p>\n<p><strong>Kuvaus yrityksest\u00e4: <\/strong>Ei toimitettu<\/p>\n<p><strong>Lis\u00e4palvelut:<\/strong><\/p>\n<p>Ei ole lueteltu<\/p>\n<p><strong>Osoite:<\/strong> St. Mellons, Cardiff CF3<\/p>\n<p><a href=\"https:\/\/www.gwrr.co.uk\/about\/locations\/freightliner-cardiff\/\" target=\"_new\" rel=\"noopener\">Freightlinerin verkkosivusto<\/a><\/p>\n<p><strong>Arvostelupisteet: <\/strong>4.3<br \/> <strong>Arvostelujen m\u00e4\u00e4r\u00e4:<\/strong> 60<br \/><a href=\"https:\/\/www.google.co.uk\/maps?cid=2407344978988947668&#038;hl=en&#038;gl=GB\" target=\"_new\" rel=\"noopener\">Lue arvosteluja<\/a><\/p>\n<h2><span class=\"ez-toc-section\" id=\"Jas\"><\/span>Jas<span class=\"ez-toc-section-end\"><\/span><\/h2>\n<p><img decoding=\"async\" src=\"https:\/\/moverdb.com\/wp-content\/uploads\/thumbnailpanoidPa6guX4B68i1WoZu0zKl3gcb_clientsearch.gws-prod.gpsw408h240yaw358.jpg\" alt='Jas' class=\"aligncenter\"><\/p>\n<p><strong>Kuvaus yrityksest\u00e4: <\/strong>Ei toimitettu<\/p>\n<p><strong>Lis\u00e4palvelut:<\/strong><\/p>\n<p>Ei ole lueteltu<\/p>\n<p><strong>Osoite:<\/strong> B4239, Rumney, Cardiff CF3 2EW<\/p>\n<p><a href=\"https:\/\/www.jas.com\/\" target=\"_new\" rel=\"noopener\">Jasin verkkosivusto<\/a><\/p>\n<p><strong>Arvostelupisteet: <\/strong>3<br \/> <strong>Arvostelujen m\u00e4\u00e4r\u00e4:<\/strong> 1<br \/><a href=\"https:\/\/www.google.co.uk\/maps?cid=6337198687633806846&#038;hl=en&#038;gl=GB\" target=\"_new\" rel=\"noopener\">Lue arvosteluja<\/a><\/p>\n<h2><span class=\"ez-toc-section\" id=\"How_we_picked_the_best_Cardiff_Freight_Forwarding_Companies\"><\/span>Miten valitsimme parhaat Cardiffin huolintayritykset?<span class=\"ez-toc-section-end\"><\/span><\/h2>\n<p>Aloitimme Google Mapsin kautta l\u00f6yt\u00e4m\u00e4mme 8 cardiffilaisen huolintayrityksen aineistosta ja rajasimme ne nelj\u00e4\u00e4n parhaaseen.<\/p>\n<p>T\u00e4t\u00e4 varten poistimme kaikki yritykset, jotka:<\/p>\n<ul>\n<li> Ei ollut verkkosivustoa<\/li>\n<li> Ei ollut arvosteluja<\/li>\n<li> Arvostelujen keskiarvo oli alle 2,0<\/li>\n<\/ul>\n<p>T\u00e4ss\u00e4 vaiheessa, jos meill\u00e4 oli 17 tai v\u00e4hemm\u00e4n huolitsijoita, luetteloimme ne kaikki.<\/p>\n<p>Niihin kaupunkeihin, joissa oli yli 17 huolitsijaa, tehtiin lis\u00e4tarkistuksia joko nostamalla vaadittua arvostelupistem\u00e4\u00e4r\u00e4\u00e4 (esim. nostamalla arvostelujen v\u00e4himm\u00e4ism\u00e4\u00e4r\u00e4 2,0:sta 4,0:aan) ja\/tai nostamalla vaadittujen arvostelujen v\u00e4himm\u00e4ism\u00e4\u00e4r\u00e4\u00e4 (esim. nostamalla arvostelujen v\u00e4himm\u00e4ism\u00e4\u00e4r\u00e4 yhdest\u00e4 arvostelusta v\u00e4hint\u00e4\u00e4n kymmeneen).<\/p>\n<p>Huomaa, ett\u00e4 k\u00e4ytimme vain Google Mapsin tarkistustietoja, emme mink\u00e4\u00e4n muun kolmannen osapuolen verkkosivustoja.<\/p>\n<p>Lis\u00e4\u00e4 kaupunkeja:<\/p>\n<p><a href=\"https:\/\/moverdb.com\/fi\/huolitsija\/freight-forwarding-uk\/luton-freight-forwarder\/\">Lutonin huolitsija<\/a><br \/><a href=\"https:\/\/moverdb.com\/fi\/huolitsija\/freight-forwarding-uk\/milton-keynes-freight-forwarder\/\">Milton Keynesin huolitsija<\/a><br \/><a href=\"https:\/\/moverdb.com\/fi\/huolitsija\/freight-forwarding-uk\/aberdeen-freight-forwarder\/\">Aberdeenin huolitsija<\/a><br \/><a href=\"https:\/\/moverdb.com\/fi\/huolitsija\/freight-forwarding-uk\/heywood-freight-forwarder\/\">Heywoodin huolitsija<\/a><br \/><a href=\"https:\/\/moverdb.com\/fi\/huolitsija\/freight-forwarding-uk\/edinburgh-freight-forwarder\/\">Edinburghin huolitsija<\/a><\/p>","protected":false},"excerpt":{"rendered":"<p>Below we look at the 4 &#8220;best&#8221; Freight Forwarding companies in Cardiff out of 8. To learn more about how we chose the best please consult our FAQ section at the end. Please not the following listings are in no particular order and we are not making any recommendations for any particular company. Kintetsu World [&hellip;]<\/p>\n","protected":false},"author":1,"featured_media":0,"parent":13427,"menu_order":0,"comment_status":"open","ping_status":"open","template":"","meta":{"_genesis_hide_title":false,"_genesis_hide_breadcrumbs":false,"_genesis_hide_singular_image":false,"_genesis_hide_footer_widgets":false,"_genesis_custom_body_class":"","_genesis_custom_post_class":"","_genesis_layout":"","footnotes":""},"class_list":{"0":"post-13916","1":"page","2":"type-page","3":"status-publish","5":"entry"},"_links":{"self":[{"href":"https:\/\/moverdb.com\/fi\/wp-json\/wp\/v2\/pages\/13916","targetHints":{"allow":["GET"]}}],"collection":[{"href":"https:\/\/moverdb.com\/fi\/wp-json\/wp\/v2\/pages"}],"about":[{"href":"https:\/\/moverdb.com\/fi\/wp-json\/wp\/v2\/types\/page"}],"author":[{"embeddable":true,"href":"https:\/\/moverdb.com\/fi\/wp-json\/wp\/v2\/users\/1"}],"replies":[{"embeddable":true,"href":"https:\/\/moverdb.com\/fi\/wp-json\/wp\/v2\/comments?post=13916"}],"version-history":[{"count":1,"href":"https:\/\/moverdb.com\/fi\/wp-json\/wp\/v2\/pages\/13916\/revisions"}],"predecessor-version":[{"id":15781,"href":"https:\/\/moverdb.com\/fi\/wp-json\/wp\/v2\/pages\/13916\/revisions\/15781"}],"up":[{"embeddable":true,"href":"https:\/\/moverdb.com\/fi\/wp-json\/wp\/v2\/pages\/13427"}],"wp:attachment":[{"href":"https:\/\/moverdb.com\/fi\/wp-json\/wp\/v2\/media?parent=13916"}],"curies":[{"name":"wp","href":"https:\/\/api.w.org\/{rel}","templated":true}]}}