{"id":13902,"date":"2023-11-08T15:53:26","date_gmt":"2023-11-08T15:53:26","guid":{"rendered":"https:\/\/moverdb.com\/freight-forwarder\/freight-forwarding-uk\/crawley-freight-forwarder\/"},"modified":"2026-01-08T13:17:49","modified_gmt":"2026-01-08T13:17:49","slug":"crawley-freight-forwarder","status":"publish","type":"page","link":"https:\/\/moverdb.com\/fi\/freight-forwarder\/freight-forwarding-uk\/crawley-freight-forwarder\/","title":{"rendered":"4 parasta Crawleyn kuljetusyrityst\u00e4 (2024)"},"content":{"rendered":"<p>Seuraavassa tarkastelemme 4 <em>\"paras\"<\/em> Rahtihuolitsijat Crawley 9:st\u00e4.<\/p>\n<p>Jos haluat lis\u00e4tietoja siit\u00e4, miten valitsimme parhaat, tutustu lopussa olevaan FAQ-osioon.<\/p>\n<p><em>Huomaa, ett\u00e4 seuraavat luettelot eiv\u00e4t ole tietyss\u00e4 j\u00e4rjestyksess\u00e4, emmek\u00e4 suosittele mit\u00e4\u00e4n tietty\u00e4 yrityst\u00e4.<\/em><\/p>\n<div id=\"ez-toc-container\" class=\"ez-toc-v2_0_82_2 ez-toc-wrap-left counter-hierarchy ez-toc-counter ez-toc-transparent ez-toc-container-direction\">\n<div class=\"ez-toc-title-container\">\n<p class=\"ez-toc-title\" style=\"cursor:inherit\">Jaksot<\/p>\n<span class=\"ez-toc-title-toggle\"><a href=\"#\" class=\"ez-toc-pull-right ez-toc-btn ez-toc-btn-xs ez-toc-btn-default ez-toc-toggle\" aria-label=\"Sis\u00e4llysluettelon vaihtaminen\"><span class=\"ez-toc-js-icon-con\"><span class=\"\"><span class=\"eztoc-hide\" style=\"display:none;\">Toggle<\/span><span class=\"ez-toc-icon-toggle-span\"><svg style=\"fill: #999;color:#999\" xmlns=\"http:\/\/www.w3.org\/2000\/svg\" class=\"list-377408\" width=\"20px\" height=\"20px\" viewbox=\"0 0 24 24\" fill=\"none\"><path d=\"M6 6H4v2h2V6zm14 0H8v2h12V6zM4 11h2v2H4v-2zm16 0H8v2h12v-2zM4 16h2v2H4v-2zm16 0H8v2h12v-2z\" fill=\"currentColor\"><\/path><\/svg><svg style=\"fill: #999;color:#999\" class=\"arrow-unsorted-368013\" xmlns=\"http:\/\/www.w3.org\/2000\/svg\" width=\"10px\" height=\"10px\" viewbox=\"0 0 24 24\" version=\"1.2\" baseprofile=\"tiny\"><path d=\"M18.2 9.3l-6.2-6.3-6.2 6.3c-.2.2-.3.4-.3.7s.1.5.3.7c.2.2.4.3.7.3h11c.3 0 .5-.1.7-.3.2-.2.3-.5.3-.7s-.1-.5-.3-.7zM5.8 14.7l6.2 6.3 6.2-6.3c.2-.2.3-.5.3-.7s-.1-.5-.3-.7c-.2-.2-.4-.3-.7-.3h-11c-.3 0-.5.1-.7.3-.2.2-.3.5-.3.7s.1.5.3.7z\"\/><\/svg><\/span><\/span><\/span><\/a><\/span><\/div>\n<nav><ul class='ez-toc-list ez-toc-list-level-1 eztoc-toggle-hide-by-default' ><li class='ez-toc-page-1 ez-toc-heading-level-2'><a class=\"ez-toc-link ez-toc-heading-1\" href=\"https:\/\/moverdb.com\/fi\/freight-forwarder\/freight-forwarding-uk\/crawley-freight-forwarder\/#MED_Freight_Services\" >MED Rahtipalvelut<\/a><\/li><li class='ez-toc-page-1 ez-toc-heading-level-2'><a class=\"ez-toc-link ez-toc-heading-2\" href=\"https:\/\/moverdb.com\/fi\/freight-forwarder\/freight-forwarding-uk\/crawley-freight-forwarder\/#PBS_International_Freight_Limited\" >PBS International Freight Limited<\/a><\/li><li class='ez-toc-page-1 ez-toc-heading-level-2'><a class=\"ez-toc-link ez-toc-heading-3\" href=\"https:\/\/moverdb.com\/fi\/freight-forwarder\/freight-forwarding-uk\/crawley-freight-forwarder\/#Send2ChinaeEYeEa%C2%B8a%E2%80%BA%C2%BD\" >Send2China\u00e9\u20ac\u0178\u00e9\u20ac'\u00e4\u00b8\u00e5'\u00bd<\/a><\/li><li class='ez-toc-page-1 ez-toc-heading-level-2'><a class=\"ez-toc-link ez-toc-heading-4\" href=\"https:\/\/moverdb.com\/fi\/freight-forwarder\/freight-forwarding-uk\/crawley-freight-forwarder\/#Glenn_Freight_Services\" >Glenn Rahtipalvelut<\/a><\/li><li class='ez-toc-page-1 ez-toc-heading-level-2'><a class=\"ez-toc-link ez-toc-heading-5\" href=\"https:\/\/moverdb.com\/fi\/freight-forwarder\/freight-forwarding-uk\/crawley-freight-forwarder\/#How_we_picked_the_best_Crawley_Freight_Forwarding_Companies\" >Miten valitsimme parhaat Crawleyn huolintayritykset?<\/a><\/li><\/ul><\/nav><\/div>\n<h2><span class=\"ez-toc-section\" id=\"MED_Freight_Services\"><\/span>MED Rahtipalvelut<span class=\"ez-toc-section-end\"><\/span><\/h2>\n<p><img decoding=\"async\" src=\"https:\/\/moverdb.com\/wp-content\/uploads\/thumbnailpanoidSf2kEENNHZqnKWQ4fg1YHQcb_clientsearch.gws-prod.gpsw408h240yaw331.jpg\" alt='MED Rahtipalvelut' class=\"aligncenter\"><\/p>\n<p><strong>Kuvaus yrityksest\u00e4: <\/strong>Ei toimitettu<\/p>\n<p><strong>Lis\u00e4palvelut:<\/strong><\/p>\n<p>Ei ole lueteltu<\/p>\n<p><strong>Osoite:<\/strong> 12, Forge Wood Industrial Estate, Gatwick Rd, Crawley RH10 9PG.<\/p>\n<p><a href=\"https:\/\/find-and-update.company-information.service.gov.uk\/company\/08096138\" target=\"_new\" rel=\"noopener\">MED Freight Services -verkkosivusto<\/a><\/p>\n<p><strong>Arvostelupisteet: <\/strong>5<br \/> <strong>Arvostelujen m\u00e4\u00e4r\u00e4:<\/strong> 1<br \/><a href=\"https:\/\/www.google.co.uk\/maps?cid=18237951817802486207&#038;hl=en&#038;gl=GB\" target=\"_new\" rel=\"noopener\">Lue arvosteluja<\/a><\/p>\n<h2><span class=\"ez-toc-section\" id=\"PBS_International_Freight_Limited\"><\/span>PBS International Freight Limited<span class=\"ez-toc-section-end\"><\/span><\/h2>\n<p><img decoding=\"async\" src=\"https:\/\/moverdb.com\/wp-content\/uploads\/AF1QipM70-ouQwJ7HIhjVIa_c5G281_Ui5KVbZWI2zMTw408-h254-k-no.jpg\" alt='PBS International Freight Limited' class=\"aligncenter\"><\/p>\n<p><strong>Kuvaus yrityksest\u00e4: <\/strong>PBS International on maailmanlaajuinen huolintayritys, joka on erikoistunut lentorahtikuljetuksiin, merirahtikuljetuksiin, maantiekuljetuksiin ja erikoisrahtikuljetuksiin.<\/p>\n<p>Tarjoamme t\u00e4ydellisen valikoiman huolinta- ja logistiikkapalveluja, jotka sopivat kaikkiin budjetteihin ja aikatauluihin.<\/p>\n<p>T\u00e4m\u00e4n lis\u00e4ksi tarjoamme varastointitiloja ja -palveluja, mukaan lukien pakkaaminen, jakelu, poiminta ja pakkaaminen sek\u00e4 pakkausmateriaalin toimittaminen.<\/p>\n<p>PBS International Freight voi my\u00f6s auttaa tuonti- ja vientilupien my\u00f6nt\u00e4misess\u00e4, vaarallisten aineiden kuljetuksissa sek\u00e4 henkil\u00f6kohtaisten ja kotitaloustavaroiden kuljetuksissa.<\/p>\n<p>Ota yhteytt\u00e4 saadaksesi lis\u00e4tietoja.<\/p>\n<p><strong>Lis\u00e4palvelut:<\/strong><\/p>\n<p>Tuonti-vientiyhti\u00f6<\/p>\n<p>Logistiikkapalvelu<\/p>\n<p>Toimitusyhti\u00f6<\/p>\n<p>Kuljetuspalvelu<\/p>\n<p><strong>Osoite:<\/strong> PBS House, Charlwood Rd, Lowfield Heath, Crawley RH11 0PT.<\/p>\n<p><a href=\"https:\/\/www.pbs-int.co.uk\/\" target=\"_new\" rel=\"noopener\">PBS International Freight Limitedin verkkosivusto<\/a><\/p>\n<p><strong>Arvostelupisteet: <\/strong>4.5<br \/> <strong>Arvostelujen m\u00e4\u00e4r\u00e4:<\/strong> 11<br \/><a href=\"https:\/\/www.google.co.uk\/maps?cid=9986257421367286698&#038;hl=en&#038;gl=GB\" target=\"_new\" rel=\"noopener\">Lue arvosteluja<\/a><\/p>\n<h2><span class=\"ez-toc-section\" id=\"Send2ChinaeEYeEa%C2%B8a%E2%80%BA%C2%BD\"><\/span>Send2China\u00e9\u20ac\u0178\u00e9\u20ac'\u00e4\u00b8\u00e5'\u00bd<span class=\"ez-toc-section-end\"><\/span><\/h2>\n<p><img decoding=\"async\" src=\"https:\/\/moverdb.com\/wp-content\/uploads\/AF1QipN40isg5X7TM3yIj-q8UgIXbwVSBOmyw2EPzGAJw408-h306-k-no.jpg\" alt='Send2China\u00e9\u20ac\u0178\u00e9\u20ac&#039;\u00e4\u00b8\u00e5&#039;\u00bd' class=\"aligncenter\"><\/p>\n<p><strong>Kuvaus yrityksest\u00e4: <\/strong>Send2China\u00e6\u02dc\u00af\u00e5\u2026\u00a8\u00e8\u2039\u00b1\u00e9\u00a2\u2020\u00e5\u2026\u02c6\u00e7\u0161\u201e\u00e8\u00b7\u00a8\u00e5\u00a2\u0192\u00e7\u2030\u00a9\u00e6\u00b5\u0081\u00e9\u00ab\u02dc\u00e7\u00a7\u2018\u00e6\u0160\u20ac\u00e5\u2026\u00ac\u00e5\u008f\u00b8\u00ef\u00bc\u0152\u00e5\u2026\u00ac\u00e5\u008f\u00b8\u00e4\u00ba\u017d2013\u00e5\u00b9\u00b4\u00e7\u201d\u00b1\u00e7\u00be\u017d\u00e5\u203a\u00bd\u00e7\u00a1\u2026\u00e8\u00b0\u00b7\u00e6\u0160\u2022\u00e8\u00b5\u201e\u00ef\u00bc\u0152\u00e6\u02c6\u0090\u00e7\u00ab\u2039\u00e4\u00ba\u017d\u00e8\u2039\u00b1\u00e5\u203a\u00bd\u00ef\u00bc\u0152\u00e4\u00b8\u201c\u00e6\u00b3\u00a8\u00e4\u00b8\u00ba\u00e6\u00b5\u00b7\u00e5\u2020\u2026\u00e5\u00a4\u2013\u00e5\u00ae\u00a2\u00e6\u02c6\u00b7\u00e6\u008f\u0090\u00e4\u00be\u203a\u00e5\u00ae\u2030\u00e5\u2026\u00a8\u00ef\u00bc\u0152\u00e5\u00bf\u00ab\u00e6\u008d\u00b7\u00ef\u00bc\u0152\u00e6\u2013\u00b9\u00e4\u00be\u00bf\u00e7\u0161\u201e\u00e7\u2030\u00a9\u00e6\u00b5\u0081\u00e8\u00a7\u00a3\u00e5\u2020\u00b3\u00e6\u2013\u00b9\u00e6\u00a1\u02c6\u00e3\u20ac\u201a<\/p>\n<p><strong>Lis\u00e4palvelut:<\/strong><\/p>\n<p>Kuriiripalvelu<\/p>\n<p>Matkatavaroiden s\u00e4ilytysmahdollisuus<\/p>\n<p><strong>Osoite:<\/strong> Unit 7, Gatwick Distribution Point, Church Rd, Lowfield Heath, Crawley RH11 0PJ.<\/p>\n<p><a href=\"http:\/\/send2china.co.uk\/\" target=\"_new\" rel=\"noopener\">Send2China\u00e9\u20ac\u0178\u00e9\u20ac'\u00e4\u00b8\u00e5'\u00bd verkkosivusto<\/a><\/p>\n<p><strong>Arvostelupisteet: <\/strong>4.4<br \/> <strong>Arvostelujen m\u00e4\u00e4r\u00e4:<\/strong> 52<br \/><a href=\"https:\/\/www.google.co.uk\/maps?cid=15445262590040213531&#038;hl=en&#038;gl=GB\" target=\"_new\" rel=\"noopener\">Lue arvosteluja<\/a><\/p>\n<h2><span class=\"ez-toc-section\" id=\"Glenn_Freight_Services\"><\/span>Glenn Rahtipalvelut<span class=\"ez-toc-section-end\"><\/span><\/h2>\n<p><img decoding=\"async\" src=\"https:\/\/moverdb.com\/wp-content\/uploads\/thumbnailpanoidv-l43pYF8MNtWTpqKVj2Swcb_clientsearch.gws-prod.gpsw408h240yaw195.jpg\" alt='Glenn Rahtipalvelut' class=\"aligncenter\"><\/p>\n<p><strong>Kuvaus yrityksest\u00e4: <\/strong>Ei toimitettu<\/p>\n<p><strong>Lis\u00e4palvelut:<\/strong><\/p>\n<p>Ei ole lueteltu<\/p>\n<p><strong>Osoite:<\/strong> Global House, Manor court, Manor Royal, Crawley RH10 9PY.<\/p>\n<p><a href=\"http:\/\/www.glennfreight.co.uk\/\" target=\"_new\" rel=\"noopener\">Glenn Freight Services -sivusto<\/a><\/p>\n<p><strong>Arvostelupisteet: <\/strong>3<br \/> <strong>Arvostelujen m\u00e4\u00e4r\u00e4:<\/strong> 2<br \/><a href=\"https:\/\/www.google.co.uk\/maps?cid=2598308117992633691&#038;hl=en&#038;gl=GB\" target=\"_new\" rel=\"noopener\">Lue arvosteluja<\/a><\/p>\n<h2><span class=\"ez-toc-section\" id=\"How_we_picked_the_best_Crawley_Freight_Forwarding_Companies\"><\/span>Miten valitsimme parhaat Crawleyn huolintayritykset?<span class=\"ez-toc-section-end\"><\/span><\/h2>\n<p>Aloitimme Google Mapsin kautta l\u00f6yt\u00e4m\u00e4mme 9 Crawleyn rahdinkuljetusyrityksen aineistosta ja rajasimme ne nelj\u00e4\u00e4n parhaaseen.<\/p>\n<p>T\u00e4t\u00e4 varten poistimme kaikki yritykset, jotka:<\/p>\n<ul>\n<li> Ei ollut verkkosivustoa<\/li>\n<li> Ei ollut arvosteluja<\/li>\n<li> Arvostelujen keskiarvo oli alle 2,0<\/li>\n<\/ul>\n<p>T\u00e4ss\u00e4 vaiheessa, jos meill\u00e4 oli 17 tai v\u00e4hemm\u00e4n huolitsijoita, luetteloimme ne kaikki.<\/p>\n<p>Niihin kaupunkeihin, joissa oli yli 17 huolitsijaa, tehtiin lis\u00e4tarkistuksia joko nostamalla vaadittua arvostelupistem\u00e4\u00e4r\u00e4\u00e4 (esim. nostamalla arvostelujen v\u00e4himm\u00e4ism\u00e4\u00e4r\u00e4 2,0:sta 4,0:aan) ja\/tai nostamalla vaadittujen arvostelujen v\u00e4himm\u00e4ism\u00e4\u00e4r\u00e4\u00e4 (esim. nostamalla arvostelujen v\u00e4himm\u00e4ism\u00e4\u00e4r\u00e4 yhdest\u00e4 arvostelusta v\u00e4hint\u00e4\u00e4n kymmeneen).<\/p>\n<p>Huomaa, ett\u00e4 k\u00e4ytimme vain Google Mapsin tarkistustietoja, emme mink\u00e4\u00e4n muun kolmannen osapuolen verkkosivustoja.<\/p>\n<p>Lis\u00e4\u00e4 kaupunkeja:<\/p>\n<p><a href=\"https:\/\/moverdb.com\/fi\/huolitsija\/freight-forwarding-uk\/warrington-freight-forwarder\/\">Warringtonin huolitsija<\/a><br \/><a href=\"https:\/\/moverdb.com\/fi\/huolitsija\/freight-forwarding-uk\/grimsby-freight-forwarder\/\">Grimsbyn huolitsija<\/a><br \/><a href=\"https:\/\/moverdb.com\/fi\/huolitsija\/freight-forwarding-uk\/cardiff-freight-forwarder\/\">Cardiffin huolitsija<\/a><br \/><a href=\"https:\/\/moverdb.com\/fi\/huolitsija\/freight-forwarding-uk\/luton-freight-forwarder\/\">Lutonin huolitsija<\/a><br \/><a href=\"https:\/\/moverdb.com\/fi\/huolitsija\/freight-forwarding-uk\/milton-keynes-freight-forwarder\/\">Milton Keynesin huolitsija<\/a><\/p>","protected":false},"excerpt":{"rendered":"<p>Below we look at the 4 &#8220;best&#8221; Freight Forwarding companies in Crawley out of 9. To learn more about how we chose the best please consult our FAQ section at the end. Please not the following listings are in no particular order and we are not making any recommendations for any particular company. MED Freight [&hellip;]<\/p>\n","protected":false},"author":1,"featured_media":0,"parent":13427,"menu_order":0,"comment_status":"open","ping_status":"open","template":"","meta":{"_genesis_hide_title":false,"_genesis_hide_breadcrumbs":false,"_genesis_hide_singular_image":false,"_genesis_hide_footer_widgets":false,"_genesis_custom_body_class":"","_genesis_custom_post_class":"","_genesis_layout":"","footnotes":""},"class_list":{"0":"post-13902","1":"page","2":"type-page","3":"status-publish","5":"entry"},"_links":{"self":[{"href":"https:\/\/moverdb.com\/fi\/wp-json\/wp\/v2\/pages\/13902","targetHints":{"allow":["GET"]}}],"collection":[{"href":"https:\/\/moverdb.com\/fi\/wp-json\/wp\/v2\/pages"}],"about":[{"href":"https:\/\/moverdb.com\/fi\/wp-json\/wp\/v2\/types\/page"}],"author":[{"embeddable":true,"href":"https:\/\/moverdb.com\/fi\/wp-json\/wp\/v2\/users\/1"}],"replies":[{"embeddable":true,"href":"https:\/\/moverdb.com\/fi\/wp-json\/wp\/v2\/comments?post=13902"}],"version-history":[{"count":1,"href":"https:\/\/moverdb.com\/fi\/wp-json\/wp\/v2\/pages\/13902\/revisions"}],"predecessor-version":[{"id":15782,"href":"https:\/\/moverdb.com\/fi\/wp-json\/wp\/v2\/pages\/13902\/revisions\/15782"}],"up":[{"embeddable":true,"href":"https:\/\/moverdb.com\/fi\/wp-json\/wp\/v2\/pages\/13427"}],"wp:attachment":[{"href":"https:\/\/moverdb.com\/fi\/wp-json\/wp\/v2\/media?parent=13902"}],"curies":[{"name":"wp","href":"https:\/\/api.w.org\/{rel}","templated":true}]}}