{"id":13893,"date":"2023-11-08T15:53:26","date_gmt":"2023-11-08T15:53:26","guid":{"rendered":"https:\/\/moverdb.com\/freight-forwarder\/freight-forwarding-uk\/nottingham-freight-forwarder\/"},"modified":"2026-01-08T13:17:55","modified_gmt":"2026-01-08T13:17:55","slug":"nottingham-freight-forwarder","status":"publish","type":"page","link":"https:\/\/moverdb.com\/fi\/freight-forwarder\/freight-forwarding-uk\/nottingham-freight-forwarder\/","title":{"rendered":"4 parasta Nottinghamin rahdinkuljetusyrityst\u00e4 (2024)"},"content":{"rendered":"<p>Seuraavassa tarkastelemme 4 <em>\"paras\"<\/em> Rahdin huolintayritykset Nottinghamissa 11:st\u00e4.<\/p>\n<p>Jos haluat lis\u00e4tietoja siit\u00e4, miten valitsimme parhaat, tutustu lopussa olevaan FAQ-osioon.<\/p>\n<p><em>Huomaa, ett\u00e4 seuraavat luettelot eiv\u00e4t ole tietyss\u00e4 j\u00e4rjestyksess\u00e4, emmek\u00e4 suosittele mit\u00e4\u00e4n tietty\u00e4 yrityst\u00e4.<\/em><\/p>\n<div id=\"ez-toc-container\" class=\"ez-toc-v2_0_82_2 ez-toc-wrap-left counter-hierarchy ez-toc-counter ez-toc-transparent ez-toc-container-direction\">\n<div class=\"ez-toc-title-container\">\n<p class=\"ez-toc-title\" style=\"cursor:inherit\">Jaksot<\/p>\n<span class=\"ez-toc-title-toggle\"><a href=\"#\" class=\"ez-toc-pull-right ez-toc-btn ez-toc-btn-xs ez-toc-btn-default ez-toc-toggle\" aria-label=\"Sis\u00e4llysluettelon vaihtaminen\"><span class=\"ez-toc-js-icon-con\"><span class=\"\"><span class=\"eztoc-hide\" style=\"display:none;\">Toggle<\/span><span class=\"ez-toc-icon-toggle-span\"><svg style=\"fill: #999;color:#999\" xmlns=\"http:\/\/www.w3.org\/2000\/svg\" class=\"list-377408\" width=\"20px\" height=\"20px\" viewbox=\"0 0 24 24\" fill=\"none\"><path d=\"M6 6H4v2h2V6zm14 0H8v2h12V6zM4 11h2v2H4v-2zm16 0H8v2h12v-2zM4 16h2v2H4v-2zm16 0H8v2h12v-2z\" fill=\"currentColor\"><\/path><\/svg><svg style=\"fill: #999;color:#999\" class=\"arrow-unsorted-368013\" xmlns=\"http:\/\/www.w3.org\/2000\/svg\" width=\"10px\" height=\"10px\" viewbox=\"0 0 24 24\" version=\"1.2\" baseprofile=\"tiny\"><path d=\"M18.2 9.3l-6.2-6.3-6.2 6.3c-.2.2-.3.4-.3.7s.1.5.3.7c.2.2.4.3.7.3h11c.3 0 .5-.1.7-.3.2-.2.3-.5.3-.7s-.1-.5-.3-.7zM5.8 14.7l6.2 6.3 6.2-6.3c.2-.2.3-.5.3-.7s-.1-.5-.3-.7c-.2-.2-.4-.3-.7-.3h-11c-.3 0-.5.1-.7.3-.2.2-.3.5-.3.7s.1.5.3.7z\"\/><\/svg><\/span><\/span><\/span><\/a><\/span><\/div>\n<nav><ul class='ez-toc-list ez-toc-list-level-1 eztoc-toggle-hide-by-default' ><li class='ez-toc-page-1 ez-toc-heading-level-2'><a class=\"ez-toc-link ez-toc-heading-1\" href=\"https:\/\/moverdb.com\/fi\/freight-forwarder\/freight-forwarding-uk\/nottingham-freight-forwarder\/#Transatlantic_Shipping_Ltd_incorporating_TransAtlantic_Line_UK_Ltd\" >Transatlantic Shipping Ltd (TransAtlantic Line UK Ltd:n yhti\u00f6itt\u00e4minen).<\/a><\/li><li class='ez-toc-page-1 ez-toc-heading-level-2'><a class=\"ez-toc-link ez-toc-heading-2\" href=\"https:\/\/moverdb.com\/fi\/freight-forwarder\/freight-forwarding-uk\/nottingham-freight-forwarder\/#Energy_Freight_Forwarding_Limited\" >Energy Freight Forwarding Limited<\/a><\/li><li class='ez-toc-page-1 ez-toc-heading-level-2'><a class=\"ez-toc-link ez-toc-heading-3\" href=\"https:\/\/moverdb.com\/fi\/freight-forwarder\/freight-forwarding-uk\/nottingham-freight-forwarder\/#Page_Freight_Services\" >Sivu Rahtipalvelut<\/a><\/li><li class='ez-toc-page-1 ez-toc-heading-level-2'><a class=\"ez-toc-link ez-toc-heading-4\" href=\"https:\/\/moverdb.com\/fi\/freight-forwarder\/freight-forwarding-uk\/nottingham-freight-forwarder\/#Baxter_Freight_Ltd\" >Baxter Freight Ltd<\/a><\/li><li class='ez-toc-page-1 ez-toc-heading-level-2'><a class=\"ez-toc-link ez-toc-heading-5\" href=\"https:\/\/moverdb.com\/fi\/freight-forwarder\/freight-forwarding-uk\/nottingham-freight-forwarder\/#How_we_picked_the_best_Nottingham_Freight_Forwarding_Companies\" >Miten valitsimme parhaat Nottinghamin huolintayritykset?<\/a><\/li><\/ul><\/nav><\/div>\n<h2><span class=\"ez-toc-section\" id=\"Transatlantic_Shipping_Ltd_incorporating_TransAtlantic_Line_UK_Ltd\"><\/span>Transatlantic Shipping Ltd (TransAtlantic Line UK Ltd:n yhti\u00f6itt\u00e4minen).<span class=\"ez-toc-section-end\"><\/span><\/h2>\n<p><img decoding=\"async\" src=\"https:\/\/moverdb.com\/wp-content\/uploads\/thumbnailpanoidL1AeGUQ4uasBSZ4JikVVRgcb_clientsearch.gws-prod.gpsw408h240yaw336.jpg\" alt='Transatlantic Shipping Ltd (TransAtlantic Line UK Ltd:n yhti\u00f6itt\u00e4minen).' class=\"aligncenter\"><\/p>\n<p><strong>Kuvaus yrityksest\u00e4: <\/strong>Ei toimitettu<\/p>\n<p><strong>Lis\u00e4palvelut:<\/strong><\/p>\n<p>Tulliv\u00e4litt\u00e4j\u00e4<\/p>\n<p>Toimituspalvelu<\/p>\n<p><strong>Osoite:<\/strong> Yksikk\u00f6 11, Ash Court, Engine Ln, Newthorpe, Nottingham NG16 3RP.<\/p>\n<p><a href=\"http:\/\/www.transatlantic-shipping.co.uk\/\" target=\"_new\" rel=\"noopener\">Transatlantic Shipping Ltd (TransAtlantic Line UK Ltd) -verkkosivusto.<\/a><\/p>\n<p><strong>Arvostelupisteet: <\/strong>4.6<br \/> <strong>Arvostelujen m\u00e4\u00e4r\u00e4:<\/strong> 9<br \/><a href=\"https:\/\/www.google.co.uk\/maps?cid=1290499519586239723&#038;hl=en&#038;gl=GB\" target=\"_new\" rel=\"noopener\">Lue arvosteluja<\/a><\/p>\n<h2><span class=\"ez-toc-section\" id=\"Energy_Freight_Forwarding_Limited\"><\/span>Energy Freight Forwarding Limited<span class=\"ez-toc-section-end\"><\/span><\/h2>\n<p><img decoding=\"async\" src=\"https:\/\/moverdb.com\/wp-content\/uploads\/thumbnailpanoidt7LKqqAIOdMupRxAYDsdaAcb_clientsearch.gws-prod.gpsw408h240yaw124.jpg\" alt='Energy Freight Forwarding Limited' class=\"aligncenter\"><\/p>\n<p><strong>Kuvaus yrityksest\u00e4: <\/strong>Ei toimitettu<\/p>\n<p><strong>Lis\u00e4palvelut:<\/strong><\/p>\n<p>Ei ole lueteltu<\/p>\n<p><strong>Osoite:<\/strong> Cemetery Walk, Eastwood, Nottingham NG16 3TU<\/p>\n<p><a href=\"https:\/\/www.energy-freight.com\/\" target=\"_new\" rel=\"noopener\">Energy Freight Forwarding Limitedin verkkosivusto<\/a><\/p>\n<p><strong>Arvostelupisteet: <\/strong>5<br \/> <strong>Arvostelujen m\u00e4\u00e4r\u00e4:<\/strong> 1<br \/><a href=\"https:\/\/www.google.co.uk\/maps?cid=4179558663476636128&#038;hl=en&#038;gl=GB\" target=\"_new\" rel=\"noopener\">Lue arvosteluja<\/a><\/p>\n<h2><span class=\"ez-toc-section\" id=\"Page_Freight_Services\"><\/span>Sivu Rahtipalvelut<span class=\"ez-toc-section-end\"><\/span><\/h2>\n<p><img decoding=\"async\" src=\"https:\/\/moverdb.com\/wp-content\/uploads\/thumbnailpanoidO0zddtK-cDwYcujmDuaDvAcb_clientsearch.gws-prod.gpsw408h240yaw124.jpg\" alt='Sivu Rahtipalvelut' class=\"aligncenter\"><\/p>\n<p><strong>Kuvaus yrityksest\u00e4: <\/strong>Page Freight Servicesill\u00e4 on valmiudet ja kokemus t\u00e4ytt\u00e4\u00e4 kaikki pakettien jakelutarpeesi, olivatpa ne sitten maailmanlaajuisia, eurooppalaisia tai.., <a href=\"https:\/\/moverdb.com\/fi\/moving-to-the-uk\/\" data-internallinksmanager029f6b8e52c=\"93\" title=\"Muutatko Yhdistyneeseen kuningaskuntaan? 2022 Elinkustannukset ja muuttovinkit\">UK<\/a> tai Nottinghamiin.<\/p>\n<p> Tarjoamme kokonaisvaltaista palvelua varastoinnista ja varastoimisesta sek\u00e4 poiminta- ja pakkaustoiminnoista aina toimituskohteeseen asti.<\/p>\n<p> Lis\u00e4ksi korkeatasoinen paikallinen asiakaspalvelumme tarkoittaa, ett\u00e4 voit keskitty\u00e4 liiketoimintasi py\u00f6ritt\u00e4miseen tiet\u00e4en, ett\u00e4 pakettisi on hyviss\u00e4 k\u00e4siss\u00e4.<\/p>\n<p><strong>Lis\u00e4palvelut:<\/strong><\/p>\n<p>Ei ole lueteltu<\/p>\n<p><strong>Osoite:<\/strong> P\u00e4\u00e4konttori, 2 Ernest Rd, Carlton, Nottingham NG4 1JU.<\/p>\n<p><a href=\"https:\/\/pagefreight.co.uk\/\" target=\"_new\" rel=\"noopener\">Sivu Rahtipalvelujen verkkosivusto<\/a><\/p>\n<p><strong>Arvostelupisteet: <\/strong>5<br \/> <strong>Arvostelujen m\u00e4\u00e4r\u00e4:<\/strong> 2<br \/><a href=\"https:\/\/www.google.co.uk\/maps?cid=13782312718122494679&#038;hl=en&#038;gl=GB\" target=\"_new\" rel=\"noopener\">Lue arvosteluja<\/a><\/p>\n<h2><span class=\"ez-toc-section\" id=\"Baxter_Freight_Ltd\"><\/span>Baxter Freight Ltd<span class=\"ez-toc-section-end\"><\/span><\/h2>\n<p><img decoding=\"async\" src=\"https:\/\/moverdb.com\/wp-content\/uploads\/AF1QipN-2cmmjLatV4B4ljscxN907XUMvbVpf1qLuiE6w408-h272-k-no.jpg\" alt='Baxter Freight Ltd' class=\"aligncenter\"><\/p>\n<p><strong>Kuvaus yrityksest\u00e4: <\/strong>Olemme Yhdistyneess\u00e4 kuningaskunnassa sijaitseva asiakaspalveluun keskittyv\u00e4 logistiikkapalveluyritys.<\/p>\n<p> Olipa kyseess\u00e4 sitten maantie- tai rautatieliikenne, meri- tai ilmakuljetus, olemme erikoistuneet siirt\u00e4m\u00e4\u00e4n tavarasi A:sta B:hen mahdollisimman kustannustehokkaasti ja ajallisesti tehokkaasti.<\/p>\n<p> Asiakasp\u00e4\u00e4llikk\u00f6mme tarjoavat henkil\u00f6kohtaista palvelua ja globaalia ulottuvuutta hy\u00f6dynt\u00e4en kumppanuuksiamme DHL Freightin ja Gerlach Customsin kanssa t\u00e4ydellisen logistiikkaratkaisun luomiseksi.<\/p>\n<p> Yhdist\u00e4mme asiakaspalvelun laajaan maantiekuljetusverkostoon ja markkinoiden johtaviin tullipalveluihin.<\/p>\n<p> Meill\u00e4 on my\u00f6s AEO-akkreditointi ja omat tulliasiantuntijat.<\/p>\n<p><strong>Lis\u00e4palvelut:<\/strong><\/p>\n<p>Ei ole lueteltu<\/p>\n<p><strong>Osoite:<\/strong> Abbeyfield Court, Abbott House, Abbeyfield Rd, Nottingham NG7 2SZ<\/p>\n<p><a href=\"https:\/\/baxterfreight.com\/\" target=\"_new\" rel=\"noopener\">Baxter Freight Ltd:n verkkosivusto<\/a><\/p>\n<p><strong>Arvostelupisteet: <\/strong>3.8<br \/> <strong>Arvostelujen m\u00e4\u00e4r\u00e4:<\/strong> 19<br \/><a href=\"https:\/\/www.google.co.uk\/maps?cid=9037623678773980102&#038;hl=en&#038;gl=GB\" target=\"_new\" rel=\"noopener\">Lue arvosteluja<\/a><\/p>\n<h2><span class=\"ez-toc-section\" id=\"How_we_picked_the_best_Nottingham_Freight_Forwarding_Companies\"><\/span>Miten valitsimme parhaat Nottinghamin huolintayritykset?<span class=\"ez-toc-section-end\"><\/span><\/h2>\n<p>Aloitimme Google Mapsin kautta l\u00f6yt\u00e4m\u00e4mme 11 Nottinghamin rahdinkuljetusyrityksen tietokannan perusteella ja rajasimme sen nelj\u00e4\u00e4n parhaaseen.<\/p>\n<p>T\u00e4t\u00e4 varten poistimme kaikki yritykset, jotka:<\/p>\n<ul>\n<li> Ei ollut verkkosivustoa<\/li>\n<li> Ei ollut arvosteluja<\/li>\n<li> Arvostelujen keskiarvo oli alle 2,0<\/li>\n<\/ul>\n<p>T\u00e4ss\u00e4 vaiheessa, jos meill\u00e4 oli 17 tai v\u00e4hemm\u00e4n huolitsijoita, luetteloimme ne kaikki.<\/p>\n<p>Niihin kaupunkeihin, joissa oli yli 17 huolitsijaa, tehtiin lis\u00e4tarkistuksia joko nostamalla vaadittua arvostelupistem\u00e4\u00e4r\u00e4\u00e4 (esim. nostamalla arvostelujen v\u00e4himm\u00e4ism\u00e4\u00e4r\u00e4 2,0:sta 4,0:aan) ja\/tai nostamalla vaadittujen arvostelujen v\u00e4himm\u00e4ism\u00e4\u00e4r\u00e4\u00e4 (esim. nostamalla arvostelujen v\u00e4himm\u00e4ism\u00e4\u00e4r\u00e4 yhdest\u00e4 arvostelusta v\u00e4hint\u00e4\u00e4n kymmeneen).<\/p>\n<p>Huomaa, ett\u00e4 k\u00e4ytimme vain Google Mapsin tarkistustietoja, emme mink\u00e4\u00e4n muun kolmannen osapuolen verkkosivustoja.<\/p>\n<p>Lis\u00e4\u00e4 kaupunkeja:<\/p>\n<p><a href=\"https:\/\/moverdb.com\/fi\/huolitsija\/freight-forwarding-uk\/rotherham-freight-forwarder\/\">Rotherham huolitsija<\/a><br \/><a href=\"https:\/\/moverdb.com\/fi\/huolitsija\/freight-forwarding-uk\/crawley-freight-forwarder\/\">Crawley huolitsija<\/a><br \/><a href=\"https:\/\/moverdb.com\/fi\/huolitsija\/freight-forwarding-uk\/warrington-freight-forwarder\/\">Warringtonin huolitsija<\/a><br \/><a href=\"https:\/\/moverdb.com\/fi\/huolitsija\/freight-forwarding-uk\/grimsby-freight-forwarder\/\">Grimsbyn huolitsija<\/a><br \/><a href=\"https:\/\/moverdb.com\/fi\/huolitsija\/freight-forwarding-uk\/cardiff-freight-forwarder\/\">Cardiffin huolitsija<\/a><\/p>","protected":false},"excerpt":{"rendered":"<p>Below we look at the 4 &#8220;best&#8221; Freight Forwarding companies in Nottingham out of 11. To learn more about how we chose the best please consult our FAQ section at the end. Please not the following listings are in no particular order and we are not making any recommendations for any particular company. Transatlantic Shipping [&hellip;]<\/p>\n","protected":false},"author":1,"featured_media":0,"parent":13427,"menu_order":0,"comment_status":"open","ping_status":"open","template":"","meta":{"_genesis_hide_title":false,"_genesis_hide_breadcrumbs":false,"_genesis_hide_singular_image":false,"_genesis_hide_footer_widgets":false,"_genesis_custom_body_class":"","_genesis_custom_post_class":"","_genesis_layout":"","footnotes":""},"class_list":{"0":"post-13893","1":"page","2":"type-page","3":"status-publish","5":"entry"},"_links":{"self":[{"href":"https:\/\/moverdb.com\/fi\/wp-json\/wp\/v2\/pages\/13893","targetHints":{"allow":["GET"]}}],"collection":[{"href":"https:\/\/moverdb.com\/fi\/wp-json\/wp\/v2\/pages"}],"about":[{"href":"https:\/\/moverdb.com\/fi\/wp-json\/wp\/v2\/types\/page"}],"author":[{"embeddable":true,"href":"https:\/\/moverdb.com\/fi\/wp-json\/wp\/v2\/users\/1"}],"replies":[{"embeddable":true,"href":"https:\/\/moverdb.com\/fi\/wp-json\/wp\/v2\/comments?post=13893"}],"version-history":[{"count":1,"href":"https:\/\/moverdb.com\/fi\/wp-json\/wp\/v2\/pages\/13893\/revisions"}],"predecessor-version":[{"id":15787,"href":"https:\/\/moverdb.com\/fi\/wp-json\/wp\/v2\/pages\/13893\/revisions\/15787"}],"up":[{"embeddable":true,"href":"https:\/\/moverdb.com\/fi\/wp-json\/wp\/v2\/pages\/13427"}],"wp:attachment":[{"href":"https:\/\/moverdb.com\/fi\/wp-json\/wp\/v2\/media?parent=13893"}],"curies":[{"name":"wp","href":"https:\/\/api.w.org\/{rel}","templated":true}]}}