{"id":13829,"date":"2023-11-08T15:52:42","date_gmt":"2023-11-08T15:52:42","guid":{"rendered":"https:\/\/moverdb.com\/freight-forwarder\/freight-forwarding-uk\/hull-freight-forwarder\/"},"modified":"2026-01-08T13:18:08","modified_gmt":"2026-01-08T13:18:08","slug":"hull-freight-forwarder","status":"publish","type":"page","link":"https:\/\/moverdb.com\/fi\/freight-forwarder\/freight-forwarding-uk\/hull-freight-forwarder\/","title":{"rendered":"7 parasta Hullin huolintayhti\u00f6t\u00e4 (2024)"},"content":{"rendered":"<p>Seuraavassa tarkastelemme 7 <em>\"paras\"<\/em> Hullissa toimivat huolintaliikkeet 18:sta.<\/p>\n<p>Jos haluat lis\u00e4tietoja siit\u00e4, miten valitsimme parhaat, tutustu lopussa olevaan FAQ-osioon.<\/p>\n<p><em>Huomaa, ett\u00e4 seuraavat luettelot eiv\u00e4t ole tietyss\u00e4 j\u00e4rjestyksess\u00e4, emmek\u00e4 suosittele mit\u00e4\u00e4n tietty\u00e4 yrityst\u00e4.<\/em><\/p>\n<div id=\"ez-toc-container\" class=\"ez-toc-v2_0_82_2 ez-toc-wrap-left counter-hierarchy ez-toc-counter ez-toc-transparent ez-toc-container-direction\">\n<div class=\"ez-toc-title-container\">\n<p class=\"ez-toc-title\" style=\"cursor:inherit\">Jaksot<\/p>\n<span class=\"ez-toc-title-toggle\"><a href=\"#\" class=\"ez-toc-pull-right ez-toc-btn ez-toc-btn-xs ez-toc-btn-default ez-toc-toggle\" aria-label=\"Sis\u00e4llysluettelon vaihtaminen\"><span class=\"ez-toc-js-icon-con\"><span class=\"\"><span class=\"eztoc-hide\" style=\"display:none;\">Toggle<\/span><span class=\"ez-toc-icon-toggle-span\"><svg style=\"fill: #999;color:#999\" xmlns=\"http:\/\/www.w3.org\/2000\/svg\" class=\"list-377408\" width=\"20px\" height=\"20px\" viewbox=\"0 0 24 24\" fill=\"none\"><path d=\"M6 6H4v2h2V6zm14 0H8v2h12V6zM4 11h2v2H4v-2zm16 0H8v2h12v-2zM4 16h2v2H4v-2zm16 0H8v2h12v-2z\" fill=\"currentColor\"><\/path><\/svg><svg style=\"fill: #999;color:#999\" class=\"arrow-unsorted-368013\" xmlns=\"http:\/\/www.w3.org\/2000\/svg\" width=\"10px\" height=\"10px\" viewbox=\"0 0 24 24\" version=\"1.2\" baseprofile=\"tiny\"><path d=\"M18.2 9.3l-6.2-6.3-6.2 6.3c-.2.2-.3.4-.3.7s.1.5.3.7c.2.2.4.3.7.3h11c.3 0 .5-.1.7-.3.2-.2.3-.5.3-.7s-.1-.5-.3-.7zM5.8 14.7l6.2 6.3 6.2-6.3c.2-.2.3-.5.3-.7s-.1-.5-.3-.7c-.2-.2-.4-.3-.7-.3h-11c-.3 0-.5.1-.7.3-.2.2-.3.5-.3.7s.1.5.3.7z\"\/><\/svg><\/span><\/span><\/span><\/a><\/span><\/div>\n<nav><ul class='ez-toc-list ez-toc-list-level-1 eztoc-toggle-hide-by-default' ><li class='ez-toc-page-1 ez-toc-heading-level-2'><a class=\"ez-toc-link ez-toc-heading-1\" href=\"https:\/\/moverdb.com\/fi\/freight-forwarder\/freight-forwarding-uk\/hull-freight-forwarder\/#Pinefleet_Ltd\" >Pinefleet Ltd<\/a><\/li><li class='ez-toc-page-1 ez-toc-heading-level-2'><a class=\"ez-toc-link ez-toc-heading-2\" href=\"https:\/\/moverdb.com\/fi\/freight-forwarder\/freight-forwarding-uk\/hull-freight-forwarder\/#AP_Shipping_Ltd_Storage\" >A.P. Shipping Ltd &amp; Storage<\/a><\/li><li class='ez-toc-page-1 ez-toc-heading-level-2'><a class=\"ez-toc-link ez-toc-heading-3\" href=\"https:\/\/moverdb.com\/fi\/freight-forwarder\/freight-forwarding-uk\/hull-freight-forwarder\/#Abnormal_Load_Services_ALS\" >Ep\u00e4normaalin kuormituksen palvelut ALS<\/a><\/li><li class='ez-toc-page-1 ez-toc-heading-level-2'><a class=\"ez-toc-link ez-toc-heading-4\" href=\"https:\/\/moverdb.com\/fi\/freight-forwarder\/freight-forwarding-uk\/hull-freight-forwarder\/#Thor_Shipping_Transport\" >Thor Shipping &amp; Transport<\/a><\/li><li class='ez-toc-page-1 ez-toc-heading-level-2'><a class=\"ez-toc-link ez-toc-heading-5\" href=\"https:\/\/moverdb.com\/fi\/freight-forwarder\/freight-forwarding-uk\/hull-freight-forwarder\/#Inter_Ship_UK\" >Inter Ship UK<\/a><\/li><li class='ez-toc-page-1 ez-toc-heading-level-2'><a class=\"ez-toc-link ez-toc-heading-6\" href=\"https:\/\/moverdb.com\/fi\/freight-forwarder\/freight-forwarding-uk\/hull-freight-forwarder\/#Seaway_Logistics_Limited\" >Seaway Logistics Limited<\/a><\/li><li class='ez-toc-page-1 ez-toc-heading-level-2'><a class=\"ez-toc-link ez-toc-heading-7\" href=\"https:\/\/moverdb.com\/fi\/freight-forwarder\/freight-forwarding-uk\/hull-freight-forwarder\/#Paragon_International_Freight_Services_Ltd\" >Paragon International Freight Services Ltd<\/a><\/li><li class='ez-toc-page-1 ez-toc-heading-level-2'><a class=\"ez-toc-link ez-toc-heading-8\" href=\"https:\/\/moverdb.com\/fi\/freight-forwarder\/freight-forwarding-uk\/hull-freight-forwarder\/#How_we_picked_the_best_Hull_Freight_Forwarding_Companies\" >Miten valitsimme parhaat Hullin huolintayritykset?<\/a><\/li><\/ul><\/nav><\/div>\n<h2><span class=\"ez-toc-section\" id=\"Pinefleet_Ltd\"><\/span>Pinefleet Ltd<span class=\"ez-toc-section-end\"><\/span><\/h2>\n<p><img decoding=\"async\" src=\"https:\/\/moverdb.com\/wp-content\/uploads\/AF1QipPNvVZ89qrIiWVSeihXg7EugxqntGbtybpp7INew408-h271-k-no.jpg\" alt='Pinefleet Ltd' class=\"aligncenter\"><\/p>\n<p><strong>Kuvaus yrityksest\u00e4: <\/strong>Ei toimitettu<\/p>\n<p><strong>Lis\u00e4palvelut:<\/strong><\/p>\n<p>Yrityksen toimisto<\/p>\n<p><strong>Osoite:<\/strong> Holderness House, Staithes Rd, Hedon, Hull HU12 8DX<\/p>\n<p><a href=\"http:\/\/www.fetar-uk.com\/\" target=\"_new\" rel=\"noopener\">Pinefleet Ltd:n verkkosivusto<\/a><\/p>\n<p><strong>Arvostelupisteet: <\/strong>4.5<br \/> <strong>Arvostelujen m\u00e4\u00e4r\u00e4:<\/strong> 2<br \/><a href=\"https:\/\/www.google.co.uk\/maps?cid=11149792833792192058&#038;hl=en&#038;gl=GB\" target=\"_new\" rel=\"noopener\">Lue arvosteluja<\/a><\/p>\n<h2><span class=\"ez-toc-section\" id=\"AP_Shipping_Ltd_Storage\"><\/span>A.P. Shipping Ltd &amp; Storage<span class=\"ez-toc-section-end\"><\/span><\/h2>\n<p><img decoding=\"async\" src=\"https:\/\/moverdb.com\/wp-content\/uploads\/AF1QipOevd0GLqEf3wPDYhzIpleSMElA8-em1-iIkyOkw427-h240-k-no.png\" alt='A.P. Shipping Ltd &amp; Storage' class=\"aligncenter\"><\/p>\n<p><strong>Kuvaus yrityksest\u00e4: <\/strong>A.<\/p>\n<p>P.<\/p>\n<p> Shipping Ltd<\/p>\n<p><strong>Lis\u00e4palvelut:<\/strong><\/p>\n<p>Puhdistuspalvelu<\/p>\n<p>Tuonti-vientiyhti\u00f6<\/p>\n<p>Pakkauskoneet<\/p>\n<p>Merenkulkulaiteteollisuus<\/p>\n<p>Toimituspalvelu<\/p>\n<p>Varastointilaitos<\/p>\n<p><a href=\"https:\/\/moverdb.com\/fi\/car-transport-shipping\/\" data-internallinksmanager029f6b8e52c=\"2\" title=\"2026 Kansainv\u00e4linen autokuljetus ja ajoneuvojen kuljetus tarjoukset\">Ajoneuvojen kuljetus<\/a> agentti<\/p>\n<p>Varasto<\/p>\n<p><strong>Osoite:<\/strong> Sis\u00e4\u00e4nk\u00e4ynti Via, 65 <a href=\"\" data-internallinksmanager029f6b8e52c=\"59\" title=\"Oxford\">Oxford<\/a> St, Cumberland St, Hull HU2 0QP<\/p>\n<p><a href=\"http:\/\/www.apshipping.co.uk\/\" target=\"_new\" rel=\"noopener\">A.P. Shipping Ltd &amp; Storage verkkosivusto<\/a><\/p>\n<p><strong>Arvostelupisteet: <\/strong>4.7<br \/> <strong>Arvostelujen m\u00e4\u00e4r\u00e4:<\/strong> 12<br \/><a href=\"https:\/\/www.google.co.uk\/maps?cid=3936770470747246071&#038;hl=en&#038;gl=GB\" target=\"_new\" rel=\"noopener\">Lue arvosteluja<\/a><\/p>\n<h2><span class=\"ez-toc-section\" id=\"Abnormal_Load_Services_ALS\"><\/span>Ep\u00e4normaalin kuormituksen palvelut ALS<span class=\"ez-toc-section-end\"><\/span><\/h2>\n<p><img decoding=\"async\" src=\"https:\/\/moverdb.com\/wp-content\/uploads\/AF1QipOrIQvu_okJ1q607_7B8aoOhn9l-sjyJnAAdUQcw408-h408-k-no.jpg\" alt='Ep\u00e4normaalin kuormituksen palvelut ALS' class=\"aligncenter\"><\/p>\n<p><strong>Kuvaus yrityksest\u00e4: <\/strong>Maailmanlaajuinen ep\u00e4normaalin kuorman, irtolastin, raskasnostojen ja ylisuurten lastien asiantuntija, jolla on yli 40 vuoden kokemus ja joka tarjoaa ratkaisuja pitkille, leveille, korkeille ja raskaille kuormille maanteitse, proomuilla, meritse, rahtaamalla, konteissa, rautateitse ja ilmateitse.<\/p>\n<p><strong>Lis\u00e4palvelut:<\/strong><\/p>\n<p>Tulliosasto<\/p>\n<p>Logistiikkapalvelu<\/p>\n<p><strong>Osoite:<\/strong> Rakennus 3, Eltherington Business Park, 1305 Hedon Rd, Hull HU9 5QD.<\/p>\n<p><a href=\"https:\/\/www.abnormal-loads.com\/?utm_source=GMBlisting&#038;utm_medium=Organic&#038;utm_id=GMBlisting\" target=\"_new\" rel=\"noopener\">Ep\u00e4normaalin kuormituksen palvelut ALS-sivusto<\/a><\/p>\n<p><strong>Arvostelupisteet: <\/strong>4.3<br \/> <strong>Arvostelujen m\u00e4\u00e4r\u00e4:<\/strong> 4<br \/><a href=\"https:\/\/www.google.co.uk\/maps?cid=4935055821599174190&#038;hl=en&#038;gl=GB\" target=\"_new\" rel=\"noopener\">Lue arvosteluja<\/a><\/p>\n<h2><span class=\"ez-toc-section\" id=\"Thor_Shipping_Transport\"><\/span>Thor Shipping &amp; Transport<span class=\"ez-toc-section-end\"><\/span><\/h2>\n<p><img decoding=\"async\" src=\"https:\/\/moverdb.com\/wp-content\/uploads\/AF1QipP4GXch8TbFgSUziaGMA6P0jpnAMXPbgR0hADhww426-h240-k-no.jpg\" alt='Thor Shipping &amp; Transport' class=\"aligncenter\"><\/p>\n<p><strong>Kuvaus yrityksest\u00e4: <\/strong>Ei toimitettu<\/p>\n<p><strong>Lis\u00e4palvelut:<\/strong><\/p>\n<p>Toimitusyhti\u00f6<\/p>\n<p><strong>Osoite:<\/strong> King George Dock, Hedon Rd, Hull HU9 5PR<\/p>\n<p><a href=\"https:\/\/www.tmalogistics.nl\/index.php\/en\/\" target=\"_new\" rel=\"noopener\">Thor Shipping &amp; Transportin verkkosivusto<\/a><\/p>\n<p><strong>Arvostelupisteet: <\/strong>4<br \/> <strong>Arvostelujen m\u00e4\u00e4r\u00e4:<\/strong> 23<br \/><a href=\"https:\/\/www.google.co.uk\/maps?cid=9363494299506132644&#038;hl=en&#038;gl=GB\" target=\"_new\" rel=\"noopener\">Lue arvosteluja<\/a><\/p>\n<h2><span class=\"ez-toc-section\" id=\"Inter_Ship_UK\"><\/span>Inter Ship UK<span class=\"ez-toc-section-end\"><\/span><\/h2>\n<p><img decoding=\"async\" src=\"https:\/\/moverdb.com\/wp-content\/uploads\/thumbnailpanoid0Wv1FwBdZ_QeWHAgQawtFQcb_clientsearch.gws-prod.gpsw408h240yaw69.jpg\" alt='Inter Ship UK' class=\"aligncenter\"><\/p>\n<p><strong>Kuvaus yrityksest\u00e4: <\/strong>Ei toimitettu<\/p>\n<p><strong>Lis\u00e4palvelut:<\/strong><\/p>\n<p>Toimitusyhti\u00f6<\/p>\n<p><strong>Osoite:<\/strong> 32 Scale Ln, Hull HU1 1LF<\/p>\n<p><a href=\"https:\/\/www.intership.co.uk\/\" target=\"_new\" rel=\"noopener\">Inter Ship UK:n verkkosivusto<\/a><\/p>\n<p><strong>Arvostelupisteet: <\/strong>3<br \/> <strong>Arvostelujen m\u00e4\u00e4r\u00e4:<\/strong> 1<br \/><a href=\"https:\/\/www.google.co.uk\/maps?cid=2803499733587565677&#038;hl=en&#038;gl=GB\" target=\"_new\" rel=\"noopener\">Lue arvosteluja<\/a><\/p>\n<h2><span class=\"ez-toc-section\" id=\"Seaway_Logistics_Limited\"><\/span>Seaway Logistics Limited<span class=\"ez-toc-section-end\"><\/span><\/h2>\n<p><img decoding=\"async\" src=\"https:\/\/moverdb.com\/wp-content\/uploads\/thumbnailpanoidw324HUoh1shcPnh05gwVmwcb_clientsearch.gws-prod.gpsw408h240yaw236.jpg\" alt='Seaway Logistics Limited' class=\"aligncenter\"><\/p>\n<p><strong>Kuvaus yrityksest\u00e4: <\/strong>Seaway Logistics on Hullissa sijaitseva merenkulku- ja huolintayritys.<\/p>\n<p> Tarjoamme t\u00e4yden valikoiman vienti- ja agentuuripalveluja, alkaen <a href=\"https:\/\/moverdb.com\/fi\/moving-to-the-uk\/\" data-internallinksmanager029f6b8e52c=\"93\" title=\"Muutatko Yhdistyneeseen kuningaskuntaan? 2022 Elinkustannukset ja muuttovinkit\">UK<\/a>.<\/p>\n<p><strong>Lis\u00e4palvelut:<\/strong><\/p>\n<p>Ei ole lueteltu<\/p>\n<p><strong>Osoite:<\/strong> Neptune House, Neptune St, Hull HU3 2BT<\/p>\n<p><a href=\"https:\/\/seawaylogistics.co.uk\/\" target=\"_new\" rel=\"noopener\">Seaway Logistics Limitedin verkkosivusto<\/a><\/p>\n<p><strong>Arvostelupisteet: <\/strong>4<br \/> <strong>Arvostelujen m\u00e4\u00e4r\u00e4:<\/strong> 1<br \/><a href=\"https:\/\/www.google.co.uk\/maps?cid=2975629287823220562&#038;hl=en&#038;gl=GB\" target=\"_new\" rel=\"noopener\">Lue arvosteluja<\/a><\/p>\n<h2><span class=\"ez-toc-section\" id=\"Paragon_International_Freight_Services_Ltd\"><\/span>Paragon International Freight Services Ltd<span class=\"ez-toc-section-end\"><\/span><\/h2>\n<p><img decoding=\"async\" src=\"https:\/\/moverdb.com\/wp-content\/uploads\/thumbnailpanoidhR6pajHi5UlcEo7Uf3lR8Acb_clientsearch.gws-prod.gpsw408h240yaw272.jpg\" alt='Paragon International Freight Services Ltd' class=\"aligncenter\"><\/p>\n<p><strong>Kuvaus yrityksest\u00e4: <\/strong>Ei toimitettu<\/p>\n<p><strong>Lis\u00e4palvelut:<\/strong><\/p>\n<p>Ei ole lueteltu<\/p>\n<p><strong>Osoite:<\/strong> 113, 266 Wincolmlee, Hull HU2 0PZ<\/p>\n<p><a href=\"http:\/\/www.paragonint.com\/\" target=\"_new\" rel=\"noopener\">Paragon International Freight Services Ltd:n verkkosivusto<\/a><\/p>\n<p><strong>Arvostelupisteet: <\/strong>5<br \/> <strong>Arvostelujen m\u00e4\u00e4r\u00e4:<\/strong> 2<br \/><a href=\"https:\/\/www.google.co.uk\/maps?cid=7547268869255913182&#038;hl=en&#038;gl=GB\" target=\"_new\" rel=\"noopener\">Lue arvosteluja<\/a><\/p>\n<h2><span class=\"ez-toc-section\" id=\"How_we_picked_the_best_Hull_Freight_Forwarding_Companies\"><\/span>Miten valitsimme parhaat Hullin huolintayritykset?<span class=\"ez-toc-section-end\"><\/span><\/h2>\n<p>Aloitimme Google Mapsin kautta l\u00f6yt\u00e4m\u00e4mme 18 Hullin huolintaliikkeen aineiston perusteella ja rajasimme niist\u00e4 seitsem\u00e4n parasta.<\/p>\n<p>T\u00e4t\u00e4 varten poistimme kaikki yritykset, jotka:<\/p>\n<ul>\n<li> Ei ollut verkkosivustoa<\/li>\n<li> Ei ollut arvosteluja<\/li>\n<li> Arvostelujen keskiarvo oli alle 2,0<\/li>\n<\/ul>\n<p>T\u00e4ss\u00e4 vaiheessa, jos meill\u00e4 oli 17 tai v\u00e4hemm\u00e4n huolitsijoita, luetteloimme ne kaikki.<\/p>\n<p>Niihin kaupunkeihin, joissa oli yli 17 huolitsijaa, tehtiin lis\u00e4tarkistuksia joko nostamalla vaadittua arvostelupistem\u00e4\u00e4r\u00e4\u00e4 (esim. nostamalla arvostelujen v\u00e4himm\u00e4ism\u00e4\u00e4r\u00e4 2,0:sta 4,0:aan) ja\/tai nostamalla vaadittujen arvostelujen v\u00e4himm\u00e4ism\u00e4\u00e4r\u00e4\u00e4 (esim. nostamalla arvostelujen v\u00e4himm\u00e4ism\u00e4\u00e4r\u00e4 yhdest\u00e4 arvostelusta v\u00e4hint\u00e4\u00e4n kymmeneen).<\/p>\n<p>Huomaa, ett\u00e4 k\u00e4ytimme vain Google Mapsin tarkistustietoja, emme mink\u00e4\u00e4n muun kolmannen osapuolen verkkosivustoja.<\/p>\n<p>Lis\u00e4\u00e4 kaupunkeja:<\/p>\n<p><a href=\"https:\/\/moverdb.com\/fi\/huolitsija\/freight-forwarding-uk\/witham-freight-forwarder\/\">Witham huolitsija<\/a><br \/><a href=\"https:\/\/moverdb.com\/fi\/huolitsija\/freight-forwarding-uk\/paisley-freight-forwarder\/\">Paisley huolitsija<\/a><br \/><a href=\"https:\/\/moverdb.com\/fi\/huolitsija\/freight-forwarding-uk\/tamworth-freight-forwarder\/\">Tamworthin huolitsija<\/a><br \/><a href=\"https:\/\/moverdb.com\/fi\/huolitsija\/freight-forwarding-uk\/exeter-freight-forwarder\/\">Exeterin huolitsija<\/a><br \/><a href=\"https:\/\/moverdb.com\/fi\/huolitsija\/freight-forwarding-uk\/tilbury-freight-forwarder\/\">Tilbury huolitsija<\/a><\/p>","protected":false},"excerpt":{"rendered":"<p>Below we look at the 7 &#8220;best&#8221; Freight Forwarding companies in Hull out of 18. To learn more about how we chose the best please consult our FAQ section at the end. Please not the following listings are in no particular order and we are not making any recommendations for any particular company. Pinefleet Ltd [&hellip;]<\/p>\n","protected":false},"author":1,"featured_media":0,"parent":13427,"menu_order":0,"comment_status":"open","ping_status":"open","template":"","meta":{"_genesis_hide_title":false,"_genesis_hide_breadcrumbs":false,"_genesis_hide_singular_image":false,"_genesis_hide_footer_widgets":false,"_genesis_custom_body_class":"","_genesis_custom_post_class":"","_genesis_layout":"","footnotes":""},"class_list":{"0":"post-13829","1":"page","2":"type-page","3":"status-publish","5":"entry"},"_links":{"self":[{"href":"https:\/\/moverdb.com\/fi\/wp-json\/wp\/v2\/pages\/13829","targetHints":{"allow":["GET"]}}],"collection":[{"href":"https:\/\/moverdb.com\/fi\/wp-json\/wp\/v2\/pages"}],"about":[{"href":"https:\/\/moverdb.com\/fi\/wp-json\/wp\/v2\/types\/page"}],"author":[{"embeddable":true,"href":"https:\/\/moverdb.com\/fi\/wp-json\/wp\/v2\/users\/1"}],"replies":[{"embeddable":true,"href":"https:\/\/moverdb.com\/fi\/wp-json\/wp\/v2\/comments?post=13829"}],"version-history":[{"count":1,"href":"https:\/\/moverdb.com\/fi\/wp-json\/wp\/v2\/pages\/13829\/revisions"}],"predecessor-version":[{"id":15799,"href":"https:\/\/moverdb.com\/fi\/wp-json\/wp\/v2\/pages\/13829\/revisions\/15799"}],"up":[{"embeddable":true,"href":"https:\/\/moverdb.com\/fi\/wp-json\/wp\/v2\/pages\/13427"}],"wp:attachment":[{"href":"https:\/\/moverdb.com\/fi\/wp-json\/wp\/v2\/media?parent=13829"}],"curies":[{"name":"wp","href":"https:\/\/api.w.org\/{rel}","templated":true}]}}