{"id":13805,"date":"2023-11-08T15:52:42","date_gmt":"2023-11-08T15:52:42","guid":{"rendered":"https:\/\/moverdb.com\/freight-forwarder\/freight-forwarding-uk\/dartford-freight-forwarder\/"},"modified":"2026-01-08T13:18:12","modified_gmt":"2026-01-08T13:18:12","slug":"dartford-freight-forwarder","status":"publish","type":"page","link":"https:\/\/moverdb.com\/fi\/freight-forwarder\/freight-forwarding-uk\/dartford-freight-forwarder\/","title":{"rendered":"8 parasta Dartfordin rahdinkuljetusyrityst\u00e4 (2024)"},"content":{"rendered":"<p>Seuraavassa tarkastellaan 8 <em>\"paras\"<\/em> Rahdin huolintayritykset Dartfordissa 14:st\u00e4.<\/p>\n<p>Jos haluat lis\u00e4tietoja siit\u00e4, miten valitsimme parhaat, tutustu lopussa olevaan FAQ-osioon.<\/p>\n<p><em>Huomaa, ett\u00e4 seuraavat luettelot eiv\u00e4t ole tietyss\u00e4 j\u00e4rjestyksess\u00e4, emmek\u00e4 suosittele mit\u00e4\u00e4n tietty\u00e4 yrityst\u00e4.<\/em><\/p>\n<div id=\"ez-toc-container\" class=\"ez-toc-v2_0_82_2 ez-toc-wrap-left counter-hierarchy ez-toc-counter ez-toc-transparent ez-toc-container-direction\">\n<div class=\"ez-toc-title-container\">\n<p class=\"ez-toc-title\" style=\"cursor:inherit\">Jaksot<\/p>\n<span class=\"ez-toc-title-toggle\"><a href=\"#\" class=\"ez-toc-pull-right ez-toc-btn ez-toc-btn-xs ez-toc-btn-default ez-toc-toggle\" aria-label=\"Sis\u00e4llysluettelon vaihtaminen\"><span class=\"ez-toc-js-icon-con\"><span class=\"\"><span class=\"eztoc-hide\" style=\"display:none;\">Toggle<\/span><span class=\"ez-toc-icon-toggle-span\"><svg style=\"fill: #999;color:#999\" xmlns=\"http:\/\/www.w3.org\/2000\/svg\" class=\"list-377408\" width=\"20px\" height=\"20px\" viewbox=\"0 0 24 24\" fill=\"none\"><path d=\"M6 6H4v2h2V6zm14 0H8v2h12V6zM4 11h2v2H4v-2zm16 0H8v2h12v-2zM4 16h2v2H4v-2zm16 0H8v2h12v-2z\" fill=\"currentColor\"><\/path><\/svg><svg style=\"fill: #999;color:#999\" class=\"arrow-unsorted-368013\" xmlns=\"http:\/\/www.w3.org\/2000\/svg\" width=\"10px\" height=\"10px\" viewbox=\"0 0 24 24\" version=\"1.2\" baseprofile=\"tiny\"><path d=\"M18.2 9.3l-6.2-6.3-6.2 6.3c-.2.2-.3.4-.3.7s.1.5.3.7c.2.2.4.3.7.3h11c.3 0 .5-.1.7-.3.2-.2.3-.5.3-.7s-.1-.5-.3-.7zM5.8 14.7l6.2 6.3 6.2-6.3c.2-.2.3-.5.3-.7s-.1-.5-.3-.7c-.2-.2-.4-.3-.7-.3h-11c-.3 0-.5.1-.7.3-.2.2-.3.5-.3.7s.1.5.3.7z\"\/><\/svg><\/span><\/span><\/span><\/a><\/span><\/div>\n<nav><ul class='ez-toc-list ez-toc-list-level-1 eztoc-toggle-hide-by-default' ><li class='ez-toc-page-1 ez-toc-heading-level-2'><a class=\"ez-toc-link ez-toc-heading-1\" href=\"https:\/\/moverdb.com\/fi\/freight-forwarder\/freight-forwarding-uk\/dartford-freight-forwarder\/#Pentagon_Freight_Services_Ltd\" >Pentagon Freight Services Ltd<\/a><\/li><li class='ez-toc-page-1 ez-toc-heading-level-2'><a class=\"ez-toc-link ez-toc-heading-2\" href=\"https:\/\/moverdb.com\/fi\/freight-forwarder\/freight-forwarding-uk\/dartford-freight-forwarder\/#Direct_Link_Express_Deliveries_Ltd\" >Direct Link Express Deliveries Ltd<\/a><\/li><li class='ez-toc-page-1 ez-toc-heading-level-2'><a class=\"ez-toc-link ez-toc-heading-3\" href=\"https:\/\/moverdb.com\/fi\/freight-forwarder\/freight-forwarding-uk\/dartford-freight-forwarder\/#M_and_M_Global_Forwarding_Limited\" >M and M Global Forwarding Limited<\/a><\/li><li class='ez-toc-page-1 ez-toc-heading-level-2'><a class=\"ez-toc-link ez-toc-heading-4\" href=\"https:\/\/moverdb.com\/fi\/freight-forwarder\/freight-forwarding-uk\/dartford-freight-forwarder\/#Dachser_Ltd_Customs_Office\" >Dachser Ltd (tullitoimipaikka)<\/a><\/li><li class='ez-toc-page-1 ez-toc-heading-level-2'><a class=\"ez-toc-link ez-toc-heading-5\" href=\"https:\/\/moverdb.com\/fi\/freight-forwarder\/freight-forwarding-uk\/dartford-freight-forwarder\/#Kerry_Logistics_UK_Limited\" >Kerry Logistics (UK) Limited<\/a><\/li><li class='ez-toc-page-1 ez-toc-heading-level-2'><a class=\"ez-toc-link ez-toc-heading-6\" href=\"https:\/\/moverdb.com\/fi\/freight-forwarder\/freight-forwarding-uk\/dartford-freight-forwarder\/#Sovereign_Logistics\" >Valtiollinen logistiikka<\/a><\/li><li class='ez-toc-page-1 ez-toc-heading-level-2'><a class=\"ez-toc-link ez-toc-heading-7\" href=\"https:\/\/moverdb.com\/fi\/freight-forwarder\/freight-forwarding-uk\/dartford-freight-forwarder\/#Davies_Turner_Co_Ltd\" >Davies Turner &amp; Co Ltd<\/a><\/li><li class='ez-toc-page-1 ez-toc-heading-level-2'><a class=\"ez-toc-link ez-toc-heading-8\" href=\"https:\/\/moverdb.com\/fi\/freight-forwarder\/freight-forwarding-uk\/dartford-freight-forwarder\/#Solstor_UK\" >Solstor UK<\/a><\/li><li class='ez-toc-page-1 ez-toc-heading-level-2'><a class=\"ez-toc-link ez-toc-heading-9\" href=\"https:\/\/moverdb.com\/fi\/freight-forwarder\/freight-forwarding-uk\/dartford-freight-forwarder\/#How_we_picked_the_best_Dartford_Freight_Forwarding_Companies\" >Miten valitsimme parhaat Dartfordin huolintayritykset?<\/a><\/li><\/ul><\/nav><\/div>\n<h2><span class=\"ez-toc-section\" id=\"Pentagon_Freight_Services_Ltd\"><\/span>Pentagon Freight Services Ltd<span class=\"ez-toc-section-end\"><\/span><\/h2>\n<p><img decoding=\"async\" src=\"https:\/\/moverdb.com\/wp-content\/uploads\/AF1QipNfUFW6yJdi_uQDqqGZeg9ANadLKTa_WCuluaZkw432-h240-k-no.jpg\" alt='Pentagon Freight Services Ltd' class=\"aligncenter\"><\/p>\n<p><strong>Kuvaus yrityksest\u00e4: <\/strong>L\u00e4hes 50 vuoden ajan olemme ty\u00f6skennelleet palvelemiemme kriittisten teollisuudenalojen rinnalla tarjoamalla luokkansa parasta huolinta- ja logistiikkapalvelua.<\/p>\n<p> Tavoitteenamme on yksinkertainen - haluamme tarjota varmuutta maailmaan, joka ei koskaan pys\u00e4hdy.<\/p>\n<p><strong>Lis\u00e4palvelut:<\/strong><\/p>\n<p>Ei ole lueteltu<\/p>\n<p><strong>Osoite:<\/strong> East, 32-33 Clipper Blvd, Dartford DA2 6QB.<\/p>\n<p><a href=\"https:\/\/www.pentagonfreight.com\/\" target=\"_new\" rel=\"noopener\">Pentagon Freight Services Ltd:n verkkosivusto<\/a><\/p>\n<p><strong>Arvostelupisteet: <\/strong>4.9<br \/> <strong>Arvostelujen m\u00e4\u00e4r\u00e4:<\/strong> 10<br \/><a href=\"https:\/\/www.google.co.uk\/maps?cid=6157951301640685169&#038;hl=en&#038;gl=GB\" target=\"_new\" rel=\"noopener\">Lue arvosteluja<\/a><\/p>\n<h2><span class=\"ez-toc-section\" id=\"Direct_Link_Express_Deliveries_Ltd\"><\/span>Direct Link Express Deliveries Ltd<span class=\"ez-toc-section-end\"><\/span><\/h2>\n<p><img decoding=\"async\" src=\"https:\/\/moverdb.com\/wp-content\/uploads\/thumbnailpanoidVOC9zEc6INdiQiJfYDbp2gcb_clientsearch.gws-prod.gpsw408h240yaw348.jpg\" alt='Direct Link Express Deliveries Ltd' class=\"aligncenter\"><\/p>\n<p><strong>Kuvaus yrityksest\u00e4: <\/strong>Ei toimitettu<\/p>\n<p><strong>Lis\u00e4palvelut:<\/strong><\/p>\n<p>Kuriiripalvelu<\/p>\n<p>Muuttopalvelu<\/p>\n<p><strong>Osoite:<\/strong> London House Business Centre, Thames Rd, Dartford DA1 4SL<\/p>\n<p><a href=\"http:\/\/www.directlink.co.uk\/\" target=\"_new\" rel=\"noopener\">Direct Link Express Deliveries Ltd verkkosivusto<\/a><\/p>\n<p><strong>Arvostelupisteet: <\/strong>3.7<br \/> <strong>Arvostelujen m\u00e4\u00e4r\u00e4:<\/strong> 6<br \/><a href=\"https:\/\/www.google.co.uk\/maps?cid=4455250918263132633&#038;hl=en&#038;gl=GB\" target=\"_new\" rel=\"noopener\">Lue arvosteluja<\/a><\/p>\n<h2><span class=\"ez-toc-section\" id=\"M_and_M_Global_Forwarding_Limited\"><\/span>M and M Global Forwarding Limited<span class=\"ez-toc-section-end\"><\/span><\/h2>\n<p><img decoding=\"async\" src=\"https:\/\/moverdb.com\/wp-content\/uploads\/thumbnailpanoidJiLYm7ajfY2Ji-TPuJsEqwcb_clientsearch.gws-prod.gpsw408h240yaw315.jpg\" alt='M and M Global Forwarding Limited' class=\"aligncenter\"><\/p>\n<p><strong>Kuvaus yrityksest\u00e4: <\/strong><a href=\"https:\/\/moverdb.com\/fi\/freight-forwarder\/\" data-internallinksmanager029f6b8e52c=\"17\" title=\"Huolitsijan &amp; NVOCC:n kansainv\u00e4liset kustannukset ja yritykset -opas\">Huolitsija<\/a> jonka kotipaikka on Dartford, Kent.<\/p>\n<p> Palvelut sis\u00e4lt\u00e4v\u00e4t tuonnin, viennin, tulliselvityksen &amp; <a href=\"https:\/\/moverdb.com\/fi\/car-transport-shipping\/\" data-internallinksmanager029f6b8e52c=\"2\" title=\"2026 Kansainv\u00e4linen autokuljetus ja ajoneuvojen kuljetus tarjoukset\">Ajoneuvojen kuljetus<\/a><\/p>\n<p><strong>Lis\u00e4palvelut:<\/strong><\/p>\n<p>Ei ole lueteltu<\/p>\n<p><strong>Osoite:<\/strong> 1, Invicta Park, Sandpit Rd, Dartford DA1 5BU<\/p>\n<p><a href=\"http:\/\/www.mandmglobal.co.uk\/\" target=\"_new\" rel=\"noopener\">M and M Global Forwarding Limitedin verkkosivusto<\/a><\/p>\n<p><strong>Arvostelupisteet: <\/strong>5<br \/> <strong>Arvostelujen m\u00e4\u00e4r\u00e4:<\/strong> 2<br \/><a href=\"https:\/\/www.google.co.uk\/maps?cid=11324990825917211091&#038;hl=en&#038;gl=GB\" target=\"_new\" rel=\"noopener\">Lue arvosteluja<\/a><\/p>\n<h2><span class=\"ez-toc-section\" id=\"Dachser_Ltd_Customs_Office\"><\/span>Dachser Ltd (tullitoimipaikka)<span class=\"ez-toc-section-end\"><\/span><\/h2>\n<p><img decoding=\"async\" src=\"https:\/\/moverdb.com\/wp-content\/uploads\/AF1QipNl1LHqslf46goz3hqm0J3SPycOvnbpXBlawdM8w640-h240-k-no.jpg\" alt='Dachser Ltd (tullitoimipaikka)' class=\"aligncenter\"><\/p>\n<p><strong>Kuvaus yrityksest\u00e4: <\/strong>Ei toimitettu<\/p>\n<p><strong>Lis\u00e4palvelut:<\/strong><\/p>\n<p>Ei ole lueteltu<\/p>\n<p><strong>Osoite:<\/strong> Unnamed Road, Dartford DA2 6QP<\/p>\n<p><a href=\"http:\/\/www.dachser.com\/\" target=\"_new\" rel=\"noopener\">Dachser Ltd (tullitoimipaikka) verkkosivusto<\/a><\/p>\n<p><strong>Arvostelupisteet: <\/strong>3<br \/> <strong>Arvostelujen m\u00e4\u00e4r\u00e4:<\/strong> 4<br \/><a href=\"https:\/\/www.google.co.uk\/maps?cid=12105749977575430784&#038;hl=en&#038;gl=GB\" target=\"_new\" rel=\"noopener\">Lue arvosteluja<\/a><\/p>\n<h2><span class=\"ez-toc-section\" id=\"Kerry_Logistics_UK_Limited\"><\/span>Kerry Logistics (UK) Limited<span class=\"ez-toc-section-end\"><\/span><\/h2>\n<p><img decoding=\"async\" src=\"https:\/\/moverdb.com\/wp-content\/uploads\/thumbnailpanoidj82dgNIMfM6o1GuLL0jXrwcb_clientsearch.gws-prod.gpsw408h240yaw209.jpg\" alt='Kerry Logistics (UK) Limited' class=\"aligncenter\"><\/p>\n<p><strong>Kuvaus yrityksest\u00e4: <\/strong>Ei toimitettu<\/p>\n<p><strong>Lis\u00e4palvelut:<\/strong><\/p>\n<p>Logistiikkapalvelu<\/p>\n<p>Toimitusyhti\u00f6<\/p>\n<p>Toimituspalvelu<\/p>\n<p>Varasto<\/p>\n<p><strong>Osoite:<\/strong> Crossways Cargo Centre, 61 Galleon Blvd, Dartford DA2 6QE, Dartford DA2 6QE.<\/p>\n<p><a href=\"https:\/\/www.kerrylogistics.com\/en\/network\/europe\/uk\/\" target=\"_new\" rel=\"noopener\">Kerry Logistics (UK) Limited verkkosivusto<\/a><\/p>\n<p><strong>Arvostelupisteet: <\/strong>4<br \/> <strong>Arvostelujen m\u00e4\u00e4r\u00e4:<\/strong> 3<br \/><a href=\"https:\/\/www.google.co.uk\/maps?cid=12993064075247924035&#038;hl=en&#038;gl=GB\" target=\"_new\" rel=\"noopener\">Lue arvosteluja<\/a><\/p>\n<h2><span class=\"ez-toc-section\" id=\"Sovereign_Logistics\"><\/span>Valtiollinen logistiikka<span class=\"ez-toc-section-end\"><\/span><\/h2>\n<p><img decoding=\"async\" src=\"https:\/\/moverdb.com\/wp-content\/uploads\/thumbnailpanoidiwc0cTi2KXDU3X5DyMEvYQcb_clientsearch.gws-prod.gpsw408h240yaw134.jpg\" alt='Valtiollinen logistiikka' class=\"aligncenter\"><\/p>\n<p><strong>Kuvaus yrityksest\u00e4: <\/strong>Ei toimitettu<\/p>\n<p><strong>Lis\u00e4palvelut:<\/strong><\/p>\n<p>Toimituspalvelu<\/p>\n<p>Logistiikkapalvelu<\/p>\n<p><strong>Osoite:<\/strong> GlaxoSmithKline, 1 Central Rd, Dartford DA1 5BG.<\/p>\n<p><a href=\"http:\/\/sovereignlogisticsltd.co.uk\/\" target=\"_new\" rel=\"noopener\">Sovereign Logisticsin verkkosivusto<\/a><\/p>\n<p><strong>Arvostelupisteet: <\/strong>5<br \/> <strong>Arvostelujen m\u00e4\u00e4r\u00e4:<\/strong> 1<br \/><a href=\"https:\/\/www.google.co.uk\/maps?cid=4725312178939241728&#038;hl=en&#038;gl=GB\" target=\"_new\" rel=\"noopener\">Lue arvosteluja<\/a><\/p>\n<h2><span class=\"ez-toc-section\" id=\"Davies_Turner_Co_Ltd\"><\/span>Davies Turner &amp; Co Ltd<span class=\"ez-toc-section-end\"><\/span><\/h2>\n<p><img decoding=\"async\" src=\"https:\/\/moverdb.com\/wp-content\/uploads\/AF1QipMbvWwpm0d9zu_9Me6UzcOU5Bvi4BVHzUZpPqgsw408-h306-k-no.jpg\" alt='Davies Turner &amp; Co Ltd' class=\"aligncenter\"><\/p>\n<p><strong>Kuvaus yrityksest\u00e4: <\/strong>Ei toimitettu<\/p>\n<p><strong>Lis\u00e4palvelut:<\/strong><\/p>\n<p>Toimitusyhti\u00f6<\/p>\n<p><strong>Osoite:<\/strong> Clipper Blvd W, Dartford DA2 6QJ<\/p>\n<p><a href=\"https:\/\/www.daviesturner.com\/\" target=\"_new\" rel=\"noopener\">Davies Turner &amp; Co Ltd:n verkkosivusto<\/a><\/p>\n<p><strong>Arvostelupisteet: <\/strong>3.7<br \/> <strong>Arvostelujen m\u00e4\u00e4r\u00e4:<\/strong> 267<br \/><a href=\"https:\/\/www.google.co.uk\/maps?cid=9513850580015448857&#038;hl=en&#038;gl=GB\" target=\"_new\" rel=\"noopener\">Lue arvosteluja<\/a><\/p>\n<h2><span class=\"ez-toc-section\" id=\"Solstor_UK\"><\/span>Solstor UK<span class=\"ez-toc-section-end\"><\/span><\/h2>\n<p><img decoding=\"async\" src=\"https:\/\/moverdb.com\/wp-content\/uploads\/AF1QipO7It5-uciqIUqeKN5wiY3h8RCpyzfI-YwpWAeaw900-h240-k-no.jpg\" alt='Solstor UK' class=\"aligncenter\"><\/p>\n<p><strong>Kuvaus yrityksest\u00e4: <\/strong>Kuljetuspalvelut koko <a href=\"https:\/\/moverdb.com\/fi\/moving-to-the-uk\/\" data-internallinksmanager029f6b8e52c=\"93\" title=\"Muutatko Yhdistyneeseen kuningaskuntaan? 2022 Elinkustannukset ja muuttovinkit\">UK<\/a> ja Euroopassa<\/p>\n<p><strong>Lis\u00e4palvelut:<\/strong><\/p>\n<p>Jakelupalvelu<\/p>\n<p>Logistiikkapalvelu<\/p>\n<p>J\u00e4\u00e4hdytetyt kuljetuspalvelut<\/p>\n<p>Kuljetuspalvelu<\/p>\n<p>Kuorma-autoyhti\u00f6<\/p>\n<p><strong>Osoite:<\/strong> Thames House, Thames Rd, Dartford DA1 4QP<\/p>\n<p><a href=\"https:\/\/www.solstor.com\/\" target=\"_new\" rel=\"noopener\">Solstor UK:n verkkosivusto<\/a><\/p>\n<p><strong>Arvostelupisteet: <\/strong>4.3<br \/> <strong>Arvostelujen m\u00e4\u00e4r\u00e4:<\/strong> 85<br \/><a href=\"https:\/\/www.google.co.uk\/maps?cid=15098990223386987897&#038;hl=en&#038;gl=GB\" target=\"_new\" rel=\"noopener\">Lue arvosteluja<\/a><\/p>\n<h2><span class=\"ez-toc-section\" id=\"How_we_picked_the_best_Dartford_Freight_Forwarding_Companies\"><\/span>Miten valitsimme parhaat Dartfordin huolintayritykset?<span class=\"ez-toc-section-end\"><\/span><\/h2>\n<p>Aloitimme Google Mapsin kautta l\u00f6yt\u00e4m\u00e4mme 14 Dartfordin rahdinkuljetusyrityksen aineistosta ja rajasimme sen 8 parhaaseen.<\/p>\n<p>T\u00e4t\u00e4 varten poistimme kaikki yritykset, jotka:<\/p>\n<ul>\n<li> Ei ollut verkkosivustoa<\/li>\n<li> Ei ollut arvosteluja<\/li>\n<li> Arvostelujen keskiarvo oli alle 2,0<\/li>\n<\/ul>\n<p>T\u00e4ss\u00e4 vaiheessa, jos meill\u00e4 oli 17 tai v\u00e4hemm\u00e4n huolitsijoita, luetteloimme ne kaikki.<\/p>\n<p>Niihin kaupunkeihin, joissa oli yli 17 huolitsijaa, tehtiin lis\u00e4tarkistuksia joko nostamalla vaadittua arvostelupistem\u00e4\u00e4r\u00e4\u00e4 (esim. nostamalla arvostelujen v\u00e4himm\u00e4ism\u00e4\u00e4r\u00e4 2,0:sta 4,0:aan) ja\/tai nostamalla vaadittujen arvostelujen v\u00e4himm\u00e4ism\u00e4\u00e4r\u00e4\u00e4 (esim. nostamalla arvostelujen v\u00e4himm\u00e4ism\u00e4\u00e4r\u00e4 yhdest\u00e4 arvostelusta v\u00e4hint\u00e4\u00e4n kymmeneen).<\/p>\n<p>Huomaa, ett\u00e4 k\u00e4ytimme vain Google Mapsin tarkistustietoja, emme mink\u00e4\u00e4n muun kolmannen osapuolen verkkosivustoja.<\/p>\n<p>Lis\u00e4\u00e4 kaupunkeja:<\/p>\n<p><a href=\"https:\/\/moverdb.com\/fi\/huolitsija\/freight-forwarding-uk\/grays-freight-forwarder\/\">Graysin huolitsija<\/a><br \/><a href=\"https:\/\/moverdb.com\/fi\/huolitsija\/freight-forwarding-uk\/sunbury-on-thames-freight-forwarder\/\">Sunbury-on-Thamesin huolitsija<\/a><br \/><a href=\"https:\/\/moverdb.com\/fi\/huolitsija\/freight-forwarding-uk\/hull-freight-forwarder\/\">Hull huolitsija<\/a><br \/><a href=\"https:\/\/moverdb.com\/fi\/huolitsija\/freight-forwarding-uk\/witham-freight-forwarder\/\">Witham huolitsija<\/a><br \/><a href=\"https:\/\/moverdb.com\/fi\/huolitsija\/freight-forwarding-uk\/paisley-freight-forwarder\/\">Paisley huolitsija<\/a><\/p>","protected":false},"excerpt":{"rendered":"<p>Below we look at the 8 &#8220;best&#8221; Freight Forwarding companies in Dartford out of 14. To learn more about how we chose the best please consult our FAQ section at the end. Please not the following listings are in no particular order and we are not making any recommendations for any particular company. Pentagon Freight [&hellip;]<\/p>\n","protected":false},"author":1,"featured_media":0,"parent":13427,"menu_order":0,"comment_status":"open","ping_status":"open","template":"","meta":{"_genesis_hide_title":false,"_genesis_hide_breadcrumbs":false,"_genesis_hide_singular_image":false,"_genesis_hide_footer_widgets":false,"_genesis_custom_body_class":"","_genesis_custom_post_class":"","_genesis_layout":"","footnotes":""},"class_list":{"0":"post-13805","1":"page","2":"type-page","3":"status-publish","5":"entry"},"_links":{"self":[{"href":"https:\/\/moverdb.com\/fi\/wp-json\/wp\/v2\/pages\/13805","targetHints":{"allow":["GET"]}}],"collection":[{"href":"https:\/\/moverdb.com\/fi\/wp-json\/wp\/v2\/pages"}],"about":[{"href":"https:\/\/moverdb.com\/fi\/wp-json\/wp\/v2\/types\/page"}],"author":[{"embeddable":true,"href":"https:\/\/moverdb.com\/fi\/wp-json\/wp\/v2\/users\/1"}],"replies":[{"embeddable":true,"href":"https:\/\/moverdb.com\/fi\/wp-json\/wp\/v2\/comments?post=13805"}],"version-history":[{"count":1,"href":"https:\/\/moverdb.com\/fi\/wp-json\/wp\/v2\/pages\/13805\/revisions"}],"predecessor-version":[{"id":15802,"href":"https:\/\/moverdb.com\/fi\/wp-json\/wp\/v2\/pages\/13805\/revisions\/15802"}],"up":[{"embeddable":true,"href":"https:\/\/moverdb.com\/fi\/wp-json\/wp\/v2\/pages\/13427"}],"wp:attachment":[{"href":"https:\/\/moverdb.com\/fi\/wp-json\/wp\/v2\/media?parent=13805"}],"curies":[{"name":"wp","href":"https:\/\/api.w.org\/{rel}","templated":true}]}}