{"id":13788,"date":"2023-11-08T15:52:42","date_gmt":"2023-11-08T15:52:42","guid":{"rendered":"https:\/\/moverdb.com\/freight-forwarder\/freight-forwarding-uk\/staines-freight-forwarder\/"},"modified":"2026-01-08T13:18:16","modified_gmt":"2026-01-08T13:18:16","slug":"staines-freight-forwarder","status":"publish","type":"page","link":"https:\/\/moverdb.com\/fi\/freight-forwarder\/freight-forwarding-uk\/staines-freight-forwarder\/","title":{"rendered":"8 parasta Stainesin rahdinkuljetusyrityst\u00e4 (2024)"},"content":{"rendered":"<p>Seuraavassa tarkastellaan 8 <em>\"paras\"<\/em> Kuljetusyritykset Stainesissa 16:sta.<\/p>\n<p>Jos haluat lis\u00e4tietoja siit\u00e4, miten valitsimme parhaat, tutustu lopussa olevaan FAQ-osioon.<\/p>\n<p><em>Huomaa, ett\u00e4 seuraavat luettelot eiv\u00e4t ole tietyss\u00e4 j\u00e4rjestyksess\u00e4, emmek\u00e4 suosittele mit\u00e4\u00e4n tietty\u00e4 yrityst\u00e4.<\/em><\/p>\n<div id=\"ez-toc-container\" class=\"ez-toc-v2_0_82_2 ez-toc-wrap-left counter-hierarchy ez-toc-counter ez-toc-transparent ez-toc-container-direction\">\n<div class=\"ez-toc-title-container\">\n<p class=\"ez-toc-title\" style=\"cursor:inherit\">Jaksot<\/p>\n<span class=\"ez-toc-title-toggle\"><a href=\"#\" class=\"ez-toc-pull-right ez-toc-btn ez-toc-btn-xs ez-toc-btn-default ez-toc-toggle\" aria-label=\"Sis\u00e4llysluettelon vaihtaminen\"><span class=\"ez-toc-js-icon-con\"><span class=\"\"><span class=\"eztoc-hide\" style=\"display:none;\">Toggle<\/span><span class=\"ez-toc-icon-toggle-span\"><svg style=\"fill: #999;color:#999\" xmlns=\"http:\/\/www.w3.org\/2000\/svg\" class=\"list-377408\" width=\"20px\" height=\"20px\" viewbox=\"0 0 24 24\" fill=\"none\"><path d=\"M6 6H4v2h2V6zm14 0H8v2h12V6zM4 11h2v2H4v-2zm16 0H8v2h12v-2zM4 16h2v2H4v-2zm16 0H8v2h12v-2z\" fill=\"currentColor\"><\/path><\/svg><svg style=\"fill: #999;color:#999\" class=\"arrow-unsorted-368013\" xmlns=\"http:\/\/www.w3.org\/2000\/svg\" width=\"10px\" height=\"10px\" viewbox=\"0 0 24 24\" version=\"1.2\" baseprofile=\"tiny\"><path d=\"M18.2 9.3l-6.2-6.3-6.2 6.3c-.2.2-.3.4-.3.7s.1.5.3.7c.2.2.4.3.7.3h11c.3 0 .5-.1.7-.3.2-.2.3-.5.3-.7s-.1-.5-.3-.7zM5.8 14.7l6.2 6.3 6.2-6.3c.2-.2.3-.5.3-.7s-.1-.5-.3-.7c-.2-.2-.4-.3-.7-.3h-11c-.3 0-.5.1-.7.3-.2.2-.3.5-.3.7s.1.5.3.7z\"\/><\/svg><\/span><\/span><\/span><\/a><\/span><\/div>\n<nav><ul class='ez-toc-list ez-toc-list-level-1 eztoc-toggle-hide-by-default' ><li class='ez-toc-page-1 ez-toc-heading-level-2'><a class=\"ez-toc-link ez-toc-heading-1\" href=\"https:\/\/moverdb.com\/fi\/freight-forwarder\/freight-forwarding-uk\/staines-freight-forwarder\/#CargoPro_Limited\" >CargoPro Limited<\/a><\/li><li class='ez-toc-page-1 ez-toc-heading-level-2'><a class=\"ez-toc-link ez-toc-heading-2\" href=\"https:\/\/moverdb.com\/fi\/freight-forwarder\/freight-forwarding-uk\/staines-freight-forwarder\/#Santova_Logistics\" >Santova Logistics<\/a><\/li><li class='ez-toc-page-1 ez-toc-heading-level-2'><a class=\"ez-toc-link ez-toc-heading-3\" href=\"https:\/\/moverdb.com\/fi\/freight-forwarder\/freight-forwarding-uk\/staines-freight-forwarder\/#TRICO_INTERNATIONAL_Shipping_Ltd\" >TRICO INTERNATIONAL Shipping Ltd<\/a><\/li><li class='ez-toc-page-1 ez-toc-heading-level-2'><a class=\"ez-toc-link ez-toc-heading-4\" href=\"https:\/\/moverdb.com\/fi\/freight-forwarder\/freight-forwarding-uk\/staines-freight-forwarder\/#Wexco_Cargo_G_S_S_A\" >Wexco Cargo G S S A<\/a><\/li><li class='ez-toc-page-1 ez-toc-heading-level-2'><a class=\"ez-toc-link ez-toc-heading-5\" href=\"https:\/\/moverdb.com\/fi\/freight-forwarder\/freight-forwarding-uk\/staines-freight-forwarder\/#Mentfield_UK_Ltd\" >Mentfield UK Ltd<\/a><\/li><li class='ez-toc-page-1 ez-toc-heading-level-2'><a class=\"ez-toc-link ez-toc-heading-6\" href=\"https:\/\/moverdb.com\/fi\/freight-forwarder\/freight-forwarding-uk\/staines-freight-forwarder\/#PSP_Worldwide_Logistics_London\" >PSP Worldwide Logistics Lontoo<\/a><\/li><li class='ez-toc-page-1 ez-toc-heading-level-2'><a class=\"ez-toc-link ez-toc-heading-7\" href=\"https:\/\/moverdb.com\/fi\/freight-forwarder\/freight-forwarding-uk\/staines-freight-forwarder\/#dnata_City_Unit_1\" >dnata City Unit 1<\/a><\/li><li class='ez-toc-page-1 ez-toc-heading-level-2'><a class=\"ez-toc-link ez-toc-heading-8\" href=\"https:\/\/moverdb.com\/fi\/freight-forwarder\/freight-forwarding-uk\/staines-freight-forwarder\/#IdrisMans_Transit\" >IdrisMans Transit<\/a><\/li><li class='ez-toc-page-1 ez-toc-heading-level-2'><a class=\"ez-toc-link ez-toc-heading-9\" href=\"https:\/\/moverdb.com\/fi\/freight-forwarder\/freight-forwarding-uk\/staines-freight-forwarder\/#How_we_picked_the_best_Staines_Freight_Forwarding_Companies\" >Miten valitsimme parhaat Stainesin huolintayritykset?<\/a><\/li><\/ul><\/nav><\/div>\n<h2><span class=\"ez-toc-section\" id=\"CargoPro_Limited\"><\/span>CargoPro Limited<span class=\"ez-toc-section-end\"><\/span><\/h2>\n<p><img decoding=\"async\" src=\"https:\/\/moverdb.com\/wp-content\/uploads\/thumbnailpanoid8eZ03x04DAxtcvndHkNXHgcb_clientsearch.gws-prod.gpsw408h240yaw156.jpg\" alt='CargoPro Limited' class=\"aligncenter\"><\/p>\n<p><strong>Kuvaus yrityksest\u00e4: <\/strong>Ei toimitettu<\/p>\n<p><strong>Lis\u00e4palvelut:<\/strong><\/p>\n<p>Ei ole lueteltu<\/p>\n<p><strong>Osoite:<\/strong> Cargo House, 1 The Mallards, Staines TW18 2TB<\/p>\n<p><a href=\"https:\/\/www.cargopro.co.uk\/\" target=\"_new\" rel=\"noopener\">CargoPro Limitedin verkkosivusto<\/a><\/p>\n<p><strong>Arvostelupisteet: <\/strong>5<br \/> <strong>Arvostelujen m\u00e4\u00e4r\u00e4:<\/strong> 2<br \/><a href=\"https:\/\/www.google.co.uk\/maps?cid=16856630503006872933&#038;hl=en&#038;gl=GB\" target=\"_new\" rel=\"noopener\">Lue arvosteluja<\/a><\/p>\n<h2><span class=\"ez-toc-section\" id=\"Santova_Logistics\"><\/span>Santova Logistics<span class=\"ez-toc-section-end\"><\/span><\/h2>\n<p><img decoding=\"async\" src=\"https:\/\/moverdb.com\/wp-content\/uploads\/thumbnailpanoidf4e0Huub_cPG2grVooambgcb_clientsearch.gws-prod.gpsw408h240yaw126.jpg\" alt='Santova Logistics' class=\"aligncenter\"><\/p>\n<p><strong>Kuvaus yrityksest\u00e4: <\/strong>Ei toimitettu<\/p>\n<p><strong>Lis\u00e4palvelut:<\/strong><\/p>\n<p>Ei ole lueteltu<\/p>\n<p><strong>Osoite:<\/strong> Centurion House, London Rd, Staines TW18 4AX<\/p>\n<p><a href=\"http:\/\/www.santova.com\/\" target=\"_new\" rel=\"noopener\">Santova Logisticsin verkkosivusto<\/a><\/p>\n<p><strong>Arvostelupisteet: <\/strong>5<br \/> <strong>Arvostelujen m\u00e4\u00e4r\u00e4:<\/strong> 1<br \/><a href=\"https:\/\/www.google.co.uk\/maps?cid=7182348770038663337&#038;hl=en&#038;gl=GB\" target=\"_new\" rel=\"noopener\">Lue arvosteluja<\/a><\/p>\n<h2><span class=\"ez-toc-section\" id=\"TRICO_INTERNATIONAL_Shipping_Ltd\"><\/span>TRICO INTERNATIONAL Shipping Ltd<span class=\"ez-toc-section-end\"><\/span><\/h2>\n<p><img decoding=\"async\" src=\"https:\/\/moverdb.com\/wp-content\/uploads\/AF1QipNEdVhhScL5vWrWmX5JQbRfv6acPNHQ_oOKGX0ww408-h306-k-no.jpg\" alt='TRICO INTERNATIONAL Shipping Ltd' class=\"aligncenter\"><\/p>\n<p><strong>Kuvaus yrityksest\u00e4: <\/strong>Ovelta ovelle Sri Lanka, <a href=\"https:\/\/moverdb.com\/fi\/moving-to-indonesia\/\" data-internallinksmanager029f6b8e52c=\"375\" title=\"Muutatko Indonesiaan? 2023 Elinkustannukset ja muuttovinkit\">Indonesia<\/a>, Malesia, <a href=\"https:\/\/moverdb.com\/fi\/car-transport-shipping\/\" data-internallinksmanager029f6b8e52c=\"2\" title=\"2026 Kansainv\u00e4linen autokuljetus ja ajoneuvojen kuljetus tarjoukset\">Autonkuljetus<\/a> Sri Lankaan, Rahti, Laatikko l\u00e4hett\u00e4\u00e4 Sri Lankaan, Maailmanlaajuinen rahti<br \/>\nOvelta ovelle Sri Lanka, Indonesia, Malesia, Autonkuljetus Sri Lankaan, Rahti, Laatikko l\u00e4hett\u00e4\u00e4 Sri Lankaan, Maailmanlaajuinen rahtikuljetus.<\/p>\n<p><strong>Lis\u00e4palvelut:<\/strong><\/p>\n<p>Logistiikkapalvelu<\/p>\n<p><strong>Osoite:<\/strong> 215-217 London Rd, Staines TW18 4HL<\/p>\n<p><a href=\"https:\/\/www.tricointernational.co.uk\/\" target=\"_new\" rel=\"noopener\">TRICO INTERNATIONAL Shipping Ltd:n verkkosivusto<\/a><\/p>\n<p><strong>Arvostelupisteet: <\/strong>4.2<br \/> <strong>Arvostelujen m\u00e4\u00e4r\u00e4:<\/strong> 68<br \/><a href=\"https:\/\/www.google.co.uk\/maps?cid=2311709322253237962&#038;hl=en&#038;gl=GB\" target=\"_new\" rel=\"noopener\">Lue arvosteluja<\/a><\/p>\n<h2><span class=\"ez-toc-section\" id=\"Wexco_Cargo_G_S_S_A\"><\/span>Wexco Cargo G S S A<span class=\"ez-toc-section-end\"><\/span><\/h2>\n<p><img decoding=\"async\" src=\"https:\/\/moverdb.com\/wp-content\/uploads\/thumbnailpanoidchtGyotiXJtBW7PWsx-RZAcb_clientsearch.gws-prod.gpsw408h240yaw119.jpg\" alt='Wexco Cargo G S S A' class=\"aligncenter\"><\/p>\n<p><strong>Kuvaus yrityksest\u00e4: <\/strong>Ei toimitettu<\/p>\n<p><strong>Lis\u00e4palvelut:<\/strong><\/p>\n<p>Ei ole lueteltu<\/p>\n<p><strong>Osoite:<\/strong> Northumberland Cl, Stanwell, Lancaster, Staines TW14 0NG<\/p>\n<p><a href=\"http:\/\/www.gsawexco.com\/\" target=\"_new\" rel=\"noopener\">Wexco Cargo G S S A:n verkkosivusto<\/a><\/p>\n<p><strong>Arvostelupisteet: <\/strong>5<br \/> <strong>Arvostelujen m\u00e4\u00e4r\u00e4:<\/strong> 1<br \/><a href=\"https:\/\/www.google.co.uk\/maps?cid=13240279529537870685&#038;hl=en&#038;gl=GB\" target=\"_new\" rel=\"noopener\">Lue arvosteluja<\/a><\/p>\n<h2><span class=\"ez-toc-section\" id=\"Mentfield_UK_Ltd\"><\/span>Mentfield UK Ltd<span class=\"ez-toc-section-end\"><\/span><\/h2>\n<p><img decoding=\"async\" src=\"https:\/\/moverdb.com\/wp-content\/uploads\/AF1QipPr_CDY0MPinM-tHNmPhZIq_3MzYfu06YoST3dIw426-h240-k-no.jpg\" alt='Mentfield UK Ltd' class=\"aligncenter\"><\/p>\n<p><strong>Kuvaus yrityksest\u00e4: <\/strong>Ei toimitettu<\/p>\n<p><strong>Lis\u00e4palvelut:<\/strong><\/p>\n<p>Ei ole lueteltu<\/p>\n<p><strong>Osoite:<\/strong> Long Ln, Stanwell, Staines TW19 7AU<\/p>\n<p><a href=\"http:\/\/www.mentfield.com\/\" target=\"_new\" rel=\"noopener\">Mentfield UK Ltd:n verkkosivusto<\/a><\/p>\n<p><strong>Arvostelupisteet: <\/strong>3.6<br \/> <strong>Arvostelujen m\u00e4\u00e4r\u00e4:<\/strong> 52<br \/><a href=\"https:\/\/www.google.co.uk\/maps?cid=8326872892032297862&#038;hl=en&#038;gl=GB\" target=\"_new\" rel=\"noopener\">Lue arvosteluja<\/a><\/p>\n<h2><span class=\"ez-toc-section\" id=\"PSP_Worldwide_Logistics_London\"><\/span>PSP Worldwide Logistics Lontoo<span class=\"ez-toc-section-end\"><\/span><\/h2>\n<p><img decoding=\"async\" src=\"https:\/\/moverdb.com\/wp-content\/uploads\/AF1QipMCftB0G0cnX3BVtGynXf0hKlZVpssnN-JooHgTw426-h240-k-no.jpg\" alt='PSP Worldwide Logistics Lontoo' class=\"aligncenter\"><\/p>\n<p><strong>Kuvaus yrityksest\u00e4: <\/strong>Vuonna 2003 tapahtuneen perustamisen j\u00e4lkeen PSP Londonin tiimi on kehitt\u00e4nyt huippulaatuisia huolinta-, tullaus- ja varastointipalveluja strategisesti t\u00e4rke\u00e4ll\u00e4 Heathrow'n sijaintipaikallaan ja luonut laajan ja uskollisen asiakaskunnan useilla eri vertikaalisilla aloilla samalla, kun se on jatkanut tiivist\u00e4 yhteisty\u00f6t\u00e4 Hampshiren kollegojensa kanssa.<\/p>\n<p>Koska HMRC on akkreditoinut meid\u00e4t AEO:ksi, ja meill\u00e4 on lupa k\u00e4sitell\u00e4 ja kuljettaa vaarallisimpia ja vaativimpia rahtitavaroita, meill\u00e4 on asiantuntemusta, resursseja ja valmiuksia tukea monimutkaisimpia maailmanlaajuisia toimitusketjuja.<\/p>\n<p><strong>Lis\u00e4palvelut:<\/strong><\/p>\n<p>Ei ole lueteltu<\/p>\n<p><strong>Osoite:<\/strong> 46 Church St, Staines TW18 4XR<\/p>\n<p><a href=\"https:\/\/www.psplondon.com\/\" target=\"_new\" rel=\"noopener\">PSP Worldwide Logistics Lontoon verkkosivusto<\/a><\/p>\n<p><strong>Arvostelupisteet: <\/strong>5<br \/> <strong>Arvostelujen m\u00e4\u00e4r\u00e4:<\/strong> 4<br \/><a href=\"https:\/\/www.google.co.uk\/maps?cid=1483888657385951061&#038;hl=en&#038;gl=GB\" target=\"_new\" rel=\"noopener\">Lue arvosteluja<\/a><\/p>\n<h2><span class=\"ez-toc-section\" id=\"dnata_City_Unit_1\"><\/span>dnata City Unit 1<span class=\"ez-toc-section-end\"><\/span><\/h2>\n<p><img decoding=\"async\" src=\"https:\/\/moverdb.com\/wp-content\/uploads\/AF1QipNgc-yDhDB3RQ3VDDs7fdVHhvuYScKidotBR4VHw408-h306-k-no.jpg\" alt='dnata City Unit 1' class=\"aligncenter\"><\/p>\n<p><strong>Kuvaus yrityksest\u00e4: <\/strong>Ei toimitettu<\/p>\n<p><strong>Lis\u00e4palvelut:<\/strong><\/p>\n<p>Ei ole lueteltu<\/p>\n<p><strong>Osoite:<\/strong> Northumberland Close, Stanwell, Staines TW19 7LN<\/p>\n<p><a href=\"http:\/\/www.dnata.co.uk\/\" target=\"_new\" rel=\"noopener\">dnata City Unit 1 -sivusto<\/a><\/p>\n<p><strong>Arvostelupisteet: <\/strong>3.7<br \/> <strong>Arvostelujen m\u00e4\u00e4r\u00e4:<\/strong> 216<br \/><a href=\"https:\/\/www.google.co.uk\/maps?cid=5796627990768086424&#038;hl=en&#038;gl=GB\" target=\"_new\" rel=\"noopener\">Lue arvosteluja<\/a><\/p>\n<h2><span class=\"ez-toc-section\" id=\"IdrisMans_Transit\"><\/span>IdrisMans Transit<span class=\"ez-toc-section-end\"><\/span><\/h2>\n<p><img decoding=\"async\" src=\"https:\/\/moverdb.com\/wp-content\/uploads\/AF1QipOiZ12ya1hGttcaGjLFU_i3Ox5MQXDss4okGoLHw408-h306-k-no.jpg\" alt='IdrisMans Transit' class=\"aligncenter\"><\/p>\n<p><strong>Kuvaus yrityksest\u00e4: <\/strong>IdrisMans on arvostettu <a href=\"https:\/\/moverdb.com\/fi\/freight-forwarder\/\" data-internallinksmanager029f6b8e52c=\"17\" title=\"Huolitsijan &amp; NVOCC:n kansainv\u00e4liset kustannukset ja yritykset -opas\">Huolitsija<\/a> &amp; Customs Broker -yritys, jolla on monen vuoden kokemus ja ammattimainen l\u00e4hestymistapa kaikkeen, mihin ryhdymme.<\/p>\n<p>Suunnittelemme ja koordinoimme kaupallisia liikkeit\u00e4, mukaan lukien tavaroiden tuonti- ja vientimuodollisuudet sek\u00e4 INTL-kuljetukset ulkomaille ja ulkomaille Amerikka Oseania Aasia Eurooppa Afrikka.<\/p>\n<p>IdrisMans on arvostettu kuljetus- ja kuljetusalan toimeksiantajayritys, jolla on suuri ammattitaito ja kokemus.<\/p>\n<p>Nous planifions et nous coordonnons les transactions commerciales impliquant l'importation et l'exportation de marchandises ainsi que les formalit\u00c3\u00a9s douani\u00c3\u00a8res le transport International \u00c3 destination &amp; en provenance des pays \u00c3\u00a9trangers Asie Am\u00e9rique Oc\u00e9anie Afrique Europe<\/p>\n<p><strong>Lis\u00e4palvelut:<\/strong><\/p>\n<p>Konttipalvelu<\/p>\n<p>Tulliv\u00e4litt\u00e4j\u00e4<\/p>\n<p>Logistiikkapalvelu<\/p>\n<p><a href=\"https:\/\/moverdb.com\/fi\/international-removals\/\" data-internallinksmanager029f6b8e52c=\"27\" title=\"36 Parhaat kansainv\u00e4liset muuttoyritykset Yhdistyneess\u00e4 kuningaskunnassa\">Muuttoyhti\u00f6<\/a><\/p>\n<p>Rautatieyhti\u00f6<\/p>\n<p>Toimituspalvelu<\/p>\n<p>Kuljetuspalvelu<\/p>\n<p>Kuorma-autoyhti\u00f6<\/p>\n<p>Ajoneuvojen kuljetusliike<\/p>\n<p><strong>Osoite:<\/strong> 231 London Rd, Staines TW18 4HR<\/p>\n<p><a href=\"https:\/\/www.idrismans.com\/\" target=\"_new\" rel=\"noopener\">IdrisMans Transit verkkosivusto<\/a><\/p>\n<p><strong>Arvostelupisteet: <\/strong>5<br \/> <strong>Arvostelujen m\u00e4\u00e4r\u00e4:<\/strong> 7<br \/><a href=\"https:\/\/www.google.co.uk\/maps?cid=12834209287575934406&#038;hl=en&#038;gl=GB\" target=\"_new\" rel=\"noopener\">Lue arvosteluja<\/a><\/p>\n<h2><span class=\"ez-toc-section\" id=\"How_we_picked_the_best_Staines_Freight_Forwarding_Companies\"><\/span>Miten valitsimme parhaat Stainesin huolintayritykset?<span class=\"ez-toc-section-end\"><\/span><\/h2>\n<p>L\u00e4hdimme liikkeelle 16 Stainesin rahdinkuljetusyrityksen aineistosta, jotka l\u00f6ysimme Google Mapsin kautta, ja rajasimme niist\u00e4 8 parasta.<\/p>\n<p>T\u00e4t\u00e4 varten poistimme kaikki yritykset, jotka:<\/p>\n<ul>\n<li> Ei ollut verkkosivustoa<\/li>\n<li> Ei ollut arvosteluja<\/li>\n<li> Arvostelujen keskiarvo oli alle 2,0<\/li>\n<\/ul>\n<p>T\u00e4ss\u00e4 vaiheessa, jos meill\u00e4 oli 17 tai v\u00e4hemm\u00e4n huolitsijoita, luetteloimme ne kaikki.<\/p>\n<p>Niihin kaupunkeihin, joissa oli yli 17 huolitsijaa, tehtiin lis\u00e4tarkistuksia joko nostamalla vaadittua arvostelupistem\u00e4\u00e4r\u00e4\u00e4 (esim. nostamalla arvostelujen v\u00e4himm\u00e4ism\u00e4\u00e4r\u00e4 2,0:sta 4,0:aan) ja\/tai nostamalla vaadittujen arvostelujen v\u00e4himm\u00e4ism\u00e4\u00e4r\u00e4\u00e4 (esim. nostamalla arvostelujen v\u00e4himm\u00e4ism\u00e4\u00e4r\u00e4 yhdest\u00e4 arvostelusta v\u00e4hint\u00e4\u00e4n kymmeneen).<\/p>\n<p>Huomaa, ett\u00e4 k\u00e4ytimme vain Google Mapsin tarkistustietoja, emme mink\u00e4\u00e4n muun kolmannen osapuolen verkkosivustoja.<\/p>\n<p>Lis\u00e4\u00e4 kaupunkeja:<\/p>\n<p><a href=\"https:\/\/moverdb.com\/fi\/huolitsija\/freight-forwarding-uk\/leicester-freight-forwarder\/\">Leicesterin huolitsija<\/a><br \/><a href=\"https:\/\/moverdb.com\/fi\/huolitsija\/freight-forwarding-uk\/dartford-freight-forwarder\/\">Dartfordin huolitsija<\/a><br \/><a href=\"https:\/\/moverdb.com\/fi\/huolitsija\/freight-forwarding-uk\/grays-freight-forwarder\/\">Graysin huolitsija<\/a><br \/><a href=\"https:\/\/moverdb.com\/fi\/huolitsija\/freight-forwarding-uk\/sunbury-on-thames-freight-forwarder\/\">Sunbury-on-Thamesin huolitsija<\/a><br \/><a href=\"https:\/\/moverdb.com\/fi\/huolitsija\/freight-forwarding-uk\/hull-freight-forwarder\/\">Hull huolitsija<\/a><\/p>","protected":false},"excerpt":{"rendered":"<p>Below we look at the 8 &#8220;best&#8221; Freight Forwarding companies in Staines out of 16. To learn more about how we chose the best please consult our FAQ section at the end. Please not the following listings are in no particular order and we are not making any recommendations for any particular company. CargoPro Limited [&hellip;]<\/p>\n","protected":false},"author":1,"featured_media":0,"parent":13427,"menu_order":0,"comment_status":"open","ping_status":"open","template":"","meta":{"_genesis_hide_title":false,"_genesis_hide_breadcrumbs":false,"_genesis_hide_singular_image":false,"_genesis_hide_footer_widgets":false,"_genesis_custom_body_class":"","_genesis_custom_post_class":"","_genesis_layout":"","footnotes":""},"class_list":{"0":"post-13788","1":"page","2":"type-page","3":"status-publish","5":"entry"},"_links":{"self":[{"href":"https:\/\/moverdb.com\/fi\/wp-json\/wp\/v2\/pages\/13788","targetHints":{"allow":["GET"]}}],"collection":[{"href":"https:\/\/moverdb.com\/fi\/wp-json\/wp\/v2\/pages"}],"about":[{"href":"https:\/\/moverdb.com\/fi\/wp-json\/wp\/v2\/types\/page"}],"author":[{"embeddable":true,"href":"https:\/\/moverdb.com\/fi\/wp-json\/wp\/v2\/users\/1"}],"replies":[{"embeddable":true,"href":"https:\/\/moverdb.com\/fi\/wp-json\/wp\/v2\/comments?post=13788"}],"version-history":[{"count":1,"href":"https:\/\/moverdb.com\/fi\/wp-json\/wp\/v2\/pages\/13788\/revisions"}],"predecessor-version":[{"id":15806,"href":"https:\/\/moverdb.com\/fi\/wp-json\/wp\/v2\/pages\/13788\/revisions\/15806"}],"up":[{"embeddable":true,"href":"https:\/\/moverdb.com\/fi\/wp-json\/wp\/v2\/pages\/13427"}],"wp:attachment":[{"href":"https:\/\/moverdb.com\/fi\/wp-json\/wp\/v2\/media?parent=13788"}],"curies":[{"name":"wp","href":"https:\/\/api.w.org\/{rel}","templated":true}]}}