{"id":13713,"date":"2023-11-08T15:51:25","date_gmt":"2023-11-08T15:51:25","guid":{"rendered":"https:\/\/moverdb.com\/freight-forwarder\/freight-forwarding-uk\/hayes-freight-forwarder\/"},"modified":"2026-01-08T14:55:30","modified_gmt":"2026-01-08T14:55:30","slug":"hayes-freight-forwarder","status":"publish","type":"page","link":"https:\/\/moverdb.com\/fi\/freight-forwarder\/freight-forwarding-uk\/hayes-freight-forwarder\/","title":{"rendered":"11 parasta Hayesin rahdinkuljetusyrityst\u00e4 (2024)"},"content":{"rendered":"<p>Seuraavassa tarkastellaan 11 <em>\"paras\"<\/em> Kuljetusyritykset Hayesissa 27:st\u00e4.<\/p>\n<p>Jos haluat lis\u00e4tietoja siit\u00e4, miten valitsimme parhaat, tutustu lopussa olevaan FAQ-osioon.<\/p>\n<p><em>Huomaa, ett\u00e4 seuraavat luettelot eiv\u00e4t ole tietyss\u00e4 j\u00e4rjestyksess\u00e4, emmek\u00e4 suosittele mit\u00e4\u00e4n tietty\u00e4 yrityst\u00e4.<\/em><\/p>\n<div id=\"ez-toc-container\" class=\"ez-toc-v2_0_82_2 ez-toc-wrap-left counter-hierarchy ez-toc-counter ez-toc-transparent ez-toc-container-direction\">\n<div class=\"ez-toc-title-container\">\n<p class=\"ez-toc-title\" style=\"cursor:inherit\">Jaksot<\/p>\n<span class=\"ez-toc-title-toggle\"><a href=\"#\" class=\"ez-toc-pull-right ez-toc-btn ez-toc-btn-xs ez-toc-btn-default ez-toc-toggle\" aria-label=\"Sis\u00e4llysluettelon vaihtaminen\"><span class=\"ez-toc-js-icon-con\"><span class=\"\"><span class=\"eztoc-hide\" style=\"display:none;\">Toggle<\/span><span class=\"ez-toc-icon-toggle-span\"><svg style=\"fill: #999;color:#999\" xmlns=\"http:\/\/www.w3.org\/2000\/svg\" class=\"list-377408\" width=\"20px\" height=\"20px\" viewbox=\"0 0 24 24\" fill=\"none\"><path d=\"M6 6H4v2h2V6zm14 0H8v2h12V6zM4 11h2v2H4v-2zm16 0H8v2h12v-2zM4 16h2v2H4v-2zm16 0H8v2h12v-2z\" fill=\"currentColor\"><\/path><\/svg><svg style=\"fill: #999;color:#999\" class=\"arrow-unsorted-368013\" xmlns=\"http:\/\/www.w3.org\/2000\/svg\" width=\"10px\" height=\"10px\" viewbox=\"0 0 24 24\" version=\"1.2\" baseprofile=\"tiny\"><path d=\"M18.2 9.3l-6.2-6.3-6.2 6.3c-.2.2-.3.4-.3.7s.1.5.3.7c.2.2.4.3.7.3h11c.3 0 .5-.1.7-.3.2-.2.3-.5.3-.7s-.1-.5-.3-.7zM5.8 14.7l6.2 6.3 6.2-6.3c.2-.2.3-.5.3-.7s-.1-.5-.3-.7c-.2-.2-.4-.3-.7-.3h-11c-.3 0-.5.1-.7.3-.2.2-.3.5-.3.7s.1.5.3.7z\"\/><\/svg><\/span><\/span><\/span><\/a><\/span><\/div>\n<nav><ul class='ez-toc-list ez-toc-list-level-1 eztoc-toggle-hide-by-default' ><li class='ez-toc-page-1 ez-toc-heading-level-2'><a class=\"ez-toc-link ez-toc-heading-1\" href=\"https:\/\/moverdb.com\/fi\/freight-forwarder\/freight-forwarding-uk\/hayes-freight-forwarder\/#Rolling_Cargo_United_Kingdom\" >Rolling Cargo Yhdistynyt kuningaskunta<\/a><\/li><li class='ez-toc-page-1 ez-toc-heading-level-2'><a class=\"ez-toc-link ez-toc-heading-2\" href=\"https:\/\/moverdb.com\/fi\/freight-forwarder\/freight-forwarding-uk\/hayes-freight-forwarder\/#Safina_International\" >Safina International<\/a><\/li><li class='ez-toc-page-1 ez-toc-heading-level-2'><a class=\"ez-toc-link ez-toc-heading-3\" href=\"https:\/\/moverdb.com\/fi\/freight-forwarder\/freight-forwarding-uk\/hayes-freight-forwarder\/#Simba_Freight_Limited\" >Simba Freight Limited<\/a><\/li><li class='ez-toc-page-1 ez-toc-heading-level-2'><a class=\"ez-toc-link ez-toc-heading-4\" href=\"https:\/\/moverdb.com\/fi\/freight-forwarder\/freight-forwarding-uk\/hayes-freight-forwarder\/#Goran_Transport_UK_Ltd\" >Goran Transport UK Ltd<\/a><\/li><li class='ez-toc-page-1 ez-toc-heading-level-2'><a class=\"ez-toc-link ez-toc-heading-5\" href=\"https:\/\/moverdb.com\/fi\/freight-forwarder\/freight-forwarding-uk\/hayes-freight-forwarder\/#African_Salihiya_Cargo_and_Clearing\" >Afrikkalainen Salihiya Cargo ja Clearing<\/a><\/li><li class='ez-toc-page-1 ez-toc-heading-level-2'><a class=\"ez-toc-link ez-toc-heading-6\" href=\"https:\/\/moverdb.com\/fi\/freight-forwarder\/freight-forwarding-uk\/hayes-freight-forwarder\/#Global_Forwarding_Ltd\" >Global Forwarding Ltd<\/a><\/li><li class='ez-toc-page-1 ez-toc-heading-level-2'><a class=\"ez-toc-link ez-toc-heading-7\" href=\"https:\/\/moverdb.com\/fi\/freight-forwarder\/freight-forwarding-uk\/hayes-freight-forwarder\/#Zumm_Cargo_Services_Ltd\" >Zumm Cargo Services Ltd<\/a><\/li><li class='ez-toc-page-1 ez-toc-heading-level-2'><a class=\"ez-toc-link ez-toc-heading-8\" href=\"https:\/\/moverdb.com\/fi\/freight-forwarder\/freight-forwarding-uk\/hayes-freight-forwarder\/#Bonito_Logistics_UK_Ltd\" >Bonito Logistics UK Ltd<\/a><\/li><li class='ez-toc-page-1 ez-toc-heading-level-2'><a class=\"ez-toc-link ez-toc-heading-9\" href=\"https:\/\/moverdb.com\/fi\/freight-forwarder\/freight-forwarding-uk\/hayes-freight-forwarder\/#Jambo_Cargo_LTD\" >Jambo Cargo LTD<\/a><\/li><li class='ez-toc-page-1 ez-toc-heading-level-2'><a class=\"ez-toc-link ez-toc-heading-10\" href=\"https:\/\/moverdb.com\/fi\/freight-forwarder\/freight-forwarding-uk\/hayes-freight-forwarder\/#Global_Motion\" >Global Motion<\/a><\/li><li class='ez-toc-page-1 ez-toc-heading-level-2'><a class=\"ez-toc-link ez-toc-heading-11\" href=\"https:\/\/moverdb.com\/fi\/freight-forwarder\/freight-forwarding-uk\/hayes-freight-forwarder\/#Kam_Freight_Services_Ltd\" >Kam Freight Services Ltd<\/a><\/li><li class='ez-toc-page-1 ez-toc-heading-level-2'><a class=\"ez-toc-link ez-toc-heading-12\" href=\"https:\/\/moverdb.com\/fi\/freight-forwarder\/freight-forwarding-uk\/hayes-freight-forwarder\/#How_we_picked_the_best_Hayes_Freight_Forwarding_Companies\" >Miten valitsimme parhaat Hayesin huolintayritykset?<\/a><\/li><\/ul><\/nav><\/div>\n<h2><span class=\"ez-toc-section\" id=\"Rolling_Cargo_United_Kingdom\"><\/span>Rolling Cargo Yhdistynyt kuningaskunta<span class=\"ez-toc-section-end\"><\/span><\/h2>\n<p><img decoding=\"async\" src=\"https:\/\/moverdb.com\/wp-content\/uploads\/AF1QipMDUa5jXhskvGnSpkrFZWvKMU9Sjv3FTvqQVU09w408-h544-k-no.jpg\" alt='Rolling Cargo Yhdistynyt kuningaskunta' class=\"aligncenter\"><\/p>\n<p><strong>Kuvaus yrityksest\u00e4: <\/strong>Ei toimitettu<\/p>\n<p><strong>Lis\u00e4palvelut:<\/strong><\/p>\n<p>Ei ole lueteltu<\/p>\n<p><strong>Osoite:<\/strong> Yksikk\u00f6 3, Alpha Estate, Clayton Rd, Hayes UB3 1BB.<\/p>\n<p><a href=\"http:\/\/www.rollingcargo.co.ke\/\" target=\"_new\" rel=\"noopener\">Rolling Cargon Yhdistyneen kuningaskunnan verkkosivusto<\/a><\/p>\n<p><strong>Arvostelupisteet: <\/strong>4.9<br \/> <strong>Arvostelujen m\u00e4\u00e4r\u00e4:<\/strong> 8<br \/><a href=\"https:\/\/www.google.co.uk\/maps?cid=657233200873828662&#038;hl=en&#038;gl=GB\" target=\"_new\" rel=\"noopener\">Lue arvosteluja<\/a><\/p>\n<h2><span class=\"ez-toc-section\" id=\"Safina_International\"><\/span>Safina International<span class=\"ez-toc-section-end\"><\/span><\/h2>\n<p><img decoding=\"async\" src=\"https:\/\/moverdb.com\/wp-content\/uploads\/thumbnailpanoidogeblsbIiBD5uBA1J9X38Acb_clientsearch.gws-prod.gpsw408h240yaw18.jpg\" alt='Safina International' class=\"aligncenter\"><\/p>\n<p><strong>Kuvaus yrityksest\u00e4: <\/strong>Ei toimitettu<\/p>\n<p><strong>Lis\u00e4palvelut:<\/strong><\/p>\n<p>Tulliosasto<\/p>\n<p>Pakkausurakoitsijat ja -palvelut<\/p>\n<p>Toimitusyhti\u00f6<\/p>\n<p><strong>Osoite:<\/strong> 10 Pump Ln, Hayes UB3 3NP<\/p>\n<p><a href=\"http:\/\/www.safina.co.uk\/\" target=\"_new\" rel=\"noopener\">Safina Internationalin verkkosivusto<\/a><\/p>\n<p><strong>Arvostelupisteet: <\/strong>3.7<br \/> <strong>Arvostelujen m\u00e4\u00e4r\u00e4:<\/strong> 6<br \/><a href=\"https:\/\/www.google.co.uk\/maps?cid=36397636264476976&#038;hl=en&#038;gl=GB\" target=\"_new\" rel=\"noopener\">Lue arvosteluja<\/a><\/p>\n<h2><span class=\"ez-toc-section\" id=\"Simba_Freight_Limited\"><\/span>Simba Freight Limited<span class=\"ez-toc-section-end\"><\/span><\/h2>\n<p><img decoding=\"async\" src=\"https:\/\/moverdb.com\/wp-content\/uploads\/thumbnailpanoidLZj8pUUxIwZmaBavJ-VnsQcb_clientsearch.gws-prod.gpsw408h240yaw355.jpg\" alt='Simba Freight Limited' class=\"aligncenter\"><\/p>\n<p><strong>Kuvaus yrityksest\u00e4: <\/strong>Olemme huolinta-asiantuntijoita, jotka toimivat <a href=\"https:\/\/moverdb.com\/fi\/moving-to-the-uk\/\" data-internallinksmanager029f6b8e52c=\"93\" title=\"Muutatko Yhdistyneeseen kuningaskuntaan? 2022 Elinkustannukset ja muuttovinkit\">UK<\/a> Koko It\u00e4-Afrikan alueelle.<\/p>\n<p>Yrityksemme perustettiin k\u00e4sittelem\u00e4\u00e4n ja helpottamaan kasvavaa liiketoimintaa Yhdistyneen kuningaskunnan ja It\u00e4-Afrikan v\u00e4lill\u00e4.<\/p>\n<p> Olemme erikoistuneet lentorahtikuljetuksiin ovelta ovelle ja lentokent\u00e4lt\u00e4 lentokent\u00e4lle kaikentyyppisille rahdille, mukaan lukien vaaralliset tavarat Yhdistyneest\u00e4 kuningaskunnasta seuraaviin paikkoihin. <a href=\"https:\/\/moverdb.com\/fi\/moving-companies\/moving-companies-kenya\/\" data-internallinksmanager029f6b8e52c=\"305\" title=\"4 parasta kansainv\u00e4list\u00e4 muuttoliikett\u00e4 Keniassa\">Kenia<\/a>, Tansania, Uganda ja muu maailma.<\/p>\n<p><strong>Lis\u00e4palvelut:<\/strong><\/p>\n<p>Ei ole lueteltu<\/p>\n<p><strong>Osoite:<\/strong> Yksikk\u00f6 7, Adler Industrial Estate, Betam Rd, Hayes UB3 1ST.<\/p>\n<p><a href=\"http:\/\/www.simbafreight.com\/\" target=\"_new\" rel=\"noopener\">Simba Freight Limitedin verkkosivusto<\/a><\/p>\n<p><strong>Arvostelupisteet: <\/strong>5<br \/> <strong>Arvostelujen m\u00e4\u00e4r\u00e4:<\/strong> 1<br \/><a href=\"https:\/\/www.google.co.uk\/maps?cid=10274383187957710415&#038;hl=en&#038;gl=GB\" target=\"_new\" rel=\"noopener\">Lue arvosteluja<\/a><\/p>\n<h2><span class=\"ez-toc-section\" id=\"Goran_Transport_UK_Ltd\"><\/span>Goran Transport UK Ltd<span class=\"ez-toc-section-end\"><\/span><\/h2>\n<p><img decoding=\"async\" src=\"https:\/\/moverdb.com\/wp-content\/uploads\/AF1QipOX_6kF8HEoYuN5vJRhrkymU1UUoGwfZr-sl-3tw408-h544-k-no.jpg\" alt='Goran Transport UK Ltd' class=\"aligncenter\"><\/p>\n<p><strong>Kuvaus yrityksest\u00e4: <\/strong>Ei toimitettu<\/p>\n<p><strong>Lis\u00e4palvelut:<\/strong><\/p>\n<p>Ei ole lueteltu<\/p>\n<p><strong>Osoite:<\/strong> Yksikk\u00f6 5, Regent Business Centre, Pump Ln, Hayes UB3 3NP.<\/p>\n<p><a href=\"https:\/\/www.gorantransport.nl\/english.htm\" target=\"_new\" rel=\"noopener\">Goran Transport UK Ltd:n verkkosivusto<\/a><\/p>\n<p><strong>Arvostelupisteet: <\/strong>4.1<br \/> <strong>Arvostelujen m\u00e4\u00e4r\u00e4:<\/strong> 25<br \/><a href=\"https:\/\/www.google.co.uk\/maps?cid=3019162477136920695&#038;hl=en&#038;gl=GB\" target=\"_new\" rel=\"noopener\">Lue arvosteluja<\/a><\/p>\n<h2><span class=\"ez-toc-section\" id=\"African_Salihiya_Cargo_and_Clearing\"><\/span>Afrikkalainen Salihiya Cargo ja Clearing<span class=\"ez-toc-section-end\"><\/span><\/h2>\n<p><img decoding=\"async\" src=\"https:\/\/moverdb.com\/wp-content\/uploads\/thumbnailpanoidmLbWvSXZRZ9FblJKYp0myQcb_clientsearch.gws-prod.gpsw408h240yaw217.jpg\" alt='Afrikkalainen Salihiya Cargo ja Clearing' class=\"aligncenter\"><\/p>\n<p><strong>Kuvaus yrityksest\u00e4: <\/strong>Ei toimitettu<\/p>\n<p><strong>Lis\u00e4palvelut:<\/strong><\/p>\n<p>Toimituspalvelu<\/p>\n<p><strong>Osoite:<\/strong> 134 Clayton Rd, Hayes UB3 1BL<\/p>\n<p><a href=\"http:\/\/www.africansalihiya.com\/\" target=\"_new\" rel=\"noopener\">Afrikkalainen Salihiya Cargo and Clearing -verkkosivusto<\/a><\/p>\n<p><strong>Arvostelupisteet: <\/strong>4<br \/> <strong>Arvostelujen m\u00e4\u00e4r\u00e4:<\/strong> 12<br \/><a href=\"https:\/\/www.google.co.uk\/maps?cid=15574283774093380149&#038;hl=en&#038;gl=GB\" target=\"_new\" rel=\"noopener\">Lue arvosteluja<\/a><\/p>\n<h2><span class=\"ez-toc-section\" id=\"Global_Forwarding_Ltd\"><\/span>Global Forwarding Ltd<span class=\"ez-toc-section-end\"><\/span><\/h2>\n<p><img decoding=\"async\" src=\"https:\/\/moverdb.com\/wp-content\/uploads\/AF1QipOXj5XgSdjoRlytWUMDeDVZPOit8bnQQYrJ-u0jw532-h240-k-no.jpg\" alt='Global Forwarding Ltd' class=\"aligncenter\"><\/p>\n<p><strong>Kuvaus yrityksest\u00e4: <\/strong>Vuonna 1993 perustettu Global Forwarding toimii Yhdistyneess\u00e4 kuningaskunnassa sijaitsevista rahtikeskuksista k\u00e4sin, <a href=\"https:\/\/moverdb.com\/fi\/moving-to-ireland\/\" data-internallinksmanager029f6b8e52c=\"320\" title=\"Muutatko Irlantiin? 2023 Elinkustannukset ja muuttovinkit\">Irlanti<\/a>ja <a href=\"https:\/\/moverdb.com\/fi\/moving-to-the-united-states\/\" data-internallinksmanager029f6b8e52c=\"94\" title=\"Muutatko Yhdysvaltoihin? 2022 Elinkustannukset ja muuttovinkit\">Yhdysvallat<\/a> ja se on ollut 10 vuoden ajan j\u00e4senen\u00e4 Hecny Groupissa, joka on yksi Aasian suurimmista huolitsijoista.<\/p>\n<p>Global Forwarding on ylpe\u00e4 riippumattomasta, pienimuotoisesta kulttuuristaan, ja se on sitoutunut korkeimpaan mahdolliseen asiakaspalvelutasoon ja on erikoistunut r\u00e4\u00e4t\u00e4l\u00f6ityihin multimodaalisiin rahti-, logistiikka- ja toimitusketjuratkaisuihin kaikentyyppiselle rahdille.<\/p>\n<p><strong>Lis\u00e4palvelut:<\/strong><\/p>\n<p>Ei ole lueteltu<\/p>\n<p><strong>Osoite:<\/strong> Yksikk\u00f6 B, Crosspoint Distribution Park, Hayes UB3 1DQ.<\/p>\n<p><a href=\"http:\/\/www.globalf.com\/\" target=\"_new\" rel=\"noopener\">Global Forwarding Ltd:n verkkosivusto<\/a><\/p>\n<p><strong>Arvostelupisteet: <\/strong>4.3<br \/> <strong>Arvostelujen m\u00e4\u00e4r\u00e4:<\/strong> 6<br \/><a href=\"https:\/\/www.google.co.uk\/maps?cid=567301662248238344&#038;hl=en&#038;gl=GB\" target=\"_new\" rel=\"noopener\">Lue arvosteluja<\/a><\/p>\n<h2><span class=\"ez-toc-section\" id=\"Zumm_Cargo_Services_Ltd\"><\/span>Zumm Cargo Services Ltd<span class=\"ez-toc-section-end\"><\/span><\/h2>\n<p><img decoding=\"async\" src=\"https:\/\/moverdb.com\/wp-content\/uploads\/thumbnailpanoidmLbWvSXZRZ9FblJKYp0myQcb_clientsearch.gws-prod.gpsw408h240yaw225.jpg\" alt='Zumm Cargo Services Ltd' class=\"aligncenter\"><\/p>\n<p><strong>Kuvaus yrityksest\u00e4: <\/strong>Ei toimitettu<\/p>\n<p><strong>Lis\u00e4palvelut:<\/strong><\/p>\n<p>Ei ole lueteltu<\/p>\n<p><strong>Osoite:<\/strong> 12, Crown Trading Centre, 203 Clayton Rd, Hayes UB3 1DU.<\/p>\n<p><a href=\"https:\/\/www.zummcargo.co.uk\/\" target=\"_new\" rel=\"noopener\">Zumm Cargo Services Ltd:n verkkosivusto<\/a><\/p>\n<p><strong>Arvostelupisteet: <\/strong>5<br \/> <strong>Arvostelujen m\u00e4\u00e4r\u00e4:<\/strong> 1<br \/><a href=\"https:\/\/www.google.co.uk\/maps?cid=16072533922684399173&#038;hl=en&#038;gl=GB\" target=\"_new\" rel=\"noopener\">Lue arvosteluja<\/a><\/p>\n<h2><span class=\"ez-toc-section\" id=\"Bonito_Logistics_UK_Ltd\"><\/span>Bonito Logistics UK Ltd<span class=\"ez-toc-section-end\"><\/span><\/h2>\n<p><img decoding=\"async\" src=\"https:\/\/moverdb.com\/wp-content\/uploads\/thumbnailpanoiduqFlQnn0vH2DUMJE9cnLJQcb_clientsearch.gws-prod.gpsw408h240yaw274.jpg\" alt='Bonito Logistics UK Ltd' class=\"aligncenter\"><\/p>\n<p><strong>Kuvaus yrityksest\u00e4: <\/strong>Bonito Logistics UK Ltd on <a href=\"https:\/\/moverdb.com\/fi\/freight-forwarder\/\" data-internallinksmanager029f6b8e52c=\"17\" title=\"Huolitsijan &amp; NVOCC:n kansainv\u00e4liset kustannukset ja yritykset -opas\">huolitsija<\/a> Lontoossa, tarjoamme logistiikkapalveluja tarpeidesi mukaan.<\/p>\n<p> Asiantuntemuksemme, ammattitaitomme ja maailmanlaajuinen verkostomme mahdollistavat rahtil\u00e4hetysten tehokkaan hallinnan.<\/p>\n<p> Palvelumme on suunniteltu varmistamaan, ett\u00e4 logistiikkavaatimustesi jokainen vaihe koordinoidaan ja hoidetaan huolellisesti.<\/p>\n<p> Boniton edustajien ja logistiikkakumppaneiden verkosto ymp\u00e4ri maailmaa pystyy tukemaan logistiikkatiedusteluja kaikkialla maailmassa.<\/p>\n<p> Bonito tekee tiivist\u00e4 yhteisty\u00f6t\u00e4 asiakkaidensa kanssa ymm\u00e4rt\u00e4\u00e4kseen paremmin heid\u00e4n erityistarpeitaan ja odotuksiaan, ja yhdess\u00e4 kanssasi tiimi kehitt\u00e4\u00e4, soveltaa ja yll\u00e4pit\u00e4\u00e4 vakiotoimintatapoja, jotka sopivat yrityksesi tarpeisiin.<\/p>\n<p><strong>Lis\u00e4palvelut:<\/strong><\/p>\n<p>Ei ole lueteltu<\/p>\n<p><strong>Osoite:<\/strong> 47 Botwell Cres, Hayes UB3 2BD<\/p>\n<p><a href=\"http:\/\/www.bonitologistics-uk.com\/\" target=\"_new\" rel=\"noopener\">Bonito Logistics UK Ltd:n verkkosivusto<\/a><\/p>\n<p><strong>Arvostelupisteet: <\/strong>5<br \/> <strong>Arvostelujen m\u00e4\u00e4r\u00e4:<\/strong> 3<br \/><a href=\"https:\/\/www.google.co.uk\/maps?cid=14489321507001253818&#038;hl=en&#038;gl=GB\" target=\"_new\" rel=\"noopener\">Lue arvosteluja<\/a><\/p>\n<h2><span class=\"ez-toc-section\" id=\"Jambo_Cargo_LTD\"><\/span>Jambo Cargo LTD<span class=\"ez-toc-section-end\"><\/span><\/h2>\n<p><img decoding=\"async\" src=\"https:\/\/moverdb.com\/wp-content\/uploads\/AF1QipNWYXRLILA8RMfCaES13iG_LBSVfQZcdhsxawHUw408-h544-k-no.jpg\" alt='Jambo Cargo LTD' class=\"aligncenter\"><\/p>\n<p><strong>Kuvaus yrityksest\u00e4: <\/strong>Olemme erikoistuneet rahdin kuljetukseen Keniaan \u00f0\u0178\u2021\u00b0\u00f0\u0178\u2021\u2021\u00aa<br \/>\nMik\u00e4\u00e4n lasti ei ole liian pieni tai liian suuri, voimme toimittaa asiakirjasta ajoneuvoon.<\/p>\n<p>Tarjoamme my\u00f6s kilpailukykyisi\u00e4 hintoja kaikkiin maailman kohteisiin.<\/p>\n<p>Ota yhteytt\u00e4 saadaksesi lis\u00e4tietoja<br \/>\nSales@jambocargo.<\/p>\n<p>com<br \/>\n020 8004 8661<\/p>\n<p><strong>Lis\u00e4palvelut:<\/strong><\/p>\n<p>Kuljetuspalvelu<\/p>\n<p><strong>Osoite:<\/strong> ACCESS HOUSE, 1 Nestles Ave, Hayes UB3 4UZ<\/p>\n<p><a href=\"http:\/\/jambocargo.com\/\" target=\"_new\" rel=\"noopener\">Jambo Cargo LTD:n verkkosivusto<\/a><\/p>\n<p><strong>Arvostelupisteet: <\/strong>4.5<br \/> <strong>Arvostelujen m\u00e4\u00e4r\u00e4:<\/strong> 20<br \/><a href=\"https:\/\/www.google.co.uk\/maps?cid=6610410855194137063&#038;hl=en&#038;gl=GB\" target=\"_new\" rel=\"noopener\">Lue arvosteluja<\/a><\/p>\n<h2><span class=\"ez-toc-section\" id=\"Global_Motion\"><\/span>Global Motion<span class=\"ez-toc-section-end\"><\/span><\/h2>\n<p><img decoding=\"async\" src=\"https:\/\/moverdb.com\/wp-content\/uploads\/AF1QipNkw2TZ8kSPrCuv0IG0MoYP7PgyvXFAFuuBmQKbw408-h272-k-no.jpg\" alt='Global Motion' class=\"aligncenter\"><\/p>\n<p><strong>Kuvaus yrityksest\u00e4: <\/strong>Ei toimitettu<\/p>\n<p><strong>Lis\u00e4palvelut:<\/strong><\/p>\n<p>Varastointilaitos<\/p>\n<p><strong>Osoite:<\/strong> Yksikk\u00f6 4 Vinyl Pl, Hayes UB3 1DA<\/p>\n<p><a href=\"http:\/\/www.globalmotion.com\/\" target=\"_new\" rel=\"noopener\">Global Motionin verkkosivusto<\/a><\/p>\n<p><strong>Arvostelupisteet: <\/strong>4.7<br \/> <strong>Arvostelujen m\u00e4\u00e4r\u00e4:<\/strong> 11<br \/><a href=\"https:\/\/www.google.co.uk\/maps?cid=10255561171020697373&#038;hl=en&#038;gl=GB\" target=\"_new\" rel=\"noopener\">Lue arvosteluja<\/a><\/p>\n<h2><span class=\"ez-toc-section\" id=\"Kam_Freight_Services_Ltd\"><\/span>Kam Freight Services Ltd<span class=\"ez-toc-section-end\"><\/span><\/h2>\n<p><img decoding=\"async\" src=\"https:\/\/moverdb.com\/wp-content\/uploads\/AF1QipP3Z8TnlgNCqSIFMm2vAcibV9If0l3Vz3DpB8SAw647-h240-k-no.jpg\" alt='Kam Freight Services Ltd' class=\"aligncenter\"><\/p>\n<p><strong>Kuvaus yrityksest\u00e4: <\/strong>Ei toimitettu<\/p>\n<p><strong>Lis\u00e4palvelut:<\/strong><\/p>\n<p>Kuriiripalvelu<\/p>\n<p>Logistiikkapalvelu<\/p>\n<p>Toimitusyhti\u00f6<\/p>\n<p>Toimituspalvelu<\/p>\n<p><a href=\"https:\/\/moverdb.com\/fi\/car-transport-shipping\/\" data-internallinksmanager029f6b8e52c=\"2\" title=\"2026 Kansainv\u00e4linen autokuljetus ja ajoneuvojen kuljetus tarjoukset\">Ajoneuvojen kuljetus<\/a> agentti<\/p>\n<p><strong>Osoite:<\/strong> 1 Swallowfield Way, Hayes UB3 1DQ<\/p>\n<p><a href=\"http:\/\/www.kamfreightservices.com\/\" target=\"_new\" rel=\"noopener\">Kam Freight Services Ltd:n verkkosivusto<\/a><\/p>\n<p><strong>Arvostelupisteet: <\/strong>4.1<br \/> <strong>Arvostelujen m\u00e4\u00e4r\u00e4:<\/strong> 15<br \/><a href=\"https:\/\/www.google.co.uk\/maps?cid=6964296461833857074&#038;hl=en&#038;gl=GB\" target=\"_new\" rel=\"noopener\">Lue arvosteluja<\/a><\/p>\n<h2><span class=\"ez-toc-section\" id=\"How_we_picked_the_best_Hayes_Freight_Forwarding_Companies\"><\/span>Miten valitsimme parhaat Hayesin huolintayritykset?<span class=\"ez-toc-section-end\"><\/span><\/h2>\n<p>Aloitimme Google Mapsin kautta l\u00f6yt\u00e4m\u00e4mme 27 Hayesin huolintaliikkeen aineistosta ja rajasimme sen 11 parhaaseen.<\/p>\n<p>T\u00e4t\u00e4 varten poistimme kaikki yritykset, jotka:<\/p>\n<ul>\n<li> Ei ollut verkkosivustoa<\/li>\n<li> Ei ollut arvosteluja<\/li>\n<li> Arvostelujen keskiarvo oli alle 2,0<\/li>\n<\/ul>\n<p>T\u00e4ss\u00e4 vaiheessa, jos meill\u00e4 oli 17 tai v\u00e4hemm\u00e4n huolitsijoita, luetteloimme ne kaikki.<\/p>\n<p>Niihin kaupunkeihin, joissa oli yli 17 huolitsijaa, tehtiin lis\u00e4tarkistuksia joko nostamalla vaadittua arvostelupistem\u00e4\u00e4r\u00e4\u00e4 (esim. nostamalla arvostelujen v\u00e4himm\u00e4ism\u00e4\u00e4r\u00e4 2,0:sta 4,0:aan) ja\/tai nostamalla vaadittujen arvostelujen v\u00e4himm\u00e4ism\u00e4\u00e4r\u00e4\u00e4 (esim. nostamalla arvostelujen v\u00e4himm\u00e4ism\u00e4\u00e4r\u00e4 yhdest\u00e4 arvostelusta v\u00e4hint\u00e4\u00e4n kymmeneen).<\/p>\n<p>Huomaa, ett\u00e4 k\u00e4ytimme vain Google Mapsin tarkistustietoja, emme mink\u00e4\u00e4n muun kolmannen osapuolen verkkosivustoja.<\/p>\n<p>Lis\u00e4\u00e4 kaupunkeja:<\/p>\n<p><a href=\"https:\/\/moverdb.com\/fi\/huolitsija\/freight-forwarding-uk\/bradford-freight-forwarder\/\">Bradfordin huolitsija<\/a><br \/><a href=\"https:\/\/moverdb.com\/fi\/huolitsija\/freight-forwarding-uk\/derby-freight-forwarder\/\">Derby huolitsija<\/a><br \/><a href=\"https:\/\/moverdb.com\/fi\/huolitsija\/freight-forwarding-uk\/southall-freight-forwarder\/\">Southall huolitsija<\/a><br \/><a href=\"https:\/\/moverdb.com\/fi\/huolitsija\/freight-forwarding-uk\/coventry-freight-forwarder\/\">Coventryn huolitsija<\/a><br \/><a href=\"https:\/\/moverdb.com\/fi\/huolitsija\/freight-forwarding-uk\/west-drayton-freight-forwarder\/\">West Drayton huolitsija<\/a><\/p>","protected":false},"excerpt":{"rendered":"<p>Below we look at the 11 &#8220;best&#8221; Freight Forwarding companies in Hayes out of 27. To learn more about how we chose the best please consult our FAQ section at the end. Please not the following listings are in no particular order and we are not making any recommendations for any particular company. Rolling Cargo [&hellip;]<\/p>\n","protected":false},"author":1,"featured_media":0,"parent":13427,"menu_order":0,"comment_status":"open","ping_status":"open","template":"","meta":{"_genesis_hide_title":false,"_genesis_hide_breadcrumbs":false,"_genesis_hide_singular_image":false,"_genesis_hide_footer_widgets":false,"_genesis_custom_body_class":"","_genesis_custom_post_class":"","_genesis_layout":"","footnotes":""},"class_list":{"0":"post-13713","1":"page","2":"type-page","3":"status-publish","5":"entry"},"_links":{"self":[{"href":"https:\/\/moverdb.com\/fi\/wp-json\/wp\/v2\/pages\/13713","targetHints":{"allow":["GET"]}}],"collection":[{"href":"https:\/\/moverdb.com\/fi\/wp-json\/wp\/v2\/pages"}],"about":[{"href":"https:\/\/moverdb.com\/fi\/wp-json\/wp\/v2\/types\/page"}],"author":[{"embeddable":true,"href":"https:\/\/moverdb.com\/fi\/wp-json\/wp\/v2\/users\/1"}],"replies":[{"embeddable":true,"href":"https:\/\/moverdb.com\/fi\/wp-json\/wp\/v2\/comments?post=13713"}],"version-history":[{"count":1,"href":"https:\/\/moverdb.com\/fi\/wp-json\/wp\/v2\/pages\/13713\/revisions"}],"predecessor-version":[{"id":15683,"href":"https:\/\/moverdb.com\/fi\/wp-json\/wp\/v2\/pages\/13713\/revisions\/15683"}],"up":[{"embeddable":true,"href":"https:\/\/moverdb.com\/fi\/wp-json\/wp\/v2\/pages\/13427"}],"wp:attachment":[{"href":"https:\/\/moverdb.com\/fi\/wp-json\/wp\/v2\/media?parent=13713"}],"curies":[{"name":"wp","href":"https:\/\/api.w.org\/{rel}","templated":true}]}}