{"id":13691,"date":"2023-11-08T15:51:25","date_gmt":"2023-11-08T15:51:25","guid":{"rendered":"https:\/\/moverdb.com\/freight-forwarder\/freight-forwarding-uk\/leeds-freight-forwarder\/"},"modified":"2026-01-08T14:55:31","modified_gmt":"2026-01-08T14:55:31","slug":"leeds-freight-forwarder","status":"publish","type":"page","link":"https:\/\/moverdb.com\/fi\/freight-forwarder\/freight-forwarding-uk\/leeds-freight-forwarder\/","title":{"rendered":"11 parasta Leedsin huolintayhti\u00f6t\u00e4 (2024)"},"content":{"rendered":"<p>Seuraavassa tarkastellaan 11 <em>\"paras\"<\/em> Kuljetusyritykset <a href=\"\" data-internallinksmanager029f6b8e52c=\"48\" title=\"Leeds\">Leeds<\/a> 28:sta.<\/p>\n<p>Jos haluat lis\u00e4tietoja siit\u00e4, miten valitsimme parhaat, tutustu lopussa olevaan FAQ-osioon.<\/p>\n<p><em>Huomaa, ett\u00e4 seuraavat luettelot eiv\u00e4t ole tietyss\u00e4 j\u00e4rjestyksess\u00e4, emmek\u00e4 suosittele mit\u00e4\u00e4n tietty\u00e4 yrityst\u00e4.<\/em><\/p>\n<div id=\"ez-toc-container\" class=\"ez-toc-v2_0_82_2 ez-toc-wrap-left counter-hierarchy ez-toc-counter ez-toc-transparent ez-toc-container-direction\">\n<div class=\"ez-toc-title-container\">\n<p class=\"ez-toc-title\" style=\"cursor:inherit\">Jaksot<\/p>\n<span class=\"ez-toc-title-toggle\"><a href=\"#\" class=\"ez-toc-pull-right ez-toc-btn ez-toc-btn-xs ez-toc-btn-default ez-toc-toggle\" aria-label=\"Sis\u00e4llysluettelon vaihtaminen\"><span class=\"ez-toc-js-icon-con\"><span class=\"\"><span class=\"eztoc-hide\" style=\"display:none;\">Toggle<\/span><span class=\"ez-toc-icon-toggle-span\"><svg style=\"fill: #999;color:#999\" xmlns=\"http:\/\/www.w3.org\/2000\/svg\" class=\"list-377408\" width=\"20px\" height=\"20px\" viewbox=\"0 0 24 24\" fill=\"none\"><path d=\"M6 6H4v2h2V6zm14 0H8v2h12V6zM4 11h2v2H4v-2zm16 0H8v2h12v-2zM4 16h2v2H4v-2zm16 0H8v2h12v-2z\" fill=\"currentColor\"><\/path><\/svg><svg style=\"fill: #999;color:#999\" class=\"arrow-unsorted-368013\" xmlns=\"http:\/\/www.w3.org\/2000\/svg\" width=\"10px\" height=\"10px\" viewbox=\"0 0 24 24\" version=\"1.2\" baseprofile=\"tiny\"><path d=\"M18.2 9.3l-6.2-6.3-6.2 6.3c-.2.2-.3.4-.3.7s.1.5.3.7c.2.2.4.3.7.3h11c.3 0 .5-.1.7-.3.2-.2.3-.5.3-.7s-.1-.5-.3-.7zM5.8 14.7l6.2 6.3 6.2-6.3c.2-.2.3-.5.3-.7s-.1-.5-.3-.7c-.2-.2-.4-.3-.7-.3h-11c-.3 0-.5.1-.7.3-.2.2-.3.5-.3.7s.1.5.3.7z\"\/><\/svg><\/span><\/span><\/span><\/a><\/span><\/div>\n<nav><ul class='ez-toc-list ez-toc-list-level-1 eztoc-toggle-hide-by-default' ><li class='ez-toc-page-1 ez-toc-heading-level-2'><a class=\"ez-toc-link ez-toc-heading-1\" href=\"https:\/\/moverdb.com\/fi\/freight-forwarder\/freight-forwarding-uk\/leeds-freight-forwarder\/#Stagefreight_Ltd\" >Stagefreight Ltd<\/a><\/li><li class='ez-toc-page-1 ez-toc-heading-level-2'><a class=\"ez-toc-link ez-toc-heading-2\" href=\"https:\/\/moverdb.com\/fi\/freight-forwarder\/freight-forwarding-uk\/leeds-freight-forwarder\/#Noahs_Ark_to_Southern_Africa\" >Nooan arkki etel\u00e4iseen Afrikkaan<\/a><\/li><li class='ez-toc-page-1 ez-toc-heading-level-2'><a class=\"ez-toc-link ez-toc-heading-3\" href=\"https:\/\/moverdb.com\/fi\/freight-forwarder\/freight-forwarding-uk\/leeds-freight-forwarder\/#Tudor_International_Freight_Limited\" >Tudor International Freight Limited<\/a><\/li><li class='ez-toc-page-1 ez-toc-heading-level-2'><a class=\"ez-toc-link ez-toc-heading-4\" href=\"https:\/\/moverdb.com\/fi\/freight-forwarder\/freight-forwarding-uk\/leeds-freight-forwarder\/#Kuehne_Nagel_Ltd\" >Kuehne &amp; Nagel Ltd<\/a><\/li><li class='ez-toc-page-1 ez-toc-heading-level-2'><a class=\"ez-toc-link ez-toc-heading-5\" href=\"https:\/\/moverdb.com\/fi\/freight-forwarder\/freight-forwarding-uk\/leeds-freight-forwarder\/#Quality_Freight_Services_Ltd\" >Quality Freight Services Ltd<\/a><\/li><li class='ez-toc-page-1 ez-toc-heading-level-2'><a class=\"ez-toc-link ez-toc-heading-6\" href=\"https:\/\/moverdb.com\/fi\/freight-forwarder\/freight-forwarding-uk\/leeds-freight-forwarder\/#Fusion_Freight_Ltd\" >Fusion Freight Ltd<\/a><\/li><li class='ez-toc-page-1 ez-toc-heading-level-2'><a class=\"ez-toc-link ez-toc-heading-7\" href=\"https:\/\/moverdb.com\/fi\/freight-forwarder\/freight-forwarding-uk\/leeds-freight-forwarder\/#Carry_Cargo_International_Freight_Forwarders\" >Carry Cargo Kansainv\u00e4liset huolitsijat<\/a><\/li><li class='ez-toc-page-1 ez-toc-heading-level-2'><a class=\"ez-toc-link ez-toc-heading-8\" href=\"https:\/\/moverdb.com\/fi\/freight-forwarder\/freight-forwarding-uk\/leeds-freight-forwarder\/#Global_Freight_Managment\" >Global Freight Management<\/a><\/li><li class='ez-toc-page-1 ez-toc-heading-level-2'><a class=\"ez-toc-link ez-toc-heading-9\" href=\"https:\/\/moverdb.com\/fi\/freight-forwarder\/freight-forwarding-uk\/leeds-freight-forwarder\/#NF_Global_Logistics_Ltd\" >NF Global Logistics Ltd<\/a><\/li><li class='ez-toc-page-1 ez-toc-heading-level-2'><a class=\"ez-toc-link ez-toc-heading-10\" href=\"https:\/\/moverdb.com\/fi\/freight-forwarder\/freight-forwarding-uk\/leeds-freight-forwarder\/#Viamaster_International_Limited\" >Viamaster International Limited<\/a><\/li><li class='ez-toc-page-1 ez-toc-heading-level-2'><a class=\"ez-toc-link ez-toc-heading-11\" href=\"https:\/\/moverdb.com\/fi\/freight-forwarder\/freight-forwarding-uk\/leeds-freight-forwarder\/#Trafertir_Group\" >Trafertir Group<\/a><\/li><li class='ez-toc-page-1 ez-toc-heading-level-2'><a class=\"ez-toc-link ez-toc-heading-12\" href=\"https:\/\/moverdb.com\/fi\/freight-forwarder\/freight-forwarding-uk\/leeds-freight-forwarder\/#How_we_picked_the_best_Leeds_Freight_Forwarding_Companies\" >Miten valitsimme parhaat Leedsin huolintayritykset?<\/a><\/li><\/ul><\/nav><\/div>\n<h2><span class=\"ez-toc-section\" id=\"Stagefreight_Ltd\"><\/span>Stagefreight Ltd<span class=\"ez-toc-section-end\"><\/span><\/h2>\n<p><img decoding=\"async\" src=\"https:\/\/moverdb.com\/wp-content\/uploads\/thumbnailpanoidsJktWw5RLAFUCA7lS3M8gQcb_clientsearch.gws-prod.gpsw408h240yaw224.jpg\" alt='Stagefreight Ltd' class=\"aligncenter\"><\/p>\n<p><strong>Kuvaus yrityksest\u00e4: <\/strong>Ei toimitettu<\/p>\n<p><strong>Lis\u00e4palvelut:<\/strong><\/p>\n<p>Ei ole lueteltu<\/p>\n<p><strong>Osoite:<\/strong> 8 Evanston Ave, Burley, Leeds LS4 2HR<\/p>\n<p><a href=\"http:\/\/www.stagefreight.com\/\" target=\"_new\" rel=\"noopener\">Stagefreight Ltd:n verkkosivusto<\/a><\/p>\n<p><strong>Arvostelupisteet: <\/strong>4.7<br \/> <strong>Arvostelujen m\u00e4\u00e4r\u00e4:<\/strong> 27<br \/><a href=\"https:\/\/www.google.co.uk\/maps?cid=9757600350515855313&#038;hl=en&#038;gl=GB\" target=\"_new\" rel=\"noopener\">Lue arvosteluja<\/a><\/p>\n<h2><span class=\"ez-toc-section\" id=\"Noahs_Ark_to_Southern_Africa\"><\/span>Nooan arkki etel\u00e4iseen Afrikkaan<span class=\"ez-toc-section-end\"><\/span><\/h2>\n<p><img decoding=\"async\" src=\"https:\/\/moverdb.com\/wp-content\/uploads\/AF1QipMvthLpRPbuH16UhBntAk7oZDa1ogf8hWs_8nhPw408-h306-k-no.jpg\" alt='Noah's ark to southern africa\" class=\"aligncenter\"><\/p>\n<p><strong>Kuvaus yrityksest\u00e4: <\/strong>Ei toimitettu<\/p>\n<p><strong>Lis\u00e4palvelut:<\/strong><\/p>\n<p>Ei ole lueteltu<\/p>\n<p><strong>Osoite:<\/strong> 72 Nowell Mount, Harehills, Leeds LS9 6JH.<\/p>\n<p><a href=\"https:\/\/noahsarktosouthernafrica.com\/\" target=\"_new\" rel=\"noopener\">Nooan arkki etel\u00e4iseen Afrikkaan -sivusto<\/a><\/p>\n<p><strong>Arvostelupisteet: <\/strong>5<br \/> <strong>Arvostelujen m\u00e4\u00e4r\u00e4:<\/strong> 1<br \/><a href=\"https:\/\/www.google.co.uk\/maps?cid=16036025965323173007&#038;hl=en&#038;gl=GB\" target=\"_new\" rel=\"noopener\">Lue arvosteluja<\/a><\/p>\n<h2><span class=\"ez-toc-section\" id=\"Tudor_International_Freight_Limited\"><\/span>Tudor International Freight Limited<span class=\"ez-toc-section-end\"><\/span><\/h2>\n<p><img decoding=\"async\" src=\"https:\/\/moverdb.com\/wp-content\/uploads\/AF1QipMREhEK80k6eJRKoCmQbGise92eKOEQmH6Eb_Ghw408-h272-k-no.jpg\" alt='Tudor International Freight Limited' class=\"aligncenter\"><\/p>\n<p><strong>Kuvaus yrityksest\u00e4: <\/strong>Tudor International Freight on perheomisteinen riippumaton kuljetusliike. <a href=\"https:\/\/moverdb.com\/fi\/freight-forwarder\/\" data-internallinksmanager029f6b8e52c=\"17\" title=\"Huolitsijan &amp; NVOCC:n kansainv\u00e4liset kustannukset ja yritykset -opas\">huolitsija<\/a> AEO-status, joka on kansainv\u00e4lisesti tunnustettu leijamerkki.<\/p>\n<p> Tarjoamme r\u00e4\u00e4t\u00e4l\u00f6ity\u00e4 palvelua yrityksille ja yksityishenkil\u00f6ille, jotka tarvitsevat kansainv\u00e4list\u00e4 rahtikuljetusta.<\/p>\n<p>Dynaamisella ja innostuneella tiimill\u00e4mme on 30 vuoden kokemus arvokkaan rahdin kuljettamisesta kaikkialle maailmaan, olipa kyse sitten erikoislaitteista, vaarallisesta rahdista, ylimitoitetusta rahdista, ylim\u00e4\u00e4r\u00e4isist\u00e4 matkatavaroista tai arvokkaista henkil\u00f6kohtaisista tavaroista.<\/p>\n<p> Voimme kuljettaa mink\u00e4 tahansa kokoisen rahdin minne tahansa p\u00e4in maailmaa nopeasti, turvallisesti ja luotettavasti.<\/p>\n<p>Meill\u00e4 on vakiintunut maailmanlaajuinen rahtikontaktien verkosto, joka mahdollistaa seuraavat asiat <a href=\"https:\/\/moverdb.com\/fi\/moving-to-the-united-states\/\" data-internallinksmanager029f6b8e52c=\"94\" title=\"Muutatko Yhdysvaltoihin? 2022 Elinkustannukset ja muuttovinkit\">us<\/a> jotta voimme tarjota sinulle todella henkil\u00f6kohtaisen kokemuksen.<\/p>\n<p> Olet koko ajan tekemisiss\u00e4 saman tiimin j\u00e4senen kanssa, joka tarjoaa helppok\u00e4ytt\u00f6ist\u00e4 ja luotettavaa palvelua.<\/p>\n<p><strong>Lis\u00e4palvelut:<\/strong><\/p>\n<p>Logistiikkapalvelu<\/p>\n<p>Toimituspalvelu<\/p>\n<p><strong>Osoite:<\/strong> Low Hall, Business Park, Low Hall Rd, Horsforth, Leeds LS18 4EF<\/p>\n<p><a href=\"http:\/\/www.tudorfreight.com\/\" target=\"_new\" rel=\"noopener\">Tudor International Freight Limitedin verkkosivusto<\/a><\/p>\n<p><strong>Arvostelupisteet: <\/strong>4.4<br \/> <strong>Arvostelujen m\u00e4\u00e4r\u00e4:<\/strong> 44<br \/><a href=\"https:\/\/www.google.co.uk\/maps?cid=8487732839538556092&#038;hl=en&#038;gl=GB\" target=\"_new\" rel=\"noopener\">Lue arvosteluja<\/a><\/p>\n<h2><span class=\"ez-toc-section\" id=\"Kuehne_Nagel_Ltd\"><\/span>Kuehne &amp; Nagel Ltd<span class=\"ez-toc-section-end\"><\/span><\/h2>\n<p><img decoding=\"async\" src=\"https:\/\/moverdb.com\/wp-content\/uploads\/AF1QipP0zPGPwk7_marPNKRstoWkUfYjwaclwZGsPf4Lw408-h726-k-no.jpg\" alt='Kuehne &amp; Nagel Ltd' class=\"aligncenter\"><\/p>\n<p><strong>Kuvaus yrityksest\u00e4: <\/strong>Ei toimitettu<\/p>\n<p><strong>Lis\u00e4palvelut:<\/strong><\/p>\n<p>Ei ole lueteltu<\/p>\n<p><strong>Osoite:<\/strong> 1, Colton Mill, Bullerthorpe Ln, Colton, Leeds LS15 9JN.<\/p>\n<p><a href=\"https:\/\/uk.kuehne-nagel.com\/\" target=\"_new\" rel=\"noopener\">Kuehne &amp; Nagel Ltd:n verkkosivusto<\/a><\/p>\n<p><strong>Arvostelupisteet: <\/strong>5<br \/> <strong>Arvostelujen m\u00e4\u00e4r\u00e4:<\/strong> 4<br \/><a href=\"https:\/\/www.google.co.uk\/maps?cid=3787922263189969010&#038;hl=en&#038;gl=GB\" target=\"_new\" rel=\"noopener\">Lue arvosteluja<\/a><\/p>\n<h2><span class=\"ez-toc-section\" id=\"Quality_Freight_Services_Ltd\"><\/span>Quality Freight Services Ltd<span class=\"ez-toc-section-end\"><\/span><\/h2>\n<p><img decoding=\"async\" src=\"https:\/\/moverdb.com\/wp-content\/uploads\/thumbnailpanoidBof9WTiHN4fkDqkDKk1hZwcb_clientsearch.gws-prod.gpsw408h240yaw334.jpg\" alt='Quality Freight Services Ltd' class=\"aligncenter\"><\/p>\n<p><strong>Kuvaus yrityksest\u00e4: <\/strong>Ei toimitettu<\/p>\n<p><strong>Lis\u00e4palvelut:<\/strong><\/p>\n<p>Ei ole lueteltu<\/p>\n<p><strong>Osoite:<\/strong> Suite E, Priestley House, 170 Elland Rd, Beeston, Leeds LS11 8BU<\/p>\n<p><a href=\"http:\/\/www.qualityfreight.co.uk\/\" target=\"_new\" rel=\"noopener\">Quality Freight Services Ltd:n verkkosivusto<\/a><\/p>\n<p><strong>Arvostelupisteet: <\/strong>5<br \/> <strong>Arvostelujen m\u00e4\u00e4r\u00e4:<\/strong> 2<br \/><a href=\"https:\/\/www.google.co.uk\/maps?cid=8608667554999515229&#038;hl=en&#038;gl=GB\" target=\"_new\" rel=\"noopener\">Lue arvosteluja<\/a><\/p>\n<h2><span class=\"ez-toc-section\" id=\"Fusion_Freight_Ltd\"><\/span>Fusion Freight Ltd<span class=\"ez-toc-section-end\"><\/span><\/h2>\n<p><img decoding=\"async\" src=\"https:\/\/moverdb.com\/wp-content\/uploads\/AF1QipPDMcV52CQ0kWzpt4GgAJSOLEn8NrVjmocyG5zmw408-h725-k-no.jpg\" alt='Fusion Freight Ltd' class=\"aligncenter\"><\/p>\n<p><strong>Kuvaus yrityksest\u00e4: <\/strong>Ei toimitettu<\/p>\n<p><strong>Lis\u00e4palvelut:<\/strong><\/p>\n<p>Ei ole lueteltu<\/p>\n<p><strong>Osoite:<\/strong> Yksikk\u00f6 3, Kingsmark Court, Intercity Way, Leeds LS13 4PN.<\/p>\n<p><a href=\"http:\/\/www.fusionfreight.com\/\" target=\"_new\" rel=\"noopener\">Fusion Freight Ltd:n verkkosivusto<\/a><\/p>\n<p><strong>Arvostelupisteet: <\/strong>4.5<br \/> <strong>Arvostelujen m\u00e4\u00e4r\u00e4:<\/strong> 17<br \/><a href=\"https:\/\/www.google.co.uk\/maps?cid=15920323368237844885&#038;hl=en&#038;gl=GB\" target=\"_new\" rel=\"noopener\">Lue arvosteluja<\/a><\/p>\n<h2><span class=\"ez-toc-section\" id=\"Carry_Cargo_International_Freight_Forwarders\"><\/span>Carry Cargo Kansainv\u00e4liset huolitsijat<span class=\"ez-toc-section-end\"><\/span><\/h2>\n<p><img decoding=\"async\" src=\"https:\/\/moverdb.com\/wp-content\/uploads\/thumbnailpanoideABAuGLLncylD8Ubd7Rk2Qcb_clientsearch.gws-prod.gpsw408h240yaw122.jpg\" alt='Carry Cargo Kansainv\u00e4liset huolitsijat' class=\"aligncenter\"><\/p>\n<p><strong>Kuvaus yrityksest\u00e4: <\/strong>Missiomme on, ett\u00e4 huippuosaaminen on vakiona ja ett\u00e4 meill\u00e4 on tietoa ja kunnianhimoa menesty\u00e4.<\/p>\n<p>Olemme sitoutuneet tarjoamaan parhaan mahdollisen ratkaisun rahtisi kuljettamiseen l\u00e4ht\u00f6paikasta m\u00e4\u00e4r\u00e4np\u00e4\u00e4h\u00e4n turvallisesti, aikataulussa ja budjetin puitteissa.<\/p>\n<p>Me Carry Cargolla ymm\u00e4rr\u00e4mme, ett\u00e4 rahtisi arvo on sinulle t\u00e4rke\u00e4, eik\u00e4 sit\u00e4 mitata vain rahassa vaan my\u00f6s ajassa, tunteissa ja seurauksissa.<\/p>\n<p> Pid\u00e4mme sinut ajan tasalla tarjousvaiheesta toimitukseen asti ja seuraamme rahtisi kulkua ajanmukaisen teknologian avulla, jotta voit olla t\u00e4ysin huoletta.<\/p>\n<p><strong>Lis\u00e4palvelut:<\/strong><\/p>\n<p>Logistiikkapalvelu<\/p>\n<p>Toimituspalvelu<\/p>\n<p><strong>Osoite:<\/strong> Ricketts House, Stourton Business Park, Wakefield Rd, Leeds LS10 1DS.<\/p>\n<p><a href=\"https:\/\/www.carrycargo.com\/\" target=\"_new\" rel=\"noopener\">Carry Cargon kansainv\u00e4linen huolitsija verkkosivusto<\/a><\/p>\n<p><strong>Arvostelupisteet: <\/strong>4.6<br \/> <strong>Arvostelujen m\u00e4\u00e4r\u00e4:<\/strong> 10<br \/><a href=\"https:\/\/www.google.co.uk\/maps?cid=18213844545272113774&#038;hl=en&#038;gl=GB\" target=\"_new\" rel=\"noopener\">Lue arvosteluja<\/a><\/p>\n<h2><span class=\"ez-toc-section\" id=\"Global_Freight_Managment\"><\/span>Global Freight Management<span class=\"ez-toc-section-end\"><\/span><\/h2>\n<p><img decoding=\"async\" src=\"https:\/\/moverdb.com\/wp-content\/uploads\/AF1QipPkyTG4iVgIl4OSeFHzId74vxXlYbQcBnkU_Jg-w427-h240-k-no.png\" alt='Global Freight Management' class=\"aligncenter\"><\/p>\n<p><strong>Kuvaus yrityksest\u00e4: <\/strong>maailman johtava logistiikka- ja huolintaorganisaatio<\/p>\n<p><strong>Lis\u00e4palvelut:<\/strong><\/p>\n<p>Ei ole lueteltu<\/p>\n<p><strong>Osoite:<\/strong> High St, Yeadon, Leeds LS19 7PP<\/p>\n<p><a href=\"http:\/\/www.gfmonline.co.uk\/\" target=\"_new\" rel=\"noopener\">Global Freight Managment -verkkosivusto<\/a><\/p>\n<p><strong>Arvostelupisteet: <\/strong>2.3<br \/> <strong>Arvostelujen m\u00e4\u00e4r\u00e4:<\/strong> 6<br \/><a href=\"https:\/\/www.google.co.uk\/maps?cid=656515835401224958&#038;hl=en&#038;gl=GB\" target=\"_new\" rel=\"noopener\">Lue arvosteluja<\/a><\/p>\n<h2><span class=\"ez-toc-section\" id=\"NF_Global_Logistics_Ltd\"><\/span>NF Global Logistics Ltd<span class=\"ez-toc-section-end\"><\/span><\/h2>\n<p><img decoding=\"async\" src=\"https:\/\/moverdb.com\/wp-content\/uploads\/AF1QipOAcyJQVzFwLxPJmR6iWwjyM1ma2yGwCyCe5ioTw408-h544-k-no.jpg\" alt='NF Global Logistics Ltd' class=\"aligncenter\"><\/p>\n<p><strong>Kuvaus yrityksest\u00e4: <\/strong>Rahdin huolintapalvelut<\/p>\n<p><strong>Lis\u00e4palvelut:<\/strong><\/p>\n<p>Varasto<\/p>\n<p><strong>Osoite:<\/strong> Hawthorne court, 7, Howley Park Rd, Morley LS27 0FD.<\/p>\n<p><a href=\"http:\/\/www.nfglobal.co.uk\/\" target=\"_new\" rel=\"noopener\">NF Global Logistics Ltd:n verkkosivusto<\/a><\/p>\n<p><strong>Arvostelupisteet: <\/strong>4.9<br \/> <strong>Arvostelujen m\u00e4\u00e4r\u00e4:<\/strong> 7<br \/><a href=\"https:\/\/www.google.co.uk\/maps?cid=9198514970112206911&#038;hl=en&#038;gl=GB\" target=\"_new\" rel=\"noopener\">Lue arvosteluja<\/a><\/p>\n<h2><span class=\"ez-toc-section\" id=\"Viamaster_International_Limited\"><\/span>Viamaster International Limited<span class=\"ez-toc-section-end\"><\/span><\/h2>\n<p><img decoding=\"async\" src=\"https:\/\/moverdb.com\/wp-content\/uploads\/AF1QipPV1p95eNeHZw3qrswKb6XlZYsUHa_zWFSTY-SJw408-h272-k-no.jpg\" alt='Viamaster International Limited' class=\"aligncenter\"><\/p>\n<p><strong>Kuvaus yrityksest\u00e4: <\/strong>Luotettavat kansainv\u00e4liset rahti- ja logistiikkapalvelut - joustavat, yst\u00e4v\u00e4lliset ja luotettavat.<\/p>\n<p> Kattavat ja kustannustehokkaat maantie-, meri- ja ilmakuljetukset, joihin voit aina luottaa.<\/p>\n<p><strong>Lis\u00e4palvelut:<\/strong><\/p>\n<p>Logistiikkapalvelu<\/p>\n<p><strong>Osoite:<\/strong> Yksikk\u00f6 10, 27 Industrial Estate, Bruntcliffe Ave, Morley, Leeds LS27 0LL.<\/p>\n<p><a href=\"http:\/\/www.viamaster-intl.com\/\" target=\"_new\" rel=\"noopener\">Viamaster International Limitedin verkkosivusto<\/a><\/p>\n<p><strong>Arvostelupisteet: <\/strong>4.4<br \/> <strong>Arvostelujen m\u00e4\u00e4r\u00e4:<\/strong> 74<br \/><a href=\"https:\/\/www.google.co.uk\/maps?cid=18239256683452347988&#038;hl=en&#038;gl=GB\" target=\"_new\" rel=\"noopener\">Lue arvosteluja<\/a><\/p>\n<h2><span class=\"ez-toc-section\" id=\"Trafertir_Group\"><\/span>Trafertir Group<span class=\"ez-toc-section-end\"><\/span><\/h2>\n<p><img decoding=\"async\" src=\"https:\/\/moverdb.com\/wp-content\/uploads\/AF1QipOtPY6q4N7snJ6vm-KJ7gdS1xe8UbTP4Q7SC-Qxw408-h306-k-no.jpg\" alt='Trafertir Group' class=\"aligncenter\"><\/p>\n<p><strong>Kuvaus yrityksest\u00e4: <\/strong>Ei toimitettu<\/p>\n<p><strong>Lis\u00e4palvelut:<\/strong><\/p>\n<p>Toimitusyhti\u00f6<\/p>\n<p><strong>Osoite:<\/strong> Unit 4, Towngate Business Centre, Cross Green Vale, Leeds LS9 0SJ<\/p>\n<p><a href=\"http:\/\/www.trafertir.com\/\" target=\"_new\" rel=\"noopener\">Trafertir Groupin verkkosivusto<\/a><\/p>\n<p><strong>Arvostelupisteet: <\/strong>4.5<br \/> <strong>Arvostelujen m\u00e4\u00e4r\u00e4:<\/strong> 6<br \/><a href=\"https:\/\/www.google.co.uk\/maps?cid=9097938560071127250&#038;hl=en&#038;gl=GB\" target=\"_new\" rel=\"noopener\">Lue arvosteluja<\/a><\/p>\n<h2><span class=\"ez-toc-section\" id=\"How_we_picked_the_best_Leeds_Freight_Forwarding_Companies\"><\/span>Miten valitsimme parhaat Leedsin huolintayritykset?<span class=\"ez-toc-section-end\"><\/span><\/h2>\n<p>Aloitimme Google Mapsin kautta l\u00f6yt\u00e4m\u00e4mme 28 Leedsin huolintayrityksen tietokannan perusteella ja rajasimme niist\u00e4 11 parasta.<\/p>\n<p>T\u00e4t\u00e4 varten poistimme kaikki yritykset, jotka:<\/p>\n<ul>\n<li> Ei ollut verkkosivustoa<\/li>\n<li> Ei ollut arvosteluja<\/li>\n<li> Arvostelujen keskiarvo oli alle 2,0<\/li>\n<\/ul>\n<p>T\u00e4ss\u00e4 vaiheessa, jos meill\u00e4 oli 17 tai v\u00e4hemm\u00e4n huolitsijoita, luetteloimme ne kaikki.<\/p>\n<p>Niihin kaupunkeihin, joissa oli yli 17 huolitsijaa, tehtiin lis\u00e4tarkistuksia joko nostamalla vaadittua arvostelupistem\u00e4\u00e4r\u00e4\u00e4 (esim. nostamalla arvostelujen v\u00e4himm\u00e4ism\u00e4\u00e4r\u00e4 2,0:sta 4,0:aan) ja\/tai nostamalla vaadittujen arvostelujen v\u00e4himm\u00e4ism\u00e4\u00e4r\u00e4\u00e4 (esim. nostamalla arvostelujen v\u00e4himm\u00e4ism\u00e4\u00e4r\u00e4 yhdest\u00e4 arvostelusta v\u00e4hint\u00e4\u00e4n kymmeneen).<\/p>\n<p>Huomaa, ett\u00e4 k\u00e4ytimme vain Google Mapsin tarkistustietoja, emme mink\u00e4\u00e4n muun kolmannen osapuolen verkkosivustoja.<\/p>\n<p>Lis\u00e4\u00e4 kaupunkeja:<\/p>\n<p><a href=\"https:\/\/moverdb.com\/fi\/huolitsija\/freight-forwarding-uk\/belfast-freight-forwarder\/\">Belfastin huolitsija<\/a><br \/><a href=\"https:\/\/moverdb.com\/fi\/huolitsija\/freight-forwarding-uk\/hayes-freight-forwarder\/\">Hayesin huolitsija<\/a><br \/><a href=\"https:\/\/moverdb.com\/fi\/huolitsija\/freight-forwarding-uk\/bradford-freight-forwarder\/\">Bradfordin huolitsija<\/a><br \/><a href=\"https:\/\/moverdb.com\/fi\/huolitsija\/freight-forwarding-uk\/derby-freight-forwarder\/\">Derby huolitsija<\/a><br \/><a href=\"https:\/\/moverdb.com\/fi\/huolitsija\/freight-forwarding-uk\/southall-freight-forwarder\/\">Southall huolitsija<\/a><\/p>","protected":false},"excerpt":{"rendered":"<p>Below we look at the 11 &#8220;best&#8221; Freight Forwarding companies in Leeds out of 28. To learn more about how we chose the best please consult our FAQ section at the end. Please not the following listings are in no particular order and we are not making any recommendations for any particular company. Stagefreight Ltd [&hellip;]<\/p>\n","protected":false},"author":1,"featured_media":0,"parent":13427,"menu_order":0,"comment_status":"open","ping_status":"open","template":"","meta":{"_genesis_hide_title":false,"_genesis_hide_breadcrumbs":false,"_genesis_hide_singular_image":false,"_genesis_hide_footer_widgets":false,"_genesis_custom_body_class":"","_genesis_custom_post_class":"","_genesis_layout":"","footnotes":""},"class_list":{"0":"post-13691","1":"page","2":"type-page","3":"status-publish","5":"entry"},"_links":{"self":[{"href":"https:\/\/moverdb.com\/fi\/wp-json\/wp\/v2\/pages\/13691","targetHints":{"allow":["GET"]}}],"collection":[{"href":"https:\/\/moverdb.com\/fi\/wp-json\/wp\/v2\/pages"}],"about":[{"href":"https:\/\/moverdb.com\/fi\/wp-json\/wp\/v2\/types\/page"}],"author":[{"embeddable":true,"href":"https:\/\/moverdb.com\/fi\/wp-json\/wp\/v2\/users\/1"}],"replies":[{"embeddable":true,"href":"https:\/\/moverdb.com\/fi\/wp-json\/wp\/v2\/comments?post=13691"}],"version-history":[{"count":1,"href":"https:\/\/moverdb.com\/fi\/wp-json\/wp\/v2\/pages\/13691\/revisions"}],"predecessor-version":[{"id":15684,"href":"https:\/\/moverdb.com\/fi\/wp-json\/wp\/v2\/pages\/13691\/revisions\/15684"}],"up":[{"embeddable":true,"href":"https:\/\/moverdb.com\/fi\/wp-json\/wp\/v2\/pages\/13427"}],"wp:attachment":[{"href":"https:\/\/moverdb.com\/fi\/wp-json\/wp\/v2\/media?parent=13691"}],"curies":[{"name":"wp","href":"https:\/\/api.w.org\/{rel}","templated":true}]}}