{"id":13614,"date":"2023-11-08T15:51:25","date_gmt":"2023-11-08T15:51:25","guid":{"rendered":"https:\/\/moverdb.com\/freight-forwarder\/freight-forwarding-uk\/hounslow-freight-forwarder\/"},"modified":"2026-01-08T14:55:37","modified_gmt":"2026-01-08T14:55:37","slug":"hounslow-freight-forwarder","status":"publish","type":"page","link":"https:\/\/moverdb.com\/fi\/freight-forwarder\/freight-forwarding-uk\/hounslow-freight-forwarder\/","title":{"rendered":"15 parasta Hounslow'n huolintayhti\u00f6t\u00e4 (2024)"},"content":{"rendered":"<p>Seuraavassa tarkastellaan 15 <em>\"paras\"<\/em> Hounslow'ssa toimivat huolintaliikkeet 51:st\u00e4.<\/p>\n<p>Jos haluat lis\u00e4tietoja siit\u00e4, miten valitsimme parhaat, tutustu lopussa olevaan FAQ-osioon.<\/p>\n<p><em>Huomaa, ett\u00e4 seuraavat luettelot eiv\u00e4t ole tietyss\u00e4 j\u00e4rjestyksess\u00e4, emmek\u00e4 suosittele mit\u00e4\u00e4n tietty\u00e4 yrityst\u00e4.<\/em><\/p>\n<div id=\"ez-toc-container\" class=\"ez-toc-v2_0_82_2 ez-toc-wrap-left counter-hierarchy ez-toc-counter ez-toc-transparent ez-toc-container-direction\">\n<div class=\"ez-toc-title-container\">\n<p class=\"ez-toc-title\" style=\"cursor:inherit\">Jaksot<\/p>\n<span class=\"ez-toc-title-toggle\"><a href=\"#\" class=\"ez-toc-pull-right ez-toc-btn ez-toc-btn-xs ez-toc-btn-default ez-toc-toggle\" aria-label=\"Sis\u00e4llysluettelon vaihtaminen\"><span class=\"ez-toc-js-icon-con\"><span class=\"\"><span class=\"eztoc-hide\" style=\"display:none;\">Toggle<\/span><span class=\"ez-toc-icon-toggle-span\"><svg style=\"fill: #999;color:#999\" xmlns=\"http:\/\/www.w3.org\/2000\/svg\" class=\"list-377408\" width=\"20px\" height=\"20px\" viewbox=\"0 0 24 24\" fill=\"none\"><path d=\"M6 6H4v2h2V6zm14 0H8v2h12V6zM4 11h2v2H4v-2zm16 0H8v2h12v-2zM4 16h2v2H4v-2zm16 0H8v2h12v-2z\" fill=\"currentColor\"><\/path><\/svg><svg style=\"fill: #999;color:#999\" class=\"arrow-unsorted-368013\" xmlns=\"http:\/\/www.w3.org\/2000\/svg\" width=\"10px\" height=\"10px\" viewbox=\"0 0 24 24\" version=\"1.2\" baseprofile=\"tiny\"><path d=\"M18.2 9.3l-6.2-6.3-6.2 6.3c-.2.2-.3.4-.3.7s.1.5.3.7c.2.2.4.3.7.3h11c.3 0 .5-.1.7-.3.2-.2.3-.5.3-.7s-.1-.5-.3-.7zM5.8 14.7l6.2 6.3 6.2-6.3c.2-.2.3-.5.3-.7s-.1-.5-.3-.7c-.2-.2-.4-.3-.7-.3h-11c-.3 0-.5.1-.7.3-.2.2-.3.5-.3.7s.1.5.3.7z\"\/><\/svg><\/span><\/span><\/span><\/a><\/span><\/div>\n<nav><ul class='ez-toc-list ez-toc-list-level-1 eztoc-toggle-hide-by-default' ><li class='ez-toc-page-1 ez-toc-heading-level-2'><a class=\"ez-toc-link ez-toc-heading-1\" href=\"https:\/\/moverdb.com\/fi\/freight-forwarder\/freight-forwarding-uk\/hounslow-freight-forwarder\/#Globe_Air_Cargo\" >Globe Air Cargo<\/a><\/li><li class='ez-toc-page-1 ez-toc-heading-level-2'><a class=\"ez-toc-link ez-toc-heading-2\" href=\"https:\/\/moverdb.com\/fi\/freight-forwarder\/freight-forwarding-uk\/hounslow-freight-forwarder\/#Expressway_Handling_Ltd\" >Expressway Handling Ltd<\/a><\/li><li class='ez-toc-page-1 ez-toc-heading-level-2'><a class=\"ez-toc-link ez-toc-heading-3\" href=\"https:\/\/moverdb.com\/fi\/freight-forwarder\/freight-forwarding-uk\/hounslow-freight-forwarder\/#Freight-link_Heathrow_Ltd\" >Freight-link Heathrow Ltd<\/a><\/li><li class='ez-toc-page-1 ez-toc-heading-level-2'><a class=\"ez-toc-link ez-toc-heading-4\" href=\"https:\/\/moverdb.com\/fi\/freight-forwarder\/freight-forwarding-uk\/hounslow-freight-forwarder\/#Air_Marine_Ltd\" >Air Marine Ltd<\/a><\/li><li class='ez-toc-page-1 ez-toc-heading-level-2'><a class=\"ez-toc-link ez-toc-heading-5\" href=\"https:\/\/moverdb.com\/fi\/freight-forwarder\/freight-forwarding-uk\/hounslow-freight-forwarder\/#American_Airlines_Cargo\" >American Airlines Cargo<\/a><\/li><li class='ez-toc-page-1 ez-toc-heading-level-2'><a class=\"ez-toc-link ez-toc-heading-6\" href=\"https:\/\/moverdb.com\/fi\/freight-forwarder\/freight-forwarding-uk\/hounslow-freight-forwarder\/#Airport_Perishable_Handling_Ltd\" >Airport Perishable Handling Ltd<\/a><\/li><li class='ez-toc-page-1 ez-toc-heading-level-2'><a class=\"ez-toc-link ez-toc-heading-7\" href=\"https:\/\/moverdb.com\/fi\/freight-forwarder\/freight-forwarding-uk\/hounslow-freight-forwarder\/#E_S_F_Freight_Ltd\" >E S F Freight Ltd<\/a><\/li><li class='ez-toc-page-1 ez-toc-heading-level-2'><a class=\"ez-toc-link ez-toc-heading-8\" href=\"https:\/\/moverdb.com\/fi\/freight-forwarder\/freight-forwarding-uk\/hounslow-freight-forwarder\/#Rohlig_UK_Ltd\" >Rohlig UK Ltd<\/a><\/li><li class='ez-toc-page-1 ez-toc-heading-level-2'><a class=\"ez-toc-link ez-toc-heading-9\" href=\"https:\/\/moverdb.com\/fi\/freight-forwarder\/freight-forwarding-uk\/hounslow-freight-forwarder\/#Apxcel_Freight_Services_Ltd\" >Apxcel Freight Services Ltd<\/a><\/li><li class='ez-toc-page-1 ez-toc-heading-level-2'><a class=\"ez-toc-link ez-toc-heading-10\" href=\"https:\/\/moverdb.com\/fi\/freight-forwarder\/freight-forwarding-uk\/hounslow-freight-forwarder\/#Morrison_Express_Corporation_UK_Ltd\" >Morrison Express Corporation UK Ltd<\/a><\/li><li class='ez-toc-page-1 ez-toc-heading-level-2'><a class=\"ez-toc-link ez-toc-heading-11\" href=\"https:\/\/moverdb.com\/fi\/freight-forwarder\/freight-forwarding-uk\/hounslow-freight-forwarder\/#Yamato_Transport_Europe_B_V\" >Yamato Transport Europe B V<\/a><\/li><li class='ez-toc-page-1 ez-toc-heading-level-2'><a class=\"ez-toc-link ez-toc-heading-12\" href=\"https:\/\/moverdb.com\/fi\/freight-forwarder\/freight-forwarding-uk\/hounslow-freight-forwarder\/#ASM_Freight_Services_UK_Customs_Clearance_Agent\" >ASM Freight Services Yhdistyneen kuningaskunnan tulliselvitysagentti<\/a><\/li><li class='ez-toc-page-1 ez-toc-heading-level-2'><a class=\"ez-toc-link ez-toc-heading-13\" href=\"https:\/\/moverdb.com\/fi\/freight-forwarder\/freight-forwarding-uk\/hounslow-freight-forwarder\/#GR_FREIGHT_SERVICES_UK_CUSTOM_CLEARANCE_AGENT\" >GR RAHTIPALVELUT UK TULLISELVITYSAGENTTI<\/a><\/li><li class='ez-toc-page-1 ez-toc-heading-level-2'><a class=\"ez-toc-link ez-toc-heading-14\" href=\"https:\/\/moverdb.com\/fi\/freight-forwarder\/freight-forwarding-uk\/hounslow-freight-forwarder\/#Ligentia\" >Ligentia<\/a><\/li><li class='ez-toc-page-1 ez-toc-heading-level-2'><a class=\"ez-toc-link ez-toc-heading-15\" href=\"https:\/\/moverdb.com\/fi\/freight-forwarder\/freight-forwarding-uk\/hounslow-freight-forwarder\/#Global_Freight_Systems\" >Global Freight Systems<\/a><\/li><li class='ez-toc-page-1 ez-toc-heading-level-2'><a class=\"ez-toc-link ez-toc-heading-16\" href=\"https:\/\/moverdb.com\/fi\/freight-forwarder\/freight-forwarding-uk\/hounslow-freight-forwarder\/#How_we_picked_the_best_Hounslow_Freight_Forwarding_Companies\" >Miten valitsimme parhaat Hounslow'n huolintayritykset?<\/a><\/li><\/ul><\/nav><\/div>\n<h2><span class=\"ez-toc-section\" id=\"Globe_Air_Cargo\"><\/span>Globe Air Cargo<span class=\"ez-toc-section-end\"><\/span><\/h2>\n<p><img decoding=\"async\" src=\"https:\/\/moverdb.com\/wp-content\/uploads\/AF1QipNNdu4AMbqsTW2QB8ny0p7xePBSqz2mYQwupFnqw426-h240-k-no.jpg\" alt='Globe Air Cargo' class=\"aligncenter\"><\/p>\n<p><strong>Kuvaus yrityksest\u00e4: <\/strong>Ei toimitettu<\/p>\n<p><strong>Lis\u00e4palvelut:<\/strong><\/p>\n<p>Ei ole lueteltu<\/p>\n<p><strong>Osoite:<\/strong> 550 Shoreham Rd E, Hounslow TW6 3UA<\/p>\n<p><a href=\"https:\/\/ecsgroup.aero\/\" target=\"_new\" rel=\"noopener\">Globe Air Cargon verkkosivusto<\/a><\/p>\n<p><strong>Arvostelupisteet: <\/strong>4<br \/> <strong>Arvostelujen m\u00e4\u00e4r\u00e4:<\/strong> 4<br \/><a href=\"https:\/\/www.google.co.uk\/maps?cid=18184129094433607559&#038;hl=en&#038;gl=GB\" target=\"_new\" rel=\"noopener\">Lue arvosteluja<\/a><\/p>\n<h2><span class=\"ez-toc-section\" id=\"Expressway_Handling_Ltd\"><\/span>Expressway Handling Ltd<span class=\"ez-toc-section-end\"><\/span><\/h2>\n<p><img decoding=\"async\" src=\"https:\/\/moverdb.com\/wp-content\/uploads\/AF1QipPpoxWmh-py9KzNsR0O0sEOLKbBVqW6dQNW82Yqw408-h306-k-no.jpg\" alt=\"Expressway Handling Ltd\" class=\"aligncenter\"><\/p>\n<p><strong>Kuvaus yrityksest\u00e4: <\/strong>Expressway Handling on yksityisomistuksessa oleva yritys, joka sijaitsee Heathrow'n lentoaseman alueella.<\/p>\n<p> Olemme ylpeit\u00e4 palvelustamme, jonka saavutamme jatkuvasti kehittyv\u00e4n I.<\/p>\n<p>T.<\/p>\n<p> j\u00e4rjestelm\u00e4t ja vanhan kunnon asiakassuhteet.<\/p>\n<p>Heathrow'ssa sijaitsevista toimistostamme k\u00e4sin tarjoamme seuraavat palvelut <a href=\"https:\/\/moverdb.com\/fi\/moving-to-the-uk\/\" data-internallinksmanager029f6b8e52c=\"93\" title=\"Muutatko Yhdistyneeseen kuningaskuntaan? 2022 Elinkustannukset ja muuttovinkit\">UK<\/a> ja Euroopan jakelupalvelut sek\u00e4 rahdink\u00e4sittely ja lentorahdin seulonta.<\/p>\n<p>Ymm\u00e4rr\u00e4mme, ett\u00e4 logistiikka-alalla aika on asiakkaillemme eritt\u00e4in arvokasta, joten pyrimme tarjoamaan \"One Stop Shop\" -l\u00e4hestymistavan.<\/p>\n<p> T\u00e4m\u00e4 tapahtuu joko Yhdistyneen kuningaskunnan ja Euroopan kattavan monipuolisen ajoneuvokalustomme tai oman siviili-ilmailuviranomaisen hyv\u00e4ksym\u00e4n varastomme kautta, jossa on t\u00e4ydellinen lentorahtitarkastus paikan p\u00e4\u00e4ll\u00e4.<\/p>\n<p>.<\/p>\n<p>.<\/p>\n<p>.<\/p>\n<p>.<\/p>\n<p>.<\/p>\n<p>.<\/p>\n<p> voimme auttaa.<\/p>\n<p><strong>Lis\u00e4palvelut:<\/strong><\/p>\n<p>Toimitusyhti\u00f6<\/p>\n<p><strong>Osoite:<\/strong> Yksikk\u00f6 5 Central Park Estate, Staines Rd TW4 5DJ<\/p>\n<p><a href=\"http:\/\/expresswayhandling.co.uk\/\" target=\"_new\" rel=\"noopener\">Expressway Handling Ltd:n verkkosivusto<\/a><\/p>\n<p><strong>Arvostelupisteet: <\/strong>4.2<br \/> <strong>Arvostelujen m\u00e4\u00e4r\u00e4:<\/strong> 14<br \/><a href=\"https:\/\/www.google.co.uk\/maps?cid=14018976019360760688&#038;hl=en&#038;gl=GB\" target=\"_new\" rel=\"noopener\">Lue arvosteluja<\/a><\/p>\n<h2><span class=\"ez-toc-section\" id=\"Freight-link_Heathrow_Ltd\"><\/span>Freight-link Heathrow Ltd<span class=\"ez-toc-section-end\"><\/span><\/h2>\n<p><img decoding=\"async\" src=\"https:\/\/moverdb.com\/wp-content\/uploads\/thumbnailpanoidG5H1AQFtvGKCDGCb9jcOJAcb_clientsearch.gws-prod.gpsw408h240yaw328.jpg\" alt='Freight-link Heathrow Ltd' class=\"aligncenter\"><\/p>\n<p><strong>Kuvaus yrityksest\u00e4: <\/strong>Ei toimitettu<\/p>\n<p><strong>Lis\u00e4palvelut:<\/strong><\/p>\n<p>Ei ole lueteltu<\/p>\n<p><strong>Osoite:<\/strong> Ylempi taso X2, Eastern Perimeter Road, Hounslow TW6 2GE<\/p>\n<p><a href=\"http:\/\/www.freight-linkheathrow.net\/\" target=\"_new\" rel=\"noopener\">Freight-link Heathrow Ltd:n verkkosivusto<\/a><\/p>\n<p><strong>Arvostelupisteet: <\/strong>4<br \/> <strong>Arvostelujen m\u00e4\u00e4r\u00e4:<\/strong> 4<br \/><a href=\"https:\/\/www.google.co.uk\/maps?cid=11902433720063367172&#038;hl=en&#038;gl=GB\" target=\"_new\" rel=\"noopener\">Lue arvosteluja<\/a><\/p>\n<h2><span class=\"ez-toc-section\" id=\"Air_Marine_Ltd\"><\/span>Air Marine Ltd<span class=\"ez-toc-section-end\"><\/span><\/h2>\n<p><img decoding=\"async\" src=\"\" alt=\"Air Marine Ltd\" class=\"aligncenter\"><\/p>\n<p><strong>Kuvaus yrityksest\u00e4: <\/strong>Ei toimitettu<\/p>\n<p><strong>Lis\u00e4palvelut:<\/strong><\/p>\n<p>Ei ole lueteltu<\/p>\n<p><strong>Osoite:<\/strong> Building\/202 Elgin Cres, Hounslow TW6 2RX<\/p>\n<p><a href=\"http:\/\/www.airmarine.co.uk\/\" target=\"_new\" rel=\"noopener\">Air Marine Ltd:n verkkosivusto<\/a><\/p>\n<p><strong>Arvostelupisteet: <\/strong>4.8<br \/> <strong>Arvostelujen m\u00e4\u00e4r\u00e4:<\/strong> 5<br \/><a href=\"https:\/\/www.google.co.uk\/maps?cid=10321598327856490311&#038;hl=en&#038;gl=GB\" target=\"_new\" rel=\"noopener\">Lue arvosteluja<\/a><\/p>\n<h2><span class=\"ez-toc-section\" id=\"American_Airlines_Cargo\"><\/span>American Airlines Cargo<span class=\"ez-toc-section-end\"><\/span><\/h2>\n<p><img decoding=\"async\" src=\"https:\/\/moverdb.com\/wp-content\/uploads\/AF1QipNVK7JRlQZo6S851rSq1f3zzXlbYKpS0_Aoh44jw408-h272-k-no.jpg\" alt='American Airlines Cargo' class=\"aligncenter\"><\/p>\n<p><strong>Kuvaus yrityksest\u00e4: <\/strong>Ei toimitettu<\/p>\n<p><strong>Lis\u00e4palvelut:<\/strong><\/p>\n<p>Ei ole lueteltu<\/p>\n<p><strong>Osoite:<\/strong> 552 Shoreham Rd E, Hounslow TW6 3NH<\/p>\n<p><a href=\"https:\/\/www.aacargo.com\/index.html\" target=\"_new\" rel=\"noopener\">American Airlines Cargon verkkosivusto<\/a><\/p>\n<p><strong>Arvostelupisteet: <\/strong>4<br \/> <strong>Arvostelujen m\u00e4\u00e4r\u00e4:<\/strong> 58<br \/><a href=\"https:\/\/www.google.co.uk\/maps?cid=8823833653476083562&#038;hl=en&#038;gl=GB\" target=\"_new\" rel=\"noopener\">Lue arvosteluja<\/a><\/p>\n<h2><span class=\"ez-toc-section\" id=\"Airport_Perishable_Handling_Ltd\"><\/span>Airport Perishable Handling Ltd<span class=\"ez-toc-section-end\"><\/span><\/h2>\n<p><img decoding=\"async\" src=\"\" alt=\"Airport Perishable Handling Ltd\" class=\"aligncenter\"><\/p>\n<p><strong>Kuvaus yrityksest\u00e4: <\/strong>Ei toimitettu<\/p>\n<p><strong>Lis\u00e4palvelut:<\/strong><\/p>\n<p>Ei ole lueteltu<\/p>\n<p><strong>Osoite:<\/strong> 588 Sandringham Rd, Hounslow TW6 3SF<\/p>\n<p><a href=\"https:\/\/www.airportperishablehandling.com\/pages\/contact-us\" target=\"_new\" rel=\"noopener\">Airport Perishable Handling Ltd:n verkkosivusto<\/a><\/p>\n<p><strong>Arvostelupisteet: <\/strong>5<br \/> <strong>Arvostelujen m\u00e4\u00e4r\u00e4:<\/strong> 2<br \/><a href=\"https:\/\/www.google.co.uk\/maps?cid=1137786957161513222&#038;hl=en&#038;gl=GB\" target=\"_new\" rel=\"noopener\">Lue arvosteluja<\/a><\/p>\n<h2><span class=\"ez-toc-section\" id=\"E_S_F_Freight_Ltd\"><\/span>E S F Freight Ltd<span class=\"ez-toc-section-end\"><\/span><\/h2>\n<p><img decoding=\"async\" src=\"https:\/\/moverdb.com\/wp-content\/uploads\/thumbnailpanoidBmgANQm8T3qvsz1nPiduMAcb_clientsearch.gws-prod.gpsw408h240yaw266.jpg\" alt='E S F Freight Ltd' class=\"aligncenter\"><\/p>\n<p><strong>Kuvaus yrityksest\u00e4: <\/strong>Ei toimitettu<\/p>\n<p><strong>Lis\u00e4palvelut:<\/strong><\/p>\n<p>Ei ole lueteltu<\/p>\n<p><strong>Osoite:<\/strong> 50 Salisbury Rd, Hounslow TW4 6JQ<\/p>\n<p><a href=\"http:\/\/esffreight.co.uk\/\" target=\"_new\" rel=\"noopener\">E S F Freight Ltd:n verkkosivusto<\/a><\/p>\n<p><strong>Arvostelupisteet: <\/strong>5<br \/> <strong>Arvostelujen m\u00e4\u00e4r\u00e4:<\/strong> 1<br \/><a href=\"https:\/\/www.google.co.uk\/maps?cid=8565816224196322685&#038;hl=en&#038;gl=GB\" target=\"_new\" rel=\"noopener\">Lue arvosteluja<\/a><\/p>\n<h2><span class=\"ez-toc-section\" id=\"Rohlig_UK_Ltd\"><\/span>Rohlig UK Ltd<span class=\"ez-toc-section-end\"><\/span><\/h2>\n<p><img decoding=\"async\" src=\"https:\/\/moverdb.com\/wp-content\/uploads\/AF1QipNVvr88LWiuTG2fiHevQnNRtaOAZoNeSFo4yLxYw460-h240-k-no.png\" alt='Rohlig UK Ltd' class=\"aligncenter\"><\/p>\n<p><strong>Kuvaus yrityksest\u00e4: <\/strong>Ei toimitettu<\/p>\n<p><strong>Lis\u00e4palvelut:<\/strong><\/p>\n<p>Ei ole lueteltu<\/p>\n<p><strong>Osoite:<\/strong> World Business Centre, Newall Rd, Hounslow TW6 2TA<\/p>\n<p><a href=\"http:\/\/www.rohlig.com\/\" target=\"_new\" rel=\"noopener\">Rohlig UK Ltd:n verkkosivusto<\/a><\/p>\n<p><strong>Arvostelupisteet: <\/strong>5<br \/> <strong>Arvostelujen m\u00e4\u00e4r\u00e4:<\/strong> 1<br \/><a href=\"https:\/\/www.google.co.uk\/maps?cid=4362682240548828503&#038;hl=en&#038;gl=GB\" target=\"_new\" rel=\"noopener\">Lue arvosteluja<\/a><\/p>\n<h2><span class=\"ez-toc-section\" id=\"Apxcel_Freight_Services_Ltd\"><\/span>Apxcel Freight Services Ltd<span class=\"ez-toc-section-end\"><\/span><\/h2>\n<p><img decoding=\"async\" src=\"https:\/\/moverdb.com\/wp-content\/uploads\/thumbnailpanoidBmgANQm8T3qvsz1nPiduMAcb_clientsearch.gws-prod.gpsw408h240yaw276.jpg\" alt='Apxcel Freight Services Ltd' class=\"aligncenter\"><\/p>\n<p><strong>Kuvaus yrityksest\u00e4: <\/strong>Tullinv\u00e4litt\u00e4j\u00e4, Merikuljetus, Lentorahdit, Rahdin huolintapalvelu, Tuonti- ja vientineuvonta<\/p>\n<p><strong>Lis\u00e4palvelut:<\/strong><\/p>\n<p>Tulliv\u00e4litt\u00e4j\u00e4<\/p>\n<p>Tullikonsultti<\/p>\n<p><strong>Osoite:<\/strong> Suite 12a, 3rd Floor, Vista Centre, 50 Salisbury Rd, Hounslow TW4 6JQ<\/p>\n<p><a href=\"http:\/\/www.apxcel.com\/\" target=\"_new\" rel=\"noopener\">Apxcel Freight Services Ltd:n verkkosivusto<\/a><\/p>\n<p><strong>Arvostelupisteet: <\/strong>5<br \/> <strong>Arvostelujen m\u00e4\u00e4r\u00e4:<\/strong> 3<br \/><a href=\"https:\/\/www.google.co.uk\/maps?cid=5505076040473385360&#038;hl=en&#038;gl=GB\" target=\"_new\" rel=\"noopener\">Lue arvosteluja<\/a><\/p>\n<h2><span class=\"ez-toc-section\" id=\"Morrison_Express_Corporation_UK_Ltd\"><\/span>Morrison Express Corporation UK Ltd<span class=\"ez-toc-section-end\"><\/span><\/h2>\n<p><img decoding=\"async\" src=\"https:\/\/moverdb.com\/wp-content\/uploads\/thumbnailpanoidtVxhUDEsv8IcgsjA5horeQcb_clientsearch.gws-prod.gpsw408h240yaw299.jpg\" alt='Morrison Express Corporation UK Ltd' class=\"aligncenter\"><\/p>\n<p><strong>Kuvaus yrityksest\u00e4: <\/strong>Morrison Express Corporation avasi ovensa vuonna 1972.<\/p>\n<p> Nimetty Taiwanin korkeimman vuoren, Jade-vuoriston Morrison Peakin mukaan.<\/p>\n<p> Kun aloitimme toimintamme, henkemme oli vahva ja tavoitteemme korkealla.<\/p>\n<p> Yksinkertaisesti el\u00e4\u00e4ksemme nimemme mukaisesti.<\/p>\n<p> Pyrkimys saavuttaa maailmanlaajuisen kuljetus- ja logistiikka-alan huippu, korkein huippu.<\/p>\n<p><strong>Lis\u00e4palvelut:<\/strong><\/p>\n<p>Ei ole lueteltu<\/p>\n<p><strong>Osoite:<\/strong> Yksikk\u00f6 6, X2 Building, Eastern Perimeter Rd, Hatton, Hounslow UB7 0EX.<\/p>\n<p><a href=\"http:\/\/www.morrisonexpress.com\/index.php\" target=\"_new\" rel=\"noopener\">Morrison Express Corporation UK Ltd:n verkkosivusto<\/a><\/p>\n<p><strong>Arvostelupisteet: <\/strong>5<br \/> <strong>Arvostelujen m\u00e4\u00e4r\u00e4:<\/strong> 1<br \/><a href=\"https:\/\/www.google.co.uk\/maps?cid=13042134536585827117&#038;hl=en&#038;gl=GB\" target=\"_new\" rel=\"noopener\">Lue arvosteluja<\/a><\/p>\n<h2><span class=\"ez-toc-section\" id=\"Yamato_Transport_Europe_B_V\"><\/span>Yamato Transport Europe B V<span class=\"ez-toc-section-end\"><\/span><\/h2>\n<p><img decoding=\"async\" src=\"\" alt=\"Yamato Transport Europe B V\" class=\"aligncenter\"><\/p>\n<p><strong>Kuvaus yrityksest\u00e4: <\/strong>Ei toimitettu<\/p>\n<p><strong>Lis\u00e4palvelut:<\/strong><\/p>\n<p>Ei ole lueteltu<\/p>\n<p><strong>Osoite:<\/strong> Yksikk\u00f6 2, Heathrow International Trading Estate, Green Ln, Hounslow TW4 6HB.<\/p>\n<p><a href=\"https:\/\/www.yamatoeurope.com\/\" target=\"_new\" rel=\"noopener\">Yamato Transport Europe B V:n verkkosivusto<\/a><\/p>\n<p><strong>Arvostelupisteet: <\/strong>5<br \/> <strong>Arvostelujen m\u00e4\u00e4r\u00e4:<\/strong> 5<br \/><a href=\"https:\/\/www.google.co.uk\/maps?cid=13699711474701205415&#038;hl=en&#038;gl=GB\" target=\"_new\" rel=\"noopener\">Lue arvosteluja<\/a><\/p>\n<h2><span class=\"ez-toc-section\" id=\"ASM_Freight_Services_UK_Customs_Clearance_Agent\"><\/span>ASM Freight Services Yhdistyneen kuningaskunnan tulliselvitysagentti<span class=\"ez-toc-section-end\"><\/span><\/h2>\n<p><img decoding=\"async\" src=\"https:\/\/moverdb.com\/wp-content\/uploads\/AF1QipMBZnPnADmo57P5gYeXtHl6Xt9qeww3cAmGNgS4w408-h306-k-no.png\" alt='ASM Freight Services Yhdistyneen kuningaskunnan tulliselvitysagentti' class=\"aligncenter\"><\/p>\n<p><strong>Kuvaus yrityksest\u00e4: <\/strong>ASM on kasvanut johtavaksi globaalien toimitusketju- ja logistiikkaratkaisujen tarjoajaksi lento-, meri-, varastointi- ja liit\u00e4nn\u00e4isalojen k\u00e4yt\u00e4nt\u00f6jen ja ratkaisujen avulla.<\/p>\n<p> Tarjoamme tulliselvitys Heathrow, tuonti Heathrow, merirahti Heathrow, lentorahti Heathrow, kontti selvitys Heathrow, ja logistiikkaratkaisuja.<\/p>\n<p> Jatkuva kasvumme nopeatempoisessa ymp\u00e4rist\u00f6ss\u00e4 on osoitus siit\u00e4, ett\u00e4 olemme alusta alkaen sitoutuneet tarjoamaan ainutlaatuista, laadukasta ja boutique-tyyppist\u00e4 palvelutasoa ja samalla haastamaan perinteisten logistiikkatoimittajien normit.<\/p>\n<p><strong>Lis\u00e4palvelut:<\/strong><\/p>\n<p>Tulliv\u00e4litt\u00e4j\u00e4<\/p>\n<p>Tullivarasto<\/p>\n<p>Tuonti-vientiyhti\u00f6<\/p>\n<p>Logistiikkapalvelu<\/p>\n<p>Toimitusyhti\u00f6<\/p>\n<p><strong>Osoite:<\/strong> Heathrow Airport, Jolyon House, Amberley Way, Hounslow TW4 6BH.<\/p>\n<p><a href=\"https:\/\/asmfreight.co.uk\/\" target=\"_new\" rel=\"noopener\">ASM Freight Services UK Customs Clearance Agent -verkkosivusto<\/a><\/p>\n<p><strong>Arvostelupisteet: <\/strong>5<br \/> <strong>Arvostelujen m\u00e4\u00e4r\u00e4:<\/strong> 67<br \/><a href=\"https:\/\/www.google.co.uk\/maps?cid=10709402844354100596&#038;hl=en&#038;gl=GB\" target=\"_new\" rel=\"noopener\">Lue arvosteluja<\/a><\/p>\n<h2><span class=\"ez-toc-section\" id=\"GR_FREIGHT_SERVICES_UK_CUSTOM_CLEARANCE_AGENT\"><\/span>GR RAHTIPALVELUT UK TULLISELVITYSAGENTTI<span class=\"ez-toc-section-end\"><\/span><\/h2>\n<p><img decoding=\"async\" src=\"https:\/\/moverdb.com\/wp-content\/uploads\/AF1QipO359fre5KsBdit3U_HXEbB4w7zihF8p6CDOFTBw408-h289-k-no.jpg\" alt='GR RAHTIPALVELUT UK TULLISELVITYSAGENTTI' class=\"aligncenter\"><\/p>\n<p><strong>Kuvaus yrityksest\u00e4: <\/strong>GR Freight Services tarjoaa sinulle parhaat palvelut eritt\u00e4in kohtuulliseen hintaan.<\/p>\n<p> Olemme riippumaton Yhdistyneess\u00e4 kuningaskunnassa toimiva rahdin ja tulliselvityksen vienti \/ tuontiyritys.<\/p>\n<p><strong>Lis\u00e4palvelut:<\/strong><\/p>\n<p>Ei ole lueteltu<\/p>\n<p><strong>Osoite:<\/strong> VISTA CENTRE, 50 Salisbury Rd, Hounslow TW4 6JQ.<\/p>\n<p><a href=\"https:\/\/grfreightservices.com\/\" target=\"_new\" rel=\"noopener\">GR FREIGHT SERVICES UK CUSTOM CLEARANCE AGENT verkkosivusto<\/a><\/p>\n<p><strong>Arvostelupisteet: <\/strong>4.9<br \/> <strong>Arvostelujen m\u00e4\u00e4r\u00e4:<\/strong> 103<br \/><a href=\"https:\/\/www.google.co.uk\/maps?cid=4914496501845168104&#038;hl=en&#038;gl=GB\" target=\"_new\" rel=\"noopener\">Lue arvosteluja<\/a><\/p>\n<h2><span class=\"ez-toc-section\" id=\"Ligentia\"><\/span>Ligentia<span class=\"ez-toc-section-end\"><\/span><\/h2>\n<p><img decoding=\"async\" src=\"https:\/\/moverdb.com\/wp-content\/uploads\/AF1QipMp-rdB8OLG27ZYzeaSre2H-uCmWQ9hC38qc5L2w408-h725-k-no.jpg\" alt='Ligentia' class=\"aligncenter\"><\/p>\n<p><strong>Kuvaus yrityksest\u00e4: <\/strong>Ei toimitettu<\/p>\n<p><strong>Lis\u00e4palvelut:<\/strong><\/p>\n<p>Logistiikka<\/p>\n<p><strong>Osoite:<\/strong> Yksikk\u00f6 C Parkway West, Cranford Ln, Heston TW5 9QA<\/p>\n<p><a href=\"http:\/\/www.ligentia.com\/\" target=\"_new\" rel=\"noopener\">Ligentian verkkosivusto<\/a><\/p>\n<p><strong>Arvostelupisteet: <\/strong>4.8<br \/> <strong>Arvostelujen m\u00e4\u00e4r\u00e4:<\/strong> 9<br \/><a href=\"https:\/\/www.google.co.uk\/maps?cid=8622497080151257850&#038;hl=en&#038;gl=GB\" target=\"_new\" rel=\"noopener\">Lue arvosteluja<\/a><\/p>\n<h2><span class=\"ez-toc-section\" id=\"Global_Freight_Systems\"><\/span>Global Freight Systems<span class=\"ez-toc-section-end\"><\/span><\/h2>\n<p><img decoding=\"async\" src=\"\" alt=\"Global Freight Systems\" class=\"aligncenter\"><\/p>\n<p><strong>Kuvaus yrityksest\u00e4: <\/strong>Ei toimitettu<\/p>\n<p><strong>Lis\u00e4palvelut:<\/strong><\/p>\n<p>Ei ole lueteltu<\/p>\n<p><strong>Osoite:<\/strong> Heathrow Airport, Unit 5, X2 Building, Eastern Perimeter Rd, Hatton TW6 2GE.<\/p>\n<p><a href=\"http:\/\/globalfreightsystems.co.uk\/\" target=\"_new\" rel=\"noopener\">Global Freight Systemsin verkkosivusto<\/a><\/p>\n<p><strong>Arvostelupisteet: <\/strong>5<br \/> <strong>Arvostelujen m\u00e4\u00e4r\u00e4:<\/strong> 1<br \/><a href=\"https:\/\/www.google.co.uk\/maps?cid=14963894912548206567&#038;hl=en&#038;gl=GB\" target=\"_new\" rel=\"noopener\">Lue arvosteluja<\/a><\/p>\n<h2><span class=\"ez-toc-section\" id=\"How_we_picked_the_best_Hounslow_Freight_Forwarding_Companies\"><\/span>Miten valitsimme parhaat Hounslow'n huolintayritykset?<span class=\"ez-toc-section-end\"><\/span><\/h2>\n<p>Aloitimme Google Mapsin kautta l\u00f6yt\u00e4m\u00e4mme 51 Hounslow'n rahdinkuljetusyrityksen aineistosta ja rajasimme sen 15 parhaaseen.<\/p>\n<p>T\u00e4t\u00e4 varten poistimme kaikki yritykset, jotka:<\/p>\n<ul>\n<li> Ei ollut verkkosivustoa<\/li>\n<li> Ei ollut arvosteluja<\/li>\n<li> Arvostelujen keskiarvo oli alle 2,0<\/li>\n<\/ul>\n<p>T\u00e4ss\u00e4 vaiheessa, jos meill\u00e4 oli 17 tai v\u00e4hemm\u00e4n huolitsijoita, luetteloimme ne kaikki.<\/p>\n<p>Niihin kaupunkeihin, joissa oli yli 17 huolitsijaa, tehtiin lis\u00e4tarkistuksia joko nostamalla vaadittua arvostelupistem\u00e4\u00e4r\u00e4\u00e4 (esim. nostamalla arvostelujen v\u00e4himm\u00e4ism\u00e4\u00e4r\u00e4 2,0:sta 4,0:aan) ja\/tai nostamalla vaadittujen arvostelujen v\u00e4himm\u00e4ism\u00e4\u00e4r\u00e4\u00e4 (esim. nostamalla arvostelujen v\u00e4himm\u00e4ism\u00e4\u00e4r\u00e4 yhdest\u00e4 arvostelusta v\u00e4hint\u00e4\u00e4n kymmeneen).<\/p>\n<p>Huomaa, ett\u00e4 k\u00e4ytimme vain Google Mapsin tarkistustietoja, emme mink\u00e4\u00e4n muun kolmannen osapuolen verkkosivustoja.<\/p>\n<p>Lis\u00e4\u00e4 kaupunkeja:<\/p>\n<p><a href=\"https:\/\/moverdb.com\/fi\/huolitsija\/freight-forwarding-uk\/bristol-freight-forwarder\/\">Bristol huolitsija<\/a><br \/><a href=\"https:\/\/moverdb.com\/fi\/huolitsija\/freight-forwarding-uk\/sheffield-freight-forwarder\/\">Sheffieldin huolitsija<\/a><br \/><a href=\"https:\/\/moverdb.com\/fi\/huolitsija\/freight-forwarding-uk\/dover-freight-forwarder\/\">Doverin huolitsija<\/a><br \/><a href=\"https:\/\/moverdb.com\/fi\/huolitsija\/freight-forwarding-uk\/ashford-freight-forwarder\/\">Ashfordin huolitsija<\/a><br \/><a href=\"https:\/\/moverdb.com\/fi\/huolitsija\/freight-forwarding-uk\/egham-freight-forwarder\/\">Egham huolitsija<\/a><\/p>","protected":false},"excerpt":{"rendered":"<p>Below we look at the 15 &#8220;best&#8221; Freight Forwarding companies in Hounslow out of 51. To learn more about how we chose the best please consult our FAQ section at the end. Please not the following listings are in no particular order and we are not making any recommendations for any particular company. Globe Air [&hellip;]<\/p>\n","protected":false},"author":1,"featured_media":0,"parent":13427,"menu_order":0,"comment_status":"open","ping_status":"open","template":"","meta":{"_genesis_hide_title":false,"_genesis_hide_breadcrumbs":false,"_genesis_hide_singular_image":false,"_genesis_hide_footer_widgets":false,"_genesis_custom_body_class":"","_genesis_custom_post_class":"","_genesis_layout":"","footnotes":""},"class_list":{"0":"post-13614","1":"page","2":"type-page","3":"status-publish","5":"entry","6":"has-post-thumbnail"},"_links":{"self":[{"href":"https:\/\/moverdb.com\/fi\/wp-json\/wp\/v2\/pages\/13614","targetHints":{"allow":["GET"]}}],"collection":[{"href":"https:\/\/moverdb.com\/fi\/wp-json\/wp\/v2\/pages"}],"about":[{"href":"https:\/\/moverdb.com\/fi\/wp-json\/wp\/v2\/types\/page"}],"author":[{"embeddable":true,"href":"https:\/\/moverdb.com\/fi\/wp-json\/wp\/v2\/users\/1"}],"replies":[{"embeddable":true,"href":"https:\/\/moverdb.com\/fi\/wp-json\/wp\/v2\/comments?post=13614"}],"version-history":[{"count":1,"href":"https:\/\/moverdb.com\/fi\/wp-json\/wp\/v2\/pages\/13614\/revisions"}],"predecessor-version":[{"id":15690,"href":"https:\/\/moverdb.com\/fi\/wp-json\/wp\/v2\/pages\/13614\/revisions\/15690"}],"up":[{"embeddable":true,"href":"https:\/\/moverdb.com\/fi\/wp-json\/wp\/v2\/pages\/13427"}],"wp:attachment":[{"href":"https:\/\/moverdb.com\/fi\/wp-json\/wp\/v2\/media?parent=13614"}],"curies":[{"name":"wp","href":"https:\/\/api.w.org\/{rel}","templated":true}]}}