{"id":11671,"date":"2023-11-29T10:19:29","date_gmt":"2023-11-29T10:19:29","guid":{"rendered":"https:\/\/moverdb.com\/?page_id=11671"},"modified":"2026-01-08T15:23:52","modified_gmt":"2026-01-08T15:23:52","slug":"moving-companies-us-utah","status":"publish","type":"page","link":"https:\/\/moverdb.com\/fi\/moving-companies\/moving-companies-us-utah\/","title":{"rendered":"2 Parhaat kansainv\u00e4liset muuttofirmat Utahissa"},"content":{"rendered":"<p>Muutto voi olla yksi el\u00e4m\u00e4n stressaavimmista hetkist\u00e4, joten miksi et ottaisi avuksesi <a href=\"https:\/\/moverdb.com\/fi\/moving-companies\/\" data-internallinksmanager029f6b8e52c=\"79\" title=\"Top 25 Kansainv\u00e4list\u00e4 muuttoyrityksi\u00e4 verkossa\">muuttofirma<\/a> paineen v\u00e4hent\u00e4miseksi? Muuttofirma voi suunnitella muuton, j\u00e4rjest\u00e4\u00e4 kuljetuksen ja pakata tavarasi sek\u00e4 hoitaa tullin, jos muutat toiseen maahan. Olemme koonneet alla olevan luettelon <a href=\"https:\/\/moverdb.com\/fi\/moving-to-the-united-states\/moving-to-utah\/\" data-internallinksmanager029f6b8e52c=\"439\" title=\"Muutatko Utahiin? 2023 Elinkustannukset ja muuttovinkit\">Utah<\/a> perustuu <a href=\"https:\/\/moverdb.com\/fi\/international-removals\/\" data-internallinksmanager029f6b8e52c=\"27\" title=\"36 Parhaat kansainv\u00e4liset muuttoyritykset Yhdistyneess\u00e4 kuningaskunnassa\">muuttofirmat<\/a> jotka ovat j\u00e4seni\u00e4 <a href=\"https:\/\/moverdb.com\/fi\/iam\/\" data-internallinksmanager029f6b8e52c=\"23\" title=\"Kansainv\u00e4linen muuttajien liitto (IAM) selitetty\">Kansainv\u00e4linen muuttajien liitto<\/a> (IAM) ja\/tai <a href=\"https:\/\/moverdb.com\/fi\/fidi-faim\/\" data-internallinksmanager029f6b8e52c=\"16\" title=\"FIDI &amp; FAIM (FIDI Accredited International Mover) selitettyin\u00e4\">FIDI<\/a> Accredited International Mover (FAIM), joka voi auttaa sinua muutossasi.<\/p>\n<h2><strong>1. Legacy Moving<\/strong><\/h2>\n<p><img loading=\"lazy\" decoding=\"async\" class=\"alignnone size-full wp-image-11363\" src=\"https:\/\/moverdb.com\/wp-content\/uploads\/Legacy-Moving-international-moving-company.png\" alt=\"Legacy Moving kansainv\u00e4linen muuttofirma\" width=\"1440\" height=\"675\" data-wp-pid=\"11363\" srcset=\"https:\/\/moverdb.com\/wp-content\/uploads\/Legacy-Moving-international-moving-company.png 1440w, https:\/\/moverdb.com\/wp-content\/uploads\/Legacy-Moving-international-moving-company-300x141.png 300w, https:\/\/moverdb.com\/wp-content\/uploads\/Legacy-Moving-international-moving-company-1024x480.png 1024w, https:\/\/moverdb.com\/wp-content\/uploads\/Legacy-Moving-international-moving-company-18x8.png 18w, https:\/\/moverdb.com\/wp-content\/uploads\/Legacy-Moving-international-moving-company-600x281.png 600w\" sizes=\"auto, (max-width: 1440px) 100vw, 1440px\" \/><\/p>\n<ul>\n<li>Kansalliset siirrot<\/li>\n<li>Kansainv\u00e4liset siirrot<\/li>\n<li>Asuntojen muutot<\/li>\n<li>Kaupalliset ja toimistosiirrot<\/li>\n<li>T\u00e4yden palvelun muuttopalvelut<\/li>\n<li>Pakkauspalvelu<\/li>\n<li>Kuljetuksen j\u00e4rjest\u00e4minen<\/li>\n<li>Kokeneet konsultit<\/li>\n<li>Vakuutettu<\/li>\n<li>Turvallinen varastointi<\/li>\n<\/ul>\n<p>Legacy Moving on muutto- ja varastointiyritys, jonka kotipaikka on St George. He ovat IAM:n j\u00e4sen, ja heill\u00e4 on kuuden vuoden kokemus, mik\u00e4 tarjoaa heille kansallisen ja kansainv\u00e4lisen muuttofirmaverkoston, jonka kanssa he voivat ty\u00f6skennell\u00e4.<\/p>\n<p>Legacy Moving tarjoaa asuin-, liike- ja toimistosiirtoja kauko- ja kansainv\u00e4lisesti. He tarjoavat pakkauspalvelua, jossa k\u00e4ytet\u00e4\u00e4n ammattimaisia pakkaustarvikkeita ja koulutettua henkil\u00f6kuntaa, jotta tavarasi voidaan pakata turvallisesti. He tarjoavat kokeneita konsultteja tukemaan sinua muuton aikana, ja heid\u00e4n palvelunsa ovat lisensoituja ja vakuutettuja. He tarjoavat my\u00f6s turvallisia varastotiloja, jos tarvitset niit\u00e4 muuton yhteydess\u00e4 tai ennen muuttoa.<\/p>\n<p>Verkkosivusto: <a href=\"https:\/\/legacymovingstgeorge.com\/\" target=\"_blank\" rel=\"noopener\">https:\/\/legacymovingstgeorge.com\/<\/a><\/p>\n<h2><strong>2. Mesa Moving &amp; Storage<\/strong><\/h2>\n<p><img loading=\"lazy\" decoding=\"async\" class=\"alignnone size-full wp-image-11375\" src=\"https:\/\/moverdb.com\/wp-content\/uploads\/Mesa-Moving-Storage-international-moving-company.png\" alt=\"Mesa Moving &amp; Storage kansainv\u00e4linen muuttofirma\" width=\"1440\" height=\"678\" data-wp-pid=\"11375\" srcset=\"https:\/\/moverdb.com\/wp-content\/uploads\/Mesa-Moving-Storage-international-moving-company.png 1440w, https:\/\/moverdb.com\/wp-content\/uploads\/Mesa-Moving-Storage-international-moving-company-300x141.png 300w, https:\/\/moverdb.com\/wp-content\/uploads\/Mesa-Moving-Storage-international-moving-company-1024x482.png 1024w, https:\/\/moverdb.com\/wp-content\/uploads\/Mesa-Moving-Storage-international-moving-company-18x8.png 18w, https:\/\/moverdb.com\/wp-content\/uploads\/Mesa-Moving-Storage-international-moving-company-600x283.png 600w\" sizes=\"auto, (max-width: 1440px) 100vw, 1440px\" \/><\/p>\n<ul>\n<li>Paikalliset siirrot<\/li>\n<li>Pitk\u00e4n matkan siirrot<\/li>\n<li>Kotitalouksien muutot<\/li>\n<li>Toimisto- ja yrityssiirrot<\/li>\n<li>Pakkauspalvelu<\/li>\n<li>Kuljetusj\u00e4rjestelyt<\/li>\n<li>Taiteen ja antiikin k\u00e4sittely<\/li>\n<li><a href=\"https:\/\/moverdb.com\/fi\/car-transport-shipping\/\" data-internallinksmanager029f6b8e52c=\"2\" title=\"2026 Kansainv\u00e4linen autokuljetus ja ajoneuvojen kuljetus tarjoukset\">Ajoneuvojen kuljetus<\/a><\/li>\n<li>Varastointitilat<\/li>\n<\/ul>\n<p>Mesa Moving &amp; Storage on vuonna 1981 perustettu muuttofirma, jolla on toimipisteit\u00e4 Salt Lake Cityss\u00e4, <a href=\"https:\/\/moverdb.com\/fi\/moving-to-the-united-states\/moving-to-colorado\/\" data-internallinksmanager029f6b8e52c=\"399\" title=\"Muutatko Coloradoon? 2023 Elinkustannukset ja muuttovinkit\">Colorado<\/a> <a href=\"https:\/\/moverdb.com\/fi\/moving-to-the-united-states\/moving-to-idaho\/\" data-internallinksmanager029f6b8e52c=\"405\" title=\"Muutatko Idahoon? 2023 Elinkustannukset ja muuttovinkit\">Idaho<\/a> ja <a href=\"https:\/\/moverdb.com\/fi\/moving-to-the-united-states\/moving-to-montana\/\" data-internallinksmanager029f6b8e52c=\"461\" title=\"Muutatko Montanaan? 2024 Elinkustannukset ja muuttovinkit\">Montana<\/a>. He ovat United Van Linesin agentti, mik\u00e4 antaa heille kansallisten muuttofirmojen verkoston, jonka kanssa he voivat ty\u00f6skennell\u00e4. He ovat IAM:n j\u00e4sen, jolla on 12 vuoden kokemus, ja FIDI on akkreditoinut heid\u00e4t.<\/p>\n<p>Mesa Moving &amp; Storage tarjoaa muuttopalveluja kodeille ja toimistoille paikallisesti ja kansallisesti. He tarjoavat ammattitaitoisen pakkauspalvelun, jossa ammattitaitoiset ja koulutetut muuttomiehet varmistavat, ett\u00e4 tavarasi on pakattu asianmukaisesti ja turvallisesti kuljetusta varten niiden muodosta ja koosta riippumatta.<\/p>\n<p>Verkkosivusto: <a href=\"https:\/\/mesamoving.com\/\" target=\"_blank\" rel=\"noopener\">https:\/\/mesamoving.com\/<\/a><\/p>","protected":false},"excerpt":{"rendered":"<p>Moving can be one of the most stressful times in your life, so why not enlist the support of a moving company to reduce the pressure? A moving company can plan your move, arrange transportation and pack your belongings as well as handle customs if moving countries. Below we have compiled a list of Utah [&hellip;]<\/p>\n","protected":false},"author":4,"featured_media":11363,"parent":190,"menu_order":0,"comment_status":"closed","ping_status":"closed","template":"","meta":{"_genesis_hide_title":false,"_genesis_hide_breadcrumbs":false,"_genesis_hide_singular_image":false,"_genesis_hide_footer_widgets":false,"_genesis_custom_body_class":"","_genesis_custom_post_class":"","_genesis_layout":"","footnotes":""},"class_list":{"0":"post-11671","1":"page","2":"type-page","3":"status-publish","4":"has-post-thumbnail","6":"entry"},"_links":{"self":[{"href":"https:\/\/moverdb.com\/fi\/wp-json\/wp\/v2\/pages\/11671","targetHints":{"allow":["GET"]}}],"collection":[{"href":"https:\/\/moverdb.com\/fi\/wp-json\/wp\/v2\/pages"}],"about":[{"href":"https:\/\/moverdb.com\/fi\/wp-json\/wp\/v2\/types\/page"}],"author":[{"embeddable":true,"href":"https:\/\/moverdb.com\/fi\/wp-json\/wp\/v2\/users\/4"}],"replies":[{"embeddable":true,"href":"https:\/\/moverdb.com\/fi\/wp-json\/wp\/v2\/comments?post=11671"}],"version-history":[{"count":1,"href":"https:\/\/moverdb.com\/fi\/wp-json\/wp\/v2\/pages\/11671\/revisions"}],"predecessor-version":[{"id":11672,"href":"https:\/\/moverdb.com\/fi\/wp-json\/wp\/v2\/pages\/11671\/revisions\/11672"}],"up":[{"embeddable":true,"href":"https:\/\/moverdb.com\/fi\/wp-json\/wp\/v2\/pages\/190"}],"wp:featuredmedia":[{"embeddable":true,"href":"https:\/\/moverdb.com\/fi\/wp-json\/wp\/v2\/media\/11363"}],"wp:attachment":[{"href":"https:\/\/moverdb.com\/fi\/wp-json\/wp\/v2\/media?parent=11671"}],"curies":[{"name":"wp","href":"https:\/\/api.w.org\/{rel}","templated":true}]}}