{"id":11668,"date":"2023-11-29T10:49:05","date_gmt":"2023-11-29T10:49:05","guid":{"rendered":"https:\/\/moverdb.com\/?page_id=11668"},"modified":"2026-01-08T15:29:30","modified_gmt":"2026-01-08T15:29:30","slug":"moving-companies-us-texas","status":"publish","type":"page","link":"https:\/\/moverdb.com\/fi\/moving-companies\/moving-companies-us-texas\/","title":{"rendered":"7 Parhaat kansainv\u00e4liset muuttofirmat Texasissa"},"content":{"rendered":"<p>Muuton suunnittelu voi olla stressaavaa aikaa, joten miksi et ottaisi avuksesi apuaan <a href=\"https:\/\/moverdb.com\/fi\/moving-companies\/\" data-internallinksmanager029f6b8e52c=\"79\" title=\"Top 25 Kansainv\u00e4list\u00e4 muuttoyrityksi\u00e4 verkossa\">muuttofirma<\/a> valaisemaan kuormaa? He voivat auttaa suunnittelussa, pakata tavarasi ja j\u00e4rjest\u00e4\u00e4 kuljetuksen sek\u00e4 hoitaa tulliasiat, jos muutat kansainv\u00e4lisesti. Olemme koonneet alla olevan luettelon <a href=\"https:\/\/moverdb.com\/fi\/moving-to-the-united-states\/moving-to-texas\/\" data-internallinksmanager029f6b8e52c=\"397\" title=\"Muutto Teksasiin? 2023 Elinkustannukset ja muuttovinkit\">Texas<\/a> perustuu <a href=\"https:\/\/moverdb.com\/fi\/international-removals\/\" data-internallinksmanager029f6b8e52c=\"27\" title=\"36 Parhaat kansainv\u00e4liset muuttoyritykset Yhdistyneess\u00e4 kuningaskunnassa\">muuttofirmat<\/a> jotka ovat j\u00e4seni\u00e4 <a href=\"https:\/\/moverdb.com\/fi\/iam\/\" data-internallinksmanager029f6b8e52c=\"23\" title=\"Kansainv\u00e4linen muuttajien liitto (IAM) selitetty\">Kansainv\u00e4linen muuttajien liitto<\/a> (IAM) ja\/tai <a href=\"https:\/\/moverdb.com\/fi\/fidi-faim\/\" data-internallinksmanager029f6b8e52c=\"16\" title=\"FIDI &amp; FAIM (FIDI Accredited International Mover) selitettyin\u00e4\">FIDI<\/a> Accredited International Mover (FAIM), joka voi auttaa sinua muutossasi.<\/p>\n<div id=\"ez-toc-container\" class=\"ez-toc-v2_0_82_2 ez-toc-wrap-left counter-hierarchy ez-toc-counter ez-toc-transparent ez-toc-container-direction\">\n<div class=\"ez-toc-title-container\">\n<p class=\"ez-toc-title\" style=\"cursor:inherit\">Jaksot<\/p>\n<span class=\"ez-toc-title-toggle\"><a href=\"#\" class=\"ez-toc-pull-right ez-toc-btn ez-toc-btn-xs ez-toc-btn-default ez-toc-toggle\" aria-label=\"Sis\u00e4llysluettelon vaihtaminen\"><span class=\"ez-toc-js-icon-con\"><span class=\"\"><span class=\"eztoc-hide\" style=\"display:none;\">Toggle<\/span><span class=\"ez-toc-icon-toggle-span\"><svg style=\"fill: #999;color:#999\" xmlns=\"http:\/\/www.w3.org\/2000\/svg\" class=\"list-377408\" width=\"20px\" height=\"20px\" viewbox=\"0 0 24 24\" fill=\"none\"><path d=\"M6 6H4v2h2V6zm14 0H8v2h12V6zM4 11h2v2H4v-2zm16 0H8v2h12v-2zM4 16h2v2H4v-2zm16 0H8v2h12v-2z\" fill=\"currentColor\"><\/path><\/svg><svg style=\"fill: #999;color:#999\" class=\"arrow-unsorted-368013\" xmlns=\"http:\/\/www.w3.org\/2000\/svg\" width=\"10px\" height=\"10px\" viewbox=\"0 0 24 24\" version=\"1.2\" baseprofile=\"tiny\"><path d=\"M18.2 9.3l-6.2-6.3-6.2 6.3c-.2.2-.3.4-.3.7s.1.5.3.7c.2.2.4.3.7.3h11c.3 0 .5-.1.7-.3.2-.2.3-.5.3-.7s-.1-.5-.3-.7zM5.8 14.7l6.2 6.3 6.2-6.3c.2-.2.3-.5.3-.7s-.1-.5-.3-.7c-.2-.2-.4-.3-.7-.3h-11c-.3 0-.5.1-.7.3-.2.2-.3.5-.3.7s.1.5.3.7z\"\/><\/svg><\/span><\/span><\/span><\/a><\/span><\/div>\n<nav><ul class='ez-toc-list ez-toc-list-level-1 eztoc-toggle-hide-by-default' ><li class='ez-toc-page-1 ez-toc-heading-level-2'><a class=\"ez-toc-link ez-toc-heading-1\" href=\"https:\/\/moverdb.com\/fi\/moving-companies\/moving-companies-us-texas\/#1_A-1_Freeman_Moving_Group\" >1. A-1 Freeman Moving Group<\/a><\/li><li class='ez-toc-page-1 ez-toc-heading-level-2'><a class=\"ez-toc-link ez-toc-heading-2\" href=\"https:\/\/moverdb.com\/fi\/moving-companies\/moving-companies-us-texas\/#2_Central_Transportation_Systems\" >2. Keskusliikennej\u00e4rjestelm\u00e4t<\/a><\/li><li class='ez-toc-page-1 ez-toc-heading-level-2'><a class=\"ez-toc-link ez-toc-heading-3\" href=\"https:\/\/moverdb.com\/fi\/moving-companies\/moving-companies-us-texas\/#3_Daryl_Flood_Moving_Storage\" >3. Daryl Flood Moving &amp; Storage<\/a><\/li><li class='ez-toc-page-1 ez-toc-heading-level-2'><a class=\"ez-toc-link ez-toc-heading-4\" href=\"https:\/\/moverdb.com\/fi\/moving-companies\/moving-companies-us-texas\/#4_Firefighters_Finest_Moving_Storage\" >4. Palomiehen hienoin siirtyminen ja varastointi<\/a><\/li><li class='ez-toc-page-1 ez-toc-heading-level-2'><a class=\"ez-toc-link ez-toc-heading-5\" href=\"https:\/\/moverdb.com\/fi\/moving-companies\/moving-companies-us-texas\/#5_Scobey_Moving_Storage\" >5. Scobey Moving &amp; Storage<\/a><\/li><li class='ez-toc-page-1 ez-toc-heading-level-2'><a class=\"ez-toc-link ez-toc-heading-6\" href=\"https:\/\/moverdb.com\/fi\/moving-companies\/moving-companies-us-texas\/#6_Trans_Global_Auto_Logistics\" >6. Trans Global Auto Logistics<\/a><\/li><li class='ez-toc-page-1 ez-toc-heading-level-2'><a class=\"ez-toc-link ez-toc-heading-7\" href=\"https:\/\/moverdb.com\/fi\/moving-companies\/moving-companies-us-texas\/#7_Transportation_Worldwide\" >7. Kuljetus maailmanlaajuisesti<\/a><\/li><\/ul><\/nav><\/div>\n<h2><span class=\"ez-toc-section\" id=\"1_A-1_Freeman_Moving_Group\"><\/span><strong>1. A-1 Freeman Moving Group<\/strong><span class=\"ez-toc-section-end\"><\/span><\/h2>\n<p><img loading=\"lazy\" decoding=\"async\" class=\"alignnone size-full wp-image-11236\" src=\"https:\/\/moverdb.com\/wp-content\/uploads\/A1-Freeman-Moving-Group-international-moving-company.png\" alt=\"A1 Freeman Moving Group kansainv\u00e4linen muuttofirma\" width=\"1440\" height=\"675\" data-wp-pid=\"11236\" srcset=\"https:\/\/moverdb.com\/wp-content\/uploads\/A1-Freeman-Moving-Group-international-moving-company.png 1440w, https:\/\/moverdb.com\/wp-content\/uploads\/A1-Freeman-Moving-Group-international-moving-company-300x141.png 300w, https:\/\/moverdb.com\/wp-content\/uploads\/A1-Freeman-Moving-Group-international-moving-company-1024x480.png 1024w, https:\/\/moverdb.com\/wp-content\/uploads\/A1-Freeman-Moving-Group-international-moving-company-18x8.png 18w, https:\/\/moverdb.com\/wp-content\/uploads\/A1-Freeman-Moving-Group-international-moving-company-600x281.png 600w\" sizes=\"auto, (max-width: 1440px) 100vw, 1440px\" \/><\/p>\n<ul>\n<li>Paikalliset ja pitk\u00e4n matkan siirrot<\/li>\n<li>Kansainv\u00e4liset siirrot<\/li>\n<li>Asuntojen muutot<\/li>\n<li>Kaupalliset siirrot<\/li>\n<li>Yritysten uudelleensijoitukset<\/li>\n<li>Ennen siirtoa annettava tuki<\/li>\n<li>Pakkausvaihtoehdot<\/li>\n<li>Tulliselvitys<\/li>\n<li>Ajoneuvojen kuljetus<\/li>\n<li>Varastointitilat<\/li>\n<\/ul>\n<p>A-1 Freeman Moving Group on vuonna 1974 perustettu muutto-, siirto- ja kuljetusyritys, jolla on 12 toimipistett\u00e4 eri puolilla maata. <a href=\"https:\/\/moverdb.com\/fi\/moving-to-the-united-states\/\" data-internallinksmanager029f6b8e52c=\"94\" title=\"Muutatko Yhdysvaltoihin? 2022 Elinkustannukset ja muuttovinkit\">US<\/a> joista kuusi Texasissa vuonna <a href=\"https:\/\/moverdb.com\/fi\/moving-to-dallas\/\" data-internallinksmanager029f6b8e52c=\"41\" title=\"Muutatko Dallasiin? 2022 Elinkustannukset ja muuttovinkit\">Dallas<\/a>, El Paso, <a href=\"https:\/\/moverdb.com\/fi\/moving-to-houston\/\" data-internallinksmanager029f6b8e52c=\"47\" title=\"Muutatko Houstoniin? 2022 Elinkustannukset ja muuttovinkit\">Houston<\/a>, San Antonio, Wichita Falls ja Nolanville. He ovat North American Van Linesin agentti, joka tarjoaa heille verkoston muuttoagentteja, joiden kanssa he voivat ty\u00f6skennell\u00e4. He ovat IAM:n j\u00e4sen 33 vuoden kokemuksella.<\/p>\n<p>A-1 Freeman Moving Group tarjoaa ilmaisen tarjouksen ja tarjoaa tukea ennakkosuunnitteluun. Heill\u00e4 on t\u00e4ysin koulutetut ja ammattitaitoiset ty\u00f6ntekij\u00e4t, jotka tarjoavat ammattimaisia ja r\u00e4\u00e4t\u00e4l\u00f6ityj\u00e4 pakkauspalveluja, joissa on valittavana t\u00e4yden palvelun pakkaus, vain hauraiden tavaroiden pakkaus ja itsepakkaus.<\/p>\n<p>Verkkosivusto: <a href=\"https:\/\/www.a-1freeman.com\/\" target=\"_blank\" rel=\"noopener\">https:\/\/www.a-1freeman.com\/<\/a><\/p>\n<h2><span class=\"ez-toc-section\" id=\"2_Central_Transportation_Systems\"><\/span><strong>2. Keskusliikennej\u00e4rjestelm\u00e4t<\/strong><span class=\"ez-toc-section-end\"><\/span><\/h2>\n<p><img loading=\"lazy\" decoding=\"async\" class=\"alignnone size-full wp-image-11283\" src=\"https:\/\/moverdb.com\/wp-content\/uploads\/Central-Transportation-Systems-international-moving-company.png\" alt=\"Central Transportation Systems kansainv\u00e4linen liikkuva yritys\" width=\"1440\" height=\"676\" data-wp-pid=\"11283\" srcset=\"https:\/\/moverdb.com\/wp-content\/uploads\/Central-Transportation-Systems-international-moving-company.png 1440w, https:\/\/moverdb.com\/wp-content\/uploads\/Central-Transportation-Systems-international-moving-company-300x141.png 300w, https:\/\/moverdb.com\/wp-content\/uploads\/Central-Transportation-Systems-international-moving-company-1024x481.png 1024w, https:\/\/moverdb.com\/wp-content\/uploads\/Central-Transportation-Systems-international-moving-company-18x8.png 18w, https:\/\/moverdb.com\/wp-content\/uploads\/Central-Transportation-Systems-international-moving-company-600x282.png 600w\" sizes=\"auto, (max-width: 1440px) 100vw, 1440px\" \/><\/p>\n<ul>\n<li>Paikalliset ja pitk\u00e4n matkan siirrot<\/li>\n<li>Kansainv\u00e4liset siirrot<\/li>\n<li>Asuntojen muutot<\/li>\n<li>Kaupalliset siirrot<\/li>\n<li>Ovelta ovelle -palvelu<\/li>\n<li>Omistetut muuttokoordinaattorit<\/li>\n<li>Pakkauspalvelu<\/li>\n<li>Tulliselvitys<\/li>\n<li>T\u00e4yden riskin vakuutusturva<\/li>\n<li>Lyhytaikainen ja pitk\u00e4aikainen varastointi<\/li>\n<\/ul>\n<p>Central Transportation Systems on muutto- ja varastointiyritys, jolla on toimipisteit\u00e4 El Pasossa, Austinissa, Killeeniss\u00e4 ja Wacossa. Se on United Van Linesin edustaja, ja sill\u00e4 on ammattimainen kumppanuusverkosto, joka tarjoaa kolmannen osapuolen logistiikkaa ja auttaa sit\u00e4 palvelujen tarjoamisessa. He ovat IAM:n j\u00e4sen, ja heill\u00e4 on 96 vuoden kokemus.<\/p>\n<p>Central Transportation Systems tarjoaa ovelta ovelle -muuttopalveluja, joissa on ammattitaitoinen muuttokoordinaattori, joka laatii r\u00e4\u00e4t\u00e4l\u00f6idyn muuttosuunnitelman tarpeidesi ja budjettisi mukaan. He tarjoavat t\u00e4yden palvelun muuttoja, joissa ammattitaitoinen muuttotiimi pakkaa ja pakkaa tavarasi asiantuntevasti ja hoitaa tulliselvityksen.<\/p>\n<p>Verkkosivusto: <a href=\"http:\/\/www.centralsystems.com\" target=\"_blank\" rel=\"noopener\">http:\/\/www.centralsystems.com<\/a><\/p>\n<h2><span class=\"ez-toc-section\" id=\"3_Daryl_Flood_Moving_Storage\"><\/span><strong>3. Daryl Flood Moving &amp; Storage<\/strong><span class=\"ez-toc-section-end\"><\/span><\/h2>\n<p><img loading=\"lazy\" decoding=\"async\" class=\"alignnone size-full wp-image-11303\" src=\"https:\/\/moverdb.com\/wp-content\/uploads\/Daryl-Flood-Moving-Storage-international-moving-company.png\" alt=\"Daryl Flood Moving &amp; Storage kansainv\u00e4linen muuttofirma\" width=\"1440\" height=\"675\" data-wp-pid=\"11303\" srcset=\"https:\/\/moverdb.com\/wp-content\/uploads\/Daryl-Flood-Moving-Storage-international-moving-company.png 1440w, https:\/\/moverdb.com\/wp-content\/uploads\/Daryl-Flood-Moving-Storage-international-moving-company-300x141.png 300w, https:\/\/moverdb.com\/wp-content\/uploads\/Daryl-Flood-Moving-Storage-international-moving-company-1024x480.png 1024w, https:\/\/moverdb.com\/wp-content\/uploads\/Daryl-Flood-Moving-Storage-international-moving-company-18x8.png 18w, https:\/\/moverdb.com\/wp-content\/uploads\/Daryl-Flood-Moving-Storage-international-moving-company-600x281.png 600w\" sizes=\"auto, (max-width: 1440px) 100vw, 1440px\" \/><\/p>\n<ul>\n<li>Paikalliset ja pitk\u00e4n matkan siirrot<\/li>\n<li>Kansainv\u00e4liset siirrot<\/li>\n<li>Asuntojen muutot<\/li>\n<li>Toimiston muutot<\/li>\n<li>Omistettu kansainv\u00e4lisen muuton koordinaattori<\/li>\n<li>Ovelta ovelle -palvelu<\/li>\n<li>Pakkauspalvelu<\/li>\n<li>Tullin tuki<\/li>\n<li>Asettautumispalvelut<\/li>\n<li>Turvalliset varastointipalvelut<\/li>\n<\/ul>\n<p>Daryl Flood Moving &amp; Storage on vuonna 1982 perustettu muuttofirma, jolla on toimipisteit\u00e4 Austinissa ja Dallasissa, <a href=\"https:\/\/moverdb.com\/fi\/moving-to-fort-worth\/\" data-internallinksmanager029f6b8e52c=\"45\" title=\"Muutatko Fort Worthiin? 2022 Elinkustannukset ja muuttovinkit\">Fort Worth<\/a>, Houston ja San Antonio. He ovat Mayflower Van Linesin agentti, mik\u00e4 antaa heille laajemman verkoston muuttofirmoja, joiden kanssa he voivat ty\u00f6skennell\u00e4 eri puolilla Yhdysvaltoja tarjotakseen palvelujaan. FIDI on akkreditoinut heid\u00e4t.<\/p>\n<p>Daryl Flood Moving &amp; Storage tarjoaa r\u00e4\u00e4t\u00e4l\u00f6ityj\u00e4 ovelta ovelle -muuttopalveluja, joissa on valittavana t\u00e4ydet palvelut tai DIY-pakkausvaihtoehdot. He tarjoavat tarkastettuja ja koulutettuja ammattitaitoisia muuttohenkil\u00f6kuntia, jotka voivat pakata tavarasi kokonaan tai osittain k\u00e4ytt\u00e4en korkealaatuisia pakkausmateriaaleja. He tarjoavat asettautumispalveluja, kuten kodin ja koulun hakua, perehdytyst\u00e4 ja tilap\u00e4ismajoitusta.<\/p>\n<p>Verkkosivusto: <a href=\"http:\/\/www.darylflood.com\" target=\"_blank\" rel=\"noopener\">http:\/\/www.darylflood.com<\/a><\/p>\n<h2><span class=\"ez-toc-section\" id=\"4_Firefighters_Finest_Moving_Storage\"><\/span><strong>4. Palomiehen hienoin siirtyminen ja varastointi<\/strong><span class=\"ez-toc-section-end\"><\/span><\/h2>\n<p><img loading=\"lazy\" decoding=\"async\" class=\"alignnone size-full wp-image-11320\" src=\"https:\/\/moverdb.com\/wp-content\/uploads\/Firefightings-Finest-Moving-Storage-international-moving-company.png\" alt=\"Firefightings Finest Moving &amp; Storage kansainv\u00e4linen muuttoliikeyritys\" width=\"1440\" height=\"676\" data-wp-pid=\"11320\" srcset=\"https:\/\/moverdb.com\/wp-content\/uploads\/Firefightings-Finest-Moving-Storage-international-moving-company.png 1440w, https:\/\/moverdb.com\/wp-content\/uploads\/Firefightings-Finest-Moving-Storage-international-moving-company-300x141.png 300w, https:\/\/moverdb.com\/wp-content\/uploads\/Firefightings-Finest-Moving-Storage-international-moving-company-1024x481.png 1024w, https:\/\/moverdb.com\/wp-content\/uploads\/Firefightings-Finest-Moving-Storage-international-moving-company-18x8.png 18w, https:\/\/moverdb.com\/wp-content\/uploads\/Firefightings-Finest-Moving-Storage-international-moving-company-600x282.png 600w\" sizes=\"auto, (max-width: 1440px) 100vw, 1440px\" \/><\/p>\n<ul>\n<li>Paikalliset siirrot<\/li>\n<li>Pitk\u00e4n matkan siirrot<\/li>\n<li>Kotitalouksien muutot<\/li>\n<li>Liiketoiminnan siirrot<\/li>\n<li>Ilmainen arvio<\/li>\n<li>Pakkauspalvelu<\/li>\n<li>Kuljetuksen j\u00e4rjest\u00e4minen<\/li>\n<li>Kuvataiteen ja antiikin k\u00e4sittely<\/li>\n<li>Pakkauksen purkamispalvelu<\/li>\n<li>Pitk\u00e4aikainen ja lyhytaikainen varastointi<\/li>\n<\/ul>\n<p>Firefighting's Finest Moving &amp; Storage on kahden palomiehen vuonna 2001 perustama muuttofirma, joka on laajentunut toimipisteisiin Fort Worthissa, Dallasissa, Houstonissa ja Austinissa. He ovat IAM:n j\u00e4sen 19 vuoden kokemuksella, mik\u00e4 tarjoaa heille muuttofirmojen verkoston, jonka kanssa he voivat ty\u00f6skennell\u00e4.<\/p>\n<p>Firefighting's Finest Moving &amp; Storage tarjoaa ilmaisen <a href=\"https:\/\/moverdb.com\/fi\/quotes\/\" data-internallinksmanager029f6b8e52c=\"26\" title=\"Kansainv\u00e4liset muuttolainat: 12 kysymyst\u00e4\">muutto tarjous<\/a> ja he auttavat sinua muuttosi suunnittelussa. Heill\u00e4 on laadukkaita ammattimaisia muuttohenkil\u00f6kuntia, jotka tarjoavat pehmusteita, venytyskalvoja, telineit\u00e4 ja muita v\u00e4lineit\u00e4, joilla suojellaan tavaroitasi kuljetuksen aikana, erityisesti herkki\u00e4 tavaroita.<\/p>\n<p>Verkkosivusto: <a href=\"http:\/\/www.firefightermovers.com\" target=\"_blank\" rel=\"noopener\">http:\/\/www.firefightermovers.com<\/a><\/p>\n<h2><span class=\"ez-toc-section\" id=\"5_Scobey_Moving_Storage\"><\/span><strong>5. Scobey Moving &amp; Storage<\/strong><span class=\"ez-toc-section-end\"><\/span><\/h2>\n<p><img loading=\"lazy\" decoding=\"async\" class=\"alignnone size-full wp-image-11436\" src=\"https:\/\/moverdb.com\/wp-content\/uploads\/Scobey-Moving-Storage-international-moving-company.png\" alt=\"Scobey Moving &amp; Storage kansainv\u00e4linen muuttofirma\" width=\"1440\" height=\"675\" data-wp-pid=\"11436\" srcset=\"https:\/\/moverdb.com\/wp-content\/uploads\/Scobey-Moving-Storage-international-moving-company.png 1440w, https:\/\/moverdb.com\/wp-content\/uploads\/Scobey-Moving-Storage-international-moving-company-300x141.png 300w, https:\/\/moverdb.com\/wp-content\/uploads\/Scobey-Moving-Storage-international-moving-company-1024x480.png 1024w, https:\/\/moverdb.com\/wp-content\/uploads\/Scobey-Moving-Storage-international-moving-company-18x8.png 18w, https:\/\/moverdb.com\/wp-content\/uploads\/Scobey-Moving-Storage-international-moving-company-600x281.png 600w\" sizes=\"auto, (max-width: 1440px) 100vw, 1440px\" \/><\/p>\n<ul>\n<li>Paikalliset ja pitk\u00e4n matkan siirrot<\/li>\n<li>Kansainv\u00e4liset siirrot<\/li>\n<li>Kotitalouksien muutot<\/li>\n<li>Kaupalliset siirrot<\/li>\n<li>Sotilaiden ja viranomaisten uudelleensijoitukset<\/li>\n<li>Henkil\u00f6kohtaiset palvelut<\/li>\n<li>T\u00e4yden palvelun muutot<\/li>\n<li>Pakkausvaihtoehtojen valinta<\/li>\n<li>L\u00e4hetyksen seuranta<\/li>\n<li>Lyhytaikainen ja pitk\u00e4aikainen varastointi<\/li>\n<\/ul>\n<p>Scobey Moving &amp; Storage on muuttopalveluyritys, jolla on toimipisteet Killeeniss\u00e4, El Pasossa ja San Antoniossa. He ovat Mayflower Transitin tyt\u00e4ryhti\u00f6, ja heill\u00e4 on monipuolinen muuttofirmojen verkosto, joka tukee heit\u00e4 muutto- ja varastointipalvelujen tarjoamisessa. He ovat IAM:n j\u00e4sen 110 vuoden kokemuksella.<\/p>\n<p>Scobey Moving &amp; Storage tarjoaa henkil\u00f6kohtaisen tai virtuaalisen kartoituksen, jonka avulla voidaan arvioida muuttotarpeesi ja laatia tarjous. Tarjolla on pakkausvalikoima tai itsepakkausvaihtoehto. He tarjoavat henkil\u00f6kohtaista ovelta ovelle -muuttopalvelua, jossa muuttokoordinaattori tukee sinua. He tarjoavat pakkauspalveluja, joissa on r\u00e4\u00e4t\u00e4l\u00f6ityj\u00e4 pakkauslaatikoita ja t\u00e4ysi korvausarvoturva.<\/p>\n<p>Verkkosivusto: <a href=\"http:\/\/www.scobeymoving.com\/\" target=\"_blank\" rel=\"noopener\">http:\/\/www.scobeymoving.com\/<\/a><\/p>\n<h2><span class=\"ez-toc-section\" id=\"6_Trans_Global_Auto_Logistics\"><\/span><strong>6. Trans Global Auto Logistics<\/strong><span class=\"ez-toc-section-end\"><\/span><\/h2>\n<p><img loading=\"lazy\" decoding=\"async\" class=\"alignnone size-full wp-image-11459\" src=\"https:\/\/moverdb.com\/wp-content\/uploads\/Trans-Global-Auto-Logistics-international-moving-company.png\" alt=\"Trans Global Auto Logistics kansainv\u00e4linen muuttoliikeyritys\" width=\"1440\" height=\"655\" data-wp-pid=\"11459\" srcset=\"https:\/\/moverdb.com\/wp-content\/uploads\/Trans-Global-Auto-Logistics-international-moving-company.png 1440w, https:\/\/moverdb.com\/wp-content\/uploads\/Trans-Global-Auto-Logistics-international-moving-company-300x136.png 300w, https:\/\/moverdb.com\/wp-content\/uploads\/Trans-Global-Auto-Logistics-international-moving-company-1024x466.png 1024w, https:\/\/moverdb.com\/wp-content\/uploads\/Trans-Global-Auto-Logistics-international-moving-company-18x8.png 18w, https:\/\/moverdb.com\/wp-content\/uploads\/Trans-Global-Auto-Logistics-international-moving-company-600x273.png 600w\" sizes=\"auto, (max-width: 1440px) 100vw, 1440px\" \/><\/p>\n<ul>\n<li>Kansalliset siirrot<\/li>\n<li>Kansainv\u00e4liset siirrot<\/li>\n<li>Kotitalouksien muutot<\/li>\n<li>Kaupalliset siirrot<\/li>\n<li>Autokuljetukset<\/li>\n<li>Veneen kuljetus<\/li>\n<li>Raskaan kaluston kuljetus<\/li>\n<li>Valinta avoimen tai suljetun kuljetuksen v\u00e4lill\u00e4<\/li>\n<li>Maa-, ilma- ja merirahti<\/li>\n<li>Tulliselvitys<\/li>\n<\/ul>\n<p>Trans Global Auto Logistics on autologistiikka- ja raskas tavaraliikenneyritys. <a href=\"https:\/\/moverdb.com\/fi\/shipping-companies\/\" data-internallinksmanager029f6b8e52c=\"4\" title=\"Top 10 kansainv\u00e4list\u00e4 konttikuljetusyrityst\u00e4\">varustamo<\/a> joka on lisensoitu ja vakuutettu muu kuin aluksia omistava rahdinkuljettaja (Non-Vessel Owning Common Carrier) (<a href=\"https:\/\/moverdb.com\/fi\/freight-forwarder\/\" data-internallinksmanager029f6b8e52c=\"17\" title=\"Huolitsijan &amp; NVOCC:n kansainv\u00e4liset kustannukset ja yritykset -opas\">NVOCC<\/a>), jolla on toimipisteit\u00e4 Arlingtonissa, Orlandossa ja Charlestonissa, <a href=\"https:\/\/moverdb.com\/fi\/moving-to-the-united-states\/moving-to-new-jersey\/\" data-internallinksmanager029f6b8e52c=\"417\" title=\"Muutatko New Jerseyyn? 2023 Elinkustannukset ja muuttovinkit\">New Jersey<\/a> ja Savannah. Ne tarjoavat my\u00f6s pelkki\u00e4 kotitaloustavarakuljetuksia. He ovat IAM:n j\u00e4sen.<\/p>\n<p>Trans Global Auto Logistics tarjoaa ilmaisen tarjouksen rahtisi siirt\u00e4misest\u00e4, ja heid\u00e4n kuljetusasiantuntijansa ty\u00f6skentelev\u00e4t kanssasi ymm\u00e4rt\u00e4\u00e4kseen tarpeesi tarkan arvion laatimiseksi. He voivat siirt\u00e4\u00e4 erilaisia ajoneuvoja klassisista autoista veneisiin ja raskaisiin teollisuuslaitteisiin, ja voit valita avoimen tai suljetun kuljetuksen.<\/p>\n<p>Verkkosivusto: <a href=\"http:\/\/www.tgal.us\" target=\"_blank\" rel=\"noopener\">http:\/\/www.tgal.us<\/a><\/p>\n<h2><span class=\"ez-toc-section\" id=\"7_Transportation_Worldwide\"><\/span><strong>7. Kuljetus maailmanlaajuisesti<\/strong><span class=\"ez-toc-section-end\"><\/span><\/h2>\n<p><img loading=\"lazy\" decoding=\"async\" class=\"alignnone size-full wp-image-11460\" src=\"https:\/\/moverdb.com\/wp-content\/uploads\/Transportation-Worldwide-international-moving-company.png\" alt=\"Kuljetus Maailmanlaajuinen kansainv\u00e4linen liikkuva yritys\" width=\"1440\" height=\"654\" data-wp-pid=\"11460\" srcset=\"https:\/\/moverdb.com\/wp-content\/uploads\/Transportation-Worldwide-international-moving-company.png 1440w, https:\/\/moverdb.com\/wp-content\/uploads\/Transportation-Worldwide-international-moving-company-300x136.png 300w, https:\/\/moverdb.com\/wp-content\/uploads\/Transportation-Worldwide-international-moving-company-1024x465.png 1024w, https:\/\/moverdb.com\/wp-content\/uploads\/Transportation-Worldwide-international-moving-company-18x8.png 18w, https:\/\/moverdb.com\/wp-content\/uploads\/Transportation-Worldwide-international-moving-company-600x273.png 600w\" sizes=\"auto, (max-width: 1440px) 100vw, 1440px\" \/><\/p>\n<ul>\n<li>Kansalliset siirrot<\/li>\n<li>Kansainv\u00e4liset siirrot<\/li>\n<li>Kotitalouksien muutot<\/li>\n<li>Yritysten uudelleensijoitukset<\/li>\n<li>Yksi yhteyspiste<\/li>\n<li>Muuton hallinta<\/li>\n<li>L\u00e4hetyksen seuranta<\/li>\n<li>Tullin tuki<\/li>\n<li>Turvallinen varastointi<\/li>\n<\/ul>\n<p>Transportation Worldwide on Katyssa sijaitseva siirto- ja kuljetusyritys, jolla on yli 30 vuoden kokemus. Se tarjoaa kansainv\u00e4lisi\u00e4 muuttopalveluja yli 135 maahan ymp\u00e4ri maailmaa, jotka se toimittaa yhteisty\u00f6ss\u00e4 huolellisesti kehitettyjen suhteiden avulla. Se on IAM:n j\u00e4sen, jolla on 36 vuoden kokemus, ja se on FIDI:n akkreditoima.<\/p>\n<p>Transportation Worldwide tarjoaa tukea yksityishenkil\u00f6ille, jotka muuttavat, ja yrityksille, jotka siirt\u00e4v\u00e4t ty\u00f6ntekij\u00f6it\u00e4\u00e4n, mik\u00e4 voi sis\u00e4lt\u00e4\u00e4 apua toimintatapoihin, budjettianalyyseihin ja useiden muuttojen edistymisen seurantaan ja raportointiin. He tukevat kansainv\u00e4lisi\u00e4 muuttajia runsaalla tiet\u00e4myksell\u00e4\u00e4n ja kokemuksellaan eri maihin muuttamisesta.<\/p>\n<p>Verkkosivusto: <a href=\"https:\/\/www.twwmove.com\/\" target=\"_blank\" rel=\"noopener\">https:\/\/www.twwmove.com\/<\/a><\/p>","protected":false},"excerpt":{"rendered":"<p>Planning a move can be a stressful time, so why not enlist the help of a moving company to enlighten your load? They can assist with the planning, can pack your belongings and arrange transportation as well as deal with customs if moving internationally. Below we have compiled a list of Texas based removal companies [&hellip;]<\/p>\n","protected":false},"author":4,"featured_media":11236,"parent":190,"menu_order":0,"comment_status":"closed","ping_status":"closed","template":"","meta":{"_genesis_hide_title":false,"_genesis_hide_breadcrumbs":false,"_genesis_hide_singular_image":false,"_genesis_hide_footer_widgets":false,"_genesis_custom_body_class":"","_genesis_custom_post_class":"","_genesis_layout":"","footnotes":""},"class_list":{"0":"post-11668","1":"page","2":"type-page","3":"status-publish","4":"has-post-thumbnail","6":"entry"},"_links":{"self":[{"href":"https:\/\/moverdb.com\/fi\/wp-json\/wp\/v2\/pages\/11668","targetHints":{"allow":["GET"]}}],"collection":[{"href":"https:\/\/moverdb.com\/fi\/wp-json\/wp\/v2\/pages"}],"about":[{"href":"https:\/\/moverdb.com\/fi\/wp-json\/wp\/v2\/types\/page"}],"author":[{"embeddable":true,"href":"https:\/\/moverdb.com\/fi\/wp-json\/wp\/v2\/users\/4"}],"replies":[{"embeddable":true,"href":"https:\/\/moverdb.com\/fi\/wp-json\/wp\/v2\/comments?post=11668"}],"version-history":[{"count":2,"href":"https:\/\/moverdb.com\/fi\/wp-json\/wp\/v2\/pages\/11668\/revisions"}],"predecessor-version":[{"id":11670,"href":"https:\/\/moverdb.com\/fi\/wp-json\/wp\/v2\/pages\/11668\/revisions\/11670"}],"up":[{"embeddable":true,"href":"https:\/\/moverdb.com\/fi\/wp-json\/wp\/v2\/pages\/190"}],"wp:featuredmedia":[{"embeddable":true,"href":"https:\/\/moverdb.com\/fi\/wp-json\/wp\/v2\/media\/11236"}],"wp:attachment":[{"href":"https:\/\/moverdb.com\/fi\/wp-json\/wp\/v2\/media?parent=11668"}],"curies":[{"name":"wp","href":"https:\/\/api.w.org\/{rel}","templated":true}]}}