{"id":11666,"date":"2023-11-29T10:31:41","date_gmt":"2023-11-29T10:31:41","guid":{"rendered":"https:\/\/moverdb.com\/?page_id=11666"},"modified":"2026-01-08T15:24:27","modified_gmt":"2026-01-08T15:24:27","slug":"moving-companies-us-tennessee","status":"publish","type":"page","link":"https:\/\/moverdb.com\/fi\/moving-companies\/moving-companies-us-tennessee\/","title":{"rendered":"3 parasta kansainv\u00e4list\u00e4 muuttoliikett\u00e4 Tennesseess\u00e4"},"content":{"rendered":"<p>Suunnitteletko muuttoa? Silloin palveluntarjoajaksi kannattaa ottaa <a href=\"https:\/\/moverdb.com\/fi\/moving-companies\/\" data-internallinksmanager029f6b8e52c=\"79\" title=\"Top 25 Kansainv\u00e4list\u00e4 muuttoyrityksi\u00e4 verkossa\">muuttofirma<\/a> voisi todella helpottaa ty\u00f6taakkaa. He voivat auttaa muuton suunnittelussa, kuljetusj\u00e4rjestelyiss\u00e4, tavaroiden pakkaamisessa ja kansainv\u00e4listen muuttojen tulliasioiden hoitamisessa. Olemme koonneet alla olevan luettelon <a href=\"https:\/\/moverdb.com\/fi\/moving-to-the-united-states\/moving-to-tennessee\/\" data-internallinksmanager029f6b8e52c=\"406\" title=\"Muutto Tennesseehen? 2023 Elinkustannukset ja muuttovinkit\">Tennessee<\/a> perustuu <a href=\"https:\/\/moverdb.com\/fi\/international-removals\/\" data-internallinksmanager029f6b8e52c=\"27\" title=\"36 Parhaat kansainv\u00e4liset muuttoyritykset Yhdistyneess\u00e4 kuningaskunnassa\">muuttofirmat<\/a> jotka ovat j\u00e4seni\u00e4 <a href=\"https:\/\/moverdb.com\/fi\/iam\/\" data-internallinksmanager029f6b8e52c=\"23\" title=\"Kansainv\u00e4linen muuttajien liitto (IAM) selitetty\">Kansainv\u00e4linen muuttajien liitto<\/a> (IAM) ja\/tai <a href=\"https:\/\/moverdb.com\/fi\/fidi-faim\/\" data-internallinksmanager029f6b8e52c=\"16\" title=\"FIDI &amp; FAIM (FIDI Accredited International Mover) selitettyin\u00e4\">FIDI<\/a> Accredited International Mover (FAIM), joka voi auttaa sinua muutossasi.<\/p>\n<h2><strong>1. Apex Moving &amp; Storage<\/strong><\/h2>\n<p><img loading=\"lazy\" decoding=\"async\" class=\"alignnone size-full wp-image-11256\" src=\"https:\/\/moverdb.com\/wp-content\/uploads\/Apex-Moving-Storage-international-moving-company.png\" alt=\"Apex Moving &amp; Storage kansainv\u00e4linen muuttofirma\" width=\"1440\" height=\"680\" data-wp-pid=\"11256\" srcset=\"https:\/\/moverdb.com\/wp-content\/uploads\/Apex-Moving-Storage-international-moving-company.png 1440w, https:\/\/moverdb.com\/wp-content\/uploads\/Apex-Moving-Storage-international-moving-company-300x142.png 300w, https:\/\/moverdb.com\/wp-content\/uploads\/Apex-Moving-Storage-international-moving-company-1024x484.png 1024w, https:\/\/moverdb.com\/wp-content\/uploads\/Apex-Moving-Storage-international-moving-company-18x9.png 18w, https:\/\/moverdb.com\/wp-content\/uploads\/Apex-Moving-Storage-international-moving-company-600x283.png 600w\" sizes=\"auto, (max-width: 1440px) 100vw, 1440px\" \/><\/p>\n<ul>\n<li>Paikalliset ja pitk\u00e4n matkan siirrot<\/li>\n<li>Kansainv\u00e4liset siirrot<\/li>\n<li>Asuntojen muutot<\/li>\n<li>Kaupalliset siirrot<\/li>\n<li>Yritysten uudelleensijoitukset<\/li>\n<li>T\u00e4ydellinen pakkauspalvelu<\/li>\n<li>Kuljetusj\u00e4rjestelyt<\/li>\n<li>Tulliselvitys<\/li>\n<li>Kuorma-autojen seurantatekniikka<\/li>\n<li>Varastointipalvelut<\/li>\n<\/ul>\n<p>Apex Moving &amp; Storage on vuonna 1972 perustettu muuttofirma, jonka kotipaikka on Antioch. Se on Atlas Interstate Agent, joka yhdist\u00e4\u00e4 sen kansainv\u00e4liseen ammattimaisten muuttajien verkostoon, joka tukee sit\u00e4. He ovat IAM:n j\u00e4sen 45 vuoden kokemuksella.<\/p>\n<p>Apex Moving &amp; Storage vastaa pienist\u00e4 suuriin muuttoihin ja voi luoda budjettiyst\u00e4v\u00e4llisi\u00e4 vaihtoehtoja kaikkiin tarpeisiin. He tarjoavat ovelta ovelle -muuttopalveluja, joihin kuuluu ennen muuttoa j\u00e4rjestett\u00e4v\u00e4 kuuleminen, ja henkil\u00f6kohtainen muuttokoordinaattori annetaan tukenasi. He tarjoavat t\u00e4yden pakkauspalvelun ja j\u00e4rjest\u00e4v\u00e4t kuljetuksen tulliselvityksineen, jos muutat ulkomaille.<\/p>\n<p>Verkkosivusto: <a href=\"http:\/\/www.apexmoving.com\/\" target=\"_blank\" rel=\"noopener\">http:\/\/www.apexmoving.com\/<\/a><\/p>\n<h2><strong>2. Elizabethin muuttopalvelu<\/strong><\/h2>\n<p><img loading=\"lazy\" decoding=\"async\" class=\"alignnone size-full wp-image-11315\" src=\"https:\/\/moverdb.com\/wp-content\/uploads\/Elizabeths-Moving-Service-international-moving-company.png\" alt=\"Elizabeths Moving Service kansainv\u00e4linen muuttofirma\" width=\"1440\" height=\"675\" data-wp-pid=\"11315\" srcset=\"https:\/\/moverdb.com\/wp-content\/uploads\/Elizabeths-Moving-Service-international-moving-company.png 1440w, https:\/\/moverdb.com\/wp-content\/uploads\/Elizabeths-Moving-Service-international-moving-company-300x141.png 300w, https:\/\/moverdb.com\/wp-content\/uploads\/Elizabeths-Moving-Service-international-moving-company-1024x480.png 1024w, https:\/\/moverdb.com\/wp-content\/uploads\/Elizabeths-Moving-Service-international-moving-company-18x8.png 18w, https:\/\/moverdb.com\/wp-content\/uploads\/Elizabeths-Moving-Service-international-moving-company-600x281.png 600w\" sizes=\"auto, (max-width: 1440px) 100vw, 1440px\" \/><\/p>\n<ul>\n<li>Paikalliset siirrot<\/li>\n<li>Pitk\u00e4n matkan siirrot<\/li>\n<li>Kotitalouksien muutot<\/li>\n<li>Toimisto- ja yrityssiirrot<\/li>\n<li>Mukautettu siirtym\u00e4suunnitelma<\/li>\n<li>Pakkauspalvelu<\/li>\n<li>Kuljetusj\u00e4rjestelyt<\/li>\n<li>Laitteen asennus<\/li>\n<li>Kuvataiteen k\u00e4sittely<\/li>\n<li>Turvalliset varastotilat<\/li>\n<\/ul>\n<p>Elizabeth's Moving Service on muutto- ja varastointiyritys, jonka kotipaikka on Chattanooga. Se on IAM:n j\u00e4sen, jolla on kuuden vuoden kokemus, mik\u00e4 antaa sille muuttoagenttiverkoston, jonka kanssa se voi tehd\u00e4 yhteisty\u00f6t\u00e4 tarjotakseen palveluja toiminta-alueensa ulkopuolella.<\/p>\n<p>Elizabeth's Moving Service tarjoaa kotikatselmuksen tarkan tarjouksen laatimiseksi. He tarjoavat t\u00e4yden palvelun muuttoja, joissa he pakkaavat ja l\u00e4hett\u00e4v\u00e4t tavarasi paikallisiin, kauko- ja kansainv\u00e4lisiin muuttoihin. He tarjoavat korkealaatuisia pakkauspalveluja, joissa koulutetut pakkaajat suojaavat tavarasi kuljetuksen aikana, mik\u00e4 sis\u00e4lt\u00e4\u00e4 puulaatikot hauraille esineille ja kodin suojaamisen muuton aikana.<\/p>\n<p>Verkkosivusto: <a href=\"http:\/\/www.elizabethsmoving.com\" target=\"_blank\" rel=\"noopener\">http:\/\/www.elizabethsmoving.com<\/a><\/p>\n<h2><strong>3. Still Transfer Company<\/strong><\/h2>\n<p><img loading=\"lazy\" decoding=\"async\" class=\"alignnone size-full wp-image-11449\" src=\"https:\/\/moverdb.com\/wp-content\/uploads\/Still-Transfer-Company-international-moving-company.png\" alt=\"Still Transfer Company kansainv\u00e4linen muuttofirma\" width=\"1440\" height=\"677\" data-wp-pid=\"11449\" srcset=\"https:\/\/moverdb.com\/wp-content\/uploads\/Still-Transfer-Company-international-moving-company.png 1440w, https:\/\/moverdb.com\/wp-content\/uploads\/Still-Transfer-Company-international-moving-company-300x141.png 300w, https:\/\/moverdb.com\/wp-content\/uploads\/Still-Transfer-Company-international-moving-company-1024x481.png 1024w, https:\/\/moverdb.com\/wp-content\/uploads\/Still-Transfer-Company-international-moving-company-18x8.png 18w, https:\/\/moverdb.com\/wp-content\/uploads\/Still-Transfer-Company-international-moving-company-600x282.png 600w\" sizes=\"auto, (max-width: 1440px) 100vw, 1440px\" \/><\/p>\n<ul>\n<li>Paikalliset ja pitk\u00e4n matkan siirrot<\/li>\n<li>Kansainv\u00e4liset siirrot<\/li>\n<li>Asuntojen muutot<\/li>\n<li>Kaupalliset ja toimistosiirrot<\/li>\n<li>Pakkauspalvelu<\/li>\n<li>Kuljetusj\u00e4rjestelyt<\/li>\n<li>Tulliv\u00e4litys<\/li>\n<li>Soittimen liikkeet<\/li>\n<li>Turvallinen lyhyt- ja pitk\u00e4aikainen varastointi<\/li>\n<\/ul>\n<p>Still Transfer Company on vuonna 1928 perustettu Kingsportissa toimiva muutto- ja huolintayritys. Se on IAM:n j\u00e4sen, jolla on 95 vuoden kokemus, mik\u00e4 tarjoaa sille maailmanlaajuisen muuttofirmojen verkoston, jonka kanssa se voi tehd\u00e4 yhteisty\u00f6t\u00e4 palvelujen toimittamiseksi.<\/p>\n<p>Still Transfer Company tarjoaa pieni\u00e4 ja suuria muuttopalveluja paikallisiin, kauko- ja kansainv\u00e4lisiin siirtoihin asuin-, liike-, toimisto- ja teollisuussiirtoihin. He tarjoavat muutto- ja pakkauspalveluja, joilla tavarat siirret\u00e4\u00e4n turvallisesti m\u00e4\u00e4r\u00e4np\u00e4\u00e4h\u00e4n, ja he tarjoavat my\u00f6s tulliv\u00e4lityst\u00e4. He tarjoavat my\u00f6s turvallisia varastointitiloja lyhyell\u00e4 tai pitk\u00e4ll\u00e4 aikav\u00e4lill\u00e4.<\/p>\n<p>Verkkosivusto: <a href=\"http:\/\/www.stilltransfer.net\" target=\"_blank\" rel=\"noopener\">http:\/\/www.stilltransfer.net<\/a><\/p>","protected":false},"excerpt":{"rendered":"<p>Are you planning a move? Then engaging the services of a moving company could really help ease the workload. They can assist with planning your move, transportation arrangements, packing your belongings and handling customs on international moves. Below we have compiled a list of Tennessee based removal companies that are members of the International Association [&hellip;]<\/p>\n","protected":false},"author":4,"featured_media":11256,"parent":190,"menu_order":0,"comment_status":"closed","ping_status":"closed","template":"","meta":{"_genesis_hide_title":false,"_genesis_hide_breadcrumbs":false,"_genesis_hide_singular_image":false,"_genesis_hide_footer_widgets":false,"_genesis_custom_body_class":"","_genesis_custom_post_class":"","_genesis_layout":"","footnotes":""},"class_list":{"0":"post-11666","1":"page","2":"type-page","3":"status-publish","4":"has-post-thumbnail","6":"entry"},"_links":{"self":[{"href":"https:\/\/moverdb.com\/fi\/wp-json\/wp\/v2\/pages\/11666","targetHints":{"allow":["GET"]}}],"collection":[{"href":"https:\/\/moverdb.com\/fi\/wp-json\/wp\/v2\/pages"}],"about":[{"href":"https:\/\/moverdb.com\/fi\/wp-json\/wp\/v2\/types\/page"}],"author":[{"embeddable":true,"href":"https:\/\/moverdb.com\/fi\/wp-json\/wp\/v2\/users\/4"}],"replies":[{"embeddable":true,"href":"https:\/\/moverdb.com\/fi\/wp-json\/wp\/v2\/comments?post=11666"}],"version-history":[{"count":1,"href":"https:\/\/moverdb.com\/fi\/wp-json\/wp\/v2\/pages\/11666\/revisions"}],"predecessor-version":[{"id":11667,"href":"https:\/\/moverdb.com\/fi\/wp-json\/wp\/v2\/pages\/11666\/revisions\/11667"}],"up":[{"embeddable":true,"href":"https:\/\/moverdb.com\/fi\/wp-json\/wp\/v2\/pages\/190"}],"wp:featuredmedia":[{"embeddable":true,"href":"https:\/\/moverdb.com\/fi\/wp-json\/wp\/v2\/media\/11256"}],"wp:attachment":[{"href":"https:\/\/moverdb.com\/fi\/wp-json\/wp\/v2\/media?parent=11666"}],"curies":[{"name":"wp","href":"https:\/\/api.w.org\/{rel}","templated":true}]}}