{"id":11659,"date":"2023-11-29T10:20:43","date_gmt":"2023-11-29T10:20:43","guid":{"rendered":"https:\/\/moverdb.com\/?page_id=11659"},"modified":"2026-01-08T15:23:50","modified_gmt":"2026-01-08T15:23:50","slug":"moving-companies-us-south-carolina","status":"publish","type":"page","link":"https:\/\/moverdb.com\/fi\/moving-companies\/moving-companies-us-south-carolina\/","title":{"rendered":"2 Parhaat kansainv\u00e4liset muuttofirmat Etel\u00e4-Carolinassa"},"content":{"rendered":"<p>Muutto voi olla ylivoimaista, koska on niin paljon teht\u00e4v\u00e4\u00e4, kuten suunnittelua, pakkaamista, kuljetuksen j\u00e4rjest\u00e4mist\u00e4 ja ulkomaille muuttaessa tullik\u00e4sittely\u00e4. A <a href=\"https:\/\/moverdb.com\/fi\/moving-companies\/\" data-internallinksmanager029f6b8e52c=\"79\" title=\"Top 25 Kansainv\u00e4list\u00e4 muuttoyrityksi\u00e4 verkossa\">muuttofirma<\/a> voi auttaa sinua joissakin tai kaikissa n\u00e4iss\u00e4 asioissa. Olemme koonneet alla olevan luettelon <a href=\"https:\/\/moverdb.com\/fi\/moving-to-the-united-states\/moving-to-south-carolina\/\" data-internallinksmanager029f6b8e52c=\"408\" title=\"Muutto Etel\u00e4-Carolinaan? 2023 Elinkustannukset ja muuttovinkit\">Etel\u00e4-Carolina<\/a> perustuu <a href=\"https:\/\/moverdb.com\/fi\/international-removals\/\" data-internallinksmanager029f6b8e52c=\"27\" title=\"36 Parhaat kansainv\u00e4liset muuttoyritykset Yhdistyneess\u00e4 kuningaskunnassa\">muuttofirmat<\/a> jotka ovat j\u00e4seni\u00e4 <a href=\"https:\/\/moverdb.com\/fi\/iam\/\" data-internallinksmanager029f6b8e52c=\"23\" title=\"Kansainv\u00e4linen muuttajien liitto (IAM) selitetty\">Kansainv\u00e4linen muuttajien liitto<\/a> (IAM) ja\/tai <a href=\"https:\/\/moverdb.com\/fi\/fidi-faim\/\" data-internallinksmanager029f6b8e52c=\"16\" title=\"FIDI &amp; FAIM (FIDI Accredited International Mover) selitettyin\u00e4\">FIDI<\/a> Accredited International Mover (FAIM), joka voi auttaa sinua muutossasi.<\/p>\n<h2><strong>1. Carrie International Freight Services<\/strong><\/h2>\n<p><img loading=\"lazy\" decoding=\"async\" class=\"alignnone size-full wp-image-11282\" src=\"https:\/\/moverdb.com\/wp-content\/uploads\/Carrie-International-Freight-Services-moving-company.png\" alt=\"Carrie International Freight Services muuttoyritys\" width=\"1440\" height=\"675\" data-wp-pid=\"11282\" srcset=\"https:\/\/moverdb.com\/wp-content\/uploads\/Carrie-International-Freight-Services-moving-company.png 1440w, https:\/\/moverdb.com\/wp-content\/uploads\/Carrie-International-Freight-Services-moving-company-300x141.png 300w, https:\/\/moverdb.com\/wp-content\/uploads\/Carrie-International-Freight-Services-moving-company-1024x480.png 1024w, https:\/\/moverdb.com\/wp-content\/uploads\/Carrie-International-Freight-Services-moving-company-18x8.png 18w, https:\/\/moverdb.com\/wp-content\/uploads\/Carrie-International-Freight-Services-moving-company-600x281.png 600w\" sizes=\"auto, (max-width: 1440px) 100vw, 1440px\" \/><\/p>\n<ul>\n<li>Tuonti- ja vientipalvelut<\/li>\n<li>Kansainv\u00e4linen rahti<\/li>\n<li>Kotitalouksien muutot<\/li>\n<li>Kaupallinen rahti<\/li>\n<li>Henkil\u00f6kohtaiset palvelut<\/li>\n<li>Kuljetusten k\u00e4sittely<\/li>\n<li>Merirahti<\/li>\n<li>Tulliv\u00e4litys<\/li>\n<li>Antiikin k\u00e4sittely<\/li>\n<li><a href=\"https:\/\/moverdb.com\/fi\/car-transport-shipping\/\" data-internallinksmanager029f6b8e52c=\"2\" title=\"2026 Kansainv\u00e4linen autokuljetus ja ajoneuvojen kuljetus tarjoukset\">Ajoneuvojen kuljetus<\/a><\/li>\n<\/ul>\n<p>Carrie International Freight Services on valtameren <a href=\"https:\/\/moverdb.com\/fi\/freight-forwarder\/\" data-internallinksmanager029f6b8e52c=\"17\" title=\"Huolitsijan &amp; NVOCC:n kansainv\u00e4liset kustannukset ja yritykset -opas\">huolitsija<\/a> ja tulliv\u00e4litt\u00e4j\u00e4, jonka p\u00e4\u00e4konttori sijaitsee Charlestonissa. Se tarjoaa palvelujaan koko <a href=\"https:\/\/moverdb.com\/fi\/moving-to-the-united-states\/\" data-internallinksmanager029f6b8e52c=\"94\" title=\"Muutatko Yhdysvaltoihin? 2022 Elinkustannukset ja muuttovinkit\">US<\/a> ja moniin maihin ja monista maista ymp\u00e4ri maailmaa. He ovat IAM:n j\u00e4sen, mink\u00e4 ansiosta heill\u00e4 on k\u00e4yt\u00f6ss\u00e4\u00e4n kansainv\u00e4linen muuttoagenttiverkosto, jonka kanssa he voivat ty\u00f6skennell\u00e4.<\/p>\n<p>Carrie International Freight Services tarjoaa henkil\u00f6kohtaisia ja ammattitaitoisia palveluja, jotka on r\u00e4\u00e4t\u00e4l\u00f6ity asiakkaan tarpeiden mukaan. He tarjoavat merikuljetuspalveluja ainoastaan merirahdilla ja hoitavat kaikki tuonti- ja vientipalvelut monenlaisille tavaroille, kuten kotitaloustavaroille, antiikkiesineille ja moottoriajoneuvoille.<\/p>\n<p>Verkkosivusto: <a href=\"http:\/\/www.cifservices.com\" target=\"_blank\" rel=\"noopener\">http:\/\/www.cifservices.com<\/a><\/p>\n<h2><strong>2. Nilson Van &amp; Storage<\/strong><\/h2>\n<p><img loading=\"lazy\" decoding=\"async\" class=\"alignnone size-full wp-image-11395\" src=\"https:\/\/moverdb.com\/wp-content\/uploads\/Nilson-Van-Storage-international-moving-company.png\" alt=\"Nilson Van &amp; Storage kansainv\u00e4linen muuttofirma\" width=\"1440\" height=\"675\" data-wp-pid=\"11395\" srcset=\"https:\/\/moverdb.com\/wp-content\/uploads\/Nilson-Van-Storage-international-moving-company.png 1440w, https:\/\/moverdb.com\/wp-content\/uploads\/Nilson-Van-Storage-international-moving-company-300x141.png 300w, https:\/\/moverdb.com\/wp-content\/uploads\/Nilson-Van-Storage-international-moving-company-1024x480.png 1024w, https:\/\/moverdb.com\/wp-content\/uploads\/Nilson-Van-Storage-international-moving-company-18x8.png 18w, https:\/\/moverdb.com\/wp-content\/uploads\/Nilson-Van-Storage-international-moving-company-600x281.png 600w\" sizes=\"auto, (max-width: 1440px) 100vw, 1440px\" \/><\/p>\n<ul>\n<li>Paikalliset ja pitk\u00e4n matkan siirrot<\/li>\n<li>Kansainv\u00e4liset siirrot<\/li>\n<li>Asuntojen muutot<\/li>\n<li>Kaupalliset siirrot<\/li>\n<li>Yritysten uudelleensijoitukset<\/li>\n<li>Pakkauspalvelu<\/li>\n<li>Kuljetukset maalla, ilmassa ja merell\u00e4<\/li>\n<li>Ajoneuvojen kuljetus<\/li>\n<li>Vakuutus<\/li>\n<li>S\u00e4ilytysvaihtoehdot<\/li>\n<\/ul>\n<p>Nilson Van &amp; Storage on vuonna 1938 perustettu pakkaus-, muutto- ja varastointiyritys, jonka kotipaikka on Columbia, Etel\u00e4-Carolina. Se on osa Mayflower Movers -yhti\u00f6t\u00e4, joka laajentaa sen muuttoagenttiverkostoa, joka voi tukea sen palvelujen toimittamista yli 160 maahan. He ovat IAM:n j\u00e4sen 85 vuoden kokemuksella.<\/p>\n<p>Nilson Van &amp; Storage tarjoaa pakkauspalvelun, jossa ammattitaitoiset muuttomiehet pakkaavat tavarasi turvallisesti ja laativat yksityiskohtaisen luettelon. He j\u00e4rjest\u00e4v\u00e4t tavaroidesi kuljetuksen seurantatietoineen, jotta tied\u00e4t, miss\u00e4 tavarasi ovat.<\/p>\n<p>Verkkosivusto: <a href=\"http:\/\/www.nilsonvan.com\/\" target=\"_blank\" rel=\"noopener\">http:\/\/www.nilsonvan.com\/<\/a><\/p>","protected":false},"excerpt":{"rendered":"<p>Moving can be overwhelming as there is so much to do such as planning, packing, arranging transport and if moving abroad customs handling. A moving company can assist you with some or all of this. Below we have compiled a list of South Carolina based removal companies that are members of the International Association of [&hellip;]<\/p>\n","protected":false},"author":4,"featured_media":11282,"parent":190,"menu_order":0,"comment_status":"closed","ping_status":"closed","template":"","meta":{"_genesis_hide_title":false,"_genesis_hide_breadcrumbs":false,"_genesis_hide_singular_image":false,"_genesis_hide_footer_widgets":false,"_genesis_custom_body_class":"","_genesis_custom_post_class":"","_genesis_layout":"","footnotes":""},"class_list":{"0":"post-11659","1":"page","2":"type-page","3":"status-publish","4":"has-post-thumbnail","6":"entry"},"_links":{"self":[{"href":"https:\/\/moverdb.com\/fi\/wp-json\/wp\/v2\/pages\/11659","targetHints":{"allow":["GET"]}}],"collection":[{"href":"https:\/\/moverdb.com\/fi\/wp-json\/wp\/v2\/pages"}],"about":[{"href":"https:\/\/moverdb.com\/fi\/wp-json\/wp\/v2\/types\/page"}],"author":[{"embeddable":true,"href":"https:\/\/moverdb.com\/fi\/wp-json\/wp\/v2\/users\/4"}],"replies":[{"embeddable":true,"href":"https:\/\/moverdb.com\/fi\/wp-json\/wp\/v2\/comments?post=11659"}],"version-history":[{"count":1,"href":"https:\/\/moverdb.com\/fi\/wp-json\/wp\/v2\/pages\/11659\/revisions"}],"predecessor-version":[{"id":11660,"href":"https:\/\/moverdb.com\/fi\/wp-json\/wp\/v2\/pages\/11659\/revisions\/11660"}],"up":[{"embeddable":true,"href":"https:\/\/moverdb.com\/fi\/wp-json\/wp\/v2\/pages\/190"}],"wp:featuredmedia":[{"embeddable":true,"href":"https:\/\/moverdb.com\/fi\/wp-json\/wp\/v2\/media\/11282"}],"wp:attachment":[{"href":"https:\/\/moverdb.com\/fi\/wp-json\/wp\/v2\/media?parent=11659"}],"curies":[{"name":"wp","href":"https:\/\/api.w.org\/{rel}","templated":true}]}}