{"id":11656,"date":"2023-11-29T10:42:35","date_gmt":"2023-11-29T10:42:35","guid":{"rendered":"https:\/\/moverdb.com\/?page_id=11656"},"modified":"2026-01-08T15:24:53","modified_gmt":"2026-01-08T15:24:53","slug":"moving-companies-us-seattle","status":"publish","type":"page","link":"https:\/\/moverdb.com\/fi\/moving-companies\/moving-companies-us-seattle\/","title":{"rendered":"4 parasta kansainv\u00e4list\u00e4 muuttoliikett\u00e4 Seattlessa"},"content":{"rendered":"<p>Suunnitteletko muuttoa <a href=\"https:\/\/moverdb.com\/fi\/moving-to-seattle\/\" data-internallinksmanager029f6b8e52c=\"65\" title=\"Muutatko Seattleen? 2022 Elinkustannukset ja muuttovinkit\">Seattle<\/a>? Sitten ty\u00f6llist\u00e4\u00e4 <a href=\"https:\/\/moverdb.com\/fi\/moving-companies\/\" data-internallinksmanager029f6b8e52c=\"79\" title=\"Top 25 Kansainv\u00e4list\u00e4 muuttoyrityksi\u00e4 verkossa\">muuttofirma<\/a> auttaa sinua pakkaamisessa, kuljetuksen j\u00e4rjest\u00e4misess\u00e4 ja tulliasioiden hoitamisessa kansainv\u00e4lisiss\u00e4 muutoissa voi helpottaa muuttoa. Alla on luettelo Seattlessa sijaitsevista yrityksist\u00e4. <a href=\"https:\/\/moverdb.com\/fi\/international-removals\/\" data-internallinksmanager029f6b8e52c=\"27\" title=\"36 Parhaat kansainv\u00e4liset muuttoyritykset Yhdistyneess\u00e4 kuningaskunnassa\">muuttofirmat<\/a> jotka ovat j\u00e4seni\u00e4 <a href=\"https:\/\/moverdb.com\/fi\/iam\/\" data-internallinksmanager029f6b8e52c=\"23\" title=\"Kansainv\u00e4linen muuttajien liitto (IAM) selitetty\">Kansainv\u00e4linen muuttajien liitto<\/a> (IAM) ja\/tai <a href=\"https:\/\/moverdb.com\/fi\/fidi-faim\/\" data-internallinksmanager029f6b8e52c=\"16\" title=\"FIDI &amp; FAIM (FIDI Accredited International Mover) selitettyin\u00e4\">FIDI<\/a> Accredited International Mover (FAIM), joka voi auttaa sinua muutossasi.<\/p>\n<div id=\"ez-toc-container\" class=\"ez-toc-v2_0_82_2 ez-toc-wrap-left counter-hierarchy ez-toc-counter ez-toc-transparent ez-toc-container-direction\">\n<div class=\"ez-toc-title-container\">\n<p class=\"ez-toc-title\" style=\"cursor:inherit\">Jaksot<\/p>\n<span class=\"ez-toc-title-toggle\"><a href=\"#\" class=\"ez-toc-pull-right ez-toc-btn ez-toc-btn-xs ez-toc-btn-default ez-toc-toggle\" aria-label=\"Sis\u00e4llysluettelon vaihtaminen\"><span class=\"ez-toc-js-icon-con\"><span class=\"\"><span class=\"eztoc-hide\" style=\"display:none;\">Toggle<\/span><span class=\"ez-toc-icon-toggle-span\"><svg style=\"fill: #999;color:#999\" xmlns=\"http:\/\/www.w3.org\/2000\/svg\" class=\"list-377408\" width=\"20px\" height=\"20px\" viewbox=\"0 0 24 24\" fill=\"none\"><path d=\"M6 6H4v2h2V6zm14 0H8v2h12V6zM4 11h2v2H4v-2zm16 0H8v2h12v-2zM4 16h2v2H4v-2zm16 0H8v2h12v-2z\" fill=\"currentColor\"><\/path><\/svg><svg style=\"fill: #999;color:#999\" class=\"arrow-unsorted-368013\" xmlns=\"http:\/\/www.w3.org\/2000\/svg\" width=\"10px\" height=\"10px\" viewbox=\"0 0 24 24\" version=\"1.2\" baseprofile=\"tiny\"><path d=\"M18.2 9.3l-6.2-6.3-6.2 6.3c-.2.2-.3.4-.3.7s.1.5.3.7c.2.2.4.3.7.3h11c.3 0 .5-.1.7-.3.2-.2.3-.5.3-.7s-.1-.5-.3-.7zM5.8 14.7l6.2 6.3 6.2-6.3c.2-.2.3-.5.3-.7s-.1-.5-.3-.7c-.2-.2-.4-.3-.7-.3h-11c-.3 0-.5.1-.7.3-.2.2-.3.5-.3.7s.1.5.3.7z\"\/><\/svg><\/span><\/span><\/span><\/a><\/span><\/div>\n<nav><ul class='ez-toc-list ez-toc-list-level-1 eztoc-toggle-hide-by-default' ><li class='ez-toc-page-1 ez-toc-heading-level-2'><a class=\"ez-toc-link ez-toc-heading-1\" href=\"https:\/\/moverdb.com\/fi\/moving-companies\/moving-companies-us-seattle\/#1_Mitchell_Moving_Storage\" >1. Mitchell Moving &amp; Storage<\/a><\/li><li class='ez-toc-page-1 ez-toc-heading-level-2'><a class=\"ez-toc-link ez-toc-heading-2\" href=\"https:\/\/moverdb.com\/fi\/moving-companies\/moving-companies-us-seattle\/#2_Pioneer_Van_Lines\" >2. Pioneer Van Lines<\/a><\/li><li class='ez-toc-page-1 ez-toc-heading-level-2'><a class=\"ez-toc-link ez-toc-heading-3\" href=\"https:\/\/moverdb.com\/fi\/moving-companies\/moving-companies-us-seattle\/#3_Rainier_Overseas_Movers\" >3. Rainier Overseas Movers<\/a><\/li><li class='ez-toc-page-1 ez-toc-heading-level-2'><a class=\"ez-toc-link ez-toc-heading-4\" href=\"https:\/\/moverdb.com\/fi\/moving-companies\/moving-companies-us-seattle\/#4_True_North\" >4. Todellinen pohjoinen<\/a><\/li><\/ul><\/nav><\/div>\n<h2><span class=\"ez-toc-section\" id=\"1_Mitchell_Moving_Storage\"><\/span><strong>1. Mitchell Moving &amp; Storage<\/strong><span class=\"ez-toc-section-end\"><\/span><\/h2>\n<p><img loading=\"lazy\" decoding=\"async\" class=\"alignnone size-full wp-image-11380\" src=\"https:\/\/moverdb.com\/wp-content\/uploads\/Mitchell-Moving-Storage-international-moving-company.png\" alt=\"Mitchell Moving &amp; Storage kansainv\u00e4linen muuttofirma\" width=\"1440\" height=\"680\" data-wp-pid=\"11380\" srcset=\"https:\/\/moverdb.com\/wp-content\/uploads\/Mitchell-Moving-Storage-international-moving-company.png 1440w, https:\/\/moverdb.com\/wp-content\/uploads\/Mitchell-Moving-Storage-international-moving-company-300x142.png 300w, https:\/\/moverdb.com\/wp-content\/uploads\/Mitchell-Moving-Storage-international-moving-company-1024x484.png 1024w, https:\/\/moverdb.com\/wp-content\/uploads\/Mitchell-Moving-Storage-international-moving-company-18x9.png 18w, https:\/\/moverdb.com\/wp-content\/uploads\/Mitchell-Moving-Storage-international-moving-company-600x283.png 600w\" sizes=\"auto, (max-width: 1440px) 100vw, 1440px\" \/><\/p>\n<ul>\n<li>Paikalliset ja osavaltioiden v\u00e4liset siirrot<\/li>\n<li>Kansainv\u00e4liset siirrot<\/li>\n<li>Kotitalouksien muutot<\/li>\n<li>Yritysten uudelleensijoitukset<\/li>\n<li>Liikkuva tutkimus<\/li>\n<li>Henkil\u00f6kohtainen arvio<\/li>\n<li>Pakkauspalvelu<\/li>\n<li>Kuljetusj\u00e4rjestelyt<\/li>\n<li>Tulliv\u00e4litys<\/li>\n<li>Turvallinen varastointi<\/li>\n<\/ul>\n<p>Mitchell Moving &amp; Storage on Seattlessa sijaitseva muuttofirma, jolla on yli 60 vuoden kokemus. Se on osa Atlas Van Lines -muuttofirmaryhm\u00e4\u00e4, jolla on 350 muuttofirman verkosto koko maassa. <a href=\"https:\/\/moverdb.com\/fi\/moving-to-the-united-states\/\" data-internallinksmanager029f6b8e52c=\"94\" title=\"Muutatko Yhdysvaltoihin? 2022 Elinkustannukset ja muuttovinkit\">US<\/a> ja p\u00e4\u00e4sy maailmanlaajuiseen verkostoon. Se on IAM:n j\u00e4sen, jolla on 70 vuoden kokemus.<\/p>\n<p>Mitchell Moving &amp; Storage tarjoaa paikallisia, osavaltioiden v\u00e4lisi\u00e4 ja kansainv\u00e4lisi\u00e4 muuttopalveluja, jotka alkavat muuttokartoituksella, jossa selvitet\u00e4\u00e4n muuttotarpeesi ja laaditaan henkil\u00f6kohtainen arvio. He tarjoavat kansainv\u00e4listen m\u00e4\u00e4r\u00e4ysten mukaisen pakkauspalvelun ja hankkivat kustannustehokkaan kuljetuksen m\u00e4\u00e4r\u00e4np\u00e4\u00e4h\u00e4si, mukaan lukien tulliv\u00e4litys.<\/p>\n<p>Verkkosivusto: <a href=\"https:\/\/www.mitchellmoving.com\/\" target=\"_blank\" rel=\"noopener\">https:\/\/www.mitchellmoving.com\/<\/a><\/p>\n<h2><span class=\"ez-toc-section\" id=\"2_Pioneer_Van_Lines\"><\/span><strong>2. Pioneer Van Lines<\/strong><span class=\"ez-toc-section-end\"><\/span><\/h2>\n<p><img loading=\"lazy\" decoding=\"async\" class=\"alignnone size-full wp-image-11409\" src=\"https:\/\/moverdb.com\/wp-content\/uploads\/Pioneer-Van-Lines-international-moving-company.png\" alt=\"Pioneer Van Lines kansainv\u00e4linen muuttofirma\" width=\"1440\" height=\"659\" data-wp-pid=\"11409\" srcset=\"https:\/\/moverdb.com\/wp-content\/uploads\/Pioneer-Van-Lines-international-moving-company.png 1440w, https:\/\/moverdb.com\/wp-content\/uploads\/Pioneer-Van-Lines-international-moving-company-300x137.png 300w, https:\/\/moverdb.com\/wp-content\/uploads\/Pioneer-Van-Lines-international-moving-company-1024x469.png 1024w, https:\/\/moverdb.com\/wp-content\/uploads\/Pioneer-Van-Lines-international-moving-company-18x8.png 18w, https:\/\/moverdb.com\/wp-content\/uploads\/Pioneer-Van-Lines-international-moving-company-600x275.png 600w\" sizes=\"auto, (max-width: 1440px) 100vw, 1440px\" \/><\/p>\n<ul>\n<li>Kansalliset siirrot<\/li>\n<li>Kansainv\u00e4liset siirrot<\/li>\n<li>Sotilaalliset siirrot<\/li>\n<li>Ovelta ovelle -palvelu<\/li>\n<li>Kuljetusj\u00e4rjestelyt<\/li>\n<li>Tulliselvitys<\/li>\n<li>L\u00e4hetysten seuranta<\/li>\n<li>Ajoneuvojen kuljetus<\/li>\n<li>Vakuutus<\/li>\n<li>Varastointitilat<\/li>\n<\/ul>\n<p>Pioneer Van Lines on erikoistunut muuttofirma, joka palvelee sotilasperheit\u00e4, jotka muuttavat Yhdysvalloissa ja kansainv\u00e4lisesti. Se tarjoaa kansainv\u00e4lisi\u00e4 muuttopalveluja yli 90 maahan kansainv\u00e4listen verkostojensa avulla. Se on IAM:n j\u00e4sen, jolla on 45 vuoden kokemus.<\/p>\n<p>Pioneer Van Lines tarjoaa kokeneita kuljetuskonsultteja, jotka hoitavat muuttosi ovelta ovelle. He auttavat sinua muuttosi hallinnoinnissa ja varmistavat, ett\u00e4 tavarasi ovat kansainv\u00e4listen rajojen ylitt\u00e4vi\u00e4 kuljetuksia koskevien s\u00e4\u00e4nt\u00f6jen mukaisia, ja hoitavat tullij\u00e4rjestelyt. He voivat my\u00f6s auttaa lis\u00e4palveluissa, joihin voi kuulua ajoneuvojen kuljetus, vakuutus ja varastointi.<\/p>\n<p>Verkkosivusto: <a href=\"http:\/\/www.pvln.com\/\" target=\"_blank\" rel=\"noopener\">http:\/\/www.pvln.com\/<\/a><\/p>\n<h2><span class=\"ez-toc-section\" id=\"3_Rainier_Overseas_Movers\"><\/span><strong>3. Rainier Overseas Movers<\/strong><span class=\"ez-toc-section-end\"><\/span><\/h2>\n<p><img loading=\"lazy\" decoding=\"async\" class=\"alignnone size-full wp-image-11417\" src=\"https:\/\/moverdb.com\/wp-content\/uploads\/Rainier-Overseas-Movers-international-moving-company.png\" alt=\"Rainier Overseas Movers kansainv\u00e4linen muuttofirma\" width=\"1440\" height=\"681\" data-wp-pid=\"11417\" srcset=\"https:\/\/moverdb.com\/wp-content\/uploads\/Rainier-Overseas-Movers-international-moving-company.png 1440w, https:\/\/moverdb.com\/wp-content\/uploads\/Rainier-Overseas-Movers-international-moving-company-300x142.png 300w, https:\/\/moverdb.com\/wp-content\/uploads\/Rainier-Overseas-Movers-international-moving-company-1024x484.png 1024w, https:\/\/moverdb.com\/wp-content\/uploads\/Rainier-Overseas-Movers-international-moving-company-18x9.png 18w, https:\/\/moverdb.com\/wp-content\/uploads\/Rainier-Overseas-Movers-international-moving-company-600x284.png 600w\" sizes=\"auto, (max-width: 1440px) 100vw, 1440px\" \/><\/p>\n<ul>\n<li>Kansalliset siirrot<\/li>\n<li>Kansainv\u00e4liset siirrot<\/li>\n<li>Kotitalouksien muutot<\/li>\n<li>Ovelta ovelle -palvelu<\/li>\n<li>Pakkauspalvelu<\/li>\n<li>Kuorma-auto-, lento- tai merikuljetus<\/li>\n<li>S\u00e4ili\u00f6vaihtoehtojen valinta<\/li>\n<li>Tulliselvitys<\/li>\n<li>Vakuutus<\/li>\n<li>Varastointitilat<\/li>\n<\/ul>\n<p>Rainier Overseas Movers on vuonna 1979 perustettu valtakunnallinen kansainv\u00e4lisi\u00e4 muuttopalveluja tarjoavien muuttomiesten verkosto. Heill\u00e4 on vakiintunut muuttovirkailijoiden verkosto, joka tarjoaa kansainv\u00e4lisi\u00e4 ja kansallisia palveluja. He ovat IAM:n j\u00e4sen 36 vuoden kokemuksella.<\/p>\n<p>Rainier Overseas Movers tarjoaa ovelta ovelle -muuttopalvelua, joka auttaa sinua l\u00f6yt\u00e4m\u00e4\u00e4n kustannustehokkaita muuttoratkaisuja, jotka alkavat kotiarviosta. He tarjoavat pakkauspalvelun, joka suojaa tavaroitasi kuljetuksen aikana, ja he j\u00e4rjest\u00e4v\u00e4t kuljetuksen l\u00e4hes mihin tahansa m\u00e4\u00e4r\u00e4np\u00e4\u00e4h\u00e4n kuorma-autolla, lent\u00e4en tai meritse tulliselvityksineen.<\/p>\n<p>Verkkosivusto: <a href=\"https:\/\/www.rainieros.com\/\" target=\"_blank\" rel=\"noopener\">https:\/\/www.rainieros.com\/<\/a><\/p>\n<h2><span class=\"ez-toc-section\" id=\"4_True_North\"><\/span><strong>4. Todellinen pohjoinen<\/strong><span class=\"ez-toc-section-end\"><\/span><\/h2>\n<p><img loading=\"lazy\" decoding=\"async\" class=\"alignnone size-full wp-image-11463\" src=\"https:\/\/moverdb.com\/wp-content\/uploads\/True-North-international-moving-company.png\" alt=\"True North kansainv\u00e4linen muuttofirma\" width=\"1440\" height=\"680\" data-wp-pid=\"11463\" srcset=\"https:\/\/moverdb.com\/wp-content\/uploads\/True-North-international-moving-company.png 1440w, https:\/\/moverdb.com\/wp-content\/uploads\/True-North-international-moving-company-300x142.png 300w, https:\/\/moverdb.com\/wp-content\/uploads\/True-North-international-moving-company-1024x484.png 1024w, https:\/\/moverdb.com\/wp-content\/uploads\/True-North-international-moving-company-18x9.png 18w, https:\/\/moverdb.com\/wp-content\/uploads\/True-North-international-moving-company-600x283.png 600w\" sizes=\"auto, (max-width: 1440px) 100vw, 1440px\" \/><\/p>\n<ul>\n<li>Kansainv\u00e4liset siirrot<\/li>\n<li>Kotitalouksien muutot<\/li>\n<li>R\u00e4\u00e4t\u00e4l\u00f6ity palvelu<\/li>\n<li>Pakkauspalvelu<\/li>\n<li>Kuljetusj\u00e4rjestelyt<\/li>\n<li>Hallintaohjelmisto<\/li>\n<li>Tulliselvitys<\/li>\n<li>Ajoneuvojen kuljetus<\/li>\n<li>Vakuutus<\/li>\n<li>Varastointiratkaisut<\/li>\n<\/ul>\n<p>True North on vuonna 2004 perustettu, Seattlessa sijaitseva ulkomailla toimiva muuttofirma. Yrityksell\u00e4 on korkeasti koulutettuja neuvonantajia ja tarkastettu pitk\u00e4aikaisten yhteisty\u00f6kumppaneiden verkosto, jolla on maailmanlaajuinen ulottuvuus kansainv\u00e4listen muuttojen tukemiseen. He ovat IAM:n j\u00e4sen 19 vuoden kokemuksella.<\/p>\n<p>True North on erikoistunut kansainv\u00e4lisiin muuttoihin ja tarjoaa neuvoa-antavaa tukea, joka auttaa sinua selviytym\u00e4\u00e4n globaalien kuljetusten monimutkaisista kysymyksist\u00e4. He varmistavat, ett\u00e4 sinulla on t\u00e4ydet tiedot, jotta voit tehd\u00e4 oikeita p\u00e4\u00e4t\u00f6ksi\u00e4. North North tarjoaa sinulle r\u00e4\u00e4t\u00e4l\u00f6idyn, tarpeisiisi mukautetun muuttosuunnitelman ja k\u00e4ytt\u00e4\u00e4 ohjelmistoja muuton hallinnointiin.<\/p>\n<p>Verkkosivusto: <a href=\"https:\/\/www.truenorthrelocation.com\/\" target=\"_blank\" rel=\"noopener\">https:\/\/www.truenorthrelocation.com\/<\/a><\/p>","protected":false},"excerpt":{"rendered":"<p>Are you planning a move to or from Seattle? Then employing a moving company to help you with packing, arranging transport and handling customs for international moves can assist in making your move simpler. Below we have compiled a list of Seattle based removal companies that are members of the International Association of Movers (IAM) [&hellip;]<\/p>\n","protected":false},"author":4,"featured_media":11380,"parent":190,"menu_order":0,"comment_status":"closed","ping_status":"closed","template":"","meta":{"_genesis_hide_title":false,"_genesis_hide_breadcrumbs":false,"_genesis_hide_singular_image":false,"_genesis_hide_footer_widgets":false,"_genesis_custom_body_class":"","_genesis_custom_post_class":"","_genesis_layout":"","footnotes":""},"class_list":{"0":"post-11656","1":"page","2":"type-page","3":"status-publish","4":"has-post-thumbnail","6":"entry"},"_links":{"self":[{"href":"https:\/\/moverdb.com\/fi\/wp-json\/wp\/v2\/pages\/11656","targetHints":{"allow":["GET"]}}],"collection":[{"href":"https:\/\/moverdb.com\/fi\/wp-json\/wp\/v2\/pages"}],"about":[{"href":"https:\/\/moverdb.com\/fi\/wp-json\/wp\/v2\/types\/page"}],"author":[{"embeddable":true,"href":"https:\/\/moverdb.com\/fi\/wp-json\/wp\/v2\/users\/4"}],"replies":[{"embeddable":true,"href":"https:\/\/moverdb.com\/fi\/wp-json\/wp\/v2\/comments?post=11656"}],"version-history":[{"count":2,"href":"https:\/\/moverdb.com\/fi\/wp-json\/wp\/v2\/pages\/11656\/revisions"}],"predecessor-version":[{"id":11658,"href":"https:\/\/moverdb.com\/fi\/wp-json\/wp\/v2\/pages\/11656\/revisions\/11658"}],"up":[{"embeddable":true,"href":"https:\/\/moverdb.com\/fi\/wp-json\/wp\/v2\/pages\/190"}],"wp:featuredmedia":[{"embeddable":true,"href":"https:\/\/moverdb.com\/fi\/wp-json\/wp\/v2\/media\/11380"}],"wp:attachment":[{"href":"https:\/\/moverdb.com\/fi\/wp-json\/wp\/v2\/media?parent=11656"}],"curies":[{"name":"wp","href":"https:\/\/api.w.org\/{rel}","templated":true}]}}