{"id":11654,"date":"2023-11-29T10:37:27","date_gmt":"2023-11-29T10:37:27","guid":{"rendered":"https:\/\/moverdb.com\/?page_id=11654"},"modified":"2026-01-08T15:24:52","modified_gmt":"2026-01-08T15:24:52","slug":"moving-companies-us-san-diego","status":"publish","type":"page","link":"https:\/\/moverdb.com\/fi\/moving-companies\/moving-companies-us-san-diego\/","title":{"rendered":"4 parasta kansainv\u00e4list\u00e4 muuttofirmaa San Diegossa"},"content":{"rendered":"<p>Muutto voi olla stressaavaa, kun on niin paljon asioita mietitt\u00e4v\u00e4n\u00e4 ja hoidettavana, joten kannattaa hankkia apua asiantuntijalta. <a href=\"https:\/\/moverdb.com\/fi\/moving-companies\/\" data-internallinksmanager029f6b8e52c=\"79\" title=\"Top 25 Kansainv\u00e4list\u00e4 muuttoyrityksi\u00e4 verkossa\">muuttofirma<\/a> voi todella vaikuttaa. Voit palkata muuttofirman suunnittelemaan ja j\u00e4rjest\u00e4m\u00e4\u00e4n muuton, pakkaamaan ja purkamaan tavarat sek\u00e4 hoitamaan kansainv\u00e4listen muuttojen tullimenettelyt. Alla on luettelo San Diegossa toimivista muuttofirmoista. <a href=\"https:\/\/moverdb.com\/fi\/international-removals\/\" data-internallinksmanager029f6b8e52c=\"27\" title=\"36 Parhaat kansainv\u00e4liset muuttoyritykset Yhdistyneess\u00e4 kuningaskunnassa\">muuttofirmat<\/a> jotka ovat j\u00e4seni\u00e4 <a href=\"https:\/\/moverdb.com\/fi\/iam\/\" data-internallinksmanager029f6b8e52c=\"23\" title=\"Kansainv\u00e4linen muuttajien liitto (IAM) selitetty\">Kansainv\u00e4linen muuttajien liitto<\/a> (IAM) ja\/tai <a href=\"https:\/\/moverdb.com\/fi\/fidi-faim\/\" data-internallinksmanager029f6b8e52c=\"16\" title=\"FIDI &amp; FAIM (FIDI Accredited International Mover) selitettyin\u00e4\">FIDI<\/a> Accredited International Mover (FAIM), joka voi auttaa sinua muutossasi.<\/p>\n<div id=\"ez-toc-container\" class=\"ez-toc-v2_0_82_2 ez-toc-wrap-left counter-hierarchy ez-toc-counter ez-toc-transparent ez-toc-container-direction\">\n<div class=\"ez-toc-title-container\">\n<p class=\"ez-toc-title\" style=\"cursor:inherit\">Jaksot<\/p>\n<span class=\"ez-toc-title-toggle\"><a href=\"#\" class=\"ez-toc-pull-right ez-toc-btn ez-toc-btn-xs ez-toc-btn-default ez-toc-toggle\" aria-label=\"Sis\u00e4llysluettelon vaihtaminen\"><span class=\"ez-toc-js-icon-con\"><span class=\"\"><span class=\"eztoc-hide\" style=\"display:none;\">Toggle<\/span><span class=\"ez-toc-icon-toggle-span\"><svg style=\"fill: #999;color:#999\" xmlns=\"http:\/\/www.w3.org\/2000\/svg\" class=\"list-377408\" width=\"20px\" height=\"20px\" viewbox=\"0 0 24 24\" fill=\"none\"><path d=\"M6 6H4v2h2V6zm14 0H8v2h12V6zM4 11h2v2H4v-2zm16 0H8v2h12v-2zM4 16h2v2H4v-2zm16 0H8v2h12v-2z\" fill=\"currentColor\"><\/path><\/svg><svg style=\"fill: #999;color:#999\" class=\"arrow-unsorted-368013\" xmlns=\"http:\/\/www.w3.org\/2000\/svg\" width=\"10px\" height=\"10px\" viewbox=\"0 0 24 24\" version=\"1.2\" baseprofile=\"tiny\"><path d=\"M18.2 9.3l-6.2-6.3-6.2 6.3c-.2.2-.3.4-.3.7s.1.5.3.7c.2.2.4.3.7.3h11c.3 0 .5-.1.7-.3.2-.2.3-.5.3-.7s-.1-.5-.3-.7zM5.8 14.7l6.2 6.3 6.2-6.3c.2-.2.3-.5.3-.7s-.1-.5-.3-.7c-.2-.2-.4-.3-.7-.3h-11c-.3 0-.5.1-.7.3-.2.2-.3.5-.3.7s.1.5.3.7z\"\/><\/svg><\/span><\/span><\/span><\/a><\/span><\/div>\n<nav><ul class='ez-toc-list ez-toc-list-level-1 eztoc-toggle-hide-by-default' ><li class='ez-toc-page-1 ez-toc-heading-level-2'><a class=\"ez-toc-link ez-toc-heading-1\" href=\"https:\/\/moverdb.com\/fi\/moving-companies\/moving-companies-us-san-diego\/#1_ACE_Relocation_Systems\" >1. ACE Relocation Systems<\/a><\/li><li class='ez-toc-page-1 ez-toc-heading-level-2'><a class=\"ez-toc-link ez-toc-heading-2\" href=\"https:\/\/moverdb.com\/fi\/moving-companies\/moving-companies-us-san-diego\/#2_DeWitt_Move_Worldwide\" >2. DeWitt Move Worldwide<\/a><\/li><li class='ez-toc-page-1 ez-toc-heading-level-2'><a class=\"ez-toc-link ez-toc-heading-3\" href=\"https:\/\/moverdb.com\/fi\/moving-companies\/moving-companies-us-san-diego\/#3_Johnson_Storage_Moving\" >3. Johnson Storage &amp; Moving<\/a><\/li><li class='ez-toc-page-1 ez-toc-heading-level-2'><a class=\"ez-toc-link ez-toc-heading-4\" href=\"https:\/\/moverdb.com\/fi\/moving-companies\/moving-companies-us-san-diego\/#4_Sullivan_Moving_Storage\" >4. Sullivan Moving &amp; Storage<\/a><\/li><\/ul><\/nav><\/div>\n<h2><span class=\"ez-toc-section\" id=\"1_ACE_Relocation_Systems\"><\/span><strong>1. ACE Relocation Systems<\/strong><span class=\"ez-toc-section-end\"><\/span><\/h2>\n<p><img loading=\"lazy\" decoding=\"async\" class=\"alignnone size-full wp-image-11240\" src=\"https:\/\/moverdb.com\/wp-content\/uploads\/ACE-Relocation-Systems-international-moving-company.png\" alt=\"ACE Relocation Systems kansainv\u00e4linen muuttofirma\" width=\"1440\" height=\"680\" data-wp-pid=\"11240\" srcset=\"https:\/\/moverdb.com\/wp-content\/uploads\/ACE-Relocation-Systems-international-moving-company.png 1440w, https:\/\/moverdb.com\/wp-content\/uploads\/ACE-Relocation-Systems-international-moving-company-300x142.png 300w, https:\/\/moverdb.com\/wp-content\/uploads\/ACE-Relocation-Systems-international-moving-company-1024x484.png 1024w, https:\/\/moverdb.com\/wp-content\/uploads\/ACE-Relocation-Systems-international-moving-company-18x9.png 18w, https:\/\/moverdb.com\/wp-content\/uploads\/ACE-Relocation-Systems-international-moving-company-600x283.png 600w\" sizes=\"auto, (max-width: 1440px) 100vw, 1440px\" \/><\/p>\n<ul>\n<li>Paikalliset ja pitk\u00e4n matkan siirrot<\/li>\n<li>Kansainv\u00e4liset siirrot<\/li>\n<li>Asuntojen muutot<\/li>\n<li>Liiketoiminnan siirrot<\/li>\n<li>Yritysten uudelleensijoitukset<\/li>\n<li>Pakkausvaihtoehtojen valikoima<\/li>\n<li>Kuljetusj\u00e4rjestelyt<\/li>\n<li>Ajoneuvojen kuljetus<\/li>\n<li>Vakuutus<\/li>\n<li>Turvallinen lyhyt- ja pitk\u00e4aikainen varastointi<\/li>\n<\/ul>\n<p>ACE Relocation Systems on vuonna 1985 perustettu muutto-, varastointi- ja jakeluyritys, jonka p\u00e4\u00e4konttori sijaitsee San Diegossa ja yhdeks\u00e4n muuta toimipistett\u00e4 alueella. <a href=\"https:\/\/moverdb.com\/fi\/moving-to-the-united-states\/\" data-internallinksmanager029f6b8e52c=\"94\" title=\"Muutatko Yhdysvaltoihin? 2022 Elinkustannukset ja muuttovinkit\">US<\/a>. He ovat Atlas Van Linesin agentti, mik\u00e4 antaa heille p\u00e4\u00e4syn maailmanlaajuiseen agenttiverkostoon. He ovat IAM:n j\u00e4sen 55 vuoden kokemuksella.<\/p>\n<p>ACE Relocation Systems tarjoaa r\u00e4\u00e4t\u00e4l\u00f6ityj\u00e4 muuttopalveluja, joihin kuuluvat kattavat pakkaus- ja purkamispalvelut, osittainen pakkaus ja pelkk\u00e4 kuljetus. Se j\u00e4rjest\u00e4\u00e4 lento- tai konttikuljetukset ja vakuutuksen tavaroillesi kuljetuksen aikana. Se voi my\u00f6s j\u00e4rjest\u00e4\u00e4 erilaisten ajoneuvojen, kuten autojen ja veneiden, kuljetuksen.<\/p>\n<p>Verkkosivusto: <a href=\"https:\/\/www.acerelocation.com\/\" target=\"_blank\" rel=\"noopener\">https:\/\/www.acerelocation.com\/<\/a><\/p>\n<h2><span class=\"ez-toc-section\" id=\"2_DeWitt_Move_Worldwide\"><\/span><strong>2. DeWitt Move Worldwide<\/strong><span class=\"ez-toc-section-end\"><\/span><\/h2>\n<p><img loading=\"lazy\" decoding=\"async\" class=\"alignnone size-full wp-image-11306\" src=\"https:\/\/moverdb.com\/wp-content\/uploads\/DeWitt-Move-Worldwide-international-moving-company.png\" alt=\"DeWitt Move Worldwide kansainv\u00e4linen muuttofirma\" width=\"1440\" height=\"676\" data-wp-pid=\"11306\" srcset=\"https:\/\/moverdb.com\/wp-content\/uploads\/DeWitt-Move-Worldwide-international-moving-company.png 1440w, https:\/\/moverdb.com\/wp-content\/uploads\/DeWitt-Move-Worldwide-international-moving-company-300x141.png 300w, https:\/\/moverdb.com\/wp-content\/uploads\/DeWitt-Move-Worldwide-international-moving-company-1024x481.png 1024w, https:\/\/moverdb.com\/wp-content\/uploads\/DeWitt-Move-Worldwide-international-moving-company-18x8.png 18w, https:\/\/moverdb.com\/wp-content\/uploads\/DeWitt-Move-Worldwide-international-moving-company-600x282.png 600w\" sizes=\"auto, (max-width: 1440px) 100vw, 1440px\" \/><\/p>\n<ul>\n<li>Kansalliset siirrot<\/li>\n<li>Kansainv\u00e4liset siirrot<\/li>\n<li>Asuntojen muutot<\/li>\n<li>Yritysten uudelleensijoitukset<\/li>\n<li>R\u00e4\u00e4t\u00e4l\u00f6ity muuttosuunnitelma<\/li>\n<li>Pakkauspalvelu<\/li>\n<li>Tulliselvitys<\/li>\n<li>Taideteosten k\u00e4sittely<\/li>\n<li>Ajoneuvojen kuljetus<\/li>\n<li>Varastointitilat<\/li>\n<\/ul>\n<p>DeWitt Move Worldwide on vuonna 1927 perustettu siirtopalveluyritys, joka on osa The DeWitt Companies -yhti\u00f6t\u00e4 ja jonka toimipaikka on San Diegossa. Se toimii yli 100 maassa omien sisaryhti\u00f6idens\u00e4 kautta, ja sill\u00e4 on tarkastettujen kansainv\u00e4listen kumppaneiden verkosto. He ovat IAM:n j\u00e4sen, ja heill\u00e4 on 96 vuoden kokemus.<\/p>\n<p>DeWitt Move Worldwide tarjoaa henkil\u00f6kohtaisen tai virtuaalisen muuttoa edelt\u00e4v\u00e4n kartoituksen muuttotarpeidesi arvioimiseksi, ja DeWitt Move Worldwide -asiantuntija hoitaa muuttosi. H\u00e4n m\u00e4\u00e4ritt\u00e4\u00e4 yhdess\u00e4 kanssasi parhaat muuttovaihtoehdot ja laatii r\u00e4\u00e4t\u00e4l\u00f6idyn muuttosuunnitelman budjettiisi sopivaksi.<\/p>\n<p>Verkkosivusto: <a href=\"https:\/\/www.dewittmove.com\" target=\"_blank\" rel=\"noopener\">https:\/\/www.dewittmove.com<\/a><\/p>\n<h2><span class=\"ez-toc-section\" id=\"3_Johnson_Storage_Moving\"><\/span><strong>3. Johnson Storage &amp; Moving<\/strong><span class=\"ez-toc-section-end\"><\/span><\/h2>\n<p><img loading=\"lazy\" decoding=\"async\" class=\"alignnone size-full wp-image-11356\" src=\"https:\/\/moverdb.com\/wp-content\/uploads\/Johnson-Storage-Moving-international-moving-company.png\" alt=\"Johnson Storage &amp; Moving kansainv\u00e4linen muuttofirma\" width=\"1440\" height=\"677\" data-wp-pid=\"11356\" srcset=\"https:\/\/moverdb.com\/wp-content\/uploads\/Johnson-Storage-Moving-international-moving-company.png 1440w, https:\/\/moverdb.com\/wp-content\/uploads\/Johnson-Storage-Moving-international-moving-company-300x141.png 300w, https:\/\/moverdb.com\/wp-content\/uploads\/Johnson-Storage-Moving-international-moving-company-1024x481.png 1024w, https:\/\/moverdb.com\/wp-content\/uploads\/Johnson-Storage-Moving-international-moving-company-18x8.png 18w, https:\/\/moverdb.com\/wp-content\/uploads\/Johnson-Storage-Moving-international-moving-company-600x282.png 600w\" sizes=\"auto, (max-width: 1440px) 100vw, 1440px\" \/><\/p>\n<ul>\n<li>Paikalliset ja osavaltioiden v\u00e4liset siirrot<\/li>\n<li>Kansainv\u00e4liset siirrot<\/li>\n<li>Asuntojen muutot<\/li>\n<li>Kaupalliset siirrot<\/li>\n<li>Yritysten uudelleensijoittaminen<\/li>\n<li>Henkil\u00f6kohtainen muuttokonsultti<\/li>\n<li>Pakkauspalvelu<\/li>\n<li>Kuljetusj\u00e4rjestelyt<\/li>\n<li>Tulliselvitys<\/li>\n<li>Varastointiratkaisut<\/li>\n<\/ul>\n<p>Johnson Storage &amp; Moving on vuodesta 1900 l\u00e4htien toiminut muuttofirma, jolla on 12 toimipistett\u00e4 eri puolilla Yhdysvaltoja, my\u00f6s San Diegossa. Heill\u00e4 on maailmanlaajuinen kumppaniverkosto, jonka avulla he voivat kuljettaa tavaroita yli 200 maahan eri puolilla maailmaa. FIDI on akkreditoinut ne.<\/p>\n<p>Johnson Storage &amp; Moving tarjoaa ilmaisen tarjouksen kotona tai virtuaalisesti, jossa arvioidaan muuton m\u00e4\u00e4r\u00e4. He tarjoavat henkil\u00f6kohtaisen muuttokonsultin, joka auttaa sinua muuton jokaisessa vaiheessa ja laatii henkil\u00f6kohtaisen muuttosuunnitelman. He tarjoavat t\u00e4yden pakkauspalvelun, jolla varmistetaan lastisi turvallisuus ja varmuus, ja hoitavat tulliselvityksen.<\/p>\n<p>Verkkosivusto: <a href=\"https:\/\/www.johnsonstorage.com\" target=\"_blank\" rel=\"noopener\">https:\/\/www.johnsonstorage.com<\/a><\/p>\n<h2><span class=\"ez-toc-section\" id=\"4_Sullivan_Moving_Storage\"><\/span><strong>4. Sullivan Moving &amp; Storage<\/strong><span class=\"ez-toc-section-end\"><\/span><\/h2>\n<p><img loading=\"lazy\" decoding=\"async\" class=\"alignnone size-full wp-image-11451\" src=\"https:\/\/moverdb.com\/wp-content\/uploads\/Sullivan-Moving-Storage-international-moving-company.png\" alt=\"Sullivan Moving &amp; Storage kansainv\u00e4linen muuttofirma\" width=\"1440\" height=\"683\" data-wp-pid=\"11451\" srcset=\"https:\/\/moverdb.com\/wp-content\/uploads\/Sullivan-Moving-Storage-international-moving-company.png 1440w, https:\/\/moverdb.com\/wp-content\/uploads\/Sullivan-Moving-Storage-international-moving-company-300x142.png 300w, https:\/\/moverdb.com\/wp-content\/uploads\/Sullivan-Moving-Storage-international-moving-company-1024x486.png 1024w, https:\/\/moverdb.com\/wp-content\/uploads\/Sullivan-Moving-Storage-international-moving-company-18x9.png 18w, https:\/\/moverdb.com\/wp-content\/uploads\/Sullivan-Moving-Storage-international-moving-company-600x285.png 600w\" sizes=\"auto, (max-width: 1440px) 100vw, 1440px\" \/><\/p>\n<ul>\n<li>Paikalliset ja pitk\u00e4n matkan siirrot<\/li>\n<li>Kansainv\u00e4liset siirrot<\/li>\n<li>Kotitalouksien muutot<\/li>\n<li>Ty\u00f6ntekij\u00f6iden siirrot<\/li>\n<li>Toimiston muutot<\/li>\n<li>Oma muuttokoordinaattori<\/li>\n<li>Pakkauspalvelu<\/li>\n<li>Kuljetuksen j\u00e4rjest\u00e4minen<\/li>\n<li>Tulliselvitys<\/li>\n<li>Lyhytaikainen ja pitk\u00e4aikainen varastointi<\/li>\n<\/ul>\n<p>Sullivan Moving &amp; Storage on vuonna 1912 San Diegossa perustettu muuttofirma, joka on United Van Linesin perustajaj\u00e4sen. Heill\u00e4 on maailmanlaajuinen muuttofirmojen verkosto, jonka ansiosta he voivat siirt\u00e4\u00e4 asiakkaita minne tahansa maailmassa. He ovat IAM:n j\u00e4sen, jolla on 12 vuoden kokemus, ja FIDI on akkreditoinut heid\u00e4t.<\/p>\n<p>Sullivan Moving &amp; Storage tarjoaa itsepalveluk\u00e4velyn, virtuaalisen videok\u00e4velyn tai kotik\u00e4ynnin, jonka avulla voit arvioida muuttovolyymisi ja laatia tarjouksen. He suunnittelevat muuton ja tarjoavat sinulle muuttokoordinaattorin, joka auttaa sinua prosessin kaikissa vaiheissa. He tarjoavat pakkauspalveluja, kuljetuspalveluja ja tullik\u00e4sittely\u00e4.<\/p>\n<p>Verkkosivusto: <a href=\"http:\/\/www.sullivanunited.com\" target=\"_blank\" rel=\"noopener\">http:\/\/www.sullivanunited.com<\/a><\/p>","protected":false},"excerpt":{"rendered":"<p>Moving can get stressful with so many things to think about and manage, so getting some help from a moving company can really make a difference. You can engage a moving company to plan and organise your move, pack and unpack, and manage customs procedures for international moves. Below we have compiled a list of [&hellip;]<\/p>\n","protected":false},"author":4,"featured_media":11240,"parent":190,"menu_order":0,"comment_status":"closed","ping_status":"closed","template":"","meta":{"_genesis_hide_title":false,"_genesis_hide_breadcrumbs":false,"_genesis_hide_singular_image":false,"_genesis_hide_footer_widgets":false,"_genesis_custom_body_class":"","_genesis_custom_post_class":"","_genesis_layout":"","footnotes":""},"class_list":{"0":"post-11654","1":"page","2":"type-page","3":"status-publish","4":"has-post-thumbnail","6":"entry"},"_links":{"self":[{"href":"https:\/\/moverdb.com\/fi\/wp-json\/wp\/v2\/pages\/11654","targetHints":{"allow":["GET"]}}],"collection":[{"href":"https:\/\/moverdb.com\/fi\/wp-json\/wp\/v2\/pages"}],"about":[{"href":"https:\/\/moverdb.com\/fi\/wp-json\/wp\/v2\/types\/page"}],"author":[{"embeddable":true,"href":"https:\/\/moverdb.com\/fi\/wp-json\/wp\/v2\/users\/4"}],"replies":[{"embeddable":true,"href":"https:\/\/moverdb.com\/fi\/wp-json\/wp\/v2\/comments?post=11654"}],"version-history":[{"count":1,"href":"https:\/\/moverdb.com\/fi\/wp-json\/wp\/v2\/pages\/11654\/revisions"}],"predecessor-version":[{"id":11655,"href":"https:\/\/moverdb.com\/fi\/wp-json\/wp\/v2\/pages\/11654\/revisions\/11655"}],"up":[{"embeddable":true,"href":"https:\/\/moverdb.com\/fi\/wp-json\/wp\/v2\/pages\/190"}],"wp:featuredmedia":[{"embeddable":true,"href":"https:\/\/moverdb.com\/fi\/wp-json\/wp\/v2\/media\/11240"}],"wp:attachment":[{"href":"https:\/\/moverdb.com\/fi\/wp-json\/wp\/v2\/media?parent=11654"}],"curies":[{"name":"wp","href":"https:\/\/api.w.org\/{rel}","templated":true}]}}