{"id":11651,"date":"2023-11-29T10:38:44","date_gmt":"2023-11-29T10:38:44","guid":{"rendered":"https:\/\/moverdb.com\/?page_id=11651"},"modified":"2026-01-08T15:24:50","modified_gmt":"2026-01-08T15:24:50","slug":"moving-companies-us-pennsylvania","status":"publish","type":"page","link":"https:\/\/moverdb.com\/fi\/moving-companies\/moving-companies-us-pennsylvania\/","title":{"rendered":"4 parasta kansainv\u00e4list\u00e4 muuttoliikett\u00e4 Pennsylvaniassa"},"content":{"rendered":"<p>Muuton yhteydess\u00e4 on paljon teht\u00e4v\u00e4\u00e4, kuten organisointia, pakkaamista, kuljetuksen j\u00e4rjest\u00e4mist\u00e4 ja tullin hoitamista, jos muutat ulkomaille, mutta sinun ei tarvitse tehd\u00e4 t\u00e4t\u00e4 yksin. A <a href=\"https:\/\/moverdb.com\/fi\/moving-companies\/\" data-internallinksmanager029f6b8e52c=\"79\" title=\"Top 25 Kansainv\u00e4list\u00e4 muuttoyrityksi\u00e4 verkossa\">muuttofirma<\/a> voi auttaa kaikissa tai joissakin n\u00e4ist\u00e4 teht\u00e4vist\u00e4 muuton helpottamiseksi. Alla on luettelo seuraavista <a href=\"https:\/\/moverdb.com\/fi\/moving-to-the-united-states\/moving-to-pennsylvania\/\" data-internallinksmanager029f6b8e52c=\"404\" title=\"Muutatko Pennsylvaniaan? 2023 Elinkustannukset ja muuttovinkit\">Pennsylvania<\/a> perustuu <a href=\"https:\/\/moverdb.com\/fi\/international-removals\/\" data-internallinksmanager029f6b8e52c=\"27\" title=\"36 Parhaat kansainv\u00e4liset muuttoyritykset Yhdistyneess\u00e4 kuningaskunnassa\">muuttofirmat<\/a> jotka ovat j\u00e4seni\u00e4 <a href=\"https:\/\/moverdb.com\/fi\/iam\/\" data-internallinksmanager029f6b8e52c=\"23\" title=\"Kansainv\u00e4linen muuttajien liitto (IAM) selitetty\">Kansainv\u00e4linen muuttajien liitto<\/a> (IAM) ja\/tai <a href=\"https:\/\/moverdb.com\/fi\/fidi-faim\/\" data-internallinksmanager029f6b8e52c=\"16\" title=\"FIDI &amp; FAIM (FIDI Accredited International Mover) selitettyin\u00e4\">FIDI<\/a> Accredited International Mover (FAIM), joka voi auttaa sinua muutossasi.<\/p>\n<div id=\"ez-toc-container\" class=\"ez-toc-v2_0_82_2 ez-toc-wrap-left counter-hierarchy ez-toc-counter ez-toc-transparent ez-toc-container-direction\">\n<div class=\"ez-toc-title-container\">\n<p class=\"ez-toc-title\" style=\"cursor:inherit\">Jaksot<\/p>\n<span class=\"ez-toc-title-toggle\"><a href=\"#\" class=\"ez-toc-pull-right ez-toc-btn ez-toc-btn-xs ez-toc-btn-default ez-toc-toggle\" aria-label=\"Sis\u00e4llysluettelon vaihtaminen\"><span class=\"ez-toc-js-icon-con\"><span class=\"\"><span class=\"eztoc-hide\" style=\"display:none;\">Toggle<\/span><span class=\"ez-toc-icon-toggle-span\"><svg style=\"fill: #999;color:#999\" xmlns=\"http:\/\/www.w3.org\/2000\/svg\" class=\"list-377408\" width=\"20px\" height=\"20px\" viewbox=\"0 0 24 24\" fill=\"none\"><path d=\"M6 6H4v2h2V6zm14 0H8v2h12V6zM4 11h2v2H4v-2zm16 0H8v2h12v-2zM4 16h2v2H4v-2zm16 0H8v2h12v-2z\" fill=\"currentColor\"><\/path><\/svg><svg style=\"fill: #999;color:#999\" class=\"arrow-unsorted-368013\" xmlns=\"http:\/\/www.w3.org\/2000\/svg\" width=\"10px\" height=\"10px\" viewbox=\"0 0 24 24\" version=\"1.2\" baseprofile=\"tiny\"><path d=\"M18.2 9.3l-6.2-6.3-6.2 6.3c-.2.2-.3.4-.3.7s.1.5.3.7c.2.2.4.3.7.3h11c.3 0 .5-.1.7-.3.2-.2.3-.5.3-.7s-.1-.5-.3-.7zM5.8 14.7l6.2 6.3 6.2-6.3c.2-.2.3-.5.3-.7s-.1-.5-.3-.7c-.2-.2-.4-.3-.7-.3h-11c-.3 0-.5.1-.7.3-.2.2-.3.5-.3.7s.1.5.3.7z\"\/><\/svg><\/span><\/span><\/span><\/a><\/span><\/div>\n<nav><ul class='ez-toc-list ez-toc-list-level-1 eztoc-toggle-hide-by-default' ><li class='ez-toc-page-1 ez-toc-heading-level-2'><a class=\"ez-toc-link ez-toc-heading-1\" href=\"https:\/\/moverdb.com\/fi\/moving-companies\/moving-companies-us-pennsylvania\/#1_Aires\" >1. Aires<\/a><\/li><li class='ez-toc-page-1 ez-toc-heading-level-2'><a class=\"ez-toc-link ez-toc-heading-2\" href=\"https:\/\/moverdb.com\/fi\/moving-companies\/moving-companies-us-pennsylvania\/#2_Champion_International_Moving\" >2. Champion International Moving<\/a><\/li><li class='ez-toc-page-1 ez-toc-heading-level-2'><a class=\"ez-toc-link ez-toc-heading-3\" href=\"https:\/\/moverdb.com\/fi\/moving-companies\/moving-companies-us-pennsylvania\/#3_Movers_Specialty_Service\" >3. Liikkujien erikoispalvelu<\/a><\/li><li class='ez-toc-page-1 ez-toc-heading-level-2'><a class=\"ez-toc-link ez-toc-heading-4\" href=\"https:\/\/moverdb.com\/fi\/moving-companies\/moving-companies-us-pennsylvania\/#4_Reads_Moving_Systems\" >4. Lukee liikkuvat j\u00e4rjestelm\u00e4t<\/a><\/li><\/ul><\/nav><\/div>\n<h2><span class=\"ez-toc-section\" id=\"1_Aires\"><\/span><strong>1. Aires<\/strong><span class=\"ez-toc-section-end\"><\/span><\/h2>\n<p><img loading=\"lazy\" decoding=\"async\" class=\"alignnone size-full wp-image-11247\" src=\"https:\/\/moverdb.com\/wp-content\/uploads\/Aires-international-moving-company.png\" alt=\"Airesin kansainv\u00e4linen muuttofirma\" width=\"1440\" height=\"678\" data-wp-pid=\"11247\" srcset=\"https:\/\/moverdb.com\/wp-content\/uploads\/Aires-international-moving-company.png 1440w, https:\/\/moverdb.com\/wp-content\/uploads\/Aires-international-moving-company-300x141.png 300w, https:\/\/moverdb.com\/wp-content\/uploads\/Aires-international-moving-company-1024x482.png 1024w, https:\/\/moverdb.com\/wp-content\/uploads\/Aires-international-moving-company-18x8.png 18w, https:\/\/moverdb.com\/wp-content\/uploads\/Aires-international-moving-company-600x283.png 600w\" sizes=\"auto, (max-width: 1440px) 100vw, 1440px\" \/><\/p>\n<ul>\n<li>Kansalliset siirrot<\/li>\n<li>Kansainv\u00e4liset siirrot<\/li>\n<li>Kotitalouksien muutot<\/li>\n<li>Ty\u00f6ntekij\u00f6iden siirrot<\/li>\n<li>L\u00e4ht\u00f6palvelut<\/li>\n<li>Kohde- ja kotiutumispalvelut<\/li>\n<li>Maahanmuuttopalvelut<\/li>\n<li>Kiinteist\u00f6palvelut<\/li>\n<li>Kouluhaku<\/li>\n<li>Kulttuuri- ja kielikoulutus<\/li>\n<\/ul>\n<p>Aires on vuonna 1981 perustettu siirto- ja huolintayritys, jonka p\u00e4\u00e4konttori sijaitsee Pittsburghissa ja viisi muuta <a href=\"https:\/\/moverdb.com\/fi\/moving-to-the-united-states\/\" data-internallinksmanager029f6b8e52c=\"94\" title=\"Muutatko Yhdysvaltoihin? 2022 Elinkustannukset ja muuttovinkit\">US<\/a> toimistot ja kansainv\u00e4liset toimistot <a href=\"https:\/\/moverdb.com\/fi\/moving-to-hong-kong\/\" data-internallinksmanager029f6b8e52c=\"350\" title=\"Muutatko Hongkongiin? 2023 Elinkustannukset ja muuttovinkit\">Hong Kong<\/a>, Lontoo, <a href=\"https:\/\/moverdb.com\/fi\/moving-to-singapore\/\" data-internallinksmanager029f6b8e52c=\"68\" title=\"Muutto Singaporeen? 2022 Elinkustannukset ja muuttovinkit\">Singapore<\/a>, Shanghai ja Mumbai. Heill\u00e4 on laaja luotettavien palveluntarjoajien verkosto tukenaan. He ovat IAM:n j\u00e4sen 42 vuoden kokemuksella, ja FIDI on akkreditoinut heid\u00e4t.<\/p>\n<p>Aires on erikoistunut tukemaan yrityksi\u00e4 niiden ty\u00f6ntekij\u00f6iden siirt\u00e4misess\u00e4 ja tarjoaa monenlaisia palveluja, jotka auttavat ty\u00f6ntekij\u00f6it\u00e4 muutossa ja uuteen kotiin asettumisessa. Heid\u00e4n palveluihinsa kuuluvat l\u00e4ht\u00f6palvelut, kuten muutto ja maahanmuutto, ja kohdepalvelut, kuten asunnon ja koulun l\u00f6yt\u00e4minen.<\/p>\n<p>Verkkosivusto: <a href=\"https:\/\/www.aires.com\/\" target=\"_blank\" rel=\"noopener\">https:\/\/www.aires.com\/<\/a><\/p>\n<h2><span class=\"ez-toc-section\" id=\"2_Champion_International_Moving\"><\/span><strong>2. Champion International Moving<\/strong><span class=\"ez-toc-section-end\"><\/span><\/h2>\n<p><img loading=\"lazy\" decoding=\"async\" class=\"alignnone size-full wp-image-11285\" src=\"https:\/\/moverdb.com\/wp-content\/uploads\/Champion-International-Moving-company.png\" alt=\"Champion Kansainv\u00e4linen muuttofirma\" width=\"1440\" height=\"676\" data-wp-pid=\"11285\" srcset=\"https:\/\/moverdb.com\/wp-content\/uploads\/Champion-International-Moving-company.png 1440w, https:\/\/moverdb.com\/wp-content\/uploads\/Champion-International-Moving-company-300x141.png 300w, https:\/\/moverdb.com\/wp-content\/uploads\/Champion-International-Moving-company-1024x481.png 1024w, https:\/\/moverdb.com\/wp-content\/uploads\/Champion-International-Moving-company-18x8.png 18w, https:\/\/moverdb.com\/wp-content\/uploads\/Champion-International-Moving-company-600x282.png 600w\" sizes=\"auto, (max-width: 1440px) 100vw, 1440px\" \/><\/p>\n<ul>\n<li>Kansalliset siirrot<\/li>\n<li>Kansainv\u00e4liset siirrot<\/li>\n<li>Asuntojen muutot<\/li>\n<li>Liiketoiminnan siirrot<\/li>\n<li>Asiantuntija, joka on erikoistunut muuttoon<\/li>\n<li>Pakkauspalvelu<\/li>\n<li>Lemmikkiel\u00e4inten siirrot<\/li>\n<li>Ajoneuvojen kuljetus<\/li>\n<li>Vakuutus<\/li>\n<li>Varastointipalvelut<\/li>\n<\/ul>\n<p>Champion International Moving on vuonna 1991 perustettu muutonhallintayhti\u00f6, jonka kotipaikka on Pittsburgh. Se on osa <a href=\"https:\/\/moverdb.com\/fi\/harmony-relocation-network\/\" data-internallinksmanager029f6b8e52c=\"20\" title=\"Harmony Relocation Network (HRN) selitetty\">Harmony Relocation Network<\/a> mik\u00e4 tarkoittaa, ett\u00e4 ne toimivat sosiaalisesti vastuullisesti ja niill\u00e4 on verkosto muuttofirmoja, joiden kanssa ne voivat ty\u00f6skennell\u00e4 samalla tavalla. Yritys on IAM:n j\u00e4sen, jolla on 32 vuoden kokemus, ja se on FIDI:n akkreditoima.<\/p>\n<p>Champion International Moving tarjoaa kansallisia ja kansainv\u00e4lisi\u00e4 muuttoja yksityis- ja yritysasiakkaille, joilla on yksi yhteyshenkil\u00f6, joka on omistautunut muuttoasiantuntija. He tarjoavat pakkauspalvelua tavaroittenne suojaamiseksi, j\u00e4rjest\u00e4v\u00e4t kuljetuksen ja purkavat tavarat saapuessaan.<\/p>\n<p>Verkkosivusto: <a href=\"http:\/\/www.champmove.com\" target=\"_blank\" rel=\"noopener\">http:\/\/www.champmove.com<\/a><\/p>\n<h2><span class=\"ez-toc-section\" id=\"3_Movers_Specialty_Service\"><\/span><strong>3. Liikkujien erikoispalvelu<\/strong><span class=\"ez-toc-section-end\"><\/span><\/h2>\n<p><img loading=\"lazy\" decoding=\"async\" class=\"alignnone size-full wp-image-11384\" src=\"https:\/\/moverdb.com\/wp-content\/uploads\/Movers-Specialty-Service-international-moving-company.png\" alt=\"Movers Specialty Service kansainv\u00e4linen muuttofirma\" width=\"1440\" height=\"677\" data-wp-pid=\"11384\" srcset=\"https:\/\/moverdb.com\/wp-content\/uploads\/Movers-Specialty-Service-international-moving-company.png 1440w, https:\/\/moverdb.com\/wp-content\/uploads\/Movers-Specialty-Service-international-moving-company-300x141.png 300w, https:\/\/moverdb.com\/wp-content\/uploads\/Movers-Specialty-Service-international-moving-company-1024x481.png 1024w, https:\/\/moverdb.com\/wp-content\/uploads\/Movers-Specialty-Service-international-moving-company-18x8.png 18w, https:\/\/moverdb.com\/wp-content\/uploads\/Movers-Specialty-Service-international-moving-company-600x282.png 600w\" sizes=\"auto, (max-width: 1440px) 100vw, 1440px\" \/><\/p>\n<ul>\n<li>Kansalliset palvelut<\/li>\n<li>Kotitalouksien muuttopalvelut<\/li>\n<li>Kaupalliset muuttopalvelut<\/li>\n<li>Muuton hallinta paikan p\u00e4\u00e4ll\u00e4<\/li>\n<li>Pakkauspalvelut<\/li>\n<li>Kuvataiteen k\u00e4sittely<\/li>\n<li>Huonekalujen purkaminen ja kokoaminen<\/li>\n<li>Poisto- ja asennuspalvelut<\/li>\n<li>Erikoistuotteiden siirtopalvelut<\/li>\n<li>Siivouspalvelu<\/li>\n<\/ul>\n<p>Movers Specialty Service on vuonna 1978 perustettu, Montgomeryvilless\u00e4 sijaitseva kolmannen osapuolen muuttopalveluyritys. Se tarjoaa palveluja kaikkialla Yhdysvalloissa k\u00e4ytt\u00e4en huolellisesti kuratoitua koulutettujen ammattilaisten verkostoa. He ovat IAM:n j\u00e4sen 45 vuoden kokemuksella.<\/p>\n<p>Movers Specialty Service tarjoaa asiantuntijatukipalveluja muuttajille ja muuttoyrityksille niiden l\u00e4ht\u00f6- tai m\u00e4\u00e4r\u00e4paikassa Yhdysvalloissa. Ne tarjoavat erikoismuuttopalveluja, joihin kuuluvat laitteiden irrottaminen\/kytkeminen, laitteiden ja huonekalujen purkaminen\/koontaminen, televisioiden irrottaminen\/asentaminen, kalusteiden irrottaminen\/asentaminen ja tavaroiden laatikointi. He voivat my\u00f6s siirt\u00e4\u00e4 hauraita ja tilaa vievi\u00e4 esineit\u00e4, kuten pianoja ja isois\u00e4kelloja.<\/p>\n<p>Verkkosivusto: <a href=\"http:\/\/mss1.com\" target=\"_blank\" rel=\"noopener\">http:\/\/mss1.com<\/a><\/p>\n<h2><span class=\"ez-toc-section\" id=\"4_Reads_Moving_Systems\"><\/span><strong>4. Lukee liikkuvat j\u00e4rjestelm\u00e4t<\/strong><span class=\"ez-toc-section-end\"><\/span><\/h2>\n<p><img loading=\"lazy\" decoding=\"async\" class=\"alignnone size-full wp-image-11418\" src=\"https:\/\/moverdb.com\/wp-content\/uploads\/Reads-Moving-Systems-international-moving-company.png\" alt=\"Reads Moving Systems kansainv\u00e4linen muuttofirma\" width=\"1440\" height=\"677\" data-wp-pid=\"11418\" srcset=\"https:\/\/moverdb.com\/wp-content\/uploads\/Reads-Moving-Systems-international-moving-company.png 1440w, https:\/\/moverdb.com\/wp-content\/uploads\/Reads-Moving-Systems-international-moving-company-300x141.png 300w, https:\/\/moverdb.com\/wp-content\/uploads\/Reads-Moving-Systems-international-moving-company-1024x481.png 1024w, https:\/\/moverdb.com\/wp-content\/uploads\/Reads-Moving-Systems-international-moving-company-18x8.png 18w, https:\/\/moverdb.com\/wp-content\/uploads\/Reads-Moving-Systems-international-moving-company-600x282.png 600w\" sizes=\"auto, (max-width: 1440px) 100vw, 1440px\" \/><\/p>\n<ul>\n<li>Paikalliset siirrot<\/li>\n<li>Kansainv\u00e4liset siirrot<\/li>\n<li>Kotitalouksien muutot<\/li>\n<li>Toimisto- ja teollisuussiirrot<\/li>\n<li>Muuttoa edelt\u00e4v\u00e4 suunnittelu<\/li>\n<li>Pakkauspalvelu<\/li>\n<li>H\u00e4kitys<\/li>\n<li>Kuljetuksen j\u00e4rjest\u00e4minen<\/li>\n<li>L\u00e4ht\u00f6- ja m\u00e4\u00e4r\u00e4paikkapalvelut<\/li>\n<li>Varastointitilat<\/li>\n<\/ul>\n<p>Reads Moving Systems on vuonna 1937 perustettu muutto- ja varastointiyritys, jonka kotipaikka on Huntingdon Valley ja toimipisteit\u00e4 on my\u00f6s osoitteessa <a href=\"https:\/\/moverdb.com\/fi\/moving-to-the-united-states\/moving-to-florida\/\" data-internallinksmanager029f6b8e52c=\"331\" title=\"Muutto Floridaan? 2023 Elinkustannukset ja muuttovinkit\">Florida<\/a> ja <a href=\"https:\/\/moverdb.com\/fi\/moving-to-the-united-states\/moving-to-georgia\/\" data-internallinksmanager029f6b8e52c=\"402\" title=\"Muutto Georgiaan? 2023 Elinkustannukset ja muuttovinkit\">Georgia<\/a>. He ovat Atlas Van Linesin agentti, joka tarjoaa heille muuttofirmojen verkoston, jonka kanssa he voivat ty\u00f6skennell\u00e4. He ovat IAM:n j\u00e4sen 50 vuoden kokemuksella.<\/p>\n<p>Reads Moving Systems tarjoaa kilpailukykyisen hinnoittelun muuttopalveluilleen. Se tarjoaa muuttoa edelt\u00e4v\u00e4\u00e4 suunnittelua muutonhallintakoordinaattoreidensa kanssa muuttoj\u00e4rjestelyjen tekemist\u00e4 varten. He tarjoavat pakkaus- ja k\u00e4\u00e4repalvelua tavaroitesi suojaamiseksi ja lastaavat ne konttiin kansainv\u00e4lisi\u00e4 muuttoja varten.<\/p>\n<p>Verkkosivusto: <a href=\"http:\/\/www.readsmoving.com\" target=\"_blank\" rel=\"noopener\">http:\/\/www.readsmoving.com<\/a><\/p>","protected":false},"excerpt":{"rendered":"<p>When you are moving there is so much to do like organising, packing, arranging transportation and managing customs if moving abroad, but you don\u2019t have to do this alone. A moving company can help with all or some of these tasks to make moving easier. Below we have compiled a list of Pennsylvania based removal [&hellip;]<\/p>\n","protected":false},"author":4,"featured_media":11247,"parent":190,"menu_order":0,"comment_status":"closed","ping_status":"closed","template":"","meta":{"_genesis_hide_title":false,"_genesis_hide_breadcrumbs":false,"_genesis_hide_singular_image":false,"_genesis_hide_footer_widgets":false,"_genesis_custom_body_class":"","_genesis_custom_post_class":"","_genesis_layout":"","footnotes":""},"class_list":{"0":"post-11651","1":"page","2":"type-page","3":"status-publish","4":"has-post-thumbnail","6":"entry"},"_links":{"self":[{"href":"https:\/\/moverdb.com\/fi\/wp-json\/wp\/v2\/pages\/11651","targetHints":{"allow":["GET"]}}],"collection":[{"href":"https:\/\/moverdb.com\/fi\/wp-json\/wp\/v2\/pages"}],"about":[{"href":"https:\/\/moverdb.com\/fi\/wp-json\/wp\/v2\/types\/page"}],"author":[{"embeddable":true,"href":"https:\/\/moverdb.com\/fi\/wp-json\/wp\/v2\/users\/4"}],"replies":[{"embeddable":true,"href":"https:\/\/moverdb.com\/fi\/wp-json\/wp\/v2\/comments?post=11651"}],"version-history":[{"count":2,"href":"https:\/\/moverdb.com\/fi\/wp-json\/wp\/v2\/pages\/11651\/revisions"}],"predecessor-version":[{"id":11653,"href":"https:\/\/moverdb.com\/fi\/wp-json\/wp\/v2\/pages\/11651\/revisions\/11653"}],"up":[{"embeddable":true,"href":"https:\/\/moverdb.com\/fi\/wp-json\/wp\/v2\/pages\/190"}],"wp:featuredmedia":[{"embeddable":true,"href":"https:\/\/moverdb.com\/fi\/wp-json\/wp\/v2\/media\/11247"}],"wp:attachment":[{"href":"https:\/\/moverdb.com\/fi\/wp-json\/wp\/v2\/media?parent=11651"}],"curies":[{"name":"wp","href":"https:\/\/api.w.org\/{rel}","templated":true}]}}