{"id":11648,"date":"2023-11-29T10:50:54","date_gmt":"2023-11-29T10:50:54","guid":{"rendered":"https:\/\/moverdb.com\/?page_id=11648"},"modified":"2026-01-08T15:29:25","modified_gmt":"2026-01-08T15:29:25","slug":"moving-companies-us-ohio","status":"publish","type":"page","link":"https:\/\/moverdb.com\/fi\/moving-companies\/moving-companies-us-ohio\/","title":{"rendered":"6 parasta kansainv\u00e4list\u00e4 muuttoa harjoittavaa yrityst\u00e4 Ohiossa"},"content":{"rendered":"<p>Suunnitteletko muuttoa? Silloin kannattaa ehk\u00e4 ottaa palvelukseen asunnonv\u00e4litt\u00e4j\u00e4 <a href=\"https:\/\/moverdb.com\/fi\/moving-companies\/\" data-internallinksmanager029f6b8e52c=\"79\" title=\"Top 25 Kansainv\u00e4list\u00e4 muuttoyrityksi\u00e4 verkossa\">muuttofirma<\/a> v\u00e4hent\u00e4\u00e4 muuttoon liittyv\u00e4\u00e4 ty\u00f6taakkaa ja paineita. He voivat j\u00e4rjest\u00e4\u00e4, pakata ja kuljettaa tavarasi sek\u00e4 hoitaa tullin, jos olet muuttamassa maahan. Olemme koonneet alla olevan luettelon <a href=\"https:\/\/moverdb.com\/fi\/moving-to-the-united-states\/moving-to-ohio\/\" data-internallinksmanager029f6b8e52c=\"409\" title=\"Muutatko Ohioon? 2023 Elinkustannukset ja muuttovinkit\">Ohio<\/a> perustuu <a href=\"https:\/\/moverdb.com\/fi\/international-removals\/\" data-internallinksmanager029f6b8e52c=\"27\" title=\"36 Parhaat kansainv\u00e4liset muuttoyritykset Yhdistyneess\u00e4 kuningaskunnassa\">muuttofirmat<\/a> jotka ovat j\u00e4seni\u00e4 <a href=\"https:\/\/moverdb.com\/fi\/iam\/\" data-internallinksmanager029f6b8e52c=\"23\" title=\"Kansainv\u00e4linen muuttajien liitto (IAM) selitetty\">Kansainv\u00e4linen muuttajien liitto<\/a> (IAM) ja\/tai <a href=\"https:\/\/moverdb.com\/fi\/fidi-faim\/\" data-internallinksmanager029f6b8e52c=\"16\" title=\"FIDI &amp; FAIM (FIDI Accredited International Mover) selitettyin\u00e4\">FIDI<\/a> Accredited International Mover (FAIM), joka voi auttaa sinua muutossasi.<\/p>\n<div id=\"ez-toc-container\" class=\"ez-toc-v2_0_83 ez-toc-wrap-left counter-hierarchy ez-toc-counter ez-toc-transparent ez-toc-container-direction\">\n<div class=\"ez-toc-title-container\">\n<p class=\"ez-toc-title\" style=\"cursor:inherit\">Jaksot<\/p>\n<span class=\"ez-toc-title-toggle\"><a href=\"#\" class=\"ez-toc-pull-right ez-toc-btn ez-toc-btn-xs ez-toc-btn-default ez-toc-toggle\" aria-label=\"Sis\u00e4llysluettelon vaihtaminen\"><span class=\"ez-toc-js-icon-con\"><span class=\"\"><span class=\"eztoc-hide\" style=\"display:none;\">Toggle<\/span><span class=\"ez-toc-icon-toggle-span\"><svg style=\"fill: #999;color:#999\" xmlns=\"http:\/\/www.w3.org\/2000\/svg\" class=\"list-377408\" width=\"20px\" height=\"20px\" viewbox=\"0 0 24 24\" fill=\"none\"><path d=\"M6 6H4v2h2V6zm14 0H8v2h12V6zM4 11h2v2H4v-2zm16 0H8v2h12v-2zM4 16h2v2H4v-2zm16 0H8v2h12v-2z\" fill=\"currentColor\"><\/path><\/svg><svg style=\"fill: #999;color:#999\" class=\"arrow-unsorted-368013\" xmlns=\"http:\/\/www.w3.org\/2000\/svg\" width=\"10px\" height=\"10px\" viewbox=\"0 0 24 24\" version=\"1.2\" baseprofile=\"tiny\"><path d=\"M18.2 9.3l-6.2-6.3-6.2 6.3c-.2.2-.3.4-.3.7s.1.5.3.7c.2.2.4.3.7.3h11c.3 0 .5-.1.7-.3.2-.2.3-.5.3-.7s-.1-.5-.3-.7zM5.8 14.7l6.2 6.3 6.2-6.3c.2-.2.3-.5.3-.7s-.1-.5-.3-.7c-.2-.2-.4-.3-.7-.3h-11c-.3 0-.5.1-.7.3-.2.2-.3.5-.3.7s.1.5.3.7z\"\/><\/svg><\/span><\/span><\/span><\/a><\/span><\/div>\n<nav><ul class='ez-toc-list ez-toc-list-level-1 eztoc-toggle-hide-by-default' ><li class='ez-toc-page-1 ez-toc-heading-level-2'><a class=\"ez-toc-link ez-toc-heading-1\" href=\"https:\/\/moverdb.com\/fi\/moving-companies\/moving-companies-us-ohio\/#1_Andrews_Moving_Storage\" >1. Andrews Moving &amp; Storage<\/a><\/li><li class='ez-toc-page-1 ez-toc-heading-level-2'><a class=\"ez-toc-link ez-toc-heading-2\" href=\"https:\/\/moverdb.com\/fi\/moving-companies\/moving-companies-us-ohio\/#2_Corrigan_Moving_Systems\" >2. Corrigan Moving Systems<\/a><\/li><li class='ez-toc-page-1 ez-toc-heading-level-2'><a class=\"ez-toc-link ez-toc-heading-3\" href=\"https:\/\/moverdb.com\/fi\/moving-companies\/moving-companies-us-ohio\/#3_CSNS_Relocation_Services\" >3. CSNS-siirtopalvelut<\/a><\/li><li class='ez-toc-page-1 ez-toc-heading-level-2'><a class=\"ez-toc-link ez-toc-heading-4\" href=\"https:\/\/moverdb.com\/fi\/moving-companies\/moving-companies-us-ohio\/#4_Letz_Get_Moving\" >4. Letz Get Moving<\/a><\/li><li class='ez-toc-page-1 ez-toc-heading-level-2'><a class=\"ez-toc-link ez-toc-heading-5\" href=\"https:\/\/moverdb.com\/fi\/moving-companies\/moving-companies-us-ohio\/#5_Moving_Ahead_Services\" >5. Moving Ahead -palvelut<\/a><\/li><li class='ez-toc-page-1 ez-toc-heading-level-2'><a class=\"ez-toc-link ez-toc-heading-6\" href=\"https:\/\/moverdb.com\/fi\/moving-companies\/moving-companies-us-ohio\/#6_Planes_Moving_Storage\" >6. Planes Moving &amp; Storage<\/a><\/li><\/ul><\/nav><\/div>\n<h2><span class=\"ez-toc-section\" id=\"1_Andrews_Moving_Storage\"><\/span><strong>1. Andrews Moving &amp; Storage<\/strong><span class=\"ez-toc-section-end\"><\/span><\/h2>\n<p><img loading=\"lazy\" decoding=\"async\" class=\"alignnone size-full wp-image-11255\" src=\"https:\/\/moverdb.com\/wp-content\/uploads\/Andrews-Moving-Storage-international-moving-company.png\" alt=\"Andrews Moving &amp; Storage kansainv\u00e4linen muuttofirma\" width=\"1440\" height=\"679\" data-wp-pid=\"11255\" srcset=\"https:\/\/moverdb.com\/wp-content\/uploads\/Andrews-Moving-Storage-international-moving-company.png 1440w, https:\/\/moverdb.com\/wp-content\/uploads\/Andrews-Moving-Storage-international-moving-company-300x141.png 300w, https:\/\/moverdb.com\/wp-content\/uploads\/Andrews-Moving-Storage-international-moving-company-1024x483.png 1024w, https:\/\/moverdb.com\/wp-content\/uploads\/Andrews-Moving-Storage-international-moving-company-18x8.png 18w, https:\/\/moverdb.com\/wp-content\/uploads\/Andrews-Moving-Storage-international-moving-company-600x283.png 600w\" sizes=\"auto, (max-width: 1440px) 100vw, 1440px\" \/><\/p>\n<ul>\n<li>Paikalliset ja pitk\u00e4n matkan siirrot<\/li>\n<li>Kansainv\u00e4liset siirrot<\/li>\n<li>Asuntojen muutot<\/li>\n<li>Kaupalliset ja toimistosiirrot<\/li>\n<li>Ty\u00f6ntekij\u00f6iden siirrot<\/li>\n<li>Pakkauspalvelu<\/li>\n<li>Kuljetusj\u00e4rjestelyt<\/li>\n<li>Tullin tuki<\/li>\n<li>L\u00e4hetyksen seuranta<\/li>\n<li>Lyhytaikainen ja pitk\u00e4aikainen varastointi<\/li>\n<\/ul>\n<p>Andrews Moving &amp; Storage on vuonna 1908 perustettu perheyritys, jonka kotipaikka on Streetsborossa. Se on United Van Linesin edustaja, jolla on maailmanlaajuinen verkosto muuttoagentteja, jotka toimivat korkeilla standardeilla, joiden kanssa se voi ty\u00f6skennell\u00e4. He ovat IAM:n j\u00e4sen.<\/p>\n<p>Andrews Moving &amp; Storage tarjoaa henkil\u00f6kohtaisia muuttopalveluja, jotka hoitavat koko muuton. He tarjoavat t\u00e4yden pakkauspalvelun, joka suojaa tavarasi kuljetuksen aikana koulutettujen pakkaustiimien avulla. Kun saavut m\u00e4\u00e4r\u00e4np\u00e4\u00e4h\u00e4si, he my\u00f6s purkavat tavarasi. He j\u00e4rjest\u00e4v\u00e4t tavarasi kuljetuksen tullituen kera ja tarjoavat verkkoseurannan.<\/p>\n<p>Verkkosivusto: <a href=\"http:\/\/www.andrewsmoving.com\" target=\"_blank\" rel=\"noopener\">http:\/\/www.andrewsmoving.com<\/a><\/p>\n<h2><span class=\"ez-toc-section\" id=\"2_Corrigan_Moving_Systems\"><\/span><strong>2. Corrigan Moving Systems<\/strong><span class=\"ez-toc-section-end\"><\/span><\/h2>\n<p><img loading=\"lazy\" decoding=\"async\" class=\"alignnone size-full wp-image-11297\" src=\"https:\/\/moverdb.com\/wp-content\/uploads\/Corrigan-Moving-Systems-international-moving-company.png\" alt=\"Corrigan Moving Systems kansainv\u00e4linen muuttofirma\" width=\"1440\" height=\"675\" data-wp-pid=\"11297\" srcset=\"https:\/\/moverdb.com\/wp-content\/uploads\/Corrigan-Moving-Systems-international-moving-company.png 1440w, https:\/\/moverdb.com\/wp-content\/uploads\/Corrigan-Moving-Systems-international-moving-company-300x141.png 300w, https:\/\/moverdb.com\/wp-content\/uploads\/Corrigan-Moving-Systems-international-moving-company-1024x480.png 1024w, https:\/\/moverdb.com\/wp-content\/uploads\/Corrigan-Moving-Systems-international-moving-company-18x8.png 18w, https:\/\/moverdb.com\/wp-content\/uploads\/Corrigan-Moving-Systems-international-moving-company-600x281.png 600w\" sizes=\"auto, (max-width: 1440px) 100vw, 1440px\" \/><\/p>\n<ul>\n<li>Paikalliset ja pitk\u00e4n matkan siirrot<\/li>\n<li>Kansainv\u00e4liset siirrot<\/li>\n<li>Asuntojen muutot<\/li>\n<li>Kaupalliset siirrot<\/li>\n<li>Yritysten uudelleensijoitukset<\/li>\n<li>Ovelta ovelle -palvelu<\/li>\n<li>Pakkauspalvelu<\/li>\n<li>Tullin tuki<\/li>\n<li><a href=\"https:\/\/moverdb.com\/fi\/car-transport-shipping\/\" data-internallinksmanager029f6b8e52c=\"2\" title=\"2026 Kansainv\u00e4linen autokuljetus ja ajoneuvojen kuljetus tarjoukset\">Ajoneuvojen kuljetus<\/a><\/li>\n<li>Varastointipalvelut<\/li>\n<\/ul>\n<p>Corrigan Moving Systems on vuonna 1929 perustettu t\u00e4yden palvelun muutto- ja logistiikkayritys, jolla on 13 toimipistett\u00e4 Ohiossa, <a href=\"https:\/\/moverdb.com\/fi\/moving-to-the-united-states\/moving-to-michigan\/\" data-internallinksmanager029f6b8e52c=\"414\" title=\"Muutto Michiganiin? 2023 Elinkustannukset ja muuttovinkit\">Michigan<\/a>, <a href=\"https:\/\/moverdb.com\/fi\/moving-to-the-united-states\/moving-to-new-york\/\" data-internallinksmanager029f6b8e52c=\"332\" title=\"Muutatko New Yorkiin (osavaltioon)? 2023 Elinkustannukset ja muuttovinkit\">New York<\/a> ja <a href=\"https:\/\/moverdb.com\/fi\/moving-to-the-united-states\/moving-to-pennsylvania\/\" data-internallinksmanager029f6b8e52c=\"404\" title=\"Muutatko Pennsylvaniaan? 2023 Elinkustannukset ja muuttovinkit\">Pennsylvania<\/a>. Heid\u00e4n ohiolaiset toimipisteens\u00e4 ovat Clevelandissa ja Toledossa. He ovat osa United Van Linesia, joka tarjoaa heille muuttoagenttien verkoston, jonka kanssa he voivat ty\u00f6skennell\u00e4. He ovat IAM:n j\u00e4sen 75 vuoden kokemuksella, ja FIDI on akkreditoinut heid\u00e4t.<\/p>\n<p>Corrigan Moving Systems tarjoaa ovelta ovelle -muuttopalveluja yksityis- ja yritysasiakkaille. He tarjoavat yksil\u00f6llisi\u00e4 muuttopaketteja, ja muuttokoordinaattorisi r\u00e4\u00e4t\u00e4l\u00f6i muuttostrategian juuri sinun tilanteeseesi sopivaksi. T\u00e4m\u00e4 alkaa ilmaisella tarjouksella ja paikan p\u00e4\u00e4ll\u00e4 teht\u00e4v\u00e4ll\u00e4 tai virtuaalisella kartoituksella.<\/p>\n<p>Verkkosivusto: <a href=\"https:\/\/www.corriganmoving.com\/\" target=\"_blank\" rel=\"noopener\">https:\/\/www.corriganmoving.com\/<\/a><\/p>\n<h2><span class=\"ez-toc-section\" id=\"3_CSNS_Relocation_Services\"><\/span><strong>3. CSNS-siirtopalvelut<\/strong><span class=\"ez-toc-section-end\"><\/span><\/h2>\n<p><img loading=\"lazy\" decoding=\"async\" class=\"alignnone size-full wp-image-11301\" src=\"https:\/\/moverdb.com\/wp-content\/uploads\/CSNS-Relocation-Services-international-moving-company.png\" alt=\"CSNS Relocation Services kansainv\u00e4linen muuttoyhti\u00f6\" width=\"1440\" height=\"680\" data-wp-pid=\"11301\" srcset=\"https:\/\/moverdb.com\/wp-content\/uploads\/CSNS-Relocation-Services-international-moving-company.png 1440w, https:\/\/moverdb.com\/wp-content\/uploads\/CSNS-Relocation-Services-international-moving-company-300x142.png 300w, https:\/\/moverdb.com\/wp-content\/uploads\/CSNS-Relocation-Services-international-moving-company-1024x484.png 1024w, https:\/\/moverdb.com\/wp-content\/uploads\/CSNS-Relocation-Services-international-moving-company-18x9.png 18w, https:\/\/moverdb.com\/wp-content\/uploads\/CSNS-Relocation-Services-international-moving-company-600x283.png 600w\" sizes=\"auto, (max-width: 1440px) 100vw, 1440px\" \/><\/p>\n<ul>\n<li>Kansalliset siirtopalvelut<\/li>\n<li>Kotitalouksien siirtopalvelut<\/li>\n<li>Alkuper\u00e4palvelut<\/li>\n<li>Matkakohteen palvelut<\/li>\n<li>Ammattimainen pakkaus<\/li>\n<li>Huonekalujen purkaminen ja kokoaminen<\/li>\n<li>Asennuspalvelut<\/li>\n<li>Siivouspalvelu<\/li>\n<li>J\u00e4tteiden poisto<\/li>\n<\/ul>\n<p>CSNS Relocation Services on vuonna 2002 perustettu valtakunnallinen siirtopalveluyritys, joka toimii <a href=\"https:\/\/moverdb.com\/fi\/moving-to-dublin\/\" data-internallinksmanager029f6b8e52c=\"260\" title=\"Muutatko Dubliniin? 2023 Elinkustannukset ja muuttovinkit\">Dublin<\/a>. Heill\u00e4 on laaja verkosto muuttofirmoja, joiden kanssa he tekev\u00e4t yhteisty\u00f6t\u00e4 palvelujensa toimittamiseksi. He ovat IAM:n j\u00e4sen, ja heill\u00e4 on 21 vuoden kokemus.<\/p>\n<p>CSNS Relocation Services tarjoaa kolmannen osapuolen muuttopalveluja, jotka auttavat sinua sek\u00e4 l\u00e4ht\u00f6- ett\u00e4 m\u00e4\u00e4r\u00e4np\u00e4\u00e4ss\u00e4si. <a href=\"https:\/\/moverdb.com\/fi\/moving-to-the-united-states\/\" data-internallinksmanager029f6b8e52c=\"94\" title=\"Muutatko Yhdysvaltoihin? 2022 Elinkustannukset ja muuttovinkit\">US<\/a>. Ne tarjoavat monenlaisia palveluja, joita muuttofirmat eiv\u00e4t useinkaan tarjoa ja jotka auttavat sinua valmistautumaan muuttoon tai asettumaan uuteen kotiin, kuten kodinkoneiden asentaminen, audiovisuaalisten laitteiden asentaminen, kalusteiden asentaminen ja siivouspalvelut.<\/p>\n<p>Verkkosivusto: <a href=\"http:\/\/www.csnsrelo.com\" target=\"_blank\" rel=\"noopener\">http:\/\/www.csnsrelo.com<\/a><\/p>\n<h2><span class=\"ez-toc-section\" id=\"4_Letz_Get_Moving\"><\/span><strong>4. Letz Get Moving<\/strong><span class=\"ez-toc-section-end\"><\/span><\/h2>\n<p><img loading=\"lazy\" decoding=\"async\" class=\"alignnone size-full wp-image-11364\" src=\"https:\/\/moverdb.com\/wp-content\/uploads\/Letz-Get-Moving-international-moving-company.png\" alt=\"Letz Get Moving kansainv\u00e4linen muuttofirma\" width=\"1440\" height=\"674\" data-wp-pid=\"11364\" srcset=\"https:\/\/moverdb.com\/wp-content\/uploads\/Letz-Get-Moving-international-moving-company.png 1440w, https:\/\/moverdb.com\/wp-content\/uploads\/Letz-Get-Moving-international-moving-company-300x140.png 300w, https:\/\/moverdb.com\/wp-content\/uploads\/Letz-Get-Moving-international-moving-company-1024x479.png 1024w, https:\/\/moverdb.com\/wp-content\/uploads\/Letz-Get-Moving-international-moving-company-18x8.png 18w, https:\/\/moverdb.com\/wp-content\/uploads\/Letz-Get-Moving-international-moving-company-600x281.png 600w\" sizes=\"auto, (max-width: 1440px) 100vw, 1440px\" \/><\/p>\n<ul>\n<li>Kansalliset siirrot<\/li>\n<li>Kansainv\u00e4liset siirrot<\/li>\n<li>Kotitalouksien muutot<\/li>\n<li>Ovelta ovelle -palvelu<\/li>\n<li>Pakkauspalvelu<\/li>\n<li>Kuljetus<\/li>\n<li>S\u00e4ili\u00f6vaihtoehtojen valinta<\/li>\n<li>Tulliselvitys<\/li>\n<li>Ajoneuvojen kuljetus<\/li>\n<li>Turvallinen varastointi<\/li>\n<\/ul>\n<p>Letz Get Moving on kaupunkien v\u00e4linen ja kansainv\u00e4linen muuttofirma, jolla on 10 vuoden kokemus, ja sill\u00e4 on toimipisteet Twinsburgissa, Baltimoressa ja Baltimoressa. <a href=\"https:\/\/moverdb.com\/fi\/moving-to-los-angeles\/\" data-internallinksmanager029f6b8e52c=\"51\" title=\"Muutatko Los Angelesiin? 2026 LA:n elinkustannukset ja muuttovinkit\">Los Angeles<\/a>. He ovat IAM:n j\u00e4sen, ja heill\u00e4 on kuuden vuoden kokemus.<\/p>\n<p>Letz Get Moving tarjoaa kattavat muuttopalvelut, jotka hoitavat muuttosi alusta loppuun. He tarjoavat ensisijaisen yhteyshenkil\u00f6n, joka koordinoi ja suunnittelee muuttosi. He pakkaavat tavarasi ammattimaisesti ja tarjoavat mukautettuja laatikkopalveluja. He merkitsev\u00e4t tavarasi ja laativat inventaarioluettelon. Saapuessasi paikalle he purkavat ja kokoavat huonekalut sek\u00e4 poistavat mahdolliset roskat.<\/p>\n<p>Verkkosivusto: <a href=\"http:\/\/www.letzgetmoving.com\" target=\"_blank\" rel=\"noopener\">http:\/\/www.letzgetmoving.com<\/a><\/p>\n<h2><span class=\"ez-toc-section\" id=\"5_Moving_Ahead_Services\"><\/span><strong>5. Moving Ahead -palvelut<\/strong><span class=\"ez-toc-section-end\"><\/span><\/h2>\n<p><img loading=\"lazy\" decoding=\"async\" class=\"alignnone size-full wp-image-11387\" src=\"https:\/\/moverdb.com\/wp-content\/uploads\/Moving-Ahead-Services-international-moving-company.png\" alt=\"Moving Ahead Services kansainv\u00e4linen muuttofirma\" width=\"1440\" height=\"672\" data-wp-pid=\"11387\" srcset=\"https:\/\/moverdb.com\/wp-content\/uploads\/Moving-Ahead-Services-international-moving-company.png 1440w, https:\/\/moverdb.com\/wp-content\/uploads\/Moving-Ahead-Services-international-moving-company-300x140.png 300w, https:\/\/moverdb.com\/wp-content\/uploads\/Moving-Ahead-Services-international-moving-company-1024x478.png 1024w, https:\/\/moverdb.com\/wp-content\/uploads\/Moving-Ahead-Services-international-moving-company-18x8.png 18w, https:\/\/moverdb.com\/wp-content\/uploads\/Moving-Ahead-Services-international-moving-company-600x280.png 600w\" sizes=\"auto, (max-width: 1440px) 100vw, 1440px\" \/><\/p>\n<ul>\n<li>Paikalliset siirrot ja pitk\u00e4n matkan siirrot<\/li>\n<li>Kansainv\u00e4liset siirrot<\/li>\n<li>Kotitalouksien muutot<\/li>\n<li>Kaupalliset siirrot<\/li>\n<li>Yritysten uudelleensijoitukset<\/li>\n<li>R\u00e4\u00e4t\u00e4l\u00f6ity muuttosuunnitelma<\/li>\n<li>Vaihtoehtoina t\u00e4yden palvelun tai pelkk\u00e4 ty\u00f6voima<\/li>\n<li>Pakkauspalvelut<\/li>\n<li>Kuljetuksen j\u00e4rjest\u00e4minen<\/li>\n<li>Varastointitilat<\/li>\n<\/ul>\n<p>Moving Ahead Services on muuttofirma, jolla on toimipisteit\u00e4 Clevelandissa, Columbuksessa, Cincinnatissa, Charlottessa ja Pittsburghissa. He ovat IAM:n j\u00e4sen 18 vuoden kokemuksella, mik\u00e4 antaa heille p\u00e4\u00e4syn muuttovirkailijoiden verkostoon, jonka kanssa he voivat ty\u00f6skennell\u00e4.<\/p>\n<p>Moving Ahead Services t\u00e4ytt\u00e4\u00e4 verkossa tai puhelimitse teht\u00e4v\u00e4n kyselylomakkeen. <a href=\"https:\/\/moverdb.com\/fi\/quotes\/\" data-internallinksmanager029f6b8e52c=\"26\" title=\"Kansainv\u00e4liset muuttolainat: 12 kysymyst\u00e4\">muutto tarjous<\/a>. He laativat r\u00e4\u00e4t\u00e4l\u00f6idyn muuttosuunnitelman, joka vastaa tarpeitasi. He tarjoavat t\u00e4yden palvelun tai pelk\u00e4n ty\u00f6voiman vaihtoehdot pakkaamiseen ja varastointiin sek\u00e4 valikoiman lis\u00e4palveluja. Asiakaspalvelijasi opastaa sinua muutossa ja vaihtoehdoissa.<\/p>\n<p>Verkkosivusto: <a href=\"https:\/\/movingaheadservices.com\/\" target=\"_blank\" rel=\"noopener\">https:\/\/movingaheadservices.com\/<\/a><\/p>\n<h2><span class=\"ez-toc-section\" id=\"6_Planes_Moving_Storage\"><\/span><strong>6. Planes Moving &amp; Storage<\/strong><span class=\"ez-toc-section-end\"><\/span><\/h2>\n<p><img loading=\"lazy\" decoding=\"async\" class=\"alignnone size-full wp-image-11410\" src=\"https:\/\/moverdb.com\/wp-content\/uploads\/Planes-Moving-Storage-international-moving-company.png\" alt=\"Planes Moving &amp; Storage kansainv\u00e4linen muuttofirma\" width=\"1440\" height=\"660\" data-wp-pid=\"11410\" srcset=\"https:\/\/moverdb.com\/wp-content\/uploads\/Planes-Moving-Storage-international-moving-company.png 1440w, https:\/\/moverdb.com\/wp-content\/uploads\/Planes-Moving-Storage-international-moving-company-300x138.png 300w, https:\/\/moverdb.com\/wp-content\/uploads\/Planes-Moving-Storage-international-moving-company-1024x469.png 1024w, https:\/\/moverdb.com\/wp-content\/uploads\/Planes-Moving-Storage-international-moving-company-18x8.png 18w, https:\/\/moverdb.com\/wp-content\/uploads\/Planes-Moving-Storage-international-moving-company-600x275.png 600w\" sizes=\"auto, (max-width: 1440px) 100vw, 1440px\" \/><\/p>\n<ul>\n<li>Paikalliset ja pitk\u00e4n matkan siirrot<\/li>\n<li>Kansainv\u00e4liset siirrot<\/li>\n<li>Kotitalouden muutto<\/li>\n<li>Liiketoiminnan siirrot<\/li>\n<li>Muuton hallinta<\/li>\n<li>Pakkauspalvelu<\/li>\n<li>Lento-, meri- ja rautatieliikenne<\/li>\n<li>Dokumentoinnin tuki<\/li>\n<li>Ajoneuvojen kuljetus<\/li>\n<li>Varastointitilat<\/li>\n<\/ul>\n<p>Planes Moving &amp; Storage on vuonna 1921 perustettu muuttofirma, jolla on toimipisteit\u00e4 Ohiossa Cincinnatissa, Daytonissa ja Columbuksessa sek\u00e4 Indianapolisissa ja New Yorkissa. <a href=\"https:\/\/moverdb.com\/fi\/moving-to-chicago\/\" data-internallinksmanager029f6b8e52c=\"39\" title=\"Muutatko Chicagoon? 2022 Elinkustannukset ja muuttovinkit\">Chicago<\/a>.  He ovat United Van Linesin kumppani, ja heill\u00e4 on vahva yhteisty\u00f6kumppaneiden toimitusketju, jonka avulla he voivat tarjota palvelujaan kansainv\u00e4lisesti. He ovat IAM:n j\u00e4sen 103 vuoden kokemuksella, ja FIDI on akkreditoinut heid\u00e4t.<\/p>\n<p>Planes Moving &amp; Storage tarjoaa kokeneen muuttokoordinaattorin, joka tekee kanssasi yhteisty\u00f6t\u00e4 ja laatii tarpeisiisi sopivan muuttosuunnitelman. He tarjoavat t\u00e4yden pakkauspalvelun koulutetuilla pakkaustiimeill\u00e4 ja suojaavat arvokkaat ja hauraat esineet.<\/p>\n<p>Verkkosivusto: <a href=\"http:\/\/www.planescompanies.com\/\" target=\"_blank\" rel=\"noopener\">http:\/\/www.planescompanies.com\/<\/a><\/p>","protected":false},"excerpt":{"rendered":"<p>Are you planning a move? Then you may want to engage the services of a moving company to reduce the workload and pressure of moving. They can organise, pack and transport your belongings as well as handle customs if you are moving country. Below we have compiled a list of Ohio based removal companies that [&hellip;]<\/p>\n","protected":false},"author":4,"featured_media":11255,"parent":190,"menu_order":0,"comment_status":"closed","ping_status":"closed","template":"","meta":{"_genesis_hide_title":false,"_genesis_hide_breadcrumbs":false,"_genesis_hide_singular_image":false,"_genesis_hide_footer_widgets":false,"_genesis_custom_body_class":"","_genesis_custom_post_class":"","_genesis_layout":"","footnotes":""},"class_list":{"0":"post-11648","1":"page","2":"type-page","3":"status-publish","4":"has-post-thumbnail","6":"entry"},"_links":{"self":[{"href":"https:\/\/moverdb.com\/fi\/wp-json\/wp\/v2\/pages\/11648","targetHints":{"allow":["GET"]}}],"collection":[{"href":"https:\/\/moverdb.com\/fi\/wp-json\/wp\/v2\/pages"}],"about":[{"href":"https:\/\/moverdb.com\/fi\/wp-json\/wp\/v2\/types\/page"}],"author":[{"embeddable":true,"href":"https:\/\/moverdb.com\/fi\/wp-json\/wp\/v2\/users\/4"}],"replies":[{"embeddable":true,"href":"https:\/\/moverdb.com\/fi\/wp-json\/wp\/v2\/comments?post=11648"}],"version-history":[{"count":2,"href":"https:\/\/moverdb.com\/fi\/wp-json\/wp\/v2\/pages\/11648\/revisions"}],"predecessor-version":[{"id":11650,"href":"https:\/\/moverdb.com\/fi\/wp-json\/wp\/v2\/pages\/11648\/revisions\/11650"}],"up":[{"embeddable":true,"href":"https:\/\/moverdb.com\/fi\/wp-json\/wp\/v2\/pages\/190"}],"wp:featuredmedia":[{"embeddable":true,"href":"https:\/\/moverdb.com\/fi\/wp-json\/wp\/v2\/media\/11255"}],"wp:attachment":[{"href":"https:\/\/moverdb.com\/fi\/wp-json\/wp\/v2\/media?parent=11648"}],"curies":[{"name":"wp","href":"https:\/\/api.w.org\/{rel}","templated":true}]}}