{"id":11630,"date":"2023-11-30T14:08:07","date_gmt":"2023-11-30T14:08:07","guid":{"rendered":"https:\/\/moverdb.com\/?page_id=11630"},"modified":"2026-01-08T15:30:26","modified_gmt":"2026-01-08T15:30:26","slug":"moving-company-us-new-mexico","status":"publish","type":"page","link":"https:\/\/moverdb.com\/fi\/moving-companies\/moving-company-us-new-mexico\/","title":{"rendered":"Paras kansainv\u00e4linen muuttoyhti\u00f6 New Mexicossa"},"content":{"rendered":"<p>Kotiin muuttaessasi voi olla stressaavaa aikaa, kun suunnitteluun, pakkaamiseen, kuljetusj\u00e4rjestelyihin ja asiakirjavaatimuksiin liittyy paljon ty\u00f6t\u00e4, jos muutat ulkomaille. Miksi et siis antaisi <a href=\"https:\/\/moverdb.com\/fi\/moving-companies\/\" data-internallinksmanager029f6b8e52c=\"79\" title=\"Top 25 Kansainv\u00e4list\u00e4 muuttoyrityksi\u00e4 verkossa\">muuttofirma<\/a> tehd\u00e4 suuren osan kovasta ty\u00f6st\u00e4 puolestasi? Olemme koonneet alla olevan luettelon <a href=\"https:\/\/moverdb.com\/fi\/moving-to-the-united-states\/moving-to-new-mexico\/\" data-internallinksmanager029f6b8e52c=\"455\" title=\"Muutatko New Mexicoon? 2024 Elinkustannukset ja muuttovinkit\">New Mexico<\/a> perustuu <a href=\"https:\/\/moverdb.com\/fi\/international-removals\/\" data-internallinksmanager029f6b8e52c=\"27\" title=\"36 Parhaat kansainv\u00e4liset muuttoyritykset Yhdistyneess\u00e4 kuningaskunnassa\">muuttofirmat<\/a> jotka ovat j\u00e4seni\u00e4 <a href=\"https:\/\/moverdb.com\/fi\/iam\/\" data-internallinksmanager029f6b8e52c=\"23\" title=\"Kansainv\u00e4linen muuttajien liitto (IAM) selitetty\">Kansainv\u00e4linen muuttajien liitto<\/a> (IAM) ja\/tai <a href=\"https:\/\/moverdb.com\/fi\/fidi-faim\/\" data-internallinksmanager029f6b8e52c=\"16\" title=\"FIDI &amp; FAIM (FIDI Accredited International Mover) selitettyin\u00e4\">FIDI<\/a> Accredited International Mover (FAIM), joka voi auttaa sinua muutossasi.<\/p>\n<h2><strong>Johnson Storage &amp; Moving<\/strong><\/h2>\n<p><img loading=\"lazy\" decoding=\"async\" class=\"alignnone size-full wp-image-11356\" src=\"https:\/\/moverdb.com\/wp-content\/uploads\/Johnson-Storage-Moving-international-moving-company.png\" alt=\"Johnson Storage &amp; Moving kansainv\u00e4linen muuttofirma\" width=\"1440\" height=\"677\" data-wp-pid=\"11356\" srcset=\"https:\/\/moverdb.com\/wp-content\/uploads\/Johnson-Storage-Moving-international-moving-company.png 1440w, https:\/\/moverdb.com\/wp-content\/uploads\/Johnson-Storage-Moving-international-moving-company-300x141.png 300w, https:\/\/moverdb.com\/wp-content\/uploads\/Johnson-Storage-Moving-international-moving-company-1024x481.png 1024w, https:\/\/moverdb.com\/wp-content\/uploads\/Johnson-Storage-Moving-international-moving-company-18x8.png 18w, https:\/\/moverdb.com\/wp-content\/uploads\/Johnson-Storage-Moving-international-moving-company-600x282.png 600w\" sizes=\"auto, (max-width: 1440px) 100vw, 1440px\" \/><\/p>\n<ul>\n<li>Paikalliset ja osavaltioiden v\u00e4liset siirrot<\/li>\n<li>Kansainv\u00e4liset siirrot<\/li>\n<li>Kotitalouksien muutot<\/li>\n<li>Kaupalliset siirrot<\/li>\n<li>Yritysten uudelleensijoitukset<\/li>\n<li>Erityinen muuttokonsultti<\/li>\n<li>Pakkauspalvelu<\/li>\n<li>Kuljetuksen j\u00e4rjest\u00e4minen<\/li>\n<li>Tulliselvitys<\/li>\n<li>Varastointitilat<\/li>\n<\/ul>\n<p>Johnson Storage &amp; Moving on vuonna 1900 perustettu muuttofirma, jolla on 12 toimipistett\u00e4 eri puolilla maata. <a href=\"https:\/\/moverdb.com\/fi\/moving-to-the-united-states\/\" data-internallinksmanager029f6b8e52c=\"94\" title=\"Muutatko Yhdysvaltoihin? 2022 Elinkustannukset ja muuttovinkit\">US<\/a> mukaan lukien Albuquerquen toimipiste. He ty\u00f6skentelev\u00e4t maailmanlaajuisen kumppaniverkoston kanssa, jonka ansiosta he voivat toimia yli 200 maassa eri puolilla maailmaa, ja FIDI on akkreditoinut heid\u00e4t.<\/p>\n<p>Johnson Storage &amp; Moving arvioi muuttotarpeesi tekem\u00e4ll\u00e4 ilmaisen virtuaalisen kartoituksen tai kotik\u00e4ynnin ja antamalla tarjouksen. He tukevat sinua koko muuton ajan erityisen muuttokonsultin avulla ja laativat muuttosuunnitelman. He tarjoavat t\u00e4yden pakkauspalvelun ja j\u00e4rjest\u00e4v\u00e4t kuljetuksen tulliselvityksineen.<\/p>\n<p>Verkkosivusto: <a href=\"https:\/\/johnsonstorage.com\/\" target=\"_blank\" rel=\"noopener\">https:\/\/johnsonstorage.com\/<\/a><\/p>","protected":false},"excerpt":{"rendered":"<p>When you are moving home it can be a stressful time with all the planning, packing, transportation arrangements and documentation requirements if you are moving abroad. So why not let a moving company do a lot of the hard work for you? Below we have compiled a list of New Mexico based removal companies that [&hellip;]<\/p>\n","protected":false},"author":4,"featured_media":11356,"parent":190,"menu_order":0,"comment_status":"closed","ping_status":"closed","template":"","meta":{"_genesis_hide_title":false,"_genesis_hide_breadcrumbs":false,"_genesis_hide_singular_image":false,"_genesis_hide_footer_widgets":false,"_genesis_custom_body_class":"","_genesis_custom_post_class":"","_genesis_layout":"","footnotes":""},"class_list":{"0":"post-11630","1":"page","2":"type-page","3":"status-publish","4":"has-post-thumbnail","6":"entry"},"_links":{"self":[{"href":"https:\/\/moverdb.com\/fi\/wp-json\/wp\/v2\/pages\/11630","targetHints":{"allow":["GET"]}}],"collection":[{"href":"https:\/\/moverdb.com\/fi\/wp-json\/wp\/v2\/pages"}],"about":[{"href":"https:\/\/moverdb.com\/fi\/wp-json\/wp\/v2\/types\/page"}],"author":[{"embeddable":true,"href":"https:\/\/moverdb.com\/fi\/wp-json\/wp\/v2\/users\/4"}],"replies":[{"embeddable":true,"href":"https:\/\/moverdb.com\/fi\/wp-json\/wp\/v2\/comments?post=11630"}],"version-history":[{"count":1,"href":"https:\/\/moverdb.com\/fi\/wp-json\/wp\/v2\/pages\/11630\/revisions"}],"predecessor-version":[{"id":11631,"href":"https:\/\/moverdb.com\/fi\/wp-json\/wp\/v2\/pages\/11630\/revisions\/11631"}],"up":[{"embeddable":true,"href":"https:\/\/moverdb.com\/fi\/wp-json\/wp\/v2\/pages\/190"}],"wp:featuredmedia":[{"embeddable":true,"href":"https:\/\/moverdb.com\/fi\/wp-json\/wp\/v2\/media\/11356"}],"wp:attachment":[{"href":"https:\/\/moverdb.com\/fi\/wp-json\/wp\/v2\/media?parent=11630"}],"curies":[{"name":"wp","href":"https:\/\/api.w.org\/{rel}","templated":true}]}}