{"id":11624,"date":"2023-11-22T15:50:03","date_gmt":"2023-11-22T15:50:03","guid":{"rendered":"https:\/\/moverdb.com\/?page_id=11624"},"modified":"2026-01-08T15:30:12","modified_gmt":"2026-01-08T15:30:12","slug":"moving-companies-nevada","status":"publish","type":"page","link":"https:\/\/moverdb.com\/fi\/moving-companies\/moving-companies-nevada\/","title":{"rendered":"Parhaat kansainv\u00e4liset muuttofirmat Nevadassa"},"content":{"rendered":"<p>Muutto voi olla yksi el\u00e4m\u00e4si stressaavimmista ajoista, joten miksi yritt\u00e4isit tehd\u00e4 sen yksin? A <a href=\"https:\/\/moverdb.com\/fi\/moving-companies\/\" data-internallinksmanager029f6b8e52c=\"79\" title=\"Top 25 Kansainv\u00e4list\u00e4 muuttoyrityksi\u00e4 verkossa\">muuttofirma<\/a> voi ottaa hoitaakseen monia teht\u00e4vi\u00e4, kuten muuton j\u00e4rjest\u00e4misen, kuljetuksen j\u00e4rjest\u00e4misen, pakkaamisen ja paperity\u00f6t. Olemme koonneet alla olevan luettelon <a href=\"https:\/\/moverdb.com\/fi\/moving-to-the-united-states\/moving-to-nevada\/\" data-internallinksmanager029f6b8e52c=\"457\" title=\"Muutto Nevadaan? 2024 Elinkustannukset ja muuttovinkit\">Nevada<\/a> perustuu <a href=\"https:\/\/moverdb.com\/fi\/international-removals\/\" data-internallinksmanager029f6b8e52c=\"27\" title=\"36 Parhaat kansainv\u00e4liset muuttoyritykset Yhdistyneess\u00e4 kuningaskunnassa\">muuttofirmat<\/a> jotka ovat j\u00e4seni\u00e4 <a href=\"https:\/\/moverdb.com\/fi\/iam\/\" data-internallinksmanager029f6b8e52c=\"23\" title=\"Kansainv\u00e4linen muuttajien liitto (IAM) selitetty\">Kansainv\u00e4linen muuttajien liitto<\/a> (IAM) ja\/tai <a href=\"https:\/\/moverdb.com\/fi\/fidi-faim\/\" data-internallinksmanager029f6b8e52c=\"16\" title=\"FIDI &amp; FAIM (FIDI Accredited International Mover) selitettyin\u00e4\">FIDI<\/a> Accredited International Mover (FAIM), joka voi auttaa sinua muutossasi.<\/p>\n<h2><strong>RenoRelo<\/strong><\/h2>\n<p><img loading=\"lazy\" decoding=\"async\" class=\"alignnone size-full wp-image-11423\" src=\"https:\/\/moverdb.com\/wp-content\/uploads\/RenoRelo-international-moving-company.png\" alt=\"RenoRelo kansainv\u00e4linen muuttoyhti\u00f6\" width=\"1440\" height=\"679\" data-wp-pid=\"11423\" srcset=\"https:\/\/moverdb.com\/wp-content\/uploads\/RenoRelo-international-moving-company.png 1440w, https:\/\/moverdb.com\/wp-content\/uploads\/RenoRelo-international-moving-company-300x141.png 300w, https:\/\/moverdb.com\/wp-content\/uploads\/RenoRelo-international-moving-company-1024x483.png 1024w, https:\/\/moverdb.com\/wp-content\/uploads\/RenoRelo-international-moving-company-18x8.png 18w, https:\/\/moverdb.com\/wp-content\/uploads\/RenoRelo-international-moving-company-600x283.png 600w\" sizes=\"auto, (max-width: 1440px) 100vw, 1440px\" \/><\/p>\n<ul>\n<li>Paikalliset ja kansalliset siirrot<\/li>\n<li>Maailmanlaajuiset siirrot<\/li>\n<li>Asuntojen muutot<\/li>\n<li>Kaupalliset ja toimistosiirrot<\/li>\n<li>Yritysten uudelleensijoitukset<\/li>\n<li>T\u00e4yden palvelun ratkaisut<\/li>\n<li>Pakkauspalvelu<\/li>\n<li>H\u00e4kitys<\/li>\n<li>Kuljetusj\u00e4rjestelyt<\/li>\n<li>Varastointitilat<\/li>\n<\/ul>\n<p>RenoRelo on t\u00e4yden palvelun muuttofirma, jolla on toimipisteet Renossa, Spokanessa ja Boizessa. Se on United Van Linesin edustaja, mik\u00e4 antaa sille muuttofirmojen verkoston, jonka kanssa se voi tehd\u00e4 yhteisty\u00f6t\u00e4 palvelujensa toimittamiseksi toiminta-alueidensa ulkopuolella. He ovat IAM:n j\u00e4sen viiden vuoden kokemuksella.<\/p>\n<p>RenoRelo tarjoaa t\u00e4ydellisi\u00e4 muuttoratkaisuja asuin-, liike- ja toimistosiirtoihin sek\u00e4 yrityssiirtoihin sis\u00e4ll\u00e4 <a href=\"https:\/\/moverdb.com\/fi\/moving-to-the-united-states\/\" data-internallinksmanager029f6b8e52c=\"94\" title=\"Muutatko Yhdysvaltoihin? 2022 Elinkustannukset ja muuttovinkit\">US<\/a> ja kansainv\u00e4lisesti. Ne tarjoavat pakkaus- ja laatikkopalveluja, joilla suojellaan tavaroitasi kuljetuksen aikana. He j\u00e4rjest\u00e4v\u00e4t kuljetuksen tavaroillesi ja koordinoivat mahdollisten kolmansien osapuolten kanssa niiden toimittamista m\u00e4\u00e4r\u00e4np\u00e4\u00e4h\u00e4si.<\/p>\n<p>Verkkosivusto: <a href=\"http:\/\/renoreloww.com\" target=\"_blank\" rel=\"noopener\">http:\/\/renoreloww.com<\/a><\/p>\n<h2>Muita hy\u00f6dyllisi\u00e4 oppaita Yhdysvalloista<\/h2>\n<ul>\n<li> <a href=\"https:\/\/moverdb.com\/fi\/muutto-yhdysvaltoihin-2022-asumisen-kustannukset-yhdysvaltoihin-vinkkeja-muuttamiseen\/moving-to-las-vegas\/\">Muutatko Las Vegasiin? 2024 Elinkustannukset ja muuttovinkit<\/a><\/li>\n<li> <a href=\"https:\/\/moverdb.com\/fi\/muutto-yhdysvaltoihin-2022-asumisen-kustannukset-yhdysvaltoihin-vinkkeja-muuttamiseen\/moving-to-nevada\/\">Muutto Nevadaan? 2024 Elinkustannukset ja muuttovinkit<\/a><\/li>\n<li> <a href=\"https:\/\/moverdb.com\/fi\/muutto-yhdysvaltoihin-2022-asumisen-kustannukset-yhdysvaltoihin-vinkkeja-muuttamiseen\/movers-cost\/\">Kuinka paljon muuttajien palkkaaminen maksaa? 2024 Yhdysvaltain s\u00e4\u00e4st\u00f6opas<\/a><\/li>\n<li> <a href=\"https:\/\/moverdb.com\/fi\/muutto-yhdysvaltoihin-2022-asumisen-kustannukset-yhdysvaltoihin-vinkkeja-muuttamiseen\/\">Muutatko Yhdysvaltoihin? 2022 Elinkustannukset ja muuttovinkit<\/a><\/li>\n<li> <a href=\"https:\/\/moverdb.com\/fi\/muutto-yhdysvaltoihin-2022-asumisen-kustannukset-yhdysvaltoihin-vinkkeja-muuttamiseen\/places-to-live-in-the-us\/\">13 parasta paikkaa asua Yhdysvalloissa<\/a><\/li>\n<li> <a href=\"https:\/\/moverdb.com\/fi\/muutto-yhdysvaltoihin-2022-asumisen-kustannukset-yhdysvaltoihin-vinkkeja-muuttamiseen\/living\/\">21 salaisuutta Yhdysvalloissa asumisesta, jotka on hyv\u00e4 tiet\u00e4\u00e4 ennen muuttoa<\/a><\/li>\n<\/ul>","protected":false},"excerpt":{"rendered":"<p>Moving can be one of the most stressful times in your life so why try to do it all by yourself? A moving company can take on many of the tasks such as organising the move, arranging transport, packing and completing paperwork. Below we have compiled a list of Nevada based removal companies that are [&hellip;]<\/p>\n","protected":false},"author":4,"featured_media":11423,"parent":190,"menu_order":0,"comment_status":"closed","ping_status":"closed","template":"","meta":{"_genesis_hide_title":false,"_genesis_hide_breadcrumbs":false,"_genesis_hide_singular_image":false,"_genesis_hide_footer_widgets":false,"_genesis_custom_body_class":"","_genesis_custom_post_class":"","_genesis_layout":"","footnotes":""},"class_list":{"0":"post-11624","1":"page","2":"type-page","3":"status-publish","4":"has-post-thumbnail","6":"entry"},"_links":{"self":[{"href":"https:\/\/moverdb.com\/fi\/wp-json\/wp\/v2\/pages\/11624","targetHints":{"allow":["GET"]}}],"collection":[{"href":"https:\/\/moverdb.com\/fi\/wp-json\/wp\/v2\/pages"}],"about":[{"href":"https:\/\/moverdb.com\/fi\/wp-json\/wp\/v2\/types\/page"}],"author":[{"embeddable":true,"href":"https:\/\/moverdb.com\/fi\/wp-json\/wp\/v2\/users\/4"}],"replies":[{"embeddable":true,"href":"https:\/\/moverdb.com\/fi\/wp-json\/wp\/v2\/comments?post=11624"}],"version-history":[{"count":4,"href":"https:\/\/moverdb.com\/fi\/wp-json\/wp\/v2\/pages\/11624\/revisions"}],"predecessor-version":[{"id":17660,"href":"https:\/\/moverdb.com\/fi\/wp-json\/wp\/v2\/pages\/11624\/revisions\/17660"}],"up":[{"embeddable":true,"href":"https:\/\/moverdb.com\/fi\/wp-json\/wp\/v2\/pages\/190"}],"wp:featuredmedia":[{"embeddable":true,"href":"https:\/\/moverdb.com\/fi\/wp-json\/wp\/v2\/media\/11423"}],"wp:attachment":[{"href":"https:\/\/moverdb.com\/fi\/wp-json\/wp\/v2\/media?parent=11624"}],"curies":[{"name":"wp","href":"https:\/\/api.w.org\/{rel}","templated":true}]}}