{"id":11622,"date":"2023-11-22T15:49:11","date_gmt":"2023-11-22T15:49:11","guid":{"rendered":"https:\/\/moverdb.com\/?page_id=11622"},"modified":"2026-05-15T15:00:47","modified_gmt":"2026-05-15T15:00:47","slug":"moving-companies-montana","status":"publish","type":"page","link":"https:\/\/moverdb.com\/fi\/moving-companies\/moving-companies-montana\/","title":{"rendered":"Parhaat kansainv\u00e4liset muuttofirmat Montanassa"},"content":{"rendered":"<p>Harkitsetko muuttoa? Silloin palkkaa <a href=\"https:\/\/moverdb.com\/fi\/moving-companies\/\" data-internallinksmanager029f6b8e52c=\"79\" title=\"Top 25 Kansainv\u00e4list\u00e4 muuttoyrityksi\u00e4 verkossa\">muuttofirma<\/a> voi auttaa v\u00e4hent\u00e4m\u00e4\u00e4n muuttopaineita, koska he voivat tehd\u00e4 suuren osan ty\u00f6st\u00e4 puolestasi. Siihen voi kuulua muuton suunnittelu, tavaroiden turvallinen pakkaaminen ja siirt\u00e4minen m\u00e4\u00e4r\u00e4np\u00e4\u00e4h\u00e4n, mukaan lukien paperity\u00f6t. Olemme koonneet alla olevan luettelon <a href=\"https:\/\/moverdb.com\/fi\/moving-to-the-united-states\/moving-to-montana\/\" data-internallinksmanager029f6b8e52c=\"461\" title=\"Muutatko Montanaan? 2024 Elinkustannukset ja muuttovinkit\">Montana<\/a> perustuu <a href=\"https:\/\/moverdb.com\/fi\/international-removals\/\" data-internallinksmanager029f6b8e52c=\"27\" title=\"36 Parhaat kansainv\u00e4liset muuttoyritykset Yhdistyneess\u00e4 kuningaskunnassa\">muuttofirmat<\/a> jotka ovat j\u00e4seni\u00e4 <a href=\"https:\/\/moverdb.com\/fi\/iam\/\" data-internallinksmanager029f6b8e52c=\"23\" title=\"Kansainv\u00e4linen muuttajien liitto (IAM) selitetty\">Kansainv\u00e4linen muuttajien liitto<\/a> (IAM) ja\/tai <a href=\"https:\/\/moverdb.com\/fi\/fidi-faim\/\" data-internallinksmanager029f6b8e52c=\"16\" title=\"FIDI &amp; FAIM (FIDI Accredited International Mover) selitettyin\u00e4\">FIDI<\/a> Accredited International Mover (FAIM), joka voi auttaa sinua muutossasi.<\/p>\n<h2><strong>Hi-Line Muuttopalvelut<\/strong><\/h2>\n<p><img loading=\"lazy\" decoding=\"async\" class=\"alignnone size-full wp-image-11338\" src=\"https:\/\/moverdb.com\/wp-content\/uploads\/Hi-Line-Moving-Services-international-moving-company.png\" alt=\"Hi Line Moving Services kansainv\u00e4linen muuttofirma\" width=\"1440\" height=\"671\" data-wp-pid=\"11338\" srcset=\"https:\/\/moverdb.com\/wp-content\/uploads\/Hi-Line-Moving-Services-international-moving-company.png 1440w, https:\/\/moverdb.com\/wp-content\/uploads\/Hi-Line-Moving-Services-international-moving-company-300x140.png 300w, https:\/\/moverdb.com\/wp-content\/uploads\/Hi-Line-Moving-Services-international-moving-company-1024x477.png 1024w, https:\/\/moverdb.com\/wp-content\/uploads\/Hi-Line-Moving-Services-international-moving-company-18x8.png 18w, https:\/\/moverdb.com\/wp-content\/uploads\/Hi-Line-Moving-Services-international-moving-company-600x280.png 600w\" sizes=\"auto, (max-width: 1440px) 100vw, 1440px\" \/><\/p>\n<ul>\n<li>Paikalliset ja pitk\u00e4n matkan siirrot<\/li>\n<li>Kansainv\u00e4liset siirrot<\/li>\n<li>Kotitalouksien muutot<\/li>\n<li>Kaupallinen rahti<\/li>\n<li>Yritysten uudelleensijoitukset<\/li>\n<li>Ovelta ovelle -palvelu<\/li>\n<li>Kuljetusj\u00e4rjestelyt<\/li>\n<li>L\u00e4hetyskoon valinta<\/li>\n<li>L\u00e4hetyksen seuranta<\/li>\n<\/ul>\n<p>Hi-Line Moving Services on Great Fallsissa toimiva muuttofirma. Se tekee yhteisty\u00f6t\u00e4 eri Van Line -yhti\u00f6iden ja huolellisesti valittujen kolmansien osapuolten muuttopalveluiden kanssa tarjotakseen palveluitaan kansallisesti ja kansainv\u00e4lisesti. He ovat IAM:n j\u00e4sen 34 vuoden kokemuksella.<\/p>\n<p>Hi-Line Moving Services tarjoaa r\u00e4\u00e4t\u00e4l\u00f6ityj\u00e4 muuttopalveluja ja suunnittelee muuton puolestasi muuttobudjettiisi sopivilla vaihtoehdoilla. He ovat erikoistuneet seuraaviin muuttoihin <a href=\"https:\/\/moverdb.com\/fi\/moving-to-the-united-states\/moving-to-alaska\/\" data-internallinksmanager029f6b8e52c=\"384\" title=\"Muutatko Alaskaan? 2023 Elinkustannukset ja muuttovinkit\">Alaska<\/a> vaikka ne palvelevat muuttoja Montanan sis\u00e4ll\u00e4, osavaltioiden v\u00e4lill\u00e4 ja kansainv\u00e4lisesti. He tarjoavat ovelta ovelle -muuttopalveluja, joissa he siirt\u00e4v\u00e4t tavarasi ja seuraavat l\u00e4hetyst\u00e4.<\/p>\n<p>Verkkosivusto: <a href=\"http:\/\/www.hilinemoving.com\" target=\"_blank\" rel=\"noopener\">http:\/\/www.hilinemoving.com<\/a><\/p>","protected":false},"excerpt":{"rendered":"<p>Are you thinking of moving? Then engaging a moving company might help reduce the pressure of the move as they can do a lot of the work for you. This can include planning the move, packing your belongings safely and moving them to your destination including any paperwork. Below we have compiled a list of [&hellip;]<\/p>\n","protected":false},"author":4,"featured_media":11338,"parent":190,"menu_order":0,"comment_status":"closed","ping_status":"closed","template":"","meta":{"_genesis_hide_title":false,"_genesis_hide_breadcrumbs":false,"_genesis_hide_singular_image":false,"_genesis_hide_footer_widgets":false,"_genesis_custom_body_class":"","_genesis_custom_post_class":"","_genesis_layout":"","footnotes":""},"class_list":{"0":"post-11622","1":"page","2":"type-page","3":"status-publish","4":"has-post-thumbnail","6":"entry"},"_links":{"self":[{"href":"https:\/\/moverdb.com\/fi\/wp-json\/wp\/v2\/pages\/11622","targetHints":{"allow":["GET"]}}],"collection":[{"href":"https:\/\/moverdb.com\/fi\/wp-json\/wp\/v2\/pages"}],"about":[{"href":"https:\/\/moverdb.com\/fi\/wp-json\/wp\/v2\/types\/page"}],"author":[{"embeddable":true,"href":"https:\/\/moverdb.com\/fi\/wp-json\/wp\/v2\/users\/4"}],"replies":[{"embeddable":true,"href":"https:\/\/moverdb.com\/fi\/wp-json\/wp\/v2\/comments?post=11622"}],"version-history":[{"count":2,"href":"https:\/\/moverdb.com\/fi\/wp-json\/wp\/v2\/pages\/11622\/revisions"}],"predecessor-version":[{"id":11627,"href":"https:\/\/moverdb.com\/fi\/wp-json\/wp\/v2\/pages\/11622\/revisions\/11627"}],"up":[{"embeddable":true,"href":"https:\/\/moverdb.com\/fi\/wp-json\/wp\/v2\/pages\/190"}],"wp:featuredmedia":[{"embeddable":true,"href":"https:\/\/moverdb.com\/fi\/wp-json\/wp\/v2\/media\/11338"}],"wp:attachment":[{"href":"https:\/\/moverdb.com\/fi\/wp-json\/wp\/v2\/media?parent=11622"}],"curies":[{"name":"wp","href":"https:\/\/api.w.org\/{rel}","templated":true}]}}