{"id":11619,"date":"2023-11-29T10:52:33","date_gmt":"2023-11-29T10:52:33","guid":{"rendered":"https:\/\/moverdb.com\/?page_id=11619"},"modified":"2026-01-08T15:28:59","modified_gmt":"2026-01-08T15:28:59","slug":"moving-companies-us-missouri","status":"publish","type":"page","link":"https:\/\/moverdb.com\/fi\/moving-companies\/moving-companies-us-missouri\/","title":{"rendered":"5 parasta kansainv\u00e4list\u00e4 muuttoa harjoittavaa yrityst\u00e4 Missourissa"},"content":{"rendered":"<p>Kun suunnittelet muuttoasi, teetk\u00f6 kaiken itse vai hankitko apua <a href=\"https:\/\/moverdb.com\/fi\/moving-companies\/\" data-internallinksmanager029f6b8e52c=\"79\" title=\"Top 25 Kansainv\u00e4list\u00e4 muuttoyrityksi\u00e4 verkossa\">muuttofirma<\/a>? He voivat auttaa pakkaamisessa, kuljetuksessa ja dokumentoinnissa v\u00e4hent\u00e4\u00e4kseen sinuun kohdistuvia paineita. Olemme koonneet alla olevan luettelon <a href=\"https:\/\/moverdb.com\/fi\/moving-to-the-united-states\/moving-to-missouri\/\" data-internallinksmanager029f6b8e52c=\"460\" title=\"Muutto Missouriin? 2024 Elinkustannukset ja muuttovinkit\">Missouri<\/a> perustuu <a href=\"https:\/\/moverdb.com\/fi\/international-removals\/\" data-internallinksmanager029f6b8e52c=\"27\" title=\"36 Parhaat kansainv\u00e4liset muuttoyritykset Yhdistyneess\u00e4 kuningaskunnassa\">muuttofirmat<\/a> jotka ovat j\u00e4seni\u00e4 <a href=\"https:\/\/moverdb.com\/fi\/iam\/\" data-internallinksmanager029f6b8e52c=\"23\" title=\"Kansainv\u00e4linen muuttajien liitto (IAM) selitetty\">Kansainv\u00e4linen muuttajien liitto<\/a> (IAM) ja\/tai <a href=\"https:\/\/moverdb.com\/fi\/fidi-faim\/\" data-internallinksmanager029f6b8e52c=\"16\" title=\"FIDI &amp; FAIM (FIDI Accredited International Mover) selitettyin\u00e4\">FIDI<\/a> Accredited International Mover (FAIM), joka voi auttaa sinua muutossasi.<\/p>\n<div id=\"ez-toc-container\" class=\"ez-toc-v2_0_82_2 ez-toc-wrap-left counter-hierarchy ez-toc-counter ez-toc-transparent ez-toc-container-direction\">\n<div class=\"ez-toc-title-container\">\n<p class=\"ez-toc-title\" style=\"cursor:inherit\">Jaksot<\/p>\n<span class=\"ez-toc-title-toggle\"><a href=\"#\" class=\"ez-toc-pull-right ez-toc-btn ez-toc-btn-xs ez-toc-btn-default ez-toc-toggle\" aria-label=\"Sis\u00e4llysluettelon vaihtaminen\"><span class=\"ez-toc-js-icon-con\"><span class=\"\"><span class=\"eztoc-hide\" style=\"display:none;\">Toggle<\/span><span class=\"ez-toc-icon-toggle-span\"><svg style=\"fill: #999;color:#999\" xmlns=\"http:\/\/www.w3.org\/2000\/svg\" class=\"list-377408\" width=\"20px\" height=\"20px\" viewbox=\"0 0 24 24\" fill=\"none\"><path d=\"M6 6H4v2h2V6zm14 0H8v2h12V6zM4 11h2v2H4v-2zm16 0H8v2h12v-2zM4 16h2v2H4v-2zm16 0H8v2h12v-2z\" fill=\"currentColor\"><\/path><\/svg><svg style=\"fill: #999;color:#999\" class=\"arrow-unsorted-368013\" xmlns=\"http:\/\/www.w3.org\/2000\/svg\" width=\"10px\" height=\"10px\" viewbox=\"0 0 24 24\" version=\"1.2\" baseprofile=\"tiny\"><path d=\"M18.2 9.3l-6.2-6.3-6.2 6.3c-.2.2-.3.4-.3.7s.1.5.3.7c.2.2.4.3.7.3h11c.3 0 .5-.1.7-.3.2-.2.3-.5.3-.7s-.1-.5-.3-.7zM5.8 14.7l6.2 6.3 6.2-6.3c.2-.2.3-.5.3-.7s-.1-.5-.3-.7c-.2-.2-.4-.3-.7-.3h-11c-.3 0-.5.1-.7.3-.2.2-.3.5-.3.7s.1.5.3.7z\"\/><\/svg><\/span><\/span><\/span><\/a><\/span><\/div>\n<nav><ul class='ez-toc-list ez-toc-list-level-1 eztoc-toggle-hide-by-default' ><li class='ez-toc-page-1 ez-toc-heading-level-2'><a class=\"ez-toc-link ez-toc-heading-1\" href=\"https:\/\/moverdb.com\/fi\/moving-companies\/moving-companies-us-missouri\/#1_Compass_Moving\" >1. Kompassi liikkuu<\/a><\/li><li class='ez-toc-page-1 ez-toc-heading-level-2'><a class=\"ez-toc-link ez-toc-heading-2\" href=\"https:\/\/moverdb.com\/fi\/moving-companies\/moving-companies-us-missouri\/#2_Day_Transfer_Company\" >2. P\u00e4iv\u00e4n siirtoyhti\u00f6<\/a><\/li><li class='ez-toc-page-1 ez-toc-heading-level-2'><a class=\"ez-toc-link ez-toc-heading-3\" href=\"https:\/\/moverdb.com\/fi\/moving-companies\/moving-companies-us-missouri\/#3_Mayflower\" >3. Mayflower<\/a><\/li><li class='ez-toc-page-1 ez-toc-heading-level-2'><a class=\"ez-toc-link ez-toc-heading-4\" href=\"https:\/\/moverdb.com\/fi\/moving-companies\/moving-companies-us-missouri\/#4_The_Cartwright_Co\" >4. Cartwright Co<\/a><\/li><li class='ez-toc-page-1 ez-toc-heading-level-2'><a class=\"ez-toc-link ez-toc-heading-5\" href=\"https:\/\/moverdb.com\/fi\/moving-companies\/moving-companies-us-missouri\/#5_United_Van_Lines\" >5. United Van Lines<\/a><\/li><\/ul><\/nav><\/div>\n<h2><span class=\"ez-toc-section\" id=\"1_Compass_Moving\"><\/span><strong>1. Kompassi liikkuu<\/strong><span class=\"ez-toc-section-end\"><\/span><\/h2>\n<p><img loading=\"lazy\" decoding=\"async\" class=\"alignnone size-full wp-image-11290\" src=\"https:\/\/moverdb.com\/wp-content\/uploads\/Compass-Moving-international-moving-company.png\" alt=\"Compass Moving kansainv\u00e4linen muuttofirma\" width=\"1440\" height=\"676\" data-wp-pid=\"11290\" srcset=\"https:\/\/moverdb.com\/wp-content\/uploads\/Compass-Moving-international-moving-company.png 1440w, https:\/\/moverdb.com\/wp-content\/uploads\/Compass-Moving-international-moving-company-300x141.png 300w, https:\/\/moverdb.com\/wp-content\/uploads\/Compass-Moving-international-moving-company-1024x481.png 1024w, https:\/\/moverdb.com\/wp-content\/uploads\/Compass-Moving-international-moving-company-18x8.png 18w, https:\/\/moverdb.com\/wp-content\/uploads\/Compass-Moving-international-moving-company-600x282.png 600w\" sizes=\"auto, (max-width: 1440px) 100vw, 1440px\" \/><\/p>\n<ul>\n<li>Kansalliset siirrot<\/li>\n<li>Kansainv\u00e4liset siirrot<\/li>\n<li>Asuntojen muutot<\/li>\n<li>Sotilaalliset siirrot<\/li>\n<li>T\u00e4yden palvelun tarjonta<\/li>\n<li>Pakkauspalvelu<\/li>\n<li>Maa- ja merikuljetukset<\/li>\n<li><a href=\"https:\/\/moverdb.com\/fi\/top-49-container-ports\/\" data-internallinksmanager029f6b8e52c=\"80\" title=\"Top 49 suurinta ja vilkkainta konttisatamaa vuonna 2025\">Satama<\/a> palvelut<\/li>\n<li><a href=\"https:\/\/moverdb.com\/fi\/car-transport-shipping\/\" data-internallinksmanager029f6b8e52c=\"2\" title=\"2026 Kansainv\u00e4linen autokuljetus ja ajoneuvojen kuljetus tarjoukset\">Ajoneuvojen kuljetus<\/a><\/li>\n<li>Vakuutus<\/li>\n<\/ul>\n<p>Compass Moving on vuonna 1982 perustettu t\u00e4yden palvelun muuttofirma, jonka kotipaikka on Grandview. Se on IAM:n j\u00e4sen 41 vuoden kokemuksella, mik\u00e4 antaa sille p\u00e4\u00e4syn kansainv\u00e4liseen muuttovirkailijoiden verkostoon, jonka kanssa se voi ty\u00f6skennell\u00e4.<\/p>\n<p>Compass Moving tarjoaa kattavan <a href=\"https:\/\/moverdb.com\/fi\/quotes\/\" data-internallinksmanager029f6b8e52c=\"26\" title=\"Kansainv\u00e4liset muuttolainat: 12 kysymyst\u00e4\">muutto tarjoukset<\/a> ilman piilotettuja maksuja. He tarjoavat ammattitaitoista kotipakkauspalvelua, jolla tavarat pakataan turvallisesti kuljetusta varten sinet\u00f6ityihin s\u00e4ili\u00f6ihin. He j\u00e4rjest\u00e4v\u00e4t kuljetuksen kuorma-autolla ja merikuljetuksen, jos muutat kansainv\u00e4lisesti. He hoitavat kaikki satamamenettelyt, ja kaikki kustannukset sis\u00e4ltyv\u00e4t hintaan sek\u00e4 perusvakuutukseen.<\/p>\n<p>Verkkosivusto: <a href=\"http:\/\/www.compassmoving.com\" target=\"_blank\" rel=\"noopener\">http:\/\/www.compassmoving.com<\/a><\/p>\n<h2><span class=\"ez-toc-section\" id=\"2_Day_Transfer_Company\"><\/span><strong>2. P\u00e4iv\u00e4n siirtoyhti\u00f6<\/strong><span class=\"ez-toc-section-end\"><\/span><\/h2>\n<p><img loading=\"lazy\" decoding=\"async\" class=\"alignnone size-full wp-image-11304\" src=\"https:\/\/moverdb.com\/wp-content\/uploads\/Day-Transfer-Moving-Storage-international-moving-company.png\" alt=\"Day Transfer Moving &amp; Storage kansainv\u00e4linen muuttofirma\" width=\"1440\" height=\"677\" data-wp-pid=\"11304\" srcset=\"https:\/\/moverdb.com\/wp-content\/uploads\/Day-Transfer-Moving-Storage-international-moving-company.png 1440w, https:\/\/moverdb.com\/wp-content\/uploads\/Day-Transfer-Moving-Storage-international-moving-company-300x141.png 300w, https:\/\/moverdb.com\/wp-content\/uploads\/Day-Transfer-Moving-Storage-international-moving-company-1024x481.png 1024w, https:\/\/moverdb.com\/wp-content\/uploads\/Day-Transfer-Moving-Storage-international-moving-company-18x8.png 18w, https:\/\/moverdb.com\/wp-content\/uploads\/Day-Transfer-Moving-Storage-international-moving-company-600x282.png 600w\" sizes=\"auto, (max-width: 1440px) 100vw, 1440px\" \/><\/p>\n<ul>\n<li>Paikalliset siirrot<\/li>\n<li>Pitk\u00e4n matkan siirrot<\/li>\n<li>Asuntojen muutot<\/li>\n<li>Toimiston muutot<\/li>\n<li>Yritysten uudelleensijoitukset<\/li>\n<li>Muuttokonsultti<\/li>\n<li>Pakkauspalvelut<\/li>\n<li>Kuljetusj\u00e4rjestelyt<\/li>\n<li>Vakuutus<\/li>\n<li>Pitk\u00e4aikainen ja v\u00e4liaikainen varastointi<\/li>\n<\/ul>\n<p>Day Transfer Company on t\u00e4yden palvelun muuttofirma, jolla on toimipisteet Cape Girardeaussa, Clarksvilless\u00e4, Fayettevilless\u00e4 ja Montgomeryss\u00e4. Se on National Van Linesin osavaltioiden v\u00e4linen edustaja, joka tarjoaa sille muuttofirmojen verkoston, jonka kanssa se voi ty\u00f6skennell\u00e4 palvelujaan tarjotessaan. He ovat IAM:n j\u00e4sen, ja heill\u00e4 on 90 vuoden kokemus.<\/p>\n<p>Day Transfer Company tarjoaa t\u00e4yden palvelun muuttoratkaisuja, joissa sinua tukee muuttokonsultti, tai he tarjoavat itsen\u00e4isi\u00e4 pakkauspalveluja. He tarjoavat pakkauspalveluja, joissa on ammattitaitoinen pakkausryhm\u00e4, joka suojaa tavarasi kuljetusvalmiiksi ja tarjoaa vakuutusturvan mielenrauhaa varten. He my\u00f6s purkavat pakkauksen saapuessasi.<\/p>\n<p>Verkkosivusto: <a href=\"http:\/\/www.daytransferco.com\" target=\"_blank\" rel=\"noopener\">http:\/\/www.daytransferco.com<\/a><\/p>\n<h2><span class=\"ez-toc-section\" id=\"3_Mayflower\"><\/span><strong>3. Mayflower<\/strong><span class=\"ez-toc-section-end\"><\/span><\/h2>\n<p><img loading=\"lazy\" decoding=\"async\" class=\"alignnone size-full wp-image-11372\" src=\"https:\/\/moverdb.com\/wp-content\/uploads\/Mayflower-international-moving-company.png\" alt=\"Mayflowerin kansainv\u00e4linen muuttofirma\" width=\"1440\" height=\"680\" data-wp-pid=\"11372\" srcset=\"https:\/\/moverdb.com\/wp-content\/uploads\/Mayflower-international-moving-company.png 1440w, https:\/\/moverdb.com\/wp-content\/uploads\/Mayflower-international-moving-company-300x142.png 300w, https:\/\/moverdb.com\/wp-content\/uploads\/Mayflower-international-moving-company-1024x484.png 1024w, https:\/\/moverdb.com\/wp-content\/uploads\/Mayflower-international-moving-company-18x9.png 18w, https:\/\/moverdb.com\/wp-content\/uploads\/Mayflower-international-moving-company-600x283.png 600w\" sizes=\"auto, (max-width: 1440px) 100vw, 1440px\" \/><\/p>\n<ul>\n<li>Paikalliset ja kansalliset siirrot<\/li>\n<li>Kansainv\u00e4liset siirrot<\/li>\n<li>Kotitalouksien muutot<\/li>\n<li>Yritysten uudelleensijoitukset<\/li>\n<li>Henkil\u00f6kohtainen muuttokoordinaattori<\/li>\n<li>Pakkauspalvelu<\/li>\n<li>Kuljetukset maalla, merell\u00e4 ja ilmassa<\/li>\n<li>Tulliselvitys<\/li>\n<li>Ajoneuvojen kuljetus<\/li>\n<li>Lyhytaikainen ja pitk\u00e4aikainen varastointi<\/li>\n<\/ul>\n<p>Mayflower on vuonna 1927 perustettu muutto- ja uudelleensijoitusyritys, joka kuuluu UniGroupiin. Sill\u00e4 on valtakunnallinen edustajaverkosto, joka avustaa sit\u00e4 muuttopalvelujen tarjoamisessa, sek\u00e4 kansainv\u00e4lisi\u00e4 kumppaneita, jotka tarjoavat maailmanlaajuisia palveluja yli 150 maassa. He ovat IAM:n j\u00e4sen 37 vuoden kokemuksella.<\/p>\n<p>Mayflowerin henkil\u00f6kohtainen muuttokoordinaattori auttaa sinua suunnittelemaan muuttosi ja auttaa tekem\u00e4\u00e4n p\u00e4\u00e4t\u00f6ksi\u00e4 r\u00e4\u00e4t\u00e4l\u00f6ity\u00e4 muuttoa varten muuttosuunnitelmassa. He tarjoavat t\u00e4ydellisen pakkauspalvelun, joka suojaa tavaroitasi ja sujuvoittaa tullia. Jos pakkaat itse, he suorittavat tarkastuksen varmistaakseen, ett\u00e4 mukana ei ole rajoitettuja esineit\u00e4.<\/p>\n<p>Verkkosivusto: <a href=\"https:\/\/www.mayflower.com\/\" target=\"_blank\" rel=\"noopener\">https:\/\/www.mayflower.com\/<\/a><\/p>\n<h2><span class=\"ez-toc-section\" id=\"4_The_Cartwright_Co\"><\/span><strong>4. Cartwright Co<\/strong><span class=\"ez-toc-section-end\"><\/span><\/h2>\n<p><img loading=\"lazy\" decoding=\"async\" class=\"alignnone size-full wp-image-11454\" src=\"https:\/\/moverdb.com\/wp-content\/uploads\/The-Cartwright-Co-international-moving-company.png\" alt=\"Cartwright Co kansainv\u00e4linen muuttoliikeyritys\" width=\"1440\" height=\"679\" data-wp-pid=\"11454\" srcset=\"https:\/\/moverdb.com\/wp-content\/uploads\/The-Cartwright-Co-international-moving-company.png 1440w, https:\/\/moverdb.com\/wp-content\/uploads\/The-Cartwright-Co-international-moving-company-300x141.png 300w, https:\/\/moverdb.com\/wp-content\/uploads\/The-Cartwright-Co-international-moving-company-1024x483.png 1024w, https:\/\/moverdb.com\/wp-content\/uploads\/The-Cartwright-Co-international-moving-company-18x8.png 18w, https:\/\/moverdb.com\/wp-content\/uploads\/The-Cartwright-Co-international-moving-company-600x283.png 600w\" sizes=\"auto, (max-width: 1440px) 100vw, 1440px\" \/><\/p>\n<ul>\n<li>Kansalliset siirrot<\/li>\n<li>Kansainv\u00e4liset siirrot<\/li>\n<li>Kotitalouksien muutot<\/li>\n<li>Liiketoiminnan siirrot<\/li>\n<li>Yritysten uudelleensijoitukset<\/li>\n<li>End-to-end-siirrot<\/li>\n<li>Muuton hallinta<\/li>\n<li>Lemmikkiel\u00e4inten siirt\u00e4minen<\/li>\n<li>Ajoneuvojen kuljetus<\/li>\n<li>Matkakohteen palvelut<\/li>\n<\/ul>\n<p>The Cartwright Co on maailmanlaajuinen liikkuvuus-, siirto- ja muuttofirma, joka aloitti toimintansa vuonna 1934 ja jonka kotipaikka on Grandview. Heid\u00e4n yrityksiins\u00e4 kuuluvat AmWorld Transport, Cox Moving, Foremost Forwarders ja Domestic Military Services. He ovat IAM:n j\u00e4sen 55 vuoden kokemuksella.<\/p>\n<p>The Cartwright Co palvelee 187 maata ja on erikoistunut yritysten ja hallitusten, my\u00f6s sotilashenkil\u00f6st\u00f6n, palvelemiseen, mutta tarjoaa my\u00f6s yksityisten kotitalouksien muuttoja. Se tarjoaa joustavia, tarpeidesi mukaan r\u00e4\u00e4t\u00e4l\u00f6ityj\u00e4 muuttoratkaisuja, joihin voi sis\u00e4lty\u00e4 pakkaus-, kuljetus- ja kohdepalveluja. Heid\u00e4n lis\u00e4palveluihinsa kuuluvat lemmikkiel\u00e4inten muutot, ajoneuvojen kuljetukset, tilap\u00e4ismajoitus, koulujen l\u00f6yt\u00e4minen ja concierge-palvelut.<\/p>\n<p>Verkkosivusto: <a href=\"https:\/\/cartwrightcompanies.com\" target=\"_blank\" rel=\"noopener\">https:\/\/cartwrightcompanies.com<\/a><\/p>\n<h2><span class=\"ez-toc-section\" id=\"5_United_Van_Lines\"><\/span><strong>5. United Van Lines<\/strong><span class=\"ez-toc-section-end\"><\/span><\/h2>\n<p><img loading=\"lazy\" decoding=\"async\" class=\"alignnone size-full wp-image-11468\" src=\"https:\/\/moverdb.com\/wp-content\/uploads\/United-Van-Lines-US-international-moving-company.png\" alt=\"United Van Lines Yhdysvaltain kansainv\u00e4linen muuttofirma\" width=\"1440\" height=\"678\" data-wp-pid=\"11468\" srcset=\"https:\/\/moverdb.com\/wp-content\/uploads\/United-Van-Lines-US-international-moving-company.png 1440w, https:\/\/moverdb.com\/wp-content\/uploads\/United-Van-Lines-US-international-moving-company-300x141.png 300w, https:\/\/moverdb.com\/wp-content\/uploads\/United-Van-Lines-US-international-moving-company-1024x482.png 1024w, https:\/\/moverdb.com\/wp-content\/uploads\/United-Van-Lines-US-international-moving-company-18x8.png 18w, https:\/\/moverdb.com\/wp-content\/uploads\/United-Van-Lines-US-international-moving-company-600x283.png 600w\" sizes=\"auto, (max-width: 1440px) 100vw, 1440px\" \/><\/p>\n<ul>\n<li>Paikalliset ja pitk\u00e4n matkan siirrot<\/li>\n<li>Kansainv\u00e4liset siirrot<\/li>\n<li>Asuntojen muutot<\/li>\n<li>Yrityssiirrot<\/li>\n<li>Henkil\u00f6kohtainen palvelu<\/li>\n<li>Henkil\u00f6kohtainen muuttokoordinaattori<\/li>\n<li>Pakkauspalvelu<\/li>\n<li>Autonkuljetus<\/li>\n<li>Vakuutus<\/li>\n<li>Lyhytaikainen ja pitk\u00e4aikainen varastointi<\/li>\n<\/ul>\n<p>United Van Lines on r\u00e4\u00e4t\u00e4l\u00f6it\u00e4vi\u00e4 palveluja tarjoava muuttofirmaryhm\u00e4, jonka kotipaikka on Fenton. Heid\u00e4n laajan muuttoagenttiverkostonsa ansiosta he voivat tarjota palvelujaan kansallisesti ja kansainv\u00e4lisesti. He ovat IAM:n j\u00e4sen 81 vuoden kokemuksella, ja FIDI on akkreditoinut heid\u00e4t.<\/p>\n<p>United Van Lines tarjoaa t\u00e4yden palvelun muuttoratkaisuja, jotka sis\u00e4lt\u00e4v\u00e4t henkil\u00f6kohtaisen muuttokoordinaattorin ja t\u00e4yden arvosuojan tavaroillesi. He tarjoavat my\u00f6s r\u00e4\u00e4t\u00e4l\u00f6ity\u00e4 l\u00e4hestymistapaa, jonka avulla voit valita, mink\u00e4 muuttopalvelujen kanssa saat apua.  He tarjoavat r\u00e4\u00e4t\u00e4l\u00f6it\u00e4viss\u00e4 olevia pakkauspalveluja, jotka auttavat sinua suojaamaan tavaroitasi, ja voivat auttaa pakkausten purkamisessa perill\u00e4.<\/p>\n<p>Verkkosivusto: <a href=\"https:\/\/www.unitedvanlines.com\" target=\"_blank\" rel=\"noopener\">https:\/\/www.unitedvanlines.com<\/a><\/p>","protected":false},"excerpt":{"rendered":"<p>When you are planning your move will you do everything yourself or will you get some help from a moving company? They can help with packing, transportation and documentation to reduce the pressure on you. Below we have compiled a list of Missouri based removal companies that are members of the International Association of Movers [&hellip;]<\/p>\n","protected":false},"author":4,"featured_media":11290,"parent":190,"menu_order":0,"comment_status":"closed","ping_status":"closed","template":"","meta":{"_genesis_hide_title":false,"_genesis_hide_breadcrumbs":false,"_genesis_hide_singular_image":false,"_genesis_hide_footer_widgets":false,"_genesis_custom_body_class":"","_genesis_custom_post_class":"","_genesis_layout":"","footnotes":""},"class_list":{"0":"post-11619","1":"page","2":"type-page","3":"status-publish","4":"has-post-thumbnail","6":"entry"},"_links":{"self":[{"href":"https:\/\/moverdb.com\/fi\/wp-json\/wp\/v2\/pages\/11619","targetHints":{"allow":["GET"]}}],"collection":[{"href":"https:\/\/moverdb.com\/fi\/wp-json\/wp\/v2\/pages"}],"about":[{"href":"https:\/\/moverdb.com\/fi\/wp-json\/wp\/v2\/types\/page"}],"author":[{"embeddable":true,"href":"https:\/\/moverdb.com\/fi\/wp-json\/wp\/v2\/users\/4"}],"replies":[{"embeddable":true,"href":"https:\/\/moverdb.com\/fi\/wp-json\/wp\/v2\/comments?post=11619"}],"version-history":[{"count":2,"href":"https:\/\/moverdb.com\/fi\/wp-json\/wp\/v2\/pages\/11619\/revisions"}],"predecessor-version":[{"id":11621,"href":"https:\/\/moverdb.com\/fi\/wp-json\/wp\/v2\/pages\/11619\/revisions\/11621"}],"up":[{"embeddable":true,"href":"https:\/\/moverdb.com\/fi\/wp-json\/wp\/v2\/pages\/190"}],"wp:featuredmedia":[{"embeddable":true,"href":"https:\/\/moverdb.com\/fi\/wp-json\/wp\/v2\/media\/11290"}],"wp:attachment":[{"href":"https:\/\/moverdb.com\/fi\/wp-json\/wp\/v2\/media?parent=11619"}],"curies":[{"name":"wp","href":"https:\/\/api.w.org\/{rel}","templated":true}]}}