{"id":11617,"date":"2023-11-29T10:32:37","date_gmt":"2023-11-29T10:32:37","guid":{"rendered":"https:\/\/moverdb.com\/?page_id=11617"},"modified":"2026-01-08T15:24:23","modified_gmt":"2026-01-08T15:24:23","slug":"moving-companies-us-minnesota","status":"publish","type":"page","link":"https:\/\/moverdb.com\/fi\/moving-companies\/moving-companies-us-minnesota\/","title":{"rendered":"3 parasta kansainv\u00e4list\u00e4 muuttoa harjoittavaa yrityst\u00e4 Minnesotassa"},"content":{"rendered":"<p>Muutto voi olla suuri mullistus, ja j\u00e4rjestett\u00e4v\u00e4\u00e4 on paljon, joten miksi et ottaisi paineita pois antamalla <a href=\"https:\/\/moverdb.com\/fi\/moving-companies\/\" data-internallinksmanager029f6b8e52c=\"79\" title=\"Top 25 Kansainv\u00e4list\u00e4 muuttoyrityksi\u00e4 verkossa\">muuttofirma<\/a> k\u00e4sitell\u00e4 omaisuuttasi? He voivat j\u00e4rjest\u00e4\u00e4 muuton logistiikan sek\u00e4 pakkaamisen ja hoitaa tarvittaessa tulliasiat. Olemme koonneet alla olevan luettelon <a href=\"https:\/\/moverdb.com\/fi\/moving-to-the-united-states\/moving-to-minnesota\/\" data-internallinksmanager029f6b8e52c=\"443\" title=\"Muutto Minnesotaan? 2023 Elinkustannukset ja muuttovinkit\">Minnesota<\/a> perustuu <a href=\"https:\/\/moverdb.com\/fi\/international-removals\/\" data-internallinksmanager029f6b8e52c=\"27\" title=\"36 Parhaat kansainv\u00e4liset muuttoyritykset Yhdistyneess\u00e4 kuningaskunnassa\">muuttofirmat<\/a> jotka ovat j\u00e4seni\u00e4 <a href=\"https:\/\/moverdb.com\/fi\/iam\/\" data-internallinksmanager029f6b8e52c=\"23\" title=\"Kansainv\u00e4linen muuttajien liitto (IAM) selitetty\">Kansainv\u00e4linen muuttajien liitto<\/a> (IAM) ja\/tai <a href=\"https:\/\/moverdb.com\/fi\/fidi-faim\/\" data-internallinksmanager029f6b8e52c=\"16\" title=\"FIDI &amp; FAIM (FIDI Accredited International Mover) selitettyin\u00e4\">FIDI<\/a> Accredited International Mover (FAIM), joka voi auttaa sinua muutossasi.<\/p>\n<h2><strong>1. Toiminta Muuttopalvelut<\/strong><\/h2>\n<p><img loading=\"lazy\" decoding=\"async\" class=\"alignnone size-full wp-image-11242\" src=\"https:\/\/moverdb.com\/wp-content\/uploads\/Action-Moving-Services-international-moving-company.png\" alt=\"Action Moving Services kansainv\u00e4linen muuttofirma\" width=\"1440\" height=\"678\" data-wp-pid=\"11242\" srcset=\"https:\/\/moverdb.com\/wp-content\/uploads\/Action-Moving-Services-international-moving-company.png 1440w, https:\/\/moverdb.com\/wp-content\/uploads\/Action-Moving-Services-international-moving-company-300x141.png 300w, https:\/\/moverdb.com\/wp-content\/uploads\/Action-Moving-Services-international-moving-company-1024x482.png 1024w, https:\/\/moverdb.com\/wp-content\/uploads\/Action-Moving-Services-international-moving-company-18x8.png 18w, https:\/\/moverdb.com\/wp-content\/uploads\/Action-Moving-Services-international-moving-company-600x283.png 600w\" sizes=\"auto, (max-width: 1440px) 100vw, 1440px\" \/><\/p>\n<ul>\n<li>Paikalliset ja pitk\u00e4n matkan siirrot<\/li>\n<li>Kansainv\u00e4liset siirrot<\/li>\n<li>Kotitalouksien muutot<\/li>\n<li>Toimisto- ja teollisuussiirrot<\/li>\n<li>Yritysten uudelleensijoitukset<\/li>\n<li>End-to-end-ratkaisut<\/li>\n<li>Pakkauspalvelu<\/li>\n<li>Tullin tuki<\/li>\n<li>Taideteosten k\u00e4sittely<\/li>\n<li>Varastointipalvelut<\/li>\n<\/ul>\n<p>Action Moving Services on paikallinen ja kansainv\u00e4linen muuttoyritys, joka sijaitsee South Burnsvilless\u00e4. He ovat Atlas Van Linesin osavaltioiden v\u00e4linen agentti, joka tarjoaa heille kansallisen ja kansainv\u00e4lisen muuttoagenttiverkoston, jonka kanssa he voivat ty\u00f6skennell\u00e4. He ovat IAM:n j\u00e4sen 42 vuoden kokemuksella.<\/p>\n<p>Action Moving Services tarjoaa kokonaisvaltaisia muutto- ja uudelleensijoituspalveluja, jotka huolehtivat kaikista muuttoihisi liittyvist\u00e4 n\u00e4k\u00f6kohdista. Heid\u00e4n palveluihinsa kuuluu tavaroiden turvallinen pakkaaminen kuljetusta varten ja niiden purkaminen m\u00e4\u00e4r\u00e4np\u00e4\u00e4h\u00e4n saapuessasi. He j\u00e4rjest\u00e4v\u00e4t tavaroillesi kuljetuksen ja tukevat sinua tulliasioissa.<\/p>\n<p>Verkkosivusto: <a href=\"http:\/\/actionmoving.com\/\" target=\"_blank\" rel=\"noopener\">http:\/\/actionmoving.com\/<\/a><\/p>\n<h2><strong>2. Beltmann Moving &amp; Storage<\/strong><\/h2>\n<p><img loading=\"lazy\" decoding=\"async\" class=\"alignnone size-full wp-image-11269\" src=\"https:\/\/moverdb.com\/wp-content\/uploads\/Beltmann-Relocation-Group-international-moving-company.png\" alt=\"Beltmann Relocation Group kansainv\u00e4linen muuttofirma\" width=\"1440\" height=\"682\" data-wp-pid=\"11269\" srcset=\"https:\/\/moverdb.com\/wp-content\/uploads\/Beltmann-Relocation-Group-international-moving-company.png 1440w, https:\/\/moverdb.com\/wp-content\/uploads\/Beltmann-Relocation-Group-international-moving-company-300x142.png 300w, https:\/\/moverdb.com\/wp-content\/uploads\/Beltmann-Relocation-Group-international-moving-company-1024x485.png 1024w, https:\/\/moverdb.com\/wp-content\/uploads\/Beltmann-Relocation-Group-international-moving-company-18x9.png 18w, https:\/\/moverdb.com\/wp-content\/uploads\/Beltmann-Relocation-Group-international-moving-company-600x284.png 600w\" sizes=\"auto, (max-width: 1440px) 100vw, 1440px\" \/><\/p>\n<ul>\n<li>Paikalliset ja kansalliset siirrot<\/li>\n<li>Kansainv\u00e4liset siirrot<\/li>\n<li>Asuntojen muutot<\/li>\n<li>Toimiston muutot<\/li>\n<li>Yritysten uudelleensijoitukset<\/li>\n<li>Muuttokoordinaattori<\/li>\n<li>Pakkauspalvelu<\/li>\n<li>Kuljetuksen j\u00e4rjest\u00e4minen<\/li>\n<li>Tullien k\u00e4sittely<\/li>\n<li>Turvallinen lyhyt- ja pitk\u00e4aikainen varastointi<\/li>\n<\/ul>\n<p>Beltmann Moving &amp; Storage on vuodesta 1923 toiminut muuttofirma, jolla on 11 toimipistett\u00e4 eri puolilla maata. <a href=\"https:\/\/moverdb.com\/fi\/moving-to-the-united-states\/\" data-internallinksmanager029f6b8e52c=\"94\" title=\"Muutatko Yhdysvaltoihin? 2022 Elinkustannukset ja muuttovinkit\">US<\/a> mukaan lukien Roseville. He ovat North American Van Linesin edustaja, mik\u00e4 antaa heille p\u00e4\u00e4syn maailmanlaajuiseen muutto- ja varastointiyritysten verkostoon. He ovat IAM:n j\u00e4sen 25 vuoden kokemuksella.<\/p>\n<p>Beltmann Moving &amp; Storage auttaa sujuvoittamaan muuttoasi alkaen ilmaisen muuttoarvion laatimisesta. He tarjoavat muuttokoordinaattorin tukenasi ja r\u00e4\u00e4t\u00e4l\u00f6iv\u00e4t palvelunsa tarpeittesi mukaan. He tarjoavat pakkauspalvelua, joka sis\u00e4lt\u00e4\u00e4 huonekalujen purkamisen ja kokoamisen sek\u00e4 pakkausten purkamisen saapuessasi.<\/p>\n<p>Verkkosivusto: <a href=\"http:\/\/www.beltmann.com\" target=\"_blank\" rel=\"noopener\">http:\/\/www.beltmann.com<\/a><\/p>\n<h2><strong>3. Berger Moving &amp; Storage<\/strong><\/h2>\n<p><img loading=\"lazy\" decoding=\"async\" class=\"alignnone size-full wp-image-11270\" src=\"https:\/\/moverdb.com\/wp-content\/uploads\/Berger-Moving-Storage-international-moving-company.png\" alt=\"Berger Moving &amp; Storage kansainv\u00e4linen muuttofirma\" width=\"1440\" height=\"677\" data-wp-pid=\"11270\" srcset=\"https:\/\/moverdb.com\/wp-content\/uploads\/Berger-Moving-Storage-international-moving-company.png 1440w, https:\/\/moverdb.com\/wp-content\/uploads\/Berger-Moving-Storage-international-moving-company-300x141.png 300w, https:\/\/moverdb.com\/wp-content\/uploads\/Berger-Moving-Storage-international-moving-company-1024x481.png 1024w, https:\/\/moverdb.com\/wp-content\/uploads\/Berger-Moving-Storage-international-moving-company-18x8.png 18w, https:\/\/moverdb.com\/wp-content\/uploads\/Berger-Moving-Storage-international-moving-company-600x282.png 600w\" sizes=\"auto, (max-width: 1440px) 100vw, 1440px\" \/><\/p>\n<ul>\n<li>Paikalliset ja pitk\u00e4n matkan siirrot<\/li>\n<li>Kansainv\u00e4liset siirrot<\/li>\n<li>Kotitalouksien muutot<\/li>\n<li>Kaupalliset siirrot<\/li>\n<li>Siirtymiskoordinaattori<\/li>\n<li>Pakkauspalvelu<\/li>\n<li>Tavaroiden inventaario<\/li>\n<li>Kuljetuksen j\u00e4rjest\u00e4minen<\/li>\n<li>Tulliselvitys<\/li>\n<li>Lyhytaikainen varastointi<\/li>\n<\/ul>\n<p>Berger Moving &amp; Storage on vuonna 1910 perustettu kuljetuspalveluyritys, jonka kotipaikka on Saint Paulissa ja jolla on 16 toimipistett\u00e4 koko maassa. Se on Allied Van Linesin edustaja, joka on kansainv\u00e4linen muuttoagenttiverkosto. Se on IAM:n j\u00e4sen, ja sill\u00e4 on 113 vuoden kokemus.<\/p>\n<p>Berger Moving &amp; Storage tarjoaa maksuttoman arvion kansainv\u00e4lisest\u00e4 muutosta tai virtuaalisesta muutosta kansainv\u00e4lisen muuttokonsultin kanssa. Muuttokoordinaattori auttaa sinua prosessin l\u00e4pi ja selvitt\u00e4\u00e4, mit\u00e4 paperit\u00f6it\u00e4 tarvitaan. Heid\u00e4n pakkauspalvelussaan k\u00e4ytet\u00e4\u00e4n kansainv\u00e4lisi\u00e4 pakkausmenetelmi\u00e4 ja -materiaaleja tavaroitesi suojaamiseksi, ja he laativat inventaarion.<\/p>\n<p>Verkkosivusto: <a href=\"https:\/\/www.bergerallied.com\" target=\"_blank\" rel=\"noopener\">https:\/\/www.bergerallied.com<\/a><\/p>","protected":false},"excerpt":{"rendered":"<p>Moving can be a big upheaval and there is a lot to arrange, so why not take some of the pressure off by letting a moving company handle your belongings? They can organise the logistics of your move as well as packing and deal with customs if needed. Below we have compiled a list of [&hellip;]<\/p>\n","protected":false},"author":4,"featured_media":11242,"parent":190,"menu_order":0,"comment_status":"closed","ping_status":"closed","template":"","meta":{"_genesis_hide_title":false,"_genesis_hide_breadcrumbs":false,"_genesis_hide_singular_image":false,"_genesis_hide_footer_widgets":false,"_genesis_custom_body_class":"","_genesis_custom_post_class":"","_genesis_layout":"","footnotes":""},"class_list":{"0":"post-11617","1":"page","2":"type-page","3":"status-publish","4":"has-post-thumbnail","6":"entry"},"_links":{"self":[{"href":"https:\/\/moverdb.com\/fi\/wp-json\/wp\/v2\/pages\/11617","targetHints":{"allow":["GET"]}}],"collection":[{"href":"https:\/\/moverdb.com\/fi\/wp-json\/wp\/v2\/pages"}],"about":[{"href":"https:\/\/moverdb.com\/fi\/wp-json\/wp\/v2\/types\/page"}],"author":[{"embeddable":true,"href":"https:\/\/moverdb.com\/fi\/wp-json\/wp\/v2\/users\/4"}],"replies":[{"embeddable":true,"href":"https:\/\/moverdb.com\/fi\/wp-json\/wp\/v2\/comments?post=11617"}],"version-history":[{"count":1,"href":"https:\/\/moverdb.com\/fi\/wp-json\/wp\/v2\/pages\/11617\/revisions"}],"predecessor-version":[{"id":11618,"href":"https:\/\/moverdb.com\/fi\/wp-json\/wp\/v2\/pages\/11617\/revisions\/11618"}],"up":[{"embeddable":true,"href":"https:\/\/moverdb.com\/fi\/wp-json\/wp\/v2\/pages\/190"}],"wp:featuredmedia":[{"embeddable":true,"href":"https:\/\/moverdb.com\/fi\/wp-json\/wp\/v2\/media\/11242"}],"wp:attachment":[{"href":"https:\/\/moverdb.com\/fi\/wp-json\/wp\/v2\/media?parent=11617"}],"curies":[{"name":"wp","href":"https:\/\/api.w.org\/{rel}","templated":true}]}}