{"id":11602,"date":"2023-11-29T10:33:42","date_gmt":"2023-11-29T10:33:42","guid":{"rendered":"https:\/\/moverdb.com\/?page_id=11602"},"modified":"2026-01-08T15:24:17","modified_gmt":"2026-01-08T15:24:17","slug":"moving-companies-us-jacksonville","status":"publish","type":"page","link":"https:\/\/moverdb.com\/fi\/moving-companies\/moving-companies-us-jacksonville\/","title":{"rendered":"3 parasta kansainv\u00e4list\u00e4 muuttoliikett\u00e4 yritykset Jacksonville"},"content":{"rendered":"<p>Jos suunnittelet muuttoa paikallisesti, kansallisesti tai kansainv\u00e4lisesti Jacksonvilleen tai Jacksonvillest\u00e4, saatat tarvita apua. <a href=\"https:\/\/moverdb.com\/fi\/moving-companies\/\" data-internallinksmanager029f6b8e52c=\"79\" title=\"Top 25 Kansainv\u00e4list\u00e4 muuttoyrityksi\u00e4 verkossa\">Muuttoyritykset<\/a> tarjoaa monenlaista apua, kuten suunnittelu-, pakkaus-, kuljetus-, tullik\u00e4sittely- ja purkamispalveluja. Alla on luettelo Jacksonvilleen sijoittautuneista yrityksist\u00e4. <a href=\"https:\/\/moverdb.com\/fi\/international-removals\/\" data-internallinksmanager029f6b8e52c=\"27\" title=\"36 Parhaat kansainv\u00e4liset muuttoyritykset Yhdistyneess\u00e4 kuningaskunnassa\">muuttofirmat<\/a> jotka ovat j\u00e4seni\u00e4 <a href=\"https:\/\/moverdb.com\/fi\/iam\/\" data-internallinksmanager029f6b8e52c=\"23\" title=\"Kansainv\u00e4linen muuttajien liitto (IAM) selitetty\">Kansainv\u00e4linen muuttajien liitto<\/a> (IAM) ja\/tai <a href=\"https:\/\/moverdb.com\/fi\/fidi-faim\/\" data-internallinksmanager029f6b8e52c=\"16\" title=\"FIDI &amp; FAIM (FIDI Accredited International Mover) selitettyin\u00e4\">FIDI<\/a> Accredited International Mover (FAIM), joka voi auttaa sinua muutossasi.<\/p>\n<h2><strong>1. Conser Moving &amp; Storage<\/strong><\/h2>\n<p><img loading=\"lazy\" decoding=\"async\" class=\"alignnone size-full wp-image-11292\" src=\"https:\/\/moverdb.com\/wp-content\/uploads\/Conser-Moving-Storage-international-moving-company.png\" alt=\"Conser Moving &amp; Storage kansainv\u00e4linen muuttofirma\" width=\"1440\" height=\"681\" data-wp-pid=\"11292\" srcset=\"https:\/\/moverdb.com\/wp-content\/uploads\/Conser-Moving-Storage-international-moving-company.png 1440w, https:\/\/moverdb.com\/wp-content\/uploads\/Conser-Moving-Storage-international-moving-company-300x142.png 300w, https:\/\/moverdb.com\/wp-content\/uploads\/Conser-Moving-Storage-international-moving-company-1024x484.png 1024w, https:\/\/moverdb.com\/wp-content\/uploads\/Conser-Moving-Storage-international-moving-company-18x9.png 18w, https:\/\/moverdb.com\/wp-content\/uploads\/Conser-Moving-Storage-international-moving-company-600x284.png 600w\" sizes=\"auto, (max-width: 1440px) 100vw, 1440px\" \/><\/p>\n<ul>\n<li>Paikalliset siirrot<\/li>\n<li>Pitk\u00e4n matkan siirrot<\/li>\n<li>Asuntojen muutot<\/li>\n<li>Toimiston muutot<\/li>\n<li>R\u00e4\u00e4t\u00e4l\u00f6ity palvelu<\/li>\n<li>Muuttovaihtoehtojen valinta<\/li>\n<li>Muuton hallinta<\/li>\n<li>Kuljetusj\u00e4rjestelyt<\/li>\n<li>Siirr\u00e4 suojaus<\/li>\n<li>Varastointitilat<\/li>\n<\/ul>\n<p>Conser Moving &amp; Storage on Jacksonvilless\u00e4 sijaitseva muutto- ja siirtoyritys, joka on erikoistunut kotimaan ja sotilasalan muuttoihin. Se on Mayflower Transitin edustaja, joka on tarjonnut muuttopalveluja yli 90 vuoden ajan. He ovat IAM:n j\u00e4sen, ja heill\u00e4 on 11 vuoden kokemus.<\/p>\n<p>Conser Moving &amp; Storage tarjoaa sinulle kaiken tarvitsemasi tuen muuttoa varten, ja voit laatia muuttosuunnitelman, jossa on r\u00e4\u00e4t\u00e4l\u00f6it\u00e4viss\u00e4 olevia vaihtoehtoja tarvitsemiisi palveluihin. He auttavat sinua l\u00f6yt\u00e4m\u00e4\u00e4n tarpeisiisi, budjettiisi ja aikatauluusi sopivan muuttosuunnitelman.<\/p>\n<p>Verkkosivusto: <a href=\"https:\/\/consermoving.com\" target=\"_blank\" rel=\"noopener\">https:\/\/consermoving.com<\/a><\/p>\n<h2><strong>2. DN Van Lines<\/strong><\/h2>\n<p><img loading=\"lazy\" decoding=\"async\" class=\"alignnone size-full wp-image-11307\" src=\"https:\/\/moverdb.com\/wp-content\/uploads\/DN-Van-Lines-international-moving-company.png\" alt=\"DN Van Lines kansainv\u00e4linen muuttofirma\" width=\"1440\" height=\"670\" data-wp-pid=\"11307\" srcset=\"https:\/\/moverdb.com\/wp-content\/uploads\/DN-Van-Lines-international-moving-company.png 1440w, https:\/\/moverdb.com\/wp-content\/uploads\/DN-Van-Lines-international-moving-company-300x140.png 300w, https:\/\/moverdb.com\/wp-content\/uploads\/DN-Van-Lines-international-moving-company-1024x476.png 1024w, https:\/\/moverdb.com\/wp-content\/uploads\/DN-Van-Lines-international-moving-company-18x8.png 18w, https:\/\/moverdb.com\/wp-content\/uploads\/DN-Van-Lines-international-moving-company-600x279.png 600w\" sizes=\"auto, (max-width: 1440px) 100vw, 1440px\" \/><\/p>\n<ul>\n<li>Paikalliset ja osavaltioiden v\u00e4liset siirrot<\/li>\n<li>Kansainv\u00e4liset siirrot<\/li>\n<li>Kotitalouksien muutot<\/li>\n<li>Toimisto- ja yrityssiirrot<\/li>\n<li>Henkil\u00f6kohtainen uudelleensijoittamisen johtaja<\/li>\n<li>Pakkauspalvelut<\/li>\n<li>Varastonhallinta<\/li>\n<li>Kuljetusj\u00e4rjestelyt<\/li>\n<li>Vakuutus<\/li>\n<li>Varastointipalvelut<\/li>\n<\/ul>\n<p>DN Van Lines on vuonna 2001 perustettu muutto- ja varastointiyritys, jolla on toimipisteit\u00e4 Jacksonvilless\u00e4, <a href=\"https:\/\/moverdb.com\/fi\/moving-to-the-united-states\/moving-to-massachusetts\/\" data-internallinksmanager029f6b8e52c=\"412\" title=\"Muutatko Massachusettsiin? 2023 Elinkustannukset ja muuttovinkit\">Massachusetts<\/a> ja <a href=\"https:\/\/moverdb.com\/fi\/moving-to-the-united-states\/moving-to-virginia\/\" data-internallinksmanager029f6b8e52c=\"442\" title=\"Muutto Virginiassa? 2023 Elinkustannukset ja muuttovinkit\">Virginia<\/a>. He ty\u00f6skentelev\u00e4t luotettavan muuttopalvelujen tarjoajien verkoston kanssa eri puolilla maailmaa, joka auttaa heit\u00e4. He ovat IAM:n j\u00e4sen 14 vuoden kokemuksella.<\/p>\n<p>DN Van Lines tarjoaa ilmaisen arvion ja kotik\u00e4ynnin tai virtuaalisen kartoituksen muuttotarpeidesi arvioimiseksi. He tarjoavat henkil\u00f6kohtaisen muuttop\u00e4\u00e4llik\u00f6n, joka laatii yksityiskohtaisen, tarpeisiisi r\u00e4\u00e4t\u00e4l\u00f6idyn muuttosuunnitelman ja avustaa sinua koko muuton ajan. He tarjoavat pakkauspalvelun, johon sis\u00e4ltyy yksityiskohtainen inventaario tavaroistasi.<\/p>\n<p>Verkkosivusto: <a href=\"http:\/\/www.dnvanlines.com\" target=\"_blank\" rel=\"noopener\">http:\/\/www.dnvanlines.com<\/a><\/p>\n<h2><strong>3. Suddath<\/strong><\/h2>\n<p><img loading=\"lazy\" decoding=\"async\" class=\"alignnone size-full wp-image-11450\" src=\"https:\/\/moverdb.com\/wp-content\/uploads\/Suddath-international-moving-company.png\" alt=\"Suddathin kansainv\u00e4linen muuttofirma\" width=\"1440\" height=\"677\" data-wp-pid=\"11450\" srcset=\"https:\/\/moverdb.com\/wp-content\/uploads\/Suddath-international-moving-company.png 1440w, https:\/\/moverdb.com\/wp-content\/uploads\/Suddath-international-moving-company-300x141.png 300w, https:\/\/moverdb.com\/wp-content\/uploads\/Suddath-international-moving-company-1024x481.png 1024w, https:\/\/moverdb.com\/wp-content\/uploads\/Suddath-international-moving-company-18x8.png 18w, https:\/\/moverdb.com\/wp-content\/uploads\/Suddath-international-moving-company-600x282.png 600w\" sizes=\"auto, (max-width: 1440px) 100vw, 1440px\" \/><\/p>\n<ul>\n<li>Paikalliset ja pitk\u00e4n matkan siirrot<\/li>\n<li>Kansainv\u00e4liset siirrot<\/li>\n<li>Kotitalouksien muutot<\/li>\n<li>Kaupalliset siirrot<\/li>\n<li>Kokonaisvaltainen palvelu<\/li>\n<li>Pakkauspalvelu<\/li>\n<li>Tullin tuki<\/li>\n<li>Ajoneuvojen ja lemmikkiel\u00e4inten kuljetus<\/li>\n<li>Vakuutus<\/li>\n<li>Lyhytaikainen ja pitk\u00e4aikainen varastointi<\/li>\n<\/ul>\n<p>Suddath on vuonna 1919 Jacksonvilless\u00e4 perustettu muutto- ja logistiikkayritys, jolla on viel\u00e4 19 toimipistett\u00e4 Jacksonvilless\u00e4. <a href=\"https:\/\/moverdb.com\/fi\/moving-to-the-united-states\/\" data-internallinksmanager029f6b8e52c=\"94\" title=\"Muutatko Yhdysvaltoihin? 2022 Elinkustannukset ja muuttovinkit\">US<\/a>. Heill\u00e4 on maailmanlaajuinen, tarkastettujen ja vakiintuneiden yritysten kumppaniverkosto, joka auttaa heit\u00e4 toimittamaan kokonaisvaltaisia palveluja 180 maahan ymp\u00e4ri maailmaa. He ovat IAM:n j\u00e4sen 104 vuoden kokemuksella.<\/p>\n<p>Suddath tarjoaa yhden luukun palvelun kaikkiin muuttotarpeisiisi, ja sinulla on oma muuttoneuvoja, joka tukee sinua kaikissa vaiheissa ja budjetin mukaisesti. He tarjoavat henkil\u00f6kohtaisen l\u00e4hestymistavan ja opastavat sinua tullien, asiakirjojen ja vakuutusten kanssa. He tarjoavat my\u00f6s lis\u00e4palveluita, kuten asettautumis- ja siivouspalveluja.<\/p>\n<p>Verkkosivusto: <a href=\"https:\/\/suddath.com\" target=\"_blank\" rel=\"noopener\">https:\/\/suddath.com<\/a><\/p>","protected":false},"excerpt":{"rendered":"<p>If you are planning a move locally, nationally or internationally to or from Jacksonville you may want some assistance. Moving companies offer a variety of help including planning, packing, transportation, customs handling and unpacking services. Below we have compiled a list of Jacksonville based removal companies that are members of the International Association of Movers [&hellip;]<\/p>\n","protected":false},"author":4,"featured_media":11292,"parent":190,"menu_order":0,"comment_status":"closed","ping_status":"closed","template":"","meta":{"_genesis_hide_title":false,"_genesis_hide_breadcrumbs":false,"_genesis_hide_singular_image":false,"_genesis_hide_footer_widgets":false,"_genesis_custom_body_class":"","_genesis_custom_post_class":"","_genesis_layout":"","footnotes":""},"class_list":{"0":"post-11602","1":"page","2":"type-page","3":"status-publish","4":"has-post-thumbnail","6":"entry"},"_links":{"self":[{"href":"https:\/\/moverdb.com\/fi\/wp-json\/wp\/v2\/pages\/11602","targetHints":{"allow":["GET"]}}],"collection":[{"href":"https:\/\/moverdb.com\/fi\/wp-json\/wp\/v2\/pages"}],"about":[{"href":"https:\/\/moverdb.com\/fi\/wp-json\/wp\/v2\/types\/page"}],"author":[{"embeddable":true,"href":"https:\/\/moverdb.com\/fi\/wp-json\/wp\/v2\/users\/4"}],"replies":[{"embeddable":true,"href":"https:\/\/moverdb.com\/fi\/wp-json\/wp\/v2\/comments?post=11602"}],"version-history":[{"count":1,"href":"https:\/\/moverdb.com\/fi\/wp-json\/wp\/v2\/pages\/11602\/revisions"}],"predecessor-version":[{"id":11603,"href":"https:\/\/moverdb.com\/fi\/wp-json\/wp\/v2\/pages\/11602\/revisions\/11603"}],"up":[{"embeddable":true,"href":"https:\/\/moverdb.com\/fi\/wp-json\/wp\/v2\/pages\/190"}],"wp:featuredmedia":[{"embeddable":true,"href":"https:\/\/moverdb.com\/fi\/wp-json\/wp\/v2\/media\/11292"}],"wp:attachment":[{"href":"https:\/\/moverdb.com\/fi\/wp-json\/wp\/v2\/media?parent=11602"}],"curies":[{"name":"wp","href":"https:\/\/api.w.org\/{rel}","templated":true}]}}