{"id":11600,"date":"2023-11-29T10:45:01","date_gmt":"2023-11-29T10:45:01","guid":{"rendered":"https:\/\/moverdb.com\/?page_id=11600"},"modified":"2026-01-08T15:25:08","modified_gmt":"2026-01-08T15:25:08","slug":"moving-companies-us-indiana","status":"publish","type":"page","link":"https:\/\/moverdb.com\/fi\/moving-companies\/moving-companies-us-indiana\/","title":{"rendered":"5 parasta kansainv\u00e4list\u00e4 muuttoa harjoittavaa yrityst\u00e4 Indianassa"},"content":{"rendered":"<p>Muutto voi olla stressaavaa aikaa, kun on niin paljon asioita hoidettavana. Siksi monet ihmiset turvautuvat muuttopalvelun apuun. <a href=\"https:\/\/moverdb.com\/fi\/moving-companies\/\" data-internallinksmanager029f6b8e52c=\"79\" title=\"Top 25 Kansainv\u00e4list\u00e4 muuttoyrityksi\u00e4 verkossa\">muuttofirma<\/a> sill\u00e4 he voivat hoitaa muuton, pakata ja kuljettaa tavarasi sek\u00e4 hoitaa tullimenettelyt, jos muutat kansainv\u00e4lisesti. Olemme koonneet alla olevan luettelon <a href=\"https:\/\/moverdb.com\/fi\/moving-to-the-united-states\/moving-to-indiana\/\" data-internallinksmanager029f6b8e52c=\"445\" title=\"Muutto Indianaan? 2023 Elinkustannukset ja muuttovinkit\">Indiana<\/a> perustuu <a href=\"https:\/\/moverdb.com\/fi\/international-removals\/\" data-internallinksmanager029f6b8e52c=\"27\" title=\"36 Parhaat kansainv\u00e4liset muuttoyritykset Yhdistyneess\u00e4 kuningaskunnassa\">muuttofirmat<\/a> jotka ovat j\u00e4seni\u00e4 <a href=\"https:\/\/moverdb.com\/fi\/iam\/\" data-internallinksmanager029f6b8e52c=\"23\" title=\"Kansainv\u00e4linen muuttajien liitto (IAM) selitetty\">Kansainv\u00e4linen muuttajien liitto<\/a> (IAM) ja\/tai <a href=\"https:\/\/moverdb.com\/fi\/fidi-faim\/\" data-internallinksmanager029f6b8e52c=\"16\" title=\"FIDI &amp; FAIM (FIDI Accredited International Mover) selitettyin\u00e4\">FIDI<\/a> Accredited International Mover (FAIM), joka voi auttaa sinua muutossasi.<\/p>\n<div id=\"ez-toc-container\" class=\"ez-toc-v2_0_82_2 ez-toc-wrap-left counter-hierarchy ez-toc-counter ez-toc-transparent ez-toc-container-direction\">\n<div class=\"ez-toc-title-container\">\n<p class=\"ez-toc-title\" style=\"cursor:inherit\">Jaksot<\/p>\n<span class=\"ez-toc-title-toggle\"><a href=\"#\" class=\"ez-toc-pull-right ez-toc-btn ez-toc-btn-xs ez-toc-btn-default ez-toc-toggle\" aria-label=\"Sis\u00e4llysluettelon vaihtaminen\"><span class=\"ez-toc-js-icon-con\"><span class=\"\"><span class=\"eztoc-hide\" style=\"display:none;\">Toggle<\/span><span class=\"ez-toc-icon-toggle-span\"><svg style=\"fill: #999;color:#999\" xmlns=\"http:\/\/www.w3.org\/2000\/svg\" class=\"list-377408\" width=\"20px\" height=\"20px\" viewbox=\"0 0 24 24\" fill=\"none\"><path d=\"M6 6H4v2h2V6zm14 0H8v2h12V6zM4 11h2v2H4v-2zm16 0H8v2h12v-2zM4 16h2v2H4v-2zm16 0H8v2h12v-2z\" fill=\"currentColor\"><\/path><\/svg><svg style=\"fill: #999;color:#999\" class=\"arrow-unsorted-368013\" xmlns=\"http:\/\/www.w3.org\/2000\/svg\" width=\"10px\" height=\"10px\" viewbox=\"0 0 24 24\" version=\"1.2\" baseprofile=\"tiny\"><path d=\"M18.2 9.3l-6.2-6.3-6.2 6.3c-.2.2-.3.4-.3.7s.1.5.3.7c.2.2.4.3.7.3h11c.3 0 .5-.1.7-.3.2-.2.3-.5.3-.7s-.1-.5-.3-.7zM5.8 14.7l6.2 6.3 6.2-6.3c.2-.2.3-.5.3-.7s-.1-.5-.3-.7c-.2-.2-.4-.3-.7-.3h-11c-.3 0-.5.1-.7.3-.2.2-.3.5-.3.7s.1.5.3.7z\"\/><\/svg><\/span><\/span><\/span><\/a><\/span><\/div>\n<nav><ul class='ez-toc-list ez-toc-list-level-1 eztoc-toggle-hide-by-default' ><li class='ez-toc-page-1 ez-toc-heading-level-2'><a class=\"ez-toc-link ez-toc-heading-1\" href=\"https:\/\/moverdb.com\/fi\/moving-companies\/moving-companies-us-indiana\/#1_Atlas_International\" >1. Atlas International<\/a><\/li><li class='ez-toc-page-1 ez-toc-heading-level-2'><a class=\"ez-toc-link ez-toc-heading-2\" href=\"https:\/\/moverdb.com\/fi\/moving-companies\/moving-companies-us-indiana\/#2_Atlantic_Relocation_Systems\" >2. Atlantic Relocation Systems<\/a><\/li><li class='ez-toc-page-1 ez-toc-heading-level-2'><a class=\"ez-toc-link ez-toc-heading-3\" href=\"https:\/\/moverdb.com\/fi\/moving-companies\/moving-companies-us-indiana\/#3_Reindeer_Auto_Moving\" >3. Poron automaattinen siirt\u00e4minen<\/a><\/li><li class='ez-toc-page-1 ez-toc-heading-level-2'><a class=\"ez-toc-link ez-toc-heading-4\" href=\"https:\/\/moverdb.com\/fi\/moving-companies\/moving-companies-us-indiana\/#4_Wheaton_World_Wide_Moving\" >4. Wheaton World Wide Moving<\/a><\/li><li class='ez-toc-page-1 ez-toc-heading-level-2'><a class=\"ez-toc-link ez-toc-heading-5\" href=\"https:\/\/moverdb.com\/fi\/moving-companies\/moving-companies-us-indiana\/#5_Wickman_Worldwide_Services\" >5. Wickman Worldwide Services<\/a><\/li><\/ul><\/nav><\/div>\n<h2><span class=\"ez-toc-section\" id=\"1_Atlas_International\"><\/span><strong>1. Atlas International<\/strong><span class=\"ez-toc-section-end\"><\/span><\/h2>\n<p><img loading=\"lazy\" decoding=\"async\" class=\"alignnone size-full wp-image-11263\" src=\"https:\/\/moverdb.com\/wp-content\/uploads\/Atlas-International-moving-company-3.png\" alt=\"Atlas International muuttoyhti\u00f6\" width=\"1440\" height=\"676\" data-wp-pid=\"11263\" srcset=\"https:\/\/moverdb.com\/wp-content\/uploads\/Atlas-International-moving-company-3.png 1440w, https:\/\/moverdb.com\/wp-content\/uploads\/Atlas-International-moving-company-3-300x141.png 300w, https:\/\/moverdb.com\/wp-content\/uploads\/Atlas-International-moving-company-3-1024x481.png 1024w, https:\/\/moverdb.com\/wp-content\/uploads\/Atlas-International-moving-company-3-18x8.png 18w, https:\/\/moverdb.com\/wp-content\/uploads\/Atlas-International-moving-company-3-600x282.png 600w\" sizes=\"auto, (max-width: 1440px) 100vw, 1440px\" \/><\/p>\n<ul>\n<li>Kansainv\u00e4liset siirrot<\/li>\n<li>Asuntojen siirrot<\/li>\n<li>Yritysten uudelleensijoitukset<\/li>\n<li>Ovelta ovelle -palvelu<\/li>\n<li>Ammattimainen pakkauspalvelu<\/li>\n<li>Meri- ja ilmakuljetukset<\/li>\n<li>S\u00e4ili\u00f6vaihtoehtojen valinta<\/li>\n<li>Tulliselvitys<\/li>\n<li>Suojelusuunnitelmat<\/li>\n<li>Varastointitilat<\/li>\n<\/ul>\n<p>Atlas International on vuonna 1960 perustettu kansainv\u00e4linen muuttofirma, jonka kotipaikka on Evansville. Sill\u00e4 on kattava maailmanlaajuinen verkosto, joka auttaa sit\u00e4 tarjoamaan maailmanlaajuisia muuttopalveluja. Se on IAM:n j\u00e4sen 38 vuoden kokemuksella, ja se on FIDI:n akkreditoima.<\/p>\n<p>Atlas International tarjoaa ilmaisen muuttokartoituksen ja arvion. He laativat r\u00e4\u00e4t\u00e4l\u00f6idyn muuttosuunnitelman, joka voi tarjota t\u00e4yden palvelun muuttokokemuksen. He tarjoavat ovelta ovelle -muuttopalvelua kansainv\u00e4listen muuttoasiantuntijoiden tuella. He tarjoavat pakkauspalvelun, joka suojaa tavaroitasi, ja herkkien tavaroiden kanssa toimitaan erityisen huolellisesti.<\/p>\n<p>Verkkosivusto: <a href=\"https:\/\/www.atlasintl.com\/\" target=\"_blank\" rel=\"noopener\">https:\/\/www.atlasintl.com\/<\/a><\/p>\n<h2><span class=\"ez-toc-section\" id=\"2_Atlantic_Relocation_Systems\"><\/span><strong>2. Atlantic Relocation Systems<\/strong><span class=\"ez-toc-section-end\"><\/span><\/h2>\n<p><img loading=\"lazy\" decoding=\"async\" class=\"alignnone size-full wp-image-11262\" src=\"https:\/\/moverdb.com\/wp-content\/uploads\/Atlantic-Relocation-Systems-international-moving-company.png\" alt=\"Atlantic Relocation Systems kansainv\u00e4linen muuttoliikeyritys\" width=\"1440\" height=\"677\" data-wp-pid=\"11262\" srcset=\"https:\/\/moverdb.com\/wp-content\/uploads\/Atlantic-Relocation-Systems-international-moving-company.png 1440w, https:\/\/moverdb.com\/wp-content\/uploads\/Atlantic-Relocation-Systems-international-moving-company-300x141.png 300w, https:\/\/moverdb.com\/wp-content\/uploads\/Atlantic-Relocation-Systems-international-moving-company-1024x481.png 1024w, https:\/\/moverdb.com\/wp-content\/uploads\/Atlantic-Relocation-Systems-international-moving-company-18x8.png 18w, https:\/\/moverdb.com\/wp-content\/uploads\/Atlantic-Relocation-Systems-international-moving-company-600x282.png 600w\" sizes=\"auto, (max-width: 1440px) 100vw, 1440px\" \/><\/p>\n<ul>\n<li>Paikalliset ja pitk\u00e4n matkan siirrot<\/li>\n<li>Kansainv\u00e4liset siirrot<\/li>\n<li>Kotitalouksien muutot<\/li>\n<li>Toimiston muutot<\/li>\n<li>My\u00f6nnetty siirtymiskoordinaattori<\/li>\n<li>Pakkauspalvelu<\/li>\n<li>Tie-, ilma- ja merirahti<\/li>\n<li>Tuki tullin kanssa<\/li>\n<li>Taideteosten k\u00e4sittely<\/li>\n<li>Varastointiratkaisut<\/li>\n<\/ul>\n<p>Atlantic Relocation Systems on vuonna 1984 perustettu kansainv\u00e4lisi\u00e4 muuttopalveluja tarjoava muuttofirma, jolla on 13 toimipistett\u00e4, joista yksi Indianapolisissa. Osana Atlas Van Lines -konsernia heill\u00e4 on k\u00e4yt\u00f6ss\u00e4\u00e4n verkosto, joka koostuu seuraavista toimipisteist\u00e4 <a href=\"https:\/\/moverdb.com\/fi\/moving-to-the-united-states\/\" data-internallinksmanager029f6b8e52c=\"94\" title=\"Muutatko Yhdysvaltoihin? 2022 Elinkustannukset ja muuttovinkit\">US<\/a> muuttoyritykset sek\u00e4 laajempi kansainv\u00e4linen verkosto, joka auttaa heit\u00e4. Ne ovat IAM:n j\u00e4seni\u00e4 35 vuoden kokemuksella.<\/p>\n<p>Atlantic Relocation Systems tarjoaa paikallisia ja pitk\u00e4n matkan muuttopalveluja, joista he tarjoavat ilmaisen kotiarvion. Kansainv\u00e4lisi\u00e4 muuttoja varten he tarjoavat kansainv\u00e4lisen muuttokoordinaattorin, joka hallinnoi muuttoa koko prosessin ajan. Se tarjoaa kattavat pakkaus-, kuljetus- ja dokumentointipalvelut.<\/p>\n<p>Verkkosivusto: <a href=\"http:\/\/www.atlanticrelocation.com\" target=\"_blank\" rel=\"noopener\">http:\/\/www.atlanticrelocation.com<\/a><\/p>\n<h2><span class=\"ez-toc-section\" id=\"3_Reindeer_Auto_Moving\"><\/span><strong>3. Poron automaattinen siirt\u00e4minen<\/strong><span class=\"ez-toc-section-end\"><\/span><\/h2>\n<p><img loading=\"lazy\" decoding=\"async\" class=\"alignnone size-full wp-image-11420\" src=\"https:\/\/moverdb.com\/wp-content\/uploads\/Reindeer-Auto-Relocation-international-moving-company.png\" alt=\"Poro Auto Relocation kansainv\u00e4linen muuttoyhti\u00f6\" width=\"1440\" height=\"662\" data-wp-pid=\"11420\" srcset=\"https:\/\/moverdb.com\/wp-content\/uploads\/Reindeer-Auto-Relocation-international-moving-company.png 1440w, https:\/\/moverdb.com\/wp-content\/uploads\/Reindeer-Auto-Relocation-international-moving-company-300x138.png 300w, https:\/\/moverdb.com\/wp-content\/uploads\/Reindeer-Auto-Relocation-international-moving-company-1024x471.png 1024w, https:\/\/moverdb.com\/wp-content\/uploads\/Reindeer-Auto-Relocation-international-moving-company-18x8.png 18w, https:\/\/moverdb.com\/wp-content\/uploads\/Reindeer-Auto-Relocation-international-moving-company-600x276.png 600w\" sizes=\"auto, (max-width: 1440px) 100vw, 1440px\" \/><\/p>\n<ul>\n<li>Ajoneuvon siirtoasiantuntija<\/li>\n<li>Kansalliset siirrot<\/li>\n<li>Kansainv\u00e4liset siirrot<\/li>\n<li>Yksitt\u00e4iset siirrot<\/li>\n<li>Yritysten uudelleensijoitukset<\/li>\n<li>Henkil\u00f6kohtainen palvelu<\/li>\n<li>Ovelta ovelle -palvelu<\/li>\n<li>Turvallinen kuljetus<\/li>\n<li>Seurantapalvelu<\/li>\n<li>Vakuutus<\/li>\n<\/ul>\n<p>Reindeer Auto Moving on vuodesta 1997 toiminut kansallinen ja kansainv\u00e4linen siirto- ja rahtiyritys, jonka kotipaikka on Zionsville. Heill\u00e4 on laaja verkosto hyv\u00e4maineisia ja vakuutettuja kuljetusliikkeit\u00e4, jotka auttavat heit\u00e4 toimittamaan palvelujaan kansallisesti ja kansainv\u00e4lisesti. He ovat IAM:n j\u00e4sen seitsem\u00e4n vuoden kokemuksella.<\/p>\n<p>Reindeer Auto Moving tarjoaa henkil\u00f6kohtaista palvelua muuttoajoneuvoilla ovelta ovelle -palvelulla. He noutavat ja toimittavat ajoneuvosi turvallisesti ja varmasti m\u00e4\u00e4r\u00e4np\u00e4\u00e4h\u00e4si ja seuraavat ajoneuvon kulkua koko prosessin ajan. He tarjoavat taatut nouto- ja toimitusp\u00e4iv\u00e4t joko avoimia tai suljettuja kuljetusvaihtoehtoja k\u00e4ytt\u00e4en.<\/p>\n<p>Verkkosivusto: <a href=\"http:\/\/www.reindeerauto.com\" target=\"_blank\" rel=\"noopener\">http:\/\/www.reindeerauto.com<\/a><\/p>\n<h2><span class=\"ez-toc-section\" id=\"4_Wheaton_World_Wide_Moving\"><\/span><strong>4. Wheaton World Wide Moving<\/strong><span class=\"ez-toc-section-end\"><\/span><\/h2>\n<p><img loading=\"lazy\" decoding=\"async\" class=\"alignnone size-full wp-image-11478\" src=\"https:\/\/moverdb.com\/wp-content\/uploads\/Wheaton-World-Wide-Moving-international-moving-company.png\" alt=\"Wheaton World Wide Moving kansainv\u00e4linen muuttofirma\" width=\"1440\" height=\"677\" data-wp-pid=\"11478\" srcset=\"https:\/\/moverdb.com\/wp-content\/uploads\/Wheaton-World-Wide-Moving-international-moving-company.png 1440w, https:\/\/moverdb.com\/wp-content\/uploads\/Wheaton-World-Wide-Moving-international-moving-company-300x141.png 300w, https:\/\/moverdb.com\/wp-content\/uploads\/Wheaton-World-Wide-Moving-international-moving-company-1024x481.png 1024w, https:\/\/moverdb.com\/wp-content\/uploads\/Wheaton-World-Wide-Moving-international-moving-company-18x8.png 18w, https:\/\/moverdb.com\/wp-content\/uploads\/Wheaton-World-Wide-Moving-international-moving-company-600x282.png 600w\" sizes=\"auto, (max-width: 1440px) 100vw, 1440px\" \/><\/p>\n<ul>\n<li>Paikalliset ja pitk\u00e4n matkan siirrot<\/li>\n<li>Kansainv\u00e4liset siirrot<\/li>\n<li>Kotitalouksien muutot<\/li>\n<li>Kaupalliset siirrot<\/li>\n<li>Yritysten uudelleensijoitukset<\/li>\n<li>Pakkauspalvelut<\/li>\n<li>Kuljetusj\u00e4rjestelyt<\/li>\n<li><a href=\"https:\/\/moverdb.com\/fi\/car-transport-shipping\/\" data-internallinksmanager029f6b8e52c=\"2\" title=\"2026 Kansainv\u00e4linen autokuljetus ja ajoneuvojen kuljetus tarjoukset\">Ajoneuvojen kuljetus<\/a><\/li>\n<li>Suojelusuunnitelmat<\/li>\n<li>Lyhytaikainen ja pitk\u00e4aikainen varastointi<\/li>\n<\/ul>\n<p>Wheaton World Wide Moving on vuonna 1945 perustettu kansainv\u00e4linen muuttofirma, jonka kotipaikka on Indianapolis. Se toimii koko Yhdysvallat kattavan agenttiverkoston kautta, joka on tarkastettu korkeiden standardien noudattamisen varmistamiseksi. He ovat IAM:n j\u00e4sen 78 vuoden kokemuksella.<\/p>\n<p>Wheaton World Wide Moving on t\u00e4yden palvelun muuttoyritys, joka nime\u00e4\u00e4 oman muutonjohtajan. Se alkaa kotik\u00e4ynnill\u00e4 tai virtuaalisella arviolla, jossa m\u00e4\u00e4ritet\u00e4\u00e4n muuton volyymi. He tarjoavat pakkauspalvelua, joka voi koskea kaikkia tavaroitasi tai vain hauraita ja herkki\u00e4 tavaroita.<\/p>\n<p>Verkkosivusto: <a href=\"http:\/\/www.wheatonworldwide.com\" target=\"_blank\" rel=\"noopener\">http:\/\/www.wheatonworldwide.com<\/a><\/p>\n<h2><span class=\"ez-toc-section\" id=\"5_Wickman_Worldwide_Services\"><\/span><strong>5. Wickman Worldwide Services<\/strong><span class=\"ez-toc-section-end\"><\/span><\/h2>\n<p><img loading=\"lazy\" decoding=\"async\" class=\"alignnone size-full wp-image-11479\" src=\"https:\/\/moverdb.com\/wp-content\/uploads\/Wickman-Worldwide-Services-international-moving-company.png\" alt=\"Wickman Worldwide Services kansainv\u00e4linen muuttoliikeyritys\" width=\"1440\" height=\"675\" data-wp-pid=\"11479\" srcset=\"https:\/\/moverdb.com\/wp-content\/uploads\/Wickman-Worldwide-Services-international-moving-company.png 1440w, https:\/\/moverdb.com\/wp-content\/uploads\/Wickman-Worldwide-Services-international-moving-company-300x141.png 300w, https:\/\/moverdb.com\/wp-content\/uploads\/Wickman-Worldwide-Services-international-moving-company-1024x480.png 1024w, https:\/\/moverdb.com\/wp-content\/uploads\/Wickman-Worldwide-Services-international-moving-company-18x8.png 18w, https:\/\/moverdb.com\/wp-content\/uploads\/Wickman-Worldwide-Services-international-moving-company-600x281.png 600w\" sizes=\"auto, (max-width: 1440px) 100vw, 1440px\" \/><\/p>\n<ul>\n<li>Kansainv\u00e4liset siirrot<\/li>\n<li>Kotitalouksien muutot<\/li>\n<li>Ennen muuttoa teht\u00e4v\u00e4 kyselytutkimus<\/li>\n<li>Ammattimainen pakkauspalvelu<\/li>\n<li>Kuorma-auto-, rautatie-, meri- ja ilmakuljetukset<\/li>\n<li>Tulliselvitys<\/li>\n<li>Ajoneuvojen kuljetus<\/li>\n<li>Kolmannen osapuolen palvelut valinnaisina lis\u00e4palveluina<\/li>\n<li>Vakuutus<\/li>\n<li>Turvallinen varastointi<\/li>\n<\/ul>\n<p>Wickman Worldwide Services on kansainv\u00e4linen muutto- ja kuljetusliike. <a href=\"https:\/\/moverdb.com\/fi\/shipping-companies\/\" data-internallinksmanager029f6b8e52c=\"4\" title=\"Top 10 kansainv\u00e4list\u00e4 konttikuljetusyrityst\u00e4\">varustamo<\/a> joka perustettiin vuonna 1997 ja jonka p\u00e4\u00e4konttori sijaitsee Indianapolisissa. Heill\u00e4 on yli 150 maata kattava toimistoverkosto, joka auttaa heit\u00e4 toteuttamaan siirtoja kaikkialla maailmassa. He ovat IAM:n j\u00e4sen, ja heill\u00e4 on 26 vuoden kokemus.<\/p>\n<p>Wickman Worldwide Services tarjoaa muuttoa edelt\u00e4v\u00e4n kartoituksen, jossa tehd\u00e4\u00e4n yksityiskohtainen arviointi tarpeidesi m\u00e4\u00e4ritt\u00e4miseksi ja r\u00e4\u00e4t\u00e4l\u00f6idyn tarjouksen laatimiseksi. Se tarjoaa ammattitaitoista pakkauspalvelua, jossa p\u00e4tev\u00e4t ja vakuutetut muuttajat pakkaavat tavarasi turvallisesti muuttoa varten. He j\u00e4rjest\u00e4v\u00e4t kuljetuksen kuorma-, rautatie-, meri- tai lentokuljetuksen tulliselvityksineen ja saapuessaan purkavat ja kokoavat huonekalut.<\/p>\n<p>Verkkosivusto: <a href=\"http:\/\/wickmanworldwide.com\" target=\"_blank\" rel=\"noopener\">http:\/\/wickmanworldwide.com<\/a><\/p>","protected":false},"excerpt":{"rendered":"<p>Moving can be a stressful time with so many things to juggle. This is why many people enlist the help of a moving company as they can manage the move, pack, transport your belongings and sort out customs processes if moving internationally. Below we have compiled a list of Indiana based removal companies that are [&hellip;]<\/p>\n","protected":false},"author":4,"featured_media":11263,"parent":190,"menu_order":0,"comment_status":"closed","ping_status":"closed","template":"","meta":{"_genesis_hide_title":false,"_genesis_hide_breadcrumbs":false,"_genesis_hide_singular_image":false,"_genesis_hide_footer_widgets":false,"_genesis_custom_body_class":"","_genesis_custom_post_class":"","_genesis_layout":"","footnotes":""},"class_list":{"0":"post-11600","1":"page","2":"type-page","3":"status-publish","4":"has-post-thumbnail","6":"entry"},"_links":{"self":[{"href":"https:\/\/moverdb.com\/fi\/wp-json\/wp\/v2\/pages\/11600","targetHints":{"allow":["GET"]}}],"collection":[{"href":"https:\/\/moverdb.com\/fi\/wp-json\/wp\/v2\/pages"}],"about":[{"href":"https:\/\/moverdb.com\/fi\/wp-json\/wp\/v2\/types\/page"}],"author":[{"embeddable":true,"href":"https:\/\/moverdb.com\/fi\/wp-json\/wp\/v2\/users\/4"}],"replies":[{"embeddable":true,"href":"https:\/\/moverdb.com\/fi\/wp-json\/wp\/v2\/comments?post=11600"}],"version-history":[{"count":1,"href":"https:\/\/moverdb.com\/fi\/wp-json\/wp\/v2\/pages\/11600\/revisions"}],"predecessor-version":[{"id":11601,"href":"https:\/\/moverdb.com\/fi\/wp-json\/wp\/v2\/pages\/11600\/revisions\/11601"}],"up":[{"embeddable":true,"href":"https:\/\/moverdb.com\/fi\/wp-json\/wp\/v2\/pages\/190"}],"wp:featuredmedia":[{"embeddable":true,"href":"https:\/\/moverdb.com\/fi\/wp-json\/wp\/v2\/media\/11263"}],"wp:attachment":[{"href":"https:\/\/moverdb.com\/fi\/wp-json\/wp\/v2\/media?parent=11600"}],"curies":[{"name":"wp","href":"https:\/\/api.w.org\/{rel}","templated":true}]}}