{"id":11574,"date":"2023-11-29T10:39:50","date_gmt":"2023-11-29T10:39:50","guid":{"rendered":"https:\/\/moverdb.com\/?page_id=11574"},"modified":"2026-01-08T15:24:45","modified_gmt":"2026-01-08T15:24:45","slug":"moving-companies-in-honolulu-usa","status":"publish","type":"page","link":"https:\/\/moverdb.com\/fi\/moving-companies\/moving-companies-in-honolulu-usa\/","title":{"rendered":"4 parasta kansainv\u00e4list\u00e4 muuttoa harjoittavaa yrityst\u00e4 Honolulussa"},"content":{"rendered":"<p>Paikallisen tai pitk\u00e4n matkan muuton suunnittelu voi olla monimutkaista ja stressaavaa, joten mukaan lukien <a href=\"https:\/\/moverdb.com\/fi\/moving-companies\/\" data-internallinksmanager029f6b8e52c=\"79\" title=\"Top 25 Kansainv\u00e4list\u00e4 muuttoyrityksi\u00e4 verkossa\">muuttofirma<\/a> joidenkin roolien ottaminen voi todella auttaa. Alla on luettelo Honolulussa toimivista Honolulu-pohjaisista <a href=\"https:\/\/moverdb.com\/fi\/international-removals\/\" data-internallinksmanager029f6b8e52c=\"27\" title=\"36 Parhaat kansainv\u00e4liset muuttoyritykset Yhdistyneess\u00e4 kuningaskunnassa\">muuttofirmat<\/a> jotka ovat j\u00e4seni\u00e4 <a href=\"https:\/\/moverdb.com\/fi\/iam\/\" data-internallinksmanager029f6b8e52c=\"23\" title=\"Kansainv\u00e4linen muuttajien liitto (IAM) selitetty\">Kansainv\u00e4linen muuttajien liitto<\/a> (IAM) ja\/tai <a href=\"https:\/\/moverdb.com\/fi\/fidi-faim\/\" data-internallinksmanager029f6b8e52c=\"16\" title=\"FIDI &amp; FAIM (FIDI Accredited International Mover) selitettyin\u00e4\">FIDI<\/a> Accredited International Mover (FAIM), joka voi auttaa sinua muutossasi.<\/p>\n<div id=\"ez-toc-container\" class=\"ez-toc-v2_0_82_2 ez-toc-wrap-left counter-hierarchy ez-toc-counter ez-toc-transparent ez-toc-container-direction\">\n<div class=\"ez-toc-title-container\">\n<p class=\"ez-toc-title\" style=\"cursor:inherit\">Jaksot<\/p>\n<span class=\"ez-toc-title-toggle\"><a href=\"#\" class=\"ez-toc-pull-right ez-toc-btn ez-toc-btn-xs ez-toc-btn-default ez-toc-toggle\" aria-label=\"Sis\u00e4llysluettelon vaihtaminen\"><span class=\"ez-toc-js-icon-con\"><span class=\"\"><span class=\"eztoc-hide\" style=\"display:none;\">Toggle<\/span><span class=\"ez-toc-icon-toggle-span\"><svg style=\"fill: #999;color:#999\" xmlns=\"http:\/\/www.w3.org\/2000\/svg\" class=\"list-377408\" width=\"20px\" height=\"20px\" viewbox=\"0 0 24 24\" fill=\"none\"><path d=\"M6 6H4v2h2V6zm14 0H8v2h12V6zM4 11h2v2H4v-2zm16 0H8v2h12v-2zM4 16h2v2H4v-2zm16 0H8v2h12v-2z\" fill=\"currentColor\"><\/path><\/svg><svg style=\"fill: #999;color:#999\" class=\"arrow-unsorted-368013\" xmlns=\"http:\/\/www.w3.org\/2000\/svg\" width=\"10px\" height=\"10px\" viewbox=\"0 0 24 24\" version=\"1.2\" baseprofile=\"tiny\"><path d=\"M18.2 9.3l-6.2-6.3-6.2 6.3c-.2.2-.3.4-.3.7s.1.5.3.7c.2.2.4.3.7.3h11c.3 0 .5-.1.7-.3.2-.2.3-.5.3-.7s-.1-.5-.3-.7zM5.8 14.7l6.2 6.3 6.2-6.3c.2-.2.3-.5.3-.7s-.1-.5-.3-.7c-.2-.2-.4-.3-.7-.3h-11c-.3 0-.5.1-.7.3-.2.2-.3.5-.3.7s.1.5.3.7z\"\/><\/svg><\/span><\/span><\/span><\/a><\/span><\/div>\n<nav><ul class='ez-toc-list ez-toc-list-level-1 eztoc-toggle-hide-by-default' ><li class='ez-toc-page-1 ez-toc-heading-level-2'><a class=\"ez-toc-link ez-toc-heading-1\" href=\"https:\/\/moverdb.com\/fi\/moving-companies\/moving-companies-in-honolulu-usa\/#1_Island_Movers\" >1. Island Movers<\/a><\/li><li class='ez-toc-page-1 ez-toc-heading-level-2'><a class=\"ez-toc-link ez-toc-heading-2\" href=\"https:\/\/moverdb.com\/fi\/moving-companies\/moving-companies-in-honolulu-usa\/#2_Royal_Hawaiian_Movers\" >2. Royal Hawaiian Movers<\/a><\/li><li class='ez-toc-page-1 ez-toc-heading-level-2'><a class=\"ez-toc-link ez-toc-heading-3\" href=\"https:\/\/moverdb.com\/fi\/moving-companies\/moving-companies-in-honolulu-usa\/#3_WestPac_International\" >3. WestPac International<\/a><\/li><li class='ez-toc-page-1 ez-toc-heading-level-2'><a class=\"ez-toc-link ez-toc-heading-4\" href=\"https:\/\/moverdb.com\/fi\/moving-companies\/moving-companies-in-honolulu-usa\/#4_World_Wide_Movers_Inc\" >4. World Wide Movers Inc<\/a><\/li><\/ul><\/nav><\/div>\n<h2><span class=\"ez-toc-section\" id=\"1_Island_Movers\"><\/span><strong>1. Island Movers<\/strong><span class=\"ez-toc-section-end\"><\/span><\/h2>\n<p><img loading=\"lazy\" decoding=\"async\" class=\"alignnone size-full wp-image-11354\" src=\"https:\/\/moverdb.com\/wp-content\/uploads\/Island-Movers-international-moving-company.png\" alt=\"Island Movers kansainv\u00e4linen muuttofirma\" width=\"1440\" height=\"676\" data-wp-pid=\"11354\" srcset=\"https:\/\/moverdb.com\/wp-content\/uploads\/Island-Movers-international-moving-company.png 1440w, https:\/\/moverdb.com\/wp-content\/uploads\/Island-Movers-international-moving-company-300x141.png 300w, https:\/\/moverdb.com\/wp-content\/uploads\/Island-Movers-international-moving-company-1024x481.png 1024w, https:\/\/moverdb.com\/wp-content\/uploads\/Island-Movers-international-moving-company-18x8.png 18w, https:\/\/moverdb.com\/wp-content\/uploads\/Island-Movers-international-moving-company-600x282.png 600w\" sizes=\"auto, (max-width: 1440px) 100vw, 1440px\" \/><\/p>\n<ul>\n<li>Paikalliset ja kansalliset siirrot<\/li>\n<li>Kansainv\u00e4liset siirrot<\/li>\n<li>Asuntojen muutot<\/li>\n<li>Liiketoiminnan siirrot<\/li>\n<li>Muuton hallinta<\/li>\n<li>Ovelta ovelle tai ovelta<a href=\"https:\/\/moverdb.com\/fi\/top-49-container-ports\/\" data-internallinksmanager029f6b8e52c=\"80\" title=\"Top 49 suurinta ja vilkkainta konttisatamaa vuonna 2025\">satama<\/a> palvelu<\/li>\n<li>Ilmainen arvio<\/li>\n<li>Pakkauspalveluvaihtoehdot<\/li>\n<li>Kuljetusj\u00e4rjestelyt<\/li>\n<li>Lyhytaikainen ja pitk\u00e4aikainen varastointi<\/li>\n<\/ul>\n<p>Island Movers on vuonna 1958 perustettu Honolulussa toimiva muutto- ja huolintayritys. Se tekee yhteisty\u00f6t\u00e4 kumppaneiden kanssa eri puolilla maailmaa tarjotakseen muuttopalveluja maailmanlaajuisesti seuraaviin paikkoihin tai paikkakunnilta. <a href=\"https:\/\/moverdb.com\/fi\/moving-to-the-united-states\/moving-to-hawaii\/\" data-internallinksmanager029f6b8e52c=\"403\" title=\"Muutatko Havaijille? 2023 Elinkustannukset ja muuttovinkit\">Havaiji<\/a>. He ovat IAM:n j\u00e4sen, ja heill\u00e4 on 65 vuoden kokemus.<\/p>\n<p>Island Movers tarjoaa muuttopalveluja muuttosi Havaiji-osaan ja tekee yhteisty\u00f6t\u00e4 yhteisty\u00f6kumppaneiden tai valitsemasi muuttofirman kanssa nykyisess\u00e4 sijaintipaikassasi muuton koordinoimiseksi. Havaijin muuttoja varten he tarjoavat pakkauspalveluja, tai voit pakata itse. He tarjoavat varastointiratkaisuja Havaijilla, joissa on mahdollisuus pitk\u00e4aikaiseen tai lyhytaikaiseen varastointiin turvallisissa varastoissa tai 20' tai 40' konteissa.<\/p>\n<p>Verkkosivusto: <a href=\"https:\/\/www.islandmovers.com\/\" target=\"_blank\" rel=\"noopener\">https:\/\/www.islandmovers.com\/<\/a><\/p>\n<h2><span class=\"ez-toc-section\" id=\"2_Royal_Hawaiian_Movers\"><\/span><strong>2. Royal Hawaiian Movers<\/strong><span class=\"ez-toc-section-end\"><\/span><\/h2>\n<p><img loading=\"lazy\" decoding=\"async\" class=\"alignnone size-full wp-image-11429\" src=\"https:\/\/moverdb.com\/wp-content\/uploads\/Royal-Hawaiian-Movers-international-moving-company.png\" alt=\"Royal Hawaiian Movers kansainv\u00e4linen muuttofirma\" width=\"1440\" height=\"683\" data-wp-pid=\"11429\" srcset=\"https:\/\/moverdb.com\/wp-content\/uploads\/Royal-Hawaiian-Movers-international-moving-company.png 1440w, https:\/\/moverdb.com\/wp-content\/uploads\/Royal-Hawaiian-Movers-international-moving-company-300x142.png 300w, https:\/\/moverdb.com\/wp-content\/uploads\/Royal-Hawaiian-Movers-international-moving-company-1024x486.png 1024w, https:\/\/moverdb.com\/wp-content\/uploads\/Royal-Hawaiian-Movers-international-moving-company-18x9.png 18w, https:\/\/moverdb.com\/wp-content\/uploads\/Royal-Hawaiian-Movers-international-moving-company-600x285.png 600w\" sizes=\"auto, (max-width: 1440px) 100vw, 1440px\" \/><\/p>\n<ul>\n<li>Paikalliset ja kansalliset siirrot<\/li>\n<li>Kansainv\u00e4liset siirrot<\/li>\n<li>Kotitalouksien muutot<\/li>\n<li>Yritysten uudelleensijoittaminen<\/li>\n<li>Henkil\u00f6kohtaiset palvelut<\/li>\n<li>Pakkauspalvelu<\/li>\n<li>Kuljetusj\u00e4rjestelyt<\/li>\n<li>Tullin tuki<\/li>\n<li>Ajoneuvojen kuljetus<\/li>\n<li>Varastointitilat<\/li>\n<\/ul>\n<p>Royal Hawaiian Movers on vuonna 1982 perustettu muutto- ja kuljetusyritys, jolla on toimistot Honolulussa, Kahulussa, Keaaussa, Kailuassa ja Lihuessa. Se on osa The DeWitt Companies -perhett\u00e4, jolla on integroitu muutto- ja varastointipalvelujen verkosto. He ovat IAM:n j\u00e4sen 41 vuoden kokemuksella.<\/p>\n<p>Royal Hawaiian Movers tarjoaa henkil\u00f6kohtaisen tai virtuaalisen muuttoa edelt\u00e4v\u00e4n kartoituksen ja suunnittelupalvelun, jonka avulla voit j\u00e4rjest\u00e4\u00e4 muuttosi joko ovelta ovelle tai satamasta satamaan. He tarjoavat henkil\u00f6kohtaista palvelua, joka on r\u00e4\u00e4t\u00e4l\u00f6ity tarpeidesi mukaan, ja tukevat sinua kaikissa muuton vaiheissa, kuten tavaroiden pakkaamisessa, kotisi purkamisessa ja uudelleen kokoamisessa, kuljetuksessa sek\u00e4 tulli- ja kulttuurineuvonnassa.<\/p>\n<p>Verkkosivusto: <a href=\"https:\/\/www.royalhawaiianmovers.com\/\" target=\"_blank\" rel=\"noopener\">https:\/\/www.royalhawaiianmovers.com\/<\/a><\/p>\n<h2><span class=\"ez-toc-section\" id=\"3_WestPac_International\"><\/span><strong>3. WestPac International<\/strong><span class=\"ez-toc-section-end\"><\/span><\/h2>\n<p><img loading=\"lazy\" decoding=\"async\" class=\"alignnone size-full wp-image-11477\" src=\"https:\/\/moverdb.com\/wp-content\/uploads\/WestPac-International-moving-company.png\" alt=\"WestPac International muuttofirma\" width=\"1440\" height=\"682\" data-wp-pid=\"11477\" srcset=\"https:\/\/moverdb.com\/wp-content\/uploads\/WestPac-International-moving-company.png 1440w, https:\/\/moverdb.com\/wp-content\/uploads\/WestPac-International-moving-company-300x142.png 300w, https:\/\/moverdb.com\/wp-content\/uploads\/WestPac-International-moving-company-1024x485.png 1024w, https:\/\/moverdb.com\/wp-content\/uploads\/WestPac-International-moving-company-18x9.png 18w, https:\/\/moverdb.com\/wp-content\/uploads\/WestPac-International-moving-company-600x284.png 600w\" sizes=\"auto, (max-width: 1440px) 100vw, 1440px\" \/><\/p>\n<ul>\n<li>Paikalliset ja kansalliset siirrot<\/li>\n<li>Kansainv\u00e4liset siirrot<\/li>\n<li>Asuntojen muutot<\/li>\n<li>Toimiston siirrot<\/li>\n<li>Ovelta ovelle -palvelu<\/li>\n<li>Pakkaaminen ja laatikointi<\/li>\n<li>Korkealaatuiset pakkausmateriaalit<\/li>\n<li>Kuljetuksen j\u00e4rjest\u00e4minen<\/li>\n<li>Vakuutus<\/li>\n<li>Turvallinen lyhyt- ja pitk\u00e4aikainen varastointi<\/li>\n<\/ul>\n<p>WestPac International on Honolulussa toimiva kansainv\u00e4linen muuttofirma, jolla on yli 25 vuoden kokemus. Se on IAM:n j\u00e4sen 23 vuoden kokemuksella, mik\u00e4 antaa sille p\u00e4\u00e4syn kansainv\u00e4liseen muuttofirmojen verkostoon, joka voi tukea sit\u00e4 maailmanlaajuisissa muuttopalveluissa.<\/p>\n<p>WestPac International tarjoaa ilmaisen arvion ja etsii sinulle parhaan vaihtoehdon ja hinnan. He tarjoavat pakkaus- ja laatikkopalvelua, jossa k\u00e4ytet\u00e4\u00e4n laadukkaita muuttomateriaaleja, tai voit pakata itse toimitetuilla pakkausmateriaaleilla. He j\u00e4rjest\u00e4v\u00e4t tavaroiden kuljetuksen m\u00e4\u00e4r\u00e4np\u00e4\u00e4h\u00e4si ja tarjoavat vakuutusturvan.<\/p>\n<p>Verkkosivusto: <a href=\"https:\/\/www.westpacinternational.com\/\" target=\"_blank\" rel=\"noopener\">https:\/\/www.westpacinternational.com\/<\/a><\/p>\n<h2><span class=\"ez-toc-section\" id=\"4_World_Wide_Movers_Inc\"><\/span><strong>4. World Wide Movers Inc<\/strong><span class=\"ez-toc-section-end\"><\/span><\/h2>\n<p><img loading=\"lazy\" decoding=\"async\" class=\"alignnone size-full wp-image-11480\" src=\"https:\/\/moverdb.com\/wp-content\/uploads\/World-Wide-Movers-Inc-international-moving-company.png\" alt=\"World Wide Movers Inc kansainv\u00e4linen muuttofirma\" width=\"1440\" height=\"678\" data-wp-pid=\"11480\" srcset=\"https:\/\/moverdb.com\/wp-content\/uploads\/World-Wide-Movers-Inc-international-moving-company.png 1440w, https:\/\/moverdb.com\/wp-content\/uploads\/World-Wide-Movers-Inc-international-moving-company-300x141.png 300w, https:\/\/moverdb.com\/wp-content\/uploads\/World-Wide-Movers-Inc-international-moving-company-1024x482.png 1024w, https:\/\/moverdb.com\/wp-content\/uploads\/World-Wide-Movers-Inc-international-moving-company-18x8.png 18w, https:\/\/moverdb.com\/wp-content\/uploads\/World-Wide-Movers-Inc-international-moving-company-600x283.png 600w\" sizes=\"auto, (max-width: 1440px) 100vw, 1440px\" \/><\/p>\n<ul>\n<li>Paikalliset ja kansalliset siirrot<\/li>\n<li>Kansainv\u00e4liset siirrot<\/li>\n<li>Asuntojen muutot<\/li>\n<li>Yritysten uudelleensijoitukset<\/li>\n<li>R\u00e4\u00e4t\u00e4l\u00f6ity muuttosuunnitelma<\/li>\n<li>Pakkauspalvelu<\/li>\n<li>Kuljetusj\u00e4rjestelyt<\/li>\n<li><a href=\"https:\/\/moverdb.com\/fi\/car-transport-shipping\/\" data-internallinksmanager029f6b8e52c=\"2\" title=\"2026 Kansainv\u00e4linen autokuljetus ja ajoneuvojen kuljetus tarjoukset\">Ajoneuvojen kuljetus<\/a><\/li>\n<li>Vakuutus<\/li>\n<li>Varastointitilat<\/li>\n<\/ul>\n<p>World Wide Movers Inc on vuonna 1963 perustettu Honolulussa toimiva muutto- ja varastointiyritys. Se on United Van Linesin, Mayflower Transitin ja UniGroupin edustaja. He ovat IAM:n j\u00e4sen 60 vuoden kokemuksella.<\/p>\n<p>World Wide Movers Inc tarjoaa ilmaisen tarjouksen ja laatii r\u00e4\u00e4t\u00e4l\u00f6idyn muuttosuunnitelman, joka vastaa tarpeitasi, aikatauluasi ja budjettiasi. He tarjoavat pakkausvaihtoehtoja, joiden avulla voit joustavasti p\u00e4\u00e4tt\u00e4\u00e4, kuinka paljon haluat osallistua muuttoon - t\u00e4ysi pakkauspalvelu, hauraiden tavaroiden pakkaaminen ja DIY-pakkaaminen. Heid\u00e4n ammattitaitoinen muuttotiimins\u00e4 k\u00e4ytt\u00e4\u00e4 alan standardimateriaaleja ja -menetelmi\u00e4 esineiden suojaamiseen ja voi tarjota r\u00e4\u00e4t\u00e4l\u00f6ityj\u00e4 laatikoita.<\/p>\n<p>Verkkosivusto: <a href=\"https:\/\/world-widemovers.com\/honolulu-hawaii-moving-company\/\" target=\"_blank\" rel=\"noopener\">https:\/\/world-widemovers.com\/honolulu-hawaii-moving-company\/<\/a><\/p>","protected":false},"excerpt":{"rendered":"<p>Planning a move locally or long distance can be complicated and stressful so involving a moving company to take on some of the roles can really help. Below we have compiled a list of Honolulu based removal companies that are members of the International Association of Movers (IAM) and\/or FIDI Accredited International Mover (FAIM) who [&hellip;]<\/p>\n","protected":false},"author":4,"featured_media":11354,"parent":190,"menu_order":0,"comment_status":"closed","ping_status":"closed","template":"","meta":{"_genesis_hide_title":false,"_genesis_hide_breadcrumbs":false,"_genesis_hide_singular_image":false,"_genesis_hide_footer_widgets":false,"_genesis_custom_body_class":"","_genesis_custom_post_class":"","_genesis_layout":"","footnotes":""},"class_list":{"0":"post-11574","1":"page","2":"type-page","3":"status-publish","4":"has-post-thumbnail","6":"entry"},"_links":{"self":[{"href":"https:\/\/moverdb.com\/fi\/wp-json\/wp\/v2\/pages\/11574","targetHints":{"allow":["GET"]}}],"collection":[{"href":"https:\/\/moverdb.com\/fi\/wp-json\/wp\/v2\/pages"}],"about":[{"href":"https:\/\/moverdb.com\/fi\/wp-json\/wp\/v2\/types\/page"}],"author":[{"embeddable":true,"href":"https:\/\/moverdb.com\/fi\/wp-json\/wp\/v2\/users\/4"}],"replies":[{"embeddable":true,"href":"https:\/\/moverdb.com\/fi\/wp-json\/wp\/v2\/comments?post=11574"}],"version-history":[{"count":1,"href":"https:\/\/moverdb.com\/fi\/wp-json\/wp\/v2\/pages\/11574\/revisions"}],"predecessor-version":[{"id":11575,"href":"https:\/\/moverdb.com\/fi\/wp-json\/wp\/v2\/pages\/11574\/revisions\/11575"}],"up":[{"embeddable":true,"href":"https:\/\/moverdb.com\/fi\/wp-json\/wp\/v2\/pages\/190"}],"wp:featuredmedia":[{"embeddable":true,"href":"https:\/\/moverdb.com\/fi\/wp-json\/wp\/v2\/media\/11354"}],"wp:attachment":[{"href":"https:\/\/moverdb.com\/fi\/wp-json\/wp\/v2\/media?parent=11574"}],"curies":[{"name":"wp","href":"https:\/\/api.w.org\/{rel}","templated":true}]}}