{"id":11566,"date":"2023-11-29T10:45:44","date_gmt":"2023-11-29T10:45:44","guid":{"rendered":"https:\/\/moverdb.com\/?page_id=11566"},"modified":"2026-01-08T15:25:07","modified_gmt":"2026-01-08T15:25:07","slug":"moving-companies-us-georgia","status":"publish","type":"page","link":"https:\/\/moverdb.com\/fi\/moving-companies\/moving-companies-us-georgia\/","title":{"rendered":"5 parasta kansainv\u00e4list\u00e4 muuttoliikett\u00e4 Georgia"},"content":{"rendered":"<p>Muuton yhteydess\u00e4 on paljon teht\u00e4v\u00e4\u00e4, kuten muuton suunnittelu ja j\u00e4rjest\u00e4minen, kuljetuspalvelun tarjoajan valinta ja tavaroiden pakkaaminen, ja jos muutat ulkomaille, my\u00f6s tullin hoitaminen. Monet n\u00e4ist\u00e4 toimista voi hoitaa <a href=\"https:\/\/moverdb.com\/fi\/moving-companies\/\" data-internallinksmanager029f6b8e52c=\"79\" title=\"Top 25 Kansainv\u00e4list\u00e4 muuttoyrityksi\u00e4 verkossa\">muuttofirma<\/a>. Alla olemme koonneet luettelon <a href=\"https:\/\/moverdb.com\/fi\/moving-to-the-united-states\/moving-to-georgia\/\" data-internallinksmanager029f6b8e52c=\"402\" title=\"Muutto Georgiaan? 2023 Elinkustannukset ja muuttovinkit\">Georgia<\/a> perustuu <a href=\"https:\/\/moverdb.com\/fi\/international-removals\/\" data-internallinksmanager029f6b8e52c=\"27\" title=\"36 Parhaat kansainv\u00e4liset muuttoyritykset Yhdistyneess\u00e4 kuningaskunnassa\">muuttofirmat<\/a> jotka ovat j\u00e4seni\u00e4 <a href=\"https:\/\/moverdb.com\/fi\/iam\/\" data-internallinksmanager029f6b8e52c=\"23\" title=\"Kansainv\u00e4linen muuttajien liitto (IAM) selitetty\">Kansainv\u00e4linen muuttajien liitto<\/a> (IAM) ja\/tai <a href=\"https:\/\/moverdb.com\/fi\/fidi-faim\/\" data-internallinksmanager029f6b8e52c=\"16\" title=\"FIDI &amp; FAIM (FIDI Accredited International Mover) selitettyin\u00e4\">FIDI<\/a> Accredited International Mover (FAIM), joka voi auttaa sinua muutossasi.<\/p>\n<div id=\"ez-toc-container\" class=\"ez-toc-v2_0_82_2 ez-toc-wrap-left counter-hierarchy ez-toc-counter ez-toc-transparent ez-toc-container-direction\">\n<div class=\"ez-toc-title-container\">\n<p class=\"ez-toc-title\" style=\"cursor:inherit\">Jaksot<\/p>\n<span class=\"ez-toc-title-toggle\"><a href=\"#\" class=\"ez-toc-pull-right ez-toc-btn ez-toc-btn-xs ez-toc-btn-default ez-toc-toggle\" aria-label=\"Sis\u00e4llysluettelon vaihtaminen\"><span class=\"ez-toc-js-icon-con\"><span class=\"\"><span class=\"eztoc-hide\" style=\"display:none;\">Toggle<\/span><span class=\"ez-toc-icon-toggle-span\"><svg style=\"fill: #999;color:#999\" xmlns=\"http:\/\/www.w3.org\/2000\/svg\" class=\"list-377408\" width=\"20px\" height=\"20px\" viewbox=\"0 0 24 24\" fill=\"none\"><path d=\"M6 6H4v2h2V6zm14 0H8v2h12V6zM4 11h2v2H4v-2zm16 0H8v2h12v-2zM4 16h2v2H4v-2zm16 0H8v2h12v-2z\" fill=\"currentColor\"><\/path><\/svg><svg style=\"fill: #999;color:#999\" class=\"arrow-unsorted-368013\" xmlns=\"http:\/\/www.w3.org\/2000\/svg\" width=\"10px\" height=\"10px\" viewbox=\"0 0 24 24\" version=\"1.2\" baseprofile=\"tiny\"><path d=\"M18.2 9.3l-6.2-6.3-6.2 6.3c-.2.2-.3.4-.3.7s.1.5.3.7c.2.2.4.3.7.3h11c.3 0 .5-.1.7-.3.2-.2.3-.5.3-.7s-.1-.5-.3-.7zM5.8 14.7l6.2 6.3 6.2-6.3c.2-.2.3-.5.3-.7s-.1-.5-.3-.7c-.2-.2-.4-.3-.7-.3h-11c-.3 0-.5.1-.7.3-.2.2-.3.5-.3.7s.1.5.3.7z\"\/><\/svg><\/span><\/span><\/span><\/a><\/span><\/div>\n<nav><ul class='ez-toc-list ez-toc-list-level-1 eztoc-toggle-hide-by-default' ><li class='ez-toc-page-1 ez-toc-heading-level-2'><a class=\"ez-toc-link ez-toc-heading-1\" href=\"https:\/\/moverdb.com\/fi\/moving-companies\/moving-companies-us-georgia\/#1_A1_Freeman_Moving_Group\" >1. A1 Freeman Moving Group<\/a><\/li><li class='ez-toc-page-1 ez-toc-heading-level-2'><a class=\"ez-toc-link ez-toc-heading-2\" href=\"https:\/\/moverdb.com\/fi\/moving-companies\/moving-companies-us-georgia\/#2_Atlantic_Relocation_Systems\" >2. Atlantic Relocation Systems<\/a><\/li><li class='ez-toc-page-1 ez-toc-heading-level-2'><a class=\"ez-toc-link ez-toc-heading-3\" href=\"https:\/\/moverdb.com\/fi\/moving-companies\/moving-companies-us-georgia\/#3_Armstrong\" >3. Armstrong<\/a><\/li><li class='ez-toc-page-1 ez-toc-heading-level-2'><a class=\"ez-toc-link ez-toc-heading-4\" href=\"https:\/\/moverdb.com\/fi\/moving-companies\/moving-companies-us-georgia\/#4_Beltmann_Moving_Storage\" >4. Beltmann Moving &amp; Storage<\/a><\/li><li class='ez-toc-page-1 ez-toc-heading-level-2'><a class=\"ez-toc-link ez-toc-heading-5\" href=\"https:\/\/moverdb.com\/fi\/moving-companies\/moving-companies-us-georgia\/#5_Hilldrup\" >5. Hilldrup<\/a><\/li><\/ul><\/nav><\/div>\n<h2><span class=\"ez-toc-section\" id=\"1_A1_Freeman_Moving_Group\"><\/span><strong>1. A1 Freeman Moving Group<\/strong><span class=\"ez-toc-section-end\"><\/span><\/h2>\n<p><img loading=\"lazy\" decoding=\"async\" class=\"alignnone size-full wp-image-11236\" src=\"https:\/\/moverdb.com\/wp-content\/uploads\/A1-Freeman-Moving-Group-international-moving-company.png\" alt=\"A1 Freeman Moving Group kansainv\u00e4linen muuttofirma\" width=\"1440\" height=\"675\" data-wp-pid=\"11236\" srcset=\"https:\/\/moverdb.com\/wp-content\/uploads\/A1-Freeman-Moving-Group-international-moving-company.png 1440w, https:\/\/moverdb.com\/wp-content\/uploads\/A1-Freeman-Moving-Group-international-moving-company-300x141.png 300w, https:\/\/moverdb.com\/wp-content\/uploads\/A1-Freeman-Moving-Group-international-moving-company-1024x480.png 1024w, https:\/\/moverdb.com\/wp-content\/uploads\/A1-Freeman-Moving-Group-international-moving-company-18x8.png 18w, https:\/\/moverdb.com\/wp-content\/uploads\/A1-Freeman-Moving-Group-international-moving-company-600x281.png 600w\" sizes=\"auto, (max-width: 1440px) 100vw, 1440px\" \/><\/p>\n<ul>\n<li>Paikalliset ja pitk\u00e4n matkan siirrot<\/li>\n<li>Kansainv\u00e4liset siirrot<\/li>\n<li>Kotitalouksien muutot<\/li>\n<li>Yritysten uudelleensijoittaminen<\/li>\n<li>R\u00e4\u00e4t\u00e4l\u00f6idyt palvelut<\/li>\n<li>Asiakaspalveluneuvoja<\/li>\n<li>Pakkauspalvelu<\/li>\n<li>Kuljetusj\u00e4rjestelyt<\/li>\n<li>Tullin tuki<\/li>\n<li>Muutto concierge muuton j\u00e4lkeist\u00e4 seurantaa varten<\/li>\n<\/ul>\n<p>A1 Freeman Moving Group on vuodesta 1974 l\u00e4htien toiminut siirto- ja kuljetusyritys, jonka kotipaikka on... <a href=\"https:\/\/moverdb.com\/fi\/moving-to-atlanta\/\" data-internallinksmanager029f6b8e52c=\"32\" title=\"Muutatko Atlantaan? 2022 Elinkustannukset ja muuttovinkit\">Atlanta<\/a>. Ne ovat kuljetusalan ammattilaisten verkosto, joka voi tarjota muuttopalveluja paikallisesti, kansallisesti ja kansainv\u00e4lisesti. He ovat IAM:n j\u00e4sen 33 vuoden kokemuksella.<\/p>\n<p>A1 Freeman Moving Group tarjoaa muuttoa edelt\u00e4v\u00e4\u00e4 neuvontaa yhdess\u00e4 edustajansa kanssa, joka opastaa sinua muuttoprosessissa ja auttaa muuttosi suunnittelussa. He nime\u00e4v\u00e4t asiakaspalveluneuvojan, joka hoitaa muuton jokaisen vaiheen. He laativat muuttosuunnitelman, joka sis\u00e4lt\u00e4\u00e4 pakkaamisen, toimituksen, tullin ja asettautumispalvelut.<\/p>\n<p>Verkkosivusto: <a href=\"http:\/\/www.a1freemanatlanta.com\/\" target=\"_blank\" rel=\"noopener\">http:\/\/www.a1freemanatlanta.com\/<\/a><\/p>\n<h2><span class=\"ez-toc-section\" id=\"2_Atlantic_Relocation_Systems\"><\/span><strong>2. Atlantic Relocation Systems<\/strong><span class=\"ez-toc-section-end\"><\/span><\/h2>\n<p><img loading=\"lazy\" decoding=\"async\" class=\"alignnone size-full wp-image-11262\" src=\"https:\/\/moverdb.com\/wp-content\/uploads\/Atlantic-Relocation-Systems-international-moving-company.png\" alt=\"Atlantic Relocation Systems kansainv\u00e4linen muuttoliikeyritys\" width=\"1440\" height=\"677\" data-wp-pid=\"11262\" srcset=\"https:\/\/moverdb.com\/wp-content\/uploads\/Atlantic-Relocation-Systems-international-moving-company.png 1440w, https:\/\/moverdb.com\/wp-content\/uploads\/Atlantic-Relocation-Systems-international-moving-company-300x141.png 300w, https:\/\/moverdb.com\/wp-content\/uploads\/Atlantic-Relocation-Systems-international-moving-company-1024x481.png 1024w, https:\/\/moverdb.com\/wp-content\/uploads\/Atlantic-Relocation-Systems-international-moving-company-18x8.png 18w, https:\/\/moverdb.com\/wp-content\/uploads\/Atlantic-Relocation-Systems-international-moving-company-600x282.png 600w\" sizes=\"auto, (max-width: 1440px) 100vw, 1440px\" \/><\/p>\n<ul>\n<li>Paikalliset ja pitk\u00e4n matkan siirrot<\/li>\n<li>Kansainv\u00e4liset siirrot<\/li>\n<li>Asuntojen muutot<\/li>\n<li>Toimiston muutot<\/li>\n<li>Siirtymiskoordinaattori<\/li>\n<li>Pakkauspalvelu<\/li>\n<li>Maantie-, meri- ja ilmakuljetukset<\/li>\n<li>Dokumentointiapu<\/li>\n<li>Taideteosten toimitus<\/li>\n<li>Varastointilaitos<\/li>\n<\/ul>\n<p>Atlantic Relocation Systems on vuonna 1984 perustettu kansainv\u00e4linen muuttofirma, jolla on 13 toimipistett\u00e4 eri puolilla maailmaa. <a href=\"https:\/\/moverdb.com\/fi\/moving-to-the-united-states\/\" data-internallinksmanager029f6b8e52c=\"94\" title=\"Muutatko Yhdysvaltoihin? 2022 Elinkustannukset ja muuttovinkit\">US<\/a> ja yksi Atlantassa. He ovat Atlas Van Lines -yhti\u00f6, joka kattaa koko Yhdysvaltojen, ja heill\u00e4 on k\u00e4yt\u00f6ss\u00e4\u00e4n kansainv\u00e4lisi\u00e4 verkostoja, jotka tukevat heit\u00e4. He ovat IAM:n j\u00e4sen, ja heill\u00e4 on 52 vuoden kokemus.<\/p>\n<p>Atlantic Relocation Systems tarjoaa kansainv\u00e4lisille muuttajille kansainv\u00e4lisen muuttokoordinaattorin, joka auttaa sinua koko muuton ajan. Paikallisille muuttajille tarjotaan ilmainen kotiarvio. He tarjoavat pakkauspalvelun, joka suojaa omaisuuttasi maantie-, meri- tai ilmakuljetuksen aikana, ja avustavat asiakirjojen t\u00e4ytt\u00e4misess\u00e4.<\/p>\n<p>Verkkosivusto: <a href=\"https:\/\/www.atlanticrelocation.com\/\" target=\"_blank\" rel=\"noopener\">https:\/\/www.atlanticrelocation.com\/<\/a><\/p>\n<h2><span class=\"ez-toc-section\" id=\"3_Armstrong\"><\/span><strong>3. Armstrong<\/strong><span class=\"ez-toc-section-end\"><\/span><\/h2>\n<p><img loading=\"lazy\" decoding=\"async\" class=\"alignnone size-full wp-image-11261\" src=\"https:\/\/moverdb.com\/wp-content\/uploads\/Armstrong-international-moving-company.png\" alt=\"Armstrongin kansainv\u00e4linen muuttofirma\" width=\"1440\" height=\"676\" data-wp-pid=\"11261\" srcset=\"https:\/\/moverdb.com\/wp-content\/uploads\/Armstrong-international-moving-company.png 1440w, https:\/\/moverdb.com\/wp-content\/uploads\/Armstrong-international-moving-company-300x141.png 300w, https:\/\/moverdb.com\/wp-content\/uploads\/Armstrong-international-moving-company-1024x481.png 1024w, https:\/\/moverdb.com\/wp-content\/uploads\/Armstrong-international-moving-company-18x8.png 18w, https:\/\/moverdb.com\/wp-content\/uploads\/Armstrong-international-moving-company-600x282.png 600w\" sizes=\"auto, (max-width: 1440px) 100vw, 1440px\" \/><\/p>\n<ul>\n<li>Paikalliset ja pitk\u00e4n matkan siirrot<\/li>\n<li>Kansainv\u00e4liset siirrot<\/li>\n<li>Asuntojen muutot<\/li>\n<li>Toimiston muutot<\/li>\n<li>Ty\u00f6ntekij\u00f6iden siirrot<\/li>\n<li>Pakkausvaihtoehdot<\/li>\n<li>Lento-, meri- ja maakuljetukset<\/li>\n<li>Tulliselvitys<\/li>\n<li>Matkakohteen palvelut<\/li>\n<li>Lyhytaikainen ja pitk\u00e4aikainen varastointi<\/li>\n<\/ul>\n<p>Armstrong on muutto-, siirto- ja logistiikkayritys, jolla on 32 toimipistett\u00e4 eri puolilla maata, mukaan lukien toimipiste Atlantassa. Armstrongilla on yhteisty\u00f6kumppaneiden ja tyt\u00e4ryhti\u00f6iden verkosto, joka avustaa heit\u00e4 palvelujen tarjoamisessa kansainv\u00e4lisesti. Se on IAM:n j\u00e4sen 38 vuoden kokemuksella, ja se on FIDI:n akkreditoima.<\/p>\n<p>Armstrong tarjoaa muutonhallintapalveluita, jotka sis\u00e4lt\u00e4v\u00e4t t\u00e4yden palvelun tai osittaisen pakkaamisen ja pakkausten purkamisen, johon voi sis\u00e4lty\u00e4 my\u00f6s laatikointi ja erikoispakkaaminen sek\u00e4 omaisuutesi suojaaminen muuton aikana. He j\u00e4rjest\u00e4v\u00e4t kuljetuksen tulliselvityksineen. Lis\u00e4palveluihin kuuluvat kulttuurikoulutus, asunnon myynti ja vuokraus sek\u00e4 varastointivaihtoehdot.<\/p>\n<p>Verkkosivusto: <a href=\"https:\/\/www.armstrongrelocation.com\/\" target=\"_blank\" rel=\"noopener\">https:\/\/www.armstrongrelocation.com\/<\/a><\/p>\n<h2><span class=\"ez-toc-section\" id=\"4_Beltmann_Moving_Storage\"><\/span><strong>4. Beltmann Moving &amp; Storage<\/strong><span class=\"ez-toc-section-end\"><\/span><\/h2>\n<p><img loading=\"lazy\" decoding=\"async\" class=\"alignnone size-full wp-image-11269\" src=\"https:\/\/moverdb.com\/wp-content\/uploads\/Beltmann-Relocation-Group-international-moving-company.png\" alt=\"Beltmann Relocation Group kansainv\u00e4linen muuttofirma\" width=\"1440\" height=\"682\" data-wp-pid=\"11269\" srcset=\"https:\/\/moverdb.com\/wp-content\/uploads\/Beltmann-Relocation-Group-international-moving-company.png 1440w, https:\/\/moverdb.com\/wp-content\/uploads\/Beltmann-Relocation-Group-international-moving-company-300x142.png 300w, https:\/\/moverdb.com\/wp-content\/uploads\/Beltmann-Relocation-Group-international-moving-company-1024x485.png 1024w, https:\/\/moverdb.com\/wp-content\/uploads\/Beltmann-Relocation-Group-international-moving-company-18x9.png 18w, https:\/\/moverdb.com\/wp-content\/uploads\/Beltmann-Relocation-Group-international-moving-company-600x284.png 600w\" sizes=\"auto, (max-width: 1440px) 100vw, 1440px\" \/><\/p>\n<ul>\n<li>Paikalliset ja pitk\u00e4n matkan siirrot<\/li>\n<li>Kansainv\u00e4liset siirrot<\/li>\n<li>Asuntojen muutot<\/li>\n<li>Toimiston muutot<\/li>\n<li>Yritysten uudelleensijoitukset<\/li>\n<li>R\u00e4\u00e4t\u00e4l\u00f6it\u00e4v\u00e4t palvelut<\/li>\n<li>Siirr\u00e4 konsultti<\/li>\n<li>Pakkauspalvelu<\/li>\n<li>Kuljetusj\u00e4rjestelyt<\/li>\n<li>Turvallinen varastointi<\/li>\n<\/ul>\n<p>Beltmann Moving &amp; Storage on vuonna 1923 perustettu muuttofirma, jolla on 11 toimipistett\u00e4 eri puolilla Yhdysvaltoja, Atlanta mukaan lukien. Yritys on sidoksissa North American Van Linesiin, joka tarjoaa sille suuremman kattavuuden ja kansainv\u00e4liset verkostot. Se on IAM:n j\u00e4sen, ja sill\u00e4 on 24 vuoden kokemus.<\/p>\n<p>Beltmann Moving &amp; Storage tarjoaa r\u00e4\u00e4t\u00e4l\u00f6it\u00e4viss\u00e4 olevia paketteja, joten maksat vain tarvitsemistasi palveluista ja pysyt budjetissa. He tarjoavat henkil\u00f6kohtaista tukea ja all-inclusive-paketteja, jotka voivat huolehtia kaikesta, tai voit valita yksitt\u00e4isi\u00e4 palveluja. Heid\u00e4n muuttokonsulttinsa j\u00e4rjest\u00e4\u00e4 muuton pakkauksineen ja kuljetuksineen m\u00e4\u00e4r\u00e4np\u00e4\u00e4h\u00e4n.<\/p>\n<p>Verkkosivusto: <a href=\"http:\/\/www.beltmann.com\/\" target=\"_blank\" rel=\"noopener\">http:\/\/www.beltmann.com\/<\/a><\/p>\n<h2><span class=\"ez-toc-section\" id=\"5_Hilldrup\"><\/span><strong>5. Hilldrup<\/strong><span class=\"ez-toc-section-end\"><\/span><\/h2>\n<p><img loading=\"lazy\" decoding=\"async\" class=\"alignnone size-full wp-image-11339\" src=\"https:\/\/moverdb.com\/wp-content\/uploads\/Hilldrup-international-moving-company.png\" alt=\"Hilldrupin kansainv\u00e4linen muuttofirma\" width=\"1440\" height=\"674\" data-wp-pid=\"11339\" srcset=\"https:\/\/moverdb.com\/wp-content\/uploads\/Hilldrup-international-moving-company.png 1440w, https:\/\/moverdb.com\/wp-content\/uploads\/Hilldrup-international-moving-company-300x140.png 300w, https:\/\/moverdb.com\/wp-content\/uploads\/Hilldrup-international-moving-company-1024x479.png 1024w, https:\/\/moverdb.com\/wp-content\/uploads\/Hilldrup-international-moving-company-18x8.png 18w, https:\/\/moverdb.com\/wp-content\/uploads\/Hilldrup-international-moving-company-600x281.png 600w\" sizes=\"auto, (max-width: 1440px) 100vw, 1440px\" \/><\/p>\n<ul>\n<li>Paikalliset ja pitk\u00e4n matkan siirrot<\/li>\n<li>Kansainv\u00e4liset siirrot<\/li>\n<li>Asuntojen muutot<\/li>\n<li>Liiketoiminnan siirrot<\/li>\n<li>Muuttopakettien valinta<\/li>\n<li>Move Counsellor<\/li>\n<li>Pakkauspalvelu<\/li>\n<li>Kuljetusj\u00e4rjestelyt<\/li>\n<li>Seurantap\u00e4ivitykset<\/li>\n<li>Lyhytaikainen ja pitk\u00e4aikainen varastointi<\/li>\n<\/ul>\n<p>Hilldrup on vuonna 1903 perustettu muutto- ja varastointiyritys, jolla on 10 toimipistett\u00e4 Kaakkois- ja Keski-Atlantin alueella Yhdysvalloissa, joista yksi Atlantassa. Yrityksell\u00e4 on kansainv\u00e4lisi\u00e4 kumppanuuksia johtavien organisaatioiden kanssa asiakkaidensa tukemiseksi ja kansainv\u00e4listen palvelujen tarjoamiseksi, joihin kuuluvat United Van Lines ja Mayflower Transit. FIDI on akkreditoinut ne.<\/p>\n<p>Hilldrup tarjoaa muuttokonsultin, joka hoitaa muuttosi ja tarjoaa erilaisia muuttopaketteja DIY-pakkauksesta t\u00e4yden palvelun pakkaukseen. He tarjoavat virtuaalisen muuttokartoituksen tarpeidesi arvioimiseksi ja tarjouksen laatimiseksi. He k\u00e4ytt\u00e4v\u00e4t parhaita pakkausmateriaaleja suojatakseen tavarasi kuljetuksen aikana ja tarjoavat r\u00e4\u00e4t\u00e4l\u00f6ityj\u00e4 pakkaus- ja laatikkovaihtoehtoja hauraille esineille.<\/p>\n<p>Verkkosivusto: <a href=\"https:\/\/www.hilldrup.com\/\" target=\"_blank\" rel=\"noopener\">https:\/\/www.hilldrup.com\/<\/a><\/p>","protected":false},"excerpt":{"rendered":"<p>When you are moving there is a lot to do such as planning and organising the move, selecting a transportation provider and packing your belongings, and if you are moving abroad handling customs too. Many of these activities can be completed by a moving company. Below we have compiled a list of Georgia based removal [&hellip;]<\/p>\n","protected":false},"author":4,"featured_media":11236,"parent":190,"menu_order":0,"comment_status":"closed","ping_status":"closed","template":"","meta":{"_genesis_hide_title":false,"_genesis_hide_breadcrumbs":false,"_genesis_hide_singular_image":false,"_genesis_hide_footer_widgets":false,"_genesis_custom_body_class":"","_genesis_custom_post_class":"","_genesis_layout":"","footnotes":""},"class_list":{"0":"post-11566","1":"page","2":"type-page","3":"status-publish","4":"has-post-thumbnail","6":"entry"},"_links":{"self":[{"href":"https:\/\/moverdb.com\/fi\/wp-json\/wp\/v2\/pages\/11566","targetHints":{"allow":["GET"]}}],"collection":[{"href":"https:\/\/moverdb.com\/fi\/wp-json\/wp\/v2\/pages"}],"about":[{"href":"https:\/\/moverdb.com\/fi\/wp-json\/wp\/v2\/types\/page"}],"author":[{"embeddable":true,"href":"https:\/\/moverdb.com\/fi\/wp-json\/wp\/v2\/users\/4"}],"replies":[{"embeddable":true,"href":"https:\/\/moverdb.com\/fi\/wp-json\/wp\/v2\/comments?post=11566"}],"version-history":[{"count":3,"href":"https:\/\/moverdb.com\/fi\/wp-json\/wp\/v2\/pages\/11566\/revisions"}],"predecessor-version":[{"id":11570,"href":"https:\/\/moverdb.com\/fi\/wp-json\/wp\/v2\/pages\/11566\/revisions\/11570"}],"up":[{"embeddable":true,"href":"https:\/\/moverdb.com\/fi\/wp-json\/wp\/v2\/pages\/190"}],"wp:featuredmedia":[{"embeddable":true,"href":"https:\/\/moverdb.com\/fi\/wp-json\/wp\/v2\/media\/11236"}],"wp:attachment":[{"href":"https:\/\/moverdb.com\/fi\/wp-json\/wp\/v2\/media?parent=11566"}],"curies":[{"name":"wp","href":"https:\/\/api.w.org\/{rel}","templated":true}]}}