{"id":11564,"date":"2023-11-29T10:35:03","date_gmt":"2023-11-29T10:35:03","guid":{"rendered":"https:\/\/moverdb.com\/?page_id=11564"},"modified":"2026-01-08T15:24:15","modified_gmt":"2026-01-08T15:24:15","slug":"moving-companies-us-gaithersburg","status":"publish","type":"page","link":"https:\/\/moverdb.com\/fi\/moving-companies\/moving-companies-us-gaithersburg\/","title":{"rendered":"3 parasta kansainv\u00e4list\u00e4 muuttoa harjoittavaa yrityst\u00e4 Gaithersburgissa"},"content":{"rendered":"<p>Kun olet muuttamassa kotiin tai yritykseesi, on paljon teht\u00e4v\u00e4\u00e4, joten on t\u00e4rke\u00e4\u00e4, ett\u00e4 otat palveluntarjoajaksi <a href=\"https:\/\/moverdb.com\/fi\/moving-companies\/\" data-internallinksmanager029f6b8e52c=\"79\" title=\"Top 25 Kansainv\u00e4list\u00e4 muuttoyrityksi\u00e4 verkossa\">muuttofirma<\/a> voi auttaa sinua v\u00e4hent\u00e4m\u00e4\u00e4n ty\u00f6taakkaa, jotta voit keskitty\u00e4 muuttosi muihin osa-alueisiin. T\u00e4h\u00e4n voi kuulua pakkaaminen, kuljetuksen j\u00e4rjest\u00e4minen ja tulliasioiden hoitaminen kansainv\u00e4lisiss\u00e4 muutoissa. Alla on luettelo Gaithersburgissa sijaitsevista yrityksist\u00e4. <a href=\"https:\/\/moverdb.com\/fi\/international-removals\/\" data-internallinksmanager029f6b8e52c=\"27\" title=\"36 Parhaat kansainv\u00e4liset muuttoyritykset Yhdistyneess\u00e4 kuningaskunnassa\">muuttofirmat<\/a> jotka ovat j\u00e4seni\u00e4 <a href=\"https:\/\/moverdb.com\/fi\/iam\/\" data-internallinksmanager029f6b8e52c=\"23\" title=\"Kansainv\u00e4linen muuttajien liitto (IAM) selitetty\">Kansainv\u00e4linen muuttajien liitto<\/a> (IAM) ja\/tai <a href=\"https:\/\/moverdb.com\/fi\/fidi-faim\/\" data-internallinksmanager029f6b8e52c=\"16\" title=\"FIDI &amp; FAIM (FIDI Accredited International Mover) selitettyin\u00e4\">FIDI<\/a> Accredited International Mover (FAIM), joka voi auttaa sinua muutossasi.<\/p>\n<h2><strong>1. Toimitusratkaisut maailmanlaajuisesti<\/strong><\/h2>\n<p><img loading=\"lazy\" decoding=\"async\" class=\"alignnone size-full wp-image-11442\" src=\"https:\/\/moverdb.com\/wp-content\/uploads\/Shipping-Solutions-Worldwide-international-moving-company.png\" alt=\"Shipping Solutions Maailmanlaajuinen kansainv\u00e4linen muuttoyhti\u00f6\" width=\"1440\" height=\"680\" data-wp-pid=\"11442\" srcset=\"https:\/\/moverdb.com\/wp-content\/uploads\/Shipping-Solutions-Worldwide-international-moving-company.png 1440w, https:\/\/moverdb.com\/wp-content\/uploads\/Shipping-Solutions-Worldwide-international-moving-company-300x142.png 300w, https:\/\/moverdb.com\/wp-content\/uploads\/Shipping-Solutions-Worldwide-international-moving-company-1024x484.png 1024w, https:\/\/moverdb.com\/wp-content\/uploads\/Shipping-Solutions-Worldwide-international-moving-company-18x9.png 18w, https:\/\/moverdb.com\/wp-content\/uploads\/Shipping-Solutions-Worldwide-international-moving-company-600x283.png 600w\" sizes=\"auto, (max-width: 1440px) 100vw, 1440px\" \/><\/p>\n<ul>\n<li>Paikalliset ja kansalliset siirrot<\/li>\n<li>Kansainv\u00e4liset siirrot<\/li>\n<li>Asuntojen muutot<\/li>\n<li>Kaupalliset ja toimistosiirrot<\/li>\n<li>Henkil\u00f6kohtainen palvelu<\/li>\n<li>Pakkauspalvelu<\/li>\n<li>Maa-, ilma- ja merikuljetukset<\/li>\n<li>Dokumentoinnin tuki<\/li>\n<li><a href=\"https:\/\/moverdb.com\/fi\/car-transport-shipping\/\" data-internallinksmanager029f6b8e52c=\"2\" title=\"2026 Kansainv\u00e4linen autokuljetus ja ajoneuvojen kuljetus tarjoukset\">Ajoneuvojen kuljetus<\/a><\/li>\n<li>L\u00e4hetyksen seuranta<\/li>\n<\/ul>\n<p>Shipping Solutions Worldwide on maailmanlaajuinen muuttofirma, jolla on yli 30 vuoden kokemus, ja sen kotipaikka on Gaithersburg. Se tekee yhteisty\u00f6t\u00e4 maailmanlaajuisten muuttoliikeyritysten verkoston kanssa tarjotakseen palveluja kaikkialla maailmassa. He ovat IAM:n j\u00e4sen.<\/p>\n<p>Shipping Solutions Worldwide tarjoaa r\u00e4\u00e4t\u00e4l\u00f6ity\u00e4 muuttopalvelua, joka on r\u00e4\u00e4t\u00e4l\u00f6ity tarpeidesi mukaan. He tarjoavat pakkauspalvelun, joka varmistaa, ett\u00e4 tavarasi kulkevat turvallisesti kuljetusolosuhteissa t\u00e4ydellisen inventaarion kera. He j\u00e4rjest\u00e4v\u00e4t kuljetuksen maa-, ilma- tai meriteitse ja k\u00e4sittelev\u00e4t my\u00f6s kaikki tarvittavat kuljetusasiakirjat ja seuraavat l\u00e4hetyst\u00e4si.<\/p>\n<p>Verkkosivusto: <a href=\"https:\/\/shippingsolutionsworldwide.com\/\" target=\"_blank\" rel=\"noopener\">https:\/\/shippingsolutionsworldwide.com\/<\/a><\/p>\n<h2><strong>2. Town &amp; Country Movers<\/strong><\/h2>\n<p><img loading=\"lazy\" decoding=\"async\" class=\"alignnone size-full wp-image-11458\" src=\"https:\/\/moverdb.com\/wp-content\/uploads\/Town-Country-Movers-international-moving-company.png\" alt=\"Town &amp; Country Movers kansainv\u00e4linen muuttofirma\" width=\"1440\" height=\"681\" data-wp-pid=\"11458\" srcset=\"https:\/\/moverdb.com\/wp-content\/uploads\/Town-Country-Movers-international-moving-company.png 1440w, https:\/\/moverdb.com\/wp-content\/uploads\/Town-Country-Movers-international-moving-company-300x142.png 300w, https:\/\/moverdb.com\/wp-content\/uploads\/Town-Country-Movers-international-moving-company-1024x484.png 1024w, https:\/\/moverdb.com\/wp-content\/uploads\/Town-Country-Movers-international-moving-company-18x9.png 18w, https:\/\/moverdb.com\/wp-content\/uploads\/Town-Country-Movers-international-moving-company-600x284.png 600w\" sizes=\"auto, (max-width: 1440px) 100vw, 1440px\" \/><\/p>\n<ul>\n<li>Paikalliset ja kansalliset siirrot<\/li>\n<li>Kansainv\u00e4liset siirrot<\/li>\n<li>Kotitalouksien muutot<\/li>\n<li>Liiketoiminnan siirrot<\/li>\n<li>Ovelta ovelle ja ovelta<a href=\"https:\/\/moverdb.com\/fi\/top-49-container-ports\/\" data-internallinksmanager029f6b8e52c=\"80\" title=\"Top 49 suurinta ja vilkkainta konttisatamaa vuonna 2025\">satama<\/a> vaihtoehdot<\/li>\n<li>Pakkauspalvelu<\/li>\n<li>Kuljetuksen j\u00e4rjest\u00e4minen<\/li>\n<li>Tulliselvitys<\/li>\n<li>Ajoneuvojen kuljetus<\/li>\n<li>Turvallinen lyhyt- ja pitk\u00e4aikainen varastointi<\/li>\n<\/ul>\n<p>Town &amp; Country Movers on vuonna 1977 perustettu muutto- ja varastointiyritys, jonka kotipaikka on Gaithersburgissa ja joka palvelee <a href=\"https:\/\/moverdb.com\/fi\/moving-to-the-united-states\/moving-to-maryland\/\" data-internallinksmanager029f6b8e52c=\"467\" title=\"Muutatko Marylandiin? 2024 Elinkustannukset ja muuttovinkit\">Maryland<\/a> ja <a href=\"https:\/\/moverdb.com\/fi\/moving-to-the-united-states\/moving-to-virginia\/\" data-internallinksmanager029f6b8e52c=\"442\" title=\"Muutto Virginiassa? 2023 Elinkustannukset ja muuttovinkit\">Virginia<\/a> paikallisia, kansallisia ja kansainv\u00e4lisi\u00e4 muuttoja. He tekev\u00e4t yhteisty\u00f6t\u00e4 luotettavien kansainv\u00e4listen huolitsijoiden kanssa toimittaakseen palveluitaan ymp\u00e4ri maailmaa. He ovat IAM:n j\u00e4sen, ja heill\u00e4 on 46 vuoden kokemus.<\/p>\n<p>Town &amp; Country Movers tarjoaa ilmaisen arvion muutostasi varten ja mukauttaa palvelunsa tarpeittesi mukaan. He auttavat sinua l\u00f6yt\u00e4m\u00e4\u00e4n tarpeisiisi ja budjettiisi parhaiten sopivat kuljetusvaihtoehdot. He tarjoavat ammattitaitoista pakkauspalvelua tavaroitesi suojaamiseksi, johon voi sis\u00e4lty\u00e4 my\u00f6s r\u00e4\u00e4t\u00e4l\u00f6ityj\u00e4 pakkauslaatikoita.<\/p>\n<p>Verkkosivusto: <a href=\"https:\/\/townandcountrymovers.com\/\" target=\"_blank\" rel=\"noopener\">https:\/\/townandcountrymovers.com\/<\/a><\/p>\n<h2><strong>3. Universaaliset siirrot<\/strong><\/h2>\n<p><img loading=\"lazy\" decoding=\"async\" class=\"alignnone size-full wp-image-11469\" src=\"https:\/\/moverdb.com\/wp-content\/uploads\/Universal-Relocations-international-moving-company-1.png\" alt=\"Universal Relocations kansainv\u00e4linen muuttofirma\" width=\"1440\" height=\"680\" data-wp-pid=\"11469\" srcset=\"https:\/\/moverdb.com\/wp-content\/uploads\/Universal-Relocations-international-moving-company-1.png 1440w, https:\/\/moverdb.com\/wp-content\/uploads\/Universal-Relocations-international-moving-company-1-300x142.png 300w, https:\/\/moverdb.com\/wp-content\/uploads\/Universal-Relocations-international-moving-company-1-1024x484.png 1024w, https:\/\/moverdb.com\/wp-content\/uploads\/Universal-Relocations-international-moving-company-1-18x9.png 18w, https:\/\/moverdb.com\/wp-content\/uploads\/Universal-Relocations-international-moving-company-1-600x283.png 600w\" sizes=\"auto, (max-width: 1440px) 100vw, 1440px\" \/><\/p>\n<ul>\n<li>Kansalliset siirrot<\/li>\n<li>Kansainv\u00e4liset siirrot<\/li>\n<li>Kotitalouksien muutot<\/li>\n<li>Yritysten uudelleensijoittaminen<\/li>\n<li>Ovelta ovelle -palvelu<\/li>\n<li>Pakkauspalvelu<\/li>\n<li>Tulliv\u00e4litys<\/li>\n<li>Lemmikkiel\u00e4inten ja autojen kuljetus<\/li>\n<li>Kotietsint\u00e4apu<\/li>\n<li>Varastointitilat<\/li>\n<\/ul>\n<p>Universal Relocations on kansainv\u00e4linen muutto- ja siirtoyritys, joka on perustettu vuonna 2001. <a href=\"https:\/\/moverdb.com\/fi\/moving-to-india\/\" data-internallinksmanager029f6b8e52c=\"356\" title=\"Muutatko Intiaan? 2023 Elinkustannukset ja muuttovinkit\">Intia<\/a> vuonna 1998, jolla on toimistoja my\u00f6s <a href=\"https:\/\/moverdb.com\/fi\/moving-to-the-united-states\/\" data-internallinksmanager029f6b8e52c=\"94\" title=\"Muutatko Yhdysvaltoihin? 2022 Elinkustannukset ja muuttovinkit\">US<\/a> Gaithersburgissa, <a href=\"https:\/\/moverdb.com\/fi\/moving-to-the-united-states\/moving-to-new-jersey\/\" data-internallinksmanager029f6b8e52c=\"417\" title=\"Muutatko New Jerseyyn? 2023 Elinkustannukset ja muuttovinkit\">New Jersey<\/a>, <a href=\"https:\/\/moverdb.com\/fi\/moving-to-the-united-states\/moving-to-california\/\" data-internallinksmanager029f6b8e52c=\"330\" title=\"Muutto Kaliforniaan? 2023 Elinkustannukset ja muuttovinkit\">Kalifornia<\/a>, <a href=\"https:\/\/moverdb.com\/fi\/moving-to-the-united-states\/moving-to-texas\/\" data-internallinksmanager029f6b8e52c=\"397\" title=\"Muutto Teksasiin? 2023 Elinkustannukset ja muuttovinkit\">Texas<\/a> ja <a href=\"https:\/\/moverdb.com\/fi\/moving-to-the-united-states\/moving-to-georgia\/\" data-internallinksmanager029f6b8e52c=\"402\" title=\"Muutto Georgiaan? 2023 Elinkustannukset ja muuttovinkit\">Georgia<\/a>. Heill\u00e4 on 160 kumppanin maailmanlaajuinen verkosto, joka tukee heit\u00e4 kansainv\u00e4lisiss\u00e4 palveluissa. He ovat IAM:n j\u00e4sen, ja heill\u00e4 on seitsem\u00e4n vuoden kokemus.<\/p>\n<p>Universal Relocations tarjoaa kotitalouksille ja yrityksille ovelta ovelle -siirtopalvelua. He tarjoavat turvallisen pakkauspalvelun, joka suojaa tavaroitasi kuljetuksen aikana, ja he voivat my\u00f6s kuljettaa lemmikkisi ja ajoneuvosi. He tarjoavat my\u00f6s lis\u00e4palveluita, joihin kuuluvat asunnon etsint\u00e4apu, varastointitilat ja vakuutukset.<\/p>\n<p>Verkkosivusto: <a href=\"https:\/\/universalrelocations.com\/\" target=\"_blank\" rel=\"noopener\">https:\/\/universalrelocations.com\/<\/a><\/p>","protected":false},"excerpt":{"rendered":"<p>When you are moving home or your business there is a lot to do so engaging the services of a moving company can assist you in reducing the workload so you can focus on other aspects of your move. This can include packing, arranging transport and handling customs for international moves. Below we have compiled [&hellip;]<\/p>\n","protected":false},"author":4,"featured_media":11442,"parent":190,"menu_order":0,"comment_status":"closed","ping_status":"closed","template":"","meta":{"_genesis_hide_title":false,"_genesis_hide_breadcrumbs":false,"_genesis_hide_singular_image":false,"_genesis_hide_footer_widgets":false,"_genesis_custom_body_class":"","_genesis_custom_post_class":"","_genesis_layout":"","footnotes":""},"class_list":{"0":"post-11564","1":"page","2":"type-page","3":"status-publish","4":"has-post-thumbnail","6":"entry"},"_links":{"self":[{"href":"https:\/\/moverdb.com\/fi\/wp-json\/wp\/v2\/pages\/11564","targetHints":{"allow":["GET"]}}],"collection":[{"href":"https:\/\/moverdb.com\/fi\/wp-json\/wp\/v2\/pages"}],"about":[{"href":"https:\/\/moverdb.com\/fi\/wp-json\/wp\/v2\/types\/page"}],"author":[{"embeddable":true,"href":"https:\/\/moverdb.com\/fi\/wp-json\/wp\/v2\/users\/4"}],"replies":[{"embeddable":true,"href":"https:\/\/moverdb.com\/fi\/wp-json\/wp\/v2\/comments?post=11564"}],"version-history":[{"count":1,"href":"https:\/\/moverdb.com\/fi\/wp-json\/wp\/v2\/pages\/11564\/revisions"}],"predecessor-version":[{"id":11565,"href":"https:\/\/moverdb.com\/fi\/wp-json\/wp\/v2\/pages\/11564\/revisions\/11565"}],"up":[{"embeddable":true,"href":"https:\/\/moverdb.com\/fi\/wp-json\/wp\/v2\/pages\/190"}],"wp:featuredmedia":[{"embeddable":true,"href":"https:\/\/moverdb.com\/fi\/wp-json\/wp\/v2\/media\/11442"}],"wp:attachment":[{"href":"https:\/\/moverdb.com\/fi\/wp-json\/wp\/v2\/media?parent=11564"}],"curies":[{"name":"wp","href":"https:\/\/api.w.org\/{rel}","templated":true}]}}