{"id":11560,"date":"2023-11-29T10:28:15","date_gmt":"2023-11-29T10:28:15","guid":{"rendered":"https:\/\/moverdb.com\/?page_id=11560"},"modified":"2026-01-08T15:24:13","modified_gmt":"2026-01-08T15:24:13","slug":"moving-companies-in-el-paso-usa","status":"publish","type":"page","link":"https:\/\/moverdb.com\/fi\/moving-companies\/moving-companies-in-el-paso-usa\/","title":{"rendered":"3 parasta kansainv\u00e4list\u00e4 muuttofirmaa El Pasossa"},"content":{"rendered":"<p>Suunnitteletko muuttoa El Pasossa, El Pasoon tai El Pasosta? Silloin tarvitset apua <a href=\"https:\/\/moverdb.com\/fi\/moving-companies\/\" data-internallinksmanager029f6b8e52c=\"79\" title=\"Top 25 Kansainv\u00e4list\u00e4 muuttoyrityksi\u00e4 verkossa\">muuttofirma<\/a> pakkaaminen, kuljetuksen j\u00e4rjest\u00e4minen ja tullin hoitaminen kansainv\u00e4lisiss\u00e4 muutoissa voi v\u00e4hent\u00e4\u00e4 stressi\u00e4. Alla on luettelo El Pasossa sijaitsevista yrityksist\u00e4. <a href=\"https:\/\/moverdb.com\/fi\/international-removals\/\" data-internallinksmanager029f6b8e52c=\"27\" title=\"36 Parhaat kansainv\u00e4liset muuttoyritykset Yhdistyneess\u00e4 kuningaskunnassa\">muuttofirmat<\/a> jotka ovat j\u00e4seni\u00e4 <a href=\"https:\/\/moverdb.com\/fi\/iam\/\" data-internallinksmanager029f6b8e52c=\"23\" title=\"Kansainv\u00e4linen muuttajien liitto (IAM) selitetty\">Kansainv\u00e4linen muuttajien liitto<\/a> (IAM) ja\/tai <a href=\"https:\/\/moverdb.com\/fi\/fidi-faim\/\" data-internallinksmanager029f6b8e52c=\"16\" title=\"FIDI &amp; FAIM (FIDI Accredited International Mover) selitettyin\u00e4\">FIDI<\/a> Accredited International Mover (FAIM), joka voi auttaa sinua muutossasi.<\/p>\n<h2><strong>1. Deseret International Forwarding<\/strong><\/h2>\n<p><img loading=\"lazy\" decoding=\"async\" class=\"alignnone size-full wp-image-11305\" src=\"https:\/\/moverdb.com\/wp-content\/uploads\/Deseret-International-Forwarding-moving-company.png\" alt=\"Deseret International Forwarding muuttoyritys\" width=\"1440\" height=\"676\" data-wp-pid=\"11305\" srcset=\"https:\/\/moverdb.com\/wp-content\/uploads\/Deseret-International-Forwarding-moving-company.png 1440w, https:\/\/moverdb.com\/wp-content\/uploads\/Deseret-International-Forwarding-moving-company-300x141.png 300w, https:\/\/moverdb.com\/wp-content\/uploads\/Deseret-International-Forwarding-moving-company-1024x481.png 1024w, https:\/\/moverdb.com\/wp-content\/uploads\/Deseret-International-Forwarding-moving-company-18x8.png 18w, https:\/\/moverdb.com\/wp-content\/uploads\/Deseret-International-Forwarding-moving-company-600x282.png 600w\" sizes=\"auto, (max-width: 1440px) 100vw, 1440px\" \/><\/p>\n<ul>\n<li>Kansainv\u00e4liset siirrot<\/li>\n<li>Kotitalouksien muutot<\/li>\n<li>Yrityssiirrot<\/li>\n<li>Ovelta ovelle tai <a href=\"https:\/\/moverdb.com\/fi\/top-49-container-ports\/\" data-internallinksmanager029f6b8e52c=\"80\" title=\"Top 49 suurinta ja vilkkainta konttisatamaa vuonna 2025\">satama<\/a>-ovelta ovelle -palvelu<\/li>\n<li>Henkil\u00f6kohtaisen siirron koordinaattori<\/li>\n<li>Pakkauspalvelu<\/li>\n<li>Lento-, meri- ja maakuljetukset<\/li>\n<li>L\u00e4hetysten seuranta verkossa<\/li>\n<li>All-risk-vakuutus<\/li>\n<li>Turvallinen varastointi<\/li>\n<\/ul>\n<p>Deseret International Forwarding on keskittynyt kotitaloustavaroiden kansainv\u00e4liseen huolintaan, ja sen toimipaikka on El Pasossa. Heill\u00e4 on luotettava maailmanlaajuinen verkosto, joka tarjoaa kansainv\u00e4lisi\u00e4 muuttopalveluja tarjoamalla maailmanlaajuisia suhteita muihin muuttoalan toimijoihin. He ovat IAM:n j\u00e4sen 31 vuoden kokemuksella.<\/p>\n<p>Deseret International Forwardingin henkil\u00f6kohtaiset muuttokoordinaattorit tukevat sinua koko muuton ajan ja auttavat sinua valitsemaan parhaan tavan muuttaa uuteen kotiin. He tarjoavat ovelta ovelle -palvelua tai satamasta ovelle -palvelua, johon voi sis\u00e4lty\u00e4 tavaroiden pakkaaminen. He j\u00e4rjest\u00e4v\u00e4t tavaroiden turvallisen kuljetuksen lent\u00e4en, meritse tai maitse.<\/p>\n<p>Verkkosivusto: <a href=\"http:\/\/www.deseret-intl.com\/\" target=\"_blank\" rel=\"noopener\">http:\/\/www.deseret-intl.com\/<\/a><\/p>\n<h2><strong>2. ITO<\/strong><\/h2>\n<p><img loading=\"lazy\" decoding=\"async\" class=\"alignnone size-full wp-image-11355\" src=\"https:\/\/moverdb.com\/wp-content\/uploads\/ITO-El-Paso-international-moving-company.png\" alt=\"ITO El Paso kansainv\u00e4linen muuttofirma\" width=\"1440\" height=\"683\" data-wp-pid=\"11355\" srcset=\"https:\/\/moverdb.com\/wp-content\/uploads\/ITO-El-Paso-international-moving-company.png 1440w, https:\/\/moverdb.com\/wp-content\/uploads\/ITO-El-Paso-international-moving-company-300x142.png 300w, https:\/\/moverdb.com\/wp-content\/uploads\/ITO-El-Paso-international-moving-company-1024x486.png 1024w, https:\/\/moverdb.com\/wp-content\/uploads\/ITO-El-Paso-international-moving-company-18x9.png 18w, https:\/\/moverdb.com\/wp-content\/uploads\/ITO-El-Paso-international-moving-company-600x285.png 600w\" sizes=\"auto, (max-width: 1440px) 100vw, 1440px\" \/><\/p>\n<ul>\n<li>Kansalliset siirrot<\/li>\n<li>Kansainv\u00e4liset siirrot<\/li>\n<li>Kotitalouksien muutot<\/li>\n<li>Toimiston siirrot<\/li>\n<li>Ensimm\u00e4inen kuuleminen<\/li>\n<li>Pakkauspalvelu<\/li>\n<li>Kuljetusj\u00e4rjestelyt<\/li>\n<li>Tulliselvitys<\/li>\n<li>K\u00e4sity\u00f6l\u00e4isen palvelut<\/li>\n<li>Turvallinen varastointi<\/li>\n<\/ul>\n<p>ITO on kansainv\u00e4linen muuttoliikeyritys, jolla on toimipisteit\u00e4 seuraavissa maissa <a href=\"https:\/\/moverdb.com\/fi\/moving-to-the-united-states\/\" data-internallinksmanager029f6b8e52c=\"94\" title=\"Muutatko Yhdysvaltoihin? 2022 Elinkustannukset ja muuttovinkit\">YHDYSVALLAT<\/a>, <a href=\"https:\/\/moverdb.com\/fi\/moving-to-germany\/\" data-internallinksmanager029f6b8e52c=\"321\" title=\"Muutatko Saksaan? 2023 Elinkustannukset ja muuttovinkit\">Saksa<\/a> ja Afrikka. Yhdysvaltain toimistot sijaitsevat El Pasossa, Wichita Fallsissa ja Norfolkissa. Ne toimivat kansainv\u00e4lisesti omien toimipisteidens\u00e4 ja kansainv\u00e4listen kumppaneidensa verkoston avulla. Yritys on IAM:n j\u00e4sen ja sill\u00e4 on 47 vuoden kokemus.<\/p>\n<p>ITO tarjoaa alkukonsultaation ja neuvontaa, jotta voit valmistautua. Se tarjoaa tavanomaisia ja erikoispakkauksia tavaroiden suojaamiseksi sek\u00e4 huonekalujen purkamisen ja kokoamisen. Tarvittaessa he voivat my\u00f6s tarjota k\u00e4sity\u00f6l\u00e4ispalveluja. Tarjolla on erilaisia kuljetusvaihtoehtoja, kuten yhteis\u00f6kontteja joillekin alueille.<\/p>\n<p>Verkkosivusto: <a href=\"https:\/\/www.ito-movers.de\/?lang=en\" target=\"_blank\" rel=\"noopener\">https:\/\/www.ito-movers.de\/?lang=en<\/a><\/p>\n<h2><strong>3. TIS Worldwide<\/strong><\/h2>\n<p><img loading=\"lazy\" decoding=\"async\" class=\"alignnone size-full wp-image-11456\" src=\"https:\/\/moverdb.com\/wp-content\/uploads\/TIS-Worldwide-international-moving-company.png\" alt=\"TIS Worldwide kansainv\u00e4linen muuttofirma\" width=\"1440\" height=\"682\" data-wp-pid=\"11456\" srcset=\"https:\/\/moverdb.com\/wp-content\/uploads\/TIS-Worldwide-international-moving-company.png 1440w, https:\/\/moverdb.com\/wp-content\/uploads\/TIS-Worldwide-international-moving-company-300x142.png 300w, https:\/\/moverdb.com\/wp-content\/uploads\/TIS-Worldwide-international-moving-company-1024x485.png 1024w, https:\/\/moverdb.com\/wp-content\/uploads\/TIS-Worldwide-international-moving-company-18x9.png 18w, https:\/\/moverdb.com\/wp-content\/uploads\/TIS-Worldwide-international-moving-company-600x284.png 600w\" sizes=\"auto, (max-width: 1440px) 100vw, 1440px\" \/><\/p>\n<ul>\n<li>Rahdin huolintapalvelut<\/li>\n<li>Kansainv\u00e4linen liikenne<\/li>\n<li>Hallittu logistiikka<\/li>\n<li>R\u00e4\u00e4t\u00e4l\u00f6ity palvelu<\/li>\n<li>Ovelta ovelle -palvelu<\/li>\n<li>Satamasta satamaan -palvelu<\/li>\n<li>Kuorma-auto-, rautatie-, maantie- ja merikuljetukset<\/li>\n<li>T\u00e4ydet ja alle t\u00e4ydet kuormat<\/li>\n<li>Rahdin seuranta<\/li>\n<li>Varastointitilat<\/li>\n<\/ul>\n<p>TIS Worldwide on vuonna 1976 perustettu premium-luokan logistiikkapalvelujen tarjoaja, jonka kotipaikka on El Paso. Sill\u00e4 on maailmanlaajuinen agenttiverkosto useimmissa maailman maissa, joka auttaa sit\u00e4 tarjoamaan kansainv\u00e4lisi\u00e4 palveluja. Se on IAM:n j\u00e4sen, jolla on 47 vuoden kokemus.<\/p>\n<p>TIS Worldwide tarjoaa yksil\u00f6llist\u00e4 palvelua ja etsii parhaat kuljetusvaihtoehdot l\u00e4hetyksellesi, jotta saat kilpailukykyisimm\u00e4t kustannukset ja laadukkaimman palvelun. Se tarjoaa erilaisia kuljetusvaihtoehtoja, mukaan lukien ovelta ovelle- ja satamasta satamaan -palvelut t\u00e4ysille ja vajaille konttikuormille sek\u00e4 projektilasteille.<\/p>\n<p>Verkkosivusto: <a href=\"https:\/\/www.tis-shipping.com\/\" target=\"_blank\" rel=\"noopener\">https:\/\/www.tis-shipping.com\/<\/a><\/p>","protected":false},"excerpt":{"rendered":"<p>Are you planning on moving within, to or from El Paso? Then enlisting the help of a moving company to pack, arrange transport and handle customs for international moves can reduce the stress. Below we have compiled a list of El Paso based removal companies that are members of the International Association of Movers (IAM) [&hellip;]<\/p>\n","protected":false},"author":4,"featured_media":11305,"parent":190,"menu_order":0,"comment_status":"closed","ping_status":"closed","template":"","meta":{"_genesis_hide_title":false,"_genesis_hide_breadcrumbs":false,"_genesis_hide_singular_image":false,"_genesis_hide_footer_widgets":false,"_genesis_custom_body_class":"","_genesis_custom_post_class":"","_genesis_layout":"","footnotes":""},"class_list":{"0":"post-11560","1":"page","2":"type-page","3":"status-publish","4":"has-post-thumbnail","6":"entry"},"_links":{"self":[{"href":"https:\/\/moverdb.com\/fi\/wp-json\/wp\/v2\/pages\/11560","targetHints":{"allow":["GET"]}}],"collection":[{"href":"https:\/\/moverdb.com\/fi\/wp-json\/wp\/v2\/pages"}],"about":[{"href":"https:\/\/moverdb.com\/fi\/wp-json\/wp\/v2\/types\/page"}],"author":[{"embeddable":true,"href":"https:\/\/moverdb.com\/fi\/wp-json\/wp\/v2\/users\/4"}],"replies":[{"embeddable":true,"href":"https:\/\/moverdb.com\/fi\/wp-json\/wp\/v2\/comments?post=11560"}],"version-history":[{"count":1,"href":"https:\/\/moverdb.com\/fi\/wp-json\/wp\/v2\/pages\/11560\/revisions"}],"predecessor-version":[{"id":11561,"href":"https:\/\/moverdb.com\/fi\/wp-json\/wp\/v2\/pages\/11560\/revisions\/11561"}],"up":[{"embeddable":true,"href":"https:\/\/moverdb.com\/fi\/wp-json\/wp\/v2\/pages\/190"}],"wp:featuredmedia":[{"embeddable":true,"href":"https:\/\/moverdb.com\/fi\/wp-json\/wp\/v2\/media\/11305"}],"wp:attachment":[{"href":"https:\/\/moverdb.com\/fi\/wp-json\/wp\/v2\/media?parent=11560"}],"curies":[{"name":"wp","href":"https:\/\/api.w.org\/{rel}","templated":true}]}}