{"id":11558,"date":"2023-11-29T10:29:34","date_gmt":"2023-11-29T10:29:34","guid":{"rendered":"https:\/\/moverdb.com\/?page_id=11558"},"modified":"2026-01-08T15:24:12","modified_gmt":"2026-01-08T15:24:12","slug":"moving-companies-us-danbury","status":"publish","type":"page","link":"https:\/\/moverdb.com\/fi\/moving-companies\/moving-companies-us-danbury\/","title":{"rendered":"3 parasta kansainv\u00e4list\u00e4 muuttofirmaa Danburyssa"},"content":{"rendered":"<p>Muuton suunnittelu ja hallinnointi voi olla stressaavaa, joten muuton suunnittelu ja hallinnointi voi olla stressaavaa. <a href=\"https:\/\/moverdb.com\/fi\/moving-companies\/\" data-internallinksmanager029f6b8e52c=\"79\" title=\"Top 25 Kansainv\u00e4list\u00e4 muuttoyrityksi\u00e4 verkossa\">muuttofirma<\/a> joka pakkaa ja kuljettaa tavarasi, voi helpottaa paineita. Alla on luettelo Danburyyn sijoittautuneista yrityksist\u00e4. <a href=\"https:\/\/moverdb.com\/fi\/international-removals\/\" data-internallinksmanager029f6b8e52c=\"27\" title=\"36 Parhaat kansainv\u00e4liset muuttoyritykset Yhdistyneess\u00e4 kuningaskunnassa\">muuttofirmat<\/a> jotka ovat j\u00e4seni\u00e4 <a href=\"https:\/\/moverdb.com\/fi\/iam\/\" data-internallinksmanager029f6b8e52c=\"23\" title=\"Kansainv\u00e4linen muuttajien liitto (IAM) selitetty\">Kansainv\u00e4linen muuttajien liitto<\/a> (IAM) ja\/tai <a href=\"https:\/\/moverdb.com\/fi\/fidi-faim\/\" data-internallinksmanager029f6b8e52c=\"16\" title=\"FIDI &amp; FAIM (FIDI Accredited International Mover) selitettyin\u00e4\">FIDI<\/a> Accredited International Mover (FAIM), joka voi auttaa sinua muutossasi.<\/p>\n<h2><strong>1. Continuum International<\/strong><\/h2>\n<p><img loading=\"lazy\" decoding=\"async\" class=\"alignnone size-full wp-image-11296\" src=\"https:\/\/moverdb.com\/wp-content\/uploads\/Continuum-International-moving-company.png\" alt=\"Jatkuva kansainv\u00e4linen muuttofirma\" width=\"1440\" height=\"677\" data-wp-pid=\"11296\" srcset=\"https:\/\/moverdb.com\/wp-content\/uploads\/Continuum-International-moving-company.png 1440w, https:\/\/moverdb.com\/wp-content\/uploads\/Continuum-International-moving-company-300x141.png 300w, https:\/\/moverdb.com\/wp-content\/uploads\/Continuum-International-moving-company-1024x481.png 1024w, https:\/\/moverdb.com\/wp-content\/uploads\/Continuum-International-moving-company-18x8.png 18w, https:\/\/moverdb.com\/wp-content\/uploads\/Continuum-International-moving-company-600x282.png 600w\" sizes=\"auto, (max-width: 1440px) 100vw, 1440px\" \/><\/p>\n<ul>\n<li>Kansalliset siirrot<\/li>\n<li>Kansainv\u00e4liset siirrot<\/li>\n<li>Yritysten uudelleensijoitukset<\/li>\n<li>Ovelta ovelle -palvelu<\/li>\n<li>R\u00e4\u00e4t\u00e4l\u00f6idyt palvelut<\/li>\n<li>Pakkauspalvelu<\/li>\n<li>Kuljetus lent\u00e4en, meritse tai kuorma-autolla<\/li>\n<li>Asiakirjojen valmistelu<\/li>\n<li>Kauttakuljetusvakuutus<\/li>\n<li>Varastointitilat<\/li>\n<\/ul>\n<p>Continuum International on yli 20 vuotta toiminut maailmanlaajuinen muutto- ja toimeksiantojen hallintapalveluyritys, jolla on toimipisteet Danburyssa ja Brookfieldiss\u00e4. Yrityksell\u00e4 on maailmanlaajuisia kumppanuuksia, joiden ansiosta se voi tarjota palvelujaan kansainv\u00e4lisesti. Se on IAM:n j\u00e4sen, jolla on 24 vuoden kokemus.<\/p>\n<p>Continuum International tarjoaa r\u00e4\u00e4t\u00e4l\u00f6ityj\u00e4 ovelta ovelle -muutto- ja uudelleensijoituspalveluja, joissa on varattu uudelleensijoitusneuvoja. He tarjoavat muuttoa edelt\u00e4v\u00e4n kartoituksen, jonka avulla arvioidaan muuttotarpeesi ja laaditaan muuttosuunnitelma. He pakkaavat tavarasi ja varmistavat, ett\u00e4 pakkausmateriaalit soveltuvat kuljetustapaan ja m\u00e4\u00e4r\u00e4np\u00e4\u00e4h\u00e4n.<\/p>\n<p>Verkkosivusto: <a href=\"https:\/\/www.continuumrelo.com\/\" target=\"_blank\" rel=\"noopener\">https:\/\/www.continuumrelo.com\/<\/a><\/p>\n<h2><strong>2. Interconex<\/strong><\/h2>\n<p><img loading=\"lazy\" decoding=\"async\" class=\"alignnone size-full wp-image-11345\" src=\"https:\/\/moverdb.com\/wp-content\/uploads\/Interconex-international-moving-company.png\" alt=\"Interconex kansainv\u00e4linen muuttofirma\" width=\"1440\" height=\"678\" data-wp-pid=\"11345\" srcset=\"https:\/\/moverdb.com\/wp-content\/uploads\/Interconex-international-moving-company.png 1440w, https:\/\/moverdb.com\/wp-content\/uploads\/Interconex-international-moving-company-300x141.png 300w, https:\/\/moverdb.com\/wp-content\/uploads\/Interconex-international-moving-company-1024x482.png 1024w, https:\/\/moverdb.com\/wp-content\/uploads\/Interconex-international-moving-company-18x8.png 18w, https:\/\/moverdb.com\/wp-content\/uploads\/Interconex-international-moving-company-600x283.png 600w\" sizes=\"auto, (max-width: 1440px) 100vw, 1440px\" \/><\/p>\n<ul>\n<li>Kansalliset siirrot<\/li>\n<li>Kansainv\u00e4liset siirrot<\/li>\n<li>Kotitalouksien muutot<\/li>\n<li>Yrityssiirrot<\/li>\n<li>Ovelta ovelle -palvelu<\/li>\n<li>Pakkauspalvelu<\/li>\n<li>Kuljetusj\u00e4rjestelyt<\/li>\n<li>Tulliselvitys<\/li>\n<li>Lemmikkiel\u00e4inten uudelleensijoittaminen<\/li>\n<li>Turvalliset varastointipalvelut<\/li>\n<\/ul>\n<p>Interconex on vuonna 1969 perustettu t\u00e4yden palvelun kotitaloustavaroiden muuttoyritys, jonka kotipaikka on Danbury. Se tekee yhteisty\u00f6t\u00e4 k\u00e4sin valittujen kansainv\u00e4listen kumppaneiden kanssa toimittaakseen palveluitaan ymp\u00e4ri maailmaa. Se on FIDI:n akkreditoima.<\/p>\n<p>Interconex tarjoaa alkukartoituksen muutostarpeiden m\u00e4\u00e4ritt\u00e4miseksi. Se tarjoaa pakkauspalvelun, jossa k\u00e4ytet\u00e4\u00e4n korkealaatuisia pakkausmateriaaleja ja koulutettuja pakkaajia suojaamaan tavaroitasi. T\u00e4h\u00e4n voi sis\u00e4lty\u00e4 erikoispakkausmateriaaleja ja r\u00e4\u00e4t\u00e4l\u00f6ityj\u00e4 laatikoita. Yritys tarjoaa lis\u00e4palveluita, joihin kuuluvat lentokentt\u00e4kuljetukset, concierge-palvelut, apumiesten apu, siivouspalvelu, tilap\u00e4ismajoitus, m\u00e4\u00e4r\u00e4paikkapalvelut, lemmikkiel\u00e4inten muutto, t\u00e4ysriskivakuutus ja varastointi.<\/p>\n<p>Verkkosivusto: <a href=\"https:\/\/www.interconex.com\/\" target=\"_blank\" rel=\"noopener\">https:\/\/www.interconex.com\/<\/a><\/p>\n<h2><strong>3. Intermove Ltd<\/strong><\/h2>\n<p><img loading=\"lazy\" decoding=\"async\" class=\"alignnone size-full wp-image-11346\" src=\"https:\/\/moverdb.com\/wp-content\/uploads\/Intermove-Danbury-international-moving-company.png\" alt=\"Intermove Danbury kansainv\u00e4linen muuttofirma\" width=\"1440\" height=\"680\" data-wp-pid=\"11346\" srcset=\"https:\/\/moverdb.com\/wp-content\/uploads\/Intermove-Danbury-international-moving-company.png 1440w, https:\/\/moverdb.com\/wp-content\/uploads\/Intermove-Danbury-international-moving-company-300x142.png 300w, https:\/\/moverdb.com\/wp-content\/uploads\/Intermove-Danbury-international-moving-company-1024x484.png 1024w, https:\/\/moverdb.com\/wp-content\/uploads\/Intermove-Danbury-international-moving-company-18x9.png 18w, https:\/\/moverdb.com\/wp-content\/uploads\/Intermove-Danbury-international-moving-company-600x283.png 600w\" sizes=\"auto, (max-width: 1440px) 100vw, 1440px\" \/><\/p>\n<ul>\n<li>Kansainv\u00e4liset siirrot<\/li>\n<li>Kotitalouksien muutot<\/li>\n<li>Yritysten uudelleensijoitukset<\/li>\n<li>Ovelta ovelle -palvelu<\/li>\n<li>Ilmainen arvio<\/li>\n<li>Virtuaalinen ja paikan p\u00e4\u00e4ll\u00e4 annettava apu<\/li>\n<li>Lento-, meri- ja maakuljetukset<\/li>\n<li>Dokumentoinnin tuki<\/li>\n<li>Vakuutus<\/li>\n<\/ul>\n<p>Intermove Ltd on vuonna 1977 perustettu kansainv\u00e4linen muutto- ja siirtoyritys, jonka kotipaikka on Danbury. Heill\u00e4 on verkosto luotettavia kansainv\u00e4lisi\u00e4 muuttofirmoja, jotka auttavat heit\u00e4 toimittamaan ovelta ovelle -palveluja kaikkialla maailmassa. Se on IAM:n j\u00e4sen, ja sill\u00e4 on 46 vuoden kokemus.<\/p>\n<p>Intermove Ltd tarjoaa ilmaisen arvion, johon sis\u00e4ltyy kansainv\u00e4listen muuttojen asiantuntijoiden neuvoja ja tukea joko virtuaalisesti tai paikan p\u00e4\u00e4ll\u00e4 kansainv\u00e4lisi\u00e4 muuttoja varten. He j\u00e4rjest\u00e4v\u00e4t tavaroiden turvallisen kuljetuksen lent\u00e4en, meritse tai maitse ja auttavat sinua asiakirjojen kanssa. He tarjoavat vakuutusturvan ammattimaisesti pakatuille kuormille.<\/p>\n<p>Verkkosivusto: <a href=\"https:\/\/www.intermove.com\/\" target=\"_blank\" rel=\"noopener\">https:\/\/www.intermove.com\/<\/a><\/p>","protected":false},"excerpt":{"rendered":"<p>Planning and managing your move can be stressful so getting a moving company in to pack and transport your belongings can ease the pressure. Below we have compiled a list of Danbury based removal companies that are members of the International Association of Movers (IAM) and\/or FIDI Accredited International Mover (FAIM) who could assist you [&hellip;]<\/p>\n","protected":false},"author":4,"featured_media":11296,"parent":190,"menu_order":0,"comment_status":"closed","ping_status":"closed","template":"","meta":{"_genesis_hide_title":false,"_genesis_hide_breadcrumbs":false,"_genesis_hide_singular_image":false,"_genesis_hide_footer_widgets":false,"_genesis_custom_body_class":"","_genesis_custom_post_class":"","_genesis_layout":"","footnotes":""},"class_list":{"0":"post-11558","1":"page","2":"type-page","3":"status-publish","4":"has-post-thumbnail","6":"entry"},"_links":{"self":[{"href":"https:\/\/moverdb.com\/fi\/wp-json\/wp\/v2\/pages\/11558","targetHints":{"allow":["GET"]}}],"collection":[{"href":"https:\/\/moverdb.com\/fi\/wp-json\/wp\/v2\/pages"}],"about":[{"href":"https:\/\/moverdb.com\/fi\/wp-json\/wp\/v2\/types\/page"}],"author":[{"embeddable":true,"href":"https:\/\/moverdb.com\/fi\/wp-json\/wp\/v2\/users\/4"}],"replies":[{"embeddable":true,"href":"https:\/\/moverdb.com\/fi\/wp-json\/wp\/v2\/comments?post=11558"}],"version-history":[{"count":1,"href":"https:\/\/moverdb.com\/fi\/wp-json\/wp\/v2\/pages\/11558\/revisions"}],"predecessor-version":[{"id":11559,"href":"https:\/\/moverdb.com\/fi\/wp-json\/wp\/v2\/pages\/11558\/revisions\/11559"}],"up":[{"embeddable":true,"href":"https:\/\/moverdb.com\/fi\/wp-json\/wp\/v2\/pages\/190"}],"wp:featuredmedia":[{"embeddable":true,"href":"https:\/\/moverdb.com\/fi\/wp-json\/wp\/v2\/media\/11296"}],"wp:attachment":[{"href":"https:\/\/moverdb.com\/fi\/wp-json\/wp\/v2\/media?parent=11558"}],"curies":[{"name":"wp","href":"https:\/\/api.w.org\/{rel}","templated":true}]}}