{"id":11556,"date":"2023-11-29T10:30:30","date_gmt":"2023-11-29T10:30:30","guid":{"rendered":"https:\/\/moverdb.com\/?page_id=11556"},"modified":"2026-01-08T15:24:11","modified_gmt":"2026-01-08T15:24:11","slug":"moving-companies-us-connecticut","status":"publish","type":"page","link":"https:\/\/moverdb.com\/fi\/moving-companies\/moving-companies-us-connecticut\/","title":{"rendered":"3 parasta kansainv\u00e4list\u00e4 muuttoa tekev\u00e4\u00e4 yrityst\u00e4 Connecticutissa"},"content":{"rendered":"<p>Jos olet muuttamassa, voit halutessasi ottaa palvelukseensa <a href=\"https:\/\/moverdb.com\/fi\/moving-companies\/\" data-internallinksmanager029f6b8e52c=\"79\" title=\"Top 25 Kansainv\u00e4list\u00e4 muuttoyrityksi\u00e4 verkossa\">muuttofirma<\/a> tukemaan ja v\u00e4hent\u00e4m\u00e4\u00e4n kuormitusta. He voivat auttaa muuton suunnittelussa, tavaroiden pakkaamisessa, kuljetuksen j\u00e4rjest\u00e4misess\u00e4 ja kansainv\u00e4listen muuttojen tulliasioiden hoitamisessa. Olemme koonneet alla olevan luettelon <a href=\"https:\/\/moverdb.com\/fi\/moving-to-the-united-states\/moving-to-connecticut\/\" data-internallinksmanager029f6b8e52c=\"444\" title=\"Muutatko Connecticutiin? 2023 Elinkustannukset ja muuttovinkit\">Connecticut<\/a> perustuu <a href=\"https:\/\/moverdb.com\/fi\/international-removals\/\" data-internallinksmanager029f6b8e52c=\"27\" title=\"36 Parhaat kansainv\u00e4liset muuttoyritykset Yhdistyneess\u00e4 kuningaskunnassa\">muuttofirmat<\/a> jotka ovat j\u00e4seni\u00e4 <a href=\"https:\/\/moverdb.com\/fi\/iam\/\" data-internallinksmanager029f6b8e52c=\"23\" title=\"Kansainv\u00e4linen muuttajien liitto (IAM) selitetty\">Kansainv\u00e4linen muuttajien liitto<\/a> (IAM) ja\/tai <a href=\"https:\/\/moverdb.com\/fi\/fidi-faim\/\" data-internallinksmanager029f6b8e52c=\"16\" title=\"FIDI &amp; FAIM (FIDI Accredited International Mover) selitettyin\u00e4\">FIDI<\/a> Accredited International Mover (FAIM), joka voi auttaa sinua muutossasi.<\/p>\n<h2><strong>1. Brimar uudelleensijoittaminen<\/strong><\/h2>\n<p><img loading=\"lazy\" decoding=\"async\" class=\"alignnone size-full wp-image-11277\" src=\"https:\/\/moverdb.com\/wp-content\/uploads\/Brimar-Relocations-international-moving-company.png\" alt=\"Brimar Relocations kansainv\u00e4linen muuttofirma\" width=\"1440\" height=\"679\" data-wp-pid=\"11277\" srcset=\"https:\/\/moverdb.com\/wp-content\/uploads\/Brimar-Relocations-international-moving-company.png 1440w, https:\/\/moverdb.com\/wp-content\/uploads\/Brimar-Relocations-international-moving-company-300x141.png 300w, https:\/\/moverdb.com\/wp-content\/uploads\/Brimar-Relocations-international-moving-company-1024x483.png 1024w, https:\/\/moverdb.com\/wp-content\/uploads\/Brimar-Relocations-international-moving-company-18x8.png 18w, https:\/\/moverdb.com\/wp-content\/uploads\/Brimar-Relocations-international-moving-company-600x283.png 600w\" sizes=\"auto, (max-width: 1440px) 100vw, 1440px\" \/><\/p>\n<ul>\n<li>Kansalliset siirrot<\/li>\n<li>Kansainv\u00e4liset siirrot<\/li>\n<li>Kotitalouksien muutot<\/li>\n<li>Yritysten uudelleensijoitukset<\/li>\n<li>Ovelta ovelle -palvelu<\/li>\n<li>Kuljetusj\u00e4rjestelyt<\/li>\n<li>Tullin tuki<\/li>\n<li>Kuvataiteen k\u00e4sittely<\/li>\n<li>Vakuutus<\/li>\n<li>Varastointitilat<\/li>\n<\/ul>\n<p>Brimar Relocations on vuonna 2007 perustettu kansainv\u00e4linen muuttofirma, jonka kotipaikka on Stamfordissa ja jolla on toimisto Stamfordissa. <a href=\"https:\/\/moverdb.com\/fi\/moving-to-france\/moving-to-paris\/\" data-internallinksmanager029f6b8e52c=\"407\" title=\"Muutatko Pariisiin? 2023 Elinkustannukset ja muuttovinkit\">Pariisi<\/a>. Heill\u00e4 on kehittynyt maailmanlaajuinen agenttiverkosto, joka auttaa heit\u00e4 kansainv\u00e4listen siirtojen toteuttamisessa. He ovat IAM:n j\u00e4sen 14 vuoden kokemuksella.<\/p>\n<p>Brimar Relocation tarjoaa kansallisia ja kansainv\u00e4lisi\u00e4 muutto- ja siirtopalveluja, ja se on erikoistunut yrityssiirtoihin ja pystyy k\u00e4sittelem\u00e4\u00e4n taidetta. Brimar tarjoaa ovelta ovelle -muuttopalveluja, joissa se huolehtii tavaroiden kuljettamisesta m\u00e4\u00e4r\u00e4np\u00e4\u00e4h\u00e4n, mihin voi sis\u00e4lty\u00e4 laatikointi ja varastointi sek\u00e4 perusvakuutus.<\/p>\n<p>Verkkosivusto: <a href=\"http:\/\/www.brimarrelo.com\" target=\"_blank\" rel=\"noopener\">http:\/\/www.brimarrelo.com<\/a><\/p>\n<h2><strong>2. Meyer<\/strong><\/h2>\n<p><img loading=\"lazy\" decoding=\"async\" class=\"alignnone size-full wp-image-11376\" src=\"https:\/\/moverdb.com\/wp-content\/uploads\/Meyer-international-moving-company.png\" alt=\"Meyer kansainv\u00e4linen muuttoliikeyritys\" width=\"1440\" height=\"680\" data-wp-pid=\"11376\" srcset=\"https:\/\/moverdb.com\/wp-content\/uploads\/Meyer-international-moving-company.png 1440w, https:\/\/moverdb.com\/wp-content\/uploads\/Meyer-international-moving-company-300x142.png 300w, https:\/\/moverdb.com\/wp-content\/uploads\/Meyer-international-moving-company-1024x484.png 1024w, https:\/\/moverdb.com\/wp-content\/uploads\/Meyer-international-moving-company-18x9.png 18w, https:\/\/moverdb.com\/wp-content\/uploads\/Meyer-international-moving-company-600x283.png 600w\" sizes=\"auto, (max-width: 1440px) 100vw, 1440px\" \/><\/p>\n<ul>\n<li>Paikalliset ja pitk\u00e4n matkan siirrot<\/li>\n<li>Kansainv\u00e4liset siirrot<\/li>\n<li>Asuntojen siirrot<\/li>\n<li>Toimiston siirrot<\/li>\n<li>Yritysten uudelleensijoitukset<\/li>\n<li>Ovelta ovelle -palvelu<\/li>\n<li>Oma muuttokoordinaattori<\/li>\n<li>Pakkausvaihtoehdot<\/li>\n<li><a href=\"https:\/\/moverdb.com\/fi\/car-transport-shipping\/\" data-internallinksmanager029f6b8e52c=\"2\" title=\"2026 Kansainv\u00e4linen autokuljetus ja ajoneuvojen kuljetus tarjoukset\">Ajoneuvojen kuljetus<\/a><\/li>\n<li>Varastointiratkaisut<\/li>\n<\/ul>\n<p>Meyer on vuonna 1915 perustettu logistiikka-, siirto- ja varastointiratkaisuja tarjoava yritys, joka sijaitsee Stratfordissa. Se on osa United Van Lines -verkostoa, joka tarjoaa sille p\u00e4\u00e4syn muuttofirmoihin, jotka tukevat sit\u00e4 palvelujen tarjoamisessa. He ovat IAM:n j\u00e4sen, ja heill\u00e4 on 108 vuoden kokemus.<\/p>\n<p>Meyer tarjoaa muuttokonsultaation, jonka avulla voidaan arvioida muuttotarpeet ja -m\u00e4\u00e4r\u00e4. Meyer tarjoaa erityisen muuttokoordinaattorin, joka on yksi yhteyshenkil\u00f6 ja joka hoitaa kaikki muuttoon liittyv\u00e4t asiat. He etsiv\u00e4t tarpeisiisi parhaiten sopivan muuttoratkaisun ja tarjoavat ovelta ovelle -palvelun, jossa on vaihtoehtoina t\u00e4ysi pakkauspalvelu tai itsepakkaus.<\/p>\n<p>Verkkosivusto: <a href=\"http:\/\/www.williambmeyer.com\" target=\"_blank\" rel=\"noopener\">http:\/\/www.williambmeyer.com<\/a><\/p>\n<h2><strong>3. WorldCare Pet Transport<\/strong><\/h2>\n<p><img loading=\"lazy\" decoding=\"async\" class=\"alignnone size-full wp-image-11481\" src=\"https:\/\/moverdb.com\/wp-content\/uploads\/WorldCare-Pet-Transport-international-moving-company.png\" alt=\"WorldCare Pet Transport kansainv\u00e4linen muuttoyhti\u00f6\" width=\"1440\" height=\"683\" data-wp-pid=\"11481\" srcset=\"https:\/\/moverdb.com\/wp-content\/uploads\/WorldCare-Pet-Transport-international-moving-company.png 1440w, https:\/\/moverdb.com\/wp-content\/uploads\/WorldCare-Pet-Transport-international-moving-company-300x142.png 300w, https:\/\/moverdb.com\/wp-content\/uploads\/WorldCare-Pet-Transport-international-moving-company-1024x486.png 1024w, https:\/\/moverdb.com\/wp-content\/uploads\/WorldCare-Pet-Transport-international-moving-company-18x9.png 18w, https:\/\/moverdb.com\/wp-content\/uploads\/WorldCare-Pet-Transport-international-moving-company-600x285.png 600w\" sizes=\"auto, (max-width: 1440px) 100vw, 1440px\" \/><\/p>\n<ul>\n<li>Valtakunnallinen palvelu<\/li>\n<li>Kansainv\u00e4linen palvelu<\/li>\n<li>Yksityiset lemmikkiel\u00e4inten siirrot<\/li>\n<li>Yritysten lemmikkiel\u00e4inten siirrot<\/li>\n<li>Kattava palvelu<\/li>\n<li>Ovelta ovelle -palvelu<\/li>\n<li>Kaikenlaisille lemmikkiel\u00e4imille<\/li>\n<li>Tehokkaan kuljetuksen j\u00e4rjest\u00e4minen<\/li>\n<li>Lentoliikenteen harjoittajat<\/li>\n<li>El\u00e4inl\u00e4\u00e4kint\u00e4palvelut<\/li>\n<\/ul>\n<p>WorldCare Pet Transport on kansainv\u00e4linen lemmikkiel\u00e4inten kuljetusyritys, joka on toiminut yli 10 vuotta. He ty\u00f6skentelev\u00e4t kotitaloustavaroiden muuttajien, muutonhallintayritysten ja henkil\u00f6st\u00f6p\u00e4\u00e4llik\u00f6iden kanssa. He ovat rekister\u00f6ityneet USDA:ssa v\u00e4litt\u00f6m\u00e4ksi k\u00e4sittelij\u00e4ksi. He ovat IAM:n j\u00e4sen 22 vuoden kokemuksella.<\/p>\n<p>WorldCare Pet Transport tarjoaa kattavan lemmikkiel\u00e4inten siirtopalvelun, joka noutaa ja toimittaa lemmikkisi minne tahansa p\u00e4in maailmaa. Se huolehtii kaikista matkaj\u00e4rjestelyist\u00e4 ja varmistaa suorimmat ja kustannustehokkaimmat lennot sek\u00e4 tarjoaa kaikenkokoisia hyv\u00e4ksyttyj\u00e4 lentokuljetuslaitteita. Se j\u00e4rjest\u00e4\u00e4 el\u00e4inl\u00e4\u00e4k\u00e4ripalvelut, mukaan lukien terveystarkastukset, verin\u00e4ytteet, todistukset ja mikrosirut.<\/p>\n<p>Verkkosivusto: <a href=\"http:\/\/www.WorldCarePet.com\" target=\"_blank\" rel=\"noopener\">http:\/\/www.WorldCarePet.com<\/a><\/p>","protected":false},"excerpt":{"rendered":"<p>If you are moving, you may want to employ the services of a moving company to support and lessen the load. They can help with planning the move, packing your belongings, arranging transport and handling customs for international moves. Below we have compiled a list of Connecticut based removal companies that are members of the [&hellip;]<\/p>\n","protected":false},"author":4,"featured_media":11277,"parent":190,"menu_order":0,"comment_status":"closed","ping_status":"closed","template":"","meta":{"_genesis_hide_title":false,"_genesis_hide_breadcrumbs":false,"_genesis_hide_singular_image":false,"_genesis_hide_footer_widgets":false,"_genesis_custom_body_class":"","_genesis_custom_post_class":"","_genesis_layout":"","footnotes":""},"class_list":{"0":"post-11556","1":"page","2":"type-page","3":"status-publish","4":"has-post-thumbnail","6":"entry"},"_links":{"self":[{"href":"https:\/\/moverdb.com\/fi\/wp-json\/wp\/v2\/pages\/11556","targetHints":{"allow":["GET"]}}],"collection":[{"href":"https:\/\/moverdb.com\/fi\/wp-json\/wp\/v2\/pages"}],"about":[{"href":"https:\/\/moverdb.com\/fi\/wp-json\/wp\/v2\/types\/page"}],"author":[{"embeddable":true,"href":"https:\/\/moverdb.com\/fi\/wp-json\/wp\/v2\/users\/4"}],"replies":[{"embeddable":true,"href":"https:\/\/moverdb.com\/fi\/wp-json\/wp\/v2\/comments?post=11556"}],"version-history":[{"count":1,"href":"https:\/\/moverdb.com\/fi\/wp-json\/wp\/v2\/pages\/11556\/revisions"}],"predecessor-version":[{"id":11557,"href":"https:\/\/moverdb.com\/fi\/wp-json\/wp\/v2\/pages\/11556\/revisions\/11557"}],"up":[{"embeddable":true,"href":"https:\/\/moverdb.com\/fi\/wp-json\/wp\/v2\/pages\/190"}],"wp:featuredmedia":[{"embeddable":true,"href":"https:\/\/moverdb.com\/fi\/wp-json\/wp\/v2\/media\/11277"}],"wp:attachment":[{"href":"https:\/\/moverdb.com\/fi\/wp-json\/wp\/v2\/media?parent=11556"}],"curies":[{"name":"wp","href":"https:\/\/api.w.org\/{rel}","templated":true}]}}