{"id":11550,"date":"2023-11-29T10:24:26","date_gmt":"2023-11-29T10:24:26","guid":{"rendered":"https:\/\/moverdb.com\/?page_id=11550"},"modified":"2026-01-08T15:23:37","modified_gmt":"2026-01-08T15:23:37","slug":"moving-companies-us-arizona","status":"publish","type":"page","link":"https:\/\/moverdb.com\/fi\/moving-companies\/moving-companies-us-arizona\/","title":{"rendered":"2 parasta kansainv\u00e4list\u00e4 muuttoliikett\u00e4 Arizonassa"},"content":{"rendered":"<p>Muutto voi olla yksi stressaavimmista hetkist\u00e4 el\u00e4m\u00e4ss\u00e4mme, joten miksi yritt\u00e4isit tehd\u00e4 sen kaiken yksin? <a href=\"https:\/\/moverdb.com\/fi\/moving-companies\/\" data-internallinksmanager029f6b8e52c=\"79\" title=\"Top 25 Kansainv\u00e4list\u00e4 muuttoyrityksi\u00e4 verkossa\">Muuttoyritykset<\/a> voi tarvittaessa auttaa j\u00e4rjest\u00e4misess\u00e4, pakkaamisessa, kuljetuksessa ja tullissa. Olemme koonneet alla olevan luettelon <a href=\"https:\/\/moverdb.com\/fi\/moving-to-the-united-states\/moving-to-arizona\/\" data-internallinksmanager029f6b8e52c=\"385\" title=\"Muutatko Arizonaan? 2023 Elinkustannukset ja muuttovinkit\">Arizona<\/a> perustuu <a href=\"https:\/\/moverdb.com\/fi\/international-removals\/\" data-internallinksmanager029f6b8e52c=\"27\" title=\"36 Parhaat kansainv\u00e4liset muuttoyritykset Yhdistyneess\u00e4 kuningaskunnassa\">muuttofirmat<\/a> jotka ovat j\u00e4seni\u00e4 <a href=\"https:\/\/moverdb.com\/fi\/iam\/\" data-internallinksmanager029f6b8e52c=\"23\" title=\"Kansainv\u00e4linen muuttajien liitto (IAM) selitetty\">Kansainv\u00e4linen muuttajien liitto<\/a> (IAM) ja\/tai <a href=\"https:\/\/moverdb.com\/fi\/fidi-faim\/\" data-internallinksmanager029f6b8e52c=\"16\" title=\"FIDI &amp; FAIM (FIDI Accredited International Mover) selitettyin\u00e4\">FIDI<\/a> Accredited International Mover (FAIM), joka voi auttaa sinua muutossasi.<\/p>\n<h2><strong>1. Atlantic Relocation Systems<\/strong><\/h2>\n<p><img loading=\"lazy\" decoding=\"async\" class=\"alignnone size-full wp-image-11262\" src=\"https:\/\/moverdb.com\/wp-content\/uploads\/Atlantic-Relocation-Systems-international-moving-company.png\" alt=\"Atlantic Relocation Systems kansainv\u00e4linen muuttoliikeyritys\" width=\"1440\" height=\"677\" data-wp-pid=\"11262\" srcset=\"https:\/\/moverdb.com\/wp-content\/uploads\/Atlantic-Relocation-Systems-international-moving-company.png 1440w, https:\/\/moverdb.com\/wp-content\/uploads\/Atlantic-Relocation-Systems-international-moving-company-300x141.png 300w, https:\/\/moverdb.com\/wp-content\/uploads\/Atlantic-Relocation-Systems-international-moving-company-1024x481.png 1024w, https:\/\/moverdb.com\/wp-content\/uploads\/Atlantic-Relocation-Systems-international-moving-company-18x8.png 18w, https:\/\/moverdb.com\/wp-content\/uploads\/Atlantic-Relocation-Systems-international-moving-company-600x282.png 600w\" sizes=\"auto, (max-width: 1440px) 100vw, 1440px\" \/><\/p>\n<ul>\n<li>Paikalliset ja pitk\u00e4n matkan siirrot<\/li>\n<li>Kansainv\u00e4liset siirrot<\/li>\n<li>Asuntojen muutot<\/li>\n<li>Kaupalliset ja toimistosiirrot<\/li>\n<li>Kansainv\u00e4lisen uudelleensijoittamisen koordinaattori<\/li>\n<li>Pakkauspalvelut<\/li>\n<li>Tie-, ilma- ja merikuljetukset<\/li>\n<li>Tukea asiakirjojen avulla<\/li>\n<li>Kuvataiteen k\u00e4sittely<\/li>\n<li>Turvallinen varastointi<\/li>\n<\/ul>\n<p>Atlantic Relocation Systems on vuonna 1984 perustettu muuttofirma, jolla on 13 toimipistett\u00e4 seuraavissa maissa <a href=\"https:\/\/moverdb.com\/fi\/moving-to-phoenix\/\" data-internallinksmanager029f6b8e52c=\"62\" title=\"Muutatko Phoenixiin? 2022 Elinkustannukset ja muuttovinkit\">Phoenix<\/a> sek\u00e4 <a href=\"https:\/\/moverdb.com\/fi\/moving-to-the-united-states\/moving-to-georgia\/\" data-internallinksmanager029f6b8e52c=\"402\" title=\"Muutto Georgiaan? 2023 Elinkustannukset ja muuttovinkit\">Georgia<\/a>, <a href=\"https:\/\/moverdb.com\/fi\/moving-to-the-united-states\/moving-to-florida\/\" data-internallinksmanager029f6b8e52c=\"331\" title=\"Muutto Floridaan? 2023 Elinkustannukset ja muuttovinkit\">Florida<\/a>, <a href=\"https:\/\/moverdb.com\/fi\/moving-to-the-united-states\/moving-to-illinois\/\" data-internallinksmanager029f6b8e52c=\"401\" title=\"Muutto Illinoisiin? 2023 Elinkustannukset ja muuttovinkit\">Illinois<\/a>, <a href=\"https:\/\/moverdb.com\/fi\/moving-to-the-united-states\/moving-to-colorado\/\" data-internallinksmanager029f6b8e52c=\"399\" title=\"Muutatko Coloradoon? 2023 Elinkustannukset ja muuttovinkit\">Colorado<\/a>, <a href=\"https:\/\/moverdb.com\/fi\/moving-to-the-united-states\/moving-to-texas\/\" data-internallinksmanager029f6b8e52c=\"397\" title=\"Muutto Teksasiin? 2023 Elinkustannukset ja muuttovinkit\">Texas<\/a>, <a href=\"https:\/\/moverdb.com\/fi\/moving-to-the-united-states\/moving-to-indiana\/\" data-internallinksmanager029f6b8e52c=\"445\" title=\"Muutto Indianaan? 2023 Elinkustannukset ja muuttovinkit\">Indiana<\/a> ja Washington. He ovat osa Atlas Van Lines -yhti\u00f6t\u00e4, joka tarjoaa kattavuutta koko maassa. <a href=\"https:\/\/moverdb.com\/fi\/moving-to-the-united-states\/\" data-internallinksmanager029f6b8e52c=\"94\" title=\"Muutatko Yhdysvaltoihin? 2022 Elinkustannukset ja muuttovinkit\">US<\/a> ja heill\u00e4 on kansainv\u00e4linen muuttoagenttiverkosto. He ovat IAM:n j\u00e4sen, ja heill\u00e4 on 33 vuoden kokemus.<\/p>\n<p>Atlantic Relocation Systems tarjoaa ilmaisen kotiarvion paikallisista muutoista. Ulkomaille on tarjolla kansainv\u00e4linen muuttokoordinaattori, joka on yhteyshenkil\u00f6si ja hoitaa kaikki muuttosi n\u00e4k\u00f6kohdat. H\u00e4n j\u00e4rjest\u00e4\u00e4 tavaroiden pakkaamisen ja lastaamisen, jotta ne saapuvat turvallisesti m\u00e4\u00e4r\u00e4np\u00e4\u00e4h\u00e4si.<\/p>\n<p>Verkkosivusto: <a href=\"http:\/\/www.atlanticrelocation.com\/phoenix\/\" target=\"_blank\" rel=\"noopener\">http:\/\/www.atlanticrelocation.com\/phoenix\/<\/a><\/p>\n<h2><strong>2. Globaalit liikkuvuusratkaisut<\/strong><\/h2>\n<p><img loading=\"lazy\" decoding=\"async\" class=\"alignnone size-full wp-image-11326\" src=\"https:\/\/moverdb.com\/wp-content\/uploads\/Global-Mobility-Solutions-international-moving-company.png\" alt=\"Global Mobility Solutions kansainv\u00e4linen muuttoliikeyritys\" width=\"1440\" height=\"676\" data-wp-pid=\"11326\" srcset=\"https:\/\/moverdb.com\/wp-content\/uploads\/Global-Mobility-Solutions-international-moving-company.png 1440w, https:\/\/moverdb.com\/wp-content\/uploads\/Global-Mobility-Solutions-international-moving-company-300x141.png 300w, https:\/\/moverdb.com\/wp-content\/uploads\/Global-Mobility-Solutions-international-moving-company-1024x481.png 1024w, https:\/\/moverdb.com\/wp-content\/uploads\/Global-Mobility-Solutions-international-moving-company-18x8.png 18w, https:\/\/moverdb.com\/wp-content\/uploads\/Global-Mobility-Solutions-international-moving-company-600x282.png 600w\" sizes=\"auto, (max-width: 1440px) 100vw, 1440px\" \/><\/p>\n<ul>\n<li>Paikalliset ja osavaltioiden v\u00e4liset siirrot<\/li>\n<li>Kansainv\u00e4liset siirrot<\/li>\n<li>Yritysten uudelleensijoitukset<\/li>\n<li>Maailmanlaajuiset liikkuvuusohjelmat<\/li>\n<li>R\u00e4\u00e4t\u00e4l\u00f6idyt palvelut<\/li>\n<li>Tuki ennen toimeksiantoa<\/li>\n<li>Muuttopalvelut<\/li>\n<li>Asettautumispalvelut<\/li>\n<li>Lemmikkiel\u00e4inten kuljetus<\/li>\n<li>Seurantatekniikka<\/li>\n<\/ul>\n<p>Global Mobility Solutions on vuonna 1987 perustettu ja Scottsdalessa sijaitseva muuttojen hallinnointiyritys. Se voi tarjota muuttopalveluja yli 140 maahan maailmanlaajuisesti, ja se on IAM:n j\u00e4sen 36 vuoden kokemuksella.<\/p>\n<p>Global Mobility Solutions tarjoaa r\u00e4\u00e4t\u00e4l\u00f6ityj\u00e4 kokonaisvaltaisia muuttopalveluja. Siirtoa edelt\u00e4viin palveluihin kuuluvat viisumi- ja maahanmuuttopalvelut, perehdytys ja kodin etsiminen. P\u00e4\u00e4t\u00f6st\u00e4 edelt\u00e4viin matkapalveluihin kuuluvat kulttuuri- ja kielikoulutus, lemmikkiel\u00e4inten kuljetus ja tavaroiden l\u00e4hetys. Muuttopalveluihin kuuluvat kotiutumispalvelu, kumppanituki ja koulusijoitus. Ne tarjoavat MyRelocation-teknologiaa, jonka avulla ty\u00f6nantajat voivat hallinnoida ja seurata muuttoja ja joka auttaa virtaviivaistamaan yritysten muuttoja.<\/p>\n<p>Verkkosivusto: <a href=\"https:\/\/gmsmobility.com\/\" target=\"_blank\" rel=\"noopener\">https:\/\/gmsmobility.com\/<\/a><\/p>","protected":false},"excerpt":{"rendered":"<p>Moving can be one of the most stressful times in our lives, so why try to do it all on your own? Moving companies can help with organisation, packing, transportation and customs if required. Below we have compiled a list of Arizona based removal companies that are members of the International Association of Movers (IAM) [&hellip;]<\/p>\n","protected":false},"author":4,"featured_media":11262,"parent":190,"menu_order":0,"comment_status":"closed","ping_status":"closed","template":"","meta":{"_genesis_hide_title":false,"_genesis_hide_breadcrumbs":false,"_genesis_hide_singular_image":false,"_genesis_hide_footer_widgets":false,"_genesis_custom_body_class":"","_genesis_custom_post_class":"","_genesis_layout":"","footnotes":""},"class_list":{"0":"post-11550","1":"page","2":"type-page","3":"status-publish","4":"has-post-thumbnail","6":"entry"},"_links":{"self":[{"href":"https:\/\/moverdb.com\/fi\/wp-json\/wp\/v2\/pages\/11550","targetHints":{"allow":["GET"]}}],"collection":[{"href":"https:\/\/moverdb.com\/fi\/wp-json\/wp\/v2\/pages"}],"about":[{"href":"https:\/\/moverdb.com\/fi\/wp-json\/wp\/v2\/types\/page"}],"author":[{"embeddable":true,"href":"https:\/\/moverdb.com\/fi\/wp-json\/wp\/v2\/users\/4"}],"replies":[{"embeddable":true,"href":"https:\/\/moverdb.com\/fi\/wp-json\/wp\/v2\/comments?post=11550"}],"version-history":[{"count":1,"href":"https:\/\/moverdb.com\/fi\/wp-json\/wp\/v2\/pages\/11550\/revisions"}],"predecessor-version":[{"id":11551,"href":"https:\/\/moverdb.com\/fi\/wp-json\/wp\/v2\/pages\/11550\/revisions\/11551"}],"up":[{"embeddable":true,"href":"https:\/\/moverdb.com\/fi\/wp-json\/wp\/v2\/pages\/190"}],"wp:featuredmedia":[{"embeddable":true,"href":"https:\/\/moverdb.com\/fi\/wp-json\/wp\/v2\/media\/11262"}],"wp:attachment":[{"href":"https:\/\/moverdb.com\/fi\/wp-json\/wp\/v2\/media?parent=11550"}],"curies":[{"name":"wp","href":"https:\/\/api.w.org\/{rel}","templated":true}]}}