{"id":11548,"date":"2023-11-29T10:41:59","date_gmt":"2023-11-29T10:41:59","guid":{"rendered":"https:\/\/moverdb.com\/?page_id=11548"},"modified":"2026-01-08T15:24:37","modified_gmt":"2026-01-08T15:24:37","slug":"moving-companies-us-alexandria","status":"publish","type":"page","link":"https:\/\/moverdb.com\/fi\/moving-companies\/moving-companies-us-alexandria\/","title":{"rendered":"4 parasta kansainv\u00e4list\u00e4 muuttoa harjoittavaa yrityst\u00e4 Alexandriassa"},"content":{"rendered":"<p>Muutto voi olla kiireist\u00e4 aikaa, jolloin on niin paljon j\u00e4rjestett\u00e4v\u00e4\u00e4, mink\u00e4 vuoksi monet ihmiset saavat k\u00e4ytt\u00f6\u00f6ns\u00e4 <a href=\"https:\/\/moverdb.com\/fi\/moving-companies\/\" data-internallinksmanager029f6b8e52c=\"79\" title=\"Top 25 Kansainv\u00e4list\u00e4 muuttoyrityksi\u00e4 verkossa\">muuttofirma<\/a> koska he voivat pakata tavarasi, lastata ja kuljettaa ne ja purkaa ne m\u00e4\u00e4r\u00e4np\u00e4\u00e4ss\u00e4. Alla on luettelo Alexandriaan sijoittautuneista kuljetusliikkeist\u00e4. <a href=\"https:\/\/moverdb.com\/fi\/international-removals\/\" data-internallinksmanager029f6b8e52c=\"27\" title=\"36 Parhaat kansainv\u00e4liset muuttoyritykset Yhdistyneess\u00e4 kuningaskunnassa\">muuttofirmat<\/a> jotka ovat j\u00e4seni\u00e4 <a href=\"https:\/\/moverdb.com\/fi\/iam\/\" data-internallinksmanager029f6b8e52c=\"23\" title=\"Kansainv\u00e4linen muuttajien liitto (IAM) selitetty\">Kansainv\u00e4linen muuttajien liitto<\/a> (IAM) ja\/tai <a href=\"https:\/\/moverdb.com\/fi\/fidi-faim\/\" data-internallinksmanager029f6b8e52c=\"16\" title=\"FIDI &amp; FAIM (FIDI Accredited International Mover) selitettyin\u00e4\">FIDI<\/a> Accredited International Mover (FAIM), joka voi auttaa sinua muutossasi.<\/p>\n<div id=\"ez-toc-container\" class=\"ez-toc-v2_0_82_2 ez-toc-wrap-left counter-hierarchy ez-toc-counter ez-toc-transparent ez-toc-container-direction\">\n<div class=\"ez-toc-title-container\">\n<p class=\"ez-toc-title\" style=\"cursor:inherit\">Jaksot<\/p>\n<span class=\"ez-toc-title-toggle\"><a href=\"#\" class=\"ez-toc-pull-right ez-toc-btn ez-toc-btn-xs ez-toc-btn-default ez-toc-toggle\" aria-label=\"Sis\u00e4llysluettelon vaihtaminen\"><span class=\"ez-toc-js-icon-con\"><span class=\"\"><span class=\"eztoc-hide\" style=\"display:none;\">Toggle<\/span><span class=\"ez-toc-icon-toggle-span\"><svg style=\"fill: #999;color:#999\" xmlns=\"http:\/\/www.w3.org\/2000\/svg\" class=\"list-377408\" width=\"20px\" height=\"20px\" viewbox=\"0 0 24 24\" fill=\"none\"><path d=\"M6 6H4v2h2V6zm14 0H8v2h12V6zM4 11h2v2H4v-2zm16 0H8v2h12v-2zM4 16h2v2H4v-2zm16 0H8v2h12v-2z\" fill=\"currentColor\"><\/path><\/svg><svg style=\"fill: #999;color:#999\" class=\"arrow-unsorted-368013\" xmlns=\"http:\/\/www.w3.org\/2000\/svg\" width=\"10px\" height=\"10px\" viewbox=\"0 0 24 24\" version=\"1.2\" baseprofile=\"tiny\"><path d=\"M18.2 9.3l-6.2-6.3-6.2 6.3c-.2.2-.3.4-.3.7s.1.5.3.7c.2.2.4.3.7.3h11c.3 0 .5-.1.7-.3.2-.2.3-.5.3-.7s-.1-.5-.3-.7zM5.8 14.7l6.2 6.3 6.2-6.3c.2-.2.3-.5.3-.7s-.1-.5-.3-.7c-.2-.2-.4-.3-.7-.3h-11c-.3 0-.5.1-.7.3-.2.2-.3.5-.3.7s.1.5.3.7z\"\/><\/svg><\/span><\/span><\/span><\/a><\/span><\/div>\n<nav><ul class='ez-toc-list ez-toc-list-level-1 eztoc-toggle-hide-by-default' ><li class='ez-toc-page-1 ez-toc-heading-level-2'><a class=\"ez-toc-link ez-toc-heading-1\" href=\"https:\/\/moverdb.com\/fi\/moving-companies\/moving-companies-us-alexandria\/#1_International_Moving_Service\" >1. Kansainv\u00e4linen muuttopalvelu<\/a><\/li><li class='ez-toc-page-1 ez-toc-heading-level-2'><a class=\"ez-toc-link ez-toc-heading-2\" href=\"https:\/\/moverdb.com\/fi\/moving-companies\/moving-companies-us-alexandria\/#2_Kinetix_International_Logistics\" >2. Kinetix International Logistics<\/a><\/li><li class='ez-toc-page-1 ez-toc-heading-level-2'><a class=\"ez-toc-link ez-toc-heading-3\" href=\"https:\/\/moverdb.com\/fi\/moving-companies\/moving-companies-us-alexandria\/#3_Knopf_International\" >3. Knopf International<\/a><\/li><li class='ez-toc-page-1 ez-toc-heading-level-2'><a class=\"ez-toc-link ez-toc-heading-4\" href=\"https:\/\/moverdb.com\/fi\/moving-companies\/moving-companies-us-alexandria\/#4_Victory_Van_Corporation\" >4. Victory Van Corporation<\/a><\/li><\/ul><\/nav><\/div>\n<h2><span class=\"ez-toc-section\" id=\"1_International_Moving_Service\"><\/span><strong>1. Kansainv\u00e4linen muuttopalvelu<\/strong><span class=\"ez-toc-section-end\"><\/span><\/h2>\n<p><img loading=\"lazy\" decoding=\"async\" class=\"alignnone size-full wp-image-8331\" src=\"https:\/\/moverdb.com\/wp-content\/uploads\/International-Moving-Services-moving-company.png\" alt=\"Kansainv\u00e4liset muuttopalvelut muuttoyritys\" width=\"1440\" height=\"681\" data-wp-pid=\"8331\" srcset=\"https:\/\/moverdb.com\/wp-content\/uploads\/International-Moving-Services-moving-company.png 1440w, https:\/\/moverdb.com\/wp-content\/uploads\/International-Moving-Services-moving-company-300x142.png 300w, https:\/\/moverdb.com\/wp-content\/uploads\/International-Moving-Services-moving-company-1024x484.png 1024w, https:\/\/moverdb.com\/wp-content\/uploads\/International-Moving-Services-moving-company-18x9.png 18w, https:\/\/moverdb.com\/wp-content\/uploads\/International-Moving-Services-moving-company-600x284.png 600w\" sizes=\"auto, (max-width: 1440px) 100vw, 1440px\" \/><\/p>\n<ul>\n<li>Kansalliset siirrot<\/li>\n<li>Kansainv\u00e4liset siirrot<\/li>\n<li>Asuntojen muutot<\/li>\n<li>Yrityssiirrot<\/li>\n<li>Ovelta ovelle -palvelu<\/li>\n<li>Pakkauspalvelu<\/li>\n<li>Kuljetusj\u00e4rjestelyt<\/li>\n<li>Ajoneuvojen kuljetus<\/li>\n<li>Vakuutus<\/li>\n<li>Turvallinen lyhyt- ja pitk\u00e4aikainen varastointi<\/li>\n<\/ul>\n<p>International Moving Service on vuonna 1974 perustettu kansainv\u00e4linen huolinta- ja muuttoyritys. Yrityksen p\u00e4\u00e4konttori sijaitsee Alexandriassa ja sivuliikkeet Jerseyss\u00e4 ja Norfolkissa. He ty\u00f6skentelev\u00e4t kohdeagenttien kanssa kaikkialla maailmassa toimittaakseen ovelta ovelle -palveluja minne tahansa. He ovat IAM:n j\u00e4sen 49 vuoden kokemuksella.<\/p>\n<p>Kansainv\u00e4linen muuttopalvelu tarjoaa kokonaisvaltaista muuttopalvelua, joka sis\u00e4lt\u00e4\u00e4 asettautumisen uuteen asuinpaikkaan ja tarvittaessa lyhytaikaisen tai pitk\u00e4aikaisen varastoinnin turvallisissa tiloissa. He tarjoavat henkil\u00f6kohtaista ovelta ovelle -palvelua, johon sis\u00e4ltyy korkealaatuisia pakkausmateriaaleja ja mittatilausty\u00f6n\u00e4 tehtyj\u00e4 puulaatikoita hauraille tavaroille.<\/p>\n<p>Verkkosivusto: <a href=\"http:\/\/www.imsmover.com\" target=\"_blank\" rel=\"noopener\">http:\/\/www.imsmover.com<\/a><\/p>\n<h2><span class=\"ez-toc-section\" id=\"2_Kinetix_International_Logistics\"><\/span><strong>2. Kinetix International Logistics<\/strong><span class=\"ez-toc-section-end\"><\/span><\/h2>\n<p><img loading=\"lazy\" decoding=\"async\" class=\"alignnone size-full wp-image-11358\" src=\"https:\/\/moverdb.com\/wp-content\/uploads\/Kinetix-International-Logistics-moving-company.png\" alt=\"Kinetix International Logistics muuttoyritys\" width=\"1440\" height=\"683\" data-wp-pid=\"11358\" srcset=\"https:\/\/moverdb.com\/wp-content\/uploads\/Kinetix-International-Logistics-moving-company.png 1440w, https:\/\/moverdb.com\/wp-content\/uploads\/Kinetix-International-Logistics-moving-company-300x142.png 300w, https:\/\/moverdb.com\/wp-content\/uploads\/Kinetix-International-Logistics-moving-company-1024x486.png 1024w, https:\/\/moverdb.com\/wp-content\/uploads\/Kinetix-International-Logistics-moving-company-18x9.png 18w, https:\/\/moverdb.com\/wp-content\/uploads\/Kinetix-International-Logistics-moving-company-600x285.png 600w\" sizes=\"auto, (max-width: 1440px) 100vw, 1440px\" \/><\/p>\n<ul>\n<li>Kansalliset siirrot<\/li>\n<li>Kansainv\u00e4liset siirrot<\/li>\n<li>Kotitalouksien muutot<\/li>\n<li>Yritysten uudelleensijoitukset<\/li>\n<li>Ovelta ovelle -palvelu<\/li>\n<li>Pakkauspalvelu<\/li>\n<li>Tie-, meri- ja lentoliikenne<\/li>\n<li>Tulliselvitys<\/li>\n<li><a href=\"https:\/\/moverdb.com\/fi\/car-transport-shipping\/\" data-internallinksmanager029f6b8e52c=\"2\" title=\"2026 Kansainv\u00e4linen autokuljetus ja ajoneuvojen kuljetus tarjoukset\">Ajoneuvojen kuljetus<\/a><\/li>\n<li>Varastointitilat<\/li>\n<\/ul>\n<p>Kinetix International Logistics on vuonna 1986 perustettu projektilogistiikka- ja maailmanlaajuinen liikkuvuusyritys, jolla on toimipisteit\u00e4 Alexandriassa, <a href=\"https:\/\/moverdb.com\/fi\/moving-to-the-united-states\/moving-to-new-york\/\" data-internallinksmanager029f6b8e52c=\"332\" title=\"Muutatko New Yorkiin (osavaltioon)? 2023 Elinkustannukset ja muuttovinkit\">New York<\/a> ja <a href=\"https:\/\/moverdb.com\/fi\/moving-to-san-francisco\/\" data-internallinksmanager029f6b8e52c=\"63\" title=\"Muutatko San Franciscoon? 2022 Elinkustannukset ja muuttovinkit\">San Francisco<\/a>. Se k\u00e4ytt\u00e4\u00e4 riippumatonta muutto- ja kohdeagenttien verkostoa tarjotakseen palvelujaan kansainv\u00e4lisesti yli 140 maassa. Se on IAM:n j\u00e4sen, jolla on 13 vuoden kokemus.<\/p>\n<p>Kinetix International Logistics tarjoaa ovelta ovelle -palveluja, joihin kuuluu muuttoa edelt\u00e4v\u00e4 kyselytutkimus muuttotarpeidesi arvioimiseksi. Se tarjoaa pakkauspalvelun, joka pakkaa ja koteloi tavarasi turvallisesti m\u00e4\u00e4r\u00e4np\u00e4\u00e4h\u00e4si kuljetusta varten. Se tarjoaa kuljetuksia maanteitse, ilmateitse ja meritse yksinkertaisista l\u00e4hetyksist\u00e4 20' kontteihin.<\/p>\n<p>Verkkosivusto: <a href=\"https:\/\/kinetixlogistics.com\/\" target=\"_blank\" rel=\"noopener\">https:\/\/kinetixlogistics.com\/<\/a><\/p>\n<h2><span class=\"ez-toc-section\" id=\"3_Knopf_International\"><\/span><strong>3. Knopf International<\/strong><span class=\"ez-toc-section-end\"><\/span><\/h2>\n<p><img loading=\"lazy\" decoding=\"async\" class=\"alignnone size-full wp-image-11359\" src=\"https:\/\/moverdb.com\/wp-content\/uploads\/Knopf-International-moving-company.png\" alt=\"Knopf Internationalin muuttoyritys\" width=\"1440\" height=\"681\" data-wp-pid=\"11359\" srcset=\"https:\/\/moverdb.com\/wp-content\/uploads\/Knopf-International-moving-company.png 1440w, https:\/\/moverdb.com\/wp-content\/uploads\/Knopf-International-moving-company-300x142.png 300w, https:\/\/moverdb.com\/wp-content\/uploads\/Knopf-International-moving-company-1024x484.png 1024w, https:\/\/moverdb.com\/wp-content\/uploads\/Knopf-International-moving-company-18x9.png 18w, https:\/\/moverdb.com\/wp-content\/uploads\/Knopf-International-moving-company-600x284.png 600w\" sizes=\"auto, (max-width: 1440px) 100vw, 1440px\" \/><\/p>\n<ul>\n<li>Paikalliset ja kansalliset siirrot<\/li>\n<li>Kansainv\u00e4liset siirrot<\/li>\n<li>Asuntojen muutot<\/li>\n<li>Yritysten uudelleensijoitukset<\/li>\n<li>Ovelta ovelle -palvelu<\/li>\n<li>Henkil\u00f6kohtainen palvelu<\/li>\n<li>Pakkauspalvelu<\/li>\n<li>Maa-, meri- ja lentoliikenne<\/li>\n<li>S\u00e4ili\u00f6vaihtoehdot<\/li>\n<li>Varastointitilat<\/li>\n<\/ul>\n<p>Knopf International on muuttofirma, jonka toimipiste sijaitsee Alexandriassa. Heill\u00e4 on kansainv\u00e4linen muuttofirmojen verkosto, joka tukee heit\u00e4 maailmanlaajuisissa muutoissa. He ovat IAM:n j\u00e4sen 44 vuoden kokemuksella.<\/p>\n<p>Knopf International tarjoaa ovelta ovelle -muuttopalvelua yksityishenkil\u00f6iden ja yritysten ty\u00f6ntekij\u00f6iden kotien siirt\u00e4miseen. He tarjoavat pakkauspalvelua, jossa k\u00e4ytet\u00e4\u00e4n asiantuntevia pakkaajia ja korkealaatuisia pakkausmateriaaleja sek\u00e4 r\u00e4\u00e4t\u00e4l\u00f6ityj\u00e4 puulaatikoita hauraille esineille, jotta tavarat voidaan suojata muuton aikana. He laativat inventaarion ja merkitsev\u00e4t laatikot. He voivat tarjota maa-, ilma- ja merikuljetuksia, joihin sis\u00e4ltyy 20' tai 40' kontteja.<\/p>\n<p>Verkkosivusto: <a href=\"http:\/\/knopfinternational.com\" target=\"_blank\" rel=\"noopener\">http:\/\/knopfinternational.com<\/a><\/p>\n<h2><span class=\"ez-toc-section\" id=\"4_Victory_Van_Corporation\"><\/span><strong>4. Victory Van Corporation<\/strong><span class=\"ez-toc-section-end\"><\/span><\/h2>\n<p><img loading=\"lazy\" decoding=\"async\" class=\"alignnone size-full wp-image-11471\" src=\"https:\/\/moverdb.com\/wp-content\/uploads\/Victory-Van-Corporation-international-moving-company.png\" alt=\"Victory Van Corporation kansainv\u00e4linen muuttofirma\" width=\"1440\" height=\"678\" data-wp-pid=\"11471\" srcset=\"https:\/\/moverdb.com\/wp-content\/uploads\/Victory-Van-Corporation-international-moving-company.png 1440w, https:\/\/moverdb.com\/wp-content\/uploads\/Victory-Van-Corporation-international-moving-company-300x141.png 300w, https:\/\/moverdb.com\/wp-content\/uploads\/Victory-Van-Corporation-international-moving-company-1024x482.png 1024w, https:\/\/moverdb.com\/wp-content\/uploads\/Victory-Van-Corporation-international-moving-company-18x8.png 18w, https:\/\/moverdb.com\/wp-content\/uploads\/Victory-Van-Corporation-international-moving-company-600x283.png 600w\" sizes=\"auto, (max-width: 1440px) 100vw, 1440px\" \/><\/p>\n<ul>\n<li>Paikalliset ja osavaltioiden v\u00e4liset siirrot<\/li>\n<li>Kansainv\u00e4liset siirrot<\/li>\n<li>Asuntojen muutot<\/li>\n<li>Toimiston muutot<\/li>\n<li>Muuttokoordinaattori<\/li>\n<li>T\u00e4yden palvelun ratkaisu<\/li>\n<li>Pakkauspalvelu<\/li>\n<li>Lento-, rautatie-, maa- ja merikuljetukset<\/li>\n<li>Tullipaperit<\/li>\n<li>Lyhytaikainen ja pitk\u00e4aikainen varastointi<\/li>\n<\/ul>\n<p>Victory Van Corporation on vuonna 1928 perustettu muutto- ja varastointiyritys, jolla on toimipisteit\u00e4 Alexandriassa, <a href=\"https:\/\/moverdb.com\/fi\/moving-to-the-united-states\/moving-to-maryland\/\" data-internallinksmanager029f6b8e52c=\"467\" title=\"Muutatko Marylandiin? 2024 Elinkustannukset ja muuttovinkit\">Maryland<\/a>, <a href=\"https:\/\/moverdb.com\/fi\/moving-to-the-united-states\/moving-to-florida\/\" data-internallinksmanager029f6b8e52c=\"331\" title=\"Muutto Floridaan? 2023 Elinkustannukset ja muuttovinkit\">Florida<\/a> ja pohjoinen <a href=\"https:\/\/moverdb.com\/fi\/moving-to-the-united-states\/moving-to-virginia\/\" data-internallinksmanager029f6b8e52c=\"442\" title=\"Muutto Virginiassa? 2023 Elinkustannukset ja muuttovinkit\">Virginia<\/a>. He ovat Allied Van Linesin agentti, mik\u00e4 antaa heille p\u00e4\u00e4syn laajempaan muuttoagenttien verkostoon eri puolilla maailmaa, joka tukee heit\u00e4 kansainv\u00e4lisiss\u00e4 muutoissa. He ovat IAM:n j\u00e4sen, jolla on 95 vuoden kokemus.<\/p>\n<p>Victory Van Corporationin muuttokoordinaattorit auttavat suunnittelemaan muuton jokaisen vaiheen paikallisesti tai kaukomatkalla. He tarjoavat virtuaalisen tai kotona teht\u00e4v\u00e4n muuttoarvion ja voivat tarjota t\u00e4yden palvelun ratkaisun ja r\u00e4\u00e4t\u00e4l\u00f6idyn muuttosuunnitelman, jonka avulla pysyt budjetissa.<\/p>\n<p>Verkkosivusto: <a href=\"http:\/\/www.victoryvan.com\" target=\"_blank\" rel=\"noopener\">http:\/\/www.victoryvan.com<\/a><\/p>","protected":false},"excerpt":{"rendered":"<p>Moving can be a busy time with so many things to organise which is why so many people get a moving company involved as they can pack your items, load and transport them and unload them at the destination. Below we have compiled a list of Alexandria based removal companies that are members of the [&hellip;]<\/p>\n","protected":false},"author":4,"featured_media":11349,"parent":190,"menu_order":0,"comment_status":"closed","ping_status":"closed","template":"","meta":{"_genesis_hide_title":false,"_genesis_hide_breadcrumbs":false,"_genesis_hide_singular_image":false,"_genesis_hide_footer_widgets":false,"_genesis_custom_body_class":"","_genesis_custom_post_class":"","_genesis_layout":"","footnotes":""},"class_list":{"0":"post-11548","1":"page","2":"type-page","3":"status-publish","4":"has-post-thumbnail","6":"entry"},"_links":{"self":[{"href":"https:\/\/moverdb.com\/fi\/wp-json\/wp\/v2\/pages\/11548","targetHints":{"allow":["GET"]}}],"collection":[{"href":"https:\/\/moverdb.com\/fi\/wp-json\/wp\/v2\/pages"}],"about":[{"href":"https:\/\/moverdb.com\/fi\/wp-json\/wp\/v2\/types\/page"}],"author":[{"embeddable":true,"href":"https:\/\/moverdb.com\/fi\/wp-json\/wp\/v2\/users\/4"}],"replies":[{"embeddable":true,"href":"https:\/\/moverdb.com\/fi\/wp-json\/wp\/v2\/comments?post=11548"}],"version-history":[{"count":1,"href":"https:\/\/moverdb.com\/fi\/wp-json\/wp\/v2\/pages\/11548\/revisions"}],"predecessor-version":[{"id":11549,"href":"https:\/\/moverdb.com\/fi\/wp-json\/wp\/v2\/pages\/11548\/revisions\/11549"}],"up":[{"embeddable":true,"href":"https:\/\/moverdb.com\/fi\/wp-json\/wp\/v2\/pages\/190"}],"wp:featuredmedia":[{"embeddable":true,"href":"https:\/\/moverdb.com\/fi\/wp-json\/wp\/v2\/media\/11349"}],"wp:attachment":[{"href":"https:\/\/moverdb.com\/fi\/wp-json\/wp\/v2\/media?parent=11548"}],"curies":[{"name":"wp","href":"https:\/\/api.w.org\/{rel}","templated":true}]}}