{"id":1076,"date":"2016-08-05T14:53:04","date_gmt":"2016-08-05T14:53:04","guid":{"rendered":"http:\/\/moverdb.com\/?page_id=1076"},"modified":"2026-01-08T15:30:39","modified_gmt":"2026-01-08T15:30:39","slug":"wheaton","status":"publish","type":"page","link":"https:\/\/moverdb.com\/fi\/wheaton\/","title":{"rendered":"Wheaton World Wide Moving: Wheaton Wheaton International Services: International Services &amp; Reviews"},"content":{"rendered":"<p>Wheaton World Wide Moving (entinen Wheaton Van Lines) tarjoaa asiakkailleen erilaisia palveluja kansainv\u00e4lisist\u00e4 muutoista paikallisiin muuttoihin. Ne on lueteltu alla yhdess\u00e4 yrityksen profiilin ja arvostelujen kanssa.<\/p>\n<p><strong>Kansainv\u00e4liset muutot ja muuttoapu<\/strong><\/p>\n<ul>\n<li> Siirtyminen ovelta ovelle<\/li>\n<li> Pakkaaminen - tee se itse, hauraat esineet tai t\u00e4yden palvelun pakkaus.<\/li>\n<li> Huonekalujen purkaminen ja uudelleen kokoaminen<\/li>\n<li> Lemmikkiel\u00e4inten uudelleensijoittaminen<\/li>\n<li> <a href=\"https:\/\/moverdb.com\/fi\/auto-kuljetus-kuljetus\/\">Ajoneuvojen kuljetus ja siirt\u00e4minen<\/a><\/li>\n<li> Maahanmuuttopalvelut<\/li>\n<li> Kulttuurienv\u00e4linen koulutus<\/li>\n<li> Kielikoulutus<\/li>\n<li> Kodin myyntipalvelut<\/li>\n<li> Kiinteist\u00f6jen hallinta<\/li>\n<li> Matkapalvelujen esikatselu<\/li>\n<li> Kodin l\u00f6yt\u00e4miseen liittyv\u00e4 apu<\/li>\n<li> Kouluhaku<\/li>\n<li> Saapumisen j\u00e4lkeiset opastukset<\/li>\n<li> Kumppanin uratuki<\/li>\n<li> Korjausmies- ja kotiapupalvelut<\/li>\n<li> Huonekalujen vuokraus<\/li>\n<li> Toimeksiantoon liittyv\u00e4 tuki<\/li>\n<\/ul>\n<p><strong>Yrityssiirrot<\/strong><\/p>\n<ul>\n<li> Wheatonin yhteisty\u00f6kumppanit, Crown Relocation, auttavat muutoissa<\/li>\n<\/ul>\n<p><strong>Hallituksen ja armeijan toimet<\/strong><\/p>\n<p><strong>Kotitalouksien muutot<\/strong><\/p>\n<ul>\n<li> 350 edustajan verkosto <a href=\"https:\/\/moverdb.com\/fi\/moving-to-the-united-states\/\" data-internallinksmanager029f6b8e52c=\"94\" title=\"Muutatko Yhdysvaltoihin? 2022 Elinkustannukset ja muuttovinkit\">Yhdysvallat<\/a><\/li>\n<li> Pakkaaminen ja purkaminen<\/li>\n<li> Erityispakkaus herk\u00e4lle elektroniikalle<\/li>\n<li> Kuljetus<\/li>\n<li> Varastointi tarvittaessa<\/li>\n<\/ul>\n<p><strong>Erikoistuneet ja kaupalliset muutot<\/strong><\/p>\n<ul>\n<li> Toimisto ja teollisuus<\/li>\n<li> Vieraanvaraisuus<\/li>\n<li> Erityinen hy\u00f6dyke<\/li>\n<li> Kaupallinen muuttaminen<\/li>\n<\/ul>\n<p><strong>Varastointi<\/strong><\/p>\n<ul>\n<li> Pitk\u00e4ll\u00e4 aikav\u00e4lill\u00e4<\/li>\n<li> Lyhyell\u00e4 aikav\u00e4lill\u00e4<\/li>\n<li> 207 huipputeknist\u00e4 varastoa 58 maassa.<\/li>\n<\/ul>\n<h2>Wheaton Worldwide Moving Yrityksen profiili<\/h2>\n<p>Wheaton Van Linesin perusti vuonna 1945 Earnest S. Wheaton, ja sen alkuper\u00e4inen nimi oli Clipper Van Lines. Yritys aloitti palvelemalla 22 osavaltiota Yhdysvaltojen it\u00e4osissa, mutta 1950-luvulla laajentuminen merkitsi sit\u00e4, ett\u00e4 koko maan lis\u00e4ksi my\u00f6s kansainv\u00e4liset siirrot aloitettiin.<\/p>\n<p>1980-luvulla Wheaton Van Lines muutti nimens\u00e4 Wheaton Worldwide Movingiksi. Yrityksen kotipaikka on Indianapolis, IN. Wheaton pyrkii pit\u00e4m\u00e4\u00e4n standardinsa poikkeuksellisen korkeina ja seuraa ja analysoi tietoja t\u00e4t\u00e4 varten. Se ottaa my\u00f6s asiakkaidensa arviot eritt\u00e4in vakavasti ja on ker\u00e4nnyt asiakaspalautetta viimeiset 25 vuotta pysy\u00e4kseen huipputasolla.<\/p>\n<p>Wheaton Worldwide Moving tukee yhteis\u00f6\u00e4 eri hyv\u00e4ntekev\u00e4isyysj\u00e4rjest\u00f6jen kautta. Se on my\u00f6s yritys, joka pyrkii jatkuvasti pienent\u00e4m\u00e4\u00e4n hiilijalanj\u00e4lke\u00e4\u00e4n.<\/p>\n<p>Wheaton Worldwide Movingilla on seuraavat akkreditoinnit ja sidonnaisuudet:<\/p>\n<ul>\n<li> <a href=\"https:\/\/moverdb.com\/fi\/amsa\/\">American Moving and Storage Association<\/a> (<a href=\"https:\/\/moverdb.com\/fi\/amsa\/\" data-internallinksmanager029f6b8e52c=\"5\" title=\"American Moving &amp; Storage Association (AMSA) selitetty\">AMSA<\/a>) - <a href=\"https:\/\/moverdb.com\/fi\/vanne-promover\/\">ProMover<\/a><\/li>\n<li> Kansallinen vanhempien liikkumisen johtajien liitto (NASMM)<\/li>\n<li> Better Business Bureau (BBB) Accredited Business A+ (akkreditoitu yritys)<\/li>\n<\/ul>\n<h2>Wheaton Worldwide Moving Arvostelut<\/h2>\n<p><strong>Positiivinen:<\/strong><\/p>\n<ul>\n<li> \"<em>Hyv\u00e4\u00e4 seuraa. Hyv\u00e4 arvo. K\u00e4ytt\u00e4isin uudelleen.\"<\/em> - David X kautta <a href=\"http:\/\/www.yelp.com\/biz\/wheaton-world-wide-moving-indianapolis-5?hrid=i8pH5fVrzdWhgdFkPaCnlQ&#038;utm_campaign=www_review_share_popup&#038;utm_medium=copy_link&#038;utm_source=(direct)\" target=\"_blank\" rel=\"noopener\">Yelp<\/a><\/li>\n<li> \"<em>Wheatonin henkil\u00f6kunta <a href=\"https:\/\/moverdb.com\/fi\/muutto-houstoniin\/\">Houston<\/a> Heist\u00e4 tuli enkeleit\u00e4ni hyvin vaikeana aikana el\u00e4m\u00e4ss\u00e4ni.\"<\/em> - Bonnie M kautta <a href=\"http:\/\/www.bbb.org\/indy\/business-reviews\/movers\/wheaton-world-wide-moving-in-indianapolis-in-22485\/customer-reviews\" target=\"_blank\" rel=\"noopener\">BBB<\/a> <\/li>\n<li> \"<em>He olivat vain parhaita alusta loppuun.\"<\/em> - Judith kautta <a href=\"http:\/\/www.mymovingreviews.com\/movers\/wheaton-van-lines-255#54528\" target=\"_blank\" rel=\"noopener\">MyMovingReviews.com<\/a><\/li>\n<li> \"<em>Olemme k\u00e4ytt\u00e4neet Wheatonin muuttopalvelua aiemminkin, ja meill\u00e4 oli eritt\u00e4in hyv\u00e4 muutto, joten kun tuli aika muuttaa uudelleen, tiesimme, kenelle soittaa.\"<\/em> - Freddy Lancaster kautta <a href=\"http:\/\/reviewamover.com\/review\/Moving-Companies-Reviews\/WHEATON-WORLD-WIDE-53.php?PHPSESSID=a21a9bd572e803d73fcb5f1f02487590\" target=\"_blank\" rel=\"noopener\">Review-A-Mover<\/a> <\/li>\n<\/ul>\n<p><strong>Negatiivinen:<\/strong><\/p>\n<ul>\n<li> <em>\"Wheaton kielt\u00e4ytyy j\u00e4lleen kerran ottamasta vastuuta tuhoutuneista esineist\u00e4. He esitt\u00e4v\u00e4t tekosyit\u00e4 toisensa j\u00e4lkeen, ja jokainen tekosyy on v\u00e4hemm\u00e4n j\u00e4rkev\u00e4 kuin edellinen.\"<\/em> - Amy T kautta <a href=\"http:\/\/www.yelp.com\/biz\/wheaton-world-wide-moving-indianapolis-5?hrid=vRowN7GuFHy3k0yM5ijpgA&#038;utm_campaign=www_review_share_popup&#038;utm_medium=copy_link&#038;utm_source=(direct)\" target=\"_blank\" rel=\"noopener\">Yelp<\/a> <\/li>\n<li> \"<em>Alusta loppuun t\u00e4m\u00e4 yritys oli pahin <a href=\"https:\/\/moverdb.com\/fi\/moving-companies\/\" data-internallinksmanager029f6b8e52c=\"79\" title=\"Top 25 Kansainv\u00e4list\u00e4 muuttoyrityksi\u00e4 verkossa\">muuttofirma<\/a> jonka kanssa olemme koskaan olleet tekemisiss\u00e4, ja avioliittomme aikana meill\u00e4 on ollut yli 6 ammattimaista muuttoa.\"<\/em> - Nikki F kautta <a href=\"http:\/\/www.bbb.org\/indy\/business-reviews\/movers\/wheaton-world-wide-moving-in-indianapolis-in-22485\/customer-reviews\" target=\"_blank\" rel=\"noopener\">BBB<\/a><\/li>\n<li> \"<em>Meille kerrottiin, ett\u00e4 kotitaloutemme tilavuus vaati koko per\u00e4vaunun, ja siit\u00e4 heille maksettiin. Sen sijaan he puristivat toisen kuorman meid\u00e4n kuorman kanssa, mink\u00e4 seurauksena tavarat j\u00e4iv\u00e4t j\u00e4ljelle ja kontit ja laitteet puristettiin, vahingoittuivat, katosivat ja tuhoutuivat...\".\"<\/em> - Anthony kautta <a href=\"http:\/\/www.mymovingreviews.com\/movers\/wheaton-van-lines-255#51475\" target=\"_blank\" rel=\"noopener\">MyMovingReviews.com<\/a> <\/li>\n<li> <em>\"Ole varovainen, juokse karkuun ennen kuin palkkaat t\u00e4m\u00e4n yrityksen.\"<\/em> - David Gutierrez kautta <a href=\"http:\/\/reviewamover.com\/review\/reviewer\/davidrafael770.php?PHPSESSID=e2ea8ab20529fed2960f446a83923af0\" target=\"_blank\" rel=\"noopener\">Review-A-Mover<\/a> <\/li>\n<\/ul>\n<div itemprop=\"review\" itemscope itemtype=\"http:\/\/schema.org\/Review\">\n<span itemprop=\"author\" itemscope=\"\" itemtype=\"http:\/\/schema.org\/Organization\"><span itemprop=\"name\">MoverDB.com<\/span><\/span> Verkkosivuston arvostelu <span itemprop=\"itemreviewed\" itemscope=\"\" itemtype=\"http:\/\/schema.org\/Brand\"><span itemprop=\"name\">Wheaton Worldwide Moving<\/span><\/span>:<\/p>\n<ol>\n<li> Selke\u00e4t yhteystiedot verkkosivustolla (my\u00f6s puhelinnumero): <strong>Kyll\u00e4<\/strong><\/li>\n<li> Helppo saada <a href=\"https:\/\/moverdb.com\/fi\/lainauksia\/\">kansainv\u00e4liset muutto tarjoukset<\/a>? (Online-arviolomake): <strong>Kyll\u00e4<\/strong><\/li>\n<li> Selke\u00e4t tiedot verkkosivustolla: <strong>Kyll\u00e4,<\/strong> sivustolla on monia oppaita ja resursseja.<\/li>\n<li> J\u00e4senyys kansainv\u00e4lisiss\u00e4 tunnustetuissa liikkuvissa j\u00e4rjest\u00f6iss\u00e4: <strong>Kyll\u00e4<\/strong>, ks. edell\u00e4<\/li>\n<li> Luettelo asiakkaista ja\/tai aiempien asiakkaiden suosittelut. <strong>Kyll\u00e4,<\/strong> Asiakkaiden arviot ja suosittelut ovat yritykselle eritt\u00e4in t\u00e4rkeit\u00e4.<\/li>\n<\/ol>\n<div itemprop=\"reviewRating\" itemscope itemtype=\"http:\/\/schema.org\/Rating\"><meta itemprop=\"worstRating\" content = \"0\" \/><meta itemprop=\"bestRating\" content=\"5\" \/><meta itemprop=\"ratingValue\" content=\"5\"><\/div>\n<p><strong>Yleisarvosana: 5\/5<\/strong><br \/>\n<strong>Tarkistusp\u00e4iv\u00e4:<\/strong> <span itemprop=\"datePublished\" content=\"2016-08-05\">05\/08\/2016<\/span>\n<\/div>\n<p>Lue lis\u00e4\u00e4 <a href=\"https:\/\/moverdb.com\/fi\/muuttoyritykset\/\">kansainv\u00e4liset muuttofirmat<\/a>, <a href=\"https:\/\/moverdb.com\/fi\/us-canada-movers\/\">Yhdysvaltain ja Kanadan muuttoyritykset<\/a> ja meid\u00e4n <a href=\"https:\/\/moverdb.com\/fi\/arvostelut\/\">tarkistusprosessi<\/a>.<\/p>\n<p><strong>Verkkosivusto:<\/strong> <a href=\"https:\/\/www.wheatonworldwide.com\/\" target=\"_blank\" rel=\"noopener\">https:\/\/www.wheatonworldwide.com<\/a><\/p>","protected":false},"excerpt":{"rendered":"<p>Wheaton World Wide Moving (formerly Wheaton Van Lines) offers its clients a range of services from international moves to local moves. These are listed below, together with a company profile and reviews. International Moves and Relocation Assistance Door to door moving Packing &#8211; do it yourself, fragile items or full service packing Disassembling and reassembling [&hellip;]<\/p>\n","protected":false},"author":1,"featured_media":0,"parent":0,"menu_order":0,"comment_status":"closed","ping_status":"closed","template":"","meta":{"_genesis_hide_title":false,"_genesis_hide_breadcrumbs":false,"_genesis_hide_singular_image":false,"_genesis_hide_footer_widgets":false,"_genesis_custom_body_class":"","_genesis_custom_post_class":"","_genesis_layout":"","footnotes":""},"class_list":{"0":"post-1076","1":"page","2":"type-page","3":"status-publish","5":"entry"},"_links":{"self":[{"href":"https:\/\/moverdb.com\/fi\/wp-json\/wp\/v2\/pages\/1076","targetHints":{"allow":["GET"]}}],"collection":[{"href":"https:\/\/moverdb.com\/fi\/wp-json\/wp\/v2\/pages"}],"about":[{"href":"https:\/\/moverdb.com\/fi\/wp-json\/wp\/v2\/types\/page"}],"author":[{"embeddable":true,"href":"https:\/\/moverdb.com\/fi\/wp-json\/wp\/v2\/users\/1"}],"replies":[{"embeddable":true,"href":"https:\/\/moverdb.com\/fi\/wp-json\/wp\/v2\/comments?post=1076"}],"version-history":[{"count":7,"href":"https:\/\/moverdb.com\/fi\/wp-json\/wp\/v2\/pages\/1076\/revisions"}],"predecessor-version":[{"id":6251,"href":"https:\/\/moverdb.com\/fi\/wp-json\/wp\/v2\/pages\/1076\/revisions\/6251"}],"wp:attachment":[{"href":"https:\/\/moverdb.com\/fi\/wp-json\/wp\/v2\/media?parent=1076"}],"curies":[{"name":"wp","href":"https:\/\/api.w.org\/{rel}","templated":true}]}}