{"id":1075,"date":"2016-08-04T14:25:42","date_gmt":"2016-08-04T14:25:42","guid":{"rendered":"http:\/\/moverdb.com\/?page_id=1075"},"modified":"2026-01-08T15:20:29","modified_gmt":"2026-01-08T15:20:29","slug":"north-american-van-lines","status":"publish","type":"page","link":"https:\/\/moverdb.com\/fi\/north-american-van-lines\/","title":{"rendered":"North American Van Lines: American American American Moving: International Moving Reviews"},"content":{"rendered":"<p>North American Van Lines tarjoaa asiakkailleen palveluja kansainv\u00e4lisiin, yritys- ja kotimaan muuttoihin. Seuraavassa on luettelo n\u00e4ist\u00e4 palveluista sek\u00e4 yrityksen profiili ja arvostelut.<\/p>\n<p><strong>Kansainv\u00e4linen muuttoliike yksityishenkil\u00f6ille ja yrityksille<\/strong><\/p>\n<ul>\n<li> Palvelu ovelta ovelle<\/li>\n<li> Tavaroiden pakkaaminen, pehmustaminen ja suojaaminen<\/li>\n<li> Huonekalujen purkaminen<\/li>\n<li> <a href=\"https:\/\/moverdb.com\/fi\/konttikuljetukset\/\">Laivakontit<\/a> jokaiseen sovellukseen<\/li>\n<li> Neuvoja siit\u00e4, mit\u00e4 kannattaa pakata ja mit\u00e4 myyd\u00e4 kustannustehokkuuden vuoksi.<\/li>\n<li> Apua tulliselvityksess\u00e4<\/li>\n<li> Huonekalujen toimitus ja kokoaminen<\/li>\n<li> 24\/7 online toimituksen seuranta<\/li>\n<li> Arvostussuojaohjelma<\/li>\n<li> Lyhytaikainen ja pitk\u00e4aikainen varastointi j\u00e4rjestetty<\/li>\n<\/ul>\n<p><strong>Muutto Erityispalvelut<\/strong><\/p>\n<ul>\n<li> Asunnon osto ja tilap\u00e4inen asumistuki<\/li>\n<li> Rahoitus- ja vakuutuspalvelujen tarjoajien apu<\/li>\n<li> Kulttuurienv\u00e4linen koulutus<\/li>\n<li> Kielikoulutus<\/li>\n<li> Lastenhoito- ja kouluopetus<\/li>\n<li> L\u00e4\u00e4ketieteellinen hoito ja l\u00e4\u00e4kem\u00e4\u00e4r\u00e4ysten korvaaminen<\/li>\n<li> Autojen osto ja palvelut<\/li>\n<li> Ajo-opetus<\/li>\n<\/ul>\n<p><strong>Yrityssiirrot<\/strong><\/p>\n<ul>\n<li> Pakkaaminen ja laatikointi<\/li>\n<li> Varastointi<\/li>\n<li> L\u00e4hetys<\/li>\n<li> Henkil\u00f6kohtainen muuttokoordinaattori<\/li>\n<li> Asunnon myynti- ja ostoapu<\/li>\n<li> Alueen suuntautuminen<\/li>\n<li> Puolison apu<\/li>\n<li> Kiinnityspalvelut<\/li>\n<li> Palveluihin asettuminen<\/li>\n<\/ul>\n<p><strong>Muuttopalvelut<\/strong><\/p>\n<ul>\n<li> Pakkaaminen ja purkaminen - tee se itse, vain hauraat tavarat tai t\u00e4ysi pakkaus.<\/li>\n<li> Suuri valikoima pakkausmateriaaleja<\/li>\n<li> Huonekalujen purkaminen ja uudelleen kokoaminen<\/li>\n<li> Purkaminen<\/li>\n<li> Pakkauksen purkaminen tarvittaessa<\/li>\n<li> J\u00e4tteiden h\u00e4vitt\u00e4minen<\/li>\n<li> Pitk\u00e4aikainen ja lyhytaikainen varastointi<\/li>\n<li> Kotitalouksien muutto<\/li>\n<li> Paikallinen muuttaminen<\/li>\n<li> Pitk\u00e4n matkan siirt\u00e4minen<\/li>\n<li> Sotilaallinen muuttaminen<\/li>\n<li> Maata pitkin liikkuvat<\/li>\n<li> Valtion sis\u00e4inen muuttoliike<\/li>\n<li> Express pieni l\u00e4hetys<\/li>\n<li> Kansalliset muuttajat<\/li>\n<\/ul>\n<p><strong>Erikoistuneet siirrot<\/strong><\/p>\n<ul>\n<li> Pianot<\/li>\n<li> Taide ja antiikki<\/li>\n<li> Veneet<\/li>\n<li> <a href=\"https:\/\/moverdb.com\/fi\/auto-kuljetus-kuljetus\/\">Ajoneuvot<\/a><\/li>\n<li> S\u00e4ili\u00f6t<\/li>\n<\/ul>\n<h2>North American Van Lines Yrityksen profiili<\/h2>\n<p>North American Van Lines aloitti kuljetustoimintansa vuonna 1933 12 edustajan voimin. Viisi vuotta my\u00f6hemmin sill\u00e4 oli yli 120 agenttia. Yritys harjoittaa koti- ja toimistosiirtoja sek\u00e4 paikallisesti, kansallisesti ett\u00e4 kansainv\u00e4lisesti. North American Van Linesista tuli SIRVA Inc:n tyt\u00e4ryhti\u00f6 vuonna 1998. <\/p>\n<p>Yhti\u00f6ll\u00e4 on l\u00e4hes 8 000 ty\u00f6ntekij\u00e4\u00e4, ja sill\u00e4 on seuraavat toiminnot <strong>1 694 kuorma-autoa<\/strong>. On arvioitu, ett\u00e4 niiden ajoneuvot ovat kulkeneet <strong>37 256 707 mailia<\/strong>.<\/p>\n<p>North American Van Linesilla on yli 500 agenttia Pohjois-Amerikassa. Heill\u00e4 on satelliittipaikannus, jonka avulla kaikki l\u00e4hetykset voidaan paikallistaa kaikkina aikoina. He k\u00e4ytt\u00e4v\u00e4t my\u00f6s nosturiautoja, joiden avulla he voivat lastata ja purkaa suuria tavaroita ilman lastauslaituria. <\/p>\n<p>Yritys on ottanut k\u00e4ytt\u00f6\u00f6n laatuohjelman kaikkien ty\u00f6ntekij\u00f6iden ja edustajien kouluttamiseksi mahdollisimman korkeatasoisesti.<\/p>\n<p>North American Van Linesin akkreditoinnit ja sidonnaisuudet:<\/p>\n<ul>\n<li> Terrorisminvastainen tulli- ja kauppakumppanuus (C-TPAT).<\/li>\n<li> <a href=\"https:\/\/moverdb.com\/fi\/amsa\/\">American Moving and Storage Association<\/a> (<a href=\"https:\/\/moverdb.com\/fi\/amsa\/\" data-internallinksmanager029f6b8e52c=\"5\" title=\"American Moving &amp; Storage Association (AMSA) selitetty\">AMSA<\/a>) - <a href=\"https:\/\/moverdb.com\/fi\/vanne-promover\/\">ProMover<\/a><\/li>\n<li> BBB-akkreditoitu yritys<\/li>\n<li> <a href=\"https:\/\/moverdb.com\/fi\/canadian-association-of-movers\/\">Kanadan muuttajien liitto<\/a> (<a href=\"https:\/\/moverdb.com\/fi\/canadian-association-of-movers\/\" data-internallinksmanager029f6b8e52c=\"11\" title=\"Kanadan muuttajien yhdistys (CAM) selitetty\">CAM<\/a>)<\/li>\n<\/ul>\n<h2>North American Van Lines arvostelut<\/h2>\n<p><strong>Positiivinen:<\/strong><\/p>\n<ul>\n<li>  <em>\"Muutamme koko ajan, ja t\u00e4m\u00e4 oli paras muutto, joka meill\u00e4 on koskaan ollut. Meill\u00e4 ei ole koskaan ollut muuttoa, jossa asiat olisivat menneet n\u00e4in hyvin. Kaikki oli aivan ihanaa.\"<\/em> - Justin P asiakas <a href=\"https:\/\/www.northamerican.com\/\" target=\"_blank\" rel=\"noopener\">suositus heid\u00e4n verkkosivustoltaan<\/a>.<\/li>\n<li> <em>\"Aina ajoissa, tehokas, yst\u00e4v\u00e4llinen ja todella avulias. Olimme iloisesti yll\u00e4ttyneit\u00e4 siit\u00e4, ett\u00e4 sen j\u00e4lkeen, kun h\u00f6lm\u00f6l\u00e4isemme oli lastattu ja punnittu, meilt\u00e4 veloitettiin v\u00e4hemm\u00e4n kuin ilmoitettu summa! Suosittelen heit\u00e4 ehdottomasti!<\/em>\" - Candace via <a href=\"http:\/\/www.bbb.org\/northernindiana\/business-reviews\/movers\/north-american-van-lines-in-fort-wayne-in-90077877\/customer-reviews\" target=\"_blank\" rel=\"noopener\">BBB<\/a><\/li>\n<li> <em>\"Muutto yhdest\u00e4 talosta, jossa on pitk\u00e4, tuulinen ja kapea ajotie, toiseen, satojen kilometrien p\u00e4\u00e4ss\u00e4 sijaitsevaan taloon ei ollut helppo teht\u00e4v\u00e4 kenellek\u00e4\u00e4n muuttajalle. Mutta North American Van Lines tarjosi upean kokemuksen, joka teki muutosta v\u00e4hemm\u00e4n stressaavaa... ja uskallanpa sanoa, hauskaa?\"<\/em> - Phyllis kautta <a href=\"https:\/\/www.facebook.com\/northAmericanVL\/reviews#\" target=\"_blank\" rel=\"noopener\">Facebook<\/a><\/li>\n<\/ul>\n<p><strong>Negatiivinen:<\/strong><\/p>\n<ul>\n<li> <em>\"Kauhea kokemus t\u00e4st\u00e4 yrityksest\u00e4. K\u00e4ytin heit\u00e4 muuttaakseni Baltimoresta Baltimoreen. <a href=\"https:\/\/moverdb.com\/fi\/muutto-san-francisco\/\">San Francisco<\/a>.  He k\u00e4ytt\u00e4v\u00e4t paikallisia <a href=\"https:\/\/moverdb.com\/fi\/moving-companies\/\" data-internallinksmanager029f6b8e52c=\"79\" title=\"Top 25 Kansainv\u00e4list\u00e4 muuttoyrityksi\u00e4 verkossa\">muuttofirmat<\/a> tehnyt sopimuksen North Americanin kanssa tavaroiden noutamisesta ja j\u00e4tt\u00e4misest\u00e4.\"<\/em> - Nick kautta <a href=\"http:\/\/www.mymovingreviews.com\/movers\/north-american-van-lines-287#33438\" target=\"_blank\" rel=\"noopener\">MyMovingReviews<\/a><\/li>\n<li> <em>\"Siirtyminen <a href=\"https:\/\/moverdb.com\/fi\/moving-companies\/moving-companies-peru\/\" data-internallinksmanager029f6b8e52c=\"273\" title=\"9 parasta kansainv\u00e4list\u00e4 muuttoa harjoittavaa yrityst\u00e4 Perussa\">Peru<\/a> osoitteeseen <a href=\"https:\/\/moverdb.com\/fi\/moving-to-the-united-states\/moving-to-iowa\/\" data-internallinksmanager029f6b8e52c=\"463\" title=\"Muutatko Iowaan? 2024 Elinkustannukset ja muuttovinkit\">Iowa<\/a> oli painajainen. Pahinta oli se, ett\u00e4 North American Van Linesin \"ammattilaiset\" purkivat kuorma-auton\".\"<\/em> - Arthur kautta <a href=\"https:\/\/www.consumeraffairs.com\/movers\/north_american.htm\" target=\"_blank\" rel=\"noopener\">Kuluttaja-asiat<\/a><\/li>\n<li> <em>\"On kulunut 10 p\u00e4iv\u00e4\u00e4 siit\u00e4, kun tavarani noudettiin <a href=\"https:\/\/moverdb.com\/fi\/moving-to-the-united-states\/moving-to-oklahoma\/\" data-internallinksmanager029f6b8e52c=\"453\" title=\"Muutatko Oklahomaan? 2024 Elinkustannukset ja muuttovinkit\">Oklahoma<\/a>Toimitusaikaa on j\u00e4ljell\u00e4 vain kaksi arkip\u00e4iv\u00e4\u00e4, ja he saivat juuri selville, ett\u00e4 kuljettaja ei koskaan noutanut tavaroitani.\"<\/em> - kautta <a href=\"http:\/\/north-american-van-lines.pissedconsumer.com\/left-my-stuff-behind-20160401821464.html\" target=\"_blank\" rel=\"noopener\">Suuttunut kuluttaja<\/a><\/li>\n<\/ul>\n<div itemprop=\"review\" itemscope itemtype=\"http:\/\/schema.org\/Review\">\n<span itemprop=\"author\" itemscope=\"\" itemtype=\"http:\/\/schema.org\/Organization\"><span itemprop=\"name\">MoverDB.com<\/span><\/span> Verkkosivuston arvostelu <span itemprop=\"itemreviewed\" itemscope=\"\" itemtype=\"http:\/\/schema.org\/Brand\"><span itemprop=\"name\">North American Van Lines<\/span><\/span>:<\/p>\n<ol>\n<li> Selke\u00e4t yhteystiedot verkkosivustolla (my\u00f6s puhelinnumero): <strong>Kyll\u00e4<\/strong><\/li>\n<li> Helppo saada <a href=\"https:\/\/moverdb.com\/fi\/lainauksia\/\">kansainv\u00e4liset muutto tarjoukset<\/a>? (Online-arviolomake): <strong>Kyll\u00e4<\/strong><\/li>\n<li> Selke\u00e4t tiedot verkkosivustolla: <strong>Kyll\u00e4<\/strong>, paljon tietoa kotimaisista ja kansainv\u00e4lisist\u00e4 muutoista.<\/li>\n<li> J\u00e4senyys kansainv\u00e4lisiss\u00e4 tunnustetuissa liikkuvissa j\u00e4rjest\u00f6iss\u00e4: <strong>Kyll\u00e4<\/strong>, ks. edell\u00e4<\/li>\n<li> Luettelo asiakkaista ja\/tai aiempien asiakkaiden suosittelut. <strong>Kyll\u00e4,<\/strong> Sivulla on monia suositteluja, mutta useimmat ovat melko lyhyit\u00e4.<\/li>\n<\/ol>\n<div itemprop=\"reviewRating\" itemscope itemtype=\"http:\/\/schema.org\/Rating\"><meta itemprop=\"worstRating\" content = \"0\" \/><meta itemprop=\"bestRating\" content=\"4.5\" \/><meta itemprop=\"ratingValue\" content=\"5\"><\/div>\n<p><strong>Yleisarvosana: 4.5\/5<\/strong><br \/>\n<strong>Tarkistusp\u00e4iv\u00e4:<\/strong> <span itemprop=\"datePublished\" content=\"2016-08-24\">04\/08\/2016<\/span>\n<\/div>\n<p>Lue lis\u00e4\u00e4 <a href=\"https:\/\/moverdb.com\/fi\/muuttoyritykset\/\">kansainv\u00e4liset muuttajat<\/a>, <a href=\"https:\/\/moverdb.com\/fi\/us-canada-movers\/\">Kanadan ja Yhdysvaltojen muuttajat<\/a> ja meid\u00e4n <a href=\"https:\/\/moverdb.com\/fi\/arvostelut\/\">Muuttuva tarkasteluprosessi<\/a>.<\/p>\n<p><strong>Verkkosivut:<\/strong><br \/>\n<a href=\"https:\/\/moverdb.com\/fi\/moving-to-the-united-states\/\" data-internallinksmanager029f6b8e52c=\"94\" title=\"Muutatko Yhdysvaltoihin? 2022 Elinkustannukset ja muuttovinkit\">US<\/a>: <a href=\"https:\/\/www.northamerican.com\/\" target=\"_blank\" rel=\"noopener\">https:\/\/www.northamerican.com\/<\/a><br \/>\n<a href=\"https:\/\/moverdb.com\/fi\/moving-to-canada\/\" data-internallinksmanager029f6b8e52c=\"265\" title=\"Muutto Kanadaan? 2023 Elinkustannukset ja muuttovinkit\">Kanada<\/a>: <a href=\"http:\/\/www.northamericanvanlines.ca\/\" target=\"_blank\" rel=\"noopener\">http:\/\/www.northamericanvanlines.ca\/<\/a><\/p>","protected":false},"excerpt":{"rendered":"<p>North American Van Lines offer their customers services for international, corporate and domestic moves. A list of these services follows, together with a company profile and reviews. International Moving for Individuals and Companies Door to door service Packing, padding and protecting belongings Disassembling furniture Ship containers for every application Advice on what to pack and [&hellip;]<\/p>\n","protected":false},"author":1,"featured_media":0,"parent":0,"menu_order":0,"comment_status":"closed","ping_status":"closed","template":"","meta":{"_genesis_hide_title":false,"_genesis_hide_breadcrumbs":false,"_genesis_hide_singular_image":false,"_genesis_hide_footer_widgets":false,"_genesis_custom_body_class":"","_genesis_custom_post_class":"","_genesis_layout":"","footnotes":""},"class_list":{"0":"post-1075","1":"page","2":"type-page","3":"status-publish","5":"entry"},"_links":{"self":[{"href":"https:\/\/moverdb.com\/fi\/wp-json\/wp\/v2\/pages\/1075","targetHints":{"allow":["GET"]}}],"collection":[{"href":"https:\/\/moverdb.com\/fi\/wp-json\/wp\/v2\/pages"}],"about":[{"href":"https:\/\/moverdb.com\/fi\/wp-json\/wp\/v2\/types\/page"}],"author":[{"embeddable":true,"href":"https:\/\/moverdb.com\/fi\/wp-json\/wp\/v2\/users\/1"}],"replies":[{"embeddable":true,"href":"https:\/\/moverdb.com\/fi\/wp-json\/wp\/v2\/comments?post=1075"}],"version-history":[{"count":11,"href":"https:\/\/moverdb.com\/fi\/wp-json\/wp\/v2\/pages\/1075\/revisions"}],"predecessor-version":[{"id":6227,"href":"https:\/\/moverdb.com\/fi\/wp-json\/wp\/v2\/pages\/1075\/revisions\/6227"}],"wp:attachment":[{"href":"https:\/\/moverdb.com\/fi\/wp-json\/wp\/v2\/media?parent=1075"}],"curies":[{"name":"wp","href":"https:\/\/api.w.org\/{rel}","templated":true}]}}