{"id":1065,"date":"2016-08-09T14:39:24","date_gmt":"2016-08-09T14:39:24","guid":{"rendered":"http:\/\/moverdb.com\/?page_id=1065"},"modified":"2026-01-08T14:47:45","modified_gmt":"2026-01-08T14:47:45","slug":"bekins-van-lines","status":"publish","type":"page","link":"https:\/\/moverdb.com\/fi\/bekins-van-lines\/","title":{"rendered":"Bekins Van Lines: Bekinsins Moving Services: International Moving Services &amp; Reviews"},"content":{"rendered":"<p>Bekins Van Linesin kotipaikka on Indianapolis IN. He tarjoavat asiakkailleen erilaisia palveluita, jotka on lueteltu alla yhdess\u00e4 yrityksen profiilin ja arvostelujen kanssa.<\/p>\n<p><strong>Kansainv\u00e4linen muuttaminen<\/strong><\/p>\n<ul>\n<li> Henkil\u00f6kohtainen palvelu yhdess\u00e4 Crown Relocationsin kanssa<\/li>\n<li> Palvelu ovelta ovelle<\/li>\n<li> Pakkaaminen - tee se itse, valitut kohteet tai t\u00e4ysipalvelu<\/li>\n<li> Varastointi - lyhyell\u00e4 ja pitk\u00e4ll\u00e4 aikav\u00e4lill\u00e4<\/li>\n<li> Lemmikkiel\u00e4inten uudelleensijoittaminen<\/li>\n<li> Maahanmuuttopalvelut<\/li>\n<li> Kulttuurienv\u00e4linen koulutus<\/li>\n<li> Kielikoulutus<\/li>\n<li> Kotimyyntipalvelut<\/li>\n<li> Kiinteist\u00f6jen hallinta<\/li>\n<li> Matkapalvelujen esikatselu<\/li>\n<li> Kodin l\u00f6yt\u00e4miseen liittyv\u00e4 apu<\/li>\n<li> Kouluhaku<\/li>\n<li> Saapumisen j\u00e4lkeinen orientaatio<\/li>\n<li> Kumppanin uratuki<\/li>\n<li> Korjausmies- ja kotiapupalvelut<\/li>\n<li> Huonekalujen vuokraus<\/li>\n<li> Toimeksiantoon liittyv\u00e4 tuki<\/li>\n<\/ul>\n<p><strong>Pakkaaminen ja varastointi<\/strong><\/p>\n<ul>\n<li> Pitk\u00e4aikainen ja lyhytaikainen varastointi<\/li>\n<li> Turvalliset tilat<\/li>\n<li> 24 tunnin varoitusajalla<\/li>\n<li> Tee se itse, valitut kohteet tai t\u00e4yden palvelun pakkaus<\/li>\n<li> Toimitettavat kartongit ja laatikot<\/li>\n<li> Suojak\u00e4\u00e4re mukana<\/li>\n<li> Teippi\u00e4, tarroja ja tusseja<\/li>\n<\/ul>\n<p><strong>Valtion ja armeijan muuttopalvelut<\/strong><\/p>\n<ul>\n<li> GSA-kuljetuspalvelujen tarjoaja<\/li>\n<li> Kelpuutettu ja tukee CHAMP-ohjelmaa<\/li>\n<li> Ovelta ovelle<\/li>\n<\/ul>\n<p><strong>Ty\u00f6ntekij\u00f6iden uudelleensijoittaminen<\/strong><\/p>\n<ul>\n<li> Erityinen muuttop\u00e4\u00e4llikk\u00f6<\/li>\n<li> Ovelta ovelle<\/li>\n<\/ul>\n<p><strong>Asuntojen muutot<\/strong><\/p>\n<ul>\n<li> Ovelta ovelle<\/li>\n<li> Kotona <a href=\"https:\/\/moverdb.com\/fi\/quotes\/\" data-internallinksmanager029f6b8e52c=\"26\" title=\"Kansainv\u00e4liset muuttolainat: 12 kysymyst\u00e4\">muutto tarjous<\/a><\/li>\n<li> T\u00e4yden palvelun pakkaus, lastaus ja purku<\/li>\n<li> Pakkaaminen - tee se itse, hauraat tavarat tai t\u00e4ysi palvelu<\/li>\n<li> Toimitetut pakkausmateriaalit<\/li>\n<li> Varastointi k\u00e4ytett\u00e4viss\u00e4<\/li>\n<li> Huonekalujen purkaminen ja uudelleen kokoaminen<\/li>\n<li> Huonekalujen, kalusteiden ja laitteiden siirt\u00e4minen<\/li>\n<li> Siirr\u00e4 pianot, <a href=\"https:\/\/moverdb.com\/fi\/auto-kuljetus-kuljetus\/\">ajoneuvot<\/a>, veneet ja paljon muuta<\/li>\n<li> Liikkuva suojaus<\/li>\n<\/ul>\n<p><strong>Erikoistuneet muuttopalvelut<\/strong><\/p>\n<ul>\n<li> L\u00e4\u00e4kinn\u00e4llisten laitteiden kuljetus<\/li>\n<li> Raskaiden koneiden kuljetus<\/li>\n<li> FFE-kuljetukset<\/li>\n<li> Toimistolaitteet<\/li>\n<li> Tietokoneet ja tietotekniikkalaitteet<\/li>\n<li> Ainutlaatuiset huonekalut<\/li>\n<li> Laitteen siirt\u00e4minen<\/li>\n<li> Myym\u00e4l\u00e4n kalusteet<\/li>\n<li> Sairaalan muuttopalvelut<\/li>\n<\/ul>\n<h2>Bekins Van Lines Yrityksen profiili<\/h2>\n<p>Bekins Van Linesin perustivat 125 vuotta sitten John ja Martin Bekins Sioux Cityss\u00e4, <a href=\"https:\/\/moverdb.com\/fi\/moving-to-the-united-states\/moving-to-iowa\/\" data-internallinksmanager029f6b8e52c=\"463\" title=\"Muutatko Iowaan? 2024 Elinkustannukset ja muuttovinkit\">Iowa<\/a>. Sill\u00e4 oli 3 hevosvetoista ajoneuvoa ja 12 ty\u00f6ntekij\u00e4\u00e4. Se on nyt nelj\u00e4nneksi suurin pakettiautoliikennett\u00e4 harjoittava yritys <a href=\"https:\/\/moverdb.com\/fi\/moving-to-the-united-states\/\" data-internallinksmanager029f6b8e52c=\"94\" title=\"Muutatko Yhdysvaltoihin? 2022 Elinkustannukset ja muuttovinkit\">Yhdysvallat<\/a> ja palvelee yli 95% maata. Bekins Van Lines on erikoistunut <a href=\"https:\/\/moverdb.com\/fi\/konttikuljetukset\/\" target=\"_blank\" rel=\"noopener\">kansainv\u00e4linen merenkulku<\/a>, muutot ja arvokkaiden esineiden siirt\u00e4minen.<\/p>\n<p>Bekins Van Linesin omistaa nyt <a href=\"https:\/\/moverdb.com\/fi\/wheaton\/\" target=\"_blank\" rel=\"noopener\">Wheaton Van Lines<\/a>. Se tarjoaa edelleen kotitalouksien muuttoja, yritysten muuttoja, kansainv\u00e4lisi\u00e4 muuttoja ja sotilaallisia muuttoja. <\/p>\n<p>Bekins on yhdess\u00e4 Wheaton Van Linesin kanssa tehnyt yhteisty\u00f6t\u00e4 Crown Relocationsin kanssa auttaakseen asiakkaita kansainv\u00e4lisiss\u00e4 muutoissa. Bekinsill\u00e4 on 350 agenttia, ja juuri n\u00e4iden agenttien ansiosta yritys voi toimia t\u00e4yden palvelun kuljetusliikkeen\u00e4. <a href=\"https:\/\/moverdb.com\/fi\/moving-companies\/\" data-internallinksmanager029f6b8e52c=\"79\" title=\"Top 25 Kansainv\u00e4list\u00e4 muuttoyrityksi\u00e4 verkossa\">muuttofirma<\/a>.<\/p>\n<p>Bekins Van Linesin j\u00e4senyydet ja akkreditoinnit:<\/p>\n<ul>\n<li> <a href=\"https:\/\/moverdb.com\/fi\/amsa\/\" target=\"_blank\" rel=\"noopener\">American Moving and Storage Association<\/a> (<a href=\"https:\/\/moverdb.com\/fi\/amsa\/\" data-internallinksmanager029f6b8e52c=\"5\" title=\"American Moving &amp; Storage Association (AMSA) selitetty\">AMSA<\/a>) - <a href=\"https:\/\/moverdb.com\/fi\/vanne-promover\/\" target=\"_blank\" rel=\"noopener\">ProMover<\/a><\/li>\n<li> Kansallinen vanhempien liikkumisen johtajien liitto (NASMM)<\/li>\n<li> Better Business Bureau (BBB) Accredited Business A+ (akkreditoitu yritys)<\/li>\n<\/ul>\n<h2>Bekins Van Lines Arvostelut<\/h2>\n<p><strong>Positiivinen:<\/strong><\/p>\n<ul>\n<li> <em>\"Olin kauhuissani k\u00e4ytt\u00e4m\u00e4st\u00e4 mit\u00e4\u00e4n muuttofirmaa muuttoani varten. <a href=\"https:\/\/moverdb.com\/fi\/muutto-san-jose\/\">San Jose<\/a> osoitteeseen <a href=\"https:\/\/moverdb.com\/fi\/moving-to-the-united-states\/moving-to-oregon\/\" data-internallinksmanager029f6b8e52c=\"395\" title=\"Muutto Oregoniin? 2023 Elinkustannukset ja muuttovinkit\">Oregon<\/a>. Tein paljon verkkotutkimusta ja valitsin lopulta Bekinsin kahden henkil\u00f6kohtaisen suosituksen ja heid\u00e4n laatimansa arvion perusteella. Prosessi oli helppo, muuttajat kohtelivat tavaroitani eritt\u00e4in huolellisesti ja he toimittivat tavarani sovittuna ajankohtana.\"<\/em> - S. N. <a href=\"http:\/\/www.yelp.com\/biz\/bekins-van-lines-indianapolis-4?hrid=sAKPuUdvUtx9Pe5VoZlhZQ&#038;utm_campaign=www_review_share_popup&#038;utm_medium=copy_link&#038;utm_source=(direct)\" target=\"_blank\" rel=\"noopener\">Yelp<\/a><\/li>\n<li> <em>\"Saimme tavanomaiset arviot toimistomme muutosta varten, ja Bekins antoi parhaan ja yksityiskohtaisimman arvion.\"<\/em> - Wanda Tampa kautta <a href=\"https:\/\/www.consumeraffairs.com\/movers\/bekins_van_lines.htm\" target=\"_blank\" rel=\"noopener\">Kuluttaja-asiat<\/a><\/li>\n<li> <em>\"T\u00e4m\u00e4 asiakas SUOSITTELEE yrityst\u00e4 yst\u00e4v\u00e4lle, perheenj\u00e4senelle, naapurille tai kollegalle.\"<\/em> - Cindy R kautta <a href=\"http:\/\/www.bbb.org\/indy\/business-reviews\/movers\/bekins-van-lines-inc-in-indianapolis-in-90013818\/Customer-Reviews\" target=\"_blank\" rel=\"noopener\">BBB<\/a><\/li>\n<li> <em>\"Koko muuttotiimi oli fantastinen. Arvioijat ja koordinaattorit olivat eritt\u00e4in huomaavaisia.\"<\/em> - Paul D kautta <a href=\"http:\/\/www.mymovingreviews.com\/movers\/bekins-van-lines-303#54527\" target=\"_blank\" rel=\"noopener\">MyMoivingReviews.com<\/a><\/li>\n<\/ul>\n<p><strong>Negatiivinen:<\/strong><\/p>\n<ul>\n<li> \"<em>Todella kauhea kokemus - paljon vahingoittuneita tavaroita ja ammattitaidotonta palvelua.\" <\/em>Kelly H kautta <a href=\"http:\/\/www.yelp.com\/biz\/bekins-van-lines-indianapolis-4?hrid=mPlbHKmtD2adpffBELLyBA&#038;utm_campaign=www_review_share_popup&#038;utm_medium=copy_link&#038;utm_source=(direct)\" target=\"_blank\" rel=\"noopener\">Yelp<\/a> <\/li>\n<li> <em>\"Agentin kuvaamasta t\u00e4ydellisest\u00e4 muutosta tuli painajainen.\"<\/em> - Marcel of Lake Park kautta <a href=\"https:\/\/www.consumeraffairs.com\/movers\/bekins_van_lines.htm\" target=\"_blank\" rel=\"noopener\">Kuluttaja-asiat<\/a> <\/li>\n<li> <em>\"T\u00e4ss\u00e4 kokemuksessa oli useita kielteisi\u00e4 asioita.\"<\/em> - David S kautta <a href=\"http:\/\/www.bbb.org\/indy\/business-reviews\/movers\/bekins-van-lines-inc-in-indianapolis-in-90013818\/Customer-Reviews\" target=\"_blank\" rel=\"noopener\">BBB<\/a> <\/li>\n<li> \"<em>Olen havainnut Bekinsin muutto- ja varastointiyrityksen ep\u00e4luotettavaksi.\" <\/em> D Langdon kautta <a href=\"http:\/\/www.mymovingreviews.com\/movers\/bekins-van-lines-303#37287\" target=\"_blank\" rel=\"noopener\">MyMoivingReviews.com<\/a><\/li>\n<\/ul>\n<div itemprop=\"review\" itemscope itemtype=\"http:\/\/schema.org\/Review\">\n<span itemprop=\"author\" itemscope=\"\" itemtype=\"http:\/\/schema.org\/Organization\"><span itemprop=\"name\">MoverDB.com<\/span><\/span> Verkkosivuston arvostelu <span itemprop=\"itemreviewed\" itemscope=\"\" itemtype=\"http:\/\/schema.org\/Brand\"><span itemprop=\"name\">Bekins Van Lines<\/span><\/span>:<\/p>\n<ol>\n<li> Selke\u00e4t yhteystiedot verkkosivustolla (my\u00f6s puhelinnumero): <strong>Kyll\u00e4<\/strong><\/li>\n<li> Helppo saada <a href=\"https:\/\/moverdb.com\/fi\/lainauksia\/\">kansainv\u00e4liset muutto tarjoukset<\/a>? (Online-arviolomake): <strong>Kyll\u00e4<\/strong><\/li>\n<li> Selke\u00e4t tiedot verkkosivustolla: <strong>Kyll\u00e4,<\/strong> sivustolla on monia oppaita, videoita ja muita resursseja.<\/li>\n<li> J\u00e4senyys kansainv\u00e4lisiss\u00e4 tunnustetuissa liikkuvissa j\u00e4rjest\u00f6iss\u00e4: <strong>Kyll\u00e4<\/strong>, ks. edell\u00e4<\/li>\n<li> Luettelo asiakkaista ja\/tai aiempien asiakkaiden suosittelut. <strong>Kyll\u00e4,<\/strong> heill\u00e4 on oma <a href=\"https:\/\/www.bekins.com\/why-bekins\/reviews-testimonials\/\" target=\"_blank\" rel=\"noopener\">arvostelut ja suosittelut sivulla.<\/a><\/li>\n<\/ol>\n<div itemprop=\"reviewRating\" itemscope itemtype=\"http:\/\/schema.org\/Rating\"><meta itemprop=\"worstRating\" content = \"0\" \/><meta itemprop=\"bestRating\" content=\"5\" \/><meta itemprop=\"ratingValue\" content=\"5\"><\/div>\n<p><strong>Yleisarvosana: 5\/5<\/strong><br \/>\n<strong>Tarkistusp\u00e4iv\u00e4:<\/strong> <span itemprop=\"datePublished\" content=\"2016-08-08\">08\/08\/2016<\/span>\n<\/div>\n<p>Lue lis\u00e4\u00e4 <a href=\"https:\/\/moverdb.com\/fi\/muuttoyritykset\/\">kansainv\u00e4liset muuttofirmat<\/a>, <a href=\"https:\/\/moverdb.com\/fi\/us-canada-movers\/\">Yhdysvaltalaiset muuttajat<\/a> ja meid\u00e4n <a href=\"https:\/\/moverdb.com\/fi\/arvostelut\/\">tarkistusprosessi<\/a>.<\/p>\n<p><strong>Verkkosivusto:<\/strong> <a href=\"https:\/\/www.bekins.com\/\" target=\"_blank\" rel=\"noopener\">https:\/\/www.bekins.com<\/a><\/p>","protected":false},"excerpt":{"rendered":"<p>Bekins Van Lines are based in Indianapolis IN. They offer their customers a variety of services which are listed below, together with a company profile and reviews. International Moving Personalised service together with Crown Relocations Door to door service Packing &#8211; do it yourself, selected items or full service Storage &#8211; short and long term [&hellip;]<\/p>\n","protected":false},"author":1,"featured_media":0,"parent":0,"menu_order":0,"comment_status":"closed","ping_status":"closed","template":"","meta":{"_genesis_hide_title":false,"_genesis_hide_breadcrumbs":false,"_genesis_hide_singular_image":false,"_genesis_hide_footer_widgets":false,"_genesis_custom_body_class":"","_genesis_custom_post_class":"","_genesis_layout":"","footnotes":""},"class_list":{"0":"post-1065","1":"page","2":"type-page","3":"status-publish","5":"entry"},"_links":{"self":[{"href":"https:\/\/moverdb.com\/fi\/wp-json\/wp\/v2\/pages\/1065","targetHints":{"allow":["GET"]}}],"collection":[{"href":"https:\/\/moverdb.com\/fi\/wp-json\/wp\/v2\/pages"}],"about":[{"href":"https:\/\/moverdb.com\/fi\/wp-json\/wp\/v2\/types\/page"}],"author":[{"embeddable":true,"href":"https:\/\/moverdb.com\/fi\/wp-json\/wp\/v2\/users\/1"}],"replies":[{"embeddable":true,"href":"https:\/\/moverdb.com\/fi\/wp-json\/wp\/v2\/comments?post=1065"}],"version-history":[{"count":9,"href":"https:\/\/moverdb.com\/fi\/wp-json\/wp\/v2\/pages\/1065\/revisions"}],"predecessor-version":[{"id":6181,"href":"https:\/\/moverdb.com\/fi\/wp-json\/wp\/v2\/pages\/1065\/revisions\/6181"}],"wp:attachment":[{"href":"https:\/\/moverdb.com\/fi\/wp-json\/wp\/v2\/media?parent=1065"}],"curies":[{"name":"wp","href":"https:\/\/api.w.org\/{rel}","templated":true}]}}