{"id":1064,"date":"2016-08-12T14:50:41","date_gmt":"2016-08-12T14:50:41","guid":{"rendered":"http:\/\/moverdb.com\/?page_id=1064"},"modified":"2026-01-08T13:18:24","modified_gmt":"2026-01-08T13:18:24","slug":"graebel-van-lines","status":"publish","type":"page","link":"https:\/\/moverdb.com\/fi\/graebel-van-lines\/","title":{"rendered":"Graebel Van Lines: Graebel Graebel Moving Services: International Moving Services &amp; Reviews: International Moving Services &amp; Reviews"},"content":{"rendered":"<p>Graebel Van Linesin p\u00e4\u00e4konttori sijaitsee Aurorassa, CO. Yritys tarjoaa asiakkailleen laajan valikoiman palveluja, jotka on lueteltu alla. Siit\u00e4 seuraa my\u00f6s yrityksen profiili ja arvosteluja.<\/p>\n<p><strong>Kansainv\u00e4linen muuttaminen<\/strong><\/p>\n<ul>\n<li> Asiakaspalvelukoordinaattori on nimetty<\/li>\n<li> Yksityiskohtainen kotitutkimus<\/li>\n<li> R\u00e4\u00e4t\u00e4l\u00f6ity muuttosuunnitelma<\/li>\n<li> Ovelta ovelle<\/li>\n<li> Kansainv\u00e4lisesti koulutetut pakkaajat ja kuormaajat<\/li>\n<li> Laadukkaimmat pakkausmateriaalit<\/li>\n<li> R\u00e4\u00e4t\u00e4l\u00f6ity pakkaus<\/li>\n<li> Koordinointi johtavien lisensoitujen maailmanlaajuisten lentoyhti\u00f6iden kanssa<\/li>\n<li> Varastotilat - jotkut ilmastoidut<\/li>\n<li> Tulliselvitys<\/li>\n<li> Toimitus ja pakkauksen purkaminen<\/li>\n<\/ul>\n<p><strong>Asuntojen muutot<\/strong><\/p>\n<ul>\n<li> Palvelu ovelta ovelle<\/li>\n<li> Yksi yhteyspiste koko muuton ajan<\/li>\n<li> Pakkaaminen ja purkaminen tarvittaessa<\/li>\n<li> Paikalliset, kauko- ja kansainv\u00e4liset muutot<\/li>\n<li> Pitk\u00e4- ja lyhytaikaiset varastotilat<\/li>\n<\/ul>\n<p><strong>Ty\u00f6tilan siirrot<\/strong><\/p>\n<ul>\n<li> Ennen ja j\u00e4lkeen pohjapiirros<\/li>\n<li> Yksityiskohtainen inventaario<\/li>\n<li> Pitk\u00e4aikainen ja lyhytaikainen varastointi<\/li>\n<li> Tietokonej\u00e4rjestelmien irrottaminen ja uudelleenkytkeminen<\/li>\n<li> Huonekalujen purkaminen ja kokoaminen<\/li>\n<li> Vastuullista omaisuuden luovuttamista<\/li>\n<li> Yritysten p\u00e4\u00e4konttorien, toimistojen ja kertaluonteisten toimistojen muutot.<\/li>\n<li> Alihankkijoiden, datan, puhelinyhteyksien ja s\u00e4hk\u00f6jen koordinointi.<\/li>\n<li> Tarkat arviot toimistosiirtojen laitteista, henkil\u00f6ist\u00e4, materiaaleista ja kokonaiskustannuksista.<\/li>\n<li> Move-Add-Change (MAC) -hallinta.<\/li>\n<li> Todistetut toimiston muuton tarkistuslistat, suunnittelu ja prosessit.<\/li>\n<li> Tietojen s\u00e4ilytt\u00e4minen ja h\u00e4vitt\u00e4minen.<\/li>\n<li> Tihe\u00e4t arkistointij\u00e4rjestelm\u00e4t ja s\u00e4ilytysratkaisut.<\/li>\n<li> <a href=\"https:\/\/moverdb.com\/fi\/british-association-of-removers\/\" data-internallinksmanager029f6b8e52c=\"9\" title=\"British Association of Removers (BAR) selitetty\">Baari<\/a>-koodattu varastonhallinta.<\/li>\n<li> Maailmanlaajuiset kuljetukset, mukaan lukien alle kuorma-auton kuormat, kuorma-auton kuormat ja pehmustetut pakettiautopalvelut.<\/li>\n<li> Varasto- ja jakelupalvelut.<\/li>\n<li> Just-In-Time-toimituspalvelut.<\/li>\n<li> Logistiikkapalvelut ja -hallinto yhdest\u00e4 l\u00e4hteest\u00e4.<\/li>\n<li> J\u00e4rjestelmien kalusteiden kuljetus, toimitus, asennus ja uudelleenkonfigurointi.<\/li>\n<li> Hotelli- ja ravintola-alan huonekalu-, kaluste- ja laitepalvelut.<\/li>\n<li> Terveydenhuoltoalan muuttopalvelut.<\/li>\n<\/ul>\n<p><strong>Yritysten, hallitusten ja armeijan siirrot<\/strong><\/p>\n<ul>\n<li> Vankilavirasto<\/li>\n<li> Marshals Service<\/li>\n<li> Huumevirasto (DEA)<\/li>\n<li> Veteraaniasioiden osasto (VA)<\/li>\n<li> Liittovaltion poliisi (FBI)<\/li>\n<li> Census Bureau<\/li>\n<li> Tautien valvonta- ja ehk\u00e4isykeskukset (CDC)<\/li>\n<li> Verohallinto (IRS)<\/li>\n<\/ul>\n<h2>Graebel Van Lines Yrityksen profiili<\/h2>\n<p>Graebel Van Lines on suurin yksityisomistuksessa oleva kuljetusliike. <a href=\"https:\/\/moverdb.com\/fi\/moving-companies\/\" data-internallinksmanager029f6b8e52c=\"79\" title=\"Top 25 Kansainv\u00e4list\u00e4 muuttoyrityksi\u00e4 verkossa\">muuttofirma<\/a> vuonna <a href=\"https:\/\/moverdb.com\/fi\/moving-to-the-united-states\/\" data-internallinksmanager029f6b8e52c=\"94\" title=\"Muutatko Yhdysvaltoihin? 2022 Elinkustannukset ja muuttovinkit\">Yhdysvallat<\/a> ja sen p\u00e4\u00e4konttori sijaitsee Aurorassa, CO. Yritys on muuttanut perheit\u00e4, yrityksi\u00e4, viranomaisia ja sotilashenkil\u00f6st\u00f6\u00e4 ymp\u00e4ri maailmaa ja Yhdysvalloissa jo 66 vuoden ajan. <\/p>\n<p>Yritys tarjoaa t\u00e4yden palvelun ratkaisuja jokaisen asiakkaan tarpeisiin, olipa kyse sitten pienest\u00e4 ty\u00f6st\u00e4, kuten toimiston kunnostamisesta, tai mittavasta teht\u00e4v\u00e4st\u00e4, kuten sairaalan muuttamisesta uusiin tiloihin.<\/p>\n<p>Graebel Van Linesilla on 4 miljoonaa neli\u00f6jalkaa varastotilaa eri puolilla maata, ja sill\u00e4 on 828 muuttoajoneuvoa. Yrityksen koko henkil\u00f6kunta on koulutettu korkeimpien standardien mukaisesti.<\/p>\n<p>Graebel Van Linesin j\u00e4senyydet ja akkreditoinnit:<\/p>\n<ul>\n<li> <a href=\"https:\/\/moverdb.com\/fi\/vanne-promover\/\">ProMover<\/a><\/li>\n<li> <a href=\"https:\/\/moverdb.com\/fi\/amsa\/\" target=\"_blank\" rel=\"noopener\">American Moving and Storage Association<\/a> (<a href=\"https:\/\/moverdb.com\/fi\/amsa\/\" data-internallinksmanager029f6b8e52c=\"5\" title=\"American Moving &amp; Storage Association (AMSA) selitetty\">AMSA<\/a>)<\/li>\n<li> Kansainv\u00e4linen toimistosiirtoinstituutti (IOMI)<\/li>\n<\/ul>\n<h2>Graebel Van Lines Arvostelut<\/h2>\n<p><strong>Positiivinen:<\/strong><\/p>\n<ul>\n<li> <em>\"Graebel Van Lines teki erinomaista ty\u00f6t\u00e4 muuttoni kanssa. He muuttivat minut lyhyell\u00e4 varoitusajalla, ajallaan ja kaikki p\u00e4\u00e4tyi sinne, minne halusinkin.\" <\/em> - Michelle T kautta <a href=\"https:\/\/www.yelp.com\/biz\/graebel-van-lines-kent\" target=\"_blank\" rel=\"noopener\">Yelp<\/a><\/li>\n<li>  <em>\"L\u00e4het\u00e4n t\u00e4m\u00e4n, koska olen n\u00e4hnyt monia huonoja arvosteluja Graebel'sista, ja minun kokemukseni oli positiivinen.\"<\/em> - Sue Sok kautta <a href=\"http:\/\/www.mymovingreviews.com\/movers\/graebel-406#28293\" target=\"_blank\" rel=\"noopener\">MyMovingReviews.com<\/a><\/li>\n<\/ul>\n<p><strong>Negatiivinen:<\/strong><\/p>\n<ul>\n<li> \"<em>Olen k\u00e4ytt\u00e4nyt Graebelia kolmeen muuttoon, ja jokainen muuttokokemus on huonompi ja huonompi.\"<\/em> - Michael C kautta <a href=\"http:\/\/www.yelp.com\/biz\/graebel-van-lines-san-jose?hrid=KdToWSepoqbs7wLCd4UE0A&#038;utm_campaign=www_review_share_popup&#038;utm_medium=copy_link&#038;utm_source=(direct)\" target=\"_blank\" rel=\"noopener\">Yelp<\/a> <\/li>\n<li> \"<em>En suosittele t\u00e4t\u00e4 yrityst\u00e4!!!\"<\/em> Don Mcnasby kautta <a href=\"http:\/\/www.mymovingreviews.com\/movers\/graebel-406#47223\" target=\"_blank\" rel=\"noopener\">MyMovingReviews.com<\/a><\/li>\n<\/ul>\n<div itemprop=\"review\" itemscope itemtype=\"http:\/\/schema.org\/Review\">\n<span itemprop=\"author\" itemscope=\"\" itemtype=\"http:\/\/schema.org\/Organization\"><span itemprop=\"name\">MoverDB.com<\/span><\/span> Verkkosivuston arvostelu <span itemprop=\"itemreviewed\" itemscope=\"\" itemtype=\"http:\/\/schema.org\/Brand\"><span itemprop=\"name\">Graebel Van Lines<\/span><\/span>:<\/p>\n<ol>\n<li> Selke\u00e4t yhteystiedot verkkosivustolla (my\u00f6s puhelinnumero): <strong>Kyll\u00e4<\/strong><\/li>\n<li> Helppo saada <a href=\"https:\/\/moverdb.com\/fi\/lainauksia\/\">kansainv\u00e4liset muutto tarjoukset<\/a>? (Online-arviolomake): <strong>Kyll\u00e4<\/strong><\/li>\n<li> Selke\u00e4t tiedot verkkosivustolla: <strong>Jotkut<\/strong>, Sivustolla ei ole paljon yksityiskohtaista tietoa. Oletetaan, ett\u00e4 ne toimitetaan r\u00e4\u00e4t\u00e4l\u00f6idyn suunnitelman mukana.<\/li>\n<li> J\u00e4senyys kansainv\u00e4lisiss\u00e4 tunnustetuissa liikkuvissa j\u00e4rjest\u00f6iss\u00e4: <strong>Kyll\u00e4<\/strong>, (ks. edell\u00e4)<\/li>\n<li> Luettelo asiakkaista ja\/tai aiempien asiakkaiden suosittelut: <strong>Ei<\/strong> Verkkosivustolla mainitaan kuitenkin, ett\u00e4 he ovat hallituksen ja Fortune 500 -yritysten suosimia liikkujia.<\/li>\n<\/ol>\n<div itemprop=\"reviewRating\" itemscope itemtype=\"http:\/\/schema.org\/Rating\"><meta itemprop=\"worstRating\" content = \"0\" \/><meta itemprop=\"bestRating\" content=\"5\" \/><meta itemprop=\"ratingValue\" content=\"3.5\"><\/div>\n<p><strong>Yleisarvosana: 3.5\/5<\/strong><br \/>\n<strong>Tarkistusp\u00e4iv\u00e4:<\/strong> <span itemprop=\"datePublished\" content=\"2016-08-11\">11\/08\/2016<\/span>\n<\/div>\n<p>Lue lis\u00e4\u00e4 <a href=\"https:\/\/moverdb.com\/fi\/muuttoyritykset\/\">kansainv\u00e4liset muuttajat<\/a>, <a href=\"https:\/\/moverdb.com\/fi\/us-canada-movers\/\">Amerikkalaiset muuttofirmat<\/a> ja meid\u00e4n <a href=\"https:\/\/moverdb.com\/fi\/arvostelut\/\">tarkistusprosessi<\/a>.<\/p>\n<p><strong>Verkkosivusto:<\/strong> <a href=\"https:\/\/www.graebelmoving.com\" target=\"_blank\" rel=\"noopener\">https:\/\/www.graebelmoving.com<\/a><\/p>","protected":false},"excerpt":{"rendered":"<p>Graebel Van Lines is headquartered in Aurora, CO. The company offers its customers a wide range of services which are listed below. There also follows a company profile and reviews. International Moving A dedicated customer service coordinator is assigned Detailed in-home survey Customised move plan Door to door Internationally trained packers and loaders Finest quality [&hellip;]<\/p>\n","protected":false},"author":1,"featured_media":0,"parent":0,"menu_order":0,"comment_status":"closed","ping_status":"closed","template":"","meta":{"_genesis_hide_title":false,"_genesis_hide_breadcrumbs":false,"_genesis_hide_singular_image":false,"_genesis_hide_footer_widgets":false,"_genesis_custom_body_class":"","_genesis_custom_post_class":"","_genesis_layout":"","footnotes":""},"class_list":{"0":"post-1064","1":"page","2":"type-page","3":"status-publish","5":"entry"},"_links":{"self":[{"href":"https:\/\/moverdb.com\/fi\/wp-json\/wp\/v2\/pages\/1064","targetHints":{"allow":["GET"]}}],"collection":[{"href":"https:\/\/moverdb.com\/fi\/wp-json\/wp\/v2\/pages"}],"about":[{"href":"https:\/\/moverdb.com\/fi\/wp-json\/wp\/v2\/types\/page"}],"author":[{"embeddable":true,"href":"https:\/\/moverdb.com\/fi\/wp-json\/wp\/v2\/users\/1"}],"replies":[{"embeddable":true,"href":"https:\/\/moverdb.com\/fi\/wp-json\/wp\/v2\/comments?post=1064"}],"version-history":[{"count":6,"href":"https:\/\/moverdb.com\/fi\/wp-json\/wp\/v2\/pages\/1064\/revisions"}],"predecessor-version":[{"id":6216,"href":"https:\/\/moverdb.com\/fi\/wp-json\/wp\/v2\/pages\/1064\/revisions\/6216"}],"wp:attachment":[{"href":"https:\/\/moverdb.com\/fi\/wp-json\/wp\/v2\/media?parent=1064"}],"curies":[{"name":"wp","href":"https:\/\/api.w.org\/{rel}","templated":true}]}}