{"id":1060,"date":"2016-08-21T20:38:32","date_gmt":"2016-08-21T20:38:32","guid":{"rendered":"http:\/\/moverdb.com\/?page_id=1060"},"modified":"2026-01-08T15:20:47","modified_gmt":"2026-01-08T15:20:47","slug":"suddath","status":"publish","type":"page","link":"https:\/\/moverdb.com\/fi\/suddath\/","title":{"rendered":"Suddath: Sathathath: International Moving &amp; Relocations Reviews: International Moving &amp; Relocations"},"content":{"rendered":"<p>Suddath tarjoaa asiakkailleen t\u00e4yden palvelun muutto- ja varastointipalveluja sek\u00e4 kansainv\u00e4lisesti ett\u00e4 paikallisesti. Ne on lueteltu alla yhdess\u00e4 yrityksen profiilin ja arvostelujen kanssa.<\/p>\n<p><strong>Kansainv\u00e4linen muutto ja varastointi<\/strong><\/p>\n<ul>\n<li> Kotitaloustavaroiden l\u00e4hetys<\/li>\n<li> M\u00e4\u00e4r\u00e4tty liikkumisneuvoja<\/li>\n<li> Pre-move kit<\/li>\n<li> Tullin tiedotus ja neuvonta<\/li>\n<li> Kohteen tiedot<\/li>\n<li> Varastointitilat<\/li>\n<li> Arviointi tai vakuutusneuvonta<\/li>\n<\/ul>\n<p><strong>Yritysten uudelleensijoittamispolitiikka ja ohjelmien hallinta<\/strong><\/p>\n<ul>\n<li> Uudelleensijoittamispolitiikan uudelleentarkastelu ja\/tai kehitt\u00e4minen<\/li>\n<li> Politiikan hallinto<\/li>\n<li> Omistautunut, kokenut asiakaspalvelutiimi<\/li>\n<li> Laadunvarmistusohjelma, jossa on mitattavissa olevia mittareita.<\/li>\n<li> Online-yhteys tai raportointi ja l\u00e4hetysten seuranta<\/li>\n<\/ul>\n<p><strong>Muut maailmanlaajuiset liikkuvuuspalvelut<\/strong><\/p>\n<ul>\n<li> Maailmanlaajuinen politiikan vertailuanalyysi, uudelleentarkastelu ja kehitt\u00e4minen<\/li>\n<li> L\u00e4ht\u00f6- ja asunnonmyyntipalvelut<\/li>\n<li> Kustannusennusteet<\/li>\n<li> Ehdokkaan arviointi<\/li>\n<li> Vero- ja sosiaaliturvaneuvonta<\/li>\n<li> Jatkuvat toimeksiantopalvelut<\/li>\n<li> Teht\u00e4v\u00e4\u00e4 edelt\u00e4v\u00e4 matka<\/li>\n<li> Kulttuurienv\u00e4linen, liiketoimintatietoisuus ja kielikoulutus<\/li>\n<li> Auton leasing tai rahoitus<\/li>\n<li> Kouluhaku<\/li>\n<li> Palauttamisohjelma<\/li>\n<\/ul>\n<p><strong>Maailmanlaajuinen valtionhallinnon muutto ja varastointi<\/strong><\/p>\n<ul>\n<li> T\u00e4yden palvelun muutto viranomaisille ja armeijalle<\/li>\n<\/ul>\n<p><strong><a href=\"https:\/\/moverdb.com\/fi\/moving-to-the-united-states\/\" data-internallinksmanager029f6b8e52c=\"94\" title=\"Muutatko Yhdysvaltoihin? 2022 Elinkustannukset ja muuttovinkit\">US<\/a> Asuntojen muutto ja varastointi<\/strong><\/p>\n<p><strong>Yrityksen uudelleensijoittaminen<\/strong><\/p>\n<ul>\n<li> Politiikan arviointi ja kuuleminen<\/li>\n<li> Muuton hallinta<\/li>\n<li> Ryhm\u00e4n siirrot<\/li>\n<li> Yksi yhteyspiste<\/li>\n<li> Kotitaloustavaroiden kuljetus<\/li>\n<li> Muut muuttopalvelut (mukaan lukien kiinteist\u00f6ihin liittyv\u00e4t palvelut, asuntolainat, asunnon etsiminen, kohdepalvelut).<\/li>\n<\/ul>\n<p><strong>Asuminen, yksityinen muutto<\/strong><\/p>\n<ul>\n<li> Arvio ennen muuttoa<\/li>\n<li> Oma muuttokoordinaattori<\/li>\n<li> Pakkauspalvelut (l\u00e4ht\u00f6- ja m\u00e4\u00e4r\u00e4paikassa)<\/li>\n<li> Pakkaustarvikkeet<\/li>\n<li> L\u00e4hetyksen seuranta<\/li>\n<li> Varastointipalvelut<\/li>\n<li> Muutto ja kiinteist\u00f6ihin liittyv\u00e4t palvelut<\/li>\n<\/ul>\n<h2>Suddath Yrityksen profiili<\/h2>\n<p>Suddath, Suddath Van Lines ja Suddath Relocations Systems ovat yritysperhe, joka aloitti toimintansa vuonna 1919 Jacksonvilless\u00e4, <a href=\"https:\/\/moverdb.com\/fi\/moving-to-the-united-states\/moving-to-florida\/\" data-internallinksmanager029f6b8e52c=\"331\" title=\"Muutto Floridaan? 2023 Elinkustannukset ja muuttovinkit\">Florida<\/a> Carl Suddath, joka perusti yrityksen yhdell\u00e4 pakettiautolla, kahdella muulilla ja kahdella matkailuautolla palvelemaan uutta elokuvateollisuutta. Yrityksell\u00e4 on nyt toimistoja Yhdysvalloissa ja <a href=\"https:\/\/moverdb.com\/fi\/moving-to-canada\/\" data-internallinksmanager029f6b8e52c=\"265\" title=\"Muutto Kanadaan? 2023 Elinkustannukset ja muuttovinkit\">Kanada<\/a> ja laaja agenttiverkosto maailmanlaajuisesti.<\/p>\n<p>Suddath hoitaa vuosittain yli 75 000 kansainv\u00e4list\u00e4 ja paikallista muuttoa yksityishenkil\u00f6ille, yrityksille, viranomaisille ja armeijalle. <\/p>\n<p>He ylpeilev\u00e4t sill\u00e4, ett\u00e4 heid\u00e4n t\u00e4rkeimpi\u00e4 asiakkaitaan ovat Fortune 500 -yritykset sek\u00e4 Yhdysvaltain hallitus. Suddath tarjoaa t\u00e4yden palvelun ensimm\u00e4isest\u00e4 tarjouksesta pakkausten purkamiseen ja muuttoihin.<\/p>\n<p>Suddathilla on seuraavat akkreditoinnit ja sidonnaisuudet:<\/p>\n<ul>\n<li> <a href=\"https:\/\/moverdb.com\/fi\/fidi-faim\/\">FIDI<\/a><\/li>\n<li> Overseas Moving Network International (Overseas Moving Network International, OMNI)<\/li>\n<li> <a href=\"https:\/\/moverdb.com\/fi\/olen\/\">Kansainv\u00e4linen muuttajien liitto<\/a> (<a href=\"https:\/\/moverdb.com\/fi\/iam\/\" data-internallinksmanager029f6b8e52c=\"23\" title=\"Kansainv\u00e4linen muuttajien liitto (IAM) selitetty\">IAM<\/a>)<\/li>\n<li> <a href=\"https:\/\/moverdb.com\/fi\/lacma\/\" target=\"_blank\" rel=\"noopener\">Latinalaisen Amerikan ja Karibian alueen kansainv\u00e4listen muuttajien yhdistys<\/a> (<a href=\"https:\/\/moverdb.com\/fi\/lacma\/\" data-internallinksmanager029f6b8e52c=\"28\" title=\"Latinalaisen Amerikan ja Karibian alueen kansainv\u00e4listen muuttajien yhdistys (LACMA)\">LACMA<\/a>)<\/li>\n<li> Pan American International Movers Association (PAIMA)<\/li>\n<li> <a href=\"https:\/\/moverdb.com\/fi\/british-association-of-removers\/\" target=\"_blank\" rel=\"noopener\">British Association of Removers<\/a> (<a href=\"https:\/\/moverdb.com\/fi\/british-association-of-removers\/\" data-internallinksmanager029f6b8e52c=\"9\" title=\"British Association of Removers (BAR) selitetty\">BAR<\/a>)<\/li>\n<li> <a href=\"https:\/\/moverdb.com\/fi\/tyontekijan-uudelleensijoitusneuvosto\/\" target=\"_blank\" rel=\"noopener\">Maailmanlaajuinen ERC<\/a><\/li>\n<li> Henkil\u00f6st\u00f6voimavarojen johtamisen yhdistys (SHRM)<\/li>\n<li> Terrorismin vastainen asiakaskumppanuus (C-TPAT)<\/li>\n<li> <a href=\"https:\/\/moverdb.com\/fi\/iata\/\" target=\"_blank\" rel=\"noopener\">IATA<\/a><\/li>\n<li> Better Business Bureau (BBB)<\/li>\n<li> ISO 9001-2008<\/li>\n<li> Brookfield Global Relocation Services<\/li>\n<li> <a href=\"https:\/\/moverdb.com\/fi\/fidi-faim\/\" data-internallinksmanager029f6b8e52c=\"16\" title=\"FIDI &amp; FAIM (FIDI Accredited International Mover) selitettyin\u00e4\">FAIM<\/a> Plus<\/li>\n<li> Sertifioitu toimistomuuttaja - International Office Moving Institute - Kansainv\u00e4linen toimistomuuttoinstituutti<\/li>\n<li> <a href=\"https:\/\/moverdb.com\/fi\/vanne-promover\/\" target=\"_blank\" rel=\"noopener\">ProMover<\/a><\/li>\n<li> General Services Administration (GSA)<\/li>\n<\/ul>\n<p><strong>Suddath Moving Arvostelut<\/strong><\/p>\n<p><strong>Positiivinen:<\/strong><\/p>\n<ul>\n<li> <em>\"He auttoivat minua muuttoprosessini jokaisessa vaiheessa.\"<\/em> - Alan H kautta <a href=\"http:\/\/www.yelp.com\/biz\/suddath-relocation-systems-jacksonville-3?hrid=aZPhVuYjTxAl3ImKZTmp1A&#038;utm_campaign=www_review_share_popup&#038;utm_medium=copy_link&#038;utm_source=(direct)\" target=\"_blank\" rel=\"noopener\">Yelp<\/a><\/li>\n<li> <em>\"Suddath teki erinomaista ty\u00f6t\u00e4 alusta loppuun - yhteydenotosta katsastukseen, lastaukseen ja purkamiseen, ja he pysyiv\u00e4t aikataulussa. Erityiskiitos kuuluu 4 miehelle ja kuljettajalle, jotka tekiv\u00e4t raskaita nostoja.\"<\/em> - Wayne Ernest kautta <a href=\"http:\/\/reviews.birdeye.com\/suddath-relocation-systems-388913888\" target=\"_blank\" rel=\"noopener\">BirdEye<\/a> <\/li>\n<\/ul>\n<p><strong>Negatiivinen:<\/strong><\/p>\n<ul>\n<li> <em>\"Useiden s\u00e4hk\u00f6postiviestien j\u00e4lkeen Suddathin hienot ihmiset tarjosivat minulle $2,350 minun $7,500 arvosta puuttuvia esineit\u00e4.\" <\/em>Aaron C kautta <a href=\"http:\/\/www.yelp.com\/biz\/suddath-relocation-systems-jacksonville-3?hrid=NyswOKGKwwPmsuorvGtzew&#038;utm_campaign=www_review_share_popup&#038;utm_medium=copy_link&#038;utm_source=(direct)\" target=\"_blank\" rel=\"noopener\">Yelp<\/a> <\/li>\n<li> \"Olen muuttanut useita kertoja viimeisten 15 vuoden aikana, ja t\u00e4m\u00e4 oli ehdottomasti huonointa, mit\u00e4 olen n\u00e4hnyt. <a href=\"https:\/\/moverdb.com\/fi\/moving-companies\/\" data-internallinksmanager029f6b8e52c=\"79\" title=\"Top 25 Kansainv\u00e4list\u00e4 muuttoyrityksi\u00e4 verkossa\">muuttofirma<\/a> jonka kanssa olen koskaan ollut tekemisiss\u00e4.\" - Peter Burgess kautta <a href=\"http:\/\/www.mymovingreviews.com\/movers\/suddath-120#26803\" target=\"_blank\" rel=\"noopener\">MyMovingReviews.com<\/a><\/li>\n<\/ul>\n<div itemprop=\"review\" itemscope itemtype=\"http:\/\/schema.org\/Review\">\n<span itemprop=\"author\" itemscope=\"\" itemtype=\"http:\/\/schema.org\/Organization\"><span itemprop=\"name\">MoverDB.com<\/span><\/span> Verkkosivuston arvostelu <span itemprop=\"itemreviewed\" itemscope=\"\" itemtype=\"http:\/\/schema.org\/Brand\"><span itemprop=\"name\">Suddath<\/span><\/span>:<\/p>\n<ol>\n<li> Selke\u00e4t yhteystiedot verkkosivustolla (my\u00f6s puhelinnumero): <strong>Kyll\u00e4<\/strong><\/li>\n<li> Helppo saada <a href=\"https:\/\/moverdb.com\/fi\/lainauksia\/\">kansainv\u00e4liset muutto tarjoukset<\/a>? (Online-arviolomake): <strong>Kyll\u00e4<\/strong><\/li>\n<li> Selke\u00e4t tiedot verkkosivustolla: <strong>Osittain<\/strong>, Sivustolla on monia sivuja, mutta suurin osa tiedoista on melko yleisi\u00e4.<\/li>\n<li> J\u00e4senyys kansainv\u00e4lisiss\u00e4 tunnustetuissa liikkuvissa j\u00e4rjest\u00f6iss\u00e4: <strong>Kyll\u00e4<\/strong>, monet, ks. edell\u00e4<\/li>\n<li> Luettelo asiakkaista ja\/tai aiempien asiakkaiden suosittelut: <strong>Joitakin,<\/strong> on tapaustutkimuksia, mutta ei yksityiskohtaisia arvosteluja tai suositteluja.<\/li>\n<\/ol>\n<div itemprop=\"reviewRating\" itemscope itemtype=\"http:\/\/schema.org\/Rating\"><meta itemprop=\"worstRating\" content = \"0\" \/><meta itemprop=\"bestRating\" content=\"5\" \/><meta itemprop=\"ratingValue\" content=\"4\"><\/div>\n<p><strong>Yleisarvosana: 4\/5<\/strong><br \/>\n<strong>Tarkistusp\u00e4iv\u00e4:<\/strong> <span itemprop=\"datePublished\" content=\"2016-08-21\">21\/08\/2016<\/span>\n<\/div>\n<p>Lue lis\u00e4\u00e4 <a href=\"https:\/\/moverdb.com\/fi\/muuttoyritykset\/\">kansainv\u00e4liset muuttajat<\/a>, <a href=\"https:\/\/moverdb.com\/fi\/us-canada-movers\/\">Pohjois-Amerikan muuttajat<\/a> ja meid\u00e4n <a href=\"https:\/\/moverdb.com\/fi\/arvostelut\/\">tarkistusprosessi<\/a>.<\/p>\n<p><strong>Verkkosivusto:<\/strong> <a href=\"http:\/\/suddath.com\" target=\"_blank\" rel=\"noopener\">http:\/\/suddath.com<\/a><\/p>","protected":false},"excerpt":{"rendered":"<p>Suddath offers its clients full service moving and storage both internationally and locally. These are listed below, together with a company profile and reviews. International Moving and Storage Shipment of household goods Assigned move counsellor Pre-move kit Customs information and counselling Destination information Storage facilities Valuation or insurance counselling Corporate relocation policy and program management [&hellip;]<\/p>\n","protected":false},"author":1,"featured_media":0,"parent":0,"menu_order":0,"comment_status":"closed","ping_status":"closed","template":"","meta":{"_genesis_hide_title":false,"_genesis_hide_breadcrumbs":false,"_genesis_hide_singular_image":false,"_genesis_hide_footer_widgets":false,"_genesis_custom_body_class":"","_genesis_custom_post_class":"","_genesis_layout":"","footnotes":""},"class_list":{"0":"post-1060","1":"page","2":"type-page","3":"status-publish","5":"entry"},"_links":{"self":[{"href":"https:\/\/moverdb.com\/fi\/wp-json\/wp\/v2\/pages\/1060","targetHints":{"allow":["GET"]}}],"collection":[{"href":"https:\/\/moverdb.com\/fi\/wp-json\/wp\/v2\/pages"}],"about":[{"href":"https:\/\/moverdb.com\/fi\/wp-json\/wp\/v2\/types\/page"}],"author":[{"embeddable":true,"href":"https:\/\/moverdb.com\/fi\/wp-json\/wp\/v2\/users\/1"}],"replies":[{"embeddable":true,"href":"https:\/\/moverdb.com\/fi\/wp-json\/wp\/v2\/comments?post=1060"}],"version-history":[{"count":6,"href":"https:\/\/moverdb.com\/fi\/wp-json\/wp\/v2\/pages\/1060\/revisions"}],"predecessor-version":[{"id":6242,"href":"https:\/\/moverdb.com\/fi\/wp-json\/wp\/v2\/pages\/1060\/revisions\/6242"}],"wp:attachment":[{"href":"https:\/\/moverdb.com\/fi\/wp-json\/wp\/v2\/media?parent=1060"}],"curies":[{"name":"wp","href":"https:\/\/api.w.org\/{rel}","templated":true}]}}