{"id":1059,"date":"2016-08-21T14:56:28","date_gmt":"2016-08-21T14:56:28","guid":{"rendered":"http:\/\/moverdb.com\/?page_id=1059"},"modified":"2026-01-08T14:47:35","modified_gmt":"2026-01-08T14:47:35","slug":"arpin-van-lines","status":"publish","type":"page","link":"https:\/\/moverdb.com\/fi\/arpin-van-lines\/","title":{"rendered":"Arpin Van Lines: Arpin Moving Services: Moving Services &amp; Reviews"},"content":{"rendered":"<p>Arpin Van Lines sijaitsee West Warwickissa, RI:ss\u00e4, ja se tarjoaa asiakkailleen laajan valikoiman palveluja sek\u00e4 kansainv\u00e4lisesti ett\u00e4 paikallisesti. N\u00e4m\u00e4 palvelut on lueteltu alla yhdess\u00e4 yrityksen profiilin ja arvostelujen kanssa. Kansainv\u00e4lisi\u00e4 muuttoja hoitaa my\u00f6s <a href=\"https:\/\/moverdb.com\/fi\/arpin-international\/\">Arpin International<\/a>.<\/p>\n<p><strong>Kansainv\u00e4liset muutot<\/strong><\/p>\n<ul>\n<li> Monikulttuurinen ja monikielinen henkil\u00f6kunta<\/li>\n<li> Omistettu kansainv\u00e4lisen muuton koordinaattori<\/li>\n<li> Ovelta ovelle<\/li>\n<li> Pakkaaminen ja purkaminen<\/li>\n<li> Huonekalujen ja\/tai tavaroiden purkaminen ja kokoaminen uudelleen.<\/li>\n<li> Apu tulliasioissa<\/li>\n<li> Rajat ylitt\u00e4v\u00e4t siirrot - <a href=\"https:\/\/moverdb.com\/fi\/moving-to-canada\/\" data-internallinksmanager029f6b8e52c=\"265\" title=\"Muutto Kanadaan? 2023 Elinkustannukset ja muuttovinkit\">Kanada<\/a><\/li>\n<\/ul>\n<p><strong>GSA ja sotilaalliset siirrot<\/strong><\/p>\n<ul>\n<li> Sotilaallinen<\/li>\n<li> Hallitus\/GSA<\/li>\n<li> Veteraani liikkuu<\/li>\n<li> Sotilaallinen muodonmuutos<\/li>\n<\/ul>\n<p><strong>Kotitalouksien muutot<\/strong><\/p>\n<ul>\n<li> Paikalliset siirrot<\/li>\n<li> Pitk\u00e4n matkan siirrot<\/li>\n<li> Seniorien siirtymiset<\/li>\n<li> Pieni siirtoratkaisu<\/li>\n<\/ul>\n<p><strong>Varastointi<\/strong><\/p>\n<ul>\n<li> Pitk\u00e4ll\u00e4 aikav\u00e4lill\u00e4<\/li>\n<li> Lyhyell\u00e4 aikav\u00e4lill\u00e4<\/li>\n<li> Joitakin ilmastoituja varastoja<\/li>\n<li> Konttipohjainen varastointi<\/li>\n<\/ul>\n<h2>Arpin Van Lines Yrityksen profiili<\/h2>\n<p>Arpin Van Lines perustettiin vuonna 1900, joten se on muuttanut ihmisi\u00e4 ja yrityksi\u00e4 yli 100 vuoden ajan ja on edelleen perheyritys. <\/p>\n<p>Yritys on ylpe\u00e4 siit\u00e4, ett\u00e4 se toteuttaa l\u00e4hes t\u00e4ydellisi\u00e4 tai t\u00e4ydellisi\u00e4 paikallisia, kauko- ja kansainv\u00e4lisi\u00e4 muuttoja. Sill\u00e4 on 385 toimistoa <a href=\"https:\/\/moverdb.com\/fi\/moving-to-the-united-states\/\" data-internallinksmanager029f6b8e52c=\"94\" title=\"Muutatko Yhdysvaltoihin? 2022 Elinkustannukset ja muuttovinkit\">Yhdysvallat<\/a> ja se on tehnyt yhteisty\u00f6t\u00e4 luotettavien huipputoimistojen kanssa maailmanlaajuisesti voidakseen tarjota lupaamansa laadun.<\/p>\n<p>Yrityksen p\u00e4\u00e4paino on liikkumisessa. Se toimii yhteisty\u00f6kumppaneina muuttoyritysten kanssa Yhdysvalloissa ja maailmanlaajuisesti. Arpin Van Lines suorittaa vuosittain noin 14 000 GSA- ja sotilassiirtoa.<\/p>\n<p>Arpin Van Lines tukee Save the Children -j\u00e4rjest\u00f6\u00e4, Habitat for Humanity -j\u00e4rjest\u00f6\u00e4 ja Audubon Society of Europe -j\u00e4rjest\u00f6\u00e4. <a href=\"https:\/\/moverdb.com\/fi\/moving-to-the-united-states\/moving-to-rhode-island\/\" data-internallinksmanager029f6b8e52c=\"450\" title=\"Muutatko Rhode Islandille? 2024 Elinkustannukset ja muuttovinkit\">Rhode Island<\/a>. Yritys noudattaa tiukkaa ymp\u00e4rist\u00f6politiikkaa, jonka ansiosta se on saanut useita palkintoja hiilijalanj\u00e4lkens\u00e4 pienent\u00e4misest\u00e4.<\/p>\n<p>Arpin Van Linesilla on seuraavat akkreditoinnit ja sidonnaisuudet:<\/p>\n<ul>\n<li> The <a href=\"https:\/\/moverdb.com\/fi\/amsa\/\">American Moving and Storage Association<\/a> (<a href=\"https:\/\/moverdb.com\/fi\/amsa\/\" data-internallinksmanager029f6b8e52c=\"5\" title=\"American Moving &amp; Storage Association (AMSA) selitetty\">AMSA<\/a>)<\/li>\n<li> <a href=\"https:\/\/moverdb.com\/fi\/tyontekijan-uudelleensijoitusneuvosto\/\">Maailmanlaajuinen ERC<\/a><\/li>\n<li> Kansallinen vanhempien liikkumisen johtajien liitto (NASMM)<\/li>\n<li> Sertifioitu <a href=\"https:\/\/moverdb.com\/fi\/vanne-promover\/\">ProMover<\/a><\/li>\n<li> Better Business Bureau (BBB) A+<\/li>\n<li> SmartWay Transport Partner<\/li>\n<li> ISSP<\/li>\n<\/ul>\n<h2>Arpin Van Lines Arvostelut<\/h2>\n<p><strong>Positiivinen:<\/strong><\/p>\n<ul>\n<li> <em>\"En ole aivan varma, miksi t\u00e4\u00e4ll\u00e4 on niin paljon huonoja arvosteluja, mutta minulla oli toisaalta erinomainen kokemus! Se saattoi johtua paikallisesta tyt\u00e4ryhti\u00f6st\u00e4, joka hoiti muuton tai yrityksen maineesta. Oli miten oli, kokemukseni oli fantastinen alusta loppuun!\"<\/em> - Jay Cee kautta <a href=\"http:\/\/www.yelp.com\/biz\/arpin-van-lines-west-warwick-2?hrid=OS55XvTTjsx1-lntFW5mvw&#038;utm_campaign=www_review_share_popup&#038;utm_medium=copy_link&#038;utm_source=(direct)\" target=\"_blank\" rel=\"noopener\">Yelp<\/a><\/li>\n<li> \"T\u00e4ytyy sanoa, ett\u00e4 Arpin Van Linesin miehet tekiv\u00e4t todella uskomatonta ty\u00f6t\u00e4 puolestamme. He olivat t\u00e4sm\u00e4lleen ajoissa, kun lupasivat tulla, ja he vain tekiv\u00e4t koko muuton niin hyvin helpoksi.\"<\/em> - Emmanuel P. kautta <a href=\"https:\/\/www.customerlobby.com\/reviews\/28943\/arpin-van-lines-inc\/review\/877013\" target=\"_blank\" rel=\"noopener\">Asiakkaan aula<\/a> <\/li>\n<li> <em>\"Halusin vain sanoa, kuinka tyytyv\u00e4inen ja tyytyv\u00e4inen olin muuttoon.  Toimisto k\u00e4vi tarkistamassa, miten asiat sujuvat minun ja perheeni kannalta, ja he todella v\u00e4littiv\u00e4t minusta.\"<\/em> - Yuriko Sprott kautta <a href=\"http:\/\/www.mymovingreviews.com\/movers\/arpin-van-lines-664#39723\" target=\"_blank\" rel=\"noopener\">MyMovingReviews.com<\/a> <\/li>\n<\/ul>\n<p><strong>Negatiivinen:<\/strong><\/p>\n<ul>\n<li> \"<em>Muutimme <a href=\"https:\/\/moverdb.com\/fi\/moving-to-the-united-states\/moving-to-illinois\/\" data-internallinksmanager029f6b8e52c=\"401\" title=\"Muutto Illinoisiin? 2023 Elinkustannukset ja muuttovinkit\">Illinois<\/a> Sacramentoon, ja kokemus oli KAMALA.\" <\/em>John W kautta <a href=\"http:\/\/www.yelp.com\/biz\/arpin-van-lines-west-warwick-2?hrid=_dchwV9PFPdLsH2-htD5dA&#038;utm_campaign=www_review_share_popup&#038;utm_medium=copy_link&#038;utm_source=(direct)\" target=\"_blank\" rel=\"noopener\">Yelp<\/a><\/li>\n<li> <em>\"Sanat eiv\u00e4t voi ilmaista, kuinka toivon, ettette k\u00e4yt\u00e4 t\u00e4t\u00e4 yrityst\u00e4. Olemme tehneet 7 siirtoa osavaltiosta toiseen mieheni ty\u00f6n vuoksi, enk\u00e4 ole koskaan n\u00e4hnyt t\u00e4llaista ep\u00e4p\u00e4tevyytt\u00e4.\"<\/em> - Marci R. kautta <a href=\"https:\/\/www.customerlobby.com\/reviews\/28943\/arpin-van-lines-inc\/review\/854697\" target=\"_blank\" rel=\"noopener\">Asiakkaan aula<\/a><\/li>\n<li> <em>\"Mist\u00e4 aloittaisin... Kesti 2 viikkoa saada tarjous, he ovat t\u00e4ll\u00e4 hetkell\u00e4 3 p\u00e4iv\u00e4\u00e4 my\u00f6h\u00e4ss\u00e4, ja minun ja raskaana olevan vaimoni on nukuttava puhalluspatjalla pukukotelon kanssa, kunnes he saapuvat.\"<\/em> - Mmonahan kautta <a href=\"http:\/\/www.mymovingreviews.com\/movers\/arpin-van-lines-664#55388\" target=\"_blank\" rel=\"noopener\">MyMovingReviews.com<\/a> <\/li>\n<\/ul>\n<div itemprop=\"review\" itemscope itemtype=\"http:\/\/schema.org\/Review\">\n<span itemprop=\"author\" itemscope=\"\" itemtype=\"http:\/\/schema.org\/Organization\"><span itemprop=\"name\">MoverDB.com<\/span><\/span> Verkkosivuston arvostelu <span itemprop=\"itemreviewed\" itemscope=\"\" itemtype=\"http:\/\/schema.org\/Brand\"><span itemprop=\"name\">Arpin Van Lines<\/span><\/span>:<\/p>\n<ol>\n<li> Selke\u00e4t yhteystiedot verkkosivustolla (my\u00f6s puhelinnumero): <strong>Kyll\u00e4<\/strong><\/li>\n<li> Helppo saada <a href=\"https:\/\/moverdb.com\/fi\/lainauksia\/\">kansainv\u00e4liset muutto tarjoukset<\/a>? (Online-arviolomake): <strong>Kyll\u00e4<\/strong><\/li>\n<li> Selke\u00e4t tiedot verkkosivustolla: <strong>Kyll\u00e4,<\/strong> verkkosivustolla on oppaita ja videoita.<\/li>\n<li> J\u00e4senyys kansainv\u00e4lisiss\u00e4 tunnustetuissa liikkuvissa j\u00e4rjest\u00f6iss\u00e4: <strong>Kyll\u00e4<\/strong>, (ks. edell\u00e4)<\/li>\n<li> Luettelo asiakkaista ja\/tai aiempien asiakkaiden suosittelut. <strong>Osittain<\/strong> He listaavat asiakkaiden suosittelut Customer Lobbyn kautta, ks. edell\u00e4.<\/li>\n<\/ol>\n<div itemprop=\"reviewRating\" itemscope itemtype=\"http:\/\/schema.org\/Rating\"><meta itemprop=\"worstRating\" content = \"0\" \/><meta itemprop=\"bestRating\" content=\"5\" \/><meta itemprop=\"ratingValue\" content=\"4\"><\/div>\n<p><strong>Yleisarvosana: 4\/5<\/strong><br \/>\n<strong>Tarkistusp\u00e4iv\u00e4:<\/strong> <span itemprop=\"datePublished\" content=\"2016-08-21\">21\/08\/2016<\/span>\n<\/div>\n<p>Lue lis\u00e4\u00e4 <a href=\"https:\/\/moverdb.com\/fi\/muuttoyritykset\/\">kansainv\u00e4liset muuttajat<\/a>, <a href=\"https:\/\/moverdb.com\/fi\/us-canada-movers\/\">Yhdysvaltalaiset muuttajat<\/a> ja meid\u00e4n <a href=\"https:\/\/moverdb.com\/fi\/arvostelut\/\">tarkistusprosessi<\/a>.<\/p>\n<p><strong>Verkkosivusto:<\/strong> <a href=\"http:\/\/www.arpin.com\" target=\"_blank\" rel=\"noopener\">http:\/\/www.arpin.com<\/a><\/p>","protected":false},"excerpt":{"rendered":"<p>Arpin Van Lines is based in West Warwick, RI and offers its customers a wide range of services both internationally and locally. These services are listed below, together with a company profile and reviews. International moves are also handled by Arpin International. International Moves Multicultural and multilingual staff Dedicated international move coordinator Door to door [&hellip;]<\/p>\n","protected":false},"author":1,"featured_media":0,"parent":0,"menu_order":0,"comment_status":"closed","ping_status":"closed","template":"","meta":{"_genesis_hide_title":false,"_genesis_hide_breadcrumbs":false,"_genesis_hide_singular_image":false,"_genesis_hide_footer_widgets":false,"_genesis_custom_body_class":"","_genesis_custom_post_class":"","_genesis_layout":"","footnotes":""},"class_list":{"0":"post-1059","1":"page","2":"type-page","3":"status-publish","5":"entry"},"_links":{"self":[{"href":"https:\/\/moverdb.com\/fi\/wp-json\/wp\/v2\/pages\/1059","targetHints":{"allow":["GET"]}}],"collection":[{"href":"https:\/\/moverdb.com\/fi\/wp-json\/wp\/v2\/pages"}],"about":[{"href":"https:\/\/moverdb.com\/fi\/wp-json\/wp\/v2\/types\/page"}],"author":[{"embeddable":true,"href":"https:\/\/moverdb.com\/fi\/wp-json\/wp\/v2\/users\/1"}],"replies":[{"embeddable":true,"href":"https:\/\/moverdb.com\/fi\/wp-json\/wp\/v2\/comments?post=1059"}],"version-history":[{"count":7,"href":"https:\/\/moverdb.com\/fi\/wp-json\/wp\/v2\/pages\/1059\/revisions"}],"predecessor-version":[{"id":6176,"href":"https:\/\/moverdb.com\/fi\/wp-json\/wp\/v2\/pages\/1059\/revisions\/6176"}],"wp:attachment":[{"href":"https:\/\/moverdb.com\/fi\/wp-json\/wp\/v2\/media?parent=1059"}],"curies":[{"name":"wp","href":"https:\/\/api.w.org\/{rel}","templated":true}]}}