{"id":1058,"date":"2016-07-25T21:05:23","date_gmt":"2016-07-25T21:05:23","guid":{"rendered":"http:\/\/moverdb.com\/?page_id=1058"},"modified":"2026-01-08T14:40:09","modified_gmt":"2026-01-08T14:40:09","slug":"mayflower-transit","status":"publish","type":"page","link":"https:\/\/moverdb.com\/fi\/mayflower-transit\/","title":{"rendered":"Mayflower Transit: International Moving Services &amp; Reviews"},"content":{"rendered":"<p>Mayflower Transit tarjoaa asiakkailleen erilaisia kotimaisia ja kansainv\u00e4lisi\u00e4 muuttopalveluja, jotka on lueteltu alla. Seuraavassa on my\u00f6s yrityksen profiili ja arvosteluja.<\/p>\n<p><strong>Kansainv\u00e4liset muuttajat<\/strong><\/p>\n<p>Ennen toimeksiantoa tarjottavat palvelut<\/p>\n<ul>\n<li> Viisumi- ja maahanmuuttopalvelut<\/li>\n<li> Ennakkomatkat ja alueeseen tutustuminen<\/li>\n<li> Maa- ja kulttuuritiedot<\/li>\n<\/ul>\n<p>Muuttopalvelut<\/p>\n<ul>\n<li> Muuttoa edelt\u00e4v\u00e4 suunnittelu<\/li>\n<li> Tavaroiden kuljetus<\/li>\n<li> Muuton hallinta<\/li>\n<li> L\u00e4hetyksen seuranta<\/li>\n<\/ul>\n<p>Kansainv\u00e4liset kohdepalvelut<\/p>\n<ul>\n<li> Kulttuuri- ja kielikoulutus<\/li>\n<li> Kouluapu<\/li>\n<li> Kumppanin\/puolison tuki<\/li>\n<li> Palveluun asettuminen<\/li>\n<li> L\u00e4ht\u00f6apu<\/li>\n<\/ul>\n<p>Suojelupalvelut<\/p>\n<ul>\n<li> Painokerroin<\/li>\n<li> Arvokas varasto<\/li>\n<li> Yksil\u00f6ity, arvostettu inventaario<\/li>\n<\/ul>\n<p>Asumistuki<\/p>\n<ul>\n<li> Kodin etsint\u00e4palvelut<\/li>\n<li> V\u00e4liaikainen majoitus<\/li>\n<li> Kiinteist\u00f6jen ja vuokrasopimusten hallinta<\/li>\n<\/ul>\n<p><strong><a href=\"https:\/\/moverdb.com\/fi\/moving-to-canada\/\" data-internallinksmanager029f6b8e52c=\"265\" title=\"Muutto Kanadaan? 2023 Elinkustannukset ja muuttovinkit\">Muutto Kanadaan<\/a><\/strong><\/p>\n<ul>\n<li> Vaadittavat asiakirjat ja m\u00e4\u00e4r\u00e4ykset<\/li>\n<li> Tietoa tavaroiden l\u00e4hett\u00e4misest\u00e4<\/li>\n<li> Tietoja <a href=\"https:\/\/moverdb.com\/fi\/auto-kuljetus-kuljetus\/\">kuljetusajoneuvot<\/a><\/li>\n<\/ul>\n<p><strong>Siirtotyypit<\/strong><\/p>\n<ul>\n<li> Kotitalouksien muuttajat - lyhyet ja pitk\u00e4t matkat<\/li>\n<li> Paikalliset muuttajat<\/li>\n<li> Yritysten muuttajat<\/li>\n<li> Sotilaalliset ja julkiset muuttajat<\/li>\n<li> <a href=\"https:\/\/moverdb.com\/fi\/muuttoyritykset\/\" target=\"_blank\" rel=\"noopener\">Kansainv\u00e4liset muuttajat<\/a><\/li>\n<\/ul>\n<p><strong>Muuttopalvelut<\/strong><\/p>\n<ul>\n<li> Pakkaaminen ja purkaminen<\/li>\n<li> Liikkuva suojaus<\/li>\n<li> Autokuljetukset<\/li>\n<li> Varastointi<\/li>\n<li> Siivouspalvelu<\/li>\n<li> J\u00e4tteiden keruu<\/li>\n<li> Kotiteatterij\u00e4rjestelm\u00e4n ja\/tai tietokoneiden asennus<\/li>\n<li> Puutarhapalvelu<\/li>\n<li> Kiinteist\u00f6palvelut<\/li>\n<\/ul>\n<h2>Mayflower Transit Yrityksen profiili<\/h2>\n<p>Conrad M. Gentry ja Don F. Kenworthy perustivat Mayflower Transitin vuonna 1927 Indianapolisissa. Perustajaj\u00e4senet halusivat tarjota ihmisille vaihtoehdon tavaroidensa kuljettamiselle rautateitse. <\/p>\n<p>Toisen maailmansodan loppuun menness\u00e4 yritys oli laajentunut ja tarjosi nyt my\u00f6s palveluja, kuten yritysten ty\u00f6ntekij\u00f6iden siirtoja, muuttoja ja messujen j\u00e4rjest\u00e4mist\u00e4. <\/p>\n<p>Vuonna 1995 Mayflower Transit liittyi UniGroupiin, joka on <strong>$1,7 miljardia<\/strong> yritys, joka tarjoaa muuttoa, kuljetusta ja varastointia maailmanlaajuisesti. Mayflower Transit tarjoaa monenlaisia palveluita tee se itse -muutto- ja varastointipalveluista r\u00e4\u00e4t\u00e4l\u00f6ityihin t\u00e4yden palvelun palveluihin. <\/p>\n<p><strong>Mayflower Transitin j\u00e4senyydet ja akkreditoinnit:<\/strong><\/p>\n<ul>\n<li> Kansallinen laadunvarmistus <a href=\"https:\/\/moverdb.com\/fi\/moving-to-the-united-states\/\" data-internallinksmanager029f6b8e52c=\"94\" title=\"Muutatko Yhdysvaltoihin? 2022 Elinkustannukset ja muuttovinkit\">YHDYSVALLAT<\/a> (NQA) ISO 9001:2008<\/li>\n<li> <a href=\"https:\/\/moverdb.com\/fi\/amsa\/\">American Moving and Storage Association<\/a> (<a href=\"https:\/\/moverdb.com\/fi\/amsa\/\" data-internallinksmanager029f6b8e52c=\"5\" title=\"American Moving &amp; Storage Association (AMSA) selitetty\">AMSA<\/a>) - <a href=\"https:\/\/moverdb.com\/fi\/vanne-promover\/\">ProMover<\/a><\/li>\n<\/ul>\n<h2>Mayflower Transit Arvostelut<\/h2>\n<p><strong>Positiivinen:<\/strong><\/p>\n<ul>\n<li> \"<em>He tulivat paikalle ajoissa, saapuivat uuteen osoitteeseemme ajoissa, ja lopullinen hinta, jonka maksoimme, oli t\u00e4sm\u00e4lleen se, mit\u00e4 he tarjosivat meille alusta alkaen!!! \"<\/em> - Paul I kautta <a href=\"http:\/\/www.mymovingreviews.com\/movers\/mayflower-movers-181#38117\" target=\"_blank\" rel=\"noopener\">MyMovingReviews.com<\/a> <\/li>\n<li> \"<em>He tekiv\u00e4t meille erinomaista ty\u00f6t\u00e4 asettaessaan s\u00e4ngyt ja kootessaan uudelleen huonekalut, jotka oli purettava pakkaamista varten. Vaimoni ja min\u00e4 olimme molemmat eritt\u00e4in tyytyv\u00e4isi\u00e4 siihen, miten meid\u00e4t siirrettiin.\"<\/em> - Jon kautta <a href=\"https:\/\/www.consumeraffairs.com\/movers\/mayflower.html?page=3\" target=\"_blank\" rel=\"noopener\">Kuluttaja-asiat<\/a> <\/li>\n<\/ul>\n<p><strong>Negatiivinen:<\/strong><\/p>\n<ul>\n<li> \"<em>Jos voisin antaa 0 t\u00e4hte\u00e4, antaisin ehdottomasti.\"<\/em> - Bill M. kautta <a href=\"http:\/\/www.mymovingreviews.com\/movers\/mayflower-movers-181#41675\" target=\"_blank\" rel=\"noopener\">MyMovingReviews.com<\/a><\/li>\n<li> \"<em>Olisimmepa lukeneet arvostelut ennen muuttoamme. Kokemus oli kauhea alusta loppuun\" <\/em> - Alison kautta <a href=\"https:\/\/www.consumeraffairs.com\/movers\/mayflower.html?page=3\" target=\"_blank\" rel=\"noopener\">Kuluttaja-asiat<\/a><\/li>\n<\/ul>\n<div itemprop=\"review\" itemscope itemtype=\"http:\/\/schema.org\/Review\">\n<span itemprop=\"author\" itemscope=\"\" itemtype=\"http:\/\/schema.org\/Organization\"><span itemprop=\"name\">MoverDB.com<\/span><\/span> Verkkosivuston arvostelu <span itemprop=\"itemreviewed\" itemscope=\"\" itemtype=\"http:\/\/schema.org\/Brand\"><span itemprop=\"name\">Mayflower Transit<\/span><\/span>:<\/p>\n<ol>\n<li> Selke\u00e4t yhteystiedot verkkosivustolla (my\u00f6s puhelinnumero): <strong>Kyll\u00e4<\/strong><\/li>\n<li> Helppo saada <a href=\"https:\/\/moverdb.com\/fi\/lainauksia\/\">kansainv\u00e4liset muutto tarjoukset<\/a>? (Online-arviolomake): <strong>Kyll\u00e4<\/strong><\/li>\n<li> Selke\u00e4t tiedot verkkosivustolla: <strong>Kyll\u00e4.<\/strong> Verkkosivustolla on paljon tietoa, ja lis\u00e4tietoja on saatavilla, kun pyyd\u00e4t tarjousta.<\/li>\n<li> J\u00e4senyys kansainv\u00e4lisiss\u00e4 tunnustetuissa liikkuvissa j\u00e4rjest\u00f6iss\u00e4: <strong>Kyll\u00e4<\/strong>, ks. edell\u00e4.<\/li>\n<li> Luettelo asiakkaista ja\/tai aiempien asiakkaiden suosittelut: <strong>Kyll\u00e4<\/strong>, sivustolla on monia positiivisia asiakasarvioita.<\/li>\n<\/ol>\n<div itemprop=\"reviewRating\" itemscope itemtype=\"http:\/\/schema.org\/Rating\"><meta itemprop=\"worstRating\" content = \"0\" \/><meta itemprop=\"bestRating\" content=\"5\" \/><meta itemprop=\"ratingValue\" content=\"4.5\"><\/div>\n<p><strong>Yleisarvosana: 4.5\/5<\/strong><br \/>\n<strong>Tarkistusp\u00e4iv\u00e4:<\/strong> <span itemprop=\"datePublished\" content=\"2016-07-25\">25\/07\/2016<\/span>\n<\/div>\n<p>Lue lis\u00e4\u00e4 <a href=\"https:\/\/moverdb.com\/fi\/muuttoyritykset\/\">kansainv\u00e4liset muuttofirmat<\/a>, <a href=\"https:\/\/moverdb.com\/fi\/us-canada-movers\/\">Yhdysvaltain kotimaiset muuttajat<\/a> ja tutustu tarkemmin <a href=\"https:\/\/moverdb.com\/fi\/arvostelut\/\">tarkistusprosessi<\/a>.<\/p>\n<p><strong>Verkkosivusto:<\/strong> <a href=\"http:\/\/www.mayflower.com\/\" target=\"_blank\" rel=\"noopener\">http:\/\/www.mayflower.com<\/a><\/p>","protected":false},"excerpt":{"rendered":"<p>Mayflower Transit offers its customers a range of domestic and international moving services, which are listed below. There also follows a company profile and reviews. International Movers Pre-assignment Services Visa and immigration services Preview trip and area orientation Country and culture information Moving Services Pre-move planning Transportation of belongings Managing the move Shipment tracking International [&hellip;]<\/p>\n","protected":false},"author":1,"featured_media":0,"parent":0,"menu_order":0,"comment_status":"closed","ping_status":"closed","template":"","meta":{"_genesis_hide_title":false,"_genesis_hide_breadcrumbs":false,"_genesis_hide_singular_image":false,"_genesis_hide_footer_widgets":false,"_genesis_custom_body_class":"","_genesis_custom_post_class":"","_genesis_layout":"","footnotes":""},"class_list":{"0":"post-1058","1":"page","2":"type-page","3":"status-publish","5":"entry"},"_links":{"self":[{"href":"https:\/\/moverdb.com\/fi\/wp-json\/wp\/v2\/pages\/1058","targetHints":{"allow":["GET"]}}],"collection":[{"href":"https:\/\/moverdb.com\/fi\/wp-json\/wp\/v2\/pages"}],"about":[{"href":"https:\/\/moverdb.com\/fi\/wp-json\/wp\/v2\/types\/page"}],"author":[{"embeddable":true,"href":"https:\/\/moverdb.com\/fi\/wp-json\/wp\/v2\/users\/1"}],"replies":[{"embeddable":true,"href":"https:\/\/moverdb.com\/fi\/wp-json\/wp\/v2\/comments?post=1058"}],"version-history":[{"count":7,"href":"https:\/\/moverdb.com\/fi\/wp-json\/wp\/v2\/pages\/1058\/revisions"}],"predecessor-version":[{"id":13174,"href":"https:\/\/moverdb.com\/fi\/wp-json\/wp\/v2\/pages\/1058\/revisions\/13174"}],"wp:attachment":[{"href":"https:\/\/moverdb.com\/fi\/wp-json\/wp\/v2\/media?parent=1058"}],"curies":[{"name":"wp","href":"https:\/\/api.w.org\/{rel}","templated":true}]}}