{"id":1057,"date":"2016-08-21T14:07:37","date_gmt":"2016-08-21T14:07:37","guid":{"rendered":"http:\/\/moverdb.com\/?page_id=1057"},"modified":"2026-01-08T15:20:46","modified_gmt":"2026-01-08T15:20:46","slug":"stevens-worldwide-van-lines","status":"publish","type":"page","link":"https:\/\/moverdb.com\/fi\/stevens-worldwide-van-lines\/","title":{"rendered":"Stevens Worldwide Van Lines: International Moving Reviews"},"content":{"rendered":"<p>Stevens Worldwide Van Linesin kotipaikka on Saginaw MI. Yritys tarjoaa asiakkailleen laajan valikoiman palveluja, jotka on lueteltu alla. Siit\u00e4 seuraa my\u00f6s yrityksen profiili ja arvosteluja.<\/p>\n<p><strong>Kansainv\u00e4linen muuttaminen<\/strong><\/p>\n<ul>\n<li> Henkil\u00f6kohtaisen kotitalouden muutto<\/li>\n<li> Puolustusministeri\u00f6n kansainv\u00e4liset muutot<\/li>\n<li> GSA:n kansainv\u00e4linen muuttoliike<\/li>\n<li> Yritysten muutto<\/li>\n<li> <a href=\"https:\/\/moverdb.com\/fi\/huolitsija\/\">Rahdin huolinta<\/a><\/li>\n<li> T\u00e4ydellinen ovelta ovelle -palvelu<\/li>\n<li> Stevensin kansainv\u00e4lisen muuton asiantuntijat jokaiseen maahan.<\/li>\n<li> Auttaa m\u00e4\u00e4ritt\u00e4m\u00e4\u00e4n asiakkaan tarpeet<\/li>\n<li> Selit\u00e4 kaikki saatavilla olevat kansainv\u00e4liset muutto- ja siirtopalvelut, kuten pakkaaminen, siirt\u00e4minen ja huolinta, <a href=\"https:\/\/moverdb.com\/fi\/konttikuljetukset\/\">l\u00e4hetys<\/a>, varastointi ja vakuutus<\/li>\n<li> hahmottele Stevens Internationalin velvollisuudet ja asiakkaan vastuut ennen siirtoa, sen aikana ja sen j\u00e4lkeen.<\/li>\n<li> Tarjoa <a href=\"https:\/\/moverdb.com\/fi\/lainauksia\/\">tarkka arvio<\/a><\/li>\n<li> Suunnittele kaikki muuton logistiikka<\/li>\n<li> Neuvottele <a href=\"https:\/\/moverdb.com\/fi\/muuttokustannukset\/\">parhaat hinnat<\/a><\/li>\n<li> valvoa kuljetusliikkeit\u00e4 ja asiamiehi\u00e4 ja seurata jokaista siirtovaihetta.<\/li>\n<li> Varmista, ett\u00e4 kaikki asiakirjat on t\u00e4ytetty ja toimitettu t\u00e4sm\u00e4llisesti ja ajallaan.<\/li>\n<li> Vastuu l\u00e4hetyksen huollosta s\u00e4ilyy kuljetuskonsultin tai ulkomaisen edustajan ohjeiden mukaisesti.<\/li>\n<li> l\u00e4hetet\u00e4\u00e4n asianmukainen materiaali, ty\u00f6voima ja laitteet<\/li>\n<\/ul>\n<p><strong>Stevens International Relocation -koordinaattorit<\/strong><\/p>\n<ul>\n<li> ovat kokeneita kansainv\u00e4lisess\u00e4 huolinta- ja siirtoalalla.<\/li>\n<li> monikielisyysvalmiudet<\/li>\n<li> tuntevat tullis\u00e4\u00e4nn\u00f6kset ja muut t\u00e4rke\u00e4t tiedot ja voivat auttaa asiakirjojen k\u00e4sittelyss\u00e4 ja prosessoinnissa.<\/li>\n<li> Yhden palvelun valvonnan tarjoaminen<\/li>\n<li> Tarjota neuvontaa ennen muuttoa ja jatkuvaa neuvontaa.<\/li>\n<li> Voi auttaa kohdemaata ja tullia koskevissa tiedoissa<\/li>\n<li> Jatkuva viestint\u00e4 ja palvelun seuranta<\/li>\n<li> Noudatetaan selke\u00e4sti m\u00e4\u00e4riteltyj\u00e4 valmistus- ja k\u00e4sittelymenettelyj\u00e4<\/li>\n<li> kattavien, nopeutettujen ja oikeudenmukaisten korvausvaatimusten ratkaisuk\u00e4yt\u00e4nt\u00f6jen hy\u00f6dynt\u00e4minen.<\/li>\n<\/ul>\n<p><strong>Kotitalouksien muuttaminen<\/strong><\/p>\n<ul>\n<li> Paikallinen muuttaminen<\/li>\n<li> Osavaltion ulkopuolella liikkuvat<\/li>\n<li> Pitk\u00e4n matkan siirt\u00e4minen<\/li>\n<li> Valtion sis\u00e4inen muuttoliike<\/li>\n<li> Maata pitkin liikkuvat<\/li>\n<li> Pienten siirtojen ohjelma<\/li>\n<li> Pakkaaminen ja purkaminen<\/li>\n<li> Toimitetut laatikot ja pakkausmateriaalit<\/li>\n<li> Lyhyt- ja pitk\u00e4aikainen varastointi saatavilla<\/li>\n<\/ul>\n<p><strong>Yritysten muutto<\/strong><\/p>\n<ul>\n<li> T\u00e4ysi palvelu saatavilla<\/li>\n<li> Erityinen siirtokonsultti<\/li>\n<li> Tietokonej\u00e4rjestelmien siirt\u00e4minen<\/li>\n<li> Projektinhallinta<\/li>\n<li> Toimisto- ja teollisuussiirrot<\/li>\n<li> Omaisuuden hallinta\/varastointi<\/li>\n<li> Kansallisen muuton hallinnointi<\/li>\n<li> MAC-palvelut<\/li>\n<li> Arkistojen hallinta<\/li>\n<li> Laitteiden siirrot<\/li>\n<li> Tiedoston siirt\u00e4minen<\/li>\n<li> Laboratorion siirrot<\/li>\n<\/ul>\n<p><strong>Valtion ja armeijan muutot<\/strong><\/p>\n<p><strong>Papiston muutto<\/strong><\/p>\n<h2>Stevens Worldwide Van Lines Yrityksen profiili<\/h2>\n<p>Frederick H. Stevens Jr. perusti Stevens Worldwide Van Lines -yhti\u00f6n vuonna 1905. H\u00e4n k\u00e4ytti yht\u00e4 hevosta ja k\u00e4rry\u00e4 matkatavaroiden siirt\u00e4miseen <a href=\"https:\/\/moverdb.com\/fi\/moving-to-the-united-states\/moving-to-michigan\/\" data-internallinksmanager029f6b8e52c=\"414\" title=\"Muutto Michiganiin? 2023 Elinkustannukset ja muuttovinkit\">Michigan<\/a> Central Passenger Depot Saginaw'ssa. Nyky\u00e4\u00e4n Stevensill\u00e4 on 125 agenttia eri puolilla <a href=\"https:\/\/moverdb.com\/fi\/moving-to-the-united-states\/\" data-internallinksmanager029f6b8e52c=\"94\" title=\"Muutatko Yhdysvaltoihin? 2022 Elinkustannukset ja muuttovinkit\">Yhdysvallat<\/a> ja kattava kansainv\u00e4linen osasto. Yrityksess\u00e4 on nelj\u00e4nnen ja viidennen sukupolven Stevensin johtoteht\u00e4viss\u00e4 toimivia henkil\u00f6it\u00e4.<\/p>\n<p>Stevens Worldwide Van Lines kuljettaa kotitalouksia, yrityksi\u00e4, hallituksen ja armeijan henkil\u00f6st\u00f6\u00e4 sek\u00e4 papistoa Yhdysvalloissa ja ymp\u00e4ri maailmaa. Yritys on toteuttanut monia vihreit\u00e4 aloitteita hiilijalanj\u00e4lkens\u00e4 pienent\u00e4miseksi. Se tukee my\u00f6s erilaisia hyv\u00e4ntekev\u00e4isyysj\u00e4rjest\u00f6j\u00e4 sek\u00e4 kansainv\u00e4lisesti ett\u00e4 paikallisesti.<\/p>\n<p>Stevens Worldwide Van Linesilla on seuraavat akkreditoinnit ja sidonnaisuudet:<\/p>\n<ul>\n<li> ISO 9001<\/li>\n<li> <a href=\"https:\/\/moverdb.com\/fi\/fidi-faim\/\">FIDI<\/a><\/li>\n<li> <a href=\"https:\/\/moverdb.com\/fi\/fidi-faim\/\" data-internallinksmanager029f6b8e52c=\"16\" title=\"FIDI &amp; FAIM (FIDI Accredited International Mover) selitettyin\u00e4\">FAIM<\/a><\/li>\n<li> <a href=\"https:\/\/moverdb.com\/fi\/olen\/\">Kansainv\u00e4linen muuttajien liitto<\/a> (<a href=\"https:\/\/moverdb.com\/fi\/iam\/\" data-internallinksmanager029f6b8e52c=\"23\" title=\"Kansainv\u00e4linen muuttajien liitto (IAM) selitetty\">IAM<\/a>)<\/li>\n<li> <a href=\"https:\/\/moverdb.com\/fi\/lacma\/\">Latinalaisen Amerikan ja Karibian alueen kansainv\u00e4listen muuttajien yhdistys<\/a> (<a href=\"https:\/\/moverdb.com\/fi\/lacma\/\" data-internallinksmanager029f6b8e52c=\"28\" title=\"Latinalaisen Amerikan ja Karibian alueen kansainv\u00e4listen muuttajien yhdistys (LACMA)\">LACMA<\/a>)<\/li>\n<li> <a href=\"https:\/\/moverdb.com\/fi\/amsa\/\">American Moving and Storage Association<\/a> (<a href=\"https:\/\/moverdb.com\/fi\/amsa\/\" data-internallinksmanager029f6b8e52c=\"5\" title=\"American Moving &amp; Storage Association (AMSA) selitetty\">AMSA<\/a>) - <a href=\"https:\/\/moverdb.com\/fi\/vanne-promover\/\">ProMover<\/a><\/li>\n<li> BBB A+<\/li>\n<\/ul>\n<h2>Stevens Worldwide Van Lines Arvostelut<\/h2>\n<p><strong>Positiivinen:<\/strong><\/p>\n<ul>\n<li> <em>\"Muuttokokemuksemme Stevensin kanssa oli erinomainen alusta loppuun!\"<\/em> - Martin kautta <a href=\"http:\/\/stevensworldwide.com\/testimonials\" target=\"_blank\" rel=\"noopener\">Stevensin asiakkaiden suosittelut<\/a><\/li>\n<li> \"<em>Kokemuksemme Stevens Worldwidesta oli huippuluokkaa alusta loppuun.\" <\/em> - Michael kautta <a href=\"http:\/\/www.yelp.com\/biz\/stevens-worldwide-van-lines-saginaw-4?hrid=IQoARxOFSez8PQ9c5gUSmQ&#038;utm_campaign=www_review_share_popup&#038;utm_medium=copy_link&#038;utm_source=(direct)\" target=\"_blank\" rel=\"noopener\">Yelp<\/a><\/li>\n<li> \"<em>Kokemus ylitti odotukset. Eritt\u00e4in t\u00e4rke\u00e4\u00e4 on, ett\u00e4 myyntitarjous vastasi todellista hintaa. Toiseksi, olimme hukkua pakkaamiseen. Muuttomies pyysi meit\u00e4 kertomaan tarpeemme edellisen\u00e4 p\u00e4iv\u00e4n\u00e4, ja he tarjosivat ty\u00f6voimaa, jotta kaikki saatiin tehty\u00e4. \"<\/em> - Bill Counts kautta <a href=\"http:\/\/www.mymovingreviews.com\/movers\/stevens-van-lines-825#49902\" target=\"_blank\" rel=\"noopener\">MyMovingReviews.com<\/a><\/li>\n<li> \"<em>Eritt\u00e4in yst\u00e4v\u00e4llinen henkil\u00f6kunta.\"<\/em> - Googlen k\u00e4ytt\u00e4j\u00e4 kautta <a href=\"http:\/\/reviews.birdeye.com\/stevens-worldwide-van-lines-951509696\" target=\"_blank\" rel=\"noopener\">BirdEye<\/a> <\/li>\n<\/ul>\n<p><strong>Negatiivinen:<\/strong><\/p>\n<ul>\n<li> <em>\"Yksi t\u00e4hti on heille jopa liikaa.\"<\/em> - Michael M kautta <a href=\"http:\/\/www.yelp.com\/biz\/stevens-worldwide-van-lines-saginaw-4?hrid=7erY_4bReACOHR_0idQdUQ&#038;utm_campaign=www_review_share_popup&#038;utm_medium=copy_link&#038;utm_source=(direct)\" target=\"_blank\" rel=\"noopener\">Yelp<\/a><\/li>\n<li> <em>\"Amat\u00f6\u00f6rikuljettajalla ja kolmella hy\u00f6dytt\u00f6m\u00e4ll\u00e4 apulaisella kesti 14 tuntia lastata 2 makuuhuoneen talo, jossa on kellari.\"<\/em> - Steve kautta <a href=\"http:\/\/www.mymovingreviews.com\/movers\/stevens-van-lines-825#55538\" target=\"_blank\" rel=\"noopener\">MyMovingReviews.com<\/a> <\/li>\n<li> \"<em>Meill\u00e4 ei olisi voinut olla ep\u00e4miellytt\u00e4v\u00e4mp\u00e4\u00e4 kokemusta.\"<\/em> - Brian Gibson kautta <a href=\"http:\/\/reviews.birdeye.com\/stevens-worldwide-van-lines-951509696\" target=\"_blank\" rel=\"noopener\">BirdEye<\/a> <\/li>\n<\/ul>\n<div itemprop=\"review\" itemscope itemtype=\"http:\/\/schema.org\/Review\">\n<span itemprop=\"author\" itemscope=\"\" itemtype=\"http:\/\/schema.org\/Organization\"><span itemprop=\"name\">MoverDB.com<\/span><\/span> Verkkosivuston arvostelu <span itemprop=\"itemreviewed\" itemscope=\"\" itemtype=\"http:\/\/schema.org\/Brand\"><span itemprop=\"name\">Stevens Worldwide Van Lines<\/span><\/span>:<\/p>\n<ol>\n<li> Selke\u00e4t yhteystiedot verkkosivustolla (my\u00f6s puhelinnumero): <strong>Kyll\u00e4<\/strong><\/li>\n<li> Helppo saada <a href=\"https:\/\/moverdb.com\/fi\/lainauksia\/\">kansainv\u00e4liset muutto tarjoukset<\/a>? (Online-arviolomake): <strong>Kyll\u00e4<\/strong><\/li>\n<li> Selke\u00e4t tiedot verkkosivustolla: <strong>Kyll\u00e4,<\/strong> paljon tietoa siit\u00e4, mit\u00e4 tehd\u00e4 ennen muuttoa.<\/li>\n<li> J\u00e4senyys kansainv\u00e4lisiss\u00e4 tunnustetuissa liikkuvissa j\u00e4rjest\u00f6iss\u00e4: <strong>Kyll\u00e4<\/strong>, monet ks. edell\u00e4<\/li>\n<li> Luettelo asiakkaista ja\/tai aiempien asiakkaiden suosittelut. <strong>Kyll\u00e4,<\/strong> Sivustolla on monia positiivisia asiakasarvioita ja suositteluja.<\/li>\n<\/ol>\n<div itemprop=\"reviewRating\" itemscope itemtype=\"http:\/\/schema.org\/Rating\"><meta itemprop=\"worstRating\" content = \"0\" \/><meta itemprop=\"bestRating\" content=\"5\" \/><meta itemprop=\"ratingValue\" content=\"4.5\"><\/div>\n<p><strong>Yleisarvosana: 4.5\/5<\/strong><br \/>\n<strong>Tarkistusp\u00e4iv\u00e4:<\/strong> <span itemprop=\"datePublished\" content=\"2016-08-21\">21\/08\/2016<\/span>\n<\/div>\n<p>Lue lis\u00e4\u00e4 <a href=\"https:\/\/moverdb.com\/fi\/muuttoyritykset\/\">kansainv\u00e4liset muuttofirmat<\/a>, <a href=\"https:\/\/moverdb.com\/fi\/us-canada-movers\/\">Yhdysvaltain muuttoyritykset<\/a> ja meid\u00e4n <a href=\"https:\/\/moverdb.com\/fi\/arvostelut\/\">tarkistusprosessin selitys<\/a>.<\/p>\n<p><strong>Verkkosivusto:<\/strong> <a href=\"http:\/\/stevensworldwide.com\/\" target=\"_blank\" rel=\"noopener\">http:\/\/stevensworldwide.com<\/a><\/p>","protected":false},"excerpt":{"rendered":"<p>Stevens Worldwide Van Lines is based in Saginaw MI. The company offers its customers a wide range of services which are listed below. There also follows a company profile and reviews. International Moving Personal household moving DOD international moving GSA international moving Corporate moving Freight forwarding Full door to door service Stevens International relocation specialists [&hellip;]<\/p>\n","protected":false},"author":1,"featured_media":0,"parent":0,"menu_order":0,"comment_status":"closed","ping_status":"closed","template":"","meta":{"_genesis_hide_title":false,"_genesis_hide_breadcrumbs":false,"_genesis_hide_singular_image":false,"_genesis_hide_footer_widgets":false,"_genesis_custom_body_class":"","_genesis_custom_post_class":"","_genesis_layout":"","footnotes":""},"class_list":{"0":"post-1057","1":"page","2":"type-page","3":"status-publish","5":"entry"},"_links":{"self":[{"href":"https:\/\/moverdb.com\/fi\/wp-json\/wp\/v2\/pages\/1057","targetHints":{"allow":["GET"]}}],"collection":[{"href":"https:\/\/moverdb.com\/fi\/wp-json\/wp\/v2\/pages"}],"about":[{"href":"https:\/\/moverdb.com\/fi\/wp-json\/wp\/v2\/types\/page"}],"author":[{"embeddable":true,"href":"https:\/\/moverdb.com\/fi\/wp-json\/wp\/v2\/users\/1"}],"replies":[{"embeddable":true,"href":"https:\/\/moverdb.com\/fi\/wp-json\/wp\/v2\/comments?post=1057"}],"version-history":[{"count":7,"href":"https:\/\/moverdb.com\/fi\/wp-json\/wp\/v2\/pages\/1057\/revisions"}],"predecessor-version":[{"id":6241,"href":"https:\/\/moverdb.com\/fi\/wp-json\/wp\/v2\/pages\/1057\/revisions\/6241"}],"wp:attachment":[{"href":"https:\/\/moverdb.com\/fi\/wp-json\/wp\/v2\/media?parent=1057"}],"curies":[{"name":"wp","href":"https:\/\/api.w.org\/{rel}","templated":true}]}}