{"id":1041,"date":"2016-10-25T05:39:31","date_gmt":"2016-10-25T05:39:31","guid":{"rendered":"http:\/\/moverdb.com\/?page_id=1041"},"modified":"2026-01-08T14:47:33","modified_gmt":"2026-01-08T14:47:33","slug":"armstrong-relocation","status":"publish","type":"page","link":"https:\/\/moverdb.com\/fi\/armstrong-relocation\/","title":{"rendered":"Armstrong Relocation: Armstrong Armstrong Moving: International Moving Reviews"},"content":{"rendered":"<p>Armstrong Relocation tarjoaa asiakkailleen runsaasti muuttopalveluja. Ne on lueteltu alla yhdess\u00e4 yrityksen profiilin ja arvostelujen kanssa.<\/p>\n<p><strong>Kansainv\u00e4liset muuttopalvelut<\/strong><\/p>\n<ul>\n<li> Muuttoa edelt\u00e4v\u00e4 suunnittelu<\/li>\n<li> Henkil\u00f6kohtainen muutonhallinta ja r\u00e4\u00e4t\u00e4l\u00f6ity muuton suunnittelu<\/li>\n<li> Ilmainen muuttovalmistelupaketti<\/li>\n<li> T\u00e4ydellinen tai osittainen pakkaaminen\/pakkauksesta purkaminen<\/li>\n<li> Pakkaaminen ja erikoispakkaukset<\/li>\n<li> Omaisuuden suojelu<\/li>\n<li> Lento-, meri- ja\/tai maakuljetukset<\/li>\n<li> Vienti- tai tuontiasiakirjat<\/li>\n<li> <a href=\"https:\/\/moverdb.com\/fi\/huolitsija\/\">Rahdin huolinta<\/a><\/li>\n<li> Tulliselvitys<\/li>\n<li> Matkakohteen palvelut<\/li>\n<li> Muuton seuranta verkossa<\/li>\n<li> Arvioinnin kattavuus<\/li>\n<li> Korvausten hallinta<\/li>\n<li> Lyhytaikainen ja pitk\u00e4aikainen varastointi<\/li>\n<li> Roskien poisto<\/li>\n<\/ul>\n<p><strong>Kansainv\u00e4liset kohdepalvelut<\/strong><\/p>\n<ul>\n<li> Orientaatio<\/li>\n<li> Kuuleminen ennen p\u00e4\u00e4t\u00f6ksentekoa<\/li>\n<li> Sosiaaliturva- ja ajokorttiapu<\/li>\n<li> Vuokrasopimuksen allekirjoitusapu<\/li>\n<li> Sis\u00e4\u00e4nmuuttotarkastusapu<\/li>\n<li> Ennakko-ohjelma\/tutustumiskierros<\/li>\n<li> Asunnon ostoapu<\/li>\n<li> T\u00e4yden palvelun kotiin l\u00f6yt\u00e4minen<\/li>\n<li> Saattueellinen vuokrakiertoajelu<\/li>\n<li> Elinkustannusanalyysi (COLA)<\/li>\n<li> Kouluapu<\/li>\n<li> Asettautumisapu<\/li>\n<li> L\u00e4ht\u00f6palvelut<\/li>\n<\/ul>\n<p><strong>Yrityssiirrot<\/strong><\/p>\n<ul>\n<li> Politiikan konsultointi ja kehitt\u00e4minen<\/li>\n<li> Kotitaloustavaroiden muuton hallinta<\/li>\n<li> Ryhm\u00e4n liikkuminen<\/li>\n<li> Kertakorvaus<\/li>\n<li> Kotitaloustavaroiden liikkuminen<\/li>\n<li> <a href=\"https:\/\/moverdb.com\/fi\/konttikuljetukset\/\">T\u00e4yden palvelun konttikuljetukset<\/a><\/li>\n<li> R\u00e4\u00e4t\u00e4l\u00f6ity raportointi<\/li>\n<li> Muuton seuranta verkossa<\/li>\n<li> Arvioinnin kattavuus<\/li>\n<li> Korvausten hallinta<\/li>\n<li> Lyhytaikainen ja pitk\u00e4aikainen varastointi<\/li>\n<li> Pakkaaminen ja erikoispakkaukset<\/li>\n<li> Executive-tason concierge-palvelut<\/li>\n<li> Siivous, lavastus ja j\u00e4rjest\u00e4minen<\/li>\n<li> Yhdyskuntaliit\u00e4nt\u00e4palvelut<\/li>\n<li> Kiinteist\u00f6nv\u00e4litt\u00e4j\u00e4n valinta ja kodin markkinointisuunnitelma<\/li>\n<li> K\u00e4teiskorvaus asunnon myynnist\u00e4 ja ostosta<\/li>\n<li> Vapaa kohdetietopaketti<\/li>\n<li> Tilap\u00e4inen asuminen<\/li>\n<li> Kiinnitysluottotuki<\/li>\n<\/ul>\n<p><strong>Asuntojen muutot<\/strong><\/p>\n<ul>\n<li> Ilmainen arvio<\/li>\n<li> Muuton hallinta ja suunnittelu<\/li>\n<li> Oma muuttokoordinaattori<\/li>\n<li> T\u00e4ydellinen tai osittainen pakkaaminen\/pakkauksesta purkaminen<\/li>\n<li> Omaisuuden suojelu<\/li>\n<li> Pakkausmateriaalit<\/li>\n<li> Kotitaloustavaroiden liikkuminen<\/li>\n<li> Vakuutusturva<\/li>\n<li> Lyhyt-\/pitk\u00e4aikainen varastointi<\/li>\n<li> Pakkauspalvelut<\/li>\n<li> T\u00e4yden palvelun muuttovaihtoehto<\/li>\n<li> Yleishy\u00f6dyllisten palvelujen liit\u00e4nt\u00e4palvelu<\/li>\n<li> K\u00e4teispalautus kiinteist\u00f6jen kotien myynti-\/ostosuunnitelmat<\/li>\n<li> Lavastus ja organisointi<\/li>\n<\/ul>\n<p><strong>Laitoksen siirrot<\/strong><\/p>\n<ul>\n<li> Toimisto<\/li>\n<li> Teollinen<\/li>\n<li> Terveydenhuolto<\/li>\n<li> Hallitus<\/li>\n<\/ul>\n<h2>Armstrong Relocation Yrityksen profiili<\/h2>\n<p>Armstrong Transfer and Storage perustettiin vuonna 1922, ja vuonna 1957 sen ostivat lankomiehet Clyde Springer ja Jim Watson, jotka aloittivat toimintansa Memphisiss\u00e4, <a href=\"https:\/\/moverdb.com\/fi\/moving-to-the-united-states\/moving-to-tennessee\/\" data-internallinksmanager029f6b8e52c=\"406\" title=\"Muutto Tennesseehen? 2023 Elinkustannukset ja muuttovinkit\">Tennessee<\/a> ja kutsui yrityst\u00e4 Armstrong Relocationiksi. Nyky\u00e4\u00e4n se on edelleen n\u00e4iden kahden herrasmiehen kolmannen sukupolven perheyritys. <\/p>\n<p>Armstrong Relocation on nyky\u00e4\u00e4n suurin tavaroiden v\u00e4litt\u00e4j\u00e4 seuraaville yrityksille <a href=\"https:\/\/moverdb.com\/fi\/united-van-lines\/\">United Van Lines<\/a> ja sill\u00e4 on 22 toimistoa <a href=\"https:\/\/moverdb.com\/fi\/moving-to-the-united-states\/\" data-internallinksmanager029f6b8e52c=\"94\" title=\"Muutatko Yhdysvaltoihin? 2022 Elinkustannukset ja muuttovinkit\">US<\/a>sek\u00e4 maailmanlaajuinen agenttiketju, joka hoitaa kansainv\u00e4lisi\u00e4 asiakkaita. Armstrong Relocationin toiminta-ajatukseen kuuluu huippulaadun tuottaminen ja asiakastyytyv\u00e4isyyden saavuttaminen.<\/p>\n<p>Armstrong Relocationilla on seuraavat j\u00e4senyydet ja akkreditoinnit:<\/p>\n<ul>\n<li> <a href=\"https:\/\/moverdb.com\/fi\/british-association-of-removers\/\">British Association of Removers<\/a> (<a href=\"https:\/\/moverdb.com\/fi\/british-association-of-removers\/\" data-internallinksmanager029f6b8e52c=\"9\" title=\"British Association of Removers (BAR) selitetty\">BAR<\/a>)<\/li>\n<li> <a href=\"https:\/\/moverdb.com\/fi\/fidi-faim\/\">Kansainv\u00e4listen muuttofirmojen liitto<\/a> (<a href=\"https:\/\/moverdb.com\/fi\/fidi-faim\/\" data-internallinksmanager029f6b8e52c=\"16\" title=\"FIDI &amp; FAIM (FIDI Accredited International Mover) selitettyin\u00e4\">FIDI<\/a>)<\/li>\n<li> Ulkomailla ty\u00f6skentelevien johtamista k\u00e4sittelev\u00e4 foorumi<\/li>\n<li> Ep\u00e4suora lentoliikenteen harjoittaja<\/li>\n<li> <a href=\"https:\/\/moverdb.com\/fi\/iata\/\">Kansainv\u00e4linen ilmakuljetusliitto<\/a> (<a href=\"https:\/\/moverdb.com\/fi\/iata\/\" data-internallinksmanager029f6b8e52c=\"22\" title=\"Kansainv\u00e4lisen ilmakuljetusliiton (IATA) selitykset\">IATA<\/a>)<\/li>\n<li> <a href=\"https:\/\/moverdb.com\/fi\/olen\/\">Kansainv\u00e4linen muuttajien liitto<\/a> (<a href=\"https:\/\/moverdb.com\/fi\/iam\/\" data-internallinksmanager029f6b8e52c=\"23\" title=\"Kansainv\u00e4linen muuttajien liitto (IAM) selitetty\">IAM<\/a>)<\/li>\n<li> International Facility Management Association<\/li>\n<li> Kansainv\u00e4linen standardisoimisj\u00e4rjest\u00f6<\/li>\n<li> <a href=\"https:\/\/moverdb.com\/fi\/lacma\/\">Latinalaisen Amerikan ja Karibian kansainv\u00e4linen muuttajien yhdistys<\/a> (<a href=\"https:\/\/moverdb.com\/fi\/lacma\/\" data-internallinksmanager029f6b8e52c=\"28\" title=\"Latinalaisen Amerikan ja Karibian alueen kansainv\u00e4listen muuttajien yhdistys (LACMA)\">LACMA<\/a>)<\/li>\n<li> Overseas Moving Network International (Overseas Moving Network International, OMNI)<\/li>\n<li> Overseas Shippers Association (OSA) - perustajaj\u00e4sen.<\/li>\n<li> Society for Human Resource Management<\/li>\n<li> Yhdysvaltain tulli- ja rajavartiolaitos<\/li>\n<li> <a href=\"https:\/\/moverdb.com\/fi\/tyontekijan-uudelleensijoitusneuvosto\/\">Maailmanlaajuinen ty\u00f6ntekij\u00f6iden uudelleensijoitusneuvosto<\/a><\/li>\n<li> Smartway<\/li>\n<li> <a href=\"https:\/\/moverdb.com\/fi\/united-van-lines\/\">United Van Lines<\/a><\/li>\n<\/ul>\n<h2>Armstrong Relocation Arvostelut<\/h2>\n<p><strong>Positiivinen:<\/strong><\/p>\n<ul>\n<li> <em>\"Armstrongin miehist\u00f6 teki muutosta todella miellytt\u00e4v\u00e4n kokemuksen!\"<\/em> Kay T kautta <a href=\"https:\/\/www.yelp.com\/biz\/armstrong-relocation-carrollton-4?hrid=LJyHKGw95UdYmBHHZwyr5Q&#038;utm_campaign=www_review_share_popup&#038;utm_medium=copy_link&#038;utm_source=(direct)\" target=\"_blank\" rel=\"noopener\">Yelp<\/a><\/li>\n<li> <em>\"En voi uskoa, miten helposti siirtoni sujui. Se oli helppoa, enk\u00e4 stressannut. Erin varmisti, ett\u00e4 minulla oli koko ajan kaikki tarvitsemani tiedot, ja h\u00e4n soitti minulle usein. Jos joudun joskus uudelleen muuttotilanteeseen, k\u00e4yt\u00e4n varmasti Armstrong Relationin apua!\"<\/em> - Bfunte kautta <a href=\"http:\/\/www.mymovingreviews.com\/movers\/armstrong-relocation-2671#50688\" target=\"_blank\" rel=\"noopener\">MyMovingReviews.com<\/a> <\/li>\n<li> <em>\"Armstrongin tiimi oli erinomainen! He tarjosivat erinomaista asiakaspalvelua ja olivat yst\u00e4v\u00e4llisi\u00e4, avuliaita, hyvin organisoituja, tehokkaita ja ammattimaisia. He olivat paras muuttotiimi, joka meill\u00e4 on koskaan ollut!\"<\/em> - M.M asiakkaan suosittelu Armstrongin verkkosivuilta<\/li>\n<\/ul>\n<p><strong>Negatiivinen:<\/strong><\/p>\n<ul>\n<li> \"<em>Kunpa voisin antaa heille nolla t\u00e4hte\u00e4. Se oli el\u00e4m\u00e4ni huonoin kokemus.\"<\/em> Natalie M kautta <a href=\"https:\/\/www.yelp.com\/biz\/armstrong-relocation-carrollton-4?hrid=caooXxcr-ZmkltnMtL6R_g&#038;utm_campaign=www_review_share_popup&#038;utm_medium=copy_link&#038;utm_source=(direct)\" target=\"_blank\" rel=\"noopener\">Yelp<\/a><\/li>\n<li> <em>\"Mielest\u00e4ni Armstrong voisi olla j\u00e4rkev\u00e4 valinta, jos kyseess\u00e4 on paikallinen muutto. Pidemmiss\u00e4 muutoissa heid\u00e4n on kuitenkin teht\u00e4v\u00e4 parempaa ty\u00f6t\u00e4 toimitusajan arvioinnissa ja viestinn\u00e4ss\u00e4 toimituspuolen edustajan kanssa.\"<\/em> - kautta <a href=\"http:\/\/www.bbb.org\/chicago\/business-reviews\/movers\/armstrong-relocation-co-in-glendale-hts-il-12008868\/customer-reviews\" target=\"_blank\" rel=\"noopener\">BBB<\/a><\/li>\n<li> <em>\"Olen niin vihainen heille. He purkivat kaikki tavarani, jotka minulla oli ullakolla. Mik\u00e4 ei haittaa, koska en halua, ett\u00e4 ne menev\u00e4t rikki. Mutta kaikki oli sekaisin.\"<\/em> - Mistie kautta <a href=\"https:\/\/www.facebook.com\/ArmstrongRelocationDallas\/reviews\/\" target=\"_blank\" rel=\"noopener\">Facebook<\/a><\/li>\n<\/ul>\n<div itemprop=\"review\" itemscope itemtype=\"http:\/\/schema.org\/Review\">\n<span itemprop=\"author\" itemscope=\"\" itemtype=\"http:\/\/schema.org\/Organization\"><span itemprop=\"name\">MoverDB.com<\/span><\/span> Verkkosivuston arvostelu <span itemprop=\"itemreviewed\" itemscope=\"\" itemtype=\"http:\/\/schema.org\/Brand\"><span itemprop=\"name\">Armstrong uudelleensijoittaminen<\/span><\/span>:<\/p>\n<ol>\n<li> Selke\u00e4t yhteystiedot verkkosivustolla (my\u00f6s puhelinnumero): <strong>Kyll\u00e4<\/strong><\/li>\n<li> Helppo saada <a href=\"https:\/\/moverdb.com\/fi\/lainauksia\/\">kansainv\u00e4liset muutto tarjoukset<\/a>? (Online-arviolomake): <strong>Kyll\u00e4<\/strong><\/li>\n<li> Selke\u00e4t tiedot verkkosivustolla: <strong>Kyll\u00e4<\/strong>, Verkkosivusto antaa asiakkaille hyv\u00e4n k\u00e4sityksen siit\u00e4, mit\u00e4 yritykselt\u00e4 voi odottaa.<\/li>\n<li> J\u00e4senyys kansainv\u00e4lisiss\u00e4 tunnustetuissa liikkuvissa j\u00e4rjest\u00f6iss\u00e4: <strong>Kyll\u00e4<\/strong>, monet, ks. edell\u00e4<\/li>\n<li> Luettelo asiakkaista ja\/tai aiempien asiakkaiden suosittelut: <strong>Kyll\u00e4<\/strong>, mutta ne l\u00f6ytyv\u00e4t hajallaan eri puolilta verkkosivustoa eik\u00e4 erilliselt\u00e4 aloitussivulta. Lis\u00e4ksi niiden arvostelut ymp\u00e4ri verkkoa ovat hieman vaihtelevia.<\/li>\n<\/ol>\n<div itemprop=\"reviewRating\" itemscope itemtype=\"http:\/\/schema.org\/Rating\"><meta itemprop=\"worstRating\" content = \"0\" \/><meta itemprop=\"bestRating\" content=\"5\" \/><meta itemprop=\"ratingValue\" content=\"4\"><\/div>\n<p><strong>Yleisarvosana: 4\/5<\/strong><br \/>\n<strong>Tarkistusp\u00e4iv\u00e4:<\/strong> <span itemprop=\"datePublished\" content=\"2016-10-25\">25\/10\/2016<\/span>\n<\/div>\n<p>Lue lis\u00e4\u00e4 <a href=\"https:\/\/moverdb.com\/fi\/muuttoyritykset\/\">kansainv\u00e4liset muuttofirmat<\/a>, <a href=\"https:\/\/moverdb.com\/fi\/us-canada-movers\/\">Pitk\u00e4n matkan ja osavaltioiden v\u00e4liset muuttajat<\/a> ja meid\u00e4n <a href=\"https:\/\/moverdb.com\/fi\/arvostelut\/\">tarkistusprosessi<\/a>.<\/p>\n<p><strong>Verkkosivusto:<\/strong> <a href=\"http:\/\/www.armstrongrelocation.com\" target=\"_blank\" rel=\"noopener\">http:\/\/www.armstrongrelocation.com<\/a><\/p>","protected":false},"excerpt":{"rendered":"<p>Armstrong Relocation has an abundance of moving services which it offers its customers. These are listed below together with a company profile and reviews. International Moving Services Pre-move planning Personal move management and custom-designed move planning Free move preparation packet Full or partial packing\/unpacking Crating and specialty packing Property protection Air, ocean and\/or land transportation [&hellip;]<\/p>\n","protected":false},"author":1,"featured_media":0,"parent":0,"menu_order":0,"comment_status":"closed","ping_status":"closed","template":"","meta":{"_genesis_hide_title":false,"_genesis_hide_breadcrumbs":false,"_genesis_hide_singular_image":false,"_genesis_hide_footer_widgets":false,"_genesis_custom_body_class":"","_genesis_custom_post_class":"","_genesis_layout":"","footnotes":""},"class_list":{"0":"post-1041","1":"page","2":"type-page","3":"status-publish","5":"entry"},"_links":{"self":[{"href":"https:\/\/moverdb.com\/fi\/wp-json\/wp\/v2\/pages\/1041","targetHints":{"allow":["GET"]}}],"collection":[{"href":"https:\/\/moverdb.com\/fi\/wp-json\/wp\/v2\/pages"}],"about":[{"href":"https:\/\/moverdb.com\/fi\/wp-json\/wp\/v2\/types\/page"}],"author":[{"embeddable":true,"href":"https:\/\/moverdb.com\/fi\/wp-json\/wp\/v2\/users\/1"}],"replies":[{"embeddable":true,"href":"https:\/\/moverdb.com\/fi\/wp-json\/wp\/v2\/comments?post=1041"}],"version-history":[{"count":3,"href":"https:\/\/moverdb.com\/fi\/wp-json\/wp\/v2\/pages\/1041\/revisions"}],"predecessor-version":[{"id":6174,"href":"https:\/\/moverdb.com\/fi\/wp-json\/wp\/v2\/pages\/1041\/revisions\/6174"}],"wp:attachment":[{"href":"https:\/\/moverdb.com\/fi\/wp-json\/wp\/v2\/media?parent=1041"}],"curies":[{"name":"wp","href":"https:\/\/api.w.org\/{rel}","templated":true}]}}